{"id":24562,"date":"2018-06-12T02:19:32","date_gmt":"2018-06-12T00:19:32","guid":{"rendered":"https:\/\/custom-parts.fr\/ueber-uns\/"},"modified":"2025-06-14T04:35:42","modified_gmt":"2025-06-14T02:35:42","slug":"ueber-uns","status":"publish","type":"page","link":"https:\/\/custom-parts.fr\/de\/ueber-uns\/","title":{"rendered":"\u00dcber uns"},"content":{"rendered":"<h3>\u00dcber uns<\/h3>\n<p>Custom-Parts.fr ist weit mehr als nur ein Online-Shop \u2013 wir sind die Anlaufstelle f\u00fcr alle, die ihre BMW oder MINI individuell gestalten m\u00f6chten.<\/p>\n<p>Aus der Leidenschaft anspruchsvoller Autofahrer entstanden, wurde Custom-Parts.fr ins Leben gerufen, um die besten Custom Ersatzteile und Zubeh\u00f6r an einem einzigen, f\u00fcr alle zug\u00e4nglichen Ort zu b\u00fcndeln. Ob f\u00fcr ein umfassendes Tuning-Projekt oder eine dezente optische Auffrischung \u2013 auf unserer Website finden Sie ab sofort alle individuell angepassten Teile und Accessoires f\u00fcr Ihren MINI oder BMW.<\/p>\n<p>Urspr\u00fcnglich auf ma\u00dfgeschneiderte Ersatzteile und Zubeh\u00f6r f\u00fcr den MINI Cooper spezialisiert, bieten wir heute auch eine Auswahl an Produkten an, die mit anderen Marken kompatibel sind \u2013 um m\u00f6glichst viele Auto-Enthusiasten zu begeistern.<\/p>\n<h3>Qualit\u00e4t, faire Preise.<\/h3>\n<p>Unsere Philosophie: Top-Qualit\u00e4t zu ehrlichen Preisen. Dank direkter Partnerschaften mit Herstellern k\u00f6nnen wir:<\/p>\n<ul>\n<li>Unser Sortiment regelm\u00e4\u00dfig mit neuen Ersatzteile und Zubeh\u00f6r erweitern.<\/li>\n<li>Zubeh\u00f6r zu g\u00fcnstigeren Preisen als im traditionellen Handel anbieten \u2013 dank reduzierter Zwischenh\u00e4ndler.<\/li>\n<li>Ma\u00dfgefertigtes Zubeh\u00f6r mit verk\u00fcrzten Lieferzeiten fertigen \u2013 dank Direktversand ab Werk oder aus unserem Lager, je nach Verf\u00fcgbarkeit.<\/li>\n<\/ul>\n<h3>Warum Custom-Parts.fr?<\/h3>\n<p>\u2705 Spezialisierung auf BMW &amp; MINI<\/p>\n<p>\u2705 Von Enthusiasten getestet und empfohlen<\/p>\n<p>\u2705 Ganzj\u00e4hrig faire Preise<\/p>\n<p>\u2705 Pers\u00f6nlicher Kundenservice<\/p>\n<p>\u2705 Auswahl f\u00fcr echte Autofans<\/p>\n<p>&nbsp;<\/p>\n<p>Haben Sie eine Frage? Sie k\u00f6nnen uns gerne kontaktieren, indem Sie diese Seite aufrufen: <a href=\"https:\/\/custom-parts.fr\/de\/kontakt\/\">Kontakt<\/a><\/p>\n","protected":false},"excerpt":{"rendered":"<p>\u00dcber uns Custom-Parts.fr ist weit mehr als nur ein Online-Shop \u2013 wir sind die Anlaufstelle f\u00fcr alle, die ihre BMW oder MINI individuell gestalten m\u00f6chten. Aus der Leidenschaft anspruchsvoller Autofahrer entstanden, wurde Custom-Parts.fr ins Leben gerufen, um die besten Custom Ersatzteile und Zubeh\u00f6r an einem einzigen, f\u00fcr alle zug\u00e4nglichen Ort zu b\u00fcndeln. Ob f\u00fcr ein [&hellip;]<\/p>\n","protected":false},"author":1,"featured_media":0,"parent":0,"menu_order":0,"comment_status":"closed","ping_status":"closed","template":"","meta":{"footnotes":""},"class_list":["post-24562","page","type-page","status-publish","hentry"],"yoast_head":"<!-- This site is optimized with the Yoast SEO plugin v27.2 - https:\/\/yoast.com\/product\/yoast-seo-wordpress\/ -->\n<title>\u00dcber uns<\/title>\n<meta name=\"description\" content=\"\u00dcber uns Custom-Parts.fr ist weit mehr als nur ein Online-Shop \u2013 wir sind die Anlaufstelle f\u00fcr alle, die ihre BMW oder MINI individuell gestalten m\u00f6chten.\" \/>\n<meta name=\"robots\" content=\"index, follow, max-snippet:-1, max-image-preview:large, max-video-preview:-1\" \/>\n<link rel=\"canonical\" href=\"https:\/\/custom-parts.fr\/de\/ueber-uns\/\" \/>\n<meta property=\"og:locale\" content=\"de_DE\" \/>\n<meta property=\"og:type\" content=\"article\" \/>\n<meta property=\"og:title\" content=\"\u00dcber uns\" \/>\n<meta property=\"og:description\" content=\"\u00dcber uns Custom-Parts.fr ist weit mehr als nur ein Online-Shop \u2013 wir sind die Anlaufstelle f\u00fcr alle, die ihre BMW oder MINI individuell gestalten m\u00f6chten.\" \/>\n<meta property=\"og:url\" content=\"https:\/\/custom-parts.fr\/de\/ueber-uns\/\" \/>\n<meta property=\"og:site_name\" content=\"Custom-Parts.fr\" \/>\n<meta property=\"article:modified_time\" content=\"2025-06-14T02:35:42+00:00\" \/>\n<meta name=\"twitter:card\" content=\"summary_large_image\" \/>\n<meta name=\"twitter:label1\" content=\"Gesch\u00e4tzte Lesezeit\" \/>\n\t<meta name=\"twitter:data1\" content=\"2\u00a0Minute\" \/>\n<script type=\"application\/ld+json\" class=\"yoast-schema-graph\">{\"@context\":\"https:\/\/schema.org\",\"@graph\":[{\"@type\":\"WebPage\",\"@id\":\"https:\/\/custom-parts.fr\/de\/ueber-uns\/\",\"url\":\"https:\/\/custom-parts.fr\/de\/ueber-uns\/\",\"name\":\"\u00dcber uns\",\"isPartOf\":{\"@id\":\"https:\/\/custom-parts.fr\/de\/#website\"},\"datePublished\":\"2018-06-12T00:19:32+00:00\",\"dateModified\":\"2025-06-14T02:35:42+00:00\",\"description\":\"\u00dcber uns Custom-Parts.fr ist weit mehr als nur ein Online-Shop \u2013 wir sind die Anlaufstelle f\u00fcr alle, die ihre BMW oder MINI individuell gestalten m\u00f6chten.\",\"breadcrumb\":{\"@id\":\"https:\/\/custom-parts.fr\/de\/ueber-uns\/#breadcrumb\"},\"inLanguage\":\"de\",\"potentialAction\":[{\"@type\":\"ReadAction\",\"target\":[\"https:\/\/custom-parts.fr\/de\/ueber-uns\/\"]}]},{\"@type\":\"BreadcrumbList\",\"@id\":\"https:\/\/custom-parts.fr\/de\/ueber-uns\/#breadcrumb\",\"itemListElement\":[{\"@type\":\"ListItem\",\"position\":1,\"name\":\"Startseite\",\"item\":\"https:\/\/custom-parts.fr\/de\/kaufen-sie-teile-und-zubehoer-fuer-mini-bmw-custom-parts-de\/\"},{\"@type\":\"ListItem\",\"position\":2,\"name\":\"\u00dcber uns\"}]},{\"@type\":\"WebSite\",\"@id\":\"https:\/\/custom-parts.fr\/de\/#website\",\"url\":\"https:\/\/custom-parts.fr\/de\/\",\"name\":\"Custom-Parts.fr\",\"description\":\"Custom BMW MINI Ersatzteile & Zubeh\u00f6r\",\"publisher\":{\"@id\":\"https:\/\/custom-parts.fr\/de\/#organization\"},\"potentialAction\":[{\"@type\":\"SearchAction\",\"target\":{\"@type\":\"EntryPoint\",\"urlTemplate\":\"https:\/\/custom-parts.fr\/de\/?s={search_term_string}\"},\"query-input\":{\"@type\":\"PropertyValueSpecification\",\"valueRequired\":true,\"valueName\":\"search_term_string\"}}],\"inLanguage\":\"de\"},{\"@type\":\"Organization\",\"@id\":\"https:\/\/custom-parts.fr\/de\/#organization\",\"name\":\"Custom-Parts\",\"url\":\"https:\/\/custom-parts.fr\/de\/\",\"logo\":{\"@type\":\"ImageObject\",\"inLanguage\":\"de\",\"@id\":\"https:\/\/custom-parts.fr\/de\/#\/schema\/logo\/image\/\",\"url\":\"https:\/\/custom-parts.fr\/wp-content\/uploads\/2023\/01\/cropped-cropped-cropped-final-new-police-2-1-1.png\",\"contentUrl\":\"https:\/\/custom-parts.fr\/wp-content\/uploads\/2023\/01\/cropped-cropped-cropped-final-new-police-2-1-1.png\",\"width\":450,\"height\":125,\"caption\":\"Custom-Parts\"},\"image\":{\"@id\":\"https:\/\/custom-parts.fr\/de\/#\/schema\/logo\/image\/\"}}]}<\/script>\n<!-- \/ Yoast SEO plugin. -->","yoast_head_json":{"title":"\u00dcber uns","description":"\u00dcber uns Custom-Parts.fr ist weit mehr als nur ein Online-Shop \u2013 wir sind die Anlaufstelle f\u00fcr alle, die ihre BMW oder MINI individuell gestalten m\u00f6chten.","robots":{"index":"index","follow":"follow","max-snippet":"max-snippet:-1","max-image-preview":"max-image-preview:large","max-video-preview":"max-video-preview:-1"},"canonical":"https:\/\/custom-parts.fr\/de\/ueber-uns\/","og_locale":"de_DE","og_type":"article","og_title":"\u00dcber uns","og_description":"\u00dcber uns Custom-Parts.fr ist weit mehr als nur ein Online-Shop \u2013 wir sind die Anlaufstelle f\u00fcr alle, die ihre BMW oder MINI individuell gestalten m\u00f6chten.","og_url":"https:\/\/custom-parts.fr\/de\/ueber-uns\/","og_site_name":"Custom-Parts.fr","article_modified_time":"2025-06-14T02:35:42+00:00","twitter_card":"summary_large_image","twitter_misc":{"Gesch\u00e4tzte Lesezeit":"2\u00a0Minute"},"schema":{"@context":"https:\/\/schema.org","@graph":[{"@type":"WebPage","@id":"https:\/\/custom-parts.fr\/de\/ueber-uns\/","url":"https:\/\/custom-parts.fr\/de\/ueber-uns\/","name":"\u00dcber uns","isPartOf":{"@id":"https:\/\/custom-parts.fr\/de\/#website"},"datePublished":"2018-06-12T00:19:32+00:00","dateModified":"2025-06-14T02:35:42+00:00","description":"\u00dcber uns Custom-Parts.fr ist weit mehr als nur ein Online-Shop \u2013 wir sind die Anlaufstelle f\u00fcr alle, die ihre BMW oder MINI individuell gestalten m\u00f6chten.","breadcrumb":{"@id":"https:\/\/custom-parts.fr\/de\/ueber-uns\/#breadcrumb"},"inLanguage":"de","potentialAction":[{"@type":"ReadAction","target":["https:\/\/custom-parts.fr\/de\/ueber-uns\/"]}]},{"@type":"BreadcrumbList","@id":"https:\/\/custom-parts.fr\/de\/ueber-uns\/#breadcrumb","itemListElement":[{"@type":"ListItem","position":1,"name":"Startseite","item":"https:\/\/custom-parts.fr\/de\/kaufen-sie-teile-und-zubehoer-fuer-mini-bmw-custom-parts-de\/"},{"@type":"ListItem","position":2,"name":"\u00dcber uns"}]},{"@type":"WebSite","@id":"https:\/\/custom-parts.fr\/de\/#website","url":"https:\/\/custom-parts.fr\/de\/","name":"Custom-Parts.fr","description":"Custom BMW MINI Ersatzteile & Zubeh\u00f6r","publisher":{"@id":"https:\/\/custom-parts.fr\/de\/#organization"},"potentialAction":[{"@type":"SearchAction","target":{"@type":"EntryPoint","urlTemplate":"https:\/\/custom-parts.fr\/de\/?s={search_term_string}"},"query-input":{"@type":"PropertyValueSpecification","valueRequired":true,"valueName":"search_term_string"}}],"inLanguage":"de"},{"@type":"Organization","@id":"https:\/\/custom-parts.fr\/de\/#organization","name":"Custom-Parts","url":"https:\/\/custom-parts.fr\/de\/","logo":{"@type":"ImageObject","inLanguage":"de","@id":"https:\/\/custom-parts.fr\/de\/#\/schema\/logo\/image\/","url":"https:\/\/custom-parts.fr\/wp-content\/uploads\/2023\/01\/cropped-cropped-cropped-final-new-police-2-1-1.png","contentUrl":"https:\/\/custom-parts.fr\/wp-content\/uploads\/2023\/01\/cropped-cropped-cropped-final-new-police-2-1-1.png","width":450,"height":125,"caption":"Custom-Parts"},"image":{"@id":"https:\/\/custom-parts.fr\/de\/#\/schema\/logo\/image\/"}}]}},"_links":{"self":[{"href":"https:\/\/custom-parts.fr\/de\/wp-json\/wp\/v2\/pages\/24562","targetHints":{"allow":["GET"]}}],"collection":[{"href":"https:\/\/custom-parts.fr\/de\/wp-json\/wp\/v2\/pages"}],"about":[{"href":"https:\/\/custom-parts.fr\/de\/wp-json\/wp\/v2\/types\/page"}],"author":[{"embeddable":true,"href":"https:\/\/custom-parts.fr\/de\/wp-json\/wp\/v2\/users\/1"}],"replies":[{"embeddable":true,"href":"https:\/\/custom-parts.fr\/de\/wp-json\/wp\/v2\/comments?post=24562"}],"version-history":[{"count":2,"href":"https:\/\/custom-parts.fr\/de\/wp-json\/wp\/v2\/pages\/24562\/revisions"}],"predecessor-version":[{"id":25164,"href":"https:\/\/custom-parts.fr\/de\/wp-json\/wp\/v2\/pages\/24562\/revisions\/25164"}],"wp:attachment":[{"href":"https:\/\/custom-parts.fr\/de\/wp-json\/wp\/v2\/media?parent=24562"}],"curies":[{"name":"wp","href":"https:\/\/api.w.org\/{rel}","templated":true}]}}