{"id":25167,"date":"2018-06-18T00:13:44","date_gmt":"2018-06-17T22:13:44","guid":{"rendered":"https:\/\/custom-parts.fr\/conditions-generales-de-ventes\/"},"modified":"2026-03-28T21:03:13","modified_gmt":"2026-03-28T20:03:13","slug":"allgemeine-geschaeftsbedingungen","status":"publish","type":"page","link":"https:\/\/custom-parts.fr\/de\/allgemeine-geschaeftsbedingungen\/","title":{"rendered":"Allgemeine Gesch\u00e4ftsbedingungen"},"content":{"rendered":"<h2>1. Annahme der Allgemeinen Gesch\u00e4ftsbedingungen<\/h2>\n<p>Diese Allgemeinen Gesch\u00e4ftsbedingungen regeln die vertraglichen Beziehungen zwischen dem Kunden und der Website Custom-Parts.fr. Der Kunde erkl\u00e4rt, die nachfolgenden Bestimmungen vor der Bestellung zur Kenntnis genommen zu haben. Durch die Bestellung von Produkten auf Custom-Parts.fr erkl\u00e4rt der Kunde ausdr\u00fccklich sein Einverst\u00e4ndnis mit den hierin dargelegten Bedingungen. Im Falle eines Widerspruchs zwischen diesen Allgemeinen Gesch\u00e4ftsbedingungen und anderen Dokumenten auf der Website haben diese Allgemeinen Gesch\u00e4ftsbedingungen Vorrang.<\/p>\n<h2>2. Preise<\/h2>\n<p>Die auf der Website Custom-Parts.fr angezeigten Preise sind in Euro (EUR) angegeben und enthalten die gesetzliche Mehrwertsteuer (inkl. MwSt.). Transaktionen werden in Euro abgerechnet. Der im Bestell\u00fcbersicht angegebene Preis ist der Endpreis. Dieser Preis beinhaltet den Gesamtpreis der Bestellung mit Details zu jedem Produkt und den Versandkosten.<\/p>\n<p>Custom-Parts beh\u00e4lt sich das Recht vor, das auf Custom-Parts.fr ver\u00f6ffentlichte Angebot in Bezug auf Produkte und Preise jederzeit zu \u00e4ndern, insbesondere aufgrund von Lieferantenbeschr\u00e4nkungen. Die Produkte werden jedoch auf der Grundlage der zum Zeitpunkt der Bestellung g\u00fcltigen Tarife fakturiert, vorbehaltlich ihrer Verf\u00fcgbarkeit. Im Falle eines offensichtlichen Preisfehlers, der auf einen Eingabefehler zur\u00fcckzuf\u00fchren ist, beh\u00e4lt sich Custom-Parts das Recht vor, den Verkauf zu stornieren. Eine Einigung wird dann dem Kunden angeboten.<\/p>\n<h2>3. Bestellung<\/h2>\n<p>Der Kunde kann \u00fcber das Internet unter der Adresse Custom-Parts.fr bestellen. Wenn Sie nach dem Bestellvorgang auf die Schaltfl\u00e4che &#8222;Bestellung best\u00e4tigen&#8220; klicken, erkl\u00e4ren Sie sich vollst\u00e4ndig und vorbehaltlos mit diesen Allgemeinen Gesch\u00e4ftsbedingungen einverstanden. Die von Custom-Parts gespeicherten Daten stellen den Nachweis aller zwischen Custom-Parts und seinen Kunden get\u00e4tigten Transaktionen dar. Die vom Zahlungssystem gespeicherten Daten stellen den Nachweis der Finanztransaktionen dar. Custom-Parts best\u00e4tigt dem Kunden die Annahme seiner Bestellung per E-Mail an die vom Kunden angegebene Adresse. Custom-Parts beh\u00e4lt sich das Recht vor, jede neue Bestellung eines Kunden, mit dem ein Streitfall besteht, abzulehnen oder zu stornieren. Dar\u00fcber hinaus wird Custom-Parts im Falle von Problemen bei der Bearbeitung einer Bestellung den Kunden direkt unter den angegebenen Kontaktdaten kontaktieren, um ihn zu informieren und eine L\u00f6sung vorzuschlagen. Bei der Bestellung gibt der Kunde unter seiner Verantwortung die folgenden Informationen an: E-Mail-Adresse, Vor- und Nachname, Adresse, Stadt, Postleitzahl. Im Falle eines Fehlers in den Kontaktdaten des Empf\u00e4ngers kann Custom-Parts nicht f\u00fcr die Nichtlieferung verantwortlich gemacht werden, insbesondere wenn diese unvollst\u00e4ndig sind.<\/p>\n<h2>4. Produkte<\/h2>\n<p>Die angebotenen Produkte entsprechen der geltenden franz\u00f6sischen Gesetzgebung. Sie werden von anerkannten Herstellern unter deren eigener Verantwortung hergestellt und in Verkehr gebracht. Custom-Parts hat die volle Unabh\u00e4ngigkeit bei der Auswahl der angebotenen Produkte. Die Produktfotos sind nicht vertraglich bindend, ebenso wenig wie ihr genaues Gewicht oder das der Verpackungen, die von den Lieferanten je nach Sortimentsentwicklung ge\u00e4ndert werden k\u00f6nnen. Custom-Parts beh\u00e4lt sich das Recht vor, jederzeit und ohne Vorank\u00fcndigung Produkte aus seinem Katalog hinzuzuf\u00fcgen oder zu entfernen.<\/p>\n<h2>5. Produktverf\u00fcgbarkeit<\/h2>\n<p>Unsere Produktangebote gelten nur solange der Vorrat bei unseren Lieferanten reicht. In diesem Rahmen erhalten Sie zum Zeitpunkt Ihrer Bestellung Informationen zur Produktverf\u00fcgbarkeit. Lagerfehler oder au\u00dfergew\u00f6hnliche \u00c4nderungen, die von unseren Partnern verursacht werden, liegen au\u00dferhalb unseres Einflussbereichs und Custom-Parts kann daf\u00fcr nicht verantwortlich gemacht werden. Sollte ein bestellter Artikel nicht verf\u00fcgbar sein, wird Ihnen immer eine L\u00f6sung angeboten. F\u00fcr den Fall, dass das Produkt nicht geliefert werden kann, wird Ihre Bestellung vollst\u00e4ndig erstattet.<\/p>\n<h2>6. Lieferung<\/h2>\n<h3>a) Liefergebiet<\/h3>\n<ul>\n<li>Deutschland, \u00d6sterreich, Frankreich (Festland), Korsika, Belgien, Spanien, Italien, Niederlande, Luxemburg, Polen<\/li>\n<li>Andere L\u00e4nder oder Gebiete sind vom Liefergebiet ausgeschlossen.<\/li>\n<\/ul>\n<h3>b) Bestellvorbereitung<\/h3>\n<p>Die Paketvorbereitung ben\u00f6tigt 12 bis 48 Stunden f\u00fcr Produkte, die bei Custom-Parts.fr gelagert sind, und bis zu 10 Werktage f\u00fcr Produkte, die bei unseren Lieferanten gelagert sind.<\/p>\n<p>Bestellungen werden erst nach vollst\u00e4ndigem Zahlungseingang versandt oder an den Kunden \u00fcbergeben.<\/p>\n<p>Bestellungen, die mehrere Produkte enthalten, k\u00f6nnen in separaten Paketen versandt werden.<\/p>\n<h3>c) Lieferzeit<\/h3>\n<p>Die durchschnittliche Lieferzeit betr\u00e4gt 5 bis 15 Werktage. Eine Angabe zur Lieferzeit finden Sie auf jeder Produktseite.<\/p>\n<p>Wie gesetzlich vorgeschrieben, kann die Bestellung vollst\u00e4ndig zur\u00fcckerstattet werden, wenn das Paket nicht innerhalb der in diesem Vertrag ausdr\u00fccklich angegebenen Frist zugestellt wurde und keine Vereinbarung mit dem Kunden getroffen wurde, nach 30 Tagen.<\/p>\n<h3>d) Empfang durch den Kunden<\/h3>\n<h4>\u2013 Lieferart<\/h4>\n<p>Die Lieferung der Produkte erfolgt an die vom Kunden bei der Bestellung angegebene Adresse.<\/p>\n<h4>\u2013 Lieferzeiten<\/h4>\n<p>Pakete werden montags bis freitags zwischen 8:30 Uhr und 18:30 Uhr geliefert.<\/p>\n<h4>\u2013 Notwendige Informationen f\u00fcr die Lieferung<\/h4>\n<p>Um eine bestm\u00f6gliche Lieferung zu gew\u00e4hrleisten, ist der Kunde verpflichtet, alle n\u00fctzlichen Informationen im Feld &#8222;Kommentare&#8220; des Bestellformulars anzugeben: Geb\u00e4ude, Wohnungsnummer, Zugangscode, Klingelname, etc.<\/p>\n<h4>\u2013 Paketempfang<\/h4>\n<p>Der Kunde ist verpflichtet, den Zustand des Pakets bei Lieferung zu \u00fcberpr\u00fcfen. Im Falle von Fehlmengen oder Besch\u00e4digungen muss der Kunde beim Spediteur zum Zeitpunkt der Lieferung oder gegebenenfalls beim Vertreter der Post oder des Paketshops Vorbehalte geltend machen. Diese Vorbehalte sind auf dem Lieferschein zu vermerken. Es ist daher ratsam, das Paket nicht anzunehmen, bevor Sie es ge\u00f6ffnet und den Inhalt \u00fcberpr\u00fcft haben. Kontaktieren Sie uns anschlie\u00dfend unter der E-Mail-Adresse <a href=\"mailto:contakt@custom-parts.fr\">contact[@]custom-parts.fr<\/a> (um Spam zu vermeiden, ersetzen Sie bitte [AT] durch das \u00fcbliche Symbol) unter Angabe Ihrer Kontaktdaten, der Bestellnummer und der Art des Problems, um eine neue Lieferung zu erhalten.<\/p>\n<h3>e) Lieferkosten<\/h3>\n<p>Die Versandkosten sind f\u00fcr Deutschland, \u00d6sterreich, Frankreich (Festland), Korsika, Belgien, Spanien, Italien, Niederlande, Luxemburg, Polen kostenlos.<\/p>\n<h2>7. Zahlung<\/h2>\n<p>Der Gesamtpreis der Bestellung wird auf der Bestellbest\u00e4tigungsseite vor der Zahlung angezeigt. Die Zahlung kann per Bank\u00fcberweisung oder Kreditkarte (Visa, EuroCard, MasterCard, CB) \u00fcber den Zahlungsdienst Mollie erfolgen. Kreditkartenzahlungen verwenden das sichere 3D SECURE-System (Sicherheitscode, der von Ihrer Bank w\u00e4hrend der Zahlung gesendet wird). Die pers\u00f6nlichen Informationen, die Kunden angeben m\u00fcssen, sind perfekt gesch\u00fctzt und verschl\u00fcsselt, bevor sie an die Verarbeitungsstelle \u00fcbertragen werden. Die Bestellung eines Kunden wird erst dann als wirksam angesehen, wenn die Zahlungsstelle ihre Zustimmung erteilt hat. Im Falle einer Ablehnung durch unseren Zahlungsdienst wird die Bestellung automatisch storniert. Custom-Parts wird den betroffenen Kunden per E-Mail oder \u00fcber seine Website benachrichtigen.<\/p>\n<h2>8. Promotionen, Rabatte, Treue<\/h2>\n<p>Custom-Parts kann seinen Kunden Rabatte auf den gesamten oder einen Teil des Katalogs gew\u00e4hren. Katalogpreise k\u00f6nnen ohne vorherige Ank\u00fcndigung ge\u00e4ndert werden, insbesondere im Falle von Eingabefehlern.<\/p>\n<h2>9. R\u00fccksendungen und Umtausch<\/h2>\n<p>Der Kunde hat ein Widerrufsrecht von 14 Tagen ab Erhalt des Produkts, um einen Artikel zur\u00fcckzusenden oder umzutauschen. Custom-Parts verpflichtet sich, den Artikel umzutauschen, eine Gutschrift zu gew\u00e4hren oder den Betrag zu erstatten, vorausgesetzt, der Artikel wird unbenutzt und unbesch\u00e4digt in seiner Originalverpackung zur\u00fcckgegeben. Unvollst\u00e4ndige, besch\u00e4digte oder vom Kunden verschmutzte Artikel werden in keinem Fall zur\u00fcckgenommen. Die Kosten der R\u00fccksendung tr\u00e4gt der Kunde, au\u00dfer wenn das Produkt besch\u00e4digt oder nicht der angegebenen Beschreibung entspricht. In diesem Fall tr\u00e4gt Custom-Parts die Kosten der R\u00fccksendung.<\/p>\n<p>Bestimmte Arten von Produkten k\u00f6nnen nicht zur\u00fcckgegeben oder umgetauscht werden. Dazu geh\u00f6ren ma\u00dfgefertigte Artikel (auf der Produktseite angegeben), f\u00fcr die die Abmessungen speziell vom Kunden ausgew\u00e4hlt wurden, sowie reduzierte Artikel.<\/p>\n<p>Custom-Parts nutzt die Dienste von Mondial Relay, um R\u00fccksendevorg\u00e4nge zu erleichtern. R\u00fccksendungen, die von Custom-Parts \u00fcbernommen werden, erfolgen mit einem vorausbezahlten Lieferschein, der direkt an den Kunden \u00fcbermittelt wird. R\u00fccksendungen, die auf Kosten des Kunden erfolgen, nutzen standardm\u00e4\u00dfig die Dienste von Mondial Relay. Diese sind die vorteilhaftesten in Bezug auf Geschwindigkeit und Kosten f\u00fcr den Kunden. Der Kunde kann auch den Spediteur seiner Wahl f\u00fcr seine R\u00fccksendung w\u00e4hlen, wobei er zwingend eine Sendungsverfolgung verwenden muss, um die R\u00fcckverfolgbarkeit des Pakets zu gew\u00e4hrleisten. Custom-Parts kann nicht f\u00fcr verlorene Pakete verantwortlich gemacht werden, die aus einem R\u00fccksendeverfahren resultieren, das von dem angegebenen abweicht und keine Sendungsverfolgung des Pakets durch den Kunden verwendet.<\/p>\n<p>Die R\u00fcckerstattung der Bestellung wird eingeleitet, sobald das Paket von Custom-Parts empfangen und \u00fcberpr\u00fcft wurde.<\/p>\n<p>Um eine R\u00fcckgabe- oder Umtauschanfrage zu stellen, kontaktieren Sie uns bitte per E-Mail unter: <a href=\"mailto:contakt@custom-parts.fr\">contact[@]custom-parts.fr<\/a><\/p>\n<h2>10. Haftung<\/h2>\n<p>Die angebotenen Produkte entsprechen der geltenden Gesetzgebung. Die abgebildeten Fotografien und Texte, die die pr\u00e4sentierten Produkte illustrieren, sind nicht vertraglich bindend. Folglich kann Custom-Parts im Falle eines Fehlers in einer dieser Fotografien oder einem dieser Texte nicht haftbar gemacht werden. Custom-Parts kann nicht f\u00fcr die Nichterf\u00fcllung des geschlossenen Vertrages im Falle von Lagerbestandsm\u00e4ngeln oder Nichtverf\u00fcgbarkeit des Produkts, im Falle h\u00f6herer Gewalt, St\u00f6rung oder teilweiser oder vollst\u00e4ndiger Streiks, insbesondere der Postdienste und Transportmittel und\/oder Kommunikationen, \u00dcberschwemmungen, Br\u00e4nden, Katastrophen verantwortlich gemacht werden. Hypertext-Links k\u00f6nnen auf andere Websites als die Custom-Parts-Website verweisen. Custom-Parts lehnt jede Verantwortung ab, falls der Inhalt dieser Websites gegen geltende gesetzliche und beh\u00f6rdliche Bestimmungen verst\u00f6\u00dft. Dar\u00fcber hinaus verpflichtet sich der Kunde, die Nutzungsbedingungen und Vorsichtsma\u00dfnahmen der Produkte einzuhalten, insbesondere wenn diese auf den Anleitungen oder Verpackungen oder auf den Produktseiten der Custom-Parts-Website angegeben sind. Custom-Parts kann nicht f\u00fcr Sch\u00e4den jeglicher Art verantwortlich gemacht werden, die sich aus einer unsachgem\u00e4\u00dfen Verwendung der an den Kunden gelieferten Artikel ergeben k\u00f6nnten. Custom-Parts kann nicht f\u00fcr etwaige \u00c4nderungen verantwortlich gemacht werden, die von Herstellern und\/oder Lieferanten an der Zusammensetzung der auf der Custom-Parts-Website verkauften Artikel vorgenommen werden. In jedem Fall ist die Haftung von Custom-Parts auf den Betrag der Bestellung begrenzt.<\/p>\n<h2>11. Anwendbares Recht und Streitigkeiten<\/h2>\n<p>Dieser Vertrag unterliegt niederl\u00e4ndischem Recht. Die Sprache dieses Vertrages ist Deutsch. Der Kunde und Custom-Parts werden immer eine g\u00fctliche L\u00f6sung vor jeglichen rechtlichen Schritten bevorzugen. Gem\u00e4\u00df den entsprechenden Artikeln des Strafgesetzbuches stellt Betrug &#8222;die Tatsache dar, entweder durch die Verwendung eines falschen Namens oder einer falschen Eigenschaft oder durch den Missbrauch einer wahren Eigenschaft oder durch die Anwendung betr\u00fcgerischer Man\u00f6ver eine nat\u00fcrliche oder juristische Person zu t\u00e4uschen und sie dadurch zu ihrem Nachteil oder zum Nachteil eines Dritten zur Herausgabe von Geldern, Werten oder sonstigen G\u00fctern, zur Erbringung einer Dienstleistung oder zur Einwilligung in eine Verpflichtung oder Entlastung zu bestimmen&#8220;. Das Delikt des Betrugs durch betr\u00fcgerische Nutzung eines Zahlungsmittels kann mit einer Freiheitsstrafe von 5 Jahren und einer Geldstrafe von 400.000 \u20ac geahndet werden. Der blo\u00dfe Versuch wird mit denselben Strafen geahndet. Die Politik unserer Website ist es, jeden strafrechtlich zu verfolgen, der sich solcher Betrugsversuche schuldig macht.<\/p>\n<h2>12. Schutz personenbezogener Daten<\/h2>\n<p>Die vom Kunden erhobenen personenbezogenen Daten sind unerl\u00e4sslich f\u00fcr die Bearbeitung der Bestellung, den Versand dieser Bestellung und die Erstellung der entsprechenden Rechnung. Die Nichtbereitstellung solcher Informationen f\u00fchrt zur Ablehnung der Bestellung.<\/p>\n<h2>13. Kontakt<\/h2>\n<div class=\"contact-info\">\n<p><strong>Custom-Parts.fr<\/strong><\/p>\n<p>E-Mail: <a href=\"mailto:contakt@custom-parts.fr\">contact[@]custom-parts.fr<\/a> (um Spam zu vermeiden, ersetzen Sie bitte [AT] durch das \u00fcbliche Symbol)<\/p>\n<p>Kontaktformular: <a href=\"https:\/\/custom-parts.fr\/de\/kontakt\/\">Hier klicken<\/a><\/p>\n<p>Adresse: De Nieuwe Erven 3, 5431 NV Cuijk, Niederlande<\/p>\n<p>Telefon: +31 4 07 85 21 08<\/p>\n<p>Registrierung bei der niederl\u00e4ndischen Handelskammer unter der Referenz: 67392814<\/p>\n<p>Umsatzsteuer-Identifikationsnummer: NL470840195B01<\/p>\n<h3>Website-Herausgeber &amp; Redaktionell verantwortlich<\/h3>\n<p><strong>MS DIGITAL<\/strong><\/p>\n<p>E-Mail: <a href=\"mailto:contakt@custom-parts.fr\">contact[@]custom-parts.fr<\/a><\/p>\n<p>Website: <a href=\"http:\/\/www.msdigital.fr\" target=\"_blank\" rel=\"noopener\">www.msdigital.fr<\/a><\/p>\n<h3>Hosting<\/h3>\n<p>Hoster: OVH<\/p>\n<p>2 rue Kellermann, 59100 Roubaix, Frankreich<\/p>\n<p>Website: <a href=\"https:\/\/www.ovhcloud.com\/\" target=\"_blank\" rel=\"noopener\">https:\/\/www.ovhcloud.com\/<\/a><\/p>\n<\/div>\n","protected":false},"excerpt":{"rendered":"<p>1. Annahme der Allgemeinen Gesch\u00e4ftsbedingungen Diese Allgemeinen Gesch\u00e4ftsbedingungen regeln die vertraglichen Beziehungen zwischen dem Kunden und der Website Custom-Parts.fr. Der Kunde erkl\u00e4rt, die nachfolgenden Bestimmungen vor der Bestellung zur Kenntnis genommen zu haben. Durch die Bestellung von Produkten auf Custom-Parts.fr erkl\u00e4rt der Kunde ausdr\u00fccklich sein Einverst\u00e4ndnis mit den hierin dargelegten Bedingungen. Im Falle eines Widerspruchs [&hellip;]<\/p>\n","protected":false},"author":1,"featured_media":0,"parent":0,"menu_order":0,"comment_status":"closed","ping_status":"closed","template":"","meta":{"footnotes":""},"class_list":["post-25167","page","type-page","status-publish","hentry"],"yoast_head":"<!-- This site is optimized with the Yoast SEO plugin v27.2 - https:\/\/yoast.com\/product\/yoast-seo-wordpress\/ -->\n<title>Allgemeine Gesch\u00e4ftsbedingungen<\/title>\n<meta name=\"description\" content=\"1. Annahme der Allgemeinen Gesch\u00e4ftsbedingungen Diese Allgemeinen Gesch\u00e4ftsbedingungen regeln die vertraglichen Beziehungen zwischen dem Kunden und der\" \/>\n<meta name=\"robots\" content=\"index, follow, max-snippet:-1, max-image-preview:large, max-video-preview:-1\" \/>\n<link rel=\"canonical\" href=\"https:\/\/custom-parts.fr\/de\/allgemeine-geschaeftsbedingungen\/\" \/>\n<meta property=\"og:locale\" content=\"de_DE\" \/>\n<meta property=\"og:type\" content=\"article\" \/>\n<meta property=\"og:title\" content=\"Allgemeine Gesch\u00e4ftsbedingungen\" \/>\n<meta property=\"og:description\" content=\"1. Annahme der Allgemeinen Gesch\u00e4ftsbedingungen Diese Allgemeinen Gesch\u00e4ftsbedingungen regeln die vertraglichen Beziehungen zwischen dem Kunden und der\" \/>\n<meta property=\"og:url\" content=\"https:\/\/custom-parts.fr\/de\/allgemeine-geschaeftsbedingungen\/\" \/>\n<meta property=\"og:site_name\" content=\"Custom-Parts.fr\" \/>\n<meta property=\"article:modified_time\" content=\"2026-03-28T20:03:13+00:00\" \/>\n<meta name=\"twitter:card\" content=\"summary_large_image\" \/>\n<meta name=\"twitter:label1\" content=\"Gesch\u00e4tzte Lesezeit\" \/>\n\t<meta name=\"twitter:data1\" content=\"9\u00a0Minute\" \/>\n<script type=\"application\/ld+json\" class=\"yoast-schema-graph\">{\"@context\":\"https:\/\/schema.org\",\"@graph\":[{\"@type\":\"WebPage\",\"@id\":\"https:\/\/custom-parts.fr\/de\/allgemeine-geschaeftsbedingungen\/\",\"url\":\"https:\/\/custom-parts.fr\/de\/allgemeine-geschaeftsbedingungen\/\",\"name\":\"Allgemeine Gesch\u00e4ftsbedingungen\",\"isPartOf\":{\"@id\":\"https:\/\/custom-parts.fr\/de\/#website\"},\"datePublished\":\"2018-06-17T22:13:44+00:00\",\"dateModified\":\"2026-03-28T20:03:13+00:00\",\"description\":\"1. Annahme der Allgemeinen Gesch\u00e4ftsbedingungen Diese Allgemeinen Gesch\u00e4ftsbedingungen regeln die vertraglichen Beziehungen zwischen dem Kunden und der\",\"breadcrumb\":{\"@id\":\"https:\/\/custom-parts.fr\/de\/allgemeine-geschaeftsbedingungen\/#breadcrumb\"},\"inLanguage\":\"de\",\"potentialAction\":[{\"@type\":\"ReadAction\",\"target\":[\"https:\/\/custom-parts.fr\/de\/allgemeine-geschaeftsbedingungen\/\"]}]},{\"@type\":\"BreadcrumbList\",\"@id\":\"https:\/\/custom-parts.fr\/de\/allgemeine-geschaeftsbedingungen\/#breadcrumb\",\"itemListElement\":[{\"@type\":\"ListItem\",\"position\":1,\"name\":\"Startseite\",\"item\":\"https:\/\/custom-parts.fr\/de\/kaufen-sie-teile-und-zubehoer-fuer-mini-bmw-custom-parts-de\/\"},{\"@type\":\"ListItem\",\"position\":2,\"name\":\"Allgemeine Gesch\u00e4ftsbedingungen\"}]},{\"@type\":\"WebSite\",\"@id\":\"https:\/\/custom-parts.fr\/de\/#website\",\"url\":\"https:\/\/custom-parts.fr\/de\/\",\"name\":\"Custom-Parts.fr\",\"description\":\"Custom BMW MINI Ersatzteile & Zubeh\u00f6r\",\"publisher\":{\"@id\":\"https:\/\/custom-parts.fr\/de\/#organization\"},\"potentialAction\":[{\"@type\":\"SearchAction\",\"target\":{\"@type\":\"EntryPoint\",\"urlTemplate\":\"https:\/\/custom-parts.fr\/de\/?s={search_term_string}\"},\"query-input\":{\"@type\":\"PropertyValueSpecification\",\"valueRequired\":true,\"valueName\":\"search_term_string\"}}],\"inLanguage\":\"de\"},{\"@type\":\"Organization\",\"@id\":\"https:\/\/custom-parts.fr\/de\/#organization\",\"name\":\"Custom-Parts\",\"url\":\"https:\/\/custom-parts.fr\/de\/\",\"logo\":{\"@type\":\"ImageObject\",\"inLanguage\":\"de\",\"@id\":\"https:\/\/custom-parts.fr\/de\/#\/schema\/logo\/image\/\",\"url\":\"https:\/\/custom-parts.fr\/wp-content\/uploads\/2023\/01\/cropped-cropped-cropped-final-new-police-2-1-1.png\",\"contentUrl\":\"https:\/\/custom-parts.fr\/wp-content\/uploads\/2023\/01\/cropped-cropped-cropped-final-new-police-2-1-1.png\",\"width\":450,\"height\":125,\"caption\":\"Custom-Parts\"},\"image\":{\"@id\":\"https:\/\/custom-parts.fr\/de\/#\/schema\/logo\/image\/\"}}]}<\/script>\n<!-- \/ Yoast SEO plugin. -->","yoast_head_json":{"title":"Allgemeine Gesch\u00e4ftsbedingungen","description":"1. Annahme der Allgemeinen Gesch\u00e4ftsbedingungen Diese Allgemeinen Gesch\u00e4ftsbedingungen regeln die vertraglichen Beziehungen zwischen dem Kunden und der","robots":{"index":"index","follow":"follow","max-snippet":"max-snippet:-1","max-image-preview":"max-image-preview:large","max-video-preview":"max-video-preview:-1"},"canonical":"https:\/\/custom-parts.fr\/de\/allgemeine-geschaeftsbedingungen\/","og_locale":"de_DE","og_type":"article","og_title":"Allgemeine Gesch\u00e4ftsbedingungen","og_description":"1. Annahme der Allgemeinen Gesch\u00e4ftsbedingungen Diese Allgemeinen Gesch\u00e4ftsbedingungen regeln die vertraglichen Beziehungen zwischen dem Kunden und der","og_url":"https:\/\/custom-parts.fr\/de\/allgemeine-geschaeftsbedingungen\/","og_site_name":"Custom-Parts.fr","article_modified_time":"2026-03-28T20:03:13+00:00","twitter_card":"summary_large_image","twitter_misc":{"Gesch\u00e4tzte Lesezeit":"9\u00a0Minute"},"schema":{"@context":"https:\/\/schema.org","@graph":[{"@type":"WebPage","@id":"https:\/\/custom-parts.fr\/de\/allgemeine-geschaeftsbedingungen\/","url":"https:\/\/custom-parts.fr\/de\/allgemeine-geschaeftsbedingungen\/","name":"Allgemeine Gesch\u00e4ftsbedingungen","isPartOf":{"@id":"https:\/\/custom-parts.fr\/de\/#website"},"datePublished":"2018-06-17T22:13:44+00:00","dateModified":"2026-03-28T20:03:13+00:00","description":"1. Annahme der Allgemeinen Gesch\u00e4ftsbedingungen Diese Allgemeinen Gesch\u00e4ftsbedingungen regeln die vertraglichen Beziehungen zwischen dem Kunden und der","breadcrumb":{"@id":"https:\/\/custom-parts.fr\/de\/allgemeine-geschaeftsbedingungen\/#breadcrumb"},"inLanguage":"de","potentialAction":[{"@type":"ReadAction","target":["https:\/\/custom-parts.fr\/de\/allgemeine-geschaeftsbedingungen\/"]}]},{"@type":"BreadcrumbList","@id":"https:\/\/custom-parts.fr\/de\/allgemeine-geschaeftsbedingungen\/#breadcrumb","itemListElement":[{"@type":"ListItem","position":1,"name":"Startseite","item":"https:\/\/custom-parts.fr\/de\/kaufen-sie-teile-und-zubehoer-fuer-mini-bmw-custom-parts-de\/"},{"@type":"ListItem","position":2,"name":"Allgemeine Gesch\u00e4ftsbedingungen"}]},{"@type":"WebSite","@id":"https:\/\/custom-parts.fr\/de\/#website","url":"https:\/\/custom-parts.fr\/de\/","name":"Custom-Parts.fr","description":"Custom BMW MINI Ersatzteile & Zubeh\u00f6r","publisher":{"@id":"https:\/\/custom-parts.fr\/de\/#organization"},"potentialAction":[{"@type":"SearchAction","target":{"@type":"EntryPoint","urlTemplate":"https:\/\/custom-parts.fr\/de\/?s={search_term_string}"},"query-input":{"@type":"PropertyValueSpecification","valueRequired":true,"valueName":"search_term_string"}}],"inLanguage":"de"},{"@type":"Organization","@id":"https:\/\/custom-parts.fr\/de\/#organization","name":"Custom-Parts","url":"https:\/\/custom-parts.fr\/de\/","logo":{"@type":"ImageObject","inLanguage":"de","@id":"https:\/\/custom-parts.fr\/de\/#\/schema\/logo\/image\/","url":"https:\/\/custom-parts.fr\/wp-content\/uploads\/2023\/01\/cropped-cropped-cropped-final-new-police-2-1-1.png","contentUrl":"https:\/\/custom-parts.fr\/wp-content\/uploads\/2023\/01\/cropped-cropped-cropped-final-new-police-2-1-1.png","width":450,"height":125,"caption":"Custom-Parts"},"image":{"@id":"https:\/\/custom-parts.fr\/de\/#\/schema\/logo\/image\/"}}]}},"_links":{"self":[{"href":"https:\/\/custom-parts.fr\/de\/wp-json\/wp\/v2\/pages\/25167","targetHints":{"allow":["GET"]}}],"collection":[{"href":"https:\/\/custom-parts.fr\/de\/wp-json\/wp\/v2\/pages"}],"about":[{"href":"https:\/\/custom-parts.fr\/de\/wp-json\/wp\/v2\/types\/page"}],"author":[{"embeddable":true,"href":"https:\/\/custom-parts.fr\/de\/wp-json\/wp\/v2\/users\/1"}],"replies":[{"embeddable":true,"href":"https:\/\/custom-parts.fr\/de\/wp-json\/wp\/v2\/comments?post=25167"}],"version-history":[{"count":3,"href":"https:\/\/custom-parts.fr\/de\/wp-json\/wp\/v2\/pages\/25167\/revisions"}],"predecessor-version":[{"id":25809,"href":"https:\/\/custom-parts.fr\/de\/wp-json\/wp\/v2\/pages\/25167\/revisions\/25809"}],"wp:attachment":[{"href":"https:\/\/custom-parts.fr\/de\/wp-json\/wp\/v2\/media?parent=25167"}],"curies":[{"name":"wp","href":"https:\/\/api.w.org\/{rel}","templated":true}]}}