{"id":25170,"date":"2018-06-14T22:37:17","date_gmt":"2018-06-14T20:37:17","guid":{"rendered":"https:\/\/custom-parts.fr\/politique-de-confidentialite\/"},"modified":"2026-03-28T21:03:33","modified_gmt":"2026-03-28T20:03:33","slug":"datenschutzerklaerung","status":"publish","type":"page","link":"https:\/\/custom-parts.fr\/de\/datenschutzerklaerung\/","title":{"rendered":"Datenschutzerkl\u00e4rung"},"content":{"rendered":"<h2>Personenbezogene Daten<\/h2>\n<p>Bei der Nutzung unseres Dienstes, einer Bestellung oder der Anmeldung zu einem Newsletter werden bestimmte personenbezogene Daten erhoben, um den gew\u00fcnschten Dienst erbringen zu k\u00f6nnen. Custom-Parts.fr speichert keine personenbezogenen Daten au\u00dferhalb der f\u00fcr die Erbringung unseres Dienstes notwendigen Online-Tools. Dar\u00fcber hinaus gestatten wir diesen Tools nicht, die Informationen f\u00fcr andere Zwecke zu verwenden oder sie weiterzugeben.<\/p>\n<h2>Registrierung<\/h2>\n<p>Einige Elemente unseres Dienstes erfordern eine vorherige Registrierung. Dazu m\u00fcssen Sie einige Informationen \u00fcber sich selbst angeben und einen Benutzernamen sowie ein Passwort f\u00fcr das f\u00fcr Sie erstellte Konto w\u00e4hlen.<\/p>\n<p>Wir speichern diese Informationen f\u00fcr maximal 1 Jahr zu administrativen Zwecken und damit Sie sie nicht bei jeder Anmeldung erneut eingeben m\u00fcssen. Diese Daten werden anschlie\u00dfend anonymisiert.<\/p>\n<h2>Bestellungen<\/h2>\n<p>Bei einer Bestellung werden folgende Informationen erhoben:<\/p>\n<ul>\n<li>Vorname<\/li>\n<li>Nachname<\/li>\n<li>E-Mail-Adresse<\/li>\n<li>Firmenname (optional)<\/li>\n<li>Land<\/li>\n<li>Lieferadresse<\/li>\n<\/ul>\n<p>Diese Daten werden erhoben, um den Versand Ihrer Produkte, die Bearbeitung Ihrer Bestellungen und eventuelle R\u00fccksendungen zu erm\u00f6glichen. Diese Daten werden f\u00fcr maximal 1 Jahr gespeichert, bevor sie anonymisiert werden.<\/p>\n<h2>Kontaktformular, Newsletter, Transaktions-E-Mails<\/h2>\n<p>Bei der Nutzung des Kontaktformulars und unseres Newsletter-Anmeldeformulars k\u00f6nnen Sie uns bestimmte Daten wie Ihre E-Mail-Adresse, Ihren Namen oder Ihr Unternehmen mitteilen. Die Pflichtfelder sind in jedem Formular angegeben. Diese Daten werden f\u00fcr maximal 1 Jahr gespeichert, bevor sie anonymisiert werden. Die Weitergabe weiterer personenbezogener Daten kann erfolgen, wenn Sie sich entscheiden, zus\u00e4tzliche Informationen im Abschnitt &#8222;Ihre Nachricht&#8220; hinzuzuf\u00fcgen.<\/p>\n<p>Die Daten aus dem Kontaktformular werden nur verwendet, um Sie auf Ihre eigene Anfrage hin zu kontaktieren.<\/p>\n<p>Ein Anmeldefeld erm\u00f6glicht es Ihnen, einen Newsletter zu erhalten, der unsere Produkte und Neuigkeiten bewirbt. Eine explizite Einwilligung Ihrerseits ist erforderlich, um diese Art von Newslettern zu erhalten. Ein in den Newslettern enthaltener Abmeldelink erm\u00f6glicht es Ihnen, diese nicht mehr zu erhalten.<\/p>\n<p>Nach einer erfolgreich abgeschlossenen Bestellung wird Ihnen eine E-Mail zugesandt, um Ihr Feedback zu Ihrer Bestellung und unseren Produkten einzuholen. Ein in dieser E-Mail enthaltener Abmeldelink erm\u00f6glicht es Ihnen, diese Art von E-Mails nicht mehr zu erhalten.<\/p>\n<h2>E-Commerce-Verwaltungssoftware<\/h2>\n<p>Unser Online-Shop basiert auf Software, die von WooCommerce entwickelt wurde. WooCommerce verwendet Cookies, um technische Informationen \u00fcber Ihre Nutzung der Software zu sammeln. Es werden dabei keine personenbezogenen Daten erhoben und\/oder gespeichert.<\/p>\n<h2>Drittanbieter-Zahlungsdienste \u2013 Mollie, PayPal<\/h2>\n<p>F\u00fcr die Abwicklung von Zahlungen in unserem Online-Shop nutzen wir die Dienste der Zahlungsanbieter Mollie \u2013 f\u00fcr Bank\u00fcberweisungen und Kreditkarten \u2013 und PayPal. Die oben genannten Parteien verarbeiten Ihre Zahlungsdaten, wie Ihre Bankkontonummer oder Kreditkartennummer, und gew\u00e4hrleisten deren Sicherheit. Bestimmte Daten werden zur Betrugspr\u00e4vention analysiert. Bitte beachten Sie deren jeweilige Datenschutzerkl\u00e4rungen.<\/p>\n<h2>Rechte bez\u00fcglich Ihrer Daten<\/h2>\n<p>Sie k\u00f6nnen die L\u00f6schung Ihrer personenbezogenen Daten beantragen. Dies gilt nicht f\u00fcr Daten, die zu administrativen, rechtlichen oder Sicherheitszwecken gespeichert werden.<\/p>\n<p><strong>Um die L\u00f6schung Ihrer Daten zu beantragen,<\/strong> senden Sie bitte eine E-Mail an die Adresse <a href=\"mailto:contact@custom-parts.fr\">contact[AT]custom-parts.fr<\/a> <em>(um Spam zu vermeiden, ersetzen Sie bitte [AT] durch das \u00fcbliche Symbol)<\/em> mit dem Betreff &#8222;L\u00f6schung meiner personenbezogenen Daten&#8220;.<\/p>\n<h2>Verwendung von Cookies<\/h2>\n<p>Diese Website verwendet Cookies. Wir verwenden Cookies, um Ihnen das bestm\u00f6gliche Nutzererlebnis zu gew\u00e4hrleisten und unsere Website sowie unsere Kommunikationsmittel zu verbessern. Sie k\u00f6nnen Ihre Pr\u00e4ferenzen bez\u00fcglich ihrer Verwendung \u00fcber die angezeigten Schaltfl\u00e4chen ausw\u00e4hlen.<\/p>\n<p>Cookies sind kleine Textdateien, die von Websites verwendet werden k\u00f6nnen, um das Nutzererlebnis effizienter zu gestalten.<\/p>\n<p>Das Gesetz besagt, dass wir Cookies auf Ihrem Ger\u00e4t nur speichern d\u00fcrfen, wenn diese unbedingt f\u00fcr den Betrieb dieser Website notwendig sind. F\u00fcr alle anderen Arten von Cookies ben\u00f6tigen wir Ihre Erlaubnis.<\/p>\n<h3>Notwendige Cookies<\/h3>\n<p>Notwendige Cookies helfen dabei, eine Website nutzbar zu machen, indem sie grundlegende Funktionen wie die Seitennavigation und den Zugriff auf sichere Bereiche der Website erm\u00f6glichen. Die Website kann ohne diese Cookies nicht richtig funktionieren.<\/p>\n<h3>Statistik-Cookies<\/h3>\n<p>Statistik-Cookies helfen Website-Besitzern, durch die anonyme Sammlung und Meldung von Informationen zu verstehen, wie Besucher mit Websites interagieren. Je nach Ihrer Wahl zur Verwendung von Cookies k\u00f6nnen bei der Navigation auf unserer Website Daten von Google Analytics gesammelt werden, insbesondere: das Verhalten auf unserer Website wie besuchte Seiten, Ihre IP-Adresse, Ihr Browsertyp, Ihre Zugriffszeiten. Solche Informationen werden von diesem Dienst zu internen Statistikzwecken verwendet, um die Qualit\u00e4t unserer Website und unseres Dienstes zu verbessern. Wir haben der Nutzungsvereinbarung f\u00fcr Google Analytics-Daten zugestimmt. Wir gestatten Google jedoch nicht, die \u00fcber Analytics erhaltenen Informationen f\u00fcr andere Google-Dienste zu verwenden, und anonymisieren IP-Adressen. Sie k\u00f6nnen die allgemeine Nutzung von Google Analytics deaktivieren, indem Sie <a href=\"https:\/\/tools.google.com\/dlpage\/gaoptout\/\" target=\"_blank\" rel=\"noopener\">diesem Link<\/a> folgen.<\/p>\n<h3>Marketing-Cookies<\/h3>\n<p>Marketing-Cookies werden verwendet, um Besucher \u00fcber Websites hinweg zu verfolgen. Ziel ist es, Anzeigen zu schalten, die f\u00fcr den einzelnen Nutzer relevant und interessanter sind. Der Dienst Google DoubleClick verwendet Cookies auf unserer Website, um die Aktionen des Website-Benutzers aufzuzeichnen und zu melden, nachdem dieser eine unserer Anzeigen gesehen oder darauf geklickt hat, um die Effektivit\u00e4t zu messen und relevante Anzeigen f\u00fcr den Benutzer zu pr\u00e4sentieren. Diese Daten werden anonym gesammelt.<\/p>\n<h2>Kontaktinformationen<\/h2>\n<div class=\"contact-info\">\n<p><strong>Custom-Parts.fr<\/strong><\/p>\n<p>E-Mail: <a href=\"mailto:contact@custom-parts.fr\">contact[AT]custom-parts.fr<\/a> <em>(um Spam zu vermeiden, ersetzen Sie bitte [AT] durch das \u00fcbliche Symbol)<\/em><\/p>\n<p>Kontaktformular: <a href=\"https:\/\/custom-parts.fr\/de\/kontakt\/\" target=\"_blank\" rel=\"noopener\">Hier klicken<\/a><\/p>\n<p>Adresse: De Nieuwe Erven 3, 5431 NV Cuijk, Niederlande<\/p>\n<p>Telefon: +31 4 07 85 21 08<\/p>\n<p>Registrierung bei der niederl\u00e4ndischen Handelskammer unter der Referenz: 67392814<\/p>\n<p>Umsatzsteuer-Identifikationsnummer: NL470840195B01<\/p>\n<h3>Herausgeber der Website &amp; Redaktionell verantwortlich<\/h3>\n<p><strong>MS DIGITAL<\/strong><\/p>\n<p>E-Mail: <a href=\"mailto:contact@msdigital.fr\">contact[AT]msdigital.fr<\/a><\/p>\n<p>Website: <a href=\"https:\/\/msdigital.fr\" target=\"_blank\" rel=\"noopener noreferrer\">www.msdigital.fr<\/a><\/p>\n<h3>Hosting<\/h3>\n<p>Hoster: OVH<\/p>\n<p>2 rue Kellermann, 59100 Roubaix, Frankreich<\/p>\n<p>Website: <a href=\"https:\/\/www.ovhcloud.com\/\" target=\"_blank\" rel=\"noopener\">https:\/\/www.ovhcloud.com\/<\/a><\/p>\n<\/div>\n<p>&nbsp;<\/p>\n","protected":false},"excerpt":{"rendered":"<p>Personenbezogene Daten Bei der Nutzung unseres Dienstes, einer Bestellung oder der Anmeldung zu einem Newsletter werden bestimmte personenbezogene Daten erhoben, um den gew\u00fcnschten Dienst erbringen zu k\u00f6nnen. Custom-Parts.fr speichert keine personenbezogenen Daten au\u00dferhalb der f\u00fcr die Erbringung unseres Dienstes notwendigen Online-Tools. Dar\u00fcber hinaus gestatten wir diesen Tools nicht, die Informationen f\u00fcr andere Zwecke zu verwenden [&hellip;]<\/p>\n","protected":false},"author":1,"featured_media":0,"parent":0,"menu_order":0,"comment_status":"closed","ping_status":"closed","template":"","meta":{"footnotes":""},"class_list":["post-25170","page","type-page","status-publish","hentry"],"yoast_head":"<!-- This site is optimized with the Yoast SEO plugin v27.2 - https:\/\/yoast.com\/product\/yoast-seo-wordpress\/ -->\n<title>Datenschutzerkl\u00e4rung<\/title>\n<meta name=\"description\" content=\"Personenbezogene Daten Bei der Nutzung unseres Dienstes, einer Bestellung oder der Anmeldung zu einem Newsletter werden bestimmte personenbezogene Daten\" \/>\n<meta name=\"robots\" content=\"index, follow, max-snippet:-1, max-image-preview:large, max-video-preview:-1\" \/>\n<link rel=\"canonical\" href=\"https:\/\/custom-parts.fr\/de\/datenschutzerklaerung\/\" \/>\n<meta property=\"og:locale\" content=\"de_DE\" \/>\n<meta property=\"og:type\" content=\"article\" \/>\n<meta property=\"og:title\" content=\"Datenschutzerkl\u00e4rung\" \/>\n<meta property=\"og:description\" content=\"Personenbezogene Daten Bei der Nutzung unseres Dienstes, einer Bestellung oder der Anmeldung zu einem Newsletter werden bestimmte personenbezogene Daten\" \/>\n<meta property=\"og:url\" content=\"https:\/\/custom-parts.fr\/de\/datenschutzerklaerung\/\" \/>\n<meta property=\"og:site_name\" content=\"Custom-Parts.fr\" \/>\n<meta property=\"article:modified_time\" content=\"2026-03-28T20:03:33+00:00\" \/>\n<meta name=\"twitter:card\" content=\"summary_large_image\" \/>\n<meta name=\"twitter:label1\" content=\"Gesch\u00e4tzte Lesezeit\" \/>\n\t<meta name=\"twitter:data1\" content=\"5\u00a0Minute\" \/>\n<script type=\"application\/ld+json\" class=\"yoast-schema-graph\">{\"@context\":\"https:\/\/schema.org\",\"@graph\":[{\"@type\":\"WebPage\",\"@id\":\"https:\/\/custom-parts.fr\/de\/datenschutzerklaerung\/\",\"url\":\"https:\/\/custom-parts.fr\/de\/datenschutzerklaerung\/\",\"name\":\"Datenschutzerkl\u00e4rung\",\"isPartOf\":{\"@id\":\"https:\/\/custom-parts.fr\/de\/#website\"},\"datePublished\":\"2018-06-14T20:37:17+00:00\",\"dateModified\":\"2026-03-28T20:03:33+00:00\",\"description\":\"Personenbezogene Daten Bei der Nutzung unseres Dienstes, einer Bestellung oder der Anmeldung zu einem Newsletter werden bestimmte personenbezogene Daten\",\"breadcrumb\":{\"@id\":\"https:\/\/custom-parts.fr\/de\/datenschutzerklaerung\/#breadcrumb\"},\"inLanguage\":\"de\",\"potentialAction\":[{\"@type\":\"ReadAction\",\"target\":[\"https:\/\/custom-parts.fr\/de\/datenschutzerklaerung\/\"]}]},{\"@type\":\"BreadcrumbList\",\"@id\":\"https:\/\/custom-parts.fr\/de\/datenschutzerklaerung\/#breadcrumb\",\"itemListElement\":[{\"@type\":\"ListItem\",\"position\":1,\"name\":\"Startseite\",\"item\":\"https:\/\/custom-parts.fr\/de\/kaufen-sie-teile-und-zubehoer-fuer-mini-bmw-custom-parts-de\/\"},{\"@type\":\"ListItem\",\"position\":2,\"name\":\"Datenschutzerkl\u00e4rung\"}]},{\"@type\":\"WebSite\",\"@id\":\"https:\/\/custom-parts.fr\/de\/#website\",\"url\":\"https:\/\/custom-parts.fr\/de\/\",\"name\":\"Custom-Parts.fr\",\"description\":\"Custom BMW MINI Ersatzteile & Zubeh\u00f6r\",\"publisher\":{\"@id\":\"https:\/\/custom-parts.fr\/de\/#organization\"},\"potentialAction\":[{\"@type\":\"SearchAction\",\"target\":{\"@type\":\"EntryPoint\",\"urlTemplate\":\"https:\/\/custom-parts.fr\/de\/?s={search_term_string}\"},\"query-input\":{\"@type\":\"PropertyValueSpecification\",\"valueRequired\":true,\"valueName\":\"search_term_string\"}}],\"inLanguage\":\"de\"},{\"@type\":\"Organization\",\"@id\":\"https:\/\/custom-parts.fr\/de\/#organization\",\"name\":\"Custom-Parts\",\"url\":\"https:\/\/custom-parts.fr\/de\/\",\"logo\":{\"@type\":\"ImageObject\",\"inLanguage\":\"de\",\"@id\":\"https:\/\/custom-parts.fr\/de\/#\/schema\/logo\/image\/\",\"url\":\"https:\/\/custom-parts.fr\/wp-content\/uploads\/2023\/01\/cropped-cropped-cropped-final-new-police-2-1-1.png\",\"contentUrl\":\"https:\/\/custom-parts.fr\/wp-content\/uploads\/2023\/01\/cropped-cropped-cropped-final-new-police-2-1-1.png\",\"width\":450,\"height\":125,\"caption\":\"Custom-Parts\"},\"image\":{\"@id\":\"https:\/\/custom-parts.fr\/de\/#\/schema\/logo\/image\/\"}}]}<\/script>\n<!-- \/ Yoast SEO plugin. -->","yoast_head_json":{"title":"Datenschutzerkl\u00e4rung","description":"Personenbezogene Daten Bei der Nutzung unseres Dienstes, einer Bestellung oder der Anmeldung zu einem Newsletter werden bestimmte personenbezogene Daten","robots":{"index":"index","follow":"follow","max-snippet":"max-snippet:-1","max-image-preview":"max-image-preview:large","max-video-preview":"max-video-preview:-1"},"canonical":"https:\/\/custom-parts.fr\/de\/datenschutzerklaerung\/","og_locale":"de_DE","og_type":"article","og_title":"Datenschutzerkl\u00e4rung","og_description":"Personenbezogene Daten Bei der Nutzung unseres Dienstes, einer Bestellung oder der Anmeldung zu einem Newsletter werden bestimmte personenbezogene Daten","og_url":"https:\/\/custom-parts.fr\/de\/datenschutzerklaerung\/","og_site_name":"Custom-Parts.fr","article_modified_time":"2026-03-28T20:03:33+00:00","twitter_card":"summary_large_image","twitter_misc":{"Gesch\u00e4tzte Lesezeit":"5\u00a0Minute"},"schema":{"@context":"https:\/\/schema.org","@graph":[{"@type":"WebPage","@id":"https:\/\/custom-parts.fr\/de\/datenschutzerklaerung\/","url":"https:\/\/custom-parts.fr\/de\/datenschutzerklaerung\/","name":"Datenschutzerkl\u00e4rung","isPartOf":{"@id":"https:\/\/custom-parts.fr\/de\/#website"},"datePublished":"2018-06-14T20:37:17+00:00","dateModified":"2026-03-28T20:03:33+00:00","description":"Personenbezogene Daten Bei der Nutzung unseres Dienstes, einer Bestellung oder der Anmeldung zu einem Newsletter werden bestimmte personenbezogene Daten","breadcrumb":{"@id":"https:\/\/custom-parts.fr\/de\/datenschutzerklaerung\/#breadcrumb"},"inLanguage":"de","potentialAction":[{"@type":"ReadAction","target":["https:\/\/custom-parts.fr\/de\/datenschutzerklaerung\/"]}]},{"@type":"BreadcrumbList","@id":"https:\/\/custom-parts.fr\/de\/datenschutzerklaerung\/#breadcrumb","itemListElement":[{"@type":"ListItem","position":1,"name":"Startseite","item":"https:\/\/custom-parts.fr\/de\/kaufen-sie-teile-und-zubehoer-fuer-mini-bmw-custom-parts-de\/"},{"@type":"ListItem","position":2,"name":"Datenschutzerkl\u00e4rung"}]},{"@type":"WebSite","@id":"https:\/\/custom-parts.fr\/de\/#website","url":"https:\/\/custom-parts.fr\/de\/","name":"Custom-Parts.fr","description":"Custom BMW MINI Ersatzteile & Zubeh\u00f6r","publisher":{"@id":"https:\/\/custom-parts.fr\/de\/#organization"},"potentialAction":[{"@type":"SearchAction","target":{"@type":"EntryPoint","urlTemplate":"https:\/\/custom-parts.fr\/de\/?s={search_term_string}"},"query-input":{"@type":"PropertyValueSpecification","valueRequired":true,"valueName":"search_term_string"}}],"inLanguage":"de"},{"@type":"Organization","@id":"https:\/\/custom-parts.fr\/de\/#organization","name":"Custom-Parts","url":"https:\/\/custom-parts.fr\/de\/","logo":{"@type":"ImageObject","inLanguage":"de","@id":"https:\/\/custom-parts.fr\/de\/#\/schema\/logo\/image\/","url":"https:\/\/custom-parts.fr\/wp-content\/uploads\/2023\/01\/cropped-cropped-cropped-final-new-police-2-1-1.png","contentUrl":"https:\/\/custom-parts.fr\/wp-content\/uploads\/2023\/01\/cropped-cropped-cropped-final-new-police-2-1-1.png","width":450,"height":125,"caption":"Custom-Parts"},"image":{"@id":"https:\/\/custom-parts.fr\/de\/#\/schema\/logo\/image\/"}}]}},"_links":{"self":[{"href":"https:\/\/custom-parts.fr\/de\/wp-json\/wp\/v2\/pages\/25170","targetHints":{"allow":["GET"]}}],"collection":[{"href":"https:\/\/custom-parts.fr\/de\/wp-json\/wp\/v2\/pages"}],"about":[{"href":"https:\/\/custom-parts.fr\/de\/wp-json\/wp\/v2\/types\/page"}],"author":[{"embeddable":true,"href":"https:\/\/custom-parts.fr\/de\/wp-json\/wp\/v2\/users\/1"}],"replies":[{"embeddable":true,"href":"https:\/\/custom-parts.fr\/de\/wp-json\/wp\/v2\/comments?post=25170"}],"version-history":[{"count":3,"href":"https:\/\/custom-parts.fr\/de\/wp-json\/wp\/v2\/pages\/25170\/revisions"}],"predecessor-version":[{"id":25810,"href":"https:\/\/custom-parts.fr\/de\/wp-json\/wp\/v2\/pages\/25170\/revisions\/25810"}],"wp:attachment":[{"href":"https:\/\/custom-parts.fr\/de\/wp-json\/wp\/v2\/media?parent=25170"}],"curies":[{"name":"wp","href":"https:\/\/api.w.org\/{rel}","templated":true}]}}