{"id":24671,"date":"2025-06-10T00:13:52","date_gmt":"2025-06-09T22:13:52","guid":{"rendered":"https:\/\/custom-parts.fr\/produit\/reservoir-de-liquide-de-refroidissement-aluminium-mini-cooper-s-r53-r52\/"},"modified":"2025-06-15T01:34:15","modified_gmt":"2025-06-14T23:34:15","slug":"reservoir-de-liquide-de-refroidissement-aluminium-mini-cooper-s-r53-r52","status":"publish","type":"product","link":"https:\/\/custom-parts.fr\/de\/produkt\/reservoir-de-liquide-de-refroidissement-aluminium-mini-cooper-s-r53-r52\/","title":{"rendered":"Aluf\u00fcr Minium-K\u00fchlmittelbeh\u00e4lter &#8211; f\u00fcr Mini Cooper S R53 \/ R52"},"content":{"rendered":"<p><strong>Ersetzen Sie Ihren undichten Kunststoff-K\u00fchlmittelbeh\u00e4lter durch dieses Modell aus poliertem Aluminium. Nur geeignet f\u00fcr Mini Cooper S R53 (3 T\u00fcren) und R52 (Cabriolet).<\/strong><\/p>\n<ul>\n<li>Der Beh\u00e4lter ist vollst\u00e4ndig aus hochwertigem Aluminium gefertigt und TIG-geschwei\u00dft.<\/li>\n<li>Der Deckel ist aus dem vollen Material gefr\u00e4st.<\/li>\n<li>Deckeldruck: 1,1 kg\/cm\u00b2<\/li>\n<li>Kapazit\u00e4t: Ca. 1,4 Liter<\/li>\n<\/ul>\n<h2>Kompatibilit\u00e4t<\/h2>\n<ul>\n<li>Mini Cooper S R53 (2002\u20132006)<\/li>\n<li>Mini Cooper S Cabriolet R52 (2005\u20132008)<\/li>\n<\/ul>\n<h2>Lieferumfang<\/h2>\n<ul>\n<li>1 x K\u00fchlmittelbeh\u00e4lter aus Aluminium<\/li>\n<li>1 x Aluminiumdeckel<\/li>\n<li>2 x Unterlegscheiben<\/li>\n<li>2 x Schrauben<\/li>\n<\/ul>\n","protected":false},"excerpt":{"rendered":"<p><span style=\"color: #39991a; font-weight: 900;\">\u2713<\/span> Schnelle Lieferung<br \/>\n<span style=\"color: #39991a; font-weight: 900;\">\u2713<\/span> 100% kompatibel mit Ihrem MINI<br \/>\n<span style=\"color: #39991a; font-weight: 900;\">\u2713<\/span> Gro\u00dfe Auswahl an Custom-Teilen und Zubeh\u00f6r<\/p>\n","protected":false},"featured_media":24657,"comment_status":"open","ping_status":"closed","template":"","meta":[],"product_brand":[],"product_cat":[180,199],"product_tag":[],"class_list":{"0":"post-24671","1":"product","2":"type-product","3":"status-publish","4":"has-post-thumbnail","6":"product_cat-teile-motor-mini-cooper","7":"product_cat-motorenteilen-fur-mini-1-gen","9":"first","10":"instock","11":"taxable","12":"shipping-taxable","13":"purchasable","14":"product-type-variable"},"yoast_head":"<!-- This site is optimized with the Yoast SEO plugin v27.2 - https:\/\/yoast.com\/product\/yoast-seo-wordpress\/ -->\n<title>Aluf\u00fcr Minium-K\u00fchlmittelbeh\u00e4lter - f\u00fcr Mini Cooper S R53 \/ R52<\/title>\n<meta name=\"description\" content=\"Kaufen Sie Ihren Aluf\u00fcr Minium-K\u00fchlmittelbeh\u00e4lter - f\u00fcr Mini Cooper S R53 \/ R52 und alle custom BMW MINI-Zubeh\u00f6r auf Custom-Parts.fr!\" \/>\n<meta name=\"robots\" content=\"index, follow, max-snippet:-1, max-image-preview:large, max-video-preview:-1\" \/>\n<link rel=\"canonical\" href=\"https:\/\/custom-parts.fr\/de\/produkt\/reservoir-de-liquide-de-refroidissement-aluminium-mini-cooper-s-r53-r52\/\" \/>\n<meta property=\"og:locale\" content=\"de_DE\" \/>\n<meta property=\"og:type\" content=\"article\" \/>\n<meta property=\"og:title\" content=\"Aluf\u00fcr Minium-K\u00fchlmittelbeh\u00e4lter - f\u00fcr Mini Cooper S R53 \/ R52\" \/>\n<meta property=\"og:description\" content=\"Kaufen Sie Ihren Aluf\u00fcr Minium-K\u00fchlmittelbeh\u00e4lter - f\u00fcr Mini Cooper S R53 \/ R52 und alle custom BMW MINI-Zubeh\u00f6r auf Custom-Parts.fr!\" \/>\n<meta property=\"og:url\" content=\"https:\/\/custom-parts.fr\/de\/produkt\/reservoir-de-liquide-de-refroidissement-aluminium-mini-cooper-s-r53-r52\/\" \/>\n<meta property=\"og:site_name\" content=\"Custom-Parts.fr\" \/>\n<meta property=\"article:modified_time\" content=\"2025-06-14T23:34:15+00:00\" \/>\n<meta property=\"og:image\" content=\"https:\/\/custom-parts.fr\/wp-content\/uploads\/2025\/06\/Reservoir-de-liquide-de-refroidissement-aluminium-MINI-Cooper-S-R53-R52-4.jpg\" \/>\n\t<meta property=\"og:image:width\" content=\"500\" \/>\n\t<meta property=\"og:image:height\" content=\"500\" \/>\n\t<meta property=\"og:image:type\" content=\"image\/jpeg\" \/>\n<meta name=\"twitter:card\" content=\"summary_large_image\" \/>\n<meta name=\"twitter:label1\" content=\"Gesch\u00e4tzte Lesezeit\" \/>\n\t<meta name=\"twitter:data1\" content=\"1\u00a0Minute\" \/>\n<script type=\"application\/ld+json\" class=\"yoast-schema-graph\">{\"@context\":\"https:\/\/schema.org\",\"@graph\":[{\"@type\":\"WebPage\",\"@id\":\"https:\/\/custom-parts.fr\/de\/produkt\/reservoir-de-liquide-de-refroidissement-aluminium-mini-cooper-s-r53-r52\/\",\"url\":\"https:\/\/custom-parts.fr\/de\/produkt\/reservoir-de-liquide-de-refroidissement-aluminium-mini-cooper-s-r53-r52\/\",\"name\":\"Aluf\u00fcr Minium-K\u00fchlmittelbeh\u00e4lter - f\u00fcr Mini Cooper S R53 \/ R52\",\"isPartOf\":{\"@id\":\"https:\/\/custom-parts.fr\/de\/#website\"},\"primaryImageOfPage\":{\"@id\":\"https:\/\/custom-parts.fr\/de\/produkt\/reservoir-de-liquide-de-refroidissement-aluminium-mini-cooper-s-r53-r52\/#primaryimage\"},\"image\":{\"@id\":\"https:\/\/custom-parts.fr\/de\/produkt\/reservoir-de-liquide-de-refroidissement-aluminium-mini-cooper-s-r53-r52\/#primaryimage\"},\"thumbnailUrl\":\"https:\/\/custom-parts.fr\/wp-content\/uploads\/2025\/06\/Reservoir-de-liquide-de-refroidissement-aluminium-MINI-Cooper-S-R53-R52-4.jpg\",\"datePublished\":\"2025-06-09T22:13:52+00:00\",\"dateModified\":\"2025-06-14T23:34:15+00:00\",\"description\":\"Kaufen Sie Ihren Aluf\u00fcr Minium-K\u00fchlmittelbeh\u00e4lter - f\u00fcr Mini Cooper S R53 \/ R52 und alle custom BMW MINI-Zubeh\u00f6r auf Custom-Parts.fr!\",\"breadcrumb\":{\"@id\":\"https:\/\/custom-parts.fr\/de\/produkt\/reservoir-de-liquide-de-refroidissement-aluminium-mini-cooper-s-r53-r52\/#breadcrumb\"},\"inLanguage\":\"de\",\"potentialAction\":[{\"@type\":\"ReadAction\",\"target\":[\"https:\/\/custom-parts.fr\/de\/produkt\/reservoir-de-liquide-de-refroidissement-aluminium-mini-cooper-s-r53-r52\/\"]}]},{\"@type\":\"ImageObject\",\"inLanguage\":\"de\",\"@id\":\"https:\/\/custom-parts.fr\/de\/produkt\/reservoir-de-liquide-de-refroidissement-aluminium-mini-cooper-s-r53-r52\/#primaryimage\",\"url\":\"https:\/\/custom-parts.fr\/wp-content\/uploads\/2025\/06\/Reservoir-de-liquide-de-refroidissement-aluminium-MINI-Cooper-S-R53-R52-4.jpg\",\"contentUrl\":\"https:\/\/custom-parts.fr\/wp-content\/uploads\/2025\/06\/Reservoir-de-liquide-de-refroidissement-aluminium-MINI-Cooper-S-R53-R52-4.jpg\",\"width\":500,\"height\":500},{\"@type\":\"BreadcrumbList\",\"@id\":\"https:\/\/custom-parts.fr\/de\/produkt\/reservoir-de-liquide-de-refroidissement-aluminium-mini-cooper-s-r53-r52\/#breadcrumb\",\"itemListElement\":[{\"@type\":\"ListItem\",\"position\":1,\"name\":\"Startseite\",\"item\":\"https:\/\/custom-parts.fr\/de\/kaufen-sie-teile-und-zubehoer-fuer-mini-bmw-custom-parts-de\/\"},{\"@type\":\"ListItem\",\"position\":2,\"name\":\"Shop\",\"item\":\"https:\/\/custom-parts.fr\/de\/alle-produkte\/\"},{\"@type\":\"ListItem\",\"position\":3,\"name\":\"Aluf\u00fcr Minium-K\u00fchlmittelbeh\u00e4lter &#8211; f\u00fcr Mini Cooper S R53 \/ R52\"}]},{\"@type\":\"WebSite\",\"@id\":\"https:\/\/custom-parts.fr\/de\/#website\",\"url\":\"https:\/\/custom-parts.fr\/de\/\",\"name\":\"Custom-Parts.fr\",\"description\":\"Custom BMW MINI Ersatzteile & Zubeh\u00f6r\",\"publisher\":{\"@id\":\"https:\/\/custom-parts.fr\/de\/#organization\"},\"potentialAction\":[{\"@type\":\"SearchAction\",\"target\":{\"@type\":\"EntryPoint\",\"urlTemplate\":\"https:\/\/custom-parts.fr\/de\/?s={search_term_string}\"},\"query-input\":{\"@type\":\"PropertyValueSpecification\",\"valueRequired\":true,\"valueName\":\"search_term_string\"}}],\"inLanguage\":\"de\"},{\"@type\":\"Organization\",\"@id\":\"https:\/\/custom-parts.fr\/de\/#organization\",\"name\":\"Custom-Parts\",\"url\":\"https:\/\/custom-parts.fr\/de\/\",\"logo\":{\"@type\":\"ImageObject\",\"inLanguage\":\"de\",\"@id\":\"https:\/\/custom-parts.fr\/de\/#\/schema\/logo\/image\/\",\"url\":\"https:\/\/custom-parts.fr\/wp-content\/uploads\/2023\/01\/cropped-cropped-cropped-final-new-police-2-1-1.png\",\"contentUrl\":\"https:\/\/custom-parts.fr\/wp-content\/uploads\/2023\/01\/cropped-cropped-cropped-final-new-police-2-1-1.png\",\"width\":450,\"height\":125,\"caption\":\"Custom-Parts\"},\"image\":{\"@id\":\"https:\/\/custom-parts.fr\/de\/#\/schema\/logo\/image\/\"}}]}<\/script>\n<!-- \/ Yoast SEO plugin. -->","yoast_head_json":{"title":"Aluf\u00fcr Minium-K\u00fchlmittelbeh\u00e4lter - f\u00fcr Mini Cooper S R53 \/ R52","description":"Kaufen Sie Ihren Aluf\u00fcr Minium-K\u00fchlmittelbeh\u00e4lter - f\u00fcr Mini Cooper S R53 \/ R52 und alle custom BMW MINI-Zubeh\u00f6r auf Custom-Parts.fr!","robots":{"index":"index","follow":"follow","max-snippet":"max-snippet:-1","max-image-preview":"max-image-preview:large","max-video-preview":"max-video-preview:-1"},"canonical":"https:\/\/custom-parts.fr\/de\/produkt\/reservoir-de-liquide-de-refroidissement-aluminium-mini-cooper-s-r53-r52\/","og_locale":"de_DE","og_type":"article","og_title":"Aluf\u00fcr Minium-K\u00fchlmittelbeh\u00e4lter - f\u00fcr Mini Cooper S R53 \/ R52","og_description":"Kaufen Sie Ihren Aluf\u00fcr Minium-K\u00fchlmittelbeh\u00e4lter - f\u00fcr Mini Cooper S R53 \/ R52 und alle custom BMW MINI-Zubeh\u00f6r auf Custom-Parts.fr!","og_url":"https:\/\/custom-parts.fr\/de\/produkt\/reservoir-de-liquide-de-refroidissement-aluminium-mini-cooper-s-r53-r52\/","og_site_name":"Custom-Parts.fr","article_modified_time":"2025-06-14T23:34:15+00:00","og_image":[{"width":500,"height":500,"url":"https:\/\/custom-parts.fr\/wp-content\/uploads\/2025\/06\/Reservoir-de-liquide-de-refroidissement-aluminium-MINI-Cooper-S-R53-R52-4.jpg","type":"image\/jpeg"}],"twitter_card":"summary_large_image","twitter_misc":{"Gesch\u00e4tzte Lesezeit":"1\u00a0Minute"},"schema":{"@context":"https:\/\/schema.org","@graph":[{"@type":"WebPage","@id":"https:\/\/custom-parts.fr\/de\/produkt\/reservoir-de-liquide-de-refroidissement-aluminium-mini-cooper-s-r53-r52\/","url":"https:\/\/custom-parts.fr\/de\/produkt\/reservoir-de-liquide-de-refroidissement-aluminium-mini-cooper-s-r53-r52\/","name":"Aluf\u00fcr Minium-K\u00fchlmittelbeh\u00e4lter - f\u00fcr Mini Cooper S R53 \/ R52","isPartOf":{"@id":"https:\/\/custom-parts.fr\/de\/#website"},"primaryImageOfPage":{"@id":"https:\/\/custom-parts.fr\/de\/produkt\/reservoir-de-liquide-de-refroidissement-aluminium-mini-cooper-s-r53-r52\/#primaryimage"},"image":{"@id":"https:\/\/custom-parts.fr\/de\/produkt\/reservoir-de-liquide-de-refroidissement-aluminium-mini-cooper-s-r53-r52\/#primaryimage"},"thumbnailUrl":"https:\/\/custom-parts.fr\/wp-content\/uploads\/2025\/06\/Reservoir-de-liquide-de-refroidissement-aluminium-MINI-Cooper-S-R53-R52-4.jpg","datePublished":"2025-06-09T22:13:52+00:00","dateModified":"2025-06-14T23:34:15+00:00","description":"Kaufen Sie Ihren Aluf\u00fcr Minium-K\u00fchlmittelbeh\u00e4lter - f\u00fcr Mini Cooper S R53 \/ R52 und alle custom BMW MINI-Zubeh\u00f6r auf Custom-Parts.fr!","breadcrumb":{"@id":"https:\/\/custom-parts.fr\/de\/produkt\/reservoir-de-liquide-de-refroidissement-aluminium-mini-cooper-s-r53-r52\/#breadcrumb"},"inLanguage":"de","potentialAction":[{"@type":"ReadAction","target":["https:\/\/custom-parts.fr\/de\/produkt\/reservoir-de-liquide-de-refroidissement-aluminium-mini-cooper-s-r53-r52\/"]}]},{"@type":"ImageObject","inLanguage":"de","@id":"https:\/\/custom-parts.fr\/de\/produkt\/reservoir-de-liquide-de-refroidissement-aluminium-mini-cooper-s-r53-r52\/#primaryimage","url":"https:\/\/custom-parts.fr\/wp-content\/uploads\/2025\/06\/Reservoir-de-liquide-de-refroidissement-aluminium-MINI-Cooper-S-R53-R52-4.jpg","contentUrl":"https:\/\/custom-parts.fr\/wp-content\/uploads\/2025\/06\/Reservoir-de-liquide-de-refroidissement-aluminium-MINI-Cooper-S-R53-R52-4.jpg","width":500,"height":500},{"@type":"BreadcrumbList","@id":"https:\/\/custom-parts.fr\/de\/produkt\/reservoir-de-liquide-de-refroidissement-aluminium-mini-cooper-s-r53-r52\/#breadcrumb","itemListElement":[{"@type":"ListItem","position":1,"name":"Startseite","item":"https:\/\/custom-parts.fr\/de\/kaufen-sie-teile-und-zubehoer-fuer-mini-bmw-custom-parts-de\/"},{"@type":"ListItem","position":2,"name":"Shop","item":"https:\/\/custom-parts.fr\/de\/alle-produkte\/"},{"@type":"ListItem","position":3,"name":"Aluf\u00fcr Minium-K\u00fchlmittelbeh\u00e4lter &#8211; f\u00fcr Mini Cooper S R53 \/ R52"}]},{"@type":"WebSite","@id":"https:\/\/custom-parts.fr\/de\/#website","url":"https:\/\/custom-parts.fr\/de\/","name":"Custom-Parts.fr","description":"Custom BMW MINI Ersatzteile & Zubeh\u00f6r","publisher":{"@id":"https:\/\/custom-parts.fr\/de\/#organization"},"potentialAction":[{"@type":"SearchAction","target":{"@type":"EntryPoint","urlTemplate":"https:\/\/custom-parts.fr\/de\/?s={search_term_string}"},"query-input":{"@type":"PropertyValueSpecification","valueRequired":true,"valueName":"search_term_string"}}],"inLanguage":"de"},{"@type":"Organization","@id":"https:\/\/custom-parts.fr\/de\/#organization","name":"Custom-Parts","url":"https:\/\/custom-parts.fr\/de\/","logo":{"@type":"ImageObject","inLanguage":"de","@id":"https:\/\/custom-parts.fr\/de\/#\/schema\/logo\/image\/","url":"https:\/\/custom-parts.fr\/wp-content\/uploads\/2023\/01\/cropped-cropped-cropped-final-new-police-2-1-1.png","contentUrl":"https:\/\/custom-parts.fr\/wp-content\/uploads\/2023\/01\/cropped-cropped-cropped-final-new-police-2-1-1.png","width":450,"height":125,"caption":"Custom-Parts"},"image":{"@id":"https:\/\/custom-parts.fr\/de\/#\/schema\/logo\/image\/"}}]}},"_links":{"self":[{"href":"https:\/\/custom-parts.fr\/de\/wp-json\/wp\/v2\/product\/24671","targetHints":{"allow":["GET"]}}],"collection":[{"href":"https:\/\/custom-parts.fr\/de\/wp-json\/wp\/v2\/product"}],"about":[{"href":"https:\/\/custom-parts.fr\/de\/wp-json\/wp\/v2\/types\/product"}],"replies":[{"embeddable":true,"href":"https:\/\/custom-parts.fr\/de\/wp-json\/wp\/v2\/comments?post=24671"}],"wp:featuredmedia":[{"embeddable":true,"href":"https:\/\/custom-parts.fr\/de\/wp-json\/wp\/v2\/media\/24657"}],"wp:attachment":[{"href":"https:\/\/custom-parts.fr\/de\/wp-json\/wp\/v2\/media?parent=24671"}],"wp:term":[{"taxonomy":"product_brand","embeddable":true,"href":"https:\/\/custom-parts.fr\/de\/wp-json\/wp\/v2\/product_brand?post=24671"},{"taxonomy":"product_cat","embeddable":true,"href":"https:\/\/custom-parts.fr\/de\/wp-json\/wp\/v2\/product_cat?post=24671"},{"taxonomy":"product_tag","embeddable":true,"href":"https:\/\/custom-parts.fr\/de\/wp-json\/wp\/v2\/product_tag?post=24671"}],"curies":[{"name":"wp","href":"https:\/\/api.w.org\/{rel}","templated":true}]}}