{"id":24674,"date":"2024-11-18T19:41:33","date_gmt":"2024-11-18T18:41:33","guid":{"rendered":"https:\/\/custom-parts.fr\/produit\/garniture-levier-de-vitesse-mini-cooper-r50-r52-r53-noir-brillant-carbone\/"},"modified":"2025-06-15T01:34:15","modified_gmt":"2025-06-14T23:34:15","slug":"garniture-levier-de-vitesse-mini-cooper-r50-r52-r53-noir-brillant-carbone","status":"publish","type":"product","link":"https:\/\/custom-parts.fr\/de\/produkt\/garniture-levier-de-vitesse-mini-cooper-r50-r52-r53-noir-brillant-carbone\/","title":{"rendered":"Schaltknaufverkleidungen f\u00fcr Mini Cooper R50, R52, R53 &#8211; Schwarz Gl\u00e4nzend | Carbon"},"content":{"rendered":"<p><strong>Schaltknaufverkleidungen f\u00fcr MINI R50, R52, R53 &#8211; Piano Schwarz oder Carbon Stil<\/strong><\/p>\n<p>Bringen Sie eine pers\u00f6nliche Note in das Innere Ihres Mini Cooper R50, R52 oder R53 mit dieser Verkleidung f\u00fcr den Schaltknauf, ob manuell oder automatisch. Erh\u00e4ltlich in gl\u00e4nzendem Schwarz oder im Carbon-Stil, ist dieses Zubeh\u00f6r perfekt, um Ihr Interieur zu modernisieren und gleichzeitig einen Hauch von Eleganz hinzuzuf\u00fcgen.<\/p>\n<p>Spezial angefertigt f\u00fcr den Mini Cooper R50, R52 oder R53, l\u00e4sst sich dieses Teil direkt auf Ihrer originalen Verkleidung dank des vorinstallierten doppelseitigen Automobilklebers anbringen. Eine effektive und qualitativ hochwertige L\u00f6sung, um Ihr Interieur m\u00fchelos und ohne Demontage aufzufrischen.<\/p>\n<p><strong>Hinweis: Die Verkleidungen sind mit einer transparenten Schutzfolie ausgestattet, die w\u00e4hrend der Montage entfernt werden muss. Die Verkleidungen haben immer eine gl\u00e4nzende Oberfl\u00e4che.<\/strong><\/p>\n<h2>Eigenschaften:<\/h2>\n<ul>\n<li>Geeignet f\u00fcr manuelle und automatische Getriebe<\/li>\n<li>Farben: Gl\u00e4nzend Schwarz oder Carbon Stil<\/li>\n<li>Material: ABS-Kunststoff<\/li>\n<li>Montage auf den Originalverkleidungen dank der vorinstallierten doppelseitigen Automobilklebeb\u00e4nder.<\/li>\n<li>F\u00fcr eine noch langlebigere Installation reiben Sie den Kleber vor der Montage an, oder verwenden Sie einen Haartrockner, um den Kleber zu erhitzen und die Haftung zu erh\u00f6hen. Sie k\u00f6nnen auch das Teil vor dem Abnehmen erw\u00e4rmen, um es spurenfrei zu entfernen.<\/li>\n<\/ul>\n<h2>Geeignet f\u00fcr:<\/h2>\n<ul>\n<li>R50 \u2013 MINI Hatchback \u2013 2001-2006 \u2013 MINI One, One D und Cooper<\/li>\n<li>R52 \u2013 MINI Cabriolet \u2013 2004-2008 \u2013 MINI One, Cooper und Cooper S<\/li>\n<li>R53 \u2013 MINI Hatchback \u2013 2001-2006 \u2013 MINI Cooper S und Cooper S JCW GP<\/li>\n<\/ul>\n<p><img decoding=\"async\" class=\"alignnone size-full wp-image-23241 lazyload\" data-src=\"https:\/\/custom-parts.fr\/wp-content\/uploads\/2024\/11\/Garniture-levier-de-vitesse-MINI-Cooper-R50-R52-R53-Noir-Brillant-Carbone-5.jpg\" alt=\"\" width=\"500\" height=\"500\" data-srcset=\"https:\/\/custom-parts.fr\/wp-content\/uploads\/2024\/11\/Garniture-levier-de-vitesse-MINI-Cooper-R50-R52-R53-Noir-Brillant-Carbone-5.jpg 500w, https:\/\/custom-parts.fr\/wp-content\/uploads\/2024\/11\/Garniture-levier-de-vitesse-MINI-Cooper-R50-R52-R53-Noir-Brillant-Carbone-5-300x300.jpg 300w, https:\/\/custom-parts.fr\/wp-content\/uploads\/2024\/11\/Garniture-levier-de-vitesse-MINI-Cooper-R50-R52-R53-Noir-Brillant-Carbone-5-150x150.jpg 150w, https:\/\/custom-parts.fr\/wp-content\/uploads\/2024\/11\/Garniture-levier-de-vitesse-MINI-Cooper-R50-R52-R53-Noir-Brillant-Carbone-5-100x100.jpg 100w, https:\/\/custom-parts.fr\/wp-content\/uploads\/2024\/11\/Garniture-levier-de-vitesse-MINI-Cooper-R50-R52-R53-Noir-Brillant-Carbone-5-48x48.jpg 48w\" data-sizes=\"(max-width: 500px) 100vw, 500px\" src=\"data:image\/svg+xml;base64,PHN2ZyB3aWR0aD0iMSIgaGVpZ2h0PSIxIiB4bWxucz0iaHR0cDovL3d3dy53My5vcmcvMjAwMC9zdmciPjwvc3ZnPg==\" style=\"--smush-placeholder-width: 500px; --smush-placeholder-aspect-ratio: 500\/500;\" \/> <img decoding=\"async\" class=\"alignnone size-full wp-image-23239 lazyload\" data-src=\"https:\/\/custom-parts.fr\/wp-content\/uploads\/2024\/11\/Garniture-levier-de-vitesse-MINI-Cooper-R50-R52-R53-Noir-Brillant-Carbone-3.jpg\" alt=\"\" width=\"500\" height=\"500\" data-srcset=\"https:\/\/custom-parts.fr\/wp-content\/uploads\/2024\/11\/Garniture-levier-de-vitesse-MINI-Cooper-R50-R52-R53-Noir-Brillant-Carbone-3.jpg 500w, https:\/\/custom-parts.fr\/wp-content\/uploads\/2024\/11\/Garniture-levier-de-vitesse-MINI-Cooper-R50-R52-R53-Noir-Brillant-Carbone-3-300x300.jpg 300w, https:\/\/custom-parts.fr\/wp-content\/uploads\/2024\/11\/Garniture-levier-de-vitesse-MINI-Cooper-R50-R52-R53-Noir-Brillant-Carbone-3-150x150.jpg 150w, https:\/\/custom-parts.fr\/wp-content\/uploads\/2024\/11\/Garniture-levier-de-vitesse-MINI-Cooper-R50-R52-R53-Noir-Brillant-Carbone-3-100x100.jpg 100w, https:\/\/custom-parts.fr\/wp-content\/uploads\/2024\/11\/Garniture-levier-de-vitesse-MINI-Cooper-R50-R52-R53-Noir-Brillant-Carbone-3-48x48.jpg 48w\" data-sizes=\"(max-width: 500px) 100vw, 500px\" src=\"data:image\/svg+xml;base64,PHN2ZyB3aWR0aD0iMSIgaGVpZ2h0PSIxIiB4bWxucz0iaHR0cDovL3d3dy53My5vcmcvMjAwMC9zdmciPjwvc3ZnPg==\" style=\"--smush-placeholder-width: 500px; --smush-placeholder-aspect-ratio: 500\/500;\" \/><\/p>\n<p><img decoding=\"async\" class=\"alignnone size-full wp-image-23242 lazyload\" data-src=\"https:\/\/custom-parts.fr\/wp-content\/uploads\/2024\/11\/Garniture-levier-de-vitesse-MINI-Cooper-R50-R52-R53-Noir-Brillant-Carbone-6.jpg\" alt=\"\" width=\"500\" height=\"500\" data-srcset=\"https:\/\/custom-parts.fr\/wp-content\/uploads\/2024\/11\/Garniture-levier-de-vitesse-MINI-Cooper-R50-R52-R53-Noir-Brillant-Carbone-6.jpg 500w, https:\/\/custom-parts.fr\/wp-content\/uploads\/2024\/11\/Garniture-levier-de-vitesse-MINI-Cooper-R50-R52-R53-Noir-Brillant-Carbone-6-300x300.jpg 300w, https:\/\/custom-parts.fr\/wp-content\/uploads\/2024\/11\/Garniture-levier-de-vitesse-MINI-Cooper-R50-R52-R53-Noir-Brillant-Carbone-6-150x150.jpg 150w, https:\/\/custom-parts.fr\/wp-content\/uploads\/2024\/11\/Garniture-levier-de-vitesse-MINI-Cooper-R50-R52-R53-Noir-Brillant-Carbone-6-100x100.jpg 100w, https:\/\/custom-parts.fr\/wp-content\/uploads\/2024\/11\/Garniture-levier-de-vitesse-MINI-Cooper-R50-R52-R53-Noir-Brillant-Carbone-6-48x48.jpg 48w\" data-sizes=\"(max-width: 500px) 100vw, 500px\" src=\"data:image\/svg+xml;base64,PHN2ZyB3aWR0aD0iMSIgaGVpZ2h0PSIxIiB4bWxucz0iaHR0cDovL3d3dy53My5vcmcvMjAwMC9zdmciPjwvc3ZnPg==\" style=\"--smush-placeholder-width: 500px; --smush-placeholder-aspect-ratio: 500\/500;\" \/> <img decoding=\"async\" class=\"alignnone size-full wp-image-23229 lazyload\" data-src=\"https:\/\/custom-parts.fr\/wp-content\/uploads\/2024\/11\/Garnitures-portes-gobelets-MINI-Cooper-R50-R52-R53-6.jpg\" alt=\"\" width=\"500\" height=\"500\" data-srcset=\"https:\/\/custom-parts.fr\/wp-content\/uploads\/2024\/11\/Garnitures-portes-gobelets-MINI-Cooper-R50-R52-R53-6.jpg 500w, https:\/\/custom-parts.fr\/wp-content\/uploads\/2024\/11\/Garnitures-portes-gobelets-MINI-Cooper-R50-R52-R53-6-300x300.jpg 300w, https:\/\/custom-parts.fr\/wp-content\/uploads\/2024\/11\/Garnitures-portes-gobelets-MINI-Cooper-R50-R52-R53-6-150x150.jpg 150w, https:\/\/custom-parts.fr\/wp-content\/uploads\/2024\/11\/Garnitures-portes-gobelets-MINI-Cooper-R50-R52-R53-6-100x100.jpg 100w, https:\/\/custom-parts.fr\/wp-content\/uploads\/2024\/11\/Garnitures-portes-gobelets-MINI-Cooper-R50-R52-R53-6-48x48.jpg 48w\" data-sizes=\"(max-width: 500px) 100vw, 500px\" src=\"data:image\/svg+xml;base64,PHN2ZyB3aWR0aD0iMSIgaGVpZ2h0PSIxIiB4bWxucz0iaHR0cDovL3d3dy53My5vcmcvMjAwMC9zdmciPjwvc3ZnPg==\" style=\"--smush-placeholder-width: 500px; --smush-placeholder-aspect-ratio: 500\/500;\" \/><\/p>\n<p>&nbsp;<\/p>\n","protected":false},"excerpt":{"rendered":"<p><span style=\"color: #39991a; font-weight: 900;\">\u2713<\/span> Gestalten Sie Ihren Mini ganz nach Ihrem Geschmack!<br \/>\n<span style=\"color: #39991a; font-weight: 900;\">\u2713<\/span> Einfach zu installieren und auszutauschen<br \/>\n<span style=\"color: #39991a; font-weight: 900;\">\u2713<\/span> Perfekte Passform f\u00fcr Ihr Originalteil<\/p>\n","protected":false},"featured_media":24548,"comment_status":"open","ping_status":"closed","template":"","meta":[],"product_brand":[],"product_cat":[191,192],"product_tag":[],"class_list":{"0":"post-24674","1":"product","2":"type-product","3":"status-publish","4":"has-post-thumbnail","6":"product_cat-mini-cooper-ersatzteile-zubehoer","7":"product_cat-zubehoer-mini-cooper-r50-r52-r53","9":"first","10":"instock","11":"taxable","12":"shipping-taxable","13":"purchasable","14":"product-type-variable"},"yoast_head":"<!-- This site is optimized with the Yoast SEO plugin v27.2 - https:\/\/yoast.com\/product\/yoast-seo-wordpress\/ -->\n<title>Garniture levier de vitesse pour MINI Cooper R50, R52, R53 | D\u00e9co int\u00e9rieure<\/title>\n<meta name=\"description\" content=\"Schaltknaufverkleidungen f\u00fcr Mini Cooper R50, R52, R53 - Schwarz Gl\u00e4nzend | Carbon D\u00e9couvrez tous vos accessoires int\u00e9rieurs custom sur Custom-Parts.fr !\" \/>\n<meta name=\"robots\" content=\"index, follow, max-snippet:-1, max-image-preview:large, max-video-preview:-1\" \/>\n<link rel=\"canonical\" href=\"https:\/\/custom-parts.fr\/de\/produkt\/garniture-levier-de-vitesse-mini-cooper-r50-r52-r53-noir-brillant-carbone\/\" \/>\n<meta property=\"og:locale\" content=\"de_DE\" \/>\n<meta property=\"og:type\" content=\"article\" \/>\n<meta property=\"og:title\" content=\"Garniture levier de vitesse pour MINI Cooper R50, R52, R53 | D\u00e9co int\u00e9rieure\" \/>\n<meta property=\"og:description\" content=\"Schaltknaufverkleidungen f\u00fcr Mini Cooper R50, R52, R53 - Schwarz Gl\u00e4nzend | Carbon D\u00e9couvrez tous vos accessoires int\u00e9rieurs custom sur Custom-Parts.fr !\" \/>\n<meta property=\"og:url\" content=\"https:\/\/custom-parts.fr\/de\/produkt\/garniture-levier-de-vitesse-mini-cooper-r50-r52-r53-noir-brillant-carbone\/\" \/>\n<meta property=\"og:site_name\" content=\"Custom-Parts.fr\" \/>\n<meta property=\"article:modified_time\" content=\"2025-06-14T23:34:15+00:00\" \/>\n<meta property=\"og:image\" content=\"https:\/\/custom-parts.fr\/wp-content\/uploads\/2024\/11\/Garniture-levier-de-vitesse-MINI-Cooper-R50-R52-R53-Noir-Brillant-Carbone-4.jpg\" \/>\n\t<meta property=\"og:image:width\" content=\"500\" \/>\n\t<meta property=\"og:image:height\" content=\"500\" \/>\n\t<meta property=\"og:image:type\" content=\"image\/jpeg\" \/>\n<meta name=\"twitter:card\" content=\"summary_large_image\" \/>\n<meta name=\"twitter:label1\" content=\"Gesch\u00e4tzte Lesezeit\" \/>\n\t<meta name=\"twitter:data1\" content=\"3\u00a0Minute\" \/>\n<script type=\"application\/ld+json\" class=\"yoast-schema-graph\">{\"@context\":\"https:\/\/schema.org\",\"@graph\":[{\"@type\":\"WebPage\",\"@id\":\"https:\/\/custom-parts.fr\/de\/produkt\/garniture-levier-de-vitesse-mini-cooper-r50-r52-r53-noir-brillant-carbone\/\",\"url\":\"https:\/\/custom-parts.fr\/de\/produkt\/garniture-levier-de-vitesse-mini-cooper-r50-r52-r53-noir-brillant-carbone\/\",\"name\":\"Garniture levier de vitesse pour MINI Cooper R50, R52, R53 | D\u00e9co int\u00e9rieure\",\"isPartOf\":{\"@id\":\"https:\/\/custom-parts.fr\/de\/#website\"},\"primaryImageOfPage\":{\"@id\":\"https:\/\/custom-parts.fr\/de\/produkt\/garniture-levier-de-vitesse-mini-cooper-r50-r52-r53-noir-brillant-carbone\/#primaryimage\"},\"image\":{\"@id\":\"https:\/\/custom-parts.fr\/de\/produkt\/garniture-levier-de-vitesse-mini-cooper-r50-r52-r53-noir-brillant-carbone\/#primaryimage\"},\"thumbnailUrl\":\"https:\/\/custom-parts.fr\/wp-content\/uploads\/2024\/11\/Garniture-levier-de-vitesse-MINI-Cooper-R50-R52-R53-Noir-Brillant-Carbone-4.jpg\",\"datePublished\":\"2024-11-18T18:41:33+00:00\",\"dateModified\":\"2025-06-14T23:34:15+00:00\",\"description\":\"Schaltknaufverkleidungen f\u00fcr Mini Cooper R50, R52, R53 - Schwarz Gl\u00e4nzend | Carbon D\u00e9couvrez tous vos accessoires int\u00e9rieurs custom sur Custom-Parts.fr !\",\"breadcrumb\":{\"@id\":\"https:\/\/custom-parts.fr\/de\/produkt\/garniture-levier-de-vitesse-mini-cooper-r50-r52-r53-noir-brillant-carbone\/#breadcrumb\"},\"inLanguage\":\"de\",\"potentialAction\":[{\"@type\":\"ReadAction\",\"target\":[\"https:\/\/custom-parts.fr\/de\/produkt\/garniture-levier-de-vitesse-mini-cooper-r50-r52-r53-noir-brillant-carbone\/\"]}]},{\"@type\":\"ImageObject\",\"inLanguage\":\"de\",\"@id\":\"https:\/\/custom-parts.fr\/de\/produkt\/garniture-levier-de-vitesse-mini-cooper-r50-r52-r53-noir-brillant-carbone\/#primaryimage\",\"url\":\"https:\/\/custom-parts.fr\/wp-content\/uploads\/2024\/11\/Garniture-levier-de-vitesse-MINI-Cooper-R50-R52-R53-Noir-Brillant-Carbone-4.jpg\",\"contentUrl\":\"https:\/\/custom-parts.fr\/wp-content\/uploads\/2024\/11\/Garniture-levier-de-vitesse-MINI-Cooper-R50-R52-R53-Noir-Brillant-Carbone-4.jpg\",\"width\":500,\"height\":500},{\"@type\":\"BreadcrumbList\",\"@id\":\"https:\/\/custom-parts.fr\/de\/produkt\/garniture-levier-de-vitesse-mini-cooper-r50-r52-r53-noir-brillant-carbone\/#breadcrumb\",\"itemListElement\":[{\"@type\":\"ListItem\",\"position\":1,\"name\":\"Startseite\",\"item\":\"https:\/\/custom-parts.fr\/de\/kaufen-sie-teile-und-zubehoer-fuer-mini-bmw-custom-parts-de\/\"},{\"@type\":\"ListItem\",\"position\":2,\"name\":\"Shop\",\"item\":\"https:\/\/custom-parts.fr\/de\/alle-produkte\/\"},{\"@type\":\"ListItem\",\"position\":3,\"name\":\"Schaltknaufverkleidungen f\u00fcr Mini Cooper R50, R52, R53 &#8211; Schwarz Gl\u00e4nzend | Carbon\"}]},{\"@type\":\"WebSite\",\"@id\":\"https:\/\/custom-parts.fr\/de\/#website\",\"url\":\"https:\/\/custom-parts.fr\/de\/\",\"name\":\"Custom-Parts.fr\",\"description\":\"Custom BMW MINI Ersatzteile & Zubeh\u00f6r\",\"publisher\":{\"@id\":\"https:\/\/custom-parts.fr\/de\/#organization\"},\"potentialAction\":[{\"@type\":\"SearchAction\",\"target\":{\"@type\":\"EntryPoint\",\"urlTemplate\":\"https:\/\/custom-parts.fr\/de\/?s={search_term_string}\"},\"query-input\":{\"@type\":\"PropertyValueSpecification\",\"valueRequired\":true,\"valueName\":\"search_term_string\"}}],\"inLanguage\":\"de\"},{\"@type\":\"Organization\",\"@id\":\"https:\/\/custom-parts.fr\/de\/#organization\",\"name\":\"Custom-Parts\",\"url\":\"https:\/\/custom-parts.fr\/de\/\",\"logo\":{\"@type\":\"ImageObject\",\"inLanguage\":\"de\",\"@id\":\"https:\/\/custom-parts.fr\/de\/#\/schema\/logo\/image\/\",\"url\":\"https:\/\/custom-parts.fr\/wp-content\/uploads\/2023\/01\/cropped-cropped-cropped-final-new-police-2-1-1.png\",\"contentUrl\":\"https:\/\/custom-parts.fr\/wp-content\/uploads\/2023\/01\/cropped-cropped-cropped-final-new-police-2-1-1.png\",\"width\":450,\"height\":125,\"caption\":\"Custom-Parts\"},\"image\":{\"@id\":\"https:\/\/custom-parts.fr\/de\/#\/schema\/logo\/image\/\"}}]}<\/script>\n<!-- \/ Yoast SEO plugin. -->","yoast_head_json":{"title":"Garniture levier de vitesse pour MINI Cooper R50, R52, R53 | D\u00e9co int\u00e9rieure","description":"Schaltknaufverkleidungen f\u00fcr Mini Cooper R50, R52, R53 - Schwarz Gl\u00e4nzend | Carbon D\u00e9couvrez tous vos accessoires int\u00e9rieurs custom sur Custom-Parts.fr !","robots":{"index":"index","follow":"follow","max-snippet":"max-snippet:-1","max-image-preview":"max-image-preview:large","max-video-preview":"max-video-preview:-1"},"canonical":"https:\/\/custom-parts.fr\/de\/produkt\/garniture-levier-de-vitesse-mini-cooper-r50-r52-r53-noir-brillant-carbone\/","og_locale":"de_DE","og_type":"article","og_title":"Garniture levier de vitesse pour MINI Cooper R50, R52, R53 | D\u00e9co int\u00e9rieure","og_description":"Schaltknaufverkleidungen f\u00fcr Mini Cooper R50, R52, R53 - Schwarz Gl\u00e4nzend | Carbon D\u00e9couvrez tous vos accessoires int\u00e9rieurs custom sur Custom-Parts.fr !","og_url":"https:\/\/custom-parts.fr\/de\/produkt\/garniture-levier-de-vitesse-mini-cooper-r50-r52-r53-noir-brillant-carbone\/","og_site_name":"Custom-Parts.fr","article_modified_time":"2025-06-14T23:34:15+00:00","og_image":[{"width":500,"height":500,"url":"https:\/\/custom-parts.fr\/wp-content\/uploads\/2024\/11\/Garniture-levier-de-vitesse-MINI-Cooper-R50-R52-R53-Noir-Brillant-Carbone-4.jpg","type":"image\/jpeg"}],"twitter_card":"summary_large_image","twitter_misc":{"Gesch\u00e4tzte Lesezeit":"3\u00a0Minute"},"schema":{"@context":"https:\/\/schema.org","@graph":[{"@type":"WebPage","@id":"https:\/\/custom-parts.fr\/de\/produkt\/garniture-levier-de-vitesse-mini-cooper-r50-r52-r53-noir-brillant-carbone\/","url":"https:\/\/custom-parts.fr\/de\/produkt\/garniture-levier-de-vitesse-mini-cooper-r50-r52-r53-noir-brillant-carbone\/","name":"Garniture levier de vitesse pour MINI Cooper R50, R52, R53 | D\u00e9co int\u00e9rieure","isPartOf":{"@id":"https:\/\/custom-parts.fr\/de\/#website"},"primaryImageOfPage":{"@id":"https:\/\/custom-parts.fr\/de\/produkt\/garniture-levier-de-vitesse-mini-cooper-r50-r52-r53-noir-brillant-carbone\/#primaryimage"},"image":{"@id":"https:\/\/custom-parts.fr\/de\/produkt\/garniture-levier-de-vitesse-mini-cooper-r50-r52-r53-noir-brillant-carbone\/#primaryimage"},"thumbnailUrl":"https:\/\/custom-parts.fr\/wp-content\/uploads\/2024\/11\/Garniture-levier-de-vitesse-MINI-Cooper-R50-R52-R53-Noir-Brillant-Carbone-4.jpg","datePublished":"2024-11-18T18:41:33+00:00","dateModified":"2025-06-14T23:34:15+00:00","description":"Schaltknaufverkleidungen f\u00fcr Mini Cooper R50, R52, R53 - Schwarz Gl\u00e4nzend | Carbon D\u00e9couvrez tous vos accessoires int\u00e9rieurs custom sur Custom-Parts.fr !","breadcrumb":{"@id":"https:\/\/custom-parts.fr\/de\/produkt\/garniture-levier-de-vitesse-mini-cooper-r50-r52-r53-noir-brillant-carbone\/#breadcrumb"},"inLanguage":"de","potentialAction":[{"@type":"ReadAction","target":["https:\/\/custom-parts.fr\/de\/produkt\/garniture-levier-de-vitesse-mini-cooper-r50-r52-r53-noir-brillant-carbone\/"]}]},{"@type":"ImageObject","inLanguage":"de","@id":"https:\/\/custom-parts.fr\/de\/produkt\/garniture-levier-de-vitesse-mini-cooper-r50-r52-r53-noir-brillant-carbone\/#primaryimage","url":"https:\/\/custom-parts.fr\/wp-content\/uploads\/2024\/11\/Garniture-levier-de-vitesse-MINI-Cooper-R50-R52-R53-Noir-Brillant-Carbone-4.jpg","contentUrl":"https:\/\/custom-parts.fr\/wp-content\/uploads\/2024\/11\/Garniture-levier-de-vitesse-MINI-Cooper-R50-R52-R53-Noir-Brillant-Carbone-4.jpg","width":500,"height":500},{"@type":"BreadcrumbList","@id":"https:\/\/custom-parts.fr\/de\/produkt\/garniture-levier-de-vitesse-mini-cooper-r50-r52-r53-noir-brillant-carbone\/#breadcrumb","itemListElement":[{"@type":"ListItem","position":1,"name":"Startseite","item":"https:\/\/custom-parts.fr\/de\/kaufen-sie-teile-und-zubehoer-fuer-mini-bmw-custom-parts-de\/"},{"@type":"ListItem","position":2,"name":"Shop","item":"https:\/\/custom-parts.fr\/de\/alle-produkte\/"},{"@type":"ListItem","position":3,"name":"Schaltknaufverkleidungen f\u00fcr Mini Cooper R50, R52, R53 &#8211; Schwarz Gl\u00e4nzend | Carbon"}]},{"@type":"WebSite","@id":"https:\/\/custom-parts.fr\/de\/#website","url":"https:\/\/custom-parts.fr\/de\/","name":"Custom-Parts.fr","description":"Custom BMW MINI Ersatzteile & Zubeh\u00f6r","publisher":{"@id":"https:\/\/custom-parts.fr\/de\/#organization"},"potentialAction":[{"@type":"SearchAction","target":{"@type":"EntryPoint","urlTemplate":"https:\/\/custom-parts.fr\/de\/?s={search_term_string}"},"query-input":{"@type":"PropertyValueSpecification","valueRequired":true,"valueName":"search_term_string"}}],"inLanguage":"de"},{"@type":"Organization","@id":"https:\/\/custom-parts.fr\/de\/#organization","name":"Custom-Parts","url":"https:\/\/custom-parts.fr\/de\/","logo":{"@type":"ImageObject","inLanguage":"de","@id":"https:\/\/custom-parts.fr\/de\/#\/schema\/logo\/image\/","url":"https:\/\/custom-parts.fr\/wp-content\/uploads\/2023\/01\/cropped-cropped-cropped-final-new-police-2-1-1.png","contentUrl":"https:\/\/custom-parts.fr\/wp-content\/uploads\/2023\/01\/cropped-cropped-cropped-final-new-police-2-1-1.png","width":450,"height":125,"caption":"Custom-Parts"},"image":{"@id":"https:\/\/custom-parts.fr\/de\/#\/schema\/logo\/image\/"}}]}},"_links":{"self":[{"href":"https:\/\/custom-parts.fr\/de\/wp-json\/wp\/v2\/product\/24674","targetHints":{"allow":["GET"]}}],"collection":[{"href":"https:\/\/custom-parts.fr\/de\/wp-json\/wp\/v2\/product"}],"about":[{"href":"https:\/\/custom-parts.fr\/de\/wp-json\/wp\/v2\/types\/product"}],"replies":[{"embeddable":true,"href":"https:\/\/custom-parts.fr\/de\/wp-json\/wp\/v2\/comments?post=24674"}],"wp:featuredmedia":[{"embeddable":true,"href":"https:\/\/custom-parts.fr\/de\/wp-json\/wp\/v2\/media\/24548"}],"wp:attachment":[{"href":"https:\/\/custom-parts.fr\/de\/wp-json\/wp\/v2\/media?parent=24674"}],"wp:term":[{"taxonomy":"product_brand","embeddable":true,"href":"https:\/\/custom-parts.fr\/de\/wp-json\/wp\/v2\/product_brand?post=24674"},{"taxonomy":"product_cat","embeddable":true,"href":"https:\/\/custom-parts.fr\/de\/wp-json\/wp\/v2\/product_cat?post=24674"},{"taxonomy":"product_tag","embeddable":true,"href":"https:\/\/custom-parts.fr\/de\/wp-json\/wp\/v2\/product_tag?post=24674"}],"curies":[{"name":"wp","href":"https:\/\/api.w.org\/{rel}","templated":true}]}}