{"id":24679,"date":"2024-03-26T17:32:36","date_gmt":"2024-03-26T16:32:36","guid":{"rendered":"https:\/\/custom-parts.fr\/produit\/garniture-conduit-dair-pare-choc-mini-cooper-f55-f56-f57-noir-brillant\/"},"modified":"2025-06-15T01:34:12","modified_gmt":"2025-06-14T23:34:12","slug":"garniture-conduit-dair-pare-choc-mini-cooper-f55-f56-f57-noir-brillant","status":"publish","type":"product","link":"https:\/\/custom-parts.fr\/de\/produkt\/garniture-conduit-dair-pare-choc-mini-cooper-f55-f56-f57-noir-brillant\/","title":{"rendered":"Luftleitbleche f\u00fcr Sto\u00dfstangen f\u00fcr Mini Cooper S F55 F56 F57 Phase 1 &#038; 2 &#8211; Hochgl\u00e4nzend Schwarz"},"content":{"rendered":"<p>Verwandeln Sie das Erscheinungsbild Ihres MINI Cooper S im Handumdrehen mit diesen Luftleitblechen f\u00fcr die vorderen Sto\u00dfstangen des MINI Cooper S F55 F56 und F57! Ma\u00dfgeschneidert f\u00fcr die 3. Generation der Mini Cooper S in der 3-T\u00fcrer-, 5-T\u00fcrer- und Cabriolet\/Convertible-Version, werden die Luftleitbleche direkt an Ihrer Originalsto\u00dfstange montiert. Elegant und einfach zu installieren, ist dieses Kit die perfekte L\u00f6sung, um Ihrer MINI einen neuen Look mit einem Hauch von Piano Black zu verleihen oder einfach Ihre Originalverkleidungen zu ersetzen.<\/p>\n<p>Sie sind nur f\u00fcr die Phase 1 und Phase 2 von 2014 bis 2021 geeignet. Wenn das Baujahr Ihres Mini 2021 ist, \u00fcberpr\u00fcfen Sie bitte anhand von Fotos, ob Sie ein Modell der Phase 2 oder Phase 3 haben.  <\/p>\n<h2><strong>Eigenschaften:<\/strong><\/h2>\n<ul>\n<li>Original Teile-Referenz: 51117337809, 51117337810<\/li>\n<li>Farbe: Hochglanz Schwarz<\/li>\n<li>Material: ABS-Kunststoff<\/li>\n<li><u>Verkauf im Paar<\/u><\/li>\n<\/ul>\n<h2><strong>Geeignet f\u00fcr:<\/strong><\/h2>\n<ul>\n<li><u>Nur Cooper S Modelle<\/u><\/li>\n<li>Mini Cooper S 5 T\u00fcren F55 \u2013 Phase 1 und Phase 2 \u2013 2015 bis 2021<\/li>\n<li>Mini Cooper S 3 T\u00fcren F56 \u2013 Phase 1 und Phase 2 \u2013 2014 bis 2021<\/li>\n<li>Mini Cooper S Cabriolet\/Convertible F57 \u2013 Phase 1 und Phase 2 \u2013 2016 &#8211; 2021<\/li>\n<li><u>Nicht geeignet f\u00fcr Phase 3 Modelle von 2021 bis 2023<\/u><\/li>\n<\/ul>\n","protected":false},"excerpt":{"rendered":"<p><span style=\"color: #39991a; font-weight: 900;\">\u2713<\/span> Gestalten Sie Ihren Mini ganz nach Ihrem Geschmack!<br \/>\n<span style=\"color: #39991a; font-weight: 900;\">\u2713<\/span> Einfach zu installieren und auszutauschen<br \/>\n<span style=\"color: #39991a; font-weight: 900;\">\u2713<\/span> Perfekte Passform f\u00fcr Ihr Originalteil<\/p>\n","protected":false},"featured_media":24484,"comment_status":"open","ping_status":"closed","template":"","meta":[],"product_brand":[],"product_cat":[191,198,195],"product_tag":[],"class_list":{"0":"post-24679","1":"product","2":"type-product","3":"status-publish","4":"has-post-thumbnail","6":"product_cat-mini-cooper-ersatzteile-zubehoer","7":"product_cat-ersatzteilen-zubehor-mini-3-gen","8":"product_cat-exterieur-zubehor-fur-mini-3-gen","10":"first","11":"instock","12":"taxable","13":"shipping-taxable","14":"purchasable","15":"product-type-simple"},"yoast_head":"<!-- This site is optimized with the Yoast SEO plugin v27.2 - https:\/\/yoast.com\/product\/yoast-seo-wordpress\/ -->\n<title>Garnitures conduits d&#039;air Pare-chocs MINI Cooper S F55 F56 F57 Phase 1 &amp; 2<\/title>\n<meta name=\"description\" content=\"Achetez vos Luftleitbleche f\u00fcr Sto\u00dfstangen f\u00fcr Mini Cooper S F55 F56 F57 Phase 1 &amp; 2 - Hochgl\u00e4nzend Schwarz et tous vos accessoires sur Custom-Parts.fr !\" \/>\n<meta name=\"robots\" content=\"index, follow, max-snippet:-1, max-image-preview:large, max-video-preview:-1\" \/>\n<link rel=\"canonical\" href=\"https:\/\/custom-parts.fr\/de\/produkt\/garniture-conduit-dair-pare-choc-mini-cooper-f55-f56-f57-noir-brillant\/\" \/>\n<meta property=\"og:locale\" content=\"de_DE\" \/>\n<meta property=\"og:type\" content=\"article\" \/>\n<meta property=\"og:title\" content=\"Garnitures conduits d&#039;air Pare-chocs MINI Cooper S F55 F56 F57 Phase 1 &amp; 2\" \/>\n<meta property=\"og:description\" content=\"Achetez vos Luftleitbleche f\u00fcr Sto\u00dfstangen f\u00fcr Mini Cooper S F55 F56 F57 Phase 1 &amp; 2 - Hochgl\u00e4nzend Schwarz et tous vos accessoires sur Custom-Parts.fr !\" \/>\n<meta property=\"og:url\" content=\"https:\/\/custom-parts.fr\/de\/produkt\/garniture-conduit-dair-pare-choc-mini-cooper-f55-f56-f57-noir-brillant\/\" \/>\n<meta property=\"og:site_name\" content=\"Custom-Parts.fr\" \/>\n<meta property=\"article:modified_time\" content=\"2025-06-14T23:34:12+00:00\" \/>\n<meta property=\"og:image\" content=\"https:\/\/custom-parts.fr\/wp-content\/uploads\/2024\/03\/Garnitures-conduits-dair-de-Pare-chocs-MINI-Cooper-S-F55-F56-F57-Phase-1-2-Noirs-Brillants-1.jpg\" \/>\n\t<meta property=\"og:image:width\" content=\"500\" \/>\n\t<meta property=\"og:image:height\" content=\"500\" \/>\n\t<meta property=\"og:image:type\" content=\"image\/jpeg\" \/>\n<meta name=\"twitter:card\" content=\"summary_large_image\" \/>\n<meta name=\"twitter:label1\" content=\"Gesch\u00e4tzte Lesezeit\" \/>\n\t<meta name=\"twitter:data1\" content=\"2\u00a0Minute\" \/>\n<script type=\"application\/ld+json\" class=\"yoast-schema-graph\">{\"@context\":\"https:\/\/schema.org\",\"@graph\":[{\"@type\":\"WebPage\",\"@id\":\"https:\/\/custom-parts.fr\/de\/produkt\/garniture-conduit-dair-pare-choc-mini-cooper-f55-f56-f57-noir-brillant\/\",\"url\":\"https:\/\/custom-parts.fr\/de\/produkt\/garniture-conduit-dair-pare-choc-mini-cooper-f55-f56-f57-noir-brillant\/\",\"name\":\"Garnitures conduits d'air Pare-chocs MINI Cooper S F55 F56 F57 Phase 1 & 2\",\"isPartOf\":{\"@id\":\"https:\/\/custom-parts.fr\/de\/#website\"},\"primaryImageOfPage\":{\"@id\":\"https:\/\/custom-parts.fr\/de\/produkt\/garniture-conduit-dair-pare-choc-mini-cooper-f55-f56-f57-noir-brillant\/#primaryimage\"},\"image\":{\"@id\":\"https:\/\/custom-parts.fr\/de\/produkt\/garniture-conduit-dair-pare-choc-mini-cooper-f55-f56-f57-noir-brillant\/#primaryimage\"},\"thumbnailUrl\":\"https:\/\/custom-parts.fr\/wp-content\/uploads\/2024\/03\/Garnitures-conduits-dair-de-Pare-chocs-MINI-Cooper-S-F55-F56-F57-Phase-1-2-Noirs-Brillants-1.jpg\",\"datePublished\":\"2024-03-26T16:32:36+00:00\",\"dateModified\":\"2025-06-14T23:34:12+00:00\",\"description\":\"Achetez vos Luftleitbleche f\u00fcr Sto\u00dfstangen f\u00fcr Mini Cooper S F55 F56 F57 Phase 1 & 2 - Hochgl\u00e4nzend Schwarz et tous vos accessoires sur Custom-Parts.fr !\",\"breadcrumb\":{\"@id\":\"https:\/\/custom-parts.fr\/de\/produkt\/garniture-conduit-dair-pare-choc-mini-cooper-f55-f56-f57-noir-brillant\/#breadcrumb\"},\"inLanguage\":\"de\",\"potentialAction\":[{\"@type\":\"ReadAction\",\"target\":[\"https:\/\/custom-parts.fr\/de\/produkt\/garniture-conduit-dair-pare-choc-mini-cooper-f55-f56-f57-noir-brillant\/\"]}]},{\"@type\":\"ImageObject\",\"inLanguage\":\"de\",\"@id\":\"https:\/\/custom-parts.fr\/de\/produkt\/garniture-conduit-dair-pare-choc-mini-cooper-f55-f56-f57-noir-brillant\/#primaryimage\",\"url\":\"https:\/\/custom-parts.fr\/wp-content\/uploads\/2024\/03\/Garnitures-conduits-dair-de-Pare-chocs-MINI-Cooper-S-F55-F56-F57-Phase-1-2-Noirs-Brillants-1.jpg\",\"contentUrl\":\"https:\/\/custom-parts.fr\/wp-content\/uploads\/2024\/03\/Garnitures-conduits-dair-de-Pare-chocs-MINI-Cooper-S-F55-F56-F57-Phase-1-2-Noirs-Brillants-1.jpg\",\"width\":500,\"height\":500},{\"@type\":\"BreadcrumbList\",\"@id\":\"https:\/\/custom-parts.fr\/de\/produkt\/garniture-conduit-dair-pare-choc-mini-cooper-f55-f56-f57-noir-brillant\/#breadcrumb\",\"itemListElement\":[{\"@type\":\"ListItem\",\"position\":1,\"name\":\"Startseite\",\"item\":\"https:\/\/custom-parts.fr\/de\/kaufen-sie-teile-und-zubehoer-fuer-mini-bmw-custom-parts-de\/\"},{\"@type\":\"ListItem\",\"position\":2,\"name\":\"Shop\",\"item\":\"https:\/\/custom-parts.fr\/de\/alle-produkte\/\"},{\"@type\":\"ListItem\",\"position\":3,\"name\":\"Luftleitbleche f\u00fcr Sto\u00dfstangen f\u00fcr Mini Cooper S F55 F56 F57 Phase 1 &#038; 2 &#8211; Hochgl\u00e4nzend Schwarz\"}]},{\"@type\":\"WebSite\",\"@id\":\"https:\/\/custom-parts.fr\/de\/#website\",\"url\":\"https:\/\/custom-parts.fr\/de\/\",\"name\":\"Custom-Parts.fr\",\"description\":\"Custom BMW MINI Ersatzteile & Zubeh\u00f6r\",\"publisher\":{\"@id\":\"https:\/\/custom-parts.fr\/de\/#organization\"},\"potentialAction\":[{\"@type\":\"SearchAction\",\"target\":{\"@type\":\"EntryPoint\",\"urlTemplate\":\"https:\/\/custom-parts.fr\/de\/?s={search_term_string}\"},\"query-input\":{\"@type\":\"PropertyValueSpecification\",\"valueRequired\":true,\"valueName\":\"search_term_string\"}}],\"inLanguage\":\"de\"},{\"@type\":\"Organization\",\"@id\":\"https:\/\/custom-parts.fr\/de\/#organization\",\"name\":\"Custom-Parts\",\"url\":\"https:\/\/custom-parts.fr\/de\/\",\"logo\":{\"@type\":\"ImageObject\",\"inLanguage\":\"de\",\"@id\":\"https:\/\/custom-parts.fr\/de\/#\/schema\/logo\/image\/\",\"url\":\"https:\/\/custom-parts.fr\/wp-content\/uploads\/2023\/01\/cropped-cropped-cropped-final-new-police-2-1-1.png\",\"contentUrl\":\"https:\/\/custom-parts.fr\/wp-content\/uploads\/2023\/01\/cropped-cropped-cropped-final-new-police-2-1-1.png\",\"width\":450,\"height\":125,\"caption\":\"Custom-Parts\"},\"image\":{\"@id\":\"https:\/\/custom-parts.fr\/de\/#\/schema\/logo\/image\/\"}}]}<\/script>\n<!-- \/ Yoast SEO plugin. -->","yoast_head_json":{"title":"Garnitures conduits d'air Pare-chocs MINI Cooper S F55 F56 F57 Phase 1 & 2","description":"Achetez vos Luftleitbleche f\u00fcr Sto\u00dfstangen f\u00fcr Mini Cooper S F55 F56 F57 Phase 1 & 2 - Hochgl\u00e4nzend Schwarz et tous vos accessoires sur Custom-Parts.fr !","robots":{"index":"index","follow":"follow","max-snippet":"max-snippet:-1","max-image-preview":"max-image-preview:large","max-video-preview":"max-video-preview:-1"},"canonical":"https:\/\/custom-parts.fr\/de\/produkt\/garniture-conduit-dair-pare-choc-mini-cooper-f55-f56-f57-noir-brillant\/","og_locale":"de_DE","og_type":"article","og_title":"Garnitures conduits d'air Pare-chocs MINI Cooper S F55 F56 F57 Phase 1 & 2","og_description":"Achetez vos Luftleitbleche f\u00fcr Sto\u00dfstangen f\u00fcr Mini Cooper S F55 F56 F57 Phase 1 & 2 - Hochgl\u00e4nzend Schwarz et tous vos accessoires sur Custom-Parts.fr !","og_url":"https:\/\/custom-parts.fr\/de\/produkt\/garniture-conduit-dair-pare-choc-mini-cooper-f55-f56-f57-noir-brillant\/","og_site_name":"Custom-Parts.fr","article_modified_time":"2025-06-14T23:34:12+00:00","og_image":[{"width":500,"height":500,"url":"https:\/\/custom-parts.fr\/wp-content\/uploads\/2024\/03\/Garnitures-conduits-dair-de-Pare-chocs-MINI-Cooper-S-F55-F56-F57-Phase-1-2-Noirs-Brillants-1.jpg","type":"image\/jpeg"}],"twitter_card":"summary_large_image","twitter_misc":{"Gesch\u00e4tzte Lesezeit":"2\u00a0Minute"},"schema":{"@context":"https:\/\/schema.org","@graph":[{"@type":"WebPage","@id":"https:\/\/custom-parts.fr\/de\/produkt\/garniture-conduit-dair-pare-choc-mini-cooper-f55-f56-f57-noir-brillant\/","url":"https:\/\/custom-parts.fr\/de\/produkt\/garniture-conduit-dair-pare-choc-mini-cooper-f55-f56-f57-noir-brillant\/","name":"Garnitures conduits d'air Pare-chocs MINI Cooper S F55 F56 F57 Phase 1 & 2","isPartOf":{"@id":"https:\/\/custom-parts.fr\/de\/#website"},"primaryImageOfPage":{"@id":"https:\/\/custom-parts.fr\/de\/produkt\/garniture-conduit-dair-pare-choc-mini-cooper-f55-f56-f57-noir-brillant\/#primaryimage"},"image":{"@id":"https:\/\/custom-parts.fr\/de\/produkt\/garniture-conduit-dair-pare-choc-mini-cooper-f55-f56-f57-noir-brillant\/#primaryimage"},"thumbnailUrl":"https:\/\/custom-parts.fr\/wp-content\/uploads\/2024\/03\/Garnitures-conduits-dair-de-Pare-chocs-MINI-Cooper-S-F55-F56-F57-Phase-1-2-Noirs-Brillants-1.jpg","datePublished":"2024-03-26T16:32:36+00:00","dateModified":"2025-06-14T23:34:12+00:00","description":"Achetez vos Luftleitbleche f\u00fcr Sto\u00dfstangen f\u00fcr Mini Cooper S F55 F56 F57 Phase 1 & 2 - Hochgl\u00e4nzend Schwarz et tous vos accessoires sur Custom-Parts.fr !","breadcrumb":{"@id":"https:\/\/custom-parts.fr\/de\/produkt\/garniture-conduit-dair-pare-choc-mini-cooper-f55-f56-f57-noir-brillant\/#breadcrumb"},"inLanguage":"de","potentialAction":[{"@type":"ReadAction","target":["https:\/\/custom-parts.fr\/de\/produkt\/garniture-conduit-dair-pare-choc-mini-cooper-f55-f56-f57-noir-brillant\/"]}]},{"@type":"ImageObject","inLanguage":"de","@id":"https:\/\/custom-parts.fr\/de\/produkt\/garniture-conduit-dair-pare-choc-mini-cooper-f55-f56-f57-noir-brillant\/#primaryimage","url":"https:\/\/custom-parts.fr\/wp-content\/uploads\/2024\/03\/Garnitures-conduits-dair-de-Pare-chocs-MINI-Cooper-S-F55-F56-F57-Phase-1-2-Noirs-Brillants-1.jpg","contentUrl":"https:\/\/custom-parts.fr\/wp-content\/uploads\/2024\/03\/Garnitures-conduits-dair-de-Pare-chocs-MINI-Cooper-S-F55-F56-F57-Phase-1-2-Noirs-Brillants-1.jpg","width":500,"height":500},{"@type":"BreadcrumbList","@id":"https:\/\/custom-parts.fr\/de\/produkt\/garniture-conduit-dair-pare-choc-mini-cooper-f55-f56-f57-noir-brillant\/#breadcrumb","itemListElement":[{"@type":"ListItem","position":1,"name":"Startseite","item":"https:\/\/custom-parts.fr\/de\/kaufen-sie-teile-und-zubehoer-fuer-mini-bmw-custom-parts-de\/"},{"@type":"ListItem","position":2,"name":"Shop","item":"https:\/\/custom-parts.fr\/de\/alle-produkte\/"},{"@type":"ListItem","position":3,"name":"Luftleitbleche f\u00fcr Sto\u00dfstangen f\u00fcr Mini Cooper S F55 F56 F57 Phase 1 &#038; 2 &#8211; Hochgl\u00e4nzend Schwarz"}]},{"@type":"WebSite","@id":"https:\/\/custom-parts.fr\/de\/#website","url":"https:\/\/custom-parts.fr\/de\/","name":"Custom-Parts.fr","description":"Custom BMW MINI Ersatzteile & Zubeh\u00f6r","publisher":{"@id":"https:\/\/custom-parts.fr\/de\/#organization"},"potentialAction":[{"@type":"SearchAction","target":{"@type":"EntryPoint","urlTemplate":"https:\/\/custom-parts.fr\/de\/?s={search_term_string}"},"query-input":{"@type":"PropertyValueSpecification","valueRequired":true,"valueName":"search_term_string"}}],"inLanguage":"de"},{"@type":"Organization","@id":"https:\/\/custom-parts.fr\/de\/#organization","name":"Custom-Parts","url":"https:\/\/custom-parts.fr\/de\/","logo":{"@type":"ImageObject","inLanguage":"de","@id":"https:\/\/custom-parts.fr\/de\/#\/schema\/logo\/image\/","url":"https:\/\/custom-parts.fr\/wp-content\/uploads\/2023\/01\/cropped-cropped-cropped-final-new-police-2-1-1.png","contentUrl":"https:\/\/custom-parts.fr\/wp-content\/uploads\/2023\/01\/cropped-cropped-cropped-final-new-police-2-1-1.png","width":450,"height":125,"caption":"Custom-Parts"},"image":{"@id":"https:\/\/custom-parts.fr\/de\/#\/schema\/logo\/image\/"}}]}},"_links":{"self":[{"href":"https:\/\/custom-parts.fr\/de\/wp-json\/wp\/v2\/product\/24679","targetHints":{"allow":["GET"]}}],"collection":[{"href":"https:\/\/custom-parts.fr\/de\/wp-json\/wp\/v2\/product"}],"about":[{"href":"https:\/\/custom-parts.fr\/de\/wp-json\/wp\/v2\/types\/product"}],"replies":[{"embeddable":true,"href":"https:\/\/custom-parts.fr\/de\/wp-json\/wp\/v2\/comments?post=24679"}],"wp:featuredmedia":[{"embeddable":true,"href":"https:\/\/custom-parts.fr\/de\/wp-json\/wp\/v2\/media\/24484"}],"wp:attachment":[{"href":"https:\/\/custom-parts.fr\/de\/wp-json\/wp\/v2\/media?parent=24679"}],"wp:term":[{"taxonomy":"product_brand","embeddable":true,"href":"https:\/\/custom-parts.fr\/de\/wp-json\/wp\/v2\/product_brand?post=24679"},{"taxonomy":"product_cat","embeddable":true,"href":"https:\/\/custom-parts.fr\/de\/wp-json\/wp\/v2\/product_cat?post=24679"},{"taxonomy":"product_tag","embeddable":true,"href":"https:\/\/custom-parts.fr\/de\/wp-json\/wp\/v2\/product_tag?post=24679"}],"curies":[{"name":"wp","href":"https:\/\/api.w.org\/{rel}","templated":true}]}}