{"id":24680,"date":"2024-03-24T13:41:29","date_gmt":"2024-03-24T12:41:29","guid":{"rendered":"https:\/\/custom-parts.fr\/produit\/coques-poignees-de-portes-renault-clio-4-et-clio-iv-rs-2012-2020-noir-brillant\/"},"modified":"2026-03-29T20:22:39","modified_gmt":"2026-03-29T18:22:39","slug":"coques-poignees-de-portes-renault-clio-4-et-clio-iv-rs-2012-2020-noir-brillant","status":"publish","type":"product","link":"https:\/\/custom-parts.fr\/de\/produkt\/coques-poignees-de-portes-renault-clio-4-et-clio-iv-rs-2012-2020-noir-brillant\/","title":{"rendered":"T\u00fcrgriff Verkleidungen Renault Clio 4 und Clio IV RS (2012-2020) Hochglanz Schwarz"},"content":{"rendered":"<p><strong>T\u00fcrgriffabdeckungen f\u00fcr Renault Clio 4 (MK4 \u2013 IV) und Clio 4 RS von 2012 bis 2020.<\/strong><\/p>\n<p>&nbsp;<\/p>\n<p>Diese Verkleidungen sind pr\u00e4zise nach den Ma\u00dfen der T\u00fcrgriffe Ihres Clio 4, unabh\u00e4ngig vom Modell, geformt. Durch die direkte Anwendung auf die Original-T\u00fcrgriffe mit einem hochwertigen doppelseitigen Klebeband k\u00f6nnen Sie das \u00c4u\u00dfere Ihres Renault Clio 4 und Clio IV RS ohne Demontage oder Werkzeuge ver\u00e4ndern. Das ultra-d\u00fcnne, ma\u00dfgefertigte Kunststoffmaterial bedeckt den T\u00fcrgriff perfekt, um ein identisches Aussehen wie das Original zu bewahren. Ein hervorragendes Produkt, um Ihrer Karosserie in wenigen Sekunden einen Hauch von Schwarz zu verleihen, mit der Garantie f\u00fcr ein perfektes Ergebnis.   <\/p>\n<p>&nbsp;<\/p>\n<p><strong>Hinweis: Die Verkleidungen sind mit einer transparenten Schutzfolie versehen, die nach der Montage entfernt werden muss. Die Schutzfolie kann die tats\u00e4chliche Farbe der in den Produktbeschreibungen angezeigten Fotos beeinflussen. Die Verkleidungen haben nach dem Entfernen der Schutzfolien immer eine gl\u00e4nzende Oberfl\u00e4che, es sei denn, es wird etwas anderes angegeben.  <\/strong><\/p>\n<p>&nbsp;<\/p>\n<h2>Eigenschaften:<\/h2>\n<ul>\n<li><strong>Hinweis: \u00dcberpr\u00fcfen Sie Ihr T\u00fcr\u00f6ffnungsystem vor dem Kauf, um die richtige Kompatibilit\u00e4t der Teile sicherzustellen.<\/strong><\/li>\n<li>Lieferung im Paar<\/li>\n<li>Farbe: gl\u00e4nzend Schwarz<\/li>\n<li>Material: ABS-Kunststoff<\/li>\n<li>Einfache Montage und Demontage dank des vorinstallierten doppelseitigen Klebebands.<\/li>\n<li>Bei kalten Temperaturen verwenden Sie einen Haartrockner, um den Kleber zu erw\u00e4rmen und die Haftung zu erleichtern.<\/li>\n<\/ul>\n<p>&nbsp;<\/p>\n<h2>Geeignet f\u00fcr :<\/h2>\n<ul>\n<li>Renault Clio 4 und Clio 4 RS von 2012 bis 2020<\/li>\n<\/ul>\n<p>&nbsp;<\/p>\n<p><img decoding=\"async\" class=\"alignnone size-medium wp-image-22362 lazyload\" data-src=\"https:\/\/custom-parts.fr\/wp-content\/uploads\/2023\/07\/Coques-Poignees-de-portes-pour-Renault-Megane-3-2008-2016-Noir-brillant-2-300x300.jpg\" alt=\"\" width=\"300\" height=\"300\" data-srcset=\"https:\/\/custom-parts.fr\/wp-content\/uploads\/2023\/07\/Coques-Poignees-de-portes-pour-Renault-Megane-3-2008-2016-Noir-brillant-2-300x300.jpg 300w, https:\/\/custom-parts.fr\/wp-content\/uploads\/2023\/07\/Coques-Poignees-de-portes-pour-Renault-Megane-3-2008-2016-Noir-brillant-2-150x150.jpg 150w, https:\/\/custom-parts.fr\/wp-content\/uploads\/2023\/07\/Coques-Poignees-de-portes-pour-Renault-Megane-3-2008-2016-Noir-brillant-2-100x100.jpg 100w, https:\/\/custom-parts.fr\/wp-content\/uploads\/2023\/07\/Coques-Poignees-de-portes-pour-Renault-Megane-3-2008-2016-Noir-brillant-2-48x48.jpg 48w, https:\/\/custom-parts.fr\/wp-content\/uploads\/2023\/07\/Coques-Poignees-de-portes-pour-Renault-Megane-3-2008-2016-Noir-brillant-2.jpg 500w\" data-sizes=\"(max-width: 300px) 100vw, 300px\" src=\"data:image\/svg+xml;base64,PHN2ZyB3aWR0aD0iMSIgaGVpZ2h0PSIxIiB4bWxucz0iaHR0cDovL3d3dy53My5vcmcvMjAwMC9zdmciPjwvc3ZnPg==\" style=\"--smush-placeholder-width: 300px; --smush-placeholder-aspect-ratio: 300\/300;\" \/><br \/>\n<em>Illustrationsfoto<\/em><\/p>\n","protected":false},"excerpt":{"rendered":"<p><span style=\"color: #39991a; font-weight: 900;\">\u2713<\/span> Gestalten Sie Ihren Clio ganz nach Ihrem Geschmack!<br \/>\n<span style=\"color: #39991a; font-weight: 900;\">\u2713<\/span> Einfach zu installieren und auszutauschen<br \/>\n<span style=\"color: #39991a; font-weight: 900;\">\u2713<\/span> Perfekte Passform f\u00fcr Ihr Originalteil<\/p>\n","protected":false},"featured_media":24365,"comment_status":"open","ping_status":"closed","template":"","meta":[],"product_brand":[],"product_cat":[176],"product_tag":[],"class_list":{"0":"post-24680","1":"product","2":"type-product","3":"status-publish","4":"has-post-thumbnail","6":"product_cat-renault-teile","8":"first","9":"instock","10":"taxable","11":"shipping-taxable","12":"purchasable","13":"product-type-variable"},"yoast_head":"<!-- This site is optimized with the Yoast SEO plugin v27.2 - https:\/\/yoast.com\/product\/yoast-seo-wordpress\/ -->\n<title>T\u00fcrgriff Verkleidungen Renault Clio 4 und Clio IV RS (2012-2020) Hochglanz Schwarz<\/title>\n<meta name=\"description\" content=\"Kaufen Sie Ihre T\u00fcrgriff Verkleidungen Renault Clio 4 und Clio IV RS (2012-2020) Hochglanz Schwarz und alle Ihre Accessoires auf Custom-Parts.de!\" \/>\n<meta name=\"robots\" content=\"index, follow, max-snippet:-1, max-image-preview:large, max-video-preview:-1\" \/>\n<link rel=\"canonical\" href=\"https:\/\/custom-parts.fr\/de\/produkt\/coques-poignees-de-portes-renault-clio-4-et-clio-iv-rs-2012-2020-noir-brillant\/\" \/>\n<meta property=\"og:locale\" content=\"de_DE\" \/>\n<meta property=\"og:type\" content=\"article\" \/>\n<meta property=\"og:title\" content=\"T\u00fcrgriff Verkleidungen Renault Clio 4 und Clio IV RS (2012-2020) Hochglanz Schwarz\" \/>\n<meta property=\"og:description\" content=\"Kaufen Sie Ihre T\u00fcrgriff Verkleidungen Renault Clio 4 und Clio IV RS (2012-2020) Hochglanz Schwarz und alle Ihre Accessoires auf Custom-Parts.de!\" \/>\n<meta property=\"og:url\" content=\"https:\/\/custom-parts.fr\/de\/produkt\/coques-poignees-de-portes-renault-clio-4-et-clio-iv-rs-2012-2020-noir-brillant\/\" \/>\n<meta property=\"og:site_name\" content=\"Custom-Parts.fr\" \/>\n<meta property=\"article:modified_time\" content=\"2026-03-29T18:22:39+00:00\" \/>\n<meta property=\"og:image\" content=\"https:\/\/custom-parts.fr\/wp-content\/uploads\/2023\/07\/Coques-Poignees-de-portes-pour-Renault-Megane-3-2008-2016-Noir-brillant-3.jpg\" \/>\n\t<meta property=\"og:image:width\" content=\"500\" \/>\n\t<meta property=\"og:image:height\" content=\"500\" \/>\n\t<meta property=\"og:image:type\" content=\"image\/jpeg\" \/>\n<meta name=\"twitter:card\" content=\"summary_large_image\" \/>\n<meta name=\"twitter:label1\" content=\"Gesch\u00e4tzte Lesezeit\" \/>\n\t<meta name=\"twitter:data1\" content=\"2\u00a0Minute\" \/>\n<script type=\"application\/ld+json\" class=\"yoast-schema-graph\">{\"@context\":\"https:\/\/schema.org\",\"@graph\":[{\"@type\":\"WebPage\",\"@id\":\"https:\/\/custom-parts.fr\/de\/produkt\/coques-poignees-de-portes-renault-clio-4-et-clio-iv-rs-2012-2020-noir-brillant\/\",\"url\":\"https:\/\/custom-parts.fr\/de\/produkt\/coques-poignees-de-portes-renault-clio-4-et-clio-iv-rs-2012-2020-noir-brillant\/\",\"name\":\"T\u00fcrgriff Verkleidungen Renault Clio 4 und Clio IV RS (2012-2020) Hochglanz Schwarz\",\"isPartOf\":{\"@id\":\"https:\/\/custom-parts.fr\/de\/#website\"},\"primaryImageOfPage\":{\"@id\":\"https:\/\/custom-parts.fr\/de\/produkt\/coques-poignees-de-portes-renault-clio-4-et-clio-iv-rs-2012-2020-noir-brillant\/#primaryimage\"},\"image\":{\"@id\":\"https:\/\/custom-parts.fr\/de\/produkt\/coques-poignees-de-portes-renault-clio-4-et-clio-iv-rs-2012-2020-noir-brillant\/#primaryimage\"},\"thumbnailUrl\":\"https:\/\/custom-parts.fr\/wp-content\/uploads\/2023\/07\/Coques-Poignees-de-portes-pour-Renault-Megane-3-2008-2016-Noir-brillant-3.jpg\",\"datePublished\":\"2024-03-24T12:41:29+00:00\",\"dateModified\":\"2026-03-29T18:22:39+00:00\",\"description\":\"Kaufen Sie Ihre T\u00fcrgriff Verkleidungen Renault Clio 4 und Clio IV RS (2012-2020) Hochglanz Schwarz und alle Ihre Accessoires auf Custom-Parts.de!\",\"breadcrumb\":{\"@id\":\"https:\/\/custom-parts.fr\/de\/produkt\/coques-poignees-de-portes-renault-clio-4-et-clio-iv-rs-2012-2020-noir-brillant\/#breadcrumb\"},\"inLanguage\":\"de\",\"potentialAction\":[{\"@type\":\"ReadAction\",\"target\":[\"https:\/\/custom-parts.fr\/de\/produkt\/coques-poignees-de-portes-renault-clio-4-et-clio-iv-rs-2012-2020-noir-brillant\/\"]}]},{\"@type\":\"ImageObject\",\"inLanguage\":\"de\",\"@id\":\"https:\/\/custom-parts.fr\/de\/produkt\/coques-poignees-de-portes-renault-clio-4-et-clio-iv-rs-2012-2020-noir-brillant\/#primaryimage\",\"url\":\"https:\/\/custom-parts.fr\/wp-content\/uploads\/2023\/07\/Coques-Poignees-de-portes-pour-Renault-Megane-3-2008-2016-Noir-brillant-3.jpg\",\"contentUrl\":\"https:\/\/custom-parts.fr\/wp-content\/uploads\/2023\/07\/Coques-Poignees-de-portes-pour-Renault-Megane-3-2008-2016-Noir-brillant-3.jpg\",\"width\":500,\"height\":500},{\"@type\":\"BreadcrumbList\",\"@id\":\"https:\/\/custom-parts.fr\/de\/produkt\/coques-poignees-de-portes-renault-clio-4-et-clio-iv-rs-2012-2020-noir-brillant\/#breadcrumb\",\"itemListElement\":[{\"@type\":\"ListItem\",\"position\":1,\"name\":\"Startseite\",\"item\":\"https:\/\/custom-parts.fr\/de\/kaufen-sie-teile-und-zubehoer-fuer-mini-bmw-custom-parts-de\/\"},{\"@type\":\"ListItem\",\"position\":2,\"name\":\"Shop\",\"item\":\"https:\/\/custom-parts.fr\/de\/alle-produkte\/\"},{\"@type\":\"ListItem\",\"position\":3,\"name\":\"T\u00fcrgriff Verkleidungen Renault Clio 4 und Clio IV RS (2012-2020) Hochglanz Schwarz\"}]},{\"@type\":\"WebSite\",\"@id\":\"https:\/\/custom-parts.fr\/de\/#website\",\"url\":\"https:\/\/custom-parts.fr\/de\/\",\"name\":\"Custom-Parts.fr\",\"description\":\"Custom BMW MINI Ersatzteile & Zubeh\u00f6r\",\"publisher\":{\"@id\":\"https:\/\/custom-parts.fr\/de\/#organization\"},\"potentialAction\":[{\"@type\":\"SearchAction\",\"target\":{\"@type\":\"EntryPoint\",\"urlTemplate\":\"https:\/\/custom-parts.fr\/de\/?s={search_term_string}\"},\"query-input\":{\"@type\":\"PropertyValueSpecification\",\"valueRequired\":true,\"valueName\":\"search_term_string\"}}],\"inLanguage\":\"de\"},{\"@type\":\"Organization\",\"@id\":\"https:\/\/custom-parts.fr\/de\/#organization\",\"name\":\"Custom-Parts\",\"url\":\"https:\/\/custom-parts.fr\/de\/\",\"logo\":{\"@type\":\"ImageObject\",\"inLanguage\":\"de\",\"@id\":\"https:\/\/custom-parts.fr\/de\/#\/schema\/logo\/image\/\",\"url\":\"https:\/\/custom-parts.fr\/wp-content\/uploads\/2023\/01\/cropped-cropped-cropped-final-new-police-2-1-1.png\",\"contentUrl\":\"https:\/\/custom-parts.fr\/wp-content\/uploads\/2023\/01\/cropped-cropped-cropped-final-new-police-2-1-1.png\",\"width\":450,\"height\":125,\"caption\":\"Custom-Parts\"},\"image\":{\"@id\":\"https:\/\/custom-parts.fr\/de\/#\/schema\/logo\/image\/\"}}]}<\/script>\n<!-- \/ Yoast SEO plugin. -->","yoast_head_json":{"title":"T\u00fcrgriff Verkleidungen Renault Clio 4 und Clio IV RS (2012-2020) Hochglanz Schwarz","description":"Kaufen Sie Ihre T\u00fcrgriff Verkleidungen Renault Clio 4 und Clio IV RS (2012-2020) Hochglanz Schwarz und alle Ihre Accessoires auf Custom-Parts.de!","robots":{"index":"index","follow":"follow","max-snippet":"max-snippet:-1","max-image-preview":"max-image-preview:large","max-video-preview":"max-video-preview:-1"},"canonical":"https:\/\/custom-parts.fr\/de\/produkt\/coques-poignees-de-portes-renault-clio-4-et-clio-iv-rs-2012-2020-noir-brillant\/","og_locale":"de_DE","og_type":"article","og_title":"T\u00fcrgriff Verkleidungen Renault Clio 4 und Clio IV RS (2012-2020) Hochglanz Schwarz","og_description":"Kaufen Sie Ihre T\u00fcrgriff Verkleidungen Renault Clio 4 und Clio IV RS (2012-2020) Hochglanz Schwarz und alle Ihre Accessoires auf Custom-Parts.de!","og_url":"https:\/\/custom-parts.fr\/de\/produkt\/coques-poignees-de-portes-renault-clio-4-et-clio-iv-rs-2012-2020-noir-brillant\/","og_site_name":"Custom-Parts.fr","article_modified_time":"2026-03-29T18:22:39+00:00","og_image":[{"width":500,"height":500,"url":"https:\/\/custom-parts.fr\/wp-content\/uploads\/2023\/07\/Coques-Poignees-de-portes-pour-Renault-Megane-3-2008-2016-Noir-brillant-3.jpg","type":"image\/jpeg"}],"twitter_card":"summary_large_image","twitter_misc":{"Gesch\u00e4tzte Lesezeit":"2\u00a0Minute"},"schema":{"@context":"https:\/\/schema.org","@graph":[{"@type":"WebPage","@id":"https:\/\/custom-parts.fr\/de\/produkt\/coques-poignees-de-portes-renault-clio-4-et-clio-iv-rs-2012-2020-noir-brillant\/","url":"https:\/\/custom-parts.fr\/de\/produkt\/coques-poignees-de-portes-renault-clio-4-et-clio-iv-rs-2012-2020-noir-brillant\/","name":"T\u00fcrgriff Verkleidungen Renault Clio 4 und Clio IV RS (2012-2020) Hochglanz Schwarz","isPartOf":{"@id":"https:\/\/custom-parts.fr\/de\/#website"},"primaryImageOfPage":{"@id":"https:\/\/custom-parts.fr\/de\/produkt\/coques-poignees-de-portes-renault-clio-4-et-clio-iv-rs-2012-2020-noir-brillant\/#primaryimage"},"image":{"@id":"https:\/\/custom-parts.fr\/de\/produkt\/coques-poignees-de-portes-renault-clio-4-et-clio-iv-rs-2012-2020-noir-brillant\/#primaryimage"},"thumbnailUrl":"https:\/\/custom-parts.fr\/wp-content\/uploads\/2023\/07\/Coques-Poignees-de-portes-pour-Renault-Megane-3-2008-2016-Noir-brillant-3.jpg","datePublished":"2024-03-24T12:41:29+00:00","dateModified":"2026-03-29T18:22:39+00:00","description":"Kaufen Sie Ihre T\u00fcrgriff Verkleidungen Renault Clio 4 und Clio IV RS (2012-2020) Hochglanz Schwarz und alle Ihre Accessoires auf Custom-Parts.de!","breadcrumb":{"@id":"https:\/\/custom-parts.fr\/de\/produkt\/coques-poignees-de-portes-renault-clio-4-et-clio-iv-rs-2012-2020-noir-brillant\/#breadcrumb"},"inLanguage":"de","potentialAction":[{"@type":"ReadAction","target":["https:\/\/custom-parts.fr\/de\/produkt\/coques-poignees-de-portes-renault-clio-4-et-clio-iv-rs-2012-2020-noir-brillant\/"]}]},{"@type":"ImageObject","inLanguage":"de","@id":"https:\/\/custom-parts.fr\/de\/produkt\/coques-poignees-de-portes-renault-clio-4-et-clio-iv-rs-2012-2020-noir-brillant\/#primaryimage","url":"https:\/\/custom-parts.fr\/wp-content\/uploads\/2023\/07\/Coques-Poignees-de-portes-pour-Renault-Megane-3-2008-2016-Noir-brillant-3.jpg","contentUrl":"https:\/\/custom-parts.fr\/wp-content\/uploads\/2023\/07\/Coques-Poignees-de-portes-pour-Renault-Megane-3-2008-2016-Noir-brillant-3.jpg","width":500,"height":500},{"@type":"BreadcrumbList","@id":"https:\/\/custom-parts.fr\/de\/produkt\/coques-poignees-de-portes-renault-clio-4-et-clio-iv-rs-2012-2020-noir-brillant\/#breadcrumb","itemListElement":[{"@type":"ListItem","position":1,"name":"Startseite","item":"https:\/\/custom-parts.fr\/de\/kaufen-sie-teile-und-zubehoer-fuer-mini-bmw-custom-parts-de\/"},{"@type":"ListItem","position":2,"name":"Shop","item":"https:\/\/custom-parts.fr\/de\/alle-produkte\/"},{"@type":"ListItem","position":3,"name":"T\u00fcrgriff Verkleidungen Renault Clio 4 und Clio IV RS (2012-2020) Hochglanz Schwarz"}]},{"@type":"WebSite","@id":"https:\/\/custom-parts.fr\/de\/#website","url":"https:\/\/custom-parts.fr\/de\/","name":"Custom-Parts.fr","description":"Custom BMW MINI Ersatzteile & Zubeh\u00f6r","publisher":{"@id":"https:\/\/custom-parts.fr\/de\/#organization"},"potentialAction":[{"@type":"SearchAction","target":{"@type":"EntryPoint","urlTemplate":"https:\/\/custom-parts.fr\/de\/?s={search_term_string}"},"query-input":{"@type":"PropertyValueSpecification","valueRequired":true,"valueName":"search_term_string"}}],"inLanguage":"de"},{"@type":"Organization","@id":"https:\/\/custom-parts.fr\/de\/#organization","name":"Custom-Parts","url":"https:\/\/custom-parts.fr\/de\/","logo":{"@type":"ImageObject","inLanguage":"de","@id":"https:\/\/custom-parts.fr\/de\/#\/schema\/logo\/image\/","url":"https:\/\/custom-parts.fr\/wp-content\/uploads\/2023\/01\/cropped-cropped-cropped-final-new-police-2-1-1.png","contentUrl":"https:\/\/custom-parts.fr\/wp-content\/uploads\/2023\/01\/cropped-cropped-cropped-final-new-police-2-1-1.png","width":450,"height":125,"caption":"Custom-Parts"},"image":{"@id":"https:\/\/custom-parts.fr\/de\/#\/schema\/logo\/image\/"}}]}},"_links":{"self":[{"href":"https:\/\/custom-parts.fr\/de\/wp-json\/wp\/v2\/product\/24680","targetHints":{"allow":["GET"]}}],"collection":[{"href":"https:\/\/custom-parts.fr\/de\/wp-json\/wp\/v2\/product"}],"about":[{"href":"https:\/\/custom-parts.fr\/de\/wp-json\/wp\/v2\/types\/product"}],"replies":[{"embeddable":true,"href":"https:\/\/custom-parts.fr\/de\/wp-json\/wp\/v2\/comments?post=24680"}],"wp:featuredmedia":[{"embeddable":true,"href":"https:\/\/custom-parts.fr\/de\/wp-json\/wp\/v2\/media\/24365"}],"wp:attachment":[{"href":"https:\/\/custom-parts.fr\/de\/wp-json\/wp\/v2\/media?parent=24680"}],"wp:term":[{"taxonomy":"product_brand","embeddable":true,"href":"https:\/\/custom-parts.fr\/de\/wp-json\/wp\/v2\/product_brand?post=24680"},{"taxonomy":"product_cat","embeddable":true,"href":"https:\/\/custom-parts.fr\/de\/wp-json\/wp\/v2\/product_cat?post=24680"},{"taxonomy":"product_tag","embeddable":true,"href":"https:\/\/custom-parts.fr\/de\/wp-json\/wp\/v2\/product_tag?post=24680"}],"curies":[{"name":"wp","href":"https:\/\/api.w.org\/{rel}","templated":true}]}}