{"id":24695,"date":"2024-03-10T02:49:48","date_gmt":"2024-03-10T01:49:48","guid":{"rendered":"https:\/\/custom-parts.fr\/produit\/capteur-de-pression-dair-et-de-suralimentation-map-bosch\/"},"modified":"2025-06-14T23:38:23","modified_gmt":"2025-06-14T21:38:23","slug":"capteur-de-pression-dair-et-de-suralimentation-map-bosch","status":"publish","type":"product","link":"https:\/\/custom-parts.fr\/de\/produkt\/capteur-de-pression-dair-et-de-suralimentation-map-bosch\/","title":{"rendered":"Luft- und Ladedrucksensor (MAP) BOSCH &#8211; RENAULT \/ DACIA OE 22 36 500 02R"},"content":{"rendered":"<p><strong>Luft- und Ladedrucksensor (MAP) BOSCH Art. Nr. 0281006028.<\/strong><\/p>\n<p>Ergibt sich f\u00fcr Renault M\u00e9gane, Clio, Sc\u00e9nic und die unten aufgef\u00fchrten Modelle.<\/p>\n<p>Bitte beachten Sie die Original-Herstellerreferenzen und den Reiter &#8222;Zus\u00e4tzliche Informationen&#8220;, um die Kompatibilit\u00e4t zu \u00fcberpr\u00fcfen.<\/p>\n<p><strong>Herstellerreferenzen:<\/strong><\/p>\n<ul>\n<li>OE 22 36 500 02R \u2014 RENAULT \/ DACIA<\/li>\n<li>OE 55 219 298 \u2014 OPEL \/ FIAT \/ ALFA ROMEO \/ CHEVROLET \/ JEEP \/ CHRYSLER \/ LANCIA \/ GMC \/ VAUXHALL<\/li>\n<li>OE 55206797 \u2014 FIAT<\/li>\n<li>OE 0000055219298 \u2014 FIAT<\/li>\n<li>OE 552182980 \u2014 FIAT<\/li>\n<li>OE 73503657 \u2014 FIAT \/ ALFA ROMEO \/ IVECO \/ LANCIA<\/li>\n<li>OE 504 369 148 \u2014 IVECO \/ CASE IH<\/li>\n<li>OE 37830-RBD-E01 \u2014 HONDA<\/li>\n<li>OE 37830-R3L-G01 \u2014 HONDA<\/li>\n<li>OE 37830-R3L-BG0 00 \u2014 HONDA<\/li>\n<li>OE 37830-RBD-E01 4 \u2014 HONDA<\/li>\n<li>OE 37830-R3L-G010 \u2014 HONDA<\/li>\n<li>OE 272880 \u2014 FERRARIOE 1235084 \u2014 GMC<\/li>\n<li>OE 22365 00QAL \u2014 NISSAN<\/li>\n<li>OE 500303029 \u2014 IVECO<\/li>\n<li>OE 504360148 \u2014 IVECO<\/li>\n<li>OE 0000500303029 \u2014 IVECO<\/li>\n<li>OE 504360149 \u2014 IVECO<\/li>\n<li>OE 1723819 \u2014 FORD<\/li>\n<li>OE BS51 9J559 BA \u2014 FORD<\/li>\n<li>OE 997 606 180 00 \u2014 PORSCHE<\/li>\n<li>OE 18590 68L01 000 \u2014 SUZUKI<\/li>\n<li>OE 18590-68L00 \u2014 SUZUKI<\/li>\n<li>OE 18590 68L00 000 \u2014 SUZUKI<\/li>\n<li>OE 18590-68L01 \u2014 SUZUKI<\/li>\n<li>OE DS-S3-TF \u2014 BOSCH<\/li>\n<\/ul>\n","protected":false},"excerpt":{"rendered":"<p>Luft- und Ladedrucksensor (MAP) BOSCH Art. Nr. 0281006028. Ergibt sich f\u00fcr Renault M\u00e9gane, Clio, Sc\u00e9nic und die unten aufgef\u00fchrten Modelle. Bitte beachten Sie die Original-Herstellerreferenzen und den Reiter &#8222;Zus\u00e4tzliche Informationen&#8220;, um die Kompatibilit\u00e4t zu \u00fcberpr\u00fcfen. Herstellerreferenzen: OE 22 36 500 02R \u2014 RENAULT \/ DACIA OE 55 219 298 \u2014 OPEL \/ FIAT \/ ALFA [&hellip;]<\/p>\n","protected":false},"featured_media":24476,"comment_status":"closed","ping_status":"closed","template":"","meta":[],"product_brand":[],"product_cat":[176],"product_tag":[],"class_list":{"0":"post-24695","1":"product","2":"type-product","3":"status-publish","4":"has-post-thumbnail","6":"product_cat-renault-teile","8":"first","9":"outofstock","10":"taxable","11":"shipping-taxable","12":"purchasable","13":"product-type-simple"},"yoast_head":"<!-- This site is optimized with the Yoast SEO plugin v27.2 - https:\/\/yoast.com\/product\/yoast-seo-wordpress\/ -->\n<title>Luft- und Ladedrucksensor (MAP) BOSCH - RENAULT \/ DACIA OE 22 36 500 02R<\/title>\n<meta name=\"description\" content=\"Achetez votre Luft- und Ladedrucksensor (MAP) BOSCH - RENAULT \/ DACIA OE 22 36 500 02R et tous vos accessoires Renault sur Custom-Parts.fr !\" \/>\n<meta name=\"robots\" content=\"index, follow, max-snippet:-1, max-image-preview:large, max-video-preview:-1\" \/>\n<link rel=\"canonical\" href=\"https:\/\/custom-parts.fr\/de\/produkt\/capteur-de-pression-dair-et-de-suralimentation-map-bosch\/\" \/>\n<meta property=\"og:locale\" content=\"de_DE\" \/>\n<meta property=\"og:type\" content=\"article\" \/>\n<meta property=\"og:title\" content=\"Luft- und Ladedrucksensor (MAP) BOSCH - RENAULT \/ DACIA OE 22 36 500 02R\" \/>\n<meta property=\"og:description\" content=\"Achetez votre Luft- und Ladedrucksensor (MAP) BOSCH - RENAULT \/ DACIA OE 22 36 500 02R et tous vos accessoires Renault sur Custom-Parts.fr !\" \/>\n<meta property=\"og:url\" content=\"https:\/\/custom-parts.fr\/de\/produkt\/capteur-de-pression-dair-et-de-suralimentation-map-bosch\/\" \/>\n<meta property=\"og:site_name\" content=\"Custom-Parts.fr\" \/>\n<meta property=\"article:modified_time\" content=\"2025-06-14T21:38:23+00:00\" \/>\n<meta property=\"og:image\" content=\"https:\/\/custom-parts.fr\/wp-content\/uploads\/2024\/03\/Capteur-de-pression-dair-et-de-suralimentation-MAP-BOSCH-RENAULT-DACIA-OE-22-36-500-02R.jpg\" \/>\n\t<meta property=\"og:image:width\" content=\"598\" \/>\n\t<meta property=\"og:image:height\" content=\"450\" \/>\n\t<meta property=\"og:image:type\" content=\"image\/jpeg\" \/>\n<meta name=\"twitter:card\" content=\"summary_large_image\" \/>\n<meta name=\"twitter:label1\" content=\"Gesch\u00e4tzte Lesezeit\" \/>\n\t<meta name=\"twitter:data1\" content=\"2\u00a0Minute\" \/>\n<script type=\"application\/ld+json\" class=\"yoast-schema-graph\">{\"@context\":\"https:\/\/schema.org\",\"@graph\":[{\"@type\":\"WebPage\",\"@id\":\"https:\/\/custom-parts.fr\/de\/produkt\/capteur-de-pression-dair-et-de-suralimentation-map-bosch\/\",\"url\":\"https:\/\/custom-parts.fr\/de\/produkt\/capteur-de-pression-dair-et-de-suralimentation-map-bosch\/\",\"name\":\"Luft- und Ladedrucksensor (MAP) BOSCH - RENAULT \/ DACIA OE 22 36 500 02R\",\"isPartOf\":{\"@id\":\"https:\/\/custom-parts.fr\/de\/#website\"},\"primaryImageOfPage\":{\"@id\":\"https:\/\/custom-parts.fr\/de\/produkt\/capteur-de-pression-dair-et-de-suralimentation-map-bosch\/#primaryimage\"},\"image\":{\"@id\":\"https:\/\/custom-parts.fr\/de\/produkt\/capteur-de-pression-dair-et-de-suralimentation-map-bosch\/#primaryimage\"},\"thumbnailUrl\":\"https:\/\/custom-parts.fr\/wp-content\/uploads\/2024\/03\/Capteur-de-pression-dair-et-de-suralimentation-MAP-BOSCH-RENAULT-DACIA-OE-22-36-500-02R.jpg\",\"datePublished\":\"2024-03-10T01:49:48+00:00\",\"dateModified\":\"2025-06-14T21:38:23+00:00\",\"description\":\"Achetez votre Luft- und Ladedrucksensor (MAP) BOSCH - RENAULT \/ DACIA OE 22 36 500 02R et tous vos accessoires Renault sur Custom-Parts.fr !\",\"breadcrumb\":{\"@id\":\"https:\/\/custom-parts.fr\/de\/produkt\/capteur-de-pression-dair-et-de-suralimentation-map-bosch\/#breadcrumb\"},\"inLanguage\":\"de\",\"potentialAction\":[{\"@type\":\"ReadAction\",\"target\":[\"https:\/\/custom-parts.fr\/de\/produkt\/capteur-de-pression-dair-et-de-suralimentation-map-bosch\/\"]}]},{\"@type\":\"ImageObject\",\"inLanguage\":\"de\",\"@id\":\"https:\/\/custom-parts.fr\/de\/produkt\/capteur-de-pression-dair-et-de-suralimentation-map-bosch\/#primaryimage\",\"url\":\"https:\/\/custom-parts.fr\/wp-content\/uploads\/2024\/03\/Capteur-de-pression-dair-et-de-suralimentation-MAP-BOSCH-RENAULT-DACIA-OE-22-36-500-02R.jpg\",\"contentUrl\":\"https:\/\/custom-parts.fr\/wp-content\/uploads\/2024\/03\/Capteur-de-pression-dair-et-de-suralimentation-MAP-BOSCH-RENAULT-DACIA-OE-22-36-500-02R.jpg\",\"width\":598,\"height\":450},{\"@type\":\"BreadcrumbList\",\"@id\":\"https:\/\/custom-parts.fr\/de\/produkt\/capteur-de-pression-dair-et-de-suralimentation-map-bosch\/#breadcrumb\",\"itemListElement\":[{\"@type\":\"ListItem\",\"position\":1,\"name\":\"Startseite\",\"item\":\"https:\/\/custom-parts.fr\/de\/kaufen-sie-teile-und-zubehoer-fuer-mini-bmw-custom-parts-de\/\"},{\"@type\":\"ListItem\",\"position\":2,\"name\":\"Shop\",\"item\":\"https:\/\/custom-parts.fr\/de\/alle-produkte\/\"},{\"@type\":\"ListItem\",\"position\":3,\"name\":\"Luft- und Ladedrucksensor (MAP) BOSCH &#8211; RENAULT \/ DACIA OE 22 36 500 02R\"}]},{\"@type\":\"WebSite\",\"@id\":\"https:\/\/custom-parts.fr\/de\/#website\",\"url\":\"https:\/\/custom-parts.fr\/de\/\",\"name\":\"Custom-Parts.fr\",\"description\":\"Custom BMW MINI Ersatzteile & Zubeh\u00f6r\",\"publisher\":{\"@id\":\"https:\/\/custom-parts.fr\/de\/#organization\"},\"potentialAction\":[{\"@type\":\"SearchAction\",\"target\":{\"@type\":\"EntryPoint\",\"urlTemplate\":\"https:\/\/custom-parts.fr\/de\/?s={search_term_string}\"},\"query-input\":{\"@type\":\"PropertyValueSpecification\",\"valueRequired\":true,\"valueName\":\"search_term_string\"}}],\"inLanguage\":\"de\"},{\"@type\":\"Organization\",\"@id\":\"https:\/\/custom-parts.fr\/de\/#organization\",\"name\":\"Custom-Parts\",\"url\":\"https:\/\/custom-parts.fr\/de\/\",\"logo\":{\"@type\":\"ImageObject\",\"inLanguage\":\"de\",\"@id\":\"https:\/\/custom-parts.fr\/de\/#\/schema\/logo\/image\/\",\"url\":\"https:\/\/custom-parts.fr\/wp-content\/uploads\/2023\/01\/cropped-cropped-cropped-final-new-police-2-1-1.png\",\"contentUrl\":\"https:\/\/custom-parts.fr\/wp-content\/uploads\/2023\/01\/cropped-cropped-cropped-final-new-police-2-1-1.png\",\"width\":450,\"height\":125,\"caption\":\"Custom-Parts\"},\"image\":{\"@id\":\"https:\/\/custom-parts.fr\/de\/#\/schema\/logo\/image\/\"}}]}<\/script>\n<!-- \/ Yoast SEO plugin. -->","yoast_head_json":{"title":"Luft- und Ladedrucksensor (MAP) BOSCH - RENAULT \/ DACIA OE 22 36 500 02R","description":"Achetez votre Luft- und Ladedrucksensor (MAP) BOSCH - RENAULT \/ DACIA OE 22 36 500 02R et tous vos accessoires Renault sur Custom-Parts.fr !","robots":{"index":"index","follow":"follow","max-snippet":"max-snippet:-1","max-image-preview":"max-image-preview:large","max-video-preview":"max-video-preview:-1"},"canonical":"https:\/\/custom-parts.fr\/de\/produkt\/capteur-de-pression-dair-et-de-suralimentation-map-bosch\/","og_locale":"de_DE","og_type":"article","og_title":"Luft- und Ladedrucksensor (MAP) BOSCH - RENAULT \/ DACIA OE 22 36 500 02R","og_description":"Achetez votre Luft- und Ladedrucksensor (MAP) BOSCH - RENAULT \/ DACIA OE 22 36 500 02R et tous vos accessoires Renault sur Custom-Parts.fr !","og_url":"https:\/\/custom-parts.fr\/de\/produkt\/capteur-de-pression-dair-et-de-suralimentation-map-bosch\/","og_site_name":"Custom-Parts.fr","article_modified_time":"2025-06-14T21:38:23+00:00","og_image":[{"width":598,"height":450,"url":"https:\/\/custom-parts.fr\/wp-content\/uploads\/2024\/03\/Capteur-de-pression-dair-et-de-suralimentation-MAP-BOSCH-RENAULT-DACIA-OE-22-36-500-02R.jpg","type":"image\/jpeg"}],"twitter_card":"summary_large_image","twitter_misc":{"Gesch\u00e4tzte Lesezeit":"2\u00a0Minute"},"schema":{"@context":"https:\/\/schema.org","@graph":[{"@type":"WebPage","@id":"https:\/\/custom-parts.fr\/de\/produkt\/capteur-de-pression-dair-et-de-suralimentation-map-bosch\/","url":"https:\/\/custom-parts.fr\/de\/produkt\/capteur-de-pression-dair-et-de-suralimentation-map-bosch\/","name":"Luft- und Ladedrucksensor (MAP) BOSCH - RENAULT \/ DACIA OE 22 36 500 02R","isPartOf":{"@id":"https:\/\/custom-parts.fr\/de\/#website"},"primaryImageOfPage":{"@id":"https:\/\/custom-parts.fr\/de\/produkt\/capteur-de-pression-dair-et-de-suralimentation-map-bosch\/#primaryimage"},"image":{"@id":"https:\/\/custom-parts.fr\/de\/produkt\/capteur-de-pression-dair-et-de-suralimentation-map-bosch\/#primaryimage"},"thumbnailUrl":"https:\/\/custom-parts.fr\/wp-content\/uploads\/2024\/03\/Capteur-de-pression-dair-et-de-suralimentation-MAP-BOSCH-RENAULT-DACIA-OE-22-36-500-02R.jpg","datePublished":"2024-03-10T01:49:48+00:00","dateModified":"2025-06-14T21:38:23+00:00","description":"Achetez votre Luft- und Ladedrucksensor (MAP) BOSCH - RENAULT \/ DACIA OE 22 36 500 02R et tous vos accessoires Renault sur Custom-Parts.fr !","breadcrumb":{"@id":"https:\/\/custom-parts.fr\/de\/produkt\/capteur-de-pression-dair-et-de-suralimentation-map-bosch\/#breadcrumb"},"inLanguage":"de","potentialAction":[{"@type":"ReadAction","target":["https:\/\/custom-parts.fr\/de\/produkt\/capteur-de-pression-dair-et-de-suralimentation-map-bosch\/"]}]},{"@type":"ImageObject","inLanguage":"de","@id":"https:\/\/custom-parts.fr\/de\/produkt\/capteur-de-pression-dair-et-de-suralimentation-map-bosch\/#primaryimage","url":"https:\/\/custom-parts.fr\/wp-content\/uploads\/2024\/03\/Capteur-de-pression-dair-et-de-suralimentation-MAP-BOSCH-RENAULT-DACIA-OE-22-36-500-02R.jpg","contentUrl":"https:\/\/custom-parts.fr\/wp-content\/uploads\/2024\/03\/Capteur-de-pression-dair-et-de-suralimentation-MAP-BOSCH-RENAULT-DACIA-OE-22-36-500-02R.jpg","width":598,"height":450},{"@type":"BreadcrumbList","@id":"https:\/\/custom-parts.fr\/de\/produkt\/capteur-de-pression-dair-et-de-suralimentation-map-bosch\/#breadcrumb","itemListElement":[{"@type":"ListItem","position":1,"name":"Startseite","item":"https:\/\/custom-parts.fr\/de\/kaufen-sie-teile-und-zubehoer-fuer-mini-bmw-custom-parts-de\/"},{"@type":"ListItem","position":2,"name":"Shop","item":"https:\/\/custom-parts.fr\/de\/alle-produkte\/"},{"@type":"ListItem","position":3,"name":"Luft- und Ladedrucksensor (MAP) BOSCH &#8211; RENAULT \/ DACIA OE 22 36 500 02R"}]},{"@type":"WebSite","@id":"https:\/\/custom-parts.fr\/de\/#website","url":"https:\/\/custom-parts.fr\/de\/","name":"Custom-Parts.fr","description":"Custom BMW MINI Ersatzteile & Zubeh\u00f6r","publisher":{"@id":"https:\/\/custom-parts.fr\/de\/#organization"},"potentialAction":[{"@type":"SearchAction","target":{"@type":"EntryPoint","urlTemplate":"https:\/\/custom-parts.fr\/de\/?s={search_term_string}"},"query-input":{"@type":"PropertyValueSpecification","valueRequired":true,"valueName":"search_term_string"}}],"inLanguage":"de"},{"@type":"Organization","@id":"https:\/\/custom-parts.fr\/de\/#organization","name":"Custom-Parts","url":"https:\/\/custom-parts.fr\/de\/","logo":{"@type":"ImageObject","inLanguage":"de","@id":"https:\/\/custom-parts.fr\/de\/#\/schema\/logo\/image\/","url":"https:\/\/custom-parts.fr\/wp-content\/uploads\/2023\/01\/cropped-cropped-cropped-final-new-police-2-1-1.png","contentUrl":"https:\/\/custom-parts.fr\/wp-content\/uploads\/2023\/01\/cropped-cropped-cropped-final-new-police-2-1-1.png","width":450,"height":125,"caption":"Custom-Parts"},"image":{"@id":"https:\/\/custom-parts.fr\/de\/#\/schema\/logo\/image\/"}}]}},"_links":{"self":[{"href":"https:\/\/custom-parts.fr\/de\/wp-json\/wp\/v2\/product\/24695","targetHints":{"allow":["GET"]}}],"collection":[{"href":"https:\/\/custom-parts.fr\/de\/wp-json\/wp\/v2\/product"}],"about":[{"href":"https:\/\/custom-parts.fr\/de\/wp-json\/wp\/v2\/types\/product"}],"replies":[{"embeddable":true,"href":"https:\/\/custom-parts.fr\/de\/wp-json\/wp\/v2\/comments?post=24695"}],"wp:featuredmedia":[{"embeddable":true,"href":"https:\/\/custom-parts.fr\/de\/wp-json\/wp\/v2\/media\/24476"}],"wp:attachment":[{"href":"https:\/\/custom-parts.fr\/de\/wp-json\/wp\/v2\/media?parent=24695"}],"wp:term":[{"taxonomy":"product_brand","embeddable":true,"href":"https:\/\/custom-parts.fr\/de\/wp-json\/wp\/v2\/product_brand?post=24695"},{"taxonomy":"product_cat","embeddable":true,"href":"https:\/\/custom-parts.fr\/de\/wp-json\/wp\/v2\/product_cat?post=24695"},{"taxonomy":"product_tag","embeddable":true,"href":"https:\/\/custom-parts.fr\/de\/wp-json\/wp\/v2\/product_tag?post=24695"}],"curies":[{"name":"wp","href":"https:\/\/api.w.org\/{rel}","templated":true}]}}