{"id":24696,"date":"2024-03-08T13:26:16","date_gmt":"2024-03-08T12:26:16","guid":{"rendered":"https:\/\/custom-parts.fr\/produit\/capteur-de-pression-dhuile-renault-nissan-dacia-febi-bilstein-105970\/"},"modified":"2025-06-14T23:38:23","modified_gmt":"2025-06-14T21:38:23","slug":"capteur-de-pression-dhuile-renault-nissan-dacia-febi-bilstein-105970","status":"publish","type":"product","link":"https:\/\/custom-parts.fr\/de\/produkt\/capteur-de-pression-dhuile-renault-nissan-dacia-febi-bilstein-105970\/","title":{"rendered":"\u00d6ldrucksensor Renault Nissan Dacia &#8211; FEBI BILSTEIN 105970"},"content":{"rendered":"<ul>\n<li>Hersteller: FEBI BILSTEIN<\/li>\n<li>L\u00e4nge: 54mm<\/li>\n<li>Schl\u00fcssel-Durchmesser: 22<\/li>\n<li>Anzahl der Anschl\u00fcsse: 1<\/li>\n<li>Schaltpunkte: 0,6 bar<\/li>\n<li>Gewicht: 0,032kg<\/li>\n<li>Ohne Dichtung<\/li>\n<li>Au\u00dfengewinde-Dimension: M10 x 1<\/li>\n<\/ul>\n<p><strong>Herstellerreferenzen:<\/strong><br \/>\n25 24 050 53R \u2014 RENAULT \/ NISSAN \/ DACIA<br \/>\n82 00 673 257 \u2014 RENAULT \/ DACIA<br \/>\n25 24 011 99R \u2014 RENAULT \/ DACIA<br \/>\n82 00 448 502 \u2014 RENAULT \/ DACIA<br \/>\n<strong>\u00dcberpr\u00fcfen Sie die Kompatibilit\u00e4t mit dem Reiter &#8222;Zus\u00e4tzliche Informationen&#8220; (nicht gelistete Dacia Nissan-Modelle, bitte beziehen Sie sich auf die oben genannten OE-Nummern der Hersteller).<\/strong><\/p>\n","protected":false},"excerpt":{"rendered":"<p>Hersteller: FEBI BILSTEIN L\u00e4nge: 54mm Schl\u00fcssel-Durchmesser: 22 Anzahl der Anschl\u00fcsse: 1 Schaltpunkte: 0,6 bar Gewicht: 0,032kg Ohne Dichtung Au\u00dfengewinde-Dimension: M10 x 1 Herstellerreferenzen: 25 24 050 53R \u2014 RENAULT \/ NISSAN \/ DACIA 82 00 673 257 \u2014 RENAULT \/ DACIA 25 24 011 99R \u2014 RENAULT \/ DACIA 82 00 448 502 \u2014 RENAULT [&hellip;]<\/p>\n","protected":false},"featured_media":24573,"comment_status":"closed","ping_status":"closed","template":"","meta":[],"product_brand":[],"product_cat":[176],"product_tag":[],"class_list":{"0":"post-24696","1":"product","2":"type-product","3":"status-publish","4":"has-post-thumbnail","6":"product_cat-renault-teile","8":"first","9":"instock","10":"taxable","11":"shipping-taxable","12":"purchasable","13":"product-type-simple"},"yoast_head":"<!-- This site is optimized with the Yoast SEO plugin v27.2 - https:\/\/yoast.com\/product\/yoast-seo-wordpress\/ -->\n<title>\u00d6ldrucksensor Renault Nissan Dacia - FEBI BILSTEIN 105970<\/title>\n<meta name=\"description\" content=\"Achetez votre \u00d6ldrucksensor Renault Nissan Dacia - FEBI BILSTEIN 105970 et tous vos accessoires Renault sur Custom-Parts.fr !\" \/>\n<meta name=\"robots\" content=\"index, follow, max-snippet:-1, max-image-preview:large, max-video-preview:-1\" \/>\n<link rel=\"canonical\" href=\"https:\/\/custom-parts.fr\/de\/produkt\/capteur-de-pression-dhuile-renault-nissan-dacia-febi-bilstein-105970\/\" \/>\n<meta property=\"og:locale\" content=\"de_DE\" \/>\n<meta property=\"og:type\" content=\"article\" \/>\n<meta property=\"og:title\" content=\"\u00d6ldrucksensor Renault Nissan Dacia - FEBI BILSTEIN 105970\" \/>\n<meta property=\"og:description\" content=\"Achetez votre \u00d6ldrucksensor Renault Nissan Dacia - FEBI BILSTEIN 105970 et tous vos accessoires Renault sur Custom-Parts.fr !\" \/>\n<meta property=\"og:url\" content=\"https:\/\/custom-parts.fr\/de\/produkt\/capteur-de-pression-dhuile-renault-nissan-dacia-febi-bilstein-105970\/\" \/>\n<meta property=\"og:site_name\" content=\"Custom-Parts.fr\" \/>\n<meta property=\"article:modified_time\" content=\"2025-06-14T21:38:23+00:00\" \/>\n<meta property=\"og:image\" content=\"https:\/\/custom-parts.fr\/wp-content\/uploads\/2024\/03\/Capteur-de-pression-dhuile-Renault-Nissan-Dacia-FEBI-BILSTEIN.jpeg\" \/>\n\t<meta property=\"og:image:width\" content=\"1500\" \/>\n\t<meta property=\"og:image:height\" content=\"1500\" \/>\n\t<meta property=\"og:image:type\" content=\"image\/jpeg\" \/>\n<meta name=\"twitter:card\" content=\"summary_large_image\" \/>\n<meta name=\"twitter:label1\" content=\"Gesch\u00e4tzte Lesezeit\" \/>\n\t<meta name=\"twitter:data1\" content=\"1\u00a0Minute\" \/>\n<script type=\"application\/ld+json\" class=\"yoast-schema-graph\">{\"@context\":\"https:\/\/schema.org\",\"@graph\":[{\"@type\":\"WebPage\",\"@id\":\"https:\/\/custom-parts.fr\/de\/produkt\/capteur-de-pression-dhuile-renault-nissan-dacia-febi-bilstein-105970\/\",\"url\":\"https:\/\/custom-parts.fr\/de\/produkt\/capteur-de-pression-dhuile-renault-nissan-dacia-febi-bilstein-105970\/\",\"name\":\"\u00d6ldrucksensor Renault Nissan Dacia - FEBI BILSTEIN 105970\",\"isPartOf\":{\"@id\":\"https:\/\/custom-parts.fr\/de\/#website\"},\"primaryImageOfPage\":{\"@id\":\"https:\/\/custom-parts.fr\/de\/produkt\/capteur-de-pression-dhuile-renault-nissan-dacia-febi-bilstein-105970\/#primaryimage\"},\"image\":{\"@id\":\"https:\/\/custom-parts.fr\/de\/produkt\/capteur-de-pression-dhuile-renault-nissan-dacia-febi-bilstein-105970\/#primaryimage\"},\"thumbnailUrl\":\"https:\/\/custom-parts.fr\/wp-content\/uploads\/2024\/03\/Capteur-de-pression-dhuile-Renault-Nissan-Dacia-FEBI-BILSTEIN.jpeg\",\"datePublished\":\"2024-03-08T12:26:16+00:00\",\"dateModified\":\"2025-06-14T21:38:23+00:00\",\"description\":\"Achetez votre \u00d6ldrucksensor Renault Nissan Dacia - FEBI BILSTEIN 105970 et tous vos accessoires Renault sur Custom-Parts.fr !\",\"breadcrumb\":{\"@id\":\"https:\/\/custom-parts.fr\/de\/produkt\/capteur-de-pression-dhuile-renault-nissan-dacia-febi-bilstein-105970\/#breadcrumb\"},\"inLanguage\":\"de\",\"potentialAction\":[{\"@type\":\"ReadAction\",\"target\":[\"https:\/\/custom-parts.fr\/de\/produkt\/capteur-de-pression-dhuile-renault-nissan-dacia-febi-bilstein-105970\/\"]}]},{\"@type\":\"ImageObject\",\"inLanguage\":\"de\",\"@id\":\"https:\/\/custom-parts.fr\/de\/produkt\/capteur-de-pression-dhuile-renault-nissan-dacia-febi-bilstein-105970\/#primaryimage\",\"url\":\"https:\/\/custom-parts.fr\/wp-content\/uploads\/2024\/03\/Capteur-de-pression-dhuile-Renault-Nissan-Dacia-FEBI-BILSTEIN.jpeg\",\"contentUrl\":\"https:\/\/custom-parts.fr\/wp-content\/uploads\/2024\/03\/Capteur-de-pression-dhuile-Renault-Nissan-Dacia-FEBI-BILSTEIN.jpeg\",\"width\":1500,\"height\":1500},{\"@type\":\"BreadcrumbList\",\"@id\":\"https:\/\/custom-parts.fr\/de\/produkt\/capteur-de-pression-dhuile-renault-nissan-dacia-febi-bilstein-105970\/#breadcrumb\",\"itemListElement\":[{\"@type\":\"ListItem\",\"position\":1,\"name\":\"Startseite\",\"item\":\"https:\/\/custom-parts.fr\/de\/kaufen-sie-teile-und-zubehoer-fuer-mini-bmw-custom-parts-de\/\"},{\"@type\":\"ListItem\",\"position\":2,\"name\":\"Shop\",\"item\":\"https:\/\/custom-parts.fr\/de\/alle-produkte\/\"},{\"@type\":\"ListItem\",\"position\":3,\"name\":\"\u00d6ldrucksensor Renault Nissan Dacia &#8211; FEBI BILSTEIN 105970\"}]},{\"@type\":\"WebSite\",\"@id\":\"https:\/\/custom-parts.fr\/de\/#website\",\"url\":\"https:\/\/custom-parts.fr\/de\/\",\"name\":\"Custom-Parts.fr\",\"description\":\"Custom BMW MINI Ersatzteile & Zubeh\u00f6r\",\"publisher\":{\"@id\":\"https:\/\/custom-parts.fr\/de\/#organization\"},\"potentialAction\":[{\"@type\":\"SearchAction\",\"target\":{\"@type\":\"EntryPoint\",\"urlTemplate\":\"https:\/\/custom-parts.fr\/de\/?s={search_term_string}\"},\"query-input\":{\"@type\":\"PropertyValueSpecification\",\"valueRequired\":true,\"valueName\":\"search_term_string\"}}],\"inLanguage\":\"de\"},{\"@type\":\"Organization\",\"@id\":\"https:\/\/custom-parts.fr\/de\/#organization\",\"name\":\"Custom-Parts\",\"url\":\"https:\/\/custom-parts.fr\/de\/\",\"logo\":{\"@type\":\"ImageObject\",\"inLanguage\":\"de\",\"@id\":\"https:\/\/custom-parts.fr\/de\/#\/schema\/logo\/image\/\",\"url\":\"https:\/\/custom-parts.fr\/wp-content\/uploads\/2023\/01\/cropped-cropped-cropped-final-new-police-2-1-1.png\",\"contentUrl\":\"https:\/\/custom-parts.fr\/wp-content\/uploads\/2023\/01\/cropped-cropped-cropped-final-new-police-2-1-1.png\",\"width\":450,\"height\":125,\"caption\":\"Custom-Parts\"},\"image\":{\"@id\":\"https:\/\/custom-parts.fr\/de\/#\/schema\/logo\/image\/\"}}]}<\/script>\n<!-- \/ Yoast SEO plugin. -->","yoast_head_json":{"title":"\u00d6ldrucksensor Renault Nissan Dacia - FEBI BILSTEIN 105970","description":"Achetez votre \u00d6ldrucksensor Renault Nissan Dacia - FEBI BILSTEIN 105970 et tous vos accessoires Renault sur Custom-Parts.fr !","robots":{"index":"index","follow":"follow","max-snippet":"max-snippet:-1","max-image-preview":"max-image-preview:large","max-video-preview":"max-video-preview:-1"},"canonical":"https:\/\/custom-parts.fr\/de\/produkt\/capteur-de-pression-dhuile-renault-nissan-dacia-febi-bilstein-105970\/","og_locale":"de_DE","og_type":"article","og_title":"\u00d6ldrucksensor Renault Nissan Dacia - FEBI BILSTEIN 105970","og_description":"Achetez votre \u00d6ldrucksensor Renault Nissan Dacia - FEBI BILSTEIN 105970 et tous vos accessoires Renault sur Custom-Parts.fr !","og_url":"https:\/\/custom-parts.fr\/de\/produkt\/capteur-de-pression-dhuile-renault-nissan-dacia-febi-bilstein-105970\/","og_site_name":"Custom-Parts.fr","article_modified_time":"2025-06-14T21:38:23+00:00","og_image":[{"width":1500,"height":1500,"url":"https:\/\/custom-parts.fr\/wp-content\/uploads\/2024\/03\/Capteur-de-pression-dhuile-Renault-Nissan-Dacia-FEBI-BILSTEIN.jpeg","type":"image\/jpeg"}],"twitter_card":"summary_large_image","twitter_misc":{"Gesch\u00e4tzte Lesezeit":"1\u00a0Minute"},"schema":{"@context":"https:\/\/schema.org","@graph":[{"@type":"WebPage","@id":"https:\/\/custom-parts.fr\/de\/produkt\/capteur-de-pression-dhuile-renault-nissan-dacia-febi-bilstein-105970\/","url":"https:\/\/custom-parts.fr\/de\/produkt\/capteur-de-pression-dhuile-renault-nissan-dacia-febi-bilstein-105970\/","name":"\u00d6ldrucksensor Renault Nissan Dacia - FEBI BILSTEIN 105970","isPartOf":{"@id":"https:\/\/custom-parts.fr\/de\/#website"},"primaryImageOfPage":{"@id":"https:\/\/custom-parts.fr\/de\/produkt\/capteur-de-pression-dhuile-renault-nissan-dacia-febi-bilstein-105970\/#primaryimage"},"image":{"@id":"https:\/\/custom-parts.fr\/de\/produkt\/capteur-de-pression-dhuile-renault-nissan-dacia-febi-bilstein-105970\/#primaryimage"},"thumbnailUrl":"https:\/\/custom-parts.fr\/wp-content\/uploads\/2024\/03\/Capteur-de-pression-dhuile-Renault-Nissan-Dacia-FEBI-BILSTEIN.jpeg","datePublished":"2024-03-08T12:26:16+00:00","dateModified":"2025-06-14T21:38:23+00:00","description":"Achetez votre \u00d6ldrucksensor Renault Nissan Dacia - FEBI BILSTEIN 105970 et tous vos accessoires Renault sur Custom-Parts.fr !","breadcrumb":{"@id":"https:\/\/custom-parts.fr\/de\/produkt\/capteur-de-pression-dhuile-renault-nissan-dacia-febi-bilstein-105970\/#breadcrumb"},"inLanguage":"de","potentialAction":[{"@type":"ReadAction","target":["https:\/\/custom-parts.fr\/de\/produkt\/capteur-de-pression-dhuile-renault-nissan-dacia-febi-bilstein-105970\/"]}]},{"@type":"ImageObject","inLanguage":"de","@id":"https:\/\/custom-parts.fr\/de\/produkt\/capteur-de-pression-dhuile-renault-nissan-dacia-febi-bilstein-105970\/#primaryimage","url":"https:\/\/custom-parts.fr\/wp-content\/uploads\/2024\/03\/Capteur-de-pression-dhuile-Renault-Nissan-Dacia-FEBI-BILSTEIN.jpeg","contentUrl":"https:\/\/custom-parts.fr\/wp-content\/uploads\/2024\/03\/Capteur-de-pression-dhuile-Renault-Nissan-Dacia-FEBI-BILSTEIN.jpeg","width":1500,"height":1500},{"@type":"BreadcrumbList","@id":"https:\/\/custom-parts.fr\/de\/produkt\/capteur-de-pression-dhuile-renault-nissan-dacia-febi-bilstein-105970\/#breadcrumb","itemListElement":[{"@type":"ListItem","position":1,"name":"Startseite","item":"https:\/\/custom-parts.fr\/de\/kaufen-sie-teile-und-zubehoer-fuer-mini-bmw-custom-parts-de\/"},{"@type":"ListItem","position":2,"name":"Shop","item":"https:\/\/custom-parts.fr\/de\/alle-produkte\/"},{"@type":"ListItem","position":3,"name":"\u00d6ldrucksensor Renault Nissan Dacia &#8211; FEBI BILSTEIN 105970"}]},{"@type":"WebSite","@id":"https:\/\/custom-parts.fr\/de\/#website","url":"https:\/\/custom-parts.fr\/de\/","name":"Custom-Parts.fr","description":"Custom BMW MINI Ersatzteile & Zubeh\u00f6r","publisher":{"@id":"https:\/\/custom-parts.fr\/de\/#organization"},"potentialAction":[{"@type":"SearchAction","target":{"@type":"EntryPoint","urlTemplate":"https:\/\/custom-parts.fr\/de\/?s={search_term_string}"},"query-input":{"@type":"PropertyValueSpecification","valueRequired":true,"valueName":"search_term_string"}}],"inLanguage":"de"},{"@type":"Organization","@id":"https:\/\/custom-parts.fr\/de\/#organization","name":"Custom-Parts","url":"https:\/\/custom-parts.fr\/de\/","logo":{"@type":"ImageObject","inLanguage":"de","@id":"https:\/\/custom-parts.fr\/de\/#\/schema\/logo\/image\/","url":"https:\/\/custom-parts.fr\/wp-content\/uploads\/2023\/01\/cropped-cropped-cropped-final-new-police-2-1-1.png","contentUrl":"https:\/\/custom-parts.fr\/wp-content\/uploads\/2023\/01\/cropped-cropped-cropped-final-new-police-2-1-1.png","width":450,"height":125,"caption":"Custom-Parts"},"image":{"@id":"https:\/\/custom-parts.fr\/de\/#\/schema\/logo\/image\/"}}]}},"_links":{"self":[{"href":"https:\/\/custom-parts.fr\/de\/wp-json\/wp\/v2\/product\/24696","targetHints":{"allow":["GET"]}}],"collection":[{"href":"https:\/\/custom-parts.fr\/de\/wp-json\/wp\/v2\/product"}],"about":[{"href":"https:\/\/custom-parts.fr\/de\/wp-json\/wp\/v2\/types\/product"}],"replies":[{"embeddable":true,"href":"https:\/\/custom-parts.fr\/de\/wp-json\/wp\/v2\/comments?post=24696"}],"wp:featuredmedia":[{"embeddable":true,"href":"https:\/\/custom-parts.fr\/de\/wp-json\/wp\/v2\/media\/24573"}],"wp:attachment":[{"href":"https:\/\/custom-parts.fr\/de\/wp-json\/wp\/v2\/media?parent=24696"}],"wp:term":[{"taxonomy":"product_brand","embeddable":true,"href":"https:\/\/custom-parts.fr\/de\/wp-json\/wp\/v2\/product_brand?post=24696"},{"taxonomy":"product_cat","embeddable":true,"href":"https:\/\/custom-parts.fr\/de\/wp-json\/wp\/v2\/product_cat?post=24696"},{"taxonomy":"product_tag","embeddable":true,"href":"https:\/\/custom-parts.fr\/de\/wp-json\/wp\/v2\/product_tag?post=24696"}],"curies":[{"name":"wp","href":"https:\/\/api.w.org\/{rel}","templated":true}]}}