{"id":24697,"date":"2024-02-28T17:37:38","date_gmt":"2024-02-28T16:37:38","guid":{"rendered":"https:\/\/custom-parts.fr\/produit\/logo-autocollant-monaco-gp-pour-renault-megane-3-clio-4-laguna-iii\/"},"modified":"2025-06-15T01:34:21","modified_gmt":"2025-06-14T23:34:21","slug":"logo-autocollant-monaco-gp-pour-renault-megane-3-clio-4-laguna-iii","status":"publish","type":"product","link":"https:\/\/custom-parts.fr\/de\/produkt\/logo-autocollant-monaco-gp-pour-renault-megane-3-clio-4-laguna-iii\/","title":{"rendered":"Logo Aufkleber Monaco GP f\u00fcr Renault M\u00e9gane 3 &#8211; Clio 4 &#038; Laguna III"},"content":{"rendered":"<p><strong>Logo Aufkleber Monaco GP f\u00fcr Renault M\u00e9gane 3 &#8211; Clio 4 &amp; Laguna III<\/strong><\/p>\n<ul>\n<li>Passend f\u00fcr die Originalposition an Ihrem Fahrzeug<\/li>\n<li>Abmessungen: 12 cm x 3 cm<\/li>\n<li>Kann auf jeder flachen Oberfl\u00e4che angebracht werden<\/li>\n<li>Farbe: Schwarz und Rot<\/li>\n<li>Verkaufseinheit: einzeln oder im Paar<\/li>\n<li>In Blisterverpackung gesch\u00fctzt<\/li>\n<\/ul>\n","protected":false},"excerpt":{"rendered":"<p>Logo Aufkleber Monaco GP f\u00fcr Renault M\u00e9gane 3 &#8211; Clio 4 &amp; Laguna III Passend f\u00fcr die Originalposition an Ihrem Fahrzeug Abmessungen: 12 cm x 3 cm Kann auf jeder flachen Oberfl\u00e4che angebracht werden Farbe: Schwarz und Rot Verkaufseinheit: einzeln oder im Paar In Blisterverpackung gesch\u00fctzt<\/p>\n","protected":false},"featured_media":24472,"comment_status":"closed","ping_status":"closed","template":"","meta":[],"product_brand":[],"product_cat":[176],"product_tag":[],"class_list":{"0":"post-24697","1":"product","2":"type-product","3":"status-publish","4":"has-post-thumbnail","6":"product_cat-renault-teile","8":"first","9":"instock","10":"taxable","11":"shipping-taxable","12":"purchasable","13":"product-type-variable"},"yoast_head":"<!-- This site is optimized with the Yoast SEO plugin v27.2 - https:\/\/yoast.com\/product\/yoast-seo-wordpress\/ -->\n<title>Logo Aufkleber Monaco GP f\u00fcr Renault M\u00e9gane 3 - Clio 4 &amp; Laguna III<\/title>\n<meta name=\"description\" content=\"Achetez votre Logo Aufkleber Monaco GP f\u00fcr Renault M\u00e9gane 3 - Clio 4 &amp; Laguna III et tous vos accessoires Renault sur Custom-Parts.fr !\" \/>\n<meta name=\"robots\" content=\"index, follow, max-snippet:-1, max-image-preview:large, max-video-preview:-1\" \/>\n<link rel=\"canonical\" href=\"https:\/\/custom-parts.fr\/de\/produkt\/logo-autocollant-monaco-gp-pour-renault-megane-3-clio-4-laguna-iii\/\" \/>\n<meta property=\"og:locale\" content=\"de_DE\" \/>\n<meta property=\"og:type\" content=\"article\" \/>\n<meta property=\"og:title\" content=\"Logo Aufkleber Monaco GP f\u00fcr Renault M\u00e9gane 3 - Clio 4 &amp; Laguna III\" \/>\n<meta property=\"og:description\" content=\"Achetez votre Logo Aufkleber Monaco GP f\u00fcr Renault M\u00e9gane 3 - Clio 4 &amp; Laguna III et tous vos accessoires Renault sur Custom-Parts.fr !\" \/>\n<meta property=\"og:url\" content=\"https:\/\/custom-parts.fr\/de\/produkt\/logo-autocollant-monaco-gp-pour-renault-megane-3-clio-4-laguna-iii\/\" \/>\n<meta property=\"og:site_name\" content=\"Custom-Parts.fr\" \/>\n<meta property=\"article:modified_time\" content=\"2025-06-14T23:34:21+00:00\" \/>\n<meta property=\"og:image\" content=\"https:\/\/custom-parts.fr\/wp-content\/uploads\/2024\/02\/Logo-Autocollant-Monaco-GP-pour-Renault-Megane-3-Clio-4-Laguna-III-3.jpg\" \/>\n\t<meta property=\"og:image:width\" content=\"500\" \/>\n\t<meta property=\"og:image:height\" content=\"500\" \/>\n\t<meta property=\"og:image:type\" content=\"image\/jpeg\" \/>\n<meta name=\"twitter:card\" content=\"summary_large_image\" \/>\n<meta name=\"twitter:label1\" content=\"Gesch\u00e4tzte Lesezeit\" \/>\n\t<meta name=\"twitter:data1\" content=\"1\u00a0Minute\" \/>\n<script type=\"application\/ld+json\" class=\"yoast-schema-graph\">{\"@context\":\"https:\/\/schema.org\",\"@graph\":[{\"@type\":\"WebPage\",\"@id\":\"https:\/\/custom-parts.fr\/de\/produkt\/logo-autocollant-monaco-gp-pour-renault-megane-3-clio-4-laguna-iii\/\",\"url\":\"https:\/\/custom-parts.fr\/de\/produkt\/logo-autocollant-monaco-gp-pour-renault-megane-3-clio-4-laguna-iii\/\",\"name\":\"Logo Aufkleber Monaco GP f\u00fcr Renault M\u00e9gane 3 - Clio 4 & Laguna III\",\"isPartOf\":{\"@id\":\"https:\/\/custom-parts.fr\/de\/#website\"},\"primaryImageOfPage\":{\"@id\":\"https:\/\/custom-parts.fr\/de\/produkt\/logo-autocollant-monaco-gp-pour-renault-megane-3-clio-4-laguna-iii\/#primaryimage\"},\"image\":{\"@id\":\"https:\/\/custom-parts.fr\/de\/produkt\/logo-autocollant-monaco-gp-pour-renault-megane-3-clio-4-laguna-iii\/#primaryimage\"},\"thumbnailUrl\":\"https:\/\/custom-parts.fr\/wp-content\/uploads\/2024\/02\/Logo-Autocollant-Monaco-GP-pour-Renault-Megane-3-Clio-4-Laguna-III-3.jpg\",\"datePublished\":\"2024-02-28T16:37:38+00:00\",\"dateModified\":\"2025-06-14T23:34:21+00:00\",\"description\":\"Achetez votre Logo Aufkleber Monaco GP f\u00fcr Renault M\u00e9gane 3 - Clio 4 & Laguna III et tous vos accessoires Renault sur Custom-Parts.fr !\",\"breadcrumb\":{\"@id\":\"https:\/\/custom-parts.fr\/de\/produkt\/logo-autocollant-monaco-gp-pour-renault-megane-3-clio-4-laguna-iii\/#breadcrumb\"},\"inLanguage\":\"de\",\"potentialAction\":[{\"@type\":\"ReadAction\",\"target\":[\"https:\/\/custom-parts.fr\/de\/produkt\/logo-autocollant-monaco-gp-pour-renault-megane-3-clio-4-laguna-iii\/\"]}]},{\"@type\":\"ImageObject\",\"inLanguage\":\"de\",\"@id\":\"https:\/\/custom-parts.fr\/de\/produkt\/logo-autocollant-monaco-gp-pour-renault-megane-3-clio-4-laguna-iii\/#primaryimage\",\"url\":\"https:\/\/custom-parts.fr\/wp-content\/uploads\/2024\/02\/Logo-Autocollant-Monaco-GP-pour-Renault-Megane-3-Clio-4-Laguna-III-3.jpg\",\"contentUrl\":\"https:\/\/custom-parts.fr\/wp-content\/uploads\/2024\/02\/Logo-Autocollant-Monaco-GP-pour-Renault-Megane-3-Clio-4-Laguna-III-3.jpg\",\"width\":500,\"height\":500},{\"@type\":\"BreadcrumbList\",\"@id\":\"https:\/\/custom-parts.fr\/de\/produkt\/logo-autocollant-monaco-gp-pour-renault-megane-3-clio-4-laguna-iii\/#breadcrumb\",\"itemListElement\":[{\"@type\":\"ListItem\",\"position\":1,\"name\":\"Startseite\",\"item\":\"https:\/\/custom-parts.fr\/de\/kaufen-sie-teile-und-zubehoer-fuer-mini-bmw-custom-parts-de\/\"},{\"@type\":\"ListItem\",\"position\":2,\"name\":\"Shop\",\"item\":\"https:\/\/custom-parts.fr\/de\/alle-produkte\/\"},{\"@type\":\"ListItem\",\"position\":3,\"name\":\"Logo Aufkleber Monaco GP f\u00fcr Renault M\u00e9gane 3 &#8211; Clio 4 &#038; Laguna III\"}]},{\"@type\":\"WebSite\",\"@id\":\"https:\/\/custom-parts.fr\/de\/#website\",\"url\":\"https:\/\/custom-parts.fr\/de\/\",\"name\":\"Custom-Parts.fr\",\"description\":\"Custom BMW MINI Ersatzteile & Zubeh\u00f6r\",\"publisher\":{\"@id\":\"https:\/\/custom-parts.fr\/de\/#organization\"},\"potentialAction\":[{\"@type\":\"SearchAction\",\"target\":{\"@type\":\"EntryPoint\",\"urlTemplate\":\"https:\/\/custom-parts.fr\/de\/?s={search_term_string}\"},\"query-input\":{\"@type\":\"PropertyValueSpecification\",\"valueRequired\":true,\"valueName\":\"search_term_string\"}}],\"inLanguage\":\"de\"},{\"@type\":\"Organization\",\"@id\":\"https:\/\/custom-parts.fr\/de\/#organization\",\"name\":\"Custom-Parts\",\"url\":\"https:\/\/custom-parts.fr\/de\/\",\"logo\":{\"@type\":\"ImageObject\",\"inLanguage\":\"de\",\"@id\":\"https:\/\/custom-parts.fr\/de\/#\/schema\/logo\/image\/\",\"url\":\"https:\/\/custom-parts.fr\/wp-content\/uploads\/2023\/01\/cropped-cropped-cropped-final-new-police-2-1-1.png\",\"contentUrl\":\"https:\/\/custom-parts.fr\/wp-content\/uploads\/2023\/01\/cropped-cropped-cropped-final-new-police-2-1-1.png\",\"width\":450,\"height\":125,\"caption\":\"Custom-Parts\"},\"image\":{\"@id\":\"https:\/\/custom-parts.fr\/de\/#\/schema\/logo\/image\/\"}}]}<\/script>\n<!-- \/ Yoast SEO plugin. -->","yoast_head_json":{"title":"Logo Aufkleber Monaco GP f\u00fcr Renault M\u00e9gane 3 - Clio 4 & Laguna III","description":"Achetez votre Logo Aufkleber Monaco GP f\u00fcr Renault M\u00e9gane 3 - Clio 4 & Laguna III et tous vos accessoires Renault sur Custom-Parts.fr !","robots":{"index":"index","follow":"follow","max-snippet":"max-snippet:-1","max-image-preview":"max-image-preview:large","max-video-preview":"max-video-preview:-1"},"canonical":"https:\/\/custom-parts.fr\/de\/produkt\/logo-autocollant-monaco-gp-pour-renault-megane-3-clio-4-laguna-iii\/","og_locale":"de_DE","og_type":"article","og_title":"Logo Aufkleber Monaco GP f\u00fcr Renault M\u00e9gane 3 - Clio 4 & Laguna III","og_description":"Achetez votre Logo Aufkleber Monaco GP f\u00fcr Renault M\u00e9gane 3 - Clio 4 & Laguna III et tous vos accessoires Renault sur Custom-Parts.fr !","og_url":"https:\/\/custom-parts.fr\/de\/produkt\/logo-autocollant-monaco-gp-pour-renault-megane-3-clio-4-laguna-iii\/","og_site_name":"Custom-Parts.fr","article_modified_time":"2025-06-14T23:34:21+00:00","og_image":[{"width":500,"height":500,"url":"https:\/\/custom-parts.fr\/wp-content\/uploads\/2024\/02\/Logo-Autocollant-Monaco-GP-pour-Renault-Megane-3-Clio-4-Laguna-III-3.jpg","type":"image\/jpeg"}],"twitter_card":"summary_large_image","twitter_misc":{"Gesch\u00e4tzte Lesezeit":"1\u00a0Minute"},"schema":{"@context":"https:\/\/schema.org","@graph":[{"@type":"WebPage","@id":"https:\/\/custom-parts.fr\/de\/produkt\/logo-autocollant-monaco-gp-pour-renault-megane-3-clio-4-laguna-iii\/","url":"https:\/\/custom-parts.fr\/de\/produkt\/logo-autocollant-monaco-gp-pour-renault-megane-3-clio-4-laguna-iii\/","name":"Logo Aufkleber Monaco GP f\u00fcr Renault M\u00e9gane 3 - Clio 4 & Laguna III","isPartOf":{"@id":"https:\/\/custom-parts.fr\/de\/#website"},"primaryImageOfPage":{"@id":"https:\/\/custom-parts.fr\/de\/produkt\/logo-autocollant-monaco-gp-pour-renault-megane-3-clio-4-laguna-iii\/#primaryimage"},"image":{"@id":"https:\/\/custom-parts.fr\/de\/produkt\/logo-autocollant-monaco-gp-pour-renault-megane-3-clio-4-laguna-iii\/#primaryimage"},"thumbnailUrl":"https:\/\/custom-parts.fr\/wp-content\/uploads\/2024\/02\/Logo-Autocollant-Monaco-GP-pour-Renault-Megane-3-Clio-4-Laguna-III-3.jpg","datePublished":"2024-02-28T16:37:38+00:00","dateModified":"2025-06-14T23:34:21+00:00","description":"Achetez votre Logo Aufkleber Monaco GP f\u00fcr Renault M\u00e9gane 3 - Clio 4 & Laguna III et tous vos accessoires Renault sur Custom-Parts.fr !","breadcrumb":{"@id":"https:\/\/custom-parts.fr\/de\/produkt\/logo-autocollant-monaco-gp-pour-renault-megane-3-clio-4-laguna-iii\/#breadcrumb"},"inLanguage":"de","potentialAction":[{"@type":"ReadAction","target":["https:\/\/custom-parts.fr\/de\/produkt\/logo-autocollant-monaco-gp-pour-renault-megane-3-clio-4-laguna-iii\/"]}]},{"@type":"ImageObject","inLanguage":"de","@id":"https:\/\/custom-parts.fr\/de\/produkt\/logo-autocollant-monaco-gp-pour-renault-megane-3-clio-4-laguna-iii\/#primaryimage","url":"https:\/\/custom-parts.fr\/wp-content\/uploads\/2024\/02\/Logo-Autocollant-Monaco-GP-pour-Renault-Megane-3-Clio-4-Laguna-III-3.jpg","contentUrl":"https:\/\/custom-parts.fr\/wp-content\/uploads\/2024\/02\/Logo-Autocollant-Monaco-GP-pour-Renault-Megane-3-Clio-4-Laguna-III-3.jpg","width":500,"height":500},{"@type":"BreadcrumbList","@id":"https:\/\/custom-parts.fr\/de\/produkt\/logo-autocollant-monaco-gp-pour-renault-megane-3-clio-4-laguna-iii\/#breadcrumb","itemListElement":[{"@type":"ListItem","position":1,"name":"Startseite","item":"https:\/\/custom-parts.fr\/de\/kaufen-sie-teile-und-zubehoer-fuer-mini-bmw-custom-parts-de\/"},{"@type":"ListItem","position":2,"name":"Shop","item":"https:\/\/custom-parts.fr\/de\/alle-produkte\/"},{"@type":"ListItem","position":3,"name":"Logo Aufkleber Monaco GP f\u00fcr Renault M\u00e9gane 3 &#8211; Clio 4 &#038; Laguna III"}]},{"@type":"WebSite","@id":"https:\/\/custom-parts.fr\/de\/#website","url":"https:\/\/custom-parts.fr\/de\/","name":"Custom-Parts.fr","description":"Custom BMW MINI Ersatzteile & Zubeh\u00f6r","publisher":{"@id":"https:\/\/custom-parts.fr\/de\/#organization"},"potentialAction":[{"@type":"SearchAction","target":{"@type":"EntryPoint","urlTemplate":"https:\/\/custom-parts.fr\/de\/?s={search_term_string}"},"query-input":{"@type":"PropertyValueSpecification","valueRequired":true,"valueName":"search_term_string"}}],"inLanguage":"de"},{"@type":"Organization","@id":"https:\/\/custom-parts.fr\/de\/#organization","name":"Custom-Parts","url":"https:\/\/custom-parts.fr\/de\/","logo":{"@type":"ImageObject","inLanguage":"de","@id":"https:\/\/custom-parts.fr\/de\/#\/schema\/logo\/image\/","url":"https:\/\/custom-parts.fr\/wp-content\/uploads\/2023\/01\/cropped-cropped-cropped-final-new-police-2-1-1.png","contentUrl":"https:\/\/custom-parts.fr\/wp-content\/uploads\/2023\/01\/cropped-cropped-cropped-final-new-police-2-1-1.png","width":450,"height":125,"caption":"Custom-Parts"},"image":{"@id":"https:\/\/custom-parts.fr\/de\/#\/schema\/logo\/image\/"}}]}},"_links":{"self":[{"href":"https:\/\/custom-parts.fr\/de\/wp-json\/wp\/v2\/product\/24697","targetHints":{"allow":["GET"]}}],"collection":[{"href":"https:\/\/custom-parts.fr\/de\/wp-json\/wp\/v2\/product"}],"about":[{"href":"https:\/\/custom-parts.fr\/de\/wp-json\/wp\/v2\/types\/product"}],"replies":[{"embeddable":true,"href":"https:\/\/custom-parts.fr\/de\/wp-json\/wp\/v2\/comments?post=24697"}],"wp:featuredmedia":[{"embeddable":true,"href":"https:\/\/custom-parts.fr\/de\/wp-json\/wp\/v2\/media\/24472"}],"wp:attachment":[{"href":"https:\/\/custom-parts.fr\/de\/wp-json\/wp\/v2\/media?parent=24697"}],"wp:term":[{"taxonomy":"product_brand","embeddable":true,"href":"https:\/\/custom-parts.fr\/de\/wp-json\/wp\/v2\/product_brand?post=24697"},{"taxonomy":"product_cat","embeddable":true,"href":"https:\/\/custom-parts.fr\/de\/wp-json\/wp\/v2\/product_cat?post=24697"},{"taxonomy":"product_tag","embeddable":true,"href":"https:\/\/custom-parts.fr\/de\/wp-json\/wp\/v2\/product_tag?post=24697"}],"curies":[{"name":"wp","href":"https:\/\/api.w.org\/{rel}","templated":true}]}}