{"id":24700,"date":"2024-02-03T19:58:40","date_gmt":"2024-02-03T18:58:40","guid":{"rendered":"https:\/\/custom-parts.fr\/produit\/grille-calandre-aero-pour-mini-cooper-s-r53-r52-jcw\/"},"modified":"2025-10-11T05:13:03","modified_gmt":"2025-10-11T03:13:03","slug":"aero-kuehlergrill-fuer-mini-cooper-s-r53-r52","status":"publish","type":"product","link":"https:\/\/custom-parts.fr\/de\/produkt\/aero-kuehlergrill-fuer-mini-cooper-s-r53-r52\/","title":{"rendered":"Grill K\u00fchlergrill Aero \/ Wabenstruktur f\u00fcr Mini Cooper S R53 R52 JCW"},"content":{"rendered":"<p>Aero-K\u00fchlergrill ma\u00dfgeschneidert f\u00fcr Mini Cooper S R53, Mini Cooper S R52 sowie f\u00fcr die JCW-Versionen. Hergestellt aus hochwertigem ABS-Kunststoff, erfordert er keine Modifikationen f\u00fcr die Montage. Sein sportliches Waben-Design wird die \u00c4sthetik Ihres Mini Cooper S im Handumdrehen aufwerten.  <\/p>\n<p>&nbsp;<\/p>\n<h2>Eigenschaften:<\/h2>\n<ul>\n<li>Direkter Ersatzteil. Ma\u00dfgeschneidert f\u00fcr eine Passform wie im Original nach der Montage. <\/li>\n<li>Material: Hochwertiger ABS-Kunststoff<\/li>\n<li>Verf\u00fcgbare Farben: Hochgl\u00e4nzend Schwarz, Matt Schwarz<\/li>\n<\/ul>\n<p>&nbsp;<\/p>\n<h2>Geeignet f\u00fcr :<\/h2>\n<ul>\n<li>MINI Cooper \u2013 Cooper S R52 Cabriolet und JCW<\/li>\n<li>MINI Cooper S R53 und JCW<\/li>\n<li><strong>Nicht geeignet f\u00fcr Mini Cooper One R50, es sei denn, Sie haben eine Sto\u00dfstange vom Typ Cooper S oder JCW.<\/strong><\/li>\n<\/ul>\n","protected":false},"excerpt":{"rendered":"<p><span style=\"color: #39991a; font-weight: 900;\">\u2713<\/span> Ma\u00dfgeschneidert f\u00fcr Mini Cooper S R53 und R52<br \/>\n<span style=\"color: #39991a; font-weight: 900;\">\u2713<\/span> Schnelle Installation<br \/>\n<span style=\"color: #39991a; font-weight: 900;\">\u2713<\/span> Original\u00e4hnliche Verarbeitung<\/p>\n","protected":false},"featured_media":24468,"comment_status":"open","ping_status":"closed","template":"","meta":[],"product_brand":[],"product_cat":[191,192],"product_tag":[],"class_list":{"0":"post-24700","1":"product","2":"type-product","3":"status-publish","4":"has-post-thumbnail","6":"product_cat-mini-cooper-ersatzteile-zubehoer","7":"product_cat-zubehoer-mini-cooper-r50-r52-r53","9":"first","10":"instock","11":"sale","12":"taxable","13":"shipping-taxable","14":"purchasable","15":"product-type-variable"},"yoast_head":"<!-- This site is optimized with the Yoast SEO plugin v27.2 - https:\/\/yoast.com\/product\/yoast-seo-wordpress\/ -->\n<title>Grill K\u00fchlergrill Aero \/ Wabenstruktur f\u00fcr Mini Cooper S R53 R52 JCW<\/title>\n<meta name=\"description\" content=\"Kaufen Sie Ihren Grill K\u00fchlergrill Aero \/ Wabenstruktur f\u00fcr Mini Cooper S R53 R52 JCW und alle custom BMW MINI-Zubeh\u00f6r auf Custom-Parts.fr!\" \/>\n<meta name=\"robots\" content=\"index, follow, max-snippet:-1, max-image-preview:large, max-video-preview:-1\" \/>\n<link rel=\"canonical\" href=\"https:\/\/custom-parts.fr\/de\/produkt\/aero-kuehlergrill-fuer-mini-cooper-s-r53-r52\/\" \/>\n<meta property=\"og:locale\" content=\"de_DE\" \/>\n<meta property=\"og:type\" content=\"article\" \/>\n<meta property=\"og:title\" content=\"Grill K\u00fchlergrill Aero \/ Wabenstruktur f\u00fcr Mini Cooper S R53 R52 JCW\" \/>\n<meta property=\"og:description\" content=\"Kaufen Sie Ihren Grill K\u00fchlergrill Aero \/ Wabenstruktur f\u00fcr Mini Cooper S R53 R52 JCW und alle custom BMW MINI-Zubeh\u00f6r auf Custom-Parts.fr!\" \/>\n<meta property=\"og:url\" content=\"https:\/\/custom-parts.fr\/de\/produkt\/aero-kuehlergrill-fuer-mini-cooper-s-r53-r52\/\" \/>\n<meta property=\"og:site_name\" content=\"Custom-Parts.fr\" \/>\n<meta property=\"article:modified_time\" content=\"2025-10-11T03:13:03+00:00\" \/>\n<meta property=\"og:image\" content=\"https:\/\/custom-parts.fr\/wp-content\/uploads\/2024\/02\/Grille-calandre-Aero-MINI-Cooper-R50-R52-Cooper-S-R53-Noir-3.jpg\" \/>\n\t<meta property=\"og:image:width\" content=\"500\" \/>\n\t<meta property=\"og:image:height\" content=\"500\" \/>\n\t<meta property=\"og:image:type\" content=\"image\/jpeg\" \/>\n<meta name=\"twitter:card\" content=\"summary_large_image\" \/>\n<meta name=\"twitter:label1\" content=\"Gesch\u00e4tzte Lesezeit\" \/>\n\t<meta name=\"twitter:data1\" content=\"1\u00a0Minute\" \/>\n<script type=\"application\/ld+json\" class=\"yoast-schema-graph\">{\"@context\":\"https:\/\/schema.org\",\"@graph\":[{\"@type\":\"WebPage\",\"@id\":\"https:\/\/custom-parts.fr\/de\/produkt\/aero-kuehlergrill-fuer-mini-cooper-s-r53-r52\/\",\"url\":\"https:\/\/custom-parts.fr\/de\/produkt\/aero-kuehlergrill-fuer-mini-cooper-s-r53-r52\/\",\"name\":\"Grill K\u00fchlergrill Aero \/ Wabenstruktur f\u00fcr Mini Cooper S R53 R52 JCW\",\"isPartOf\":{\"@id\":\"https:\/\/custom-parts.fr\/de\/#website\"},\"primaryImageOfPage\":{\"@id\":\"https:\/\/custom-parts.fr\/de\/produkt\/aero-kuehlergrill-fuer-mini-cooper-s-r53-r52\/#primaryimage\"},\"image\":{\"@id\":\"https:\/\/custom-parts.fr\/de\/produkt\/aero-kuehlergrill-fuer-mini-cooper-s-r53-r52\/#primaryimage\"},\"thumbnailUrl\":\"https:\/\/custom-parts.fr\/wp-content\/uploads\/2024\/02\/Grille-calandre-Aero-MINI-Cooper-R50-R52-Cooper-S-R53-Noir-3.jpg\",\"datePublished\":\"2024-02-03T18:58:40+00:00\",\"dateModified\":\"2025-10-11T03:13:03+00:00\",\"description\":\"Kaufen Sie Ihren Grill K\u00fchlergrill Aero \/ Wabenstruktur f\u00fcr Mini Cooper S R53 R52 JCW und alle custom BMW MINI-Zubeh\u00f6r auf Custom-Parts.fr!\",\"breadcrumb\":{\"@id\":\"https:\/\/custom-parts.fr\/de\/produkt\/aero-kuehlergrill-fuer-mini-cooper-s-r53-r52\/#breadcrumb\"},\"inLanguage\":\"de\",\"potentialAction\":[{\"@type\":\"ReadAction\",\"target\":[\"https:\/\/custom-parts.fr\/de\/produkt\/aero-kuehlergrill-fuer-mini-cooper-s-r53-r52\/\"]}]},{\"@type\":\"ImageObject\",\"inLanguage\":\"de\",\"@id\":\"https:\/\/custom-parts.fr\/de\/produkt\/aero-kuehlergrill-fuer-mini-cooper-s-r53-r52\/#primaryimage\",\"url\":\"https:\/\/custom-parts.fr\/wp-content\/uploads\/2024\/02\/Grille-calandre-Aero-MINI-Cooper-R50-R52-Cooper-S-R53-Noir-3.jpg\",\"contentUrl\":\"https:\/\/custom-parts.fr\/wp-content\/uploads\/2024\/02\/Grille-calandre-Aero-MINI-Cooper-R50-R52-Cooper-S-R53-Noir-3.jpg\",\"width\":500,\"height\":500},{\"@type\":\"BreadcrumbList\",\"@id\":\"https:\/\/custom-parts.fr\/de\/produkt\/aero-kuehlergrill-fuer-mini-cooper-s-r53-r52\/#breadcrumb\",\"itemListElement\":[{\"@type\":\"ListItem\",\"position\":1,\"name\":\"Startseite\",\"item\":\"https:\/\/custom-parts.fr\/de\/kaufen-sie-teile-und-zubehoer-fuer-mini-bmw-custom-parts-de\/\"},{\"@type\":\"ListItem\",\"position\":2,\"name\":\"Shop\",\"item\":\"https:\/\/custom-parts.fr\/de\/alle-produkte\/\"},{\"@type\":\"ListItem\",\"position\":3,\"name\":\"Grill K\u00fchlergrill Aero \/ Wabenstruktur f\u00fcr Mini Cooper S R53 R52 JCW\"}]},{\"@type\":\"WebSite\",\"@id\":\"https:\/\/custom-parts.fr\/de\/#website\",\"url\":\"https:\/\/custom-parts.fr\/de\/\",\"name\":\"Custom-Parts.fr\",\"description\":\"Custom BMW MINI Ersatzteile & Zubeh\u00f6r\",\"publisher\":{\"@id\":\"https:\/\/custom-parts.fr\/de\/#organization\"},\"potentialAction\":[{\"@type\":\"SearchAction\",\"target\":{\"@type\":\"EntryPoint\",\"urlTemplate\":\"https:\/\/custom-parts.fr\/de\/?s={search_term_string}\"},\"query-input\":{\"@type\":\"PropertyValueSpecification\",\"valueRequired\":true,\"valueName\":\"search_term_string\"}}],\"inLanguage\":\"de\"},{\"@type\":\"Organization\",\"@id\":\"https:\/\/custom-parts.fr\/de\/#organization\",\"name\":\"Custom-Parts\",\"url\":\"https:\/\/custom-parts.fr\/de\/\",\"logo\":{\"@type\":\"ImageObject\",\"inLanguage\":\"de\",\"@id\":\"https:\/\/custom-parts.fr\/de\/#\/schema\/logo\/image\/\",\"url\":\"https:\/\/custom-parts.fr\/wp-content\/uploads\/2023\/01\/cropped-cropped-cropped-final-new-police-2-1-1.png\",\"contentUrl\":\"https:\/\/custom-parts.fr\/wp-content\/uploads\/2023\/01\/cropped-cropped-cropped-final-new-police-2-1-1.png\",\"width\":450,\"height\":125,\"caption\":\"Custom-Parts\"},\"image\":{\"@id\":\"https:\/\/custom-parts.fr\/de\/#\/schema\/logo\/image\/\"}}]}<\/script>\n<!-- \/ Yoast SEO plugin. -->","yoast_head_json":{"title":"Grill K\u00fchlergrill Aero \/ Wabenstruktur f\u00fcr Mini Cooper S R53 R52 JCW","description":"Kaufen Sie Ihren Grill K\u00fchlergrill Aero \/ Wabenstruktur f\u00fcr Mini Cooper S R53 R52 JCW und alle custom BMW MINI-Zubeh\u00f6r auf Custom-Parts.fr!","robots":{"index":"index","follow":"follow","max-snippet":"max-snippet:-1","max-image-preview":"max-image-preview:large","max-video-preview":"max-video-preview:-1"},"canonical":"https:\/\/custom-parts.fr\/de\/produkt\/aero-kuehlergrill-fuer-mini-cooper-s-r53-r52\/","og_locale":"de_DE","og_type":"article","og_title":"Grill K\u00fchlergrill Aero \/ Wabenstruktur f\u00fcr Mini Cooper S R53 R52 JCW","og_description":"Kaufen Sie Ihren Grill K\u00fchlergrill Aero \/ Wabenstruktur f\u00fcr Mini Cooper S R53 R52 JCW und alle custom BMW MINI-Zubeh\u00f6r auf Custom-Parts.fr!","og_url":"https:\/\/custom-parts.fr\/de\/produkt\/aero-kuehlergrill-fuer-mini-cooper-s-r53-r52\/","og_site_name":"Custom-Parts.fr","article_modified_time":"2025-10-11T03:13:03+00:00","og_image":[{"width":500,"height":500,"url":"https:\/\/custom-parts.fr\/wp-content\/uploads\/2024\/02\/Grille-calandre-Aero-MINI-Cooper-R50-R52-Cooper-S-R53-Noir-3.jpg","type":"image\/jpeg"}],"twitter_card":"summary_large_image","twitter_misc":{"Gesch\u00e4tzte Lesezeit":"1\u00a0Minute"},"schema":{"@context":"https:\/\/schema.org","@graph":[{"@type":"WebPage","@id":"https:\/\/custom-parts.fr\/de\/produkt\/aero-kuehlergrill-fuer-mini-cooper-s-r53-r52\/","url":"https:\/\/custom-parts.fr\/de\/produkt\/aero-kuehlergrill-fuer-mini-cooper-s-r53-r52\/","name":"Grill K\u00fchlergrill Aero \/ Wabenstruktur f\u00fcr Mini Cooper S R53 R52 JCW","isPartOf":{"@id":"https:\/\/custom-parts.fr\/de\/#website"},"primaryImageOfPage":{"@id":"https:\/\/custom-parts.fr\/de\/produkt\/aero-kuehlergrill-fuer-mini-cooper-s-r53-r52\/#primaryimage"},"image":{"@id":"https:\/\/custom-parts.fr\/de\/produkt\/aero-kuehlergrill-fuer-mini-cooper-s-r53-r52\/#primaryimage"},"thumbnailUrl":"https:\/\/custom-parts.fr\/wp-content\/uploads\/2024\/02\/Grille-calandre-Aero-MINI-Cooper-R50-R52-Cooper-S-R53-Noir-3.jpg","datePublished":"2024-02-03T18:58:40+00:00","dateModified":"2025-10-11T03:13:03+00:00","description":"Kaufen Sie Ihren Grill K\u00fchlergrill Aero \/ Wabenstruktur f\u00fcr Mini Cooper S R53 R52 JCW und alle custom BMW MINI-Zubeh\u00f6r auf Custom-Parts.fr!","breadcrumb":{"@id":"https:\/\/custom-parts.fr\/de\/produkt\/aero-kuehlergrill-fuer-mini-cooper-s-r53-r52\/#breadcrumb"},"inLanguage":"de","potentialAction":[{"@type":"ReadAction","target":["https:\/\/custom-parts.fr\/de\/produkt\/aero-kuehlergrill-fuer-mini-cooper-s-r53-r52\/"]}]},{"@type":"ImageObject","inLanguage":"de","@id":"https:\/\/custom-parts.fr\/de\/produkt\/aero-kuehlergrill-fuer-mini-cooper-s-r53-r52\/#primaryimage","url":"https:\/\/custom-parts.fr\/wp-content\/uploads\/2024\/02\/Grille-calandre-Aero-MINI-Cooper-R50-R52-Cooper-S-R53-Noir-3.jpg","contentUrl":"https:\/\/custom-parts.fr\/wp-content\/uploads\/2024\/02\/Grille-calandre-Aero-MINI-Cooper-R50-R52-Cooper-S-R53-Noir-3.jpg","width":500,"height":500},{"@type":"BreadcrumbList","@id":"https:\/\/custom-parts.fr\/de\/produkt\/aero-kuehlergrill-fuer-mini-cooper-s-r53-r52\/#breadcrumb","itemListElement":[{"@type":"ListItem","position":1,"name":"Startseite","item":"https:\/\/custom-parts.fr\/de\/kaufen-sie-teile-und-zubehoer-fuer-mini-bmw-custom-parts-de\/"},{"@type":"ListItem","position":2,"name":"Shop","item":"https:\/\/custom-parts.fr\/de\/alle-produkte\/"},{"@type":"ListItem","position":3,"name":"Grill K\u00fchlergrill Aero \/ Wabenstruktur f\u00fcr Mini Cooper S R53 R52 JCW"}]},{"@type":"WebSite","@id":"https:\/\/custom-parts.fr\/de\/#website","url":"https:\/\/custom-parts.fr\/de\/","name":"Custom-Parts.fr","description":"Custom BMW MINI Ersatzteile & Zubeh\u00f6r","publisher":{"@id":"https:\/\/custom-parts.fr\/de\/#organization"},"potentialAction":[{"@type":"SearchAction","target":{"@type":"EntryPoint","urlTemplate":"https:\/\/custom-parts.fr\/de\/?s={search_term_string}"},"query-input":{"@type":"PropertyValueSpecification","valueRequired":true,"valueName":"search_term_string"}}],"inLanguage":"de"},{"@type":"Organization","@id":"https:\/\/custom-parts.fr\/de\/#organization","name":"Custom-Parts","url":"https:\/\/custom-parts.fr\/de\/","logo":{"@type":"ImageObject","inLanguage":"de","@id":"https:\/\/custom-parts.fr\/de\/#\/schema\/logo\/image\/","url":"https:\/\/custom-parts.fr\/wp-content\/uploads\/2023\/01\/cropped-cropped-cropped-final-new-police-2-1-1.png","contentUrl":"https:\/\/custom-parts.fr\/wp-content\/uploads\/2023\/01\/cropped-cropped-cropped-final-new-police-2-1-1.png","width":450,"height":125,"caption":"Custom-Parts"},"image":{"@id":"https:\/\/custom-parts.fr\/de\/#\/schema\/logo\/image\/"}}]}},"_links":{"self":[{"href":"https:\/\/custom-parts.fr\/de\/wp-json\/wp\/v2\/product\/24700","targetHints":{"allow":["GET"]}}],"collection":[{"href":"https:\/\/custom-parts.fr\/de\/wp-json\/wp\/v2\/product"}],"about":[{"href":"https:\/\/custom-parts.fr\/de\/wp-json\/wp\/v2\/types\/product"}],"replies":[{"embeddable":true,"href":"https:\/\/custom-parts.fr\/de\/wp-json\/wp\/v2\/comments?post=24700"}],"wp:featuredmedia":[{"embeddable":true,"href":"https:\/\/custom-parts.fr\/de\/wp-json\/wp\/v2\/media\/24468"}],"wp:attachment":[{"href":"https:\/\/custom-parts.fr\/de\/wp-json\/wp\/v2\/media?parent=24700"}],"wp:term":[{"taxonomy":"product_brand","embeddable":true,"href":"https:\/\/custom-parts.fr\/de\/wp-json\/wp\/v2\/product_brand?post=24700"},{"taxonomy":"product_cat","embeddable":true,"href":"https:\/\/custom-parts.fr\/de\/wp-json\/wp\/v2\/product_cat?post=24700"},{"taxonomy":"product_tag","embeddable":true,"href":"https:\/\/custom-parts.fr\/de\/wp-json\/wp\/v2\/product_tag?post=24700"}],"curies":[{"name":"wp","href":"https:\/\/api.w.org\/{rel}","templated":true}]}}