{"id":24703,"date":"2023-12-08T17:55:40","date_gmt":"2023-12-08T16:55:40","guid":{"rendered":"https:\/\/custom-parts.fr\/produit\/3eme-feu-stop-feu-additionnel-a-led-pour-mini-cooper-s-r53-r50\/"},"modified":"2025-06-15T01:34:21","modified_gmt":"2025-06-14T23:34:21","slug":"3eme-feu-stop-feu-additionnel-a-led-pour-mini-cooper-s-r53-r50","status":"publish","type":"product","link":"https:\/\/custom-parts.fr\/de\/produkt\/3eme-feu-stop-feu-additionnel-a-led-pour-mini-cooper-s-r53-r50\/","title":{"rendered":"3. Bremslicht \/ LED-Zusatzlicht f\u00fcr Mini Cooper S R53 &#038; R50"},"content":{"rendered":"<p><strong>Zus\u00e4tzliches LED-Bremslicht Plug &amp; Play f\u00fcr MINI Cooper R50 und Mini Cooper S R53 von 2002 bis 2006<\/strong><\/p>\n<p>&nbsp;<\/p>\n<p>Dieses zus\u00e4tzliche Bremslicht erm\u00f6glicht es Ihnen, das originale 3. Bremslicht Ihrer Mini Cooper S R53 und R50 ohne jegliche Modifikationen direkt zu ersetzen. Die LED-Beleuchtung bietet eine erh\u00f6hte Sichtbarkeit und eine l\u00e4ngere Lebensdauer im Vergleich zur Originalbeleuchtung. F\u00fcr die Montage m\u00fcssen Sie lediglich das bestehende Bremslicht Ihres Minis demontieren und die originalen Schrauben an Ihrer neuen LED-Beleuchtung wiederverwenden. Das Anschlusskabel ist ebenfalls im Lieferumfang enthalten.<\/p>\n<p>&nbsp;<\/p>\n<h2>Eigenschaften:<\/h2>\n<ul>\n<li>Material: Hochwertiger ABS-Kunststoff<\/li>\n<li>LED-Beleuchtung<\/li>\n<li>Ma\u00dfgeschneidert f\u00fcr eine perfekte Anpassung an Mini Cooper S R53 und R50 1. Generation (2002-2006)<\/li>\n<li>Lieferumfang: 3. Bremslicht und Anschlusskabel<\/li>\n<li>Verf\u00fcgbare Farben: Rot, Get\u00f6nt<\/li>\n<li>Herstellerreferenzen: 63256935789 | 63256935790<\/li>\n<\/ul>\n<h2>Geeignet f\u00fcr:<\/h2>\n<ul>\n<li>MINI R50 &#8211; One, One D und Cooper von 2002 bis 2006<\/li>\n<li>MINI Cooper S R53 und Cooper S JCW GP von 2002 bis 2006<\/li>\n<\/ul>\n","protected":false},"excerpt":{"rendered":"<p><span style=\"color: #39991a; font-weight: 900;\">\u2713<\/span> Plug &#038; Play f\u00fcr Mini R50 und Mini Cooper S R53<br \/>\n<span style=\"color: #39991a; font-weight: 900;\">\u2713<\/span> Schnelle Installation<br \/>\n<span style=\"color: #39991a; font-weight: 900;\">\u2713<\/span> Erh\u00e4ltlich in Rot oder Rauchglas<\/p>\n","protected":false},"featured_media":24462,"comment_status":"open","ping_status":"closed","template":"","meta":[],"product_brand":[],"product_cat":[191,192],"product_tag":[],"class_list":{"0":"post-24703","1":"product","2":"type-product","3":"status-publish","4":"has-post-thumbnail","6":"product_cat-mini-cooper-ersatzteile-zubehoer","7":"product_cat-zubehoer-mini-cooper-r50-r52-r53","9":"first","10":"instock","11":"taxable","12":"shipping-taxable","13":"purchasable","14":"product-type-variable"},"yoast_head":"<!-- This site is optimized with the Yoast SEO plugin v27.2 - https:\/\/yoast.com\/product\/yoast-seo-wordpress\/ -->\n<title>3. Bremslicht \/ LED-Zusatzlicht f\u00fcr Mini Cooper S R53 &amp; R50<\/title>\n<meta name=\"description\" content=\"Feu additionnel \/ 3\u00e8me feu stop pour Mini Cooper S R53 &amp; Cooper R50 \u2714Versions rouge ou fum\u00e9 \u2714Retrouvez tous vos accessoires MINI sur Custom-Parts.fr\" \/>\n<meta name=\"robots\" content=\"index, follow, max-snippet:-1, max-image-preview:large, max-video-preview:-1\" \/>\n<link rel=\"canonical\" href=\"https:\/\/custom-parts.fr\/de\/produkt\/3eme-feu-stop-feu-additionnel-a-led-pour-mini-cooper-s-r53-r50\/\" \/>\n<meta property=\"og:locale\" content=\"de_DE\" \/>\n<meta property=\"og:type\" content=\"article\" \/>\n<meta property=\"og:title\" content=\"3. Bremslicht \/ LED-Zusatzlicht f\u00fcr Mini Cooper S R53 &amp; R50\" \/>\n<meta property=\"og:description\" content=\"Feu additionnel \/ 3\u00e8me feu stop pour Mini Cooper S R53 &amp; Cooper R50 \u2714Versions rouge ou fum\u00e9 \u2714Retrouvez tous vos accessoires MINI sur Custom-Parts.fr\" \/>\n<meta property=\"og:url\" content=\"https:\/\/custom-parts.fr\/de\/produkt\/3eme-feu-stop-feu-additionnel-a-led-pour-mini-cooper-s-r53-r50\/\" \/>\n<meta property=\"og:site_name\" content=\"Custom-Parts.fr\" \/>\n<meta property=\"article:modified_time\" content=\"2025-06-14T23:34:21+00:00\" \/>\n<meta property=\"og:image\" content=\"https:\/\/custom-parts.fr\/wp-content\/uploads\/2023\/12\/Feu-stop-additionnel-fume-pour-MINI-Cooper-S-R53-R50.jpg\" \/>\n\t<meta property=\"og:image:width\" content=\"500\" \/>\n\t<meta property=\"og:image:height\" content=\"500\" \/>\n\t<meta property=\"og:image:type\" content=\"image\/jpeg\" \/>\n<meta name=\"twitter:card\" content=\"summary_large_image\" \/>\n<meta name=\"twitter:label1\" content=\"Gesch\u00e4tzte Lesezeit\" \/>\n\t<meta name=\"twitter:data1\" content=\"1\u00a0Minute\" \/>\n<script type=\"application\/ld+json\" class=\"yoast-schema-graph\">{\"@context\":\"https:\/\/schema.org\",\"@graph\":[{\"@type\":\"WebPage\",\"@id\":\"https:\/\/custom-parts.fr\/de\/produkt\/3eme-feu-stop-feu-additionnel-a-led-pour-mini-cooper-s-r53-r50\/\",\"url\":\"https:\/\/custom-parts.fr\/de\/produkt\/3eme-feu-stop-feu-additionnel-a-led-pour-mini-cooper-s-r53-r50\/\",\"name\":\"3. Bremslicht \/ LED-Zusatzlicht f\u00fcr Mini Cooper S R53 & R50\",\"isPartOf\":{\"@id\":\"https:\/\/custom-parts.fr\/de\/#website\"},\"primaryImageOfPage\":{\"@id\":\"https:\/\/custom-parts.fr\/de\/produkt\/3eme-feu-stop-feu-additionnel-a-led-pour-mini-cooper-s-r53-r50\/#primaryimage\"},\"image\":{\"@id\":\"https:\/\/custom-parts.fr\/de\/produkt\/3eme-feu-stop-feu-additionnel-a-led-pour-mini-cooper-s-r53-r50\/#primaryimage\"},\"thumbnailUrl\":\"https:\/\/custom-parts.fr\/wp-content\/uploads\/2023\/12\/Feu-stop-additionnel-fume-pour-MINI-Cooper-S-R53-R50.jpg\",\"datePublished\":\"2023-12-08T16:55:40+00:00\",\"dateModified\":\"2025-06-14T23:34:21+00:00\",\"description\":\"Feu additionnel \/ 3\u00e8me feu stop pour Mini Cooper S R53 & Cooper R50 \u2714Versions rouge ou fum\u00e9 \u2714Retrouvez tous vos accessoires MINI sur Custom-Parts.fr\",\"breadcrumb\":{\"@id\":\"https:\/\/custom-parts.fr\/de\/produkt\/3eme-feu-stop-feu-additionnel-a-led-pour-mini-cooper-s-r53-r50\/#breadcrumb\"},\"inLanguage\":\"de\",\"potentialAction\":[{\"@type\":\"ReadAction\",\"target\":[\"https:\/\/custom-parts.fr\/de\/produkt\/3eme-feu-stop-feu-additionnel-a-led-pour-mini-cooper-s-r53-r50\/\"]}]},{\"@type\":\"ImageObject\",\"inLanguage\":\"de\",\"@id\":\"https:\/\/custom-parts.fr\/de\/produkt\/3eme-feu-stop-feu-additionnel-a-led-pour-mini-cooper-s-r53-r50\/#primaryimage\",\"url\":\"https:\/\/custom-parts.fr\/wp-content\/uploads\/2023\/12\/Feu-stop-additionnel-fume-pour-MINI-Cooper-S-R53-R50.jpg\",\"contentUrl\":\"https:\/\/custom-parts.fr\/wp-content\/uploads\/2023\/12\/Feu-stop-additionnel-fume-pour-MINI-Cooper-S-R53-R50.jpg\",\"width\":500,\"height\":500},{\"@type\":\"BreadcrumbList\",\"@id\":\"https:\/\/custom-parts.fr\/de\/produkt\/3eme-feu-stop-feu-additionnel-a-led-pour-mini-cooper-s-r53-r50\/#breadcrumb\",\"itemListElement\":[{\"@type\":\"ListItem\",\"position\":1,\"name\":\"Startseite\",\"item\":\"https:\/\/custom-parts.fr\/de\/kaufen-sie-teile-und-zubehoer-fuer-mini-bmw-custom-parts-de\/\"},{\"@type\":\"ListItem\",\"position\":2,\"name\":\"Shop\",\"item\":\"https:\/\/custom-parts.fr\/de\/alle-produkte\/\"},{\"@type\":\"ListItem\",\"position\":3,\"name\":\"3. Bremslicht \/ LED-Zusatzlicht f\u00fcr Mini Cooper S R53 &#038; R50\"}]},{\"@type\":\"WebSite\",\"@id\":\"https:\/\/custom-parts.fr\/de\/#website\",\"url\":\"https:\/\/custom-parts.fr\/de\/\",\"name\":\"Custom-Parts.fr\",\"description\":\"Custom BMW MINI Ersatzteile & Zubeh\u00f6r\",\"publisher\":{\"@id\":\"https:\/\/custom-parts.fr\/de\/#organization\"},\"potentialAction\":[{\"@type\":\"SearchAction\",\"target\":{\"@type\":\"EntryPoint\",\"urlTemplate\":\"https:\/\/custom-parts.fr\/de\/?s={search_term_string}\"},\"query-input\":{\"@type\":\"PropertyValueSpecification\",\"valueRequired\":true,\"valueName\":\"search_term_string\"}}],\"inLanguage\":\"de\"},{\"@type\":\"Organization\",\"@id\":\"https:\/\/custom-parts.fr\/de\/#organization\",\"name\":\"Custom-Parts\",\"url\":\"https:\/\/custom-parts.fr\/de\/\",\"logo\":{\"@type\":\"ImageObject\",\"inLanguage\":\"de\",\"@id\":\"https:\/\/custom-parts.fr\/de\/#\/schema\/logo\/image\/\",\"url\":\"https:\/\/custom-parts.fr\/wp-content\/uploads\/2023\/01\/cropped-cropped-cropped-final-new-police-2-1-1.png\",\"contentUrl\":\"https:\/\/custom-parts.fr\/wp-content\/uploads\/2023\/01\/cropped-cropped-cropped-final-new-police-2-1-1.png\",\"width\":450,\"height\":125,\"caption\":\"Custom-Parts\"},\"image\":{\"@id\":\"https:\/\/custom-parts.fr\/de\/#\/schema\/logo\/image\/\"}}]}<\/script>\n<!-- \/ Yoast SEO plugin. -->","yoast_head_json":{"title":"3. Bremslicht \/ LED-Zusatzlicht f\u00fcr Mini Cooper S R53 & R50","description":"Feu additionnel \/ 3\u00e8me feu stop pour Mini Cooper S R53 & Cooper R50 \u2714Versions rouge ou fum\u00e9 \u2714Retrouvez tous vos accessoires MINI sur Custom-Parts.fr","robots":{"index":"index","follow":"follow","max-snippet":"max-snippet:-1","max-image-preview":"max-image-preview:large","max-video-preview":"max-video-preview:-1"},"canonical":"https:\/\/custom-parts.fr\/de\/produkt\/3eme-feu-stop-feu-additionnel-a-led-pour-mini-cooper-s-r53-r50\/","og_locale":"de_DE","og_type":"article","og_title":"3. Bremslicht \/ LED-Zusatzlicht f\u00fcr Mini Cooper S R53 & R50","og_description":"Feu additionnel \/ 3\u00e8me feu stop pour Mini Cooper S R53 & Cooper R50 \u2714Versions rouge ou fum\u00e9 \u2714Retrouvez tous vos accessoires MINI sur Custom-Parts.fr","og_url":"https:\/\/custom-parts.fr\/de\/produkt\/3eme-feu-stop-feu-additionnel-a-led-pour-mini-cooper-s-r53-r50\/","og_site_name":"Custom-Parts.fr","article_modified_time":"2025-06-14T23:34:21+00:00","og_image":[{"width":500,"height":500,"url":"https:\/\/custom-parts.fr\/wp-content\/uploads\/2023\/12\/Feu-stop-additionnel-fume-pour-MINI-Cooper-S-R53-R50.jpg","type":"image\/jpeg"}],"twitter_card":"summary_large_image","twitter_misc":{"Gesch\u00e4tzte Lesezeit":"1\u00a0Minute"},"schema":{"@context":"https:\/\/schema.org","@graph":[{"@type":"WebPage","@id":"https:\/\/custom-parts.fr\/de\/produkt\/3eme-feu-stop-feu-additionnel-a-led-pour-mini-cooper-s-r53-r50\/","url":"https:\/\/custom-parts.fr\/de\/produkt\/3eme-feu-stop-feu-additionnel-a-led-pour-mini-cooper-s-r53-r50\/","name":"3. Bremslicht \/ LED-Zusatzlicht f\u00fcr Mini Cooper S R53 & R50","isPartOf":{"@id":"https:\/\/custom-parts.fr\/de\/#website"},"primaryImageOfPage":{"@id":"https:\/\/custom-parts.fr\/de\/produkt\/3eme-feu-stop-feu-additionnel-a-led-pour-mini-cooper-s-r53-r50\/#primaryimage"},"image":{"@id":"https:\/\/custom-parts.fr\/de\/produkt\/3eme-feu-stop-feu-additionnel-a-led-pour-mini-cooper-s-r53-r50\/#primaryimage"},"thumbnailUrl":"https:\/\/custom-parts.fr\/wp-content\/uploads\/2023\/12\/Feu-stop-additionnel-fume-pour-MINI-Cooper-S-R53-R50.jpg","datePublished":"2023-12-08T16:55:40+00:00","dateModified":"2025-06-14T23:34:21+00:00","description":"Feu additionnel \/ 3\u00e8me feu stop pour Mini Cooper S R53 & Cooper R50 \u2714Versions rouge ou fum\u00e9 \u2714Retrouvez tous vos accessoires MINI sur Custom-Parts.fr","breadcrumb":{"@id":"https:\/\/custom-parts.fr\/de\/produkt\/3eme-feu-stop-feu-additionnel-a-led-pour-mini-cooper-s-r53-r50\/#breadcrumb"},"inLanguage":"de","potentialAction":[{"@type":"ReadAction","target":["https:\/\/custom-parts.fr\/de\/produkt\/3eme-feu-stop-feu-additionnel-a-led-pour-mini-cooper-s-r53-r50\/"]}]},{"@type":"ImageObject","inLanguage":"de","@id":"https:\/\/custom-parts.fr\/de\/produkt\/3eme-feu-stop-feu-additionnel-a-led-pour-mini-cooper-s-r53-r50\/#primaryimage","url":"https:\/\/custom-parts.fr\/wp-content\/uploads\/2023\/12\/Feu-stop-additionnel-fume-pour-MINI-Cooper-S-R53-R50.jpg","contentUrl":"https:\/\/custom-parts.fr\/wp-content\/uploads\/2023\/12\/Feu-stop-additionnel-fume-pour-MINI-Cooper-S-R53-R50.jpg","width":500,"height":500},{"@type":"BreadcrumbList","@id":"https:\/\/custom-parts.fr\/de\/produkt\/3eme-feu-stop-feu-additionnel-a-led-pour-mini-cooper-s-r53-r50\/#breadcrumb","itemListElement":[{"@type":"ListItem","position":1,"name":"Startseite","item":"https:\/\/custom-parts.fr\/de\/kaufen-sie-teile-und-zubehoer-fuer-mini-bmw-custom-parts-de\/"},{"@type":"ListItem","position":2,"name":"Shop","item":"https:\/\/custom-parts.fr\/de\/alle-produkte\/"},{"@type":"ListItem","position":3,"name":"3. Bremslicht \/ LED-Zusatzlicht f\u00fcr Mini Cooper S R53 &#038; R50"}]},{"@type":"WebSite","@id":"https:\/\/custom-parts.fr\/de\/#website","url":"https:\/\/custom-parts.fr\/de\/","name":"Custom-Parts.fr","description":"Custom BMW MINI Ersatzteile & Zubeh\u00f6r","publisher":{"@id":"https:\/\/custom-parts.fr\/de\/#organization"},"potentialAction":[{"@type":"SearchAction","target":{"@type":"EntryPoint","urlTemplate":"https:\/\/custom-parts.fr\/de\/?s={search_term_string}"},"query-input":{"@type":"PropertyValueSpecification","valueRequired":true,"valueName":"search_term_string"}}],"inLanguage":"de"},{"@type":"Organization","@id":"https:\/\/custom-parts.fr\/de\/#organization","name":"Custom-Parts","url":"https:\/\/custom-parts.fr\/de\/","logo":{"@type":"ImageObject","inLanguage":"de","@id":"https:\/\/custom-parts.fr\/de\/#\/schema\/logo\/image\/","url":"https:\/\/custom-parts.fr\/wp-content\/uploads\/2023\/01\/cropped-cropped-cropped-final-new-police-2-1-1.png","contentUrl":"https:\/\/custom-parts.fr\/wp-content\/uploads\/2023\/01\/cropped-cropped-cropped-final-new-police-2-1-1.png","width":450,"height":125,"caption":"Custom-Parts"},"image":{"@id":"https:\/\/custom-parts.fr\/de\/#\/schema\/logo\/image\/"}}]}},"_links":{"self":[{"href":"https:\/\/custom-parts.fr\/de\/wp-json\/wp\/v2\/product\/24703","targetHints":{"allow":["GET"]}}],"collection":[{"href":"https:\/\/custom-parts.fr\/de\/wp-json\/wp\/v2\/product"}],"about":[{"href":"https:\/\/custom-parts.fr\/de\/wp-json\/wp\/v2\/types\/product"}],"replies":[{"embeddable":true,"href":"https:\/\/custom-parts.fr\/de\/wp-json\/wp\/v2\/comments?post=24703"}],"wp:featuredmedia":[{"embeddable":true,"href":"https:\/\/custom-parts.fr\/de\/wp-json\/wp\/v2\/media\/24462"}],"wp:attachment":[{"href":"https:\/\/custom-parts.fr\/de\/wp-json\/wp\/v2\/media?parent=24703"}],"wp:term":[{"taxonomy":"product_brand","embeddable":true,"href":"https:\/\/custom-parts.fr\/de\/wp-json\/wp\/v2\/product_brand?post=24703"},{"taxonomy":"product_cat","embeddable":true,"href":"https:\/\/custom-parts.fr\/de\/wp-json\/wp\/v2\/product_cat?post=24703"},{"taxonomy":"product_tag","embeddable":true,"href":"https:\/\/custom-parts.fr\/de\/wp-json\/wp\/v2\/product_tag?post=24703"}],"curies":[{"name":"wp","href":"https:\/\/api.w.org\/{rel}","templated":true}]}}