{"id":24706,"date":"2023-08-27T15:34:05","date_gmt":"2023-08-27T13:34:05","guid":{"rendered":"https:\/\/custom-parts.fr\/produit\/coques-de-poignees-de-porte-noires-mini-cooper-f56-f57\/"},"modified":"2026-03-29T20:22:38","modified_gmt":"2026-03-29T18:22:38","slug":"coques-de-poignees-de-porte-noires-mini-cooper-f56-f57","status":"publish","type":"product","link":"https:\/\/custom-parts.fr\/de\/produkt\/coques-de-poignees-de-porte-noires-mini-cooper-f56-f57\/","title":{"rendered":"Schwarze T\u00fcrgriffabdeckungen \u2013 f\u00fcr Mini Cooper F56 F57"},"content":{"rendered":"<p><strong>T\u00fcrgriff-Schalen f\u00fcr MINI Cooper, Cooper S und JCW F56 F57 \u2013 Piano Schwarz<\/strong><\/p>\n<p>Das Kit wird in 3 verschiedenen Versionen angeboten, um Ihrem spezifischen T\u00fcrgriff-Modell gerecht zu werden. Sie k\u00f6nnen zwischen klassischen T\u00fcrgriff-Schalen ohne Option oder Schalen mit speziellen Ausschnitten w\u00e4hlen, die f\u00fcr Modelle mit dem Komfortsystem oder der LED-Beleuchtung (unter den Griffen) ausgelegt sind. <\/p>\n<p>Diese exakt angepassten Verkleidungen der originalen T\u00fcrgriffe verleihen Ihrem MINI F56 oder F57 einen neuen Look! Sie werden direkt auf die originalen T\u00fcrgriffe mit einem hochwertigen doppelseitigen Klebeband aufgebracht. Das ultra-d\u00fcnne, ma\u00dfgefertigte Kunststoffmaterial bedeckt den T\u00fcrgriff perfekt, um ein identisches Aussehen wie das Original zu bewahren.  <\/p>\n<p><strong>Hinweis: Die Verkleidungen sind mit einer transparenten Schutzfolie versehen, die nach der Montage entfernt werden muss. Die Schutzfolie kann die tats\u00e4chliche Farbe der in den Produktbeschreibungen angezeigten Fotos beeinflussen. Die Verkleidungen haben nach dem Entfernen der Schutzfolien immer eine gl\u00e4nzende Oberfl\u00e4che, es sei denn, es wird etwas anderes angegeben.  <\/strong><\/p>\n<p>&nbsp;<\/p>\n<h2>Eigenschaften:<\/h2>\n<ul>\n<li>Das Kit umfasst: 2 T\u00fcrgriff-Schalen<\/li>\n<li>Material: Flexibles und ultra-d\u00fcnnes ABS-Kunststoff zur Abdeckung des Griffs ohne visuelle Ver\u00e4nderungen.<\/li>\n<li>Einfache Montage und Demontage dank des vorinstallierten doppelseitigen Klebebands.<\/li>\n<li>Bei kalten Temperaturen verwenden Sie einen Haartrockner, um den Kleber zu erw\u00e4rmen und die Haftung zu erleichtern.<\/li>\n<\/ul>\n<p>&nbsp;<\/p>\n<h2>Geeignet f\u00fcr :<\/h2>\n<ul>\n<li>MINI Cooper, Cooper S und JCW F56 von 2014 bis heute<\/li>\n<li>MINI Cooper, Cooper S und JCW F57 von 2016 bis heute<\/li>\n<\/ul>\n","protected":false},"excerpt":{"rendered":"<p><span style=\"color: #39991a; font-weight: 900;\">\u2713<\/span> Gestalten Sie Ihren Mini ganz nach Ihrem Geschmack!<br \/>\n<span style=\"color: #39991a; font-weight: 900;\">\u2713<\/span> Einfach zu installieren und auszutauschen<br \/>\n<span style=\"color: #39991a; font-weight: 900;\">\u2713<\/span> Perfekte Passform f\u00fcr Ihr Originalteil<\/p>\n","protected":false},"featured_media":24445,"comment_status":"open","ping_status":"closed","template":"","meta":[],"product_brand":[],"product_cat":[191,198,195],"product_tag":[],"class_list":{"0":"post-24706","1":"product","2":"type-product","3":"status-publish","4":"has-post-thumbnail","6":"product_cat-mini-cooper-ersatzteile-zubehoer","7":"product_cat-ersatzteilen-zubehor-mini-3-gen","8":"product_cat-exterieur-zubehor-fur-mini-3-gen","10":"first","11":"instock","12":"taxable","13":"shipping-taxable","14":"purchasable","15":"product-type-variable"},"yoast_head":"<!-- This site is optimized with the Yoast SEO plugin v27.2 - https:\/\/yoast.com\/product\/yoast-seo-wordpress\/ -->\n<title>Schwarze T\u00fcrgriffabdeckungen \u2013 f\u00fcr Mini Cooper F56 F57<\/title>\n<meta name=\"description\" content=\"Kaufen Sie Ihren Schwarze T\u00fcrgriffabdeckungen \u2013 f\u00fcr Mini Cooper F56 F57 und alle custom BMW MINI-Zubeh\u00f6r auf Custom-Parts.fr!\" \/>\n<meta name=\"robots\" content=\"index, follow, max-snippet:-1, max-image-preview:large, max-video-preview:-1\" \/>\n<link rel=\"canonical\" href=\"https:\/\/custom-parts.fr\/de\/produkt\/coques-de-poignees-de-porte-noires-mini-cooper-f56-f57\/\" \/>\n<meta property=\"og:locale\" content=\"de_DE\" \/>\n<meta property=\"og:type\" content=\"article\" \/>\n<meta property=\"og:title\" content=\"Schwarze T\u00fcrgriffabdeckungen \u2013 f\u00fcr Mini Cooper F56 F57\" \/>\n<meta property=\"og:description\" content=\"Kaufen Sie Ihren Schwarze T\u00fcrgriffabdeckungen \u2013 f\u00fcr Mini Cooper F56 F57 und alle custom BMW MINI-Zubeh\u00f6r auf Custom-Parts.fr!\" \/>\n<meta property=\"og:url\" content=\"https:\/\/custom-parts.fr\/de\/produkt\/coques-de-poignees-de-porte-noires-mini-cooper-f56-f57\/\" \/>\n<meta property=\"og:site_name\" content=\"Custom-Parts.fr\" \/>\n<meta property=\"article:modified_time\" content=\"2026-03-29T18:22:38+00:00\" \/>\n<meta property=\"og:image\" content=\"https:\/\/custom-parts.fr\/wp-content\/uploads\/2023\/08\/Coques-de-poignees-de-porte-Noires-MINI-Cooper-F56-F57.jpg\" \/>\n\t<meta property=\"og:image:width\" content=\"500\" \/>\n\t<meta property=\"og:image:height\" content=\"500\" \/>\n\t<meta property=\"og:image:type\" content=\"image\/jpeg\" \/>\n<meta name=\"twitter:card\" content=\"summary_large_image\" \/>\n<meta name=\"twitter:label1\" content=\"Gesch\u00e4tzte Lesezeit\" \/>\n\t<meta name=\"twitter:data1\" content=\"2\u00a0Minute\" \/>\n<script type=\"application\/ld+json\" class=\"yoast-schema-graph\">{\"@context\":\"https:\/\/schema.org\",\"@graph\":[{\"@type\":\"WebPage\",\"@id\":\"https:\/\/custom-parts.fr\/de\/produkt\/coques-de-poignees-de-porte-noires-mini-cooper-f56-f57\/\",\"url\":\"https:\/\/custom-parts.fr\/de\/produkt\/coques-de-poignees-de-porte-noires-mini-cooper-f56-f57\/\",\"name\":\"Schwarze T\u00fcrgriffabdeckungen \u2013 f\u00fcr Mini Cooper F56 F57\",\"isPartOf\":{\"@id\":\"https:\/\/custom-parts.fr\/de\/#website\"},\"primaryImageOfPage\":{\"@id\":\"https:\/\/custom-parts.fr\/de\/produkt\/coques-de-poignees-de-porte-noires-mini-cooper-f56-f57\/#primaryimage\"},\"image\":{\"@id\":\"https:\/\/custom-parts.fr\/de\/produkt\/coques-de-poignees-de-porte-noires-mini-cooper-f56-f57\/#primaryimage\"},\"thumbnailUrl\":\"https:\/\/custom-parts.fr\/wp-content\/uploads\/2023\/08\/Coques-de-poignees-de-porte-Noires-MINI-Cooper-F56-F57.jpg\",\"datePublished\":\"2023-08-27T13:34:05+00:00\",\"dateModified\":\"2026-03-29T18:22:38+00:00\",\"description\":\"Kaufen Sie Ihren Schwarze T\u00fcrgriffabdeckungen \u2013 f\u00fcr Mini Cooper F56 F57 und alle custom BMW MINI-Zubeh\u00f6r auf Custom-Parts.fr!\",\"breadcrumb\":{\"@id\":\"https:\/\/custom-parts.fr\/de\/produkt\/coques-de-poignees-de-porte-noires-mini-cooper-f56-f57\/#breadcrumb\"},\"inLanguage\":\"de\",\"potentialAction\":[{\"@type\":\"ReadAction\",\"target\":[\"https:\/\/custom-parts.fr\/de\/produkt\/coques-de-poignees-de-porte-noires-mini-cooper-f56-f57\/\"]}]},{\"@type\":\"ImageObject\",\"inLanguage\":\"de\",\"@id\":\"https:\/\/custom-parts.fr\/de\/produkt\/coques-de-poignees-de-porte-noires-mini-cooper-f56-f57\/#primaryimage\",\"url\":\"https:\/\/custom-parts.fr\/wp-content\/uploads\/2023\/08\/Coques-de-poignees-de-porte-Noires-MINI-Cooper-F56-F57.jpg\",\"contentUrl\":\"https:\/\/custom-parts.fr\/wp-content\/uploads\/2023\/08\/Coques-de-poignees-de-porte-Noires-MINI-Cooper-F56-F57.jpg\",\"width\":500,\"height\":500},{\"@type\":\"BreadcrumbList\",\"@id\":\"https:\/\/custom-parts.fr\/de\/produkt\/coques-de-poignees-de-porte-noires-mini-cooper-f56-f57\/#breadcrumb\",\"itemListElement\":[{\"@type\":\"ListItem\",\"position\":1,\"name\":\"Startseite\",\"item\":\"https:\/\/custom-parts.fr\/de\/kaufen-sie-teile-und-zubehoer-fuer-mini-bmw-custom-parts-de\/\"},{\"@type\":\"ListItem\",\"position\":2,\"name\":\"Shop\",\"item\":\"https:\/\/custom-parts.fr\/de\/alle-produkte\/\"},{\"@type\":\"ListItem\",\"position\":3,\"name\":\"Schwarze T\u00fcrgriffabdeckungen \u2013 f\u00fcr Mini Cooper F56 F57\"}]},{\"@type\":\"WebSite\",\"@id\":\"https:\/\/custom-parts.fr\/de\/#website\",\"url\":\"https:\/\/custom-parts.fr\/de\/\",\"name\":\"Custom-Parts.fr\",\"description\":\"Custom BMW MINI Ersatzteile & Zubeh\u00f6r\",\"publisher\":{\"@id\":\"https:\/\/custom-parts.fr\/de\/#organization\"},\"potentialAction\":[{\"@type\":\"SearchAction\",\"target\":{\"@type\":\"EntryPoint\",\"urlTemplate\":\"https:\/\/custom-parts.fr\/de\/?s={search_term_string}\"},\"query-input\":{\"@type\":\"PropertyValueSpecification\",\"valueRequired\":true,\"valueName\":\"search_term_string\"}}],\"inLanguage\":\"de\"},{\"@type\":\"Organization\",\"@id\":\"https:\/\/custom-parts.fr\/de\/#organization\",\"name\":\"Custom-Parts\",\"url\":\"https:\/\/custom-parts.fr\/de\/\",\"logo\":{\"@type\":\"ImageObject\",\"inLanguage\":\"de\",\"@id\":\"https:\/\/custom-parts.fr\/de\/#\/schema\/logo\/image\/\",\"url\":\"https:\/\/custom-parts.fr\/wp-content\/uploads\/2023\/01\/cropped-cropped-cropped-final-new-police-2-1-1.png\",\"contentUrl\":\"https:\/\/custom-parts.fr\/wp-content\/uploads\/2023\/01\/cropped-cropped-cropped-final-new-police-2-1-1.png\",\"width\":450,\"height\":125,\"caption\":\"Custom-Parts\"},\"image\":{\"@id\":\"https:\/\/custom-parts.fr\/de\/#\/schema\/logo\/image\/\"}}]}<\/script>\n<!-- \/ Yoast SEO plugin. -->","yoast_head_json":{"title":"Schwarze T\u00fcrgriffabdeckungen \u2013 f\u00fcr Mini Cooper F56 F57","description":"Kaufen Sie Ihren Schwarze T\u00fcrgriffabdeckungen \u2013 f\u00fcr Mini Cooper F56 F57 und alle custom BMW MINI-Zubeh\u00f6r auf Custom-Parts.fr!","robots":{"index":"index","follow":"follow","max-snippet":"max-snippet:-1","max-image-preview":"max-image-preview:large","max-video-preview":"max-video-preview:-1"},"canonical":"https:\/\/custom-parts.fr\/de\/produkt\/coques-de-poignees-de-porte-noires-mini-cooper-f56-f57\/","og_locale":"de_DE","og_type":"article","og_title":"Schwarze T\u00fcrgriffabdeckungen \u2013 f\u00fcr Mini Cooper F56 F57","og_description":"Kaufen Sie Ihren Schwarze T\u00fcrgriffabdeckungen \u2013 f\u00fcr Mini Cooper F56 F57 und alle custom BMW MINI-Zubeh\u00f6r auf Custom-Parts.fr!","og_url":"https:\/\/custom-parts.fr\/de\/produkt\/coques-de-poignees-de-porte-noires-mini-cooper-f56-f57\/","og_site_name":"Custom-Parts.fr","article_modified_time":"2026-03-29T18:22:38+00:00","og_image":[{"width":500,"height":500,"url":"https:\/\/custom-parts.fr\/wp-content\/uploads\/2023\/08\/Coques-de-poignees-de-porte-Noires-MINI-Cooper-F56-F57.jpg","type":"image\/jpeg"}],"twitter_card":"summary_large_image","twitter_misc":{"Gesch\u00e4tzte Lesezeit":"2\u00a0Minute"},"schema":{"@context":"https:\/\/schema.org","@graph":[{"@type":"WebPage","@id":"https:\/\/custom-parts.fr\/de\/produkt\/coques-de-poignees-de-porte-noires-mini-cooper-f56-f57\/","url":"https:\/\/custom-parts.fr\/de\/produkt\/coques-de-poignees-de-porte-noires-mini-cooper-f56-f57\/","name":"Schwarze T\u00fcrgriffabdeckungen \u2013 f\u00fcr Mini Cooper F56 F57","isPartOf":{"@id":"https:\/\/custom-parts.fr\/de\/#website"},"primaryImageOfPage":{"@id":"https:\/\/custom-parts.fr\/de\/produkt\/coques-de-poignees-de-porte-noires-mini-cooper-f56-f57\/#primaryimage"},"image":{"@id":"https:\/\/custom-parts.fr\/de\/produkt\/coques-de-poignees-de-porte-noires-mini-cooper-f56-f57\/#primaryimage"},"thumbnailUrl":"https:\/\/custom-parts.fr\/wp-content\/uploads\/2023\/08\/Coques-de-poignees-de-porte-Noires-MINI-Cooper-F56-F57.jpg","datePublished":"2023-08-27T13:34:05+00:00","dateModified":"2026-03-29T18:22:38+00:00","description":"Kaufen Sie Ihren Schwarze T\u00fcrgriffabdeckungen \u2013 f\u00fcr Mini Cooper F56 F57 und alle custom BMW MINI-Zubeh\u00f6r auf Custom-Parts.fr!","breadcrumb":{"@id":"https:\/\/custom-parts.fr\/de\/produkt\/coques-de-poignees-de-porte-noires-mini-cooper-f56-f57\/#breadcrumb"},"inLanguage":"de","potentialAction":[{"@type":"ReadAction","target":["https:\/\/custom-parts.fr\/de\/produkt\/coques-de-poignees-de-porte-noires-mini-cooper-f56-f57\/"]}]},{"@type":"ImageObject","inLanguage":"de","@id":"https:\/\/custom-parts.fr\/de\/produkt\/coques-de-poignees-de-porte-noires-mini-cooper-f56-f57\/#primaryimage","url":"https:\/\/custom-parts.fr\/wp-content\/uploads\/2023\/08\/Coques-de-poignees-de-porte-Noires-MINI-Cooper-F56-F57.jpg","contentUrl":"https:\/\/custom-parts.fr\/wp-content\/uploads\/2023\/08\/Coques-de-poignees-de-porte-Noires-MINI-Cooper-F56-F57.jpg","width":500,"height":500},{"@type":"BreadcrumbList","@id":"https:\/\/custom-parts.fr\/de\/produkt\/coques-de-poignees-de-porte-noires-mini-cooper-f56-f57\/#breadcrumb","itemListElement":[{"@type":"ListItem","position":1,"name":"Startseite","item":"https:\/\/custom-parts.fr\/de\/kaufen-sie-teile-und-zubehoer-fuer-mini-bmw-custom-parts-de\/"},{"@type":"ListItem","position":2,"name":"Shop","item":"https:\/\/custom-parts.fr\/de\/alle-produkte\/"},{"@type":"ListItem","position":3,"name":"Schwarze T\u00fcrgriffabdeckungen \u2013 f\u00fcr Mini Cooper F56 F57"}]},{"@type":"WebSite","@id":"https:\/\/custom-parts.fr\/de\/#website","url":"https:\/\/custom-parts.fr\/de\/","name":"Custom-Parts.fr","description":"Custom BMW MINI Ersatzteile & Zubeh\u00f6r","publisher":{"@id":"https:\/\/custom-parts.fr\/de\/#organization"},"potentialAction":[{"@type":"SearchAction","target":{"@type":"EntryPoint","urlTemplate":"https:\/\/custom-parts.fr\/de\/?s={search_term_string}"},"query-input":{"@type":"PropertyValueSpecification","valueRequired":true,"valueName":"search_term_string"}}],"inLanguage":"de"},{"@type":"Organization","@id":"https:\/\/custom-parts.fr\/de\/#organization","name":"Custom-Parts","url":"https:\/\/custom-parts.fr\/de\/","logo":{"@type":"ImageObject","inLanguage":"de","@id":"https:\/\/custom-parts.fr\/de\/#\/schema\/logo\/image\/","url":"https:\/\/custom-parts.fr\/wp-content\/uploads\/2023\/01\/cropped-cropped-cropped-final-new-police-2-1-1.png","contentUrl":"https:\/\/custom-parts.fr\/wp-content\/uploads\/2023\/01\/cropped-cropped-cropped-final-new-police-2-1-1.png","width":450,"height":125,"caption":"Custom-Parts"},"image":{"@id":"https:\/\/custom-parts.fr\/de\/#\/schema\/logo\/image\/"}}]}},"_links":{"self":[{"href":"https:\/\/custom-parts.fr\/de\/wp-json\/wp\/v2\/product\/24706","targetHints":{"allow":["GET"]}}],"collection":[{"href":"https:\/\/custom-parts.fr\/de\/wp-json\/wp\/v2\/product"}],"about":[{"href":"https:\/\/custom-parts.fr\/de\/wp-json\/wp\/v2\/types\/product"}],"replies":[{"embeddable":true,"href":"https:\/\/custom-parts.fr\/de\/wp-json\/wp\/v2\/comments?post=24706"}],"wp:featuredmedia":[{"embeddable":true,"href":"https:\/\/custom-parts.fr\/de\/wp-json\/wp\/v2\/media\/24445"}],"wp:attachment":[{"href":"https:\/\/custom-parts.fr\/de\/wp-json\/wp\/v2\/media?parent=24706"}],"wp:term":[{"taxonomy":"product_brand","embeddable":true,"href":"https:\/\/custom-parts.fr\/de\/wp-json\/wp\/v2\/product_brand?post=24706"},{"taxonomy":"product_cat","embeddable":true,"href":"https:\/\/custom-parts.fr\/de\/wp-json\/wp\/v2\/product_cat?post=24706"},{"taxonomy":"product_tag","embeddable":true,"href":"https:\/\/custom-parts.fr\/de\/wp-json\/wp\/v2\/product_tag?post=24706"}],"curies":[{"name":"wp","href":"https:\/\/api.w.org\/{rel}","templated":true}]}}