{"id":24713,"date":"2023-08-27T13:13:47","date_gmt":"2023-08-27T11:13:47","guid":{"rendered":"https:\/\/custom-parts.fr\/produit\/grilles-de-calandre-noires-bmw-serie-3-e36-de-1996-a-1999\/"},"modified":"2025-06-15T01:34:22","modified_gmt":"2025-06-14T23:34:22","slug":"grilles-de-calandre-noires-bmw-serie-3-e36-de-1996-a-1999","status":"publish","type":"product","link":"https:\/\/custom-parts.fr\/de\/produkt\/grilles-de-calandre-noires-bmw-serie-3-e36-de-1996-a-1999\/","title":{"rendered":"Schwarze K\u00fchlergrills f\u00fcr BMW 3er E36 von 1996 bis 1999 (Facelift)"},"content":{"rendered":"<p><strong>Sportgrills in Piano Schwarz f\u00fcr BMW 3er E36 Facelift von Fr\u00fchjahr 1996 bis 1999.<\/strong><\/p>\n<p>Direkter Ersatz f\u00fcr BMW 3er E46 <u>Facelift<\/u> Coup\u00e9, Limousine, Touring, Cabriolet, Compact und M3, die ab Fr\u00fchjahr 1996 produziert wurden. Die Grills passen ohne Modifikationen anstelle der Originalgrills.<\/p>\n<p><strong>Hinweis: Nicht geeignet f\u00fcr Pre-Facelift-Modelle, die vor Fr\u00fchjahr 1996 hergestellt wurden.<\/strong> Das entsprechende Produkt f\u00fcr diese Modelle ist <a href=\"https:\/\/custom-parts.fr\/de\/produit\/grilles-de-calandre-noires-bmw-serie-3-e36-de-1993-a-1996-pre-facelift\/\">auf dieser Seite<\/a> erh\u00e4ltlich.<\/p>\n<h2>Eigenschaften:<\/h2>\n<ul>\n<li>Lieferumfang: 2 x K\u00fchlergrills<\/li>\n<li>Farbe: Hochglanz Schwarz und Matt Schwarz<\/li>\n<li>Material: Hochwertiger ABS-Kunststoff<\/li>\n<\/ul>\n<h2>Vollst\u00e4ndige Liste der kompatiblen Fahrzeuge:<\/h2>\n<ul>\n<li>BMW 318i Limousine (E36) Fr\u00fchjahr 1996 &#8211; 1998<\/li>\n<li>BMW 320i Limousine (E36) Fr\u00fchjahr 1996 &#8211; 1998<\/li>\n<li>BMW 328i Limousine (E36) Fr\u00fchjahr 1996 &#8211; 1998<\/li>\n<li>BMW 316i Coup\u00e9 (E36) Fr\u00fchjahr 1996 &#8211; 1999<\/li>\n<li>BMW 318is Coup\u00e9 (E36) Fr\u00fchjahr 1996 &#8211; 1999<\/li>\n<li>BMW 320i Coup\u00e9 (E36) Fr\u00fchjahr 1996 &#8211; 1999<\/li>\n<li>BMW 323i Coup\u00e9 (E36) Fr\u00fchjahr 1996 &#8211; 1999<\/li>\n<li>BMW 328i Coup\u00e9 (E36) Fr\u00fchjahr 1996 &#8211; 1999<\/li>\n<li>BMW 318i Cabriolet (E36) Fr\u00fchjahr 1996 &#8211; 1999<\/li>\n<li>BMW 320i Cabriolet (E36) Fr\u00fchjahr 1996 &#8211; 1999<\/li>\n<li>BMW 328i Cabriolet (E36) Fr\u00fchjahr 1996 &#8211; 1999<\/li>\n<li>BMW 318i Touring (E36) Fr\u00fchjahr 1996 &#8211; 1999<\/li>\n<li>BMW 320i Touring (E36) Fr\u00fchjahr 1996 &#8211; 1999<\/li>\n<li>BMW 323i Touring (E36) Fr\u00fchjahr 1996 &#8211; 1999<\/li>\n<li>BMW 328i Touring (E36) Fr\u00fchjahr 1996 &#8211; 1999<\/li>\n<li>BMW 318tds Touring (E36) Fr\u00fchjahr 1996 &#8211; 1999<\/li>\n<li>BMW 325tds Touring (E36) Fr\u00fchjahr 1996 &#8211; 1999<\/li>\n<li>BMW 316i Compact (E36) Fr\u00fchjahr 1996 &#8211; 2000<\/li>\n<li>BMW 318ti Compact (E36) Fr\u00fchjahr 1996 &#8211; 2000<\/li>\n<li>BMW 318tds Compact (E36) Fr\u00fchjahr 1996 &#8211; 2000<\/li>\n<li>BMW 323ti Compact (E36) 1997 &#8211; 2000<\/li>\n<li>BMW M3 Coup\u00e9 (E36) Fr\u00fchjahr 1996 &#8211; 1999<\/li>\n<li>BMW M3 Limousine (E36) Fr\u00fchjahr 1996 &#8211; 1997<\/li>\n<li>BMW M3 Cabriolet (E36) Fr\u00fchjahr 1996 &#8211; 1999<\/li>\n<\/ul>\n","protected":false},"excerpt":{"rendered":"<p><span style=\"color: #39991a; font-weight: 900;\">\u2713<\/span> 100% kompatibel mit Ihrem BMW<br \/>\n<span style=\"color: #39991a; font-weight: 900;\">\u2713<\/span> Einfache Montage<br \/>\n<span style=\"color: #39991a; font-weight: 900;\">\u2713<\/span> Gro\u00dfe Auswahl an Custom-Teilen und Zubeh\u00f6r<\/p>\n","protected":false},"featured_media":24438,"comment_status":"open","ping_status":"closed","template":"","meta":[],"product_brand":[],"product_cat":[186,187],"product_tag":[],"class_list":{"0":"post-24713","1":"product","2":"type-product","3":"status-publish","4":"has-post-thumbnail","6":"product_cat-bmw-teile-zubehor","7":"product_cat-bmw-3er-teile-zubehor","9":"first","10":"instock","11":"taxable","12":"shipping-taxable","13":"purchasable","14":"product-type-variable"},"yoast_head":"<!-- This site is optimized with the Yoast SEO plugin v27.2 - https:\/\/yoast.com\/product\/yoast-seo-wordpress\/ -->\n<title>Grilles de calandre Noires BMW S\u00e9rie 3 E36 Facelift 1996-1999<\/title>\n<meta name=\"description\" content=\"Achetez vos Schwarze K\u00fchlergrills f\u00fcr BMW 3er E36 von 1996 bis 1999 (Facelift) et tous vos accessoires BMW MINI sur Custom-Parts.fr !\" \/>\n<meta name=\"robots\" content=\"index, follow, max-snippet:-1, max-image-preview:large, max-video-preview:-1\" \/>\n<link rel=\"canonical\" href=\"https:\/\/custom-parts.fr\/de\/produkt\/grilles-de-calandre-noires-bmw-serie-3-e36-de-1996-a-1999\/\" \/>\n<meta property=\"og:locale\" content=\"de_DE\" \/>\n<meta property=\"og:type\" content=\"article\" \/>\n<meta property=\"og:title\" content=\"Grilles de calandre Noires BMW S\u00e9rie 3 E36 Facelift 1996-1999\" \/>\n<meta property=\"og:description\" content=\"Achetez vos Schwarze K\u00fchlergrills f\u00fcr BMW 3er E36 von 1996 bis 1999 (Facelift) et tous vos accessoires BMW MINI sur Custom-Parts.fr !\" \/>\n<meta property=\"og:url\" content=\"https:\/\/custom-parts.fr\/de\/produkt\/grilles-de-calandre-noires-bmw-serie-3-e36-de-1996-a-1999\/\" \/>\n<meta property=\"og:site_name\" content=\"Custom-Parts.fr\" \/>\n<meta property=\"article:modified_time\" content=\"2025-06-14T23:34:22+00:00\" \/>\n<meta property=\"og:image\" content=\"https:\/\/custom-parts.fr\/wp-content\/uploads\/2023\/08\/Grilles-de-calandre-Noires-BMW-Serie-3-E36-de-1997-a-1999-Facelift-5.jpg\" \/>\n\t<meta property=\"og:image:width\" content=\"500\" \/>\n\t<meta property=\"og:image:height\" content=\"500\" \/>\n\t<meta property=\"og:image:type\" content=\"image\/jpeg\" \/>\n<meta name=\"twitter:card\" content=\"summary_large_image\" \/>\n<meta name=\"twitter:label1\" content=\"Gesch\u00e4tzte Lesezeit\" \/>\n\t<meta name=\"twitter:data1\" content=\"2\u00a0Minute\" \/>\n<script type=\"application\/ld+json\" class=\"yoast-schema-graph\">{\"@context\":\"https:\/\/schema.org\",\"@graph\":[{\"@type\":\"WebPage\",\"@id\":\"https:\/\/custom-parts.fr\/de\/produkt\/grilles-de-calandre-noires-bmw-serie-3-e36-de-1996-a-1999\/\",\"url\":\"https:\/\/custom-parts.fr\/de\/produkt\/grilles-de-calandre-noires-bmw-serie-3-e36-de-1996-a-1999\/\",\"name\":\"Grilles de calandre Noires BMW S\u00e9rie 3 E36 Facelift 1996-1999\",\"isPartOf\":{\"@id\":\"https:\/\/custom-parts.fr\/de\/#website\"},\"primaryImageOfPage\":{\"@id\":\"https:\/\/custom-parts.fr\/de\/produkt\/grilles-de-calandre-noires-bmw-serie-3-e36-de-1996-a-1999\/#primaryimage\"},\"image\":{\"@id\":\"https:\/\/custom-parts.fr\/de\/produkt\/grilles-de-calandre-noires-bmw-serie-3-e36-de-1996-a-1999\/#primaryimage\"},\"thumbnailUrl\":\"https:\/\/custom-parts.fr\/wp-content\/uploads\/2023\/08\/Grilles-de-calandre-Noires-BMW-Serie-3-E36-de-1997-a-1999-Facelift-5.jpg\",\"datePublished\":\"2023-08-27T11:13:47+00:00\",\"dateModified\":\"2025-06-14T23:34:22+00:00\",\"description\":\"Achetez vos Schwarze K\u00fchlergrills f\u00fcr BMW 3er E36 von 1996 bis 1999 (Facelift) et tous vos accessoires BMW MINI sur Custom-Parts.fr !\",\"breadcrumb\":{\"@id\":\"https:\/\/custom-parts.fr\/de\/produkt\/grilles-de-calandre-noires-bmw-serie-3-e36-de-1996-a-1999\/#breadcrumb\"},\"inLanguage\":\"de\",\"potentialAction\":[{\"@type\":\"ReadAction\",\"target\":[\"https:\/\/custom-parts.fr\/de\/produkt\/grilles-de-calandre-noires-bmw-serie-3-e36-de-1996-a-1999\/\"]}]},{\"@type\":\"ImageObject\",\"inLanguage\":\"de\",\"@id\":\"https:\/\/custom-parts.fr\/de\/produkt\/grilles-de-calandre-noires-bmw-serie-3-e36-de-1996-a-1999\/#primaryimage\",\"url\":\"https:\/\/custom-parts.fr\/wp-content\/uploads\/2023\/08\/Grilles-de-calandre-Noires-BMW-Serie-3-E36-de-1997-a-1999-Facelift-5.jpg\",\"contentUrl\":\"https:\/\/custom-parts.fr\/wp-content\/uploads\/2023\/08\/Grilles-de-calandre-Noires-BMW-Serie-3-E36-de-1997-a-1999-Facelift-5.jpg\",\"width\":500,\"height\":500},{\"@type\":\"BreadcrumbList\",\"@id\":\"https:\/\/custom-parts.fr\/de\/produkt\/grilles-de-calandre-noires-bmw-serie-3-e36-de-1996-a-1999\/#breadcrumb\",\"itemListElement\":[{\"@type\":\"ListItem\",\"position\":1,\"name\":\"Startseite\",\"item\":\"https:\/\/custom-parts.fr\/de\/kaufen-sie-teile-und-zubehoer-fuer-mini-bmw-custom-parts-de\/\"},{\"@type\":\"ListItem\",\"position\":2,\"name\":\"Shop\",\"item\":\"https:\/\/custom-parts.fr\/de\/alle-produkte\/\"},{\"@type\":\"ListItem\",\"position\":3,\"name\":\"Schwarze K\u00fchlergrills f\u00fcr BMW 3er E36 von 1996 bis 1999 (Facelift)\"}]},{\"@type\":\"WebSite\",\"@id\":\"https:\/\/custom-parts.fr\/de\/#website\",\"url\":\"https:\/\/custom-parts.fr\/de\/\",\"name\":\"Custom-Parts.fr\",\"description\":\"Custom BMW MINI Ersatzteile & Zubeh\u00f6r\",\"publisher\":{\"@id\":\"https:\/\/custom-parts.fr\/de\/#organization\"},\"potentialAction\":[{\"@type\":\"SearchAction\",\"target\":{\"@type\":\"EntryPoint\",\"urlTemplate\":\"https:\/\/custom-parts.fr\/de\/?s={search_term_string}\"},\"query-input\":{\"@type\":\"PropertyValueSpecification\",\"valueRequired\":true,\"valueName\":\"search_term_string\"}}],\"inLanguage\":\"de\"},{\"@type\":\"Organization\",\"@id\":\"https:\/\/custom-parts.fr\/de\/#organization\",\"name\":\"Custom-Parts\",\"url\":\"https:\/\/custom-parts.fr\/de\/\",\"logo\":{\"@type\":\"ImageObject\",\"inLanguage\":\"de\",\"@id\":\"https:\/\/custom-parts.fr\/de\/#\/schema\/logo\/image\/\",\"url\":\"https:\/\/custom-parts.fr\/wp-content\/uploads\/2023\/01\/cropped-cropped-cropped-final-new-police-2-1-1.png\",\"contentUrl\":\"https:\/\/custom-parts.fr\/wp-content\/uploads\/2023\/01\/cropped-cropped-cropped-final-new-police-2-1-1.png\",\"width\":450,\"height\":125,\"caption\":\"Custom-Parts\"},\"image\":{\"@id\":\"https:\/\/custom-parts.fr\/de\/#\/schema\/logo\/image\/\"}}]}<\/script>\n<!-- \/ Yoast SEO plugin. -->","yoast_head_json":{"title":"Grilles de calandre Noires BMW S\u00e9rie 3 E36 Facelift 1996-1999","description":"Achetez vos Schwarze K\u00fchlergrills f\u00fcr BMW 3er E36 von 1996 bis 1999 (Facelift) et tous vos accessoires BMW MINI sur Custom-Parts.fr !","robots":{"index":"index","follow":"follow","max-snippet":"max-snippet:-1","max-image-preview":"max-image-preview:large","max-video-preview":"max-video-preview:-1"},"canonical":"https:\/\/custom-parts.fr\/de\/produkt\/grilles-de-calandre-noires-bmw-serie-3-e36-de-1996-a-1999\/","og_locale":"de_DE","og_type":"article","og_title":"Grilles de calandre Noires BMW S\u00e9rie 3 E36 Facelift 1996-1999","og_description":"Achetez vos Schwarze K\u00fchlergrills f\u00fcr BMW 3er E36 von 1996 bis 1999 (Facelift) et tous vos accessoires BMW MINI sur Custom-Parts.fr !","og_url":"https:\/\/custom-parts.fr\/de\/produkt\/grilles-de-calandre-noires-bmw-serie-3-e36-de-1996-a-1999\/","og_site_name":"Custom-Parts.fr","article_modified_time":"2025-06-14T23:34:22+00:00","og_image":[{"width":500,"height":500,"url":"https:\/\/custom-parts.fr\/wp-content\/uploads\/2023\/08\/Grilles-de-calandre-Noires-BMW-Serie-3-E36-de-1997-a-1999-Facelift-5.jpg","type":"image\/jpeg"}],"twitter_card":"summary_large_image","twitter_misc":{"Gesch\u00e4tzte Lesezeit":"2\u00a0Minute"},"schema":{"@context":"https:\/\/schema.org","@graph":[{"@type":"WebPage","@id":"https:\/\/custom-parts.fr\/de\/produkt\/grilles-de-calandre-noires-bmw-serie-3-e36-de-1996-a-1999\/","url":"https:\/\/custom-parts.fr\/de\/produkt\/grilles-de-calandre-noires-bmw-serie-3-e36-de-1996-a-1999\/","name":"Grilles de calandre Noires BMW S\u00e9rie 3 E36 Facelift 1996-1999","isPartOf":{"@id":"https:\/\/custom-parts.fr\/de\/#website"},"primaryImageOfPage":{"@id":"https:\/\/custom-parts.fr\/de\/produkt\/grilles-de-calandre-noires-bmw-serie-3-e36-de-1996-a-1999\/#primaryimage"},"image":{"@id":"https:\/\/custom-parts.fr\/de\/produkt\/grilles-de-calandre-noires-bmw-serie-3-e36-de-1996-a-1999\/#primaryimage"},"thumbnailUrl":"https:\/\/custom-parts.fr\/wp-content\/uploads\/2023\/08\/Grilles-de-calandre-Noires-BMW-Serie-3-E36-de-1997-a-1999-Facelift-5.jpg","datePublished":"2023-08-27T11:13:47+00:00","dateModified":"2025-06-14T23:34:22+00:00","description":"Achetez vos Schwarze K\u00fchlergrills f\u00fcr BMW 3er E36 von 1996 bis 1999 (Facelift) et tous vos accessoires BMW MINI sur Custom-Parts.fr !","breadcrumb":{"@id":"https:\/\/custom-parts.fr\/de\/produkt\/grilles-de-calandre-noires-bmw-serie-3-e36-de-1996-a-1999\/#breadcrumb"},"inLanguage":"de","potentialAction":[{"@type":"ReadAction","target":["https:\/\/custom-parts.fr\/de\/produkt\/grilles-de-calandre-noires-bmw-serie-3-e36-de-1996-a-1999\/"]}]},{"@type":"ImageObject","inLanguage":"de","@id":"https:\/\/custom-parts.fr\/de\/produkt\/grilles-de-calandre-noires-bmw-serie-3-e36-de-1996-a-1999\/#primaryimage","url":"https:\/\/custom-parts.fr\/wp-content\/uploads\/2023\/08\/Grilles-de-calandre-Noires-BMW-Serie-3-E36-de-1997-a-1999-Facelift-5.jpg","contentUrl":"https:\/\/custom-parts.fr\/wp-content\/uploads\/2023\/08\/Grilles-de-calandre-Noires-BMW-Serie-3-E36-de-1997-a-1999-Facelift-5.jpg","width":500,"height":500},{"@type":"BreadcrumbList","@id":"https:\/\/custom-parts.fr\/de\/produkt\/grilles-de-calandre-noires-bmw-serie-3-e36-de-1996-a-1999\/#breadcrumb","itemListElement":[{"@type":"ListItem","position":1,"name":"Startseite","item":"https:\/\/custom-parts.fr\/de\/kaufen-sie-teile-und-zubehoer-fuer-mini-bmw-custom-parts-de\/"},{"@type":"ListItem","position":2,"name":"Shop","item":"https:\/\/custom-parts.fr\/de\/alle-produkte\/"},{"@type":"ListItem","position":3,"name":"Schwarze K\u00fchlergrills f\u00fcr BMW 3er E36 von 1996 bis 1999 (Facelift)"}]},{"@type":"WebSite","@id":"https:\/\/custom-parts.fr\/de\/#website","url":"https:\/\/custom-parts.fr\/de\/","name":"Custom-Parts.fr","description":"Custom BMW MINI Ersatzteile & Zubeh\u00f6r","publisher":{"@id":"https:\/\/custom-parts.fr\/de\/#organization"},"potentialAction":[{"@type":"SearchAction","target":{"@type":"EntryPoint","urlTemplate":"https:\/\/custom-parts.fr\/de\/?s={search_term_string}"},"query-input":{"@type":"PropertyValueSpecification","valueRequired":true,"valueName":"search_term_string"}}],"inLanguage":"de"},{"@type":"Organization","@id":"https:\/\/custom-parts.fr\/de\/#organization","name":"Custom-Parts","url":"https:\/\/custom-parts.fr\/de\/","logo":{"@type":"ImageObject","inLanguage":"de","@id":"https:\/\/custom-parts.fr\/de\/#\/schema\/logo\/image\/","url":"https:\/\/custom-parts.fr\/wp-content\/uploads\/2023\/01\/cropped-cropped-cropped-final-new-police-2-1-1.png","contentUrl":"https:\/\/custom-parts.fr\/wp-content\/uploads\/2023\/01\/cropped-cropped-cropped-final-new-police-2-1-1.png","width":450,"height":125,"caption":"Custom-Parts"},"image":{"@id":"https:\/\/custom-parts.fr\/de\/#\/schema\/logo\/image\/"}}]}},"_links":{"self":[{"href":"https:\/\/custom-parts.fr\/de\/wp-json\/wp\/v2\/product\/24713","targetHints":{"allow":["GET"]}}],"collection":[{"href":"https:\/\/custom-parts.fr\/de\/wp-json\/wp\/v2\/product"}],"about":[{"href":"https:\/\/custom-parts.fr\/de\/wp-json\/wp\/v2\/types\/product"}],"replies":[{"embeddable":true,"href":"https:\/\/custom-parts.fr\/de\/wp-json\/wp\/v2\/comments?post=24713"}],"wp:featuredmedia":[{"embeddable":true,"href":"https:\/\/custom-parts.fr\/de\/wp-json\/wp\/v2\/media\/24438"}],"wp:attachment":[{"href":"https:\/\/custom-parts.fr\/de\/wp-json\/wp\/v2\/media?parent=24713"}],"wp:term":[{"taxonomy":"product_brand","embeddable":true,"href":"https:\/\/custom-parts.fr\/de\/wp-json\/wp\/v2\/product_brand?post=24713"},{"taxonomy":"product_cat","embeddable":true,"href":"https:\/\/custom-parts.fr\/de\/wp-json\/wp\/v2\/product_cat?post=24713"},{"taxonomy":"product_tag","embeddable":true,"href":"https:\/\/custom-parts.fr\/de\/wp-json\/wp\/v2\/product_tag?post=24713"}],"curies":[{"name":"wp","href":"https:\/\/api.w.org\/{rel}","templated":true}]}}