{"id":24722,"date":"2023-08-26T13:35:01","date_gmt":"2023-08-26T11:35:01","guid":{"rendered":"https:\/\/custom-parts.fr\/produit\/grilles-de-calandre-noires-bmw-serie-3-f30-f31-2011-2018\/"},"modified":"2025-06-15T01:34:29","modified_gmt":"2025-06-14T23:34:29","slug":"grilles-de-calandre-noires-bmw-serie-3-f30-f31-2011-2018","status":"publish","type":"product","link":"https:\/\/custom-parts.fr\/de\/produkt\/grilles-de-calandre-noires-bmw-serie-3-f30-f31-2011-2018\/","title":{"rendered":"Schwarze K\u00fchlergrills f\u00fcr BMW 3er Serie F30 F31 2011-2018"},"content":{"rendered":"<p><strong>Schwarze K\u00fchlergrills f\u00fcr BMW 3er Serie F30 Limousine und F31 Touring von 2011 bis 2018.<\/strong><\/p>\n<p>&nbsp;<\/p>\n<p>Die Grills werden anstelle der Originalteile montiert, ohne dass \u00c4nderungen erforderlich sind.<\/p>\n<p>&nbsp;<\/p>\n<h2>Eigenschaften:<\/h2>\n<ul>\n<li>Lieferumfang: 2 x K\u00fchlergrills<\/li>\n<li>Farbe: Hochglanz Schwarz<\/li>\n<li>Material: Hochwertiger ABS-Kunststoff<\/li>\n<\/ul>\n<p>&nbsp;<\/p>\n<h2>Vollst\u00e4ndige Liste der kompatiblen Fahrzeuge:<\/h2>\n<table class=\"responsive-table\">\n<tbody>\n<tr>\n<td width=\"99\"><strong>Modell<\/strong><\/td>\n<td width=\"77\"><strong>Typ<\/strong><\/td>\n<td width=\"113\"><strong>Jahr<\/strong><\/td>\n<\/tr>\n<tr>\n<td>F30 Limousine<\/td>\n<td>316d B47<\/td>\n<td>2011 &#8211; 2019<\/td>\n<\/tr>\n<tr>\n<td>F30 Limousine<\/td>\n<td>316d N47N<\/td>\n<td>2011 &#8211; 2019<\/td>\n<\/tr>\n<tr>\n<td>F30 Limousine<\/td>\n<td>316i<\/td>\n<td>2011 &#8211; 2019<\/td>\n<\/tr>\n<tr>\n<td>F30 Limousine<\/td>\n<td>318d<\/td>\n<td>2011 &#8211; 2019<\/td>\n<\/tr>\n<tr>\n<td>F30 Limousine<\/td>\n<td>318dX<\/td>\n<td>2011 &#8211; 2019<\/td>\n<\/tr>\n<tr>\n<td>F30 Limousine<\/td>\n<td>320d<\/td>\n<td>2011 &#8211; 2019<\/td>\n<\/tr>\n<tr>\n<td>F30 Limousine<\/td>\n<td>320d ed<\/td>\n<td>2011 &#8211; 2019<\/td>\n<\/tr>\n<tr>\n<td>F30 Limousine<\/td>\n<td>320dX<\/td>\n<td>2011 &#8211; 2019<\/td>\n<\/tr>\n<tr>\n<td>F30 Limousine<\/td>\n<td>320i<\/td>\n<td>04-2011 &#8211; 07-2015<\/td>\n<\/tr>\n<tr>\n<td>F30 Limousine<\/td>\n<td>320i ed<\/td>\n<td>2011 &#8211; 2019<\/td>\n<\/tr>\n<tr>\n<td>F30 Limousine<\/td>\n<td>320iX<\/td>\n<td>2011 &#8211; 2019<\/td>\n<\/tr>\n<tr>\n<td>F30 Limousine<\/td>\n<td>320iX<\/td>\n<td>06-2011 &#8211; 07-2015<\/td>\n<\/tr>\n<tr>\n<td>F30 Limousine<\/td>\n<td>325d<\/td>\n<td>2011 &#8211; 2019<\/td>\n<\/tr>\n<tr>\n<td>F30 Limousine<\/td>\n<td>328d<\/td>\n<td>05-2011 &#8211; 06-2015<\/td>\n<\/tr>\n<tr>\n<td>F30 Limousine<\/td>\n<td>328dX<\/td>\n<td>05-2011 &#8211; 06-2015<\/td>\n<\/tr>\n<tr>\n<td>F30 Limousine<\/td>\n<td>328i N20<\/td>\n<td>04-2011 &#8211; 07-2015<\/td>\n<\/tr>\n<tr>\n<td>F30 Limousine<\/td>\n<td>328i N26<\/td>\n<td>02-2011 &#8211; 06-2015<\/td>\n<\/tr>\n<tr>\n<td>F30 Limousine<\/td>\n<td>328i N26<\/td>\n<td>2011 &#8211; 2019<\/td>\n<\/tr>\n<tr>\n<td>F30 Limousine<\/td>\n<td>328iX<\/td>\n<td>2011 &#8211; 2019<\/td>\n<\/tr>\n<tr>\n<td>F30 Limousine<\/td>\n<td>328iX N20<\/td>\n<td>06-2011 &#8211; 07-2015<\/td>\n<\/tr>\n<tr>\n<td>F30 Limousine<\/td>\n<td>328iX N26<\/td>\n<td>06-2011 &#8211; 07-2015<\/td>\n<\/tr>\n<tr>\n<td>F30 Limousine<\/td>\n<td>330d<\/td>\n<td>2011 &#8211; 2019<\/td>\n<\/tr>\n<tr>\n<td>F30 Limousine<\/td>\n<td>330dX<\/td>\n<td>2011 &#8211; 2019<\/td>\n<\/tr>\n<tr>\n<td>F30 Limousine<\/td>\n<td>335dX<\/td>\n<td>2011 &#8211; 2019<\/td>\n<\/tr>\n<tr>\n<td>F30 Limousine<\/td>\n<td>335i<\/td>\n<td>04-2011 &#8211; 07-2015<\/td>\n<\/tr>\n<tr>\n<td>F30 Limousine<\/td>\n<td>335iX<\/td>\n<td>2011 &#8211; 2019<\/td>\n<\/tr>\n<tr>\n<td>F30 Limousine<\/td>\n<td>335iX<\/td>\n<td>05-2011 &#8211; 07-2015<\/td>\n<\/tr>\n<tr>\n<td>F30 Limousine<\/td>\n<td>Hybrid 3<\/td>\n<td>07-2011 &#8211; 05-2015<\/td>\n<\/tr>\n<tr>\n<td>F30 LCI Limousine<\/td>\n<td>316d<\/td>\n<td>2011 &#8211; 2019<\/td>\n<\/tr>\n<tr>\n<td>F30 LCI Limousine<\/td>\n<td>318d<\/td>\n<td>2011 &#8211; 2019<\/td>\n<\/tr>\n<tr>\n<td>F30 LCI Limousine<\/td>\n<td>318dX<\/td>\n<td>2011 &#8211; 2019<\/td>\n<\/tr>\n<tr>\n<td>F30 LCI Limousine<\/td>\n<td>318i<\/td>\n<td>2011 &#8211; 2019<\/td>\n<\/tr>\n<tr>\n<td>F30 LCI Limousine<\/td>\n<td>320d B47<\/td>\n<td>2011 &#8211; 2019<\/td>\n<\/tr>\n<tr>\n<td>F30 LCI Limousine<\/td>\n<td>320d N47N<\/td>\n<td>2011 &#8211; 2019<\/td>\n<\/tr>\n<tr>\n<td>F30 LCI Limousine<\/td>\n<td>320dX<\/td>\n<td>2011 &#8211; 2019<\/td>\n<\/tr>\n<tr>\n<td>F30 LCI Limousine<\/td>\n<td>320i<\/td>\n<td>2011 &#8211; 2019<\/td>\n<\/tr>\n<tr>\n<td>F30 LCI Limousine<\/td>\n<td>320i B48<\/td>\n<td>2011 &#8211; 2019<\/td>\n<\/tr>\n<tr>\n<td>F30 LCI Limousine<\/td>\n<td>320i ed<\/td>\n<td>2011 &#8211; 2019<\/td>\n<\/tr>\n<tr>\n<td>F30 LCI Limousine<\/td>\n<td>320i N20<\/td>\n<td>2011 &#8211; 2019<\/td>\n<\/tr>\n<tr>\n<td>F30 LCI Limousine<\/td>\n<td>320iX<\/td>\n<td>2011 &#8211; 2019<\/td>\n<\/tr>\n<tr>\n<td>F30 LCI Limousine<\/td>\n<td>320iX<\/td>\n<td>2011 &#8211; 2019<\/td>\n<\/tr>\n<tr>\n<td>F30 LCI Limousine<\/td>\n<td>325d B47<\/td>\n<td>2011 &#8211; 2019<\/td>\n<\/tr>\n<tr>\n<td>F30 LCI Limousine<\/td>\n<td>325d N47S1<\/td>\n<td>2011 &#8211; 2019<\/td>\n<\/tr>\n<tr>\n<td>F30 LCI Limousine<\/td>\n<td>328d<\/td>\n<td>2011 &#8211; 2019<\/td>\n<\/tr>\n<tr>\n<td>F30 LCI Limousine<\/td>\n<td>328dX<\/td>\n<td>2011 &#8211; 2019<\/td>\n<\/tr>\n<tr>\n<td>F30 LCI Limousine<\/td>\n<td>328i N20<\/td>\n<td>2011 &#8211; 2019<\/td>\n<\/tr>\n<tr>\n<td>F30 LCI Limousine<\/td>\n<td>328i N20<\/td>\n<td>2011 &#8211; 2019<\/td>\n<\/tr>\n<tr>\n<td>F30 LCI Limousine<\/td>\n<td>328i N26<\/td>\n<td>2011 &#8211; 2019<\/td>\n<\/tr>\n<tr>\n<td>F30 LCI Limousine<\/td>\n<td>328i N26<\/td>\n<td>2011 &#8211; 2019<\/td>\n<\/tr>\n<tr>\n<td>F30 LCI Limousine<\/td>\n<td>328iX<\/td>\n<td>2011 &#8211; 2019<\/td>\n<\/tr>\n<tr>\n<td>F30 LCI Limousine<\/td>\n<td>330d<\/td>\n<td>2011 &#8211; 2019<\/td>\n<\/tr>\n<tr>\n<td>F30 LCI Limousine<\/td>\n<td>330dX<\/td>\n<td>2011 &#8211; 2019<\/td>\n<\/tr>\n<tr>\n<td>F30 LCI Limousine<\/td>\n<td>330e<\/td>\n<td>2011 &#8211; 2019<\/td>\n<\/tr>\n<tr>\n<td>F30 LCI Limousine<\/td>\n<td>330e<\/td>\n<td>2011 &#8211; 2019<\/td>\n<\/tr>\n<tr>\n<td>F30 LCI Limousine<\/td>\n<td>330i<\/td>\n<td>2011 &#8211; 2019<\/td>\n<\/tr>\n<tr>\n<td>F30 LCI Limousine<\/td>\n<td>330i<\/td>\n<td>2011 &#8211; 2019<\/td>\n<\/tr>\n<tr>\n<td>F30 LCI Limousine<\/td>\n<td>330i B46<\/td>\n<td>2011 &#8211; 2019<\/td>\n<\/tr>\n<tr>\n<td>F30 LCI Limousine<\/td>\n<td>330iX<\/td>\n<td>2011 &#8211; 2019<\/td>\n<\/tr>\n<tr>\n<td>F30 LCI Limousine<\/td>\n<td>330iX<\/td>\n<td>2011 &#8211; 2019<\/td>\n<\/tr>\n<tr>\n<td>F30 LCI Limousine<\/td>\n<td>335dX<\/td>\n<td>2011 &#8211; 2019<\/td>\n<\/tr>\n<tr>\n<td>F30 LCI Limousine<\/td>\n<td>340i<\/td>\n<td>2011 &#8211; 2019<\/td>\n<\/tr>\n<tr>\n<td>F30 LCI Limousine<\/td>\n<td>340i<\/td>\n<td>2011 &#8211; 2019<\/td>\n<\/tr>\n<tr>\n<td>F30 LCI Limousine<\/td>\n<td>340iX<\/td>\n<td>2011 &#8211; 2019<\/td>\n<\/tr>\n<tr>\n<td>F30 LCI Limousine<\/td>\n<td>340iX<\/td>\n<td>2011 &#8211; 2019<\/td>\n<\/tr>\n<tr>\n<td>F31 Touring<\/td>\n<td>316d B47<\/td>\n<td>2011 &#8211; 2019<\/td>\n<\/tr>\n<tr>\n<td>F31 Touring<\/td>\n<td>316d N47N<\/td>\n<td>2011 &#8211; 2019<\/td>\n<\/tr>\n<tr>\n<td>F31 Touring<\/td>\n<td>316i<\/td>\n<td>2011 &#8211; 2019<\/td>\n<\/tr>\n<tr>\n<td>F31 Touring<\/td>\n<td>318d<\/td>\n<td>2011 &#8211; 2019<\/td>\n<\/tr>\n<tr>\n<td>F31 Touring<\/td>\n<td>318dX<\/td>\n<td>2011 &#8211; 2019<\/td>\n<\/tr>\n<tr>\n<td>F31 Touring<\/td>\n<td>320d<\/td>\n<td>2011 &#8211; 2019<\/td>\n<\/tr>\n<tr>\n<td>F31 Touring<\/td>\n<td>320d ed<\/td>\n<td>2011 &#8211; 2019<\/td>\n<\/tr>\n<tr>\n<td>F31 Touring<\/td>\n<td>320dX<\/td>\n<td>2011 &#8211; 2019<\/td>\n<\/tr>\n<tr>\n<td>F31 Touring<\/td>\n<td>320i<\/td>\n<td>2011 &#8211; 2019<\/td>\n<\/tr>\n<tr>\n<td>F31 Touring<\/td>\n<td>320iX<\/td>\n<td>2011 &#8211; 2019<\/td>\n<\/tr>\n<tr>\n<td>F31 Touring<\/td>\n<td>325d<\/td>\n<td>2011 &#8211; 2019<\/td>\n<\/tr>\n<tr>\n<td>F31 Touring<\/td>\n<td>328dX<\/td>\n<td>11-2012 &#8211; 06-2015<\/td>\n<\/tr>\n<tr>\n<td>F31 Touring<\/td>\n<td>328i<\/td>\n<td>2011 &#8211; 2019<\/td>\n<\/tr>\n<tr>\n<td>F31 Touring<\/td>\n<td>328i<\/td>\n<td>01-2012 &#8211; 12-2012<\/td>\n<\/tr>\n<tr>\n<td>F31 Touring<\/td>\n<td>328iX<\/td>\n<td>08-2011 &#8211; 06-2015<\/td>\n<\/tr>\n<tr>\n<td>F31 Touring<\/td>\n<td>328iX<\/td>\n<td>2011 &#8211; 2019<\/td>\n<\/tr>\n<tr>\n<td>F31 Touring<\/td>\n<td>330d<\/td>\n<td>2011 &#8211; 2019<\/td>\n<\/tr>\n<tr>\n<td>F31 Touring<\/td>\n<td>330dX<\/td>\n<td>2011 &#8211; 2019<\/td>\n<\/tr>\n<tr>\n<td>F31 Touring<\/td>\n<td>335dX<\/td>\n<td>2011 &#8211; 2019<\/td>\n<\/tr>\n<tr>\n<td>F31 Touring<\/td>\n<td>335i<\/td>\n<td>2011 &#8211; 2019<\/td>\n<\/tr>\n<tr>\n<td>F31 Touring<\/td>\n<td>335iX<\/td>\n<td>2011 &#8211; 2019<\/td>\n<\/tr>\n<tr>\n<td>F31 LCI Touring<\/td>\n<td>316d<\/td>\n<td>2011 &#8211; 2019<\/td>\n<\/tr>\n<tr>\n<td>F31 LCI Touring<\/td>\n<td>318d<\/td>\n<td>2011 &#8211; 2019<\/td>\n<\/tr>\n<tr>\n<td>F31 LCI Touring<\/td>\n<td>318dX<\/td>\n<td>2011 &#8211; 2019<\/td>\n<\/tr>\n<tr>\n<td>F31 LCI Touring<\/td>\n<td>318i<\/td>\n<td>2011 &#8211; 2019<\/td>\n<\/tr>\n<tr>\n<td>F31 LCI Touring<\/td>\n<td>320d B47<\/td>\n<td>2011 &#8211; 2019<\/td>\n<\/tr>\n<tr>\n<td>F31 LCI Touring<\/td>\n<td>320d N47N<\/td>\n<td>2011 &#8211; 2019<\/td>\n<\/tr>\n<tr>\n<td>F31 LCI Touring<\/td>\n<td>320dX<\/td>\n<td>2011 &#8211; 2019<\/td>\n<\/tr>\n<tr>\n<td>F31 LCI Touring<\/td>\n<td>320i<\/td>\n<td>2011 &#8211; 2019<\/td>\n<\/tr>\n<tr>\n<td>F31 LCI Touring<\/td>\n<td>320iX<\/td>\n<td>2011 &#8211; 2019<\/td>\n<\/tr>\n<tr>\n<td>F31 LCI Touring<\/td>\n<td>325d B47<\/td>\n<td>2011 &#8211; 2019<\/td>\n<\/tr>\n<tr>\n<td>F31 LCI Touring<\/td>\n<td>325d N47S1<\/td>\n<td>2011 &#8211; 2019<\/td>\n<\/tr>\n<tr>\n<td>F31 LCI Touring<\/td>\n<td>328dX<\/td>\n<td>2011 &#8211; 2019<\/td>\n<\/tr>\n<tr>\n<td>F31 LCI Touring<\/td>\n<td>328iX<\/td>\n<td>2011 &#8211; 2019<\/td>\n<\/tr>\n<tr>\n<td>F31 LCI Touring<\/td>\n<td>330d<\/td>\n<td>2011 &#8211; 2019<\/td>\n<\/tr>\n<tr>\n<td>F31 LCI Touring<\/td>\n<td>330dX<\/td>\n<td>2011 &#8211; 2019<\/td>\n<\/tr>\n<tr>\n<td>F31 LCI Touring<\/td>\n<td>330i<\/td>\n<td>2011 &#8211; 2019<\/td>\n<\/tr>\n<tr>\n<td>F31 LCI Touring<\/td>\n<td>330iX<\/td>\n<td>2011 &#8211; 2019<\/td>\n<\/tr>\n<tr>\n<td>F31 LCI Touring<\/td>\n<td>330iX<\/td>\n<td>2011 &#8211; 2019<\/td>\n<\/tr>\n<tr>\n<td>F31 LCI Touring<\/td>\n<td>335dX<\/td>\n<td>2011 &#8211; 2019<\/td>\n<\/tr>\n<tr>\n<td>F31 LCI Touring<\/td>\n<td>340i<\/td>\n<td>2011 &#8211; 2019<\/td>\n<\/tr>\n<tr>\n<td>F31 LCI Touring<\/td>\n<td>340iX<\/td>\n<td>2011 &#8211; 2019<\/td>\n<\/tr>\n<\/tbody>\n<\/table>\n","protected":false},"excerpt":{"rendered":"<p><span style=\"color: #39991a; font-weight: 900;\">\u2713<\/span> 100% kompatibel mit Ihrem BMW<br \/>\n<span style=\"color: #39991a; font-weight: 900;\">\u2713<\/span> Einfache Montage<br \/>\n<span style=\"color: #39991a; font-weight: 900;\">\u2713<\/span> Gro\u00dfe Auswahl an Custom-Teilen und Zubeh\u00f6r<\/p>\n","protected":false},"featured_media":24410,"comment_status":"open","ping_status":"closed","template":"","meta":[],"product_brand":[],"product_cat":[186,187],"product_tag":[],"class_list":{"0":"post-24722","1":"product","2":"type-product","3":"status-publish","4":"has-post-thumbnail","6":"product_cat-bmw-teile-zubehor","7":"product_cat-bmw-3er-teile-zubehor","9":"first","10":"instock","11":"taxable","12":"shipping-taxable","13":"purchasable","14":"product-type-variable"},"yoast_head":"<!-- This site is optimized with the Yoast SEO plugin v27.2 - https:\/\/yoast.com\/product\/yoast-seo-wordpress\/ -->\n<title>Grilles de calandre Noires BMW S\u00e9rie 3 F30 F31 2011-2018<\/title>\n<meta name=\"description\" content=\"Achetez vos Schwarze K\u00fchlergrills f\u00fcr BMW 3er Serie F30 F31 2011-2018 et tous vos accessoires BMW MINI sur Custom-Parts.fr !\" \/>\n<meta name=\"robots\" content=\"index, follow, max-snippet:-1, max-image-preview:large, max-video-preview:-1\" \/>\n<link rel=\"canonical\" href=\"https:\/\/custom-parts.fr\/de\/produkt\/grilles-de-calandre-noires-bmw-serie-3-f30-f31-2011-2018\/\" \/>\n<meta property=\"og:locale\" content=\"de_DE\" \/>\n<meta property=\"og:type\" content=\"article\" \/>\n<meta property=\"og:title\" content=\"Grilles de calandre Noires BMW S\u00e9rie 3 F30 F31 2011-2018\" \/>\n<meta property=\"og:description\" content=\"Achetez vos Schwarze K\u00fchlergrills f\u00fcr BMW 3er Serie F30 F31 2011-2018 et tous vos accessoires BMW MINI sur Custom-Parts.fr !\" \/>\n<meta property=\"og:url\" content=\"https:\/\/custom-parts.fr\/de\/produkt\/grilles-de-calandre-noires-bmw-serie-3-f30-f31-2011-2018\/\" \/>\n<meta property=\"og:site_name\" content=\"Custom-Parts.fr\" \/>\n<meta property=\"article:modified_time\" content=\"2025-06-14T23:34:29+00:00\" \/>\n<meta property=\"og:image\" content=\"https:\/\/custom-parts.fr\/wp-content\/uploads\/2023\/08\/Grilles-de-calandre-Noires-BMW-Serie-3-F30-F31-2011-2018-5.jpg\" \/>\n\t<meta property=\"og:image:width\" content=\"500\" \/>\n\t<meta property=\"og:image:height\" content=\"500\" \/>\n\t<meta property=\"og:image:type\" content=\"image\/jpeg\" \/>\n<meta name=\"twitter:card\" content=\"summary_large_image\" \/>\n<meta name=\"twitter:label1\" content=\"Gesch\u00e4tzte Lesezeit\" \/>\n\t<meta name=\"twitter:data1\" content=\"4\u00a0Minute\" \/>\n<script type=\"application\/ld+json\" class=\"yoast-schema-graph\">{\"@context\":\"https:\/\/schema.org\",\"@graph\":[{\"@type\":\"WebPage\",\"@id\":\"https:\/\/custom-parts.fr\/de\/produkt\/grilles-de-calandre-noires-bmw-serie-3-f30-f31-2011-2018\/\",\"url\":\"https:\/\/custom-parts.fr\/de\/produkt\/grilles-de-calandre-noires-bmw-serie-3-f30-f31-2011-2018\/\",\"name\":\"Grilles de calandre Noires BMW S\u00e9rie 3 F30 F31 2011-2018\",\"isPartOf\":{\"@id\":\"https:\/\/custom-parts.fr\/de\/#website\"},\"primaryImageOfPage\":{\"@id\":\"https:\/\/custom-parts.fr\/de\/produkt\/grilles-de-calandre-noires-bmw-serie-3-f30-f31-2011-2018\/#primaryimage\"},\"image\":{\"@id\":\"https:\/\/custom-parts.fr\/de\/produkt\/grilles-de-calandre-noires-bmw-serie-3-f30-f31-2011-2018\/#primaryimage\"},\"thumbnailUrl\":\"https:\/\/custom-parts.fr\/wp-content\/uploads\/2023\/08\/Grilles-de-calandre-Noires-BMW-Serie-3-F30-F31-2011-2018-5.jpg\",\"datePublished\":\"2023-08-26T11:35:01+00:00\",\"dateModified\":\"2025-06-14T23:34:29+00:00\",\"description\":\"Achetez vos Schwarze K\u00fchlergrills f\u00fcr BMW 3er Serie F30 F31 2011-2018 et tous vos accessoires BMW MINI sur Custom-Parts.fr !\",\"breadcrumb\":{\"@id\":\"https:\/\/custom-parts.fr\/de\/produkt\/grilles-de-calandre-noires-bmw-serie-3-f30-f31-2011-2018\/#breadcrumb\"},\"inLanguage\":\"de\",\"potentialAction\":[{\"@type\":\"ReadAction\",\"target\":[\"https:\/\/custom-parts.fr\/de\/produkt\/grilles-de-calandre-noires-bmw-serie-3-f30-f31-2011-2018\/\"]}]},{\"@type\":\"ImageObject\",\"inLanguage\":\"de\",\"@id\":\"https:\/\/custom-parts.fr\/de\/produkt\/grilles-de-calandre-noires-bmw-serie-3-f30-f31-2011-2018\/#primaryimage\",\"url\":\"https:\/\/custom-parts.fr\/wp-content\/uploads\/2023\/08\/Grilles-de-calandre-Noires-BMW-Serie-3-F30-F31-2011-2018-5.jpg\",\"contentUrl\":\"https:\/\/custom-parts.fr\/wp-content\/uploads\/2023\/08\/Grilles-de-calandre-Noires-BMW-Serie-3-F30-F31-2011-2018-5.jpg\",\"width\":500,\"height\":500},{\"@type\":\"BreadcrumbList\",\"@id\":\"https:\/\/custom-parts.fr\/de\/produkt\/grilles-de-calandre-noires-bmw-serie-3-f30-f31-2011-2018\/#breadcrumb\",\"itemListElement\":[{\"@type\":\"ListItem\",\"position\":1,\"name\":\"Startseite\",\"item\":\"https:\/\/custom-parts.fr\/de\/kaufen-sie-teile-und-zubehoer-fuer-mini-bmw-custom-parts-de\/\"},{\"@type\":\"ListItem\",\"position\":2,\"name\":\"Shop\",\"item\":\"https:\/\/custom-parts.fr\/de\/alle-produkte\/\"},{\"@type\":\"ListItem\",\"position\":3,\"name\":\"Schwarze K\u00fchlergrills f\u00fcr BMW 3er Serie F30 F31 2011-2018\"}]},{\"@type\":\"WebSite\",\"@id\":\"https:\/\/custom-parts.fr\/de\/#website\",\"url\":\"https:\/\/custom-parts.fr\/de\/\",\"name\":\"Custom-Parts.fr\",\"description\":\"Custom BMW MINI Ersatzteile & Zubeh\u00f6r\",\"publisher\":{\"@id\":\"https:\/\/custom-parts.fr\/de\/#organization\"},\"potentialAction\":[{\"@type\":\"SearchAction\",\"target\":{\"@type\":\"EntryPoint\",\"urlTemplate\":\"https:\/\/custom-parts.fr\/de\/?s={search_term_string}\"},\"query-input\":{\"@type\":\"PropertyValueSpecification\",\"valueRequired\":true,\"valueName\":\"search_term_string\"}}],\"inLanguage\":\"de\"},{\"@type\":\"Organization\",\"@id\":\"https:\/\/custom-parts.fr\/de\/#organization\",\"name\":\"Custom-Parts\",\"url\":\"https:\/\/custom-parts.fr\/de\/\",\"logo\":{\"@type\":\"ImageObject\",\"inLanguage\":\"de\",\"@id\":\"https:\/\/custom-parts.fr\/de\/#\/schema\/logo\/image\/\",\"url\":\"https:\/\/custom-parts.fr\/wp-content\/uploads\/2023\/01\/cropped-cropped-cropped-final-new-police-2-1-1.png\",\"contentUrl\":\"https:\/\/custom-parts.fr\/wp-content\/uploads\/2023\/01\/cropped-cropped-cropped-final-new-police-2-1-1.png\",\"width\":450,\"height\":125,\"caption\":\"Custom-Parts\"},\"image\":{\"@id\":\"https:\/\/custom-parts.fr\/de\/#\/schema\/logo\/image\/\"}}]}<\/script>\n<!-- \/ Yoast SEO plugin. -->","yoast_head_json":{"title":"Grilles de calandre Noires BMW S\u00e9rie 3 F30 F31 2011-2018","description":"Achetez vos Schwarze K\u00fchlergrills f\u00fcr BMW 3er Serie F30 F31 2011-2018 et tous vos accessoires BMW MINI sur Custom-Parts.fr !","robots":{"index":"index","follow":"follow","max-snippet":"max-snippet:-1","max-image-preview":"max-image-preview:large","max-video-preview":"max-video-preview:-1"},"canonical":"https:\/\/custom-parts.fr\/de\/produkt\/grilles-de-calandre-noires-bmw-serie-3-f30-f31-2011-2018\/","og_locale":"de_DE","og_type":"article","og_title":"Grilles de calandre Noires BMW S\u00e9rie 3 F30 F31 2011-2018","og_description":"Achetez vos Schwarze K\u00fchlergrills f\u00fcr BMW 3er Serie F30 F31 2011-2018 et tous vos accessoires BMW MINI sur Custom-Parts.fr !","og_url":"https:\/\/custom-parts.fr\/de\/produkt\/grilles-de-calandre-noires-bmw-serie-3-f30-f31-2011-2018\/","og_site_name":"Custom-Parts.fr","article_modified_time":"2025-06-14T23:34:29+00:00","og_image":[{"width":500,"height":500,"url":"https:\/\/custom-parts.fr\/wp-content\/uploads\/2023\/08\/Grilles-de-calandre-Noires-BMW-Serie-3-F30-F31-2011-2018-5.jpg","type":"image\/jpeg"}],"twitter_card":"summary_large_image","twitter_misc":{"Gesch\u00e4tzte Lesezeit":"4\u00a0Minute"},"schema":{"@context":"https:\/\/schema.org","@graph":[{"@type":"WebPage","@id":"https:\/\/custom-parts.fr\/de\/produkt\/grilles-de-calandre-noires-bmw-serie-3-f30-f31-2011-2018\/","url":"https:\/\/custom-parts.fr\/de\/produkt\/grilles-de-calandre-noires-bmw-serie-3-f30-f31-2011-2018\/","name":"Grilles de calandre Noires BMW S\u00e9rie 3 F30 F31 2011-2018","isPartOf":{"@id":"https:\/\/custom-parts.fr\/de\/#website"},"primaryImageOfPage":{"@id":"https:\/\/custom-parts.fr\/de\/produkt\/grilles-de-calandre-noires-bmw-serie-3-f30-f31-2011-2018\/#primaryimage"},"image":{"@id":"https:\/\/custom-parts.fr\/de\/produkt\/grilles-de-calandre-noires-bmw-serie-3-f30-f31-2011-2018\/#primaryimage"},"thumbnailUrl":"https:\/\/custom-parts.fr\/wp-content\/uploads\/2023\/08\/Grilles-de-calandre-Noires-BMW-Serie-3-F30-F31-2011-2018-5.jpg","datePublished":"2023-08-26T11:35:01+00:00","dateModified":"2025-06-14T23:34:29+00:00","description":"Achetez vos Schwarze K\u00fchlergrills f\u00fcr BMW 3er Serie F30 F31 2011-2018 et tous vos accessoires BMW MINI sur Custom-Parts.fr !","breadcrumb":{"@id":"https:\/\/custom-parts.fr\/de\/produkt\/grilles-de-calandre-noires-bmw-serie-3-f30-f31-2011-2018\/#breadcrumb"},"inLanguage":"de","potentialAction":[{"@type":"ReadAction","target":["https:\/\/custom-parts.fr\/de\/produkt\/grilles-de-calandre-noires-bmw-serie-3-f30-f31-2011-2018\/"]}]},{"@type":"ImageObject","inLanguage":"de","@id":"https:\/\/custom-parts.fr\/de\/produkt\/grilles-de-calandre-noires-bmw-serie-3-f30-f31-2011-2018\/#primaryimage","url":"https:\/\/custom-parts.fr\/wp-content\/uploads\/2023\/08\/Grilles-de-calandre-Noires-BMW-Serie-3-F30-F31-2011-2018-5.jpg","contentUrl":"https:\/\/custom-parts.fr\/wp-content\/uploads\/2023\/08\/Grilles-de-calandre-Noires-BMW-Serie-3-F30-F31-2011-2018-5.jpg","width":500,"height":500},{"@type":"BreadcrumbList","@id":"https:\/\/custom-parts.fr\/de\/produkt\/grilles-de-calandre-noires-bmw-serie-3-f30-f31-2011-2018\/#breadcrumb","itemListElement":[{"@type":"ListItem","position":1,"name":"Startseite","item":"https:\/\/custom-parts.fr\/de\/kaufen-sie-teile-und-zubehoer-fuer-mini-bmw-custom-parts-de\/"},{"@type":"ListItem","position":2,"name":"Shop","item":"https:\/\/custom-parts.fr\/de\/alle-produkte\/"},{"@type":"ListItem","position":3,"name":"Schwarze K\u00fchlergrills f\u00fcr BMW 3er Serie F30 F31 2011-2018"}]},{"@type":"WebSite","@id":"https:\/\/custom-parts.fr\/de\/#website","url":"https:\/\/custom-parts.fr\/de\/","name":"Custom-Parts.fr","description":"Custom BMW MINI Ersatzteile & Zubeh\u00f6r","publisher":{"@id":"https:\/\/custom-parts.fr\/de\/#organization"},"potentialAction":[{"@type":"SearchAction","target":{"@type":"EntryPoint","urlTemplate":"https:\/\/custom-parts.fr\/de\/?s={search_term_string}"},"query-input":{"@type":"PropertyValueSpecification","valueRequired":true,"valueName":"search_term_string"}}],"inLanguage":"de"},{"@type":"Organization","@id":"https:\/\/custom-parts.fr\/de\/#organization","name":"Custom-Parts","url":"https:\/\/custom-parts.fr\/de\/","logo":{"@type":"ImageObject","inLanguage":"de","@id":"https:\/\/custom-parts.fr\/de\/#\/schema\/logo\/image\/","url":"https:\/\/custom-parts.fr\/wp-content\/uploads\/2023\/01\/cropped-cropped-cropped-final-new-police-2-1-1.png","contentUrl":"https:\/\/custom-parts.fr\/wp-content\/uploads\/2023\/01\/cropped-cropped-cropped-final-new-police-2-1-1.png","width":450,"height":125,"caption":"Custom-Parts"},"image":{"@id":"https:\/\/custom-parts.fr\/de\/#\/schema\/logo\/image\/"}}]}},"_links":{"self":[{"href":"https:\/\/custom-parts.fr\/de\/wp-json\/wp\/v2\/product\/24722","targetHints":{"allow":["GET"]}}],"collection":[{"href":"https:\/\/custom-parts.fr\/de\/wp-json\/wp\/v2\/product"}],"about":[{"href":"https:\/\/custom-parts.fr\/de\/wp-json\/wp\/v2\/types\/product"}],"replies":[{"embeddable":true,"href":"https:\/\/custom-parts.fr\/de\/wp-json\/wp\/v2\/comments?post=24722"}],"wp:featuredmedia":[{"embeddable":true,"href":"https:\/\/custom-parts.fr\/de\/wp-json\/wp\/v2\/media\/24410"}],"wp:attachment":[{"href":"https:\/\/custom-parts.fr\/de\/wp-json\/wp\/v2\/media?parent=24722"}],"wp:term":[{"taxonomy":"product_brand","embeddable":true,"href":"https:\/\/custom-parts.fr\/de\/wp-json\/wp\/v2\/product_brand?post=24722"},{"taxonomy":"product_cat","embeddable":true,"href":"https:\/\/custom-parts.fr\/de\/wp-json\/wp\/v2\/product_cat?post=24722"},{"taxonomy":"product_tag","embeddable":true,"href":"https:\/\/custom-parts.fr\/de\/wp-json\/wp\/v2\/product_tag?post=24722"}],"curies":[{"name":"wp","href":"https:\/\/api.w.org\/{rel}","templated":true}]}}