{"id":24738,"date":"2023-08-21T13:03:16","date_gmt":"2023-08-21T11:03:16","guid":{"rendered":"https:\/\/custom-parts.fr\/produit\/grilles-de-calandre-noires-bmw-serie-3-e46-3-portes-2003-2006-facelift\/"},"modified":"2025-06-15T01:34:29","modified_gmt":"2025-06-14T23:34:29","slug":"grilles-de-calandre-noires-bmw-serie-3-e46-3-portes-2003-2006-facelift","status":"publish","type":"product","link":"https:\/\/custom-parts.fr\/de\/produkt\/grilles-de-calandre-noires-bmw-serie-3-e46-3-portes-2003-2006-facelift\/","title":{"rendered":"Schwarze K\u00fchlergrills f\u00fcr BMW 3er E46 3-T\u00fcrer 2003-2006 (Facelift)"},"content":{"rendered":"<p><strong>Schwarze K\u00fchlergrills f\u00fcr BMW 3er E46 Coup\u00e9 Cabriolet von 2003 bis 2006.<\/strong><\/p>\n<p>&nbsp;<\/p>\n<p>Die Grills werden anstelle der Originalgrills montiert, ohne dass \u00c4nderungen erforderlich sind.<\/p>\n<p>&nbsp;<\/p>\n<h2>Eigenschaften:<\/h2>\n<ul>\n<li>Enth\u00e4lt: 2 x K\u00fchlergrills<\/li>\n<li>Verschiedene Varianten erh\u00e4ltlich mit einfachen oder doppelten Lamellen.<\/li>\n<li>Farbe: Hochgl\u00e4nzend Schwarz, M-Style<\/li>\n<li>Material: Hochwertiger ABS-Kunststoff<\/li>\n<\/ul>\n<p>&nbsp;<\/p>\n<h2>Passend f\u00fcr:<\/h2>\n<ul>\n<li>BMW 3er E46 Coup\u00e9 2003, 2004, 2005, 2006 Facelift<\/li>\n<li>BMW 3er E46 Cabriolet 2003, 2004, 2005, 2006 Facelift<\/li>\n<li>Nicht geeignet f\u00fcr 4-T\u00fcrer und Pre-Facelift-Modelle<\/li>\n<\/ul>\n<h2>Vollst\u00e4ndige Liste der kompatiblen Fahrzeuge:<\/h2>\n<table class=\"responsive-table\">\n<tbody>\n<tr>\n<td width=\"73\"><strong>Modell<\/strong><\/td>\n<td width=\"74\"><strong>Typ<\/strong><\/td>\n<td width=\"142\"><strong>Jahr<\/strong><\/td>\n<\/tr>\n<tr>\n<td width=\"73\">E46 Coup\u00e9<\/td>\n<td width=\"74\">316Ci N40<\/td>\n<td>Ab 28-02-2003<\/td>\n<\/tr>\n<tr>\n<td width=\"73\">E46 Coup\u00e9<\/td>\n<td width=\"74\">316Ci N45<\/td>\n<td>Ab 28-02-2003<\/td>\n<\/tr>\n<tr>\n<td width=\"73\">E46 Cabrio<\/td>\n<td width=\"74\">318Ci N42<\/td>\n<td>Ab 28-02-2003<\/td>\n<\/tr>\n<tr>\n<td width=\"73\">E46 Coup\u00e9<\/td>\n<td width=\"74\">318Ci N42<\/td>\n<td>Ab 28-02-2003<\/td>\n<\/tr>\n<tr>\n<td width=\"73\">E46 Cabrio<\/td>\n<td width=\"74\">318Ci N46<\/td>\n<td>Ab 28-02-2003<\/td>\n<\/tr>\n<tr>\n<td width=\"73\">E46 Coup\u00e9<\/td>\n<td width=\"74\">318Ci N46<\/td>\n<td>Ab 28-02-2003<\/td>\n<\/tr>\n<tr>\n<td width=\"73\">E46 Cabrio<\/td>\n<td width=\"74\">320Cd<\/td>\n<td>Ab 28-02-2003<\/td>\n<\/tr>\n<tr>\n<td width=\"73\">E46 Coup\u00e9<\/td>\n<td width=\"74\">320Cd<\/td>\n<td>Ab 28-02-2003<\/td>\n<\/tr>\n<tr>\n<td width=\"73\">E46 Cabrio<\/td>\n<td width=\"74\">320Ci<\/td>\n<td>Ab 28-02-2003<\/td>\n<\/tr>\n<tr>\n<td width=\"73\">E46 Coup\u00e9<\/td>\n<td width=\"74\">320Ci M54<\/td>\n<td>Ab 28-02-2003<\/td>\n<\/tr>\n<tr>\n<td width=\"73\">E46 Cabrio<\/td>\n<td width=\"74\">325Ci<\/td>\n<td>Ab 28-02-2003<\/td>\n<\/tr>\n<tr>\n<td width=\"73\">E46 Coup\u00e9<\/td>\n<td width=\"74\">325Ci<\/td>\n<td>Ab 28-02-2003<\/td>\n<\/tr>\n<tr>\n<td width=\"73\">E46 Coup\u00e9<\/td>\n<td width=\"74\">325Ci M54<\/td>\n<td>Ab 28-02-2003<\/td>\n<\/tr>\n<tr>\n<td width=\"73\">E46 Coup\u00e9<\/td>\n<td width=\"74\">325Ci M56<\/td>\n<td>Ab 28-02-2003<\/td>\n<\/tr>\n<tr>\n<td width=\"73\">E46 Cabrio<\/td>\n<td width=\"74\">330Cd<\/td>\n<td>Ab 28-02-2003<\/td>\n<\/tr>\n<tr>\n<td width=\"73\">E46 Coup\u00e9<\/td>\n<td width=\"74\">330Cd<\/td>\n<td>Ab 28-02-2003<\/td>\n<\/tr>\n<tr>\n<td width=\"73\">E46 Cabrio<\/td>\n<td width=\"74\">330Ci<\/td>\n<td>Ab 28-02-2003<\/td>\n<\/tr>\n<tr>\n<td width=\"73\">E46 Coup\u00e9<\/td>\n<td width=\"74\">330Ci<\/td>\n<td>Ab 28-02-2003<\/td>\n<\/tr>\n<tr>\n<td width=\"73\">E46 Coup\u00e9<\/td>\n<td width=\"74\">M3 CSL<\/td>\n<td>Ab 28-02-2003<\/td>\n<\/tr>\n<\/tbody>\n<\/table>\n","protected":false},"excerpt":{"rendered":"<p><span style=\"color: #39991a; font-weight: 900;\">\u2713<\/span> 100% kompatibel mit Ihrem BMW<br \/>\n<span style=\"color: #39991a; font-weight: 900;\">\u2713<\/span> Einfache Montage<br \/>\n<span style=\"color: #39991a; font-weight: 900;\">\u2713<\/span> Gro\u00dfe Auswahl an Custom-Teilen und Zubeh\u00f6r<\/p>\n","protected":false},"featured_media":24387,"comment_status":"open","ping_status":"closed","template":"","meta":[],"product_brand":[],"product_cat":[186,187],"product_tag":[],"class_list":{"0":"post-24738","1":"product","2":"type-product","3":"status-publish","4":"has-post-thumbnail","6":"product_cat-bmw-teile-zubehor","7":"product_cat-bmw-3er-teile-zubehor","9":"first","10":"instock","11":"taxable","12":"shipping-taxable","13":"purchasable","14":"product-type-variable"},"yoast_head":"<!-- This site is optimized with the Yoast SEO plugin v27.2 - https:\/\/yoast.com\/product\/yoast-seo-wordpress\/ -->\n<title>Grilles de calandre Noires BMW S\u00e9rie 3 E46 Coup\u00e9 Cabrio 03-06<\/title>\n<meta name=\"description\" content=\"Achetez vos Schwarze K\u00fchlergrills f\u00fcr BMW 3er E46 3-T\u00fcrer 2003-2006 (Facelift) et tous vos accessoires BMW MINI sur Custom-Parts.fr !\" \/>\n<meta name=\"robots\" content=\"index, follow, max-snippet:-1, max-image-preview:large, max-video-preview:-1\" \/>\n<link rel=\"canonical\" href=\"https:\/\/custom-parts.fr\/de\/produkt\/grilles-de-calandre-noires-bmw-serie-3-e46-3-portes-2003-2006-facelift\/\" \/>\n<meta property=\"og:locale\" content=\"de_DE\" \/>\n<meta property=\"og:type\" content=\"article\" \/>\n<meta property=\"og:title\" content=\"Grilles de calandre Noires BMW S\u00e9rie 3 E46 Coup\u00e9 Cabrio 03-06\" \/>\n<meta property=\"og:description\" content=\"Achetez vos Schwarze K\u00fchlergrills f\u00fcr BMW 3er E46 3-T\u00fcrer 2003-2006 (Facelift) et tous vos accessoires BMW MINI sur Custom-Parts.fr !\" \/>\n<meta property=\"og:url\" content=\"https:\/\/custom-parts.fr\/de\/produkt\/grilles-de-calandre-noires-bmw-serie-3-e46-3-portes-2003-2006-facelift\/\" \/>\n<meta property=\"og:site_name\" content=\"Custom-Parts.fr\" \/>\n<meta property=\"article:modified_time\" content=\"2025-06-14T23:34:29+00:00\" \/>\n<meta property=\"og:image\" content=\"https:\/\/custom-parts.fr\/wp-content\/uploads\/2023\/08\/Grilles-de-calandre-Noires-BMW-Serie-3-E46-3-portes-2003-2006-facelift-3.jpg\" \/>\n\t<meta property=\"og:image:width\" content=\"500\" \/>\n\t<meta property=\"og:image:height\" content=\"500\" \/>\n\t<meta property=\"og:image:type\" content=\"image\/jpeg\" \/>\n<meta name=\"twitter:card\" content=\"summary_large_image\" \/>\n<meta name=\"twitter:label1\" content=\"Gesch\u00e4tzte Lesezeit\" \/>\n\t<meta name=\"twitter:data1\" content=\"2\u00a0Minute\" \/>\n<script type=\"application\/ld+json\" class=\"yoast-schema-graph\">{\"@context\":\"https:\/\/schema.org\",\"@graph\":[{\"@type\":\"WebPage\",\"@id\":\"https:\/\/custom-parts.fr\/de\/produkt\/grilles-de-calandre-noires-bmw-serie-3-e46-3-portes-2003-2006-facelift\/\",\"url\":\"https:\/\/custom-parts.fr\/de\/produkt\/grilles-de-calandre-noires-bmw-serie-3-e46-3-portes-2003-2006-facelift\/\",\"name\":\"Grilles de calandre Noires BMW S\u00e9rie 3 E46 Coup\u00e9 Cabrio 03-06\",\"isPartOf\":{\"@id\":\"https:\/\/custom-parts.fr\/de\/#website\"},\"primaryImageOfPage\":{\"@id\":\"https:\/\/custom-parts.fr\/de\/produkt\/grilles-de-calandre-noires-bmw-serie-3-e46-3-portes-2003-2006-facelift\/#primaryimage\"},\"image\":{\"@id\":\"https:\/\/custom-parts.fr\/de\/produkt\/grilles-de-calandre-noires-bmw-serie-3-e46-3-portes-2003-2006-facelift\/#primaryimage\"},\"thumbnailUrl\":\"https:\/\/custom-parts.fr\/wp-content\/uploads\/2023\/08\/Grilles-de-calandre-Noires-BMW-Serie-3-E46-3-portes-2003-2006-facelift-3.jpg\",\"datePublished\":\"2023-08-21T11:03:16+00:00\",\"dateModified\":\"2025-06-14T23:34:29+00:00\",\"description\":\"Achetez vos Schwarze K\u00fchlergrills f\u00fcr BMW 3er E46 3-T\u00fcrer 2003-2006 (Facelift) et tous vos accessoires BMW MINI sur Custom-Parts.fr !\",\"breadcrumb\":{\"@id\":\"https:\/\/custom-parts.fr\/de\/produkt\/grilles-de-calandre-noires-bmw-serie-3-e46-3-portes-2003-2006-facelift\/#breadcrumb\"},\"inLanguage\":\"de\",\"potentialAction\":[{\"@type\":\"ReadAction\",\"target\":[\"https:\/\/custom-parts.fr\/de\/produkt\/grilles-de-calandre-noires-bmw-serie-3-e46-3-portes-2003-2006-facelift\/\"]}]},{\"@type\":\"ImageObject\",\"inLanguage\":\"de\",\"@id\":\"https:\/\/custom-parts.fr\/de\/produkt\/grilles-de-calandre-noires-bmw-serie-3-e46-3-portes-2003-2006-facelift\/#primaryimage\",\"url\":\"https:\/\/custom-parts.fr\/wp-content\/uploads\/2023\/08\/Grilles-de-calandre-Noires-BMW-Serie-3-E46-3-portes-2003-2006-facelift-3.jpg\",\"contentUrl\":\"https:\/\/custom-parts.fr\/wp-content\/uploads\/2023\/08\/Grilles-de-calandre-Noires-BMW-Serie-3-E46-3-portes-2003-2006-facelift-3.jpg\",\"width\":500,\"height\":500},{\"@type\":\"BreadcrumbList\",\"@id\":\"https:\/\/custom-parts.fr\/de\/produkt\/grilles-de-calandre-noires-bmw-serie-3-e46-3-portes-2003-2006-facelift\/#breadcrumb\",\"itemListElement\":[{\"@type\":\"ListItem\",\"position\":1,\"name\":\"Startseite\",\"item\":\"https:\/\/custom-parts.fr\/de\/kaufen-sie-teile-und-zubehoer-fuer-mini-bmw-custom-parts-de\/\"},{\"@type\":\"ListItem\",\"position\":2,\"name\":\"Shop\",\"item\":\"https:\/\/custom-parts.fr\/de\/alle-produkte\/\"},{\"@type\":\"ListItem\",\"position\":3,\"name\":\"Schwarze K\u00fchlergrills f\u00fcr BMW 3er E46 3-T\u00fcrer 2003-2006 (Facelift)\"}]},{\"@type\":\"WebSite\",\"@id\":\"https:\/\/custom-parts.fr\/de\/#website\",\"url\":\"https:\/\/custom-parts.fr\/de\/\",\"name\":\"Custom-Parts.fr\",\"description\":\"Custom BMW MINI Ersatzteile & Zubeh\u00f6r\",\"publisher\":{\"@id\":\"https:\/\/custom-parts.fr\/de\/#organization\"},\"potentialAction\":[{\"@type\":\"SearchAction\",\"target\":{\"@type\":\"EntryPoint\",\"urlTemplate\":\"https:\/\/custom-parts.fr\/de\/?s={search_term_string}\"},\"query-input\":{\"@type\":\"PropertyValueSpecification\",\"valueRequired\":true,\"valueName\":\"search_term_string\"}}],\"inLanguage\":\"de\"},{\"@type\":\"Organization\",\"@id\":\"https:\/\/custom-parts.fr\/de\/#organization\",\"name\":\"Custom-Parts\",\"url\":\"https:\/\/custom-parts.fr\/de\/\",\"logo\":{\"@type\":\"ImageObject\",\"inLanguage\":\"de\",\"@id\":\"https:\/\/custom-parts.fr\/de\/#\/schema\/logo\/image\/\",\"url\":\"https:\/\/custom-parts.fr\/wp-content\/uploads\/2023\/01\/cropped-cropped-cropped-final-new-police-2-1-1.png\",\"contentUrl\":\"https:\/\/custom-parts.fr\/wp-content\/uploads\/2023\/01\/cropped-cropped-cropped-final-new-police-2-1-1.png\",\"width\":450,\"height\":125,\"caption\":\"Custom-Parts\"},\"image\":{\"@id\":\"https:\/\/custom-parts.fr\/de\/#\/schema\/logo\/image\/\"}}]}<\/script>\n<!-- \/ Yoast SEO plugin. -->","yoast_head_json":{"title":"Grilles de calandre Noires BMW S\u00e9rie 3 E46 Coup\u00e9 Cabrio 03-06","description":"Achetez vos Schwarze K\u00fchlergrills f\u00fcr BMW 3er E46 3-T\u00fcrer 2003-2006 (Facelift) et tous vos accessoires BMW MINI sur Custom-Parts.fr !","robots":{"index":"index","follow":"follow","max-snippet":"max-snippet:-1","max-image-preview":"max-image-preview:large","max-video-preview":"max-video-preview:-1"},"canonical":"https:\/\/custom-parts.fr\/de\/produkt\/grilles-de-calandre-noires-bmw-serie-3-e46-3-portes-2003-2006-facelift\/","og_locale":"de_DE","og_type":"article","og_title":"Grilles de calandre Noires BMW S\u00e9rie 3 E46 Coup\u00e9 Cabrio 03-06","og_description":"Achetez vos Schwarze K\u00fchlergrills f\u00fcr BMW 3er E46 3-T\u00fcrer 2003-2006 (Facelift) et tous vos accessoires BMW MINI sur Custom-Parts.fr !","og_url":"https:\/\/custom-parts.fr\/de\/produkt\/grilles-de-calandre-noires-bmw-serie-3-e46-3-portes-2003-2006-facelift\/","og_site_name":"Custom-Parts.fr","article_modified_time":"2025-06-14T23:34:29+00:00","og_image":[{"width":500,"height":500,"url":"https:\/\/custom-parts.fr\/wp-content\/uploads\/2023\/08\/Grilles-de-calandre-Noires-BMW-Serie-3-E46-3-portes-2003-2006-facelift-3.jpg","type":"image\/jpeg"}],"twitter_card":"summary_large_image","twitter_misc":{"Gesch\u00e4tzte Lesezeit":"2\u00a0Minute"},"schema":{"@context":"https:\/\/schema.org","@graph":[{"@type":"WebPage","@id":"https:\/\/custom-parts.fr\/de\/produkt\/grilles-de-calandre-noires-bmw-serie-3-e46-3-portes-2003-2006-facelift\/","url":"https:\/\/custom-parts.fr\/de\/produkt\/grilles-de-calandre-noires-bmw-serie-3-e46-3-portes-2003-2006-facelift\/","name":"Grilles de calandre Noires BMW S\u00e9rie 3 E46 Coup\u00e9 Cabrio 03-06","isPartOf":{"@id":"https:\/\/custom-parts.fr\/de\/#website"},"primaryImageOfPage":{"@id":"https:\/\/custom-parts.fr\/de\/produkt\/grilles-de-calandre-noires-bmw-serie-3-e46-3-portes-2003-2006-facelift\/#primaryimage"},"image":{"@id":"https:\/\/custom-parts.fr\/de\/produkt\/grilles-de-calandre-noires-bmw-serie-3-e46-3-portes-2003-2006-facelift\/#primaryimage"},"thumbnailUrl":"https:\/\/custom-parts.fr\/wp-content\/uploads\/2023\/08\/Grilles-de-calandre-Noires-BMW-Serie-3-E46-3-portes-2003-2006-facelift-3.jpg","datePublished":"2023-08-21T11:03:16+00:00","dateModified":"2025-06-14T23:34:29+00:00","description":"Achetez vos Schwarze K\u00fchlergrills f\u00fcr BMW 3er E46 3-T\u00fcrer 2003-2006 (Facelift) et tous vos accessoires BMW MINI sur Custom-Parts.fr !","breadcrumb":{"@id":"https:\/\/custom-parts.fr\/de\/produkt\/grilles-de-calandre-noires-bmw-serie-3-e46-3-portes-2003-2006-facelift\/#breadcrumb"},"inLanguage":"de","potentialAction":[{"@type":"ReadAction","target":["https:\/\/custom-parts.fr\/de\/produkt\/grilles-de-calandre-noires-bmw-serie-3-e46-3-portes-2003-2006-facelift\/"]}]},{"@type":"ImageObject","inLanguage":"de","@id":"https:\/\/custom-parts.fr\/de\/produkt\/grilles-de-calandre-noires-bmw-serie-3-e46-3-portes-2003-2006-facelift\/#primaryimage","url":"https:\/\/custom-parts.fr\/wp-content\/uploads\/2023\/08\/Grilles-de-calandre-Noires-BMW-Serie-3-E46-3-portes-2003-2006-facelift-3.jpg","contentUrl":"https:\/\/custom-parts.fr\/wp-content\/uploads\/2023\/08\/Grilles-de-calandre-Noires-BMW-Serie-3-E46-3-portes-2003-2006-facelift-3.jpg","width":500,"height":500},{"@type":"BreadcrumbList","@id":"https:\/\/custom-parts.fr\/de\/produkt\/grilles-de-calandre-noires-bmw-serie-3-e46-3-portes-2003-2006-facelift\/#breadcrumb","itemListElement":[{"@type":"ListItem","position":1,"name":"Startseite","item":"https:\/\/custom-parts.fr\/de\/kaufen-sie-teile-und-zubehoer-fuer-mini-bmw-custom-parts-de\/"},{"@type":"ListItem","position":2,"name":"Shop","item":"https:\/\/custom-parts.fr\/de\/alle-produkte\/"},{"@type":"ListItem","position":3,"name":"Schwarze K\u00fchlergrills f\u00fcr BMW 3er E46 3-T\u00fcrer 2003-2006 (Facelift)"}]},{"@type":"WebSite","@id":"https:\/\/custom-parts.fr\/de\/#website","url":"https:\/\/custom-parts.fr\/de\/","name":"Custom-Parts.fr","description":"Custom BMW MINI Ersatzteile & Zubeh\u00f6r","publisher":{"@id":"https:\/\/custom-parts.fr\/de\/#organization"},"potentialAction":[{"@type":"SearchAction","target":{"@type":"EntryPoint","urlTemplate":"https:\/\/custom-parts.fr\/de\/?s={search_term_string}"},"query-input":{"@type":"PropertyValueSpecification","valueRequired":true,"valueName":"search_term_string"}}],"inLanguage":"de"},{"@type":"Organization","@id":"https:\/\/custom-parts.fr\/de\/#organization","name":"Custom-Parts","url":"https:\/\/custom-parts.fr\/de\/","logo":{"@type":"ImageObject","inLanguage":"de","@id":"https:\/\/custom-parts.fr\/de\/#\/schema\/logo\/image\/","url":"https:\/\/custom-parts.fr\/wp-content\/uploads\/2023\/01\/cropped-cropped-cropped-final-new-police-2-1-1.png","contentUrl":"https:\/\/custom-parts.fr\/wp-content\/uploads\/2023\/01\/cropped-cropped-cropped-final-new-police-2-1-1.png","width":450,"height":125,"caption":"Custom-Parts"},"image":{"@id":"https:\/\/custom-parts.fr\/de\/#\/schema\/logo\/image\/"}}]}},"_links":{"self":[{"href":"https:\/\/custom-parts.fr\/de\/wp-json\/wp\/v2\/product\/24738","targetHints":{"allow":["GET"]}}],"collection":[{"href":"https:\/\/custom-parts.fr\/de\/wp-json\/wp\/v2\/product"}],"about":[{"href":"https:\/\/custom-parts.fr\/de\/wp-json\/wp\/v2\/types\/product"}],"replies":[{"embeddable":true,"href":"https:\/\/custom-parts.fr\/de\/wp-json\/wp\/v2\/comments?post=24738"}],"wp:featuredmedia":[{"embeddable":true,"href":"https:\/\/custom-parts.fr\/de\/wp-json\/wp\/v2\/media\/24387"}],"wp:attachment":[{"href":"https:\/\/custom-parts.fr\/de\/wp-json\/wp\/v2\/media?parent=24738"}],"wp:term":[{"taxonomy":"product_brand","embeddable":true,"href":"https:\/\/custom-parts.fr\/de\/wp-json\/wp\/v2\/product_brand?post=24738"},{"taxonomy":"product_cat","embeddable":true,"href":"https:\/\/custom-parts.fr\/de\/wp-json\/wp\/v2\/product_cat?post=24738"},{"taxonomy":"product_tag","embeddable":true,"href":"https:\/\/custom-parts.fr\/de\/wp-json\/wp\/v2\/product_tag?post=24738"}],"curies":[{"name":"wp","href":"https:\/\/api.w.org\/{rel}","templated":true}]}}