{"id":24748,"date":"2023-08-21T12:06:49","date_gmt":"2023-08-21T10:06:49","guid":{"rendered":"https:\/\/custom-parts.fr\/produit\/grilles-de-calandre-noires-doubles-lames-bmw-serie-3-e46-4-portes-2002-2005\/"},"modified":"2025-06-15T01:34:27","modified_gmt":"2025-06-14T23:34:27","slug":"grilles-de-calandre-noires-doubles-lames-bmw-serie-3-e46-4-portes-2002-2005","status":"publish","type":"product","link":"https:\/\/custom-parts.fr\/de\/produkt\/grilles-de-calandre-noires-doubles-lames-bmw-serie-3-e46-4-portes-2002-2005\/","title":{"rendered":"Schwarze K\u00fchlergrills f\u00fcr BMW 3er E46 Limousine &#038; Touring 2001-2005 Facelift"},"content":{"rendered":"<p><strong>Doppellamellen K\u00fchlergrills in Schwarz f\u00fcr BMW 3er E46 Limousine und Touring Facelift von 2001 bis 2005<\/strong><\/p>\n<p>&nbsp;<\/p>\n<p>Die Grills werden ohne Modifikationen anstelle der originalen Grills montiert.<\/p>\n<p>&nbsp;<\/p>\n<h2>Eigenschaften:<\/h2>\n<ul>\n<li>Lieferumfang: 2 x K\u00fchlergrills<\/li>\n<li>Farbe: Hochgl\u00e4nzend Schwarz<\/li>\n<li>Material: Hochwertiger ABS-Kunststoff<\/li>\n<\/ul>\n<p>&nbsp;<\/p>\n<h2>Kompatibel mit:<\/h2>\n<ul>\n<li>BMW 3er E46 Limousine 2001 (Facelift), 2002, 2003, 2004, 2005<\/li>\n<li>BMW 3er E46 Touring 2001 (Facelift), 2002, 2003, 2004, 2005<\/li>\n<\/ul>\n<h2>Vollst\u00e4ndige Liste der kompatiblen Fahrzeuge:<\/h2>\n<table class=\"responsive-table\">\n<tbody>\n<tr>\n<td width=\"89\"><strong>Modell<\/strong><\/td>\n<td width=\"91\"><strong>Typ<\/strong><\/td>\n<td width=\"147\"><strong>Baujahr<\/strong><\/td>\n<\/tr>\n<tr>\n<td width=\"89\">E46 Limousine<\/td>\n<td width=\"91\">316i 1.6<\/td>\n<td width=\"147\">Ab 01-09-2001<\/td>\n<\/tr>\n<tr>\n<td width=\"89\">E46 Limousine<\/td>\n<td width=\"91\">316i 1.9<\/td>\n<td width=\"147\">Ab 01-09-2001<\/td>\n<\/tr>\n<tr>\n<td width=\"89\">E46 Limousine<\/td>\n<td width=\"91\">316i N40<\/td>\n<td width=\"147\">Ab 01-09-2001<\/td>\n<\/tr>\n<tr>\n<td width=\"89\">E46 Limousine<\/td>\n<td width=\"91\">316i N42<\/td>\n<td width=\"147\">Ab 01-09-2001<\/td>\n<\/tr>\n<tr>\n<td width=\"89\">E46 Touring<\/td>\n<td width=\"91\">316i N42<\/td>\n<td width=\"147\">Ab 01-09-2001<\/td>\n<\/tr>\n<tr>\n<td width=\"89\">E46 Limousine<\/td>\n<td width=\"91\">316i N45<\/td>\n<td width=\"147\">Ab 01-09-2001<\/td>\n<\/tr>\n<tr>\n<td width=\"89\">E46 Limousine<\/td>\n<td width=\"91\">316i N46<\/td>\n<td width=\"147\">Ab 01-09-2001<\/td>\n<\/tr>\n<tr>\n<td width=\"89\">E46 Touring<\/td>\n<td width=\"91\">316i N46<\/td>\n<td width=\"147\">Ab 01-09-2001<\/td>\n<\/tr>\n<tr>\n<td width=\"89\">E46 Limousine<\/td>\n<td width=\"91\">318d M47<\/td>\n<td width=\"147\">Ab 01-09-2001<\/td>\n<\/tr>\n<tr>\n<td width=\"89\">E46 Touring<\/td>\n<td width=\"91\">318d M47<\/td>\n<td width=\"147\">Ab 01-09-2001<\/td>\n<\/tr>\n<tr>\n<td width=\"89\">E46 Limousine<\/td>\n<td width=\"91\">318d M47N<\/td>\n<td width=\"147\">Ab 01-09-2001<\/td>\n<\/tr>\n<tr>\n<td width=\"89\">E46 Touring<\/td>\n<td width=\"91\">318d M47N<\/td>\n<td width=\"147\">Ab 01-09-2001<\/td>\n<\/tr>\n<tr>\n<td width=\"89\">E46 Limousine<\/td>\n<td width=\"91\">318i N42<\/td>\n<td width=\"147\">Ab 01-09-2001<\/td>\n<\/tr>\n<tr>\n<td width=\"89\">E46 Touring<\/td>\n<td width=\"91\">318i N42<\/td>\n<td width=\"147\">Ab 01-09-2001<\/td>\n<\/tr>\n<tr>\n<td width=\"89\">E46 Limousine<\/td>\n<td width=\"91\">318i N46<\/td>\n<td width=\"147\">Ab 01-09-2001<\/td>\n<\/tr>\n<tr>\n<td width=\"89\">E46 Touring<\/td>\n<td width=\"91\">318i N46<\/td>\n<td width=\"147\">Ab 01-09-2001<\/td>\n<\/tr>\n<tr>\n<td width=\"89\">E46 Limousine<\/td>\n<td width=\"91\">320d M47N<\/td>\n<td width=\"147\">Ab 01-09-2001<\/td>\n<\/tr>\n<tr>\n<td width=\"89\">E46 Touring<\/td>\n<td width=\"91\">320d M47N<\/td>\n<td width=\"147\">Ab 01-09-2001<\/td>\n<\/tr>\n<tr>\n<td width=\"89\">E46 Limousine<\/td>\n<td width=\"91\">320i<\/td>\n<td width=\"147\">Ab 01-09-2001<\/td>\n<\/tr>\n<tr>\n<td width=\"89\">E46 Limousine<\/td>\n<td width=\"91\">320i M54<\/td>\n<td width=\"147\">Ab 01-09-2001<\/td>\n<\/tr>\n<tr>\n<td width=\"89\">E46 Touring<\/td>\n<td width=\"91\">320i M54<\/td>\n<td width=\"147\">Ab 01-09-2001<\/td>\n<\/tr>\n<tr>\n<td width=\"89\">E46 Limousine<\/td>\n<td width=\"91\">325i<\/td>\n<td width=\"147\">Ab 01-09-2001<\/td>\n<\/tr>\n<tr>\n<td width=\"89\">E46 Touring<\/td>\n<td width=\"91\">325i<\/td>\n<td width=\"147\">Ab 01-09-2001<\/td>\n<\/tr>\n<tr>\n<td width=\"89\">E46 Limousine<\/td>\n<td width=\"91\">325i M54<\/td>\n<td width=\"147\">Ab 01-09-2001<\/td>\n<\/tr>\n<tr>\n<td width=\"89\">E46 Touring<\/td>\n<td width=\"91\">325i M54<\/td>\n<td width=\"147\">Ab 01-09-2001<\/td>\n<\/tr>\n<tr>\n<td width=\"89\">E46 Limousine<\/td>\n<td width=\"91\">325i M56<\/td>\n<td width=\"147\">Ab 01-09-2001<\/td>\n<\/tr>\n<tr>\n<td width=\"89\">E46 Touring<\/td>\n<td width=\"91\">325i M56<\/td>\n<td width=\"147\">Ab 01-09-2001<\/td>\n<\/tr>\n<tr>\n<td width=\"89\">E46 Limousine<\/td>\n<td width=\"91\">325xi<\/td>\n<td width=\"147\">Ab 01-09-2001<\/td>\n<\/tr>\n<tr>\n<td width=\"89\">E46 Limousine<\/td>\n<td width=\"91\">325xi<\/td>\n<td width=\"147\">Ab 01-09-2001<\/td>\n<\/tr>\n<tr>\n<td width=\"89\">E46 Touring<\/td>\n<td width=\"91\">325xi<\/td>\n<td width=\"147\">Ab 01-09-2001<\/td>\n<\/tr>\n<tr>\n<td width=\"89\">E46 Touring<\/td>\n<td width=\"91\">325xi<\/td>\n<td width=\"147\">Ab 01-09-2001<\/td>\n<\/tr>\n<tr>\n<td width=\"89\">E46 Limousine<\/td>\n<td width=\"91\">330d M57<\/td>\n<td width=\"147\">Ab 01-09-2001<\/td>\n<\/tr>\n<tr>\n<td width=\"89\">E46 Touring<\/td>\n<td width=\"91\">330d M57<\/td>\n<td width=\"147\">Ab 01-09-2001<\/td>\n<\/tr>\n<tr>\n<td width=\"89\">E46 Limousine<\/td>\n<td width=\"91\">330d M57N<\/td>\n<td width=\"147\">Ab 01-09-2001<\/td>\n<\/tr>\n<tr>\n<td width=\"89\">E46 Touring<\/td>\n<td width=\"91\">330d M57N<\/td>\n<td width=\"147\">Ab 01-09-2001<\/td>\n<\/tr>\n<tr>\n<td width=\"89\">E46 Limousine<\/td>\n<td width=\"91\">330i<\/td>\n<td width=\"147\">Ab 01-09-2001<\/td>\n<\/tr>\n<tr>\n<td width=\"89\">E46 Limousine<\/td>\n<td width=\"91\">330i<\/td>\n<td width=\"147\">Ab 01-09-2001<\/td>\n<\/tr>\n<tr>\n<td width=\"89\">E46 Touring<\/td>\n<td width=\"91\">330i<\/td>\n<td width=\"147\">Ab 01-09-2001<\/td>\n<\/tr>\n<tr>\n<td width=\"89\">E46 Limousine<\/td>\n<td width=\"91\">330xd M57<\/td>\n<td width=\"147\">Ab 01-09-2001<\/td>\n<\/tr>\n<tr>\n<td width=\"89\">E46 Touring<\/td>\n<td width=\"91\">330xd M57<\/td>\n<td width=\"147\">Ab 01-09-2001<\/td>\n<\/tr>\n<tr>\n<td width=\"89\">E46 Limousine<\/td>\n<td width=\"91\">330xd M57N<\/td>\n<td width=\"147\">Ab 01-09-2001<\/td>\n<\/tr>\n<tr>\n<td width=\"89\">E46 Touring<\/td>\n<td width=\"91\">330xd M57N<\/td>\n<td width=\"147\">Ab 01-09-2001<\/td>\n<\/tr>\n<tr>\n<td width=\"89\">E46 Limousine<\/td>\n<td width=\"91\">330xi<\/td>\n<td width=\"147\">Ab 01-09-2001<\/td>\n<\/tr>\n<tr>\n<td width=\"89\">E46 Touring<\/td>\n<td width=\"91\">330xi<\/td>\n<td width=\"147\">Ab 01-09-2001<\/td>\n<\/tr>\n<\/tbody>\n<\/table>\n","protected":false},"excerpt":{"rendered":"<p><span style=\"color: #39991a; font-weight: 900;\">\u2713<\/span> 100% kompatibel mit Ihrem BMW<br \/>\n<span style=\"color: #39991a; font-weight: 900;\">\u2713<\/span> Einfache Montage<br \/>\n<span style=\"color: #39991a; font-weight: 900;\">\u2713<\/span> Gro\u00dfe Auswahl an Custom-Teilen und Zubeh\u00f6r<\/p>\n","protected":false},"featured_media":24379,"comment_status":"open","ping_status":"closed","template":"","meta":[],"product_brand":[],"product_cat":[186,187],"product_tag":[],"class_list":{"0":"post-24748","1":"product","2":"type-product","3":"status-publish","4":"has-post-thumbnail","6":"product_cat-bmw-teile-zubehor","7":"product_cat-bmw-3er-teile-zubehor","9":"first","10":"instock","11":"taxable","12":"shipping-taxable","13":"purchasable","14":"product-type-simple"},"yoast_head":"<!-- This site is optimized with the Yoast SEO plugin v27.2 - https:\/\/yoast.com\/product\/yoast-seo-wordpress\/ -->\n<title>Grilles de calandre Noires BMW S\u00e9rie 3 E46 Berline &amp; Touring 2002-2005<\/title>\n<meta name=\"description\" content=\"Achetez vos Schwarze K\u00fchlergrills f\u00fcr BMW 3er E46 Limousine &amp; Touring 2001-2005 Facelift et tous vos accessoires BMW MINI sur Custom-Parts.fr !\" \/>\n<meta name=\"robots\" content=\"index, follow, max-snippet:-1, max-image-preview:large, max-video-preview:-1\" \/>\n<link rel=\"canonical\" href=\"https:\/\/custom-parts.fr\/de\/produkt\/grilles-de-calandre-noires-doubles-lames-bmw-serie-3-e46-4-portes-2002-2005\/\" \/>\n<meta property=\"og:locale\" content=\"de_DE\" \/>\n<meta property=\"og:type\" content=\"article\" \/>\n<meta property=\"og:title\" content=\"Grilles de calandre Noires BMW S\u00e9rie 3 E46 Berline &amp; Touring 2002-2005\" \/>\n<meta property=\"og:description\" content=\"Achetez vos Schwarze K\u00fchlergrills f\u00fcr BMW 3er E46 Limousine &amp; Touring 2001-2005 Facelift et tous vos accessoires BMW MINI sur Custom-Parts.fr !\" \/>\n<meta property=\"og:url\" content=\"https:\/\/custom-parts.fr\/de\/produkt\/grilles-de-calandre-noires-doubles-lames-bmw-serie-3-e46-4-portes-2002-2005\/\" \/>\n<meta property=\"og:site_name\" content=\"Custom-Parts.fr\" \/>\n<meta property=\"article:modified_time\" content=\"2025-06-14T23:34:27+00:00\" \/>\n<meta property=\"og:image\" content=\"https:\/\/custom-parts.fr\/wp-content\/uploads\/2023\/08\/Grilles-de-calandre-Noires-doubles-lames-BMW-Serie-3-E46-4-portes-2002-2005-1.jpg\" \/>\n\t<meta property=\"og:image:width\" content=\"500\" \/>\n\t<meta property=\"og:image:height\" content=\"500\" \/>\n\t<meta property=\"og:image:type\" content=\"image\/jpeg\" \/>\n<meta name=\"twitter:card\" content=\"summary_large_image\" \/>\n<meta name=\"twitter:label1\" content=\"Gesch\u00e4tzte Lesezeit\" \/>\n\t<meta name=\"twitter:data1\" content=\"3\u00a0Minute\" \/>\n<script type=\"application\/ld+json\" class=\"yoast-schema-graph\">{\"@context\":\"https:\/\/schema.org\",\"@graph\":[{\"@type\":\"WebPage\",\"@id\":\"https:\/\/custom-parts.fr\/de\/produkt\/grilles-de-calandre-noires-doubles-lames-bmw-serie-3-e46-4-portes-2002-2005\/\",\"url\":\"https:\/\/custom-parts.fr\/de\/produkt\/grilles-de-calandre-noires-doubles-lames-bmw-serie-3-e46-4-portes-2002-2005\/\",\"name\":\"Grilles de calandre Noires BMW S\u00e9rie 3 E46 Berline & Touring 2002-2005\",\"isPartOf\":{\"@id\":\"https:\/\/custom-parts.fr\/de\/#website\"},\"primaryImageOfPage\":{\"@id\":\"https:\/\/custom-parts.fr\/de\/produkt\/grilles-de-calandre-noires-doubles-lames-bmw-serie-3-e46-4-portes-2002-2005\/#primaryimage\"},\"image\":{\"@id\":\"https:\/\/custom-parts.fr\/de\/produkt\/grilles-de-calandre-noires-doubles-lames-bmw-serie-3-e46-4-portes-2002-2005\/#primaryimage\"},\"thumbnailUrl\":\"https:\/\/custom-parts.fr\/wp-content\/uploads\/2023\/08\/Grilles-de-calandre-Noires-doubles-lames-BMW-Serie-3-E46-4-portes-2002-2005-1.jpg\",\"datePublished\":\"2023-08-21T10:06:49+00:00\",\"dateModified\":\"2025-06-14T23:34:27+00:00\",\"description\":\"Achetez vos Schwarze K\u00fchlergrills f\u00fcr BMW 3er E46 Limousine & Touring 2001-2005 Facelift et tous vos accessoires BMW MINI sur Custom-Parts.fr !\",\"breadcrumb\":{\"@id\":\"https:\/\/custom-parts.fr\/de\/produkt\/grilles-de-calandre-noires-doubles-lames-bmw-serie-3-e46-4-portes-2002-2005\/#breadcrumb\"},\"inLanguage\":\"de\",\"potentialAction\":[{\"@type\":\"ReadAction\",\"target\":[\"https:\/\/custom-parts.fr\/de\/produkt\/grilles-de-calandre-noires-doubles-lames-bmw-serie-3-e46-4-portes-2002-2005\/\"]}]},{\"@type\":\"ImageObject\",\"inLanguage\":\"de\",\"@id\":\"https:\/\/custom-parts.fr\/de\/produkt\/grilles-de-calandre-noires-doubles-lames-bmw-serie-3-e46-4-portes-2002-2005\/#primaryimage\",\"url\":\"https:\/\/custom-parts.fr\/wp-content\/uploads\/2023\/08\/Grilles-de-calandre-Noires-doubles-lames-BMW-Serie-3-E46-4-portes-2002-2005-1.jpg\",\"contentUrl\":\"https:\/\/custom-parts.fr\/wp-content\/uploads\/2023\/08\/Grilles-de-calandre-Noires-doubles-lames-BMW-Serie-3-E46-4-portes-2002-2005-1.jpg\",\"width\":500,\"height\":500},{\"@type\":\"BreadcrumbList\",\"@id\":\"https:\/\/custom-parts.fr\/de\/produkt\/grilles-de-calandre-noires-doubles-lames-bmw-serie-3-e46-4-portes-2002-2005\/#breadcrumb\",\"itemListElement\":[{\"@type\":\"ListItem\",\"position\":1,\"name\":\"Startseite\",\"item\":\"https:\/\/custom-parts.fr\/de\/kaufen-sie-teile-und-zubehoer-fuer-mini-bmw-custom-parts-de\/\"},{\"@type\":\"ListItem\",\"position\":2,\"name\":\"Shop\",\"item\":\"https:\/\/custom-parts.fr\/de\/alle-produkte\/\"},{\"@type\":\"ListItem\",\"position\":3,\"name\":\"Schwarze K\u00fchlergrills f\u00fcr BMW 3er E46 Limousine &#038; Touring 2001-2005 Facelift\"}]},{\"@type\":\"WebSite\",\"@id\":\"https:\/\/custom-parts.fr\/de\/#website\",\"url\":\"https:\/\/custom-parts.fr\/de\/\",\"name\":\"Custom-Parts.fr\",\"description\":\"Custom BMW MINI Ersatzteile & Zubeh\u00f6r\",\"publisher\":{\"@id\":\"https:\/\/custom-parts.fr\/de\/#organization\"},\"potentialAction\":[{\"@type\":\"SearchAction\",\"target\":{\"@type\":\"EntryPoint\",\"urlTemplate\":\"https:\/\/custom-parts.fr\/de\/?s={search_term_string}\"},\"query-input\":{\"@type\":\"PropertyValueSpecification\",\"valueRequired\":true,\"valueName\":\"search_term_string\"}}],\"inLanguage\":\"de\"},{\"@type\":\"Organization\",\"@id\":\"https:\/\/custom-parts.fr\/de\/#organization\",\"name\":\"Custom-Parts\",\"url\":\"https:\/\/custom-parts.fr\/de\/\",\"logo\":{\"@type\":\"ImageObject\",\"inLanguage\":\"de\",\"@id\":\"https:\/\/custom-parts.fr\/de\/#\/schema\/logo\/image\/\",\"url\":\"https:\/\/custom-parts.fr\/wp-content\/uploads\/2023\/01\/cropped-cropped-cropped-final-new-police-2-1-1.png\",\"contentUrl\":\"https:\/\/custom-parts.fr\/wp-content\/uploads\/2023\/01\/cropped-cropped-cropped-final-new-police-2-1-1.png\",\"width\":450,\"height\":125,\"caption\":\"Custom-Parts\"},\"image\":{\"@id\":\"https:\/\/custom-parts.fr\/de\/#\/schema\/logo\/image\/\"}}]}<\/script>\n<!-- \/ Yoast SEO plugin. -->","yoast_head_json":{"title":"Grilles de calandre Noires BMW S\u00e9rie 3 E46 Berline & Touring 2002-2005","description":"Achetez vos Schwarze K\u00fchlergrills f\u00fcr BMW 3er E46 Limousine & Touring 2001-2005 Facelift et tous vos accessoires BMW MINI sur Custom-Parts.fr !","robots":{"index":"index","follow":"follow","max-snippet":"max-snippet:-1","max-image-preview":"max-image-preview:large","max-video-preview":"max-video-preview:-1"},"canonical":"https:\/\/custom-parts.fr\/de\/produkt\/grilles-de-calandre-noires-doubles-lames-bmw-serie-3-e46-4-portes-2002-2005\/","og_locale":"de_DE","og_type":"article","og_title":"Grilles de calandre Noires BMW S\u00e9rie 3 E46 Berline & Touring 2002-2005","og_description":"Achetez vos Schwarze K\u00fchlergrills f\u00fcr BMW 3er E46 Limousine & Touring 2001-2005 Facelift et tous vos accessoires BMW MINI sur Custom-Parts.fr !","og_url":"https:\/\/custom-parts.fr\/de\/produkt\/grilles-de-calandre-noires-doubles-lames-bmw-serie-3-e46-4-portes-2002-2005\/","og_site_name":"Custom-Parts.fr","article_modified_time":"2025-06-14T23:34:27+00:00","og_image":[{"width":500,"height":500,"url":"https:\/\/custom-parts.fr\/wp-content\/uploads\/2023\/08\/Grilles-de-calandre-Noires-doubles-lames-BMW-Serie-3-E46-4-portes-2002-2005-1.jpg","type":"image\/jpeg"}],"twitter_card":"summary_large_image","twitter_misc":{"Gesch\u00e4tzte Lesezeit":"3\u00a0Minute"},"schema":{"@context":"https:\/\/schema.org","@graph":[{"@type":"WebPage","@id":"https:\/\/custom-parts.fr\/de\/produkt\/grilles-de-calandre-noires-doubles-lames-bmw-serie-3-e46-4-portes-2002-2005\/","url":"https:\/\/custom-parts.fr\/de\/produkt\/grilles-de-calandre-noires-doubles-lames-bmw-serie-3-e46-4-portes-2002-2005\/","name":"Grilles de calandre Noires BMW S\u00e9rie 3 E46 Berline & Touring 2002-2005","isPartOf":{"@id":"https:\/\/custom-parts.fr\/de\/#website"},"primaryImageOfPage":{"@id":"https:\/\/custom-parts.fr\/de\/produkt\/grilles-de-calandre-noires-doubles-lames-bmw-serie-3-e46-4-portes-2002-2005\/#primaryimage"},"image":{"@id":"https:\/\/custom-parts.fr\/de\/produkt\/grilles-de-calandre-noires-doubles-lames-bmw-serie-3-e46-4-portes-2002-2005\/#primaryimage"},"thumbnailUrl":"https:\/\/custom-parts.fr\/wp-content\/uploads\/2023\/08\/Grilles-de-calandre-Noires-doubles-lames-BMW-Serie-3-E46-4-portes-2002-2005-1.jpg","datePublished":"2023-08-21T10:06:49+00:00","dateModified":"2025-06-14T23:34:27+00:00","description":"Achetez vos Schwarze K\u00fchlergrills f\u00fcr BMW 3er E46 Limousine & Touring 2001-2005 Facelift et tous vos accessoires BMW MINI sur Custom-Parts.fr !","breadcrumb":{"@id":"https:\/\/custom-parts.fr\/de\/produkt\/grilles-de-calandre-noires-doubles-lames-bmw-serie-3-e46-4-portes-2002-2005\/#breadcrumb"},"inLanguage":"de","potentialAction":[{"@type":"ReadAction","target":["https:\/\/custom-parts.fr\/de\/produkt\/grilles-de-calandre-noires-doubles-lames-bmw-serie-3-e46-4-portes-2002-2005\/"]}]},{"@type":"ImageObject","inLanguage":"de","@id":"https:\/\/custom-parts.fr\/de\/produkt\/grilles-de-calandre-noires-doubles-lames-bmw-serie-3-e46-4-portes-2002-2005\/#primaryimage","url":"https:\/\/custom-parts.fr\/wp-content\/uploads\/2023\/08\/Grilles-de-calandre-Noires-doubles-lames-BMW-Serie-3-E46-4-portes-2002-2005-1.jpg","contentUrl":"https:\/\/custom-parts.fr\/wp-content\/uploads\/2023\/08\/Grilles-de-calandre-Noires-doubles-lames-BMW-Serie-3-E46-4-portes-2002-2005-1.jpg","width":500,"height":500},{"@type":"BreadcrumbList","@id":"https:\/\/custom-parts.fr\/de\/produkt\/grilles-de-calandre-noires-doubles-lames-bmw-serie-3-e46-4-portes-2002-2005\/#breadcrumb","itemListElement":[{"@type":"ListItem","position":1,"name":"Startseite","item":"https:\/\/custom-parts.fr\/de\/kaufen-sie-teile-und-zubehoer-fuer-mini-bmw-custom-parts-de\/"},{"@type":"ListItem","position":2,"name":"Shop","item":"https:\/\/custom-parts.fr\/de\/alle-produkte\/"},{"@type":"ListItem","position":3,"name":"Schwarze K\u00fchlergrills f\u00fcr BMW 3er E46 Limousine &#038; Touring 2001-2005 Facelift"}]},{"@type":"WebSite","@id":"https:\/\/custom-parts.fr\/de\/#website","url":"https:\/\/custom-parts.fr\/de\/","name":"Custom-Parts.fr","description":"Custom BMW MINI Ersatzteile & Zubeh\u00f6r","publisher":{"@id":"https:\/\/custom-parts.fr\/de\/#organization"},"potentialAction":[{"@type":"SearchAction","target":{"@type":"EntryPoint","urlTemplate":"https:\/\/custom-parts.fr\/de\/?s={search_term_string}"},"query-input":{"@type":"PropertyValueSpecification","valueRequired":true,"valueName":"search_term_string"}}],"inLanguage":"de"},{"@type":"Organization","@id":"https:\/\/custom-parts.fr\/de\/#organization","name":"Custom-Parts","url":"https:\/\/custom-parts.fr\/de\/","logo":{"@type":"ImageObject","inLanguage":"de","@id":"https:\/\/custom-parts.fr\/de\/#\/schema\/logo\/image\/","url":"https:\/\/custom-parts.fr\/wp-content\/uploads\/2023\/01\/cropped-cropped-cropped-final-new-police-2-1-1.png","contentUrl":"https:\/\/custom-parts.fr\/wp-content\/uploads\/2023\/01\/cropped-cropped-cropped-final-new-police-2-1-1.png","width":450,"height":125,"caption":"Custom-Parts"},"image":{"@id":"https:\/\/custom-parts.fr\/de\/#\/schema\/logo\/image\/"}}]}},"_links":{"self":[{"href":"https:\/\/custom-parts.fr\/de\/wp-json\/wp\/v2\/product\/24748","targetHints":{"allow":["GET"]}}],"collection":[{"href":"https:\/\/custom-parts.fr\/de\/wp-json\/wp\/v2\/product"}],"about":[{"href":"https:\/\/custom-parts.fr\/de\/wp-json\/wp\/v2\/types\/product"}],"replies":[{"embeddable":true,"href":"https:\/\/custom-parts.fr\/de\/wp-json\/wp\/v2\/comments?post=24748"}],"wp:featuredmedia":[{"embeddable":true,"href":"https:\/\/custom-parts.fr\/de\/wp-json\/wp\/v2\/media\/24379"}],"wp:attachment":[{"href":"https:\/\/custom-parts.fr\/de\/wp-json\/wp\/v2\/media?parent=24748"}],"wp:term":[{"taxonomy":"product_brand","embeddable":true,"href":"https:\/\/custom-parts.fr\/de\/wp-json\/wp\/v2\/product_brand?post=24748"},{"taxonomy":"product_cat","embeddable":true,"href":"https:\/\/custom-parts.fr\/de\/wp-json\/wp\/v2\/product_cat?post=24748"},{"taxonomy":"product_tag","embeddable":true,"href":"https:\/\/custom-parts.fr\/de\/wp-json\/wp\/v2\/product_tag?post=24748"}],"curies":[{"name":"wp","href":"https:\/\/api.w.org\/{rel}","templated":true}]}}