{"id":24749,"date":"2023-08-21T11:56:40","date_gmt":"2023-08-21T09:56:40","guid":{"rendered":"https:\/\/custom-parts.fr\/produit\/grilles-de-calandre-noires-brillantes-doubles-lames-bmw-serie-3-e92-e93-2006-2009\/"},"modified":"2025-06-15T01:34:29","modified_gmt":"2025-06-14T23:34:29","slug":"grilles-de-calandre-noires-brillantes-doubles-lames-bmw-serie-3-e92-e93-2006-2009","status":"publish","type":"product","link":"https:\/\/custom-parts.fr\/de\/produkt\/grilles-de-calandre-noires-brillantes-doubles-lames-bmw-serie-3-e92-e93-2006-2009\/","title":{"rendered":"Schwarze Hochglanz-K\u00fchlergrills BMW 3er E92 E93 Coup\u00e9 Cabrio 2006-2009"},"content":{"rendered":"<p><strong>Sportgrills in Piano Black f\u00fcr BMW 3er Reihe E92 und E93 von 2006 bis 2009.<\/strong><\/p>\n<p>&nbsp;<\/p>\n<p>Die Grills werden anstelle der Originalgrills ohne Modifikationen montiert.<\/p>\n<p>&nbsp;<\/p>\n<h2>Eigenschaften:<\/h2>\n<ul>\n<li>Enth\u00e4lt: 2 x Grills f\u00fcr die Frontsch\u00fcrze<\/li>\n<li>Farbe: Hochglanz Schwarz<\/li>\n<li>Material: Hochwertiger ABS-Kunststoff<\/li>\n<\/ul>\n<p>&nbsp;<\/p>\n<h2>Geeignet f\u00fcr:<\/h2>\n<ul>\n<li>BMW 3er E92 Coup\u00e9 2006, 2007, 2008, 2009<\/li>\n<li>BMW 3er E93 Cabriolet 2006, 2007, 2008, 2009<\/li>\n<li>Geeignet f\u00fcr bestimmte M3- und LCI-Modelle (siehe Fahrzeugliste unten). Besuchen Sie auch unsere Grills f\u00fcr E92-E93 LCI auf <a href=\"https:\/\/custom-parts.fr\/de\/produit\/grilles-de-calandre-noires-brillantes-doubles-lames-bmw-serie-3-2010-a-2013\/\">dieser Seite.<\/a><\/li>\n<\/ul>\n<h2>Vollst\u00e4ndige Liste der kompatiblen Fahrzeuge:<\/h2>\n<table class=\"responsive-table\">\n<tbody>\n<tr>\n<td width=\"104\"><strong>Modell<\/strong><\/td>\n<td width=\"80\"><strong>Typ<\/strong><\/td>\n<td width=\"80\"><strong>Baujahr<\/strong><\/td>\n<\/tr>\n<tr>\n<td>E90 Limousine<\/td>\n<td>M3<\/td>\n<td>Ab 31-08-2009<\/td>\n<\/tr>\n<tr>\n<td>E90 LCI Limousine<\/td>\n<td>M3<\/td>\n<td>Ab 31-08-2009<\/td>\n<\/tr>\n<tr>\n<td>E90 LCI Limousine<\/td>\n<td>M3<\/td>\n<td>Ab 31-08-2009<\/td>\n<\/tr>\n<tr>\n<td>E92 Coup\u00e9<\/td>\n<td>316i<\/td>\n<td>2006-2009<\/td>\n<\/tr>\n<tr>\n<td>E92 Coup\u00e9<\/td>\n<td>320d<\/td>\n<td>2006-2009<\/td>\n<\/tr>\n<tr>\n<td>E92 Coup\u00e9<\/td>\n<td>320i N43<\/td>\n<td>2006-2009<\/td>\n<\/tr>\n<tr>\n<td>E92 Coup\u00e9<\/td>\n<td>320i N46N<\/td>\n<td>2006-2009<\/td>\n<\/tr>\n<tr>\n<td>E92 Coup\u00e9<\/td>\n<td>320xd<\/td>\n<td>2006-2009<\/td>\n<\/tr>\n<tr>\n<td>E92 Coup\u00e9<\/td>\n<td>323i<\/td>\n<td>2006-2009<\/td>\n<\/tr>\n<tr>\n<td>E92 Coup\u00e9<\/td>\n<td>325d<\/td>\n<td>2006-2009<\/td>\n<\/tr>\n<tr>\n<td>E92 Coup\u00e9<\/td>\n<td>325i N52N<\/td>\n<td>2006-2009<\/td>\n<\/tr>\n<tr>\n<td>E92 Coup\u00e9<\/td>\n<td>325i N53<\/td>\n<td>2006-2009<\/td>\n<\/tr>\n<tr>\n<td>E92 Coup\u00e9<\/td>\n<td>325xi N52N<\/td>\n<td>2006-2009<\/td>\n<\/tr>\n<tr>\n<td>E92 Coup\u00e9<\/td>\n<td>325xi N53<\/td>\n<td>2006-2009<\/td>\n<\/tr>\n<tr>\n<td>E92 Coup\u00e9<\/td>\n<td>328i N51<\/td>\n<td>2006-2009<\/td>\n<\/tr>\n<tr>\n<td>E92 Coup\u00e9<\/td>\n<td>328i N52N<\/td>\n<td>2006-2009<\/td>\n<\/tr>\n<tr>\n<td>E92 Coup\u00e9<\/td>\n<td>328xi N51<\/td>\n<td>2006-2009<\/td>\n<\/tr>\n<tr>\n<td>E92 Coup\u00e9<\/td>\n<td>328xi N52N<\/td>\n<td>2006-2009<\/td>\n<\/tr>\n<tr>\n<td>E92 Coup\u00e9<\/td>\n<td>330d M57N2<\/td>\n<td>2006-2009<\/td>\n<\/tr>\n<tr>\n<td>E92 Coup\u00e9<\/td>\n<td>330d N57<\/td>\n<td>2006-2009<\/td>\n<\/tr>\n<tr>\n<td>E92 Coup\u00e9<\/td>\n<td>330i N52N<\/td>\n<td>2006-2009<\/td>\n<\/tr>\n<tr>\n<td>E92 Coup\u00e9<\/td>\n<td>330i N53<\/td>\n<td>2006-2009<\/td>\n<\/tr>\n<tr>\n<td>E92 Coup\u00e9<\/td>\n<td>330xd M57N2<\/td>\n<td>2006-2009<\/td>\n<\/tr>\n<tr>\n<td>E92 Coup\u00e9<\/td>\n<td>330xd N57<\/td>\n<td>2006-2009<\/td>\n<\/tr>\n<tr>\n<td>E92 Coup\u00e9<\/td>\n<td>330xi N52N<\/td>\n<td>2006-2009<\/td>\n<\/tr>\n<tr>\n<td>E92 Coup\u00e9<\/td>\n<td>330xi N53<\/td>\n<td>2006-2009<\/td>\n<\/tr>\n<tr>\n<td>E92 Coup\u00e9<\/td>\n<td>335d<\/td>\n<td>2006-2009<\/td>\n<\/tr>\n<tr>\n<td>E92 Coup\u00e9<\/td>\n<td>335i<\/td>\n<td>2006-2009<\/td>\n<\/tr>\n<tr>\n<td>E92 Coup\u00e9<\/td>\n<td>335i<\/td>\n<td>2006-2009<\/td>\n<\/tr>\n<tr>\n<td>E92 Coup\u00e9<\/td>\n<td>335xi<\/td>\n<td>2006-2009<\/td>\n<\/tr>\n<tr>\n<td>E92 Coup\u00e9<\/td>\n<td>M3<\/td>\n<td>07-2006 bis 02-2010<\/td>\n<\/tr>\n<tr>\n<td>E92 LCI Coup\u00e9<\/td>\n<td>M3<\/td>\n<td>Ab 31-08-2009<\/td>\n<\/tr>\n<tr>\n<td>E93 Cabrio<\/td>\n<td>320d<\/td>\n<td>2006-2009<\/td>\n<\/tr>\n<tr>\n<td>E93 Cabrio<\/td>\n<td>320i N43<\/td>\n<td>2006-2009<\/td>\n<\/tr>\n<tr>\n<td>E93 Cabrio<\/td>\n<td>320i N46N<\/td>\n<td>2006-2009<\/td>\n<\/tr>\n<tr>\n<td>E93 Cabrio<\/td>\n<td>323i<\/td>\n<td>2006-2009<\/td>\n<\/tr>\n<tr>\n<td>E93 Cabrio<\/td>\n<td>325d<\/td>\n<td>2006-2009<\/td>\n<\/tr>\n<tr>\n<td>E93 Cabrio<\/td>\n<td>325i N52N<\/td>\n<td>2006-2009<\/td>\n<\/tr>\n<tr>\n<td>E93 Cabrio<\/td>\n<td>325i N53<\/td>\n<td>2006-2009<\/td>\n<\/tr>\n<tr>\n<td>E93 Cabrio<\/td>\n<td>328i<\/td>\n<td>2006-2009<\/td>\n<\/tr>\n<tr>\n<td>E93 Cabrio<\/td>\n<td>328i N51<\/td>\n<td>2006-2009<\/td>\n<\/tr>\n<tr>\n<td>E93 Cabrio<\/td>\n<td>328i N52N<\/td>\n<td>2006-2009<\/td>\n<\/tr>\n<tr>\n<td>E93 Cabrio<\/td>\n<td>330d M57N2<\/td>\n<td>2006-2009<\/td>\n<\/tr>\n<tr>\n<td>E93 Cabrio<\/td>\n<td>330d N57<\/td>\n<td>2006-2009<\/td>\n<\/tr>\n<tr>\n<td>E93 Cabrio<\/td>\n<td>330i N52N<\/td>\n<td>2006-2009<\/td>\n<\/tr>\n<tr>\n<td>E93 Cabrio<\/td>\n<td>330i N53<\/td>\n<td>2006-2009<\/td>\n<\/tr>\n<tr>\n<td>E93 Cabrio<\/td>\n<td>335i<\/td>\n<td>2006-2009<\/td>\n<\/tr>\n<tr>\n<td>E93 Cabrio<\/td>\n<td>M3<\/td>\n<td>Bis 28-02-2010<\/td>\n<\/tr>\n<tr>\n<td>E93 LCI Cabrio<\/td>\n<td>M3<\/td>\n<td>Bis 31-08-2009<\/td>\n<\/tr>\n<tr>\n<td>E93 LCI Cabrio<\/td>\n<td>M3<\/td>\n<td>Bis 31-08-2009<\/td>\n<\/tr>\n<\/tbody>\n<\/table>\n","protected":false},"excerpt":{"rendered":"<p><span style=\"color: #39991a; font-weight: 900;\">\u2713<\/span> 100% kompatibel mit Ihrem BMW<br \/>\n<span style=\"color: #39991a; font-weight: 900;\">\u2713<\/span> Einfache Montage<br \/>\n<span style=\"color: #39991a; font-weight: 900;\">\u2713<\/span> Gro\u00dfe Auswahl an Custom-Teilen und Zubeh\u00f6r<\/p>\n","protected":false},"featured_media":24401,"comment_status":"open","ping_status":"closed","template":"","meta":[],"product_brand":[],"product_cat":[186,187],"product_tag":[],"class_list":{"0":"post-24749","1":"product","2":"type-product","3":"status-publish","4":"has-post-thumbnail","6":"product_cat-bmw-teile-zubehor","7":"product_cat-bmw-3er-teile-zubehor","9":"first","10":"instock","11":"taxable","12":"shipping-taxable","13":"purchasable","14":"product-type-variable"},"yoast_head":"<!-- This site is optimized with the Yoast SEO plugin v27.2 - https:\/\/yoast.com\/product\/yoast-seo-wordpress\/ -->\n<title>Grilles de calandre Noires BMW S\u00e9rie 3 E92 E93 2006-2009<\/title>\n<meta name=\"description\" content=\"Achetez vos Schwarze Hochglanz-K\u00fchlergrills BMW 3er E92 E93 Coup\u00e9 Cabrio 2006-2009 et tous vos accessoires BMW MINI sur Custom-Parts.fr !\" \/>\n<meta name=\"robots\" content=\"index, follow, max-snippet:-1, max-image-preview:large, max-video-preview:-1\" \/>\n<link rel=\"canonical\" href=\"https:\/\/custom-parts.fr\/de\/produkt\/grilles-de-calandre-noires-brillantes-doubles-lames-bmw-serie-3-e92-e93-2006-2009\/\" \/>\n<meta property=\"og:locale\" content=\"de_DE\" \/>\n<meta property=\"og:type\" content=\"article\" \/>\n<meta property=\"og:title\" content=\"Grilles de calandre Noires BMW S\u00e9rie 3 E92 E93 2006-2009\" \/>\n<meta property=\"og:description\" content=\"Achetez vos Schwarze Hochglanz-K\u00fchlergrills BMW 3er E92 E93 Coup\u00e9 Cabrio 2006-2009 et tous vos accessoires BMW MINI sur Custom-Parts.fr !\" \/>\n<meta property=\"og:url\" content=\"https:\/\/custom-parts.fr\/de\/produkt\/grilles-de-calandre-noires-brillantes-doubles-lames-bmw-serie-3-e92-e93-2006-2009\/\" \/>\n<meta property=\"og:site_name\" content=\"Custom-Parts.fr\" \/>\n<meta property=\"article:modified_time\" content=\"2025-06-14T23:34:29+00:00\" \/>\n<meta property=\"og:image\" content=\"https:\/\/custom-parts.fr\/wp-content\/uploads\/2023\/08\/Grilles-Bmw-E92-E93-M3-2006-2009.jpg\" \/>\n\t<meta property=\"og:image:width\" content=\"500\" \/>\n\t<meta property=\"og:image:height\" content=\"500\" \/>\n\t<meta property=\"og:image:type\" content=\"image\/jpeg\" \/>\n<meta name=\"twitter:card\" content=\"summary_large_image\" \/>\n<meta name=\"twitter:label1\" content=\"Gesch\u00e4tzte Lesezeit\" \/>\n\t<meta name=\"twitter:data1\" content=\"2\u00a0Minute\" \/>\n<script type=\"application\/ld+json\" class=\"yoast-schema-graph\">{\"@context\":\"https:\/\/schema.org\",\"@graph\":[{\"@type\":\"WebPage\",\"@id\":\"https:\/\/custom-parts.fr\/de\/produkt\/grilles-de-calandre-noires-brillantes-doubles-lames-bmw-serie-3-e92-e93-2006-2009\/\",\"url\":\"https:\/\/custom-parts.fr\/de\/produkt\/grilles-de-calandre-noires-brillantes-doubles-lames-bmw-serie-3-e92-e93-2006-2009\/\",\"name\":\"Grilles de calandre Noires BMW S\u00e9rie 3 E92 E93 2006-2009\",\"isPartOf\":{\"@id\":\"https:\/\/custom-parts.fr\/de\/#website\"},\"primaryImageOfPage\":{\"@id\":\"https:\/\/custom-parts.fr\/de\/produkt\/grilles-de-calandre-noires-brillantes-doubles-lames-bmw-serie-3-e92-e93-2006-2009\/#primaryimage\"},\"image\":{\"@id\":\"https:\/\/custom-parts.fr\/de\/produkt\/grilles-de-calandre-noires-brillantes-doubles-lames-bmw-serie-3-e92-e93-2006-2009\/#primaryimage\"},\"thumbnailUrl\":\"https:\/\/custom-parts.fr\/wp-content\/uploads\/2023\/08\/Grilles-Bmw-E92-E93-M3-2006-2009.jpg\",\"datePublished\":\"2023-08-21T09:56:40+00:00\",\"dateModified\":\"2025-06-14T23:34:29+00:00\",\"description\":\"Achetez vos Schwarze Hochglanz-K\u00fchlergrills BMW 3er E92 E93 Coup\u00e9 Cabrio 2006-2009 et tous vos accessoires BMW MINI sur Custom-Parts.fr !\",\"breadcrumb\":{\"@id\":\"https:\/\/custom-parts.fr\/de\/produkt\/grilles-de-calandre-noires-brillantes-doubles-lames-bmw-serie-3-e92-e93-2006-2009\/#breadcrumb\"},\"inLanguage\":\"de\",\"potentialAction\":[{\"@type\":\"ReadAction\",\"target\":[\"https:\/\/custom-parts.fr\/de\/produkt\/grilles-de-calandre-noires-brillantes-doubles-lames-bmw-serie-3-e92-e93-2006-2009\/\"]}]},{\"@type\":\"ImageObject\",\"inLanguage\":\"de\",\"@id\":\"https:\/\/custom-parts.fr\/de\/produkt\/grilles-de-calandre-noires-brillantes-doubles-lames-bmw-serie-3-e92-e93-2006-2009\/#primaryimage\",\"url\":\"https:\/\/custom-parts.fr\/wp-content\/uploads\/2023\/08\/Grilles-Bmw-E92-E93-M3-2006-2009.jpg\",\"contentUrl\":\"https:\/\/custom-parts.fr\/wp-content\/uploads\/2023\/08\/Grilles-Bmw-E92-E93-M3-2006-2009.jpg\",\"width\":500,\"height\":500},{\"@type\":\"BreadcrumbList\",\"@id\":\"https:\/\/custom-parts.fr\/de\/produkt\/grilles-de-calandre-noires-brillantes-doubles-lames-bmw-serie-3-e92-e93-2006-2009\/#breadcrumb\",\"itemListElement\":[{\"@type\":\"ListItem\",\"position\":1,\"name\":\"Startseite\",\"item\":\"https:\/\/custom-parts.fr\/de\/kaufen-sie-teile-und-zubehoer-fuer-mini-bmw-custom-parts-de\/\"},{\"@type\":\"ListItem\",\"position\":2,\"name\":\"Shop\",\"item\":\"https:\/\/custom-parts.fr\/de\/alle-produkte\/\"},{\"@type\":\"ListItem\",\"position\":3,\"name\":\"Schwarze Hochglanz-K\u00fchlergrills BMW 3er E92 E93 Coup\u00e9 Cabrio 2006-2009\"}]},{\"@type\":\"WebSite\",\"@id\":\"https:\/\/custom-parts.fr\/de\/#website\",\"url\":\"https:\/\/custom-parts.fr\/de\/\",\"name\":\"Custom-Parts.fr\",\"description\":\"Custom BMW MINI Ersatzteile & Zubeh\u00f6r\",\"publisher\":{\"@id\":\"https:\/\/custom-parts.fr\/de\/#organization\"},\"potentialAction\":[{\"@type\":\"SearchAction\",\"target\":{\"@type\":\"EntryPoint\",\"urlTemplate\":\"https:\/\/custom-parts.fr\/de\/?s={search_term_string}\"},\"query-input\":{\"@type\":\"PropertyValueSpecification\",\"valueRequired\":true,\"valueName\":\"search_term_string\"}}],\"inLanguage\":\"de\"},{\"@type\":\"Organization\",\"@id\":\"https:\/\/custom-parts.fr\/de\/#organization\",\"name\":\"Custom-Parts\",\"url\":\"https:\/\/custom-parts.fr\/de\/\",\"logo\":{\"@type\":\"ImageObject\",\"inLanguage\":\"de\",\"@id\":\"https:\/\/custom-parts.fr\/de\/#\/schema\/logo\/image\/\",\"url\":\"https:\/\/custom-parts.fr\/wp-content\/uploads\/2023\/01\/cropped-cropped-cropped-final-new-police-2-1-1.png\",\"contentUrl\":\"https:\/\/custom-parts.fr\/wp-content\/uploads\/2023\/01\/cropped-cropped-cropped-final-new-police-2-1-1.png\",\"width\":450,\"height\":125,\"caption\":\"Custom-Parts\"},\"image\":{\"@id\":\"https:\/\/custom-parts.fr\/de\/#\/schema\/logo\/image\/\"}}]}<\/script>\n<!-- \/ Yoast SEO plugin. -->","yoast_head_json":{"title":"Grilles de calandre Noires BMW S\u00e9rie 3 E92 E93 2006-2009","description":"Achetez vos Schwarze Hochglanz-K\u00fchlergrills BMW 3er E92 E93 Coup\u00e9 Cabrio 2006-2009 et tous vos accessoires BMW MINI sur Custom-Parts.fr !","robots":{"index":"index","follow":"follow","max-snippet":"max-snippet:-1","max-image-preview":"max-image-preview:large","max-video-preview":"max-video-preview:-1"},"canonical":"https:\/\/custom-parts.fr\/de\/produkt\/grilles-de-calandre-noires-brillantes-doubles-lames-bmw-serie-3-e92-e93-2006-2009\/","og_locale":"de_DE","og_type":"article","og_title":"Grilles de calandre Noires BMW S\u00e9rie 3 E92 E93 2006-2009","og_description":"Achetez vos Schwarze Hochglanz-K\u00fchlergrills BMW 3er E92 E93 Coup\u00e9 Cabrio 2006-2009 et tous vos accessoires BMW MINI sur Custom-Parts.fr !","og_url":"https:\/\/custom-parts.fr\/de\/produkt\/grilles-de-calandre-noires-brillantes-doubles-lames-bmw-serie-3-e92-e93-2006-2009\/","og_site_name":"Custom-Parts.fr","article_modified_time":"2025-06-14T23:34:29+00:00","og_image":[{"width":500,"height":500,"url":"https:\/\/custom-parts.fr\/wp-content\/uploads\/2023\/08\/Grilles-Bmw-E92-E93-M3-2006-2009.jpg","type":"image\/jpeg"}],"twitter_card":"summary_large_image","twitter_misc":{"Gesch\u00e4tzte Lesezeit":"2\u00a0Minute"},"schema":{"@context":"https:\/\/schema.org","@graph":[{"@type":"WebPage","@id":"https:\/\/custom-parts.fr\/de\/produkt\/grilles-de-calandre-noires-brillantes-doubles-lames-bmw-serie-3-e92-e93-2006-2009\/","url":"https:\/\/custom-parts.fr\/de\/produkt\/grilles-de-calandre-noires-brillantes-doubles-lames-bmw-serie-3-e92-e93-2006-2009\/","name":"Grilles de calandre Noires BMW S\u00e9rie 3 E92 E93 2006-2009","isPartOf":{"@id":"https:\/\/custom-parts.fr\/de\/#website"},"primaryImageOfPage":{"@id":"https:\/\/custom-parts.fr\/de\/produkt\/grilles-de-calandre-noires-brillantes-doubles-lames-bmw-serie-3-e92-e93-2006-2009\/#primaryimage"},"image":{"@id":"https:\/\/custom-parts.fr\/de\/produkt\/grilles-de-calandre-noires-brillantes-doubles-lames-bmw-serie-3-e92-e93-2006-2009\/#primaryimage"},"thumbnailUrl":"https:\/\/custom-parts.fr\/wp-content\/uploads\/2023\/08\/Grilles-Bmw-E92-E93-M3-2006-2009.jpg","datePublished":"2023-08-21T09:56:40+00:00","dateModified":"2025-06-14T23:34:29+00:00","description":"Achetez vos Schwarze Hochglanz-K\u00fchlergrills BMW 3er E92 E93 Coup\u00e9 Cabrio 2006-2009 et tous vos accessoires BMW MINI sur Custom-Parts.fr !","breadcrumb":{"@id":"https:\/\/custom-parts.fr\/de\/produkt\/grilles-de-calandre-noires-brillantes-doubles-lames-bmw-serie-3-e92-e93-2006-2009\/#breadcrumb"},"inLanguage":"de","potentialAction":[{"@type":"ReadAction","target":["https:\/\/custom-parts.fr\/de\/produkt\/grilles-de-calandre-noires-brillantes-doubles-lames-bmw-serie-3-e92-e93-2006-2009\/"]}]},{"@type":"ImageObject","inLanguage":"de","@id":"https:\/\/custom-parts.fr\/de\/produkt\/grilles-de-calandre-noires-brillantes-doubles-lames-bmw-serie-3-e92-e93-2006-2009\/#primaryimage","url":"https:\/\/custom-parts.fr\/wp-content\/uploads\/2023\/08\/Grilles-Bmw-E92-E93-M3-2006-2009.jpg","contentUrl":"https:\/\/custom-parts.fr\/wp-content\/uploads\/2023\/08\/Grilles-Bmw-E92-E93-M3-2006-2009.jpg","width":500,"height":500},{"@type":"BreadcrumbList","@id":"https:\/\/custom-parts.fr\/de\/produkt\/grilles-de-calandre-noires-brillantes-doubles-lames-bmw-serie-3-e92-e93-2006-2009\/#breadcrumb","itemListElement":[{"@type":"ListItem","position":1,"name":"Startseite","item":"https:\/\/custom-parts.fr\/de\/kaufen-sie-teile-und-zubehoer-fuer-mini-bmw-custom-parts-de\/"},{"@type":"ListItem","position":2,"name":"Shop","item":"https:\/\/custom-parts.fr\/de\/alle-produkte\/"},{"@type":"ListItem","position":3,"name":"Schwarze Hochglanz-K\u00fchlergrills BMW 3er E92 E93 Coup\u00e9 Cabrio 2006-2009"}]},{"@type":"WebSite","@id":"https:\/\/custom-parts.fr\/de\/#website","url":"https:\/\/custom-parts.fr\/de\/","name":"Custom-Parts.fr","description":"Custom BMW MINI Ersatzteile & Zubeh\u00f6r","publisher":{"@id":"https:\/\/custom-parts.fr\/de\/#organization"},"potentialAction":[{"@type":"SearchAction","target":{"@type":"EntryPoint","urlTemplate":"https:\/\/custom-parts.fr\/de\/?s={search_term_string}"},"query-input":{"@type":"PropertyValueSpecification","valueRequired":true,"valueName":"search_term_string"}}],"inLanguage":"de"},{"@type":"Organization","@id":"https:\/\/custom-parts.fr\/de\/#organization","name":"Custom-Parts","url":"https:\/\/custom-parts.fr\/de\/","logo":{"@type":"ImageObject","inLanguage":"de","@id":"https:\/\/custom-parts.fr\/de\/#\/schema\/logo\/image\/","url":"https:\/\/custom-parts.fr\/wp-content\/uploads\/2023\/01\/cropped-cropped-cropped-final-new-police-2-1-1.png","contentUrl":"https:\/\/custom-parts.fr\/wp-content\/uploads\/2023\/01\/cropped-cropped-cropped-final-new-police-2-1-1.png","width":450,"height":125,"caption":"Custom-Parts"},"image":{"@id":"https:\/\/custom-parts.fr\/de\/#\/schema\/logo\/image\/"}}]}},"_links":{"self":[{"href":"https:\/\/custom-parts.fr\/de\/wp-json\/wp\/v2\/product\/24749","targetHints":{"allow":["GET"]}}],"collection":[{"href":"https:\/\/custom-parts.fr\/de\/wp-json\/wp\/v2\/product"}],"about":[{"href":"https:\/\/custom-parts.fr\/de\/wp-json\/wp\/v2\/types\/product"}],"replies":[{"embeddable":true,"href":"https:\/\/custom-parts.fr\/de\/wp-json\/wp\/v2\/comments?post=24749"}],"wp:featuredmedia":[{"embeddable":true,"href":"https:\/\/custom-parts.fr\/de\/wp-json\/wp\/v2\/media\/24401"}],"wp:attachment":[{"href":"https:\/\/custom-parts.fr\/de\/wp-json\/wp\/v2\/media?parent=24749"}],"wp:term":[{"taxonomy":"product_brand","embeddable":true,"href":"https:\/\/custom-parts.fr\/de\/wp-json\/wp\/v2\/product_brand?post=24749"},{"taxonomy":"product_cat","embeddable":true,"href":"https:\/\/custom-parts.fr\/de\/wp-json\/wp\/v2\/product_cat?post=24749"},{"taxonomy":"product_tag","embeddable":true,"href":"https:\/\/custom-parts.fr\/de\/wp-json\/wp\/v2\/product_tag?post=24749"}],"curies":[{"name":"wp","href":"https:\/\/api.w.org\/{rel}","templated":true}]}}