{"id":24754,"date":"2023-08-20T20:53:10","date_gmt":"2023-08-20T18:53:10","guid":{"rendered":"https:\/\/custom-parts.fr\/produit\/grilles-de-calandre-noires-brillantes-doubles-lames-bmw-serie-5-2010-a-2017\/"},"modified":"2025-06-15T01:34:29","modified_gmt":"2025-06-14T23:34:29","slug":"grilles-de-calandre-noires-brillantes-doubles-lames-bmw-serie-5-2010-a-2017","status":"publish","type":"product","link":"https:\/\/custom-parts.fr\/de\/produkt\/grilles-de-calandre-noires-brillantes-doubles-lames-bmw-serie-5-2010-a-2017\/","title":{"rendered":"Schwarze gl\u00e4nzende Doppelsteggrills f\u00fcr BMW 5er Serie F10-F11 (2010-2017)"},"content":{"rendered":"<p><strong>Sportgrills in Piano Black f\u00fcr BMW 5er Serie F10 F11 von 2010 bis 2017.<\/strong><\/p>\n<p>&nbsp;<\/p>\n<p>Direkter Ersatz f\u00fcr BMW 5er Limousine F10 und Touring F11 von 2010 bis 2017. Die Grills werden anstelle der originalen Grills montiert, ohne dass \u00c4nderungen erforderlich sind.<\/p>\n<p>&nbsp;<\/p>\n<h2>Eigenschaften:<\/h2>\n<ul>\n<li>Lieferumfang: 2 x Grills<\/li>\n<li>Farbe: Hochglanz Schwarz und M-Style<\/li>\n<li>Material: Hochwertiger ABS-Kunststoff<\/li>\n<\/ul>\n<p>&nbsp;<\/p>\n<h2>Passend f\u00fcr:<\/h2>\n<ul>\n<li>BMW 5er Serie F10 F11 2010-2017<\/li>\n<li>Nicht geeignet f\u00fcr das Modell F07 Gran Turismo<\/li>\n<\/ul>\n<p>&nbsp;<\/p>\n<h2>Vollst\u00e4ndige Liste der kompatiblen Fahrzeuge:<\/h2>\n<p>&nbsp;<\/p>\n<table class=\"responsive-table\">\n<tbody>\n<tr>\n<td width=\"85\"><strong>Modell<\/strong><\/td>\n<td width=\"90\"><strong>Typ<\/strong><\/td>\n<td width=\"150\"><strong>Jahr<\/strong><\/td>\n<\/tr>\n<tr>\n<td>F10 Limousine<\/td>\n<td>520d<\/td>\n<td>2010, 2011, 2012, 2013, 2014, 2015, 2016, 2017<\/td>\n<\/tr>\n<tr>\n<td>F10 Limousine<\/td>\n<td>520d ed<\/td>\n<td>2010, 2011, 2012, 2013, 2014, 2015, 2016, 2017<\/td>\n<\/tr>\n<tr>\n<td>F10 Limousine<\/td>\n<td>520i<\/td>\n<td>2010, 2011, 2012, 2013, 2014, 2015, 2016, 2017<\/td>\n<\/tr>\n<tr>\n<td>F10 Limousine<\/td>\n<td>523i N52N<\/td>\n<td>2010, 2011, 2012, 2013, 2014, 2015, 2016, 2017<\/td>\n<\/tr>\n<tr>\n<td>F10 Limousine<\/td>\n<td>523i N53<\/td>\n<td>2010, 2011, 2012, 2013, 2014, 2015, 2016, 2017<\/td>\n<\/tr>\n<tr>\n<td>F10 Limousine<\/td>\n<td>525d N47S1<\/td>\n<td>2010, 2011, 2012, 2013, 2014, 2015, 2016, 2017<\/td>\n<\/tr>\n<tr>\n<td>F10 Limousine<\/td>\n<td>525d N57<\/td>\n<td>2010, 2011, 2012, 2013, 2014, 2015, 2016, 2017<\/td>\n<\/tr>\n<tr>\n<td>F10 Limousine<\/td>\n<td>525dX<\/td>\n<td>2010, 2011, 2012, 2013, 2014, 2015, 2016, 2017<\/td>\n<\/tr>\n<tr>\n<td>F10 Limousine<\/td>\n<td>528i N20<\/td>\n<td>2010, 2011, 2012, 2013, 2014, 2015, 2016, 2017<\/td>\n<\/tr>\n<tr>\n<td>F10 Limousine<\/td>\n<td>528i N52N<\/td>\n<td>2010, 2011, 2012, 2013, 2014, 2015, 2016, 2017<\/td>\n<\/tr>\n<tr>\n<td>F10 Limousine<\/td>\n<td>528i N53<\/td>\n<td>2010, 2011, 2012, 2013, 2014, 2015, 2016, 2017<\/td>\n<\/tr>\n<tr>\n<td>F10 Limousine<\/td>\n<td>528iX<\/td>\n<td>2010, 2011, 2012, 2013, 2014, 2015, 2016, 2017<\/td>\n<\/tr>\n<tr>\n<td>F10 Limousine<\/td>\n<td>530d N57<\/td>\n<td>2010, 2011, 2012, 2013, 2014, 2015, 2016, 2017<\/td>\n<\/tr>\n<tr>\n<td>F10 Limousine<\/td>\n<td>530d N57N<\/td>\n<td>2010, 2011, 2012, 2013, 2014, 2015, 2016, 2017<\/td>\n<\/tr>\n<tr>\n<td>F10 Limousine<\/td>\n<td>530dX<\/td>\n<td>2010, 2011, 2012, 2013, 2014, 2015, 2016, 2017<\/td>\n<\/tr>\n<tr>\n<td>F10 Limousine<\/td>\n<td>530i N52N<\/td>\n<td>2010, 2011, 2012, 2013, 2014, 2015, 2016, 2017<\/td>\n<\/tr>\n<tr>\n<td>F10 Limousine<\/td>\n<td>530i N53<\/td>\n<td>2010, 2011, 2012, 2013, 2014, 2015, 2016, 2017<\/td>\n<\/tr>\n<tr>\n<td>F10 Limousine<\/td>\n<td>535d N57S<\/td>\n<td>2010, 2011, 2012, 2013, 2014, 2015, 2016, 2017<\/td>\n<\/tr>\n<tr>\n<td>F10 Limousine<\/td>\n<td>535d N57Z<\/td>\n<td>2010, 2011, 2012, 2013, 2014, 2015, 2016, 2017<\/td>\n<\/tr>\n<tr>\n<td>F10 Limousine<\/td>\n<td>535dX<\/td>\n<td>2010, 2011, 2012, 2013, 2014, 2015, 2016, 2017<\/td>\n<\/tr>\n<tr>\n<td>F10 Limousine<\/td>\n<td>535i<\/td>\n<td>2010, 2011, 2012, 2013, 2014, 2015, 2016, 2017<\/td>\n<\/tr>\n<tr>\n<td>F10 Limousine<\/td>\n<td>535iX<\/td>\n<td>2010, 2011, 2012, 2013, 2014, 2015, 2016, 2017<\/td>\n<\/tr>\n<tr>\n<td>F10 Limousine<\/td>\n<td>550i<\/td>\n<td>2010, 2011, 2012, 2013, 2014, 2015, 2016, 2017<\/td>\n<\/tr>\n<tr>\n<td>F10 Limousine<\/td>\n<td>550i<\/td>\n<td>2010, 2011, 2012, 2013, 2014, 2015, 2016, 2017<\/td>\n<\/tr>\n<tr>\n<td>F10 Limousine<\/td>\n<td>550iX<\/td>\n<td>2010, 2011, 2012, 2013, 2014, 2015, 2016, 2017<\/td>\n<\/tr>\n<tr>\n<td>F10 Limousine<\/td>\n<td>550iX<\/td>\n<td>2010, 2011, 2012, 2013, 2014, 2015, 2016, 2017<\/td>\n<\/tr>\n<tr>\n<td>F10 Limousine<\/td>\n<td>Hybrid 5<\/td>\n<td>2010, 2011, 2012, 2013, 2014, 2015, 2016, 2017<\/td>\n<\/tr>\n<tr>\n<td>F10 Limousine<\/td>\n<td>Hybrid 5<\/td>\n<td>2010, 2011, 2012, 2013, 2014, 2015, 2016, 2017<\/td>\n<\/tr>\n<tr>\n<td>F10 Limousine<\/td>\n<td>M5<\/td>\n<td>Ab dem 30-06-2013<\/td>\n<\/tr>\n<tr>\n<td>F10 Limousine<\/td>\n<td>M5<\/td>\n<td>Ab dem 30-06-2013<\/td>\n<\/tr>\n<tr>\n<td>F10 Limousine<\/td>\n<td>M550dX<\/td>\n<td>2010, 2011, 2012, 2013, 2014, 2015, 2016, 2017<\/td>\n<\/tr>\n<tr>\n<td>F11 Touring<\/td>\n<td>520d<\/td>\n<td>2010, 2011, 2012, 2013, 2014, 2015, 2016, 2017<\/td>\n<\/tr>\n<tr>\n<td>F11 Touring<\/td>\n<td>520i<\/td>\n<td>2010, 2011, 2012, 2013, 2014, 2015, 2016, 2017<\/td>\n<\/tr>\n<tr>\n<td>F11 Touring<\/td>\n<td>523i N52N<\/td>\n<td>2010, 2011, 2012, 2013, 2014, 2015, 2016, 2017<\/td>\n<\/tr>\n<tr>\n<td>F11 Touring<\/td>\n<td>523i N53<\/td>\n<td>2010, 2011, 2012, 2013, 2014, 2015, 2016, 2017<\/td>\n<\/tr>\n<tr>\n<td>F11 Touring<\/td>\n<td>525d N47S1<\/td>\n<td>2010, 2011, 2012, 2013, 2014, 2015, 2016, 2017<\/td>\n<\/tr>\n<tr>\n<td>F11 Touring<\/td>\n<td>525d N57<\/td>\n<td>2010, 2011, 2012, 2013, 2014, 2015, 2016, 2017<\/td>\n<\/tr>\n<tr>\n<td>F11 Touring<\/td>\n<td>525dX<\/td>\n<td>2010, 2011, 2012, 2013, 2014, 2015, 2016, 2017<\/td>\n<\/tr>\n<tr>\n<td>F11 Touring<\/td>\n<td>528i N20<\/td>\n<td>2010, 2011, 2012, 2013, 2014, 2015, 2016, 2017<\/td>\n<\/tr>\n<tr>\n<td>F11 Touring<\/td>\n<td>528i N53<\/td>\n<td>2010, 2011, 2012, 2013, 2014, 2015, 2016, 2017<\/td>\n<\/tr>\n<tr>\n<td>F11 Touring<\/td>\n<td>528iX<\/td>\n<td>2010, 2011, 2012, 2013, 2014, 2015, 2016, 2017<\/td>\n<\/tr>\n<tr>\n<td>F11 Touring<\/td>\n<td>530d N57<\/td>\n<td>2010, 2011, 2012, 2013, 2014, 2015, 2016, 2017<\/td>\n<\/tr>\n<tr>\n<td>F11 Touring<\/td>\n<td>530d N57N<\/td>\n<td>2010, 2011, 2012, 2013, 2014, 2015, 2016, 2017<\/td>\n<\/tr>\n<tr>\n<td>F11 Touring<\/td>\n<td>530dX<\/td>\n<td>2010, 2011, 2012, 2013, 2014, 2015, 2016, 2017<\/td>\n<\/tr>\n<tr>\n<td>F11 Touring<\/td>\n<td>530i N52N<\/td>\n<td>2010, 2011, 2012, 2013, 2014, 2015, 2016, 2017<\/td>\n<\/tr>\n<tr>\n<td>F11 Touring<\/td>\n<td>530i N53<\/td>\n<td>2010, 2011, 2012, 2013, 2014, 2015, 2016, 2017<\/td>\n<\/tr>\n<tr>\n<td>F11 Touring<\/td>\n<td>535d N57S<\/td>\n<td>2010, 2011, 2012, 2013, 2014, 2015, 2016, 2017<\/td>\n<\/tr>\n<tr>\n<td>F11 Touring<\/td>\n<td>535d N57Z<\/td>\n<td>2010, 2011, 2012, 2013, 2014, 2015, 2016, 2017<\/td>\n<\/tr>\n<tr>\n<td>F11 Touring<\/td>\n<td>535dX<\/td>\n<td>2010, 2011, 2012, 2013, 2014, 2015, 2016, 2017<\/td>\n<\/tr>\n<tr>\n<td>F11 Touring<\/td>\n<td>535i<\/td>\n<td>2010, 2011, 2012, 2013, 2014, 2015, 2016, 2017<\/td>\n<\/tr>\n<tr>\n<td>F11 Touring<\/td>\n<td>535iX<\/td>\n<td>2010, 2011, 2012, 2013, 2014, 2015, 2016, 2017<\/td>\n<\/tr>\n<tr>\n<td>F11 Touring<\/td>\n<td>550i<\/td>\n<td>2010, 2011, 2012, 2013, 2014, 2015, 2016, 2017<\/td>\n<\/tr>\n<tr>\n<td>F11 Touring<\/td>\n<td>M550dX<\/td>\n<td>2010, 2011, 2012, 2013, 2014, 2015, 2016, 2017<\/td>\n<\/tr>\n<tr>\n<td>F11 LCI Touring<\/td>\n<td>518d B47<\/td>\n<td>2010, 2011, 2012, 2013, 2014, 2015, 2016, 2017<\/td>\n<\/tr>\n<tr>\n<td>F11 LCI Touring<\/td>\n<td>518d N47N<\/td>\n<td>2010, 2011, 2012, 2013, 2014, 2015, 2016, 2017<\/td>\n<\/tr>\n<tr>\n<td>F11 LCI Touring<\/td>\n<td>520d B47<\/td>\n<td>2010, 2011, 2012, 2013, 2014, 2015, 2016, 2017<\/td>\n<\/tr>\n<tr>\n<td>F11 LCI Touring<\/td>\n<td>520d N47N<\/td>\n<td>2010, 2011, 2012, 2013, 2014, 2015, 2016, 2017<\/td>\n<\/tr>\n<tr>\n<td>F11 LCI Touring<\/td>\n<td>520dX B47<\/td>\n<td>2010, 2011, 2012, 2013, 2014, 2015, 2016, 2017<\/td>\n<\/tr>\n<tr>\n<td>F11 LCI Touring<\/td>\n<td>520dX N47N<\/td>\n<td>2010, 2011, 2012, 2013, 2014, 2015, 2016, 2017<\/td>\n<\/tr>\n<tr>\n<td>F11 LCI Touring<\/td>\n<td>520i<\/td>\n<td>2010, 2011, 2012, 2013, 2014, 2015, 2016, 2017<\/td>\n<\/tr>\n<tr>\n<td>F11 LCI Touring<\/td>\n<td>525d<\/td>\n<td>2010, 2011, 2012, 2013, 2014, 2015, 2016, 2017<\/td>\n<\/tr>\n<tr>\n<td>F11 LCI Touring<\/td>\n<td>525dX<\/td>\n<td>2010, 2011, 2012, 2013, 2014, 2015, 2016, 2017<\/td>\n<\/tr>\n<tr>\n<td>F11 LCI Touring<\/td>\n<td>528i<\/td>\n<td>2010, 2011, 2012, 2013, 2014, 2015, 2016, 2017<\/td>\n<\/tr>\n<tr>\n<td>F11 LCI Touring<\/td>\n<td>528iX<\/td>\n<td>2010, 2011, 2012, 2013, 2014, 2015, 2016, 2017<\/td>\n<\/tr>\n<tr>\n<td>F11 LCI Touring<\/td>\n<td>530d<\/td>\n<td>2010, 2011, 2012, 2013, 2014, 2015, 2016, 2017<\/td>\n<\/tr>\n<tr>\n<td>F11 LCI Touring<\/td>\n<td>530dX<\/td>\n<td>2010, 2011, 2012, 2013, 2014, 2015, 2016, 2017<\/td>\n<\/tr>\n<tr>\n<td>F11 LCI Touring<\/td>\n<td>535d<\/td>\n<td>2010, 2011, 2012, 2013, 2014, 2015, 2016, 2017<\/td>\n<\/tr>\n<tr>\n<td>F11 LCI Touring<\/td>\n<td>535d<\/td>\n<td>2010, 2011, 2012, 2013, 2014, 2015, 2016, 2017<\/td>\n<\/tr>\n<tr>\n<td>F11 LCI Touring<\/td>\n<td>535dX<\/td>\n<td>2010, 2011, 2012, 2013, 2014, 2015, 2016, 2017<\/td>\n<\/tr>\n<tr>\n<td>F11 LCI Touring<\/td>\n<td>535dX<\/td>\n<td>2010, 2011, 2012, 2013, 2014, 2015, 2016, 2017<\/td>\n<\/tr>\n<tr>\n<td>F11 LCI Touring<\/td>\n<td>535i<\/td>\n<td>2010, 2011, 2012, 2013, 2014, 2015, 2016, 2017<\/td>\n<\/tr>\n<tr>\n<td>F11 LCI Touring<\/td>\n<td>535i<\/td>\n<td>2010, 2011, 2012, 2013, 2014, 2015, 2016, 2017<\/td>\n<\/tr>\n<tr>\n<td>F11 LCI Touring<\/td>\n<td>535iX<\/td>\n<td>2010, 2011, 2012, 2013, 2014, 2015, 2016, 2017<\/td>\n<\/tr>\n<tr>\n<td>F11 LCI Touring<\/td>\n<td>535iX<\/td>\n<td>2010, 2011, 2012, 2013, 2014, 2015, 2016, 2017<\/td>\n<\/tr>\n<tr>\n<td>F11 LCI Touring<\/td>\n<td>550i<\/td>\n<td>2010, 2011, 2012, 2013, 2014, 2015, 2016, 2017<\/td>\n<\/tr>\n<tr>\n<td>F11 LCI Touring<\/td>\n<td>550i<\/td>\n<td>2010, 2011, 2012, 2013, 2014, 2015, 2016, 2017<\/td>\n<\/tr>\n<tr>\n<td>F11 LCI Touring<\/td>\n<td>550iX<\/td>\n<td>2010, 2011, 2012, 2013, 2014, 2015, 2016, 2017<\/td>\n<\/tr>\n<tr>\n<td>F11 LCI Touring<\/td>\n<td>550iX<\/td>\n<td>2010, 2011, 2012, 2013, 2014, 2015, 2016, 2017<\/td>\n<\/tr>\n<tr>\n<td>F11 LCI Touring<\/td>\n<td>Hybrid 5<\/td>\n<td>2010, 2011, 2012, 2013, 2014, 2015, 2016, 2017<\/td>\n<\/tr>\n<tr>\n<td>F11 LCI Touring<\/td>\n<td>Hybrid 5<\/td>\n<td>2010, 2011, 2012, 2013, 2014, 2015, 2016, 2017<\/td>\n<\/tr>\n<tr>\n<td>F11 LCI Touring<\/td>\n<td>M550dX<\/td>\n<td>2010, 2011, 2012, 2013, 2014, 2015, 2016, 2017<\/td>\n<\/tr>\n<\/tbody>\n<\/table>\n","protected":false},"excerpt":{"rendered":"<p><span style=\"color: #39991a; font-weight: 900;\">\u2713<\/span> 100% kompatibel mit Ihrem BMW<br \/>\n<span style=\"color: #39991a; font-weight: 900;\">\u2713<\/span> Einfache Montage<br \/>\n<span style=\"color: #39991a; font-weight: 900;\">\u2713<\/span> Gro\u00dfe Auswahl an Custom-Teilen und Zubeh\u00f6r<\/p>\n","protected":false},"featured_media":24371,"comment_status":"open","ping_status":"closed","template":"","meta":[],"product_brand":[],"product_cat":[189,186],"product_tag":[],"class_list":{"0":"post-24754","1":"product","2":"type-product","3":"status-publish","4":"has-post-thumbnail","6":"product_cat-bmw-5er-ersatzteile-zubehor","7":"product_cat-bmw-teile-zubehor","9":"first","10":"instock","11":"taxable","12":"shipping-taxable","13":"purchasable","14":"product-type-variable"},"yoast_head":"<!-- This site is optimized with the Yoast SEO plugin v27.2 - https:\/\/yoast.com\/product\/yoast-seo-wordpress\/ -->\n<title>Grilles de calandre Noires brillantes BMW Serie 5 2010 \u00e0 2017<\/title>\n<meta name=\"description\" content=\"Achetez vos Schwarze gl\u00e4nzende Doppelsteggrills f\u00fcr BMW 5er Serie F10-F11 (2010-2017) et tous vos accessoires BMW MINI sur Custom-Parts.fr !\" \/>\n<meta name=\"robots\" content=\"index, follow, max-snippet:-1, max-image-preview:large, max-video-preview:-1\" \/>\n<link rel=\"canonical\" href=\"https:\/\/custom-parts.fr\/de\/produkt\/grilles-de-calandre-noires-brillantes-doubles-lames-bmw-serie-5-2010-a-2017\/\" \/>\n<meta property=\"og:locale\" content=\"de_DE\" \/>\n<meta property=\"og:type\" content=\"article\" \/>\n<meta property=\"og:title\" content=\"Grilles de calandre Noires brillantes BMW Serie 5 2010 \u00e0 2017\" \/>\n<meta property=\"og:description\" content=\"Achetez vos Schwarze gl\u00e4nzende Doppelsteggrills f\u00fcr BMW 5er Serie F10-F11 (2010-2017) et tous vos accessoires BMW MINI sur Custom-Parts.fr !\" \/>\n<meta property=\"og:url\" content=\"https:\/\/custom-parts.fr\/de\/produkt\/grilles-de-calandre-noires-brillantes-doubles-lames-bmw-serie-5-2010-a-2017\/\" \/>\n<meta property=\"og:site_name\" content=\"Custom-Parts.fr\" \/>\n<meta property=\"article:modified_time\" content=\"2025-06-14T23:34:29+00:00\" \/>\n<meta property=\"og:image\" content=\"https:\/\/custom-parts.fr\/wp-content\/uploads\/2023\/08\/New-Project-2023-08-20T212908.207.jpg\" \/>\n\t<meta property=\"og:image:width\" content=\"500\" \/>\n\t<meta property=\"og:image:height\" content=\"500\" \/>\n\t<meta property=\"og:image:type\" content=\"image\/jpeg\" \/>\n<meta name=\"twitter:card\" content=\"summary_large_image\" \/>\n<meta name=\"twitter:label1\" content=\"Gesch\u00e4tzte Lesezeit\" \/>\n\t<meta name=\"twitter:data1\" content=\"7\u00a0Minute\" \/>\n<script type=\"application\/ld+json\" class=\"yoast-schema-graph\">{\"@context\":\"https:\/\/schema.org\",\"@graph\":[{\"@type\":\"WebPage\",\"@id\":\"https:\/\/custom-parts.fr\/de\/produkt\/grilles-de-calandre-noires-brillantes-doubles-lames-bmw-serie-5-2010-a-2017\/\",\"url\":\"https:\/\/custom-parts.fr\/de\/produkt\/grilles-de-calandre-noires-brillantes-doubles-lames-bmw-serie-5-2010-a-2017\/\",\"name\":\"Grilles de calandre Noires brillantes BMW Serie 5 2010 \u00e0 2017\",\"isPartOf\":{\"@id\":\"https:\/\/custom-parts.fr\/de\/#website\"},\"primaryImageOfPage\":{\"@id\":\"https:\/\/custom-parts.fr\/de\/produkt\/grilles-de-calandre-noires-brillantes-doubles-lames-bmw-serie-5-2010-a-2017\/#primaryimage\"},\"image\":{\"@id\":\"https:\/\/custom-parts.fr\/de\/produkt\/grilles-de-calandre-noires-brillantes-doubles-lames-bmw-serie-5-2010-a-2017\/#primaryimage\"},\"thumbnailUrl\":\"https:\/\/custom-parts.fr\/wp-content\/uploads\/2023\/08\/New-Project-2023-08-20T212908.207.jpg\",\"datePublished\":\"2023-08-20T18:53:10+00:00\",\"dateModified\":\"2025-06-14T23:34:29+00:00\",\"description\":\"Achetez vos Schwarze gl\u00e4nzende Doppelsteggrills f\u00fcr BMW 5er Serie F10-F11 (2010-2017) et tous vos accessoires BMW MINI sur Custom-Parts.fr !\",\"breadcrumb\":{\"@id\":\"https:\/\/custom-parts.fr\/de\/produkt\/grilles-de-calandre-noires-brillantes-doubles-lames-bmw-serie-5-2010-a-2017\/#breadcrumb\"},\"inLanguage\":\"de\",\"potentialAction\":[{\"@type\":\"ReadAction\",\"target\":[\"https:\/\/custom-parts.fr\/de\/produkt\/grilles-de-calandre-noires-brillantes-doubles-lames-bmw-serie-5-2010-a-2017\/\"]}]},{\"@type\":\"ImageObject\",\"inLanguage\":\"de\",\"@id\":\"https:\/\/custom-parts.fr\/de\/produkt\/grilles-de-calandre-noires-brillantes-doubles-lames-bmw-serie-5-2010-a-2017\/#primaryimage\",\"url\":\"https:\/\/custom-parts.fr\/wp-content\/uploads\/2023\/08\/New-Project-2023-08-20T212908.207.jpg\",\"contentUrl\":\"https:\/\/custom-parts.fr\/wp-content\/uploads\/2023\/08\/New-Project-2023-08-20T212908.207.jpg\",\"width\":500,\"height\":500},{\"@type\":\"BreadcrumbList\",\"@id\":\"https:\/\/custom-parts.fr\/de\/produkt\/grilles-de-calandre-noires-brillantes-doubles-lames-bmw-serie-5-2010-a-2017\/#breadcrumb\",\"itemListElement\":[{\"@type\":\"ListItem\",\"position\":1,\"name\":\"Startseite\",\"item\":\"https:\/\/custom-parts.fr\/de\/kaufen-sie-teile-und-zubehoer-fuer-mini-bmw-custom-parts-de\/\"},{\"@type\":\"ListItem\",\"position\":2,\"name\":\"Shop\",\"item\":\"https:\/\/custom-parts.fr\/de\/alle-produkte\/\"},{\"@type\":\"ListItem\",\"position\":3,\"name\":\"Schwarze gl\u00e4nzende Doppelsteggrills f\u00fcr BMW 5er Serie F10-F11 (2010-2017)\"}]},{\"@type\":\"WebSite\",\"@id\":\"https:\/\/custom-parts.fr\/de\/#website\",\"url\":\"https:\/\/custom-parts.fr\/de\/\",\"name\":\"Custom-Parts.fr\",\"description\":\"Custom BMW MINI Ersatzteile & Zubeh\u00f6r\",\"publisher\":{\"@id\":\"https:\/\/custom-parts.fr\/de\/#organization\"},\"potentialAction\":[{\"@type\":\"SearchAction\",\"target\":{\"@type\":\"EntryPoint\",\"urlTemplate\":\"https:\/\/custom-parts.fr\/de\/?s={search_term_string}\"},\"query-input\":{\"@type\":\"PropertyValueSpecification\",\"valueRequired\":true,\"valueName\":\"search_term_string\"}}],\"inLanguage\":\"de\"},{\"@type\":\"Organization\",\"@id\":\"https:\/\/custom-parts.fr\/de\/#organization\",\"name\":\"Custom-Parts\",\"url\":\"https:\/\/custom-parts.fr\/de\/\",\"logo\":{\"@type\":\"ImageObject\",\"inLanguage\":\"de\",\"@id\":\"https:\/\/custom-parts.fr\/de\/#\/schema\/logo\/image\/\",\"url\":\"https:\/\/custom-parts.fr\/wp-content\/uploads\/2023\/01\/cropped-cropped-cropped-final-new-police-2-1-1.png\",\"contentUrl\":\"https:\/\/custom-parts.fr\/wp-content\/uploads\/2023\/01\/cropped-cropped-cropped-final-new-police-2-1-1.png\",\"width\":450,\"height\":125,\"caption\":\"Custom-Parts\"},\"image\":{\"@id\":\"https:\/\/custom-parts.fr\/de\/#\/schema\/logo\/image\/\"}}]}<\/script>\n<!-- \/ Yoast SEO plugin. -->","yoast_head_json":{"title":"Grilles de calandre Noires brillantes BMW Serie 5 2010 \u00e0 2017","description":"Achetez vos Schwarze gl\u00e4nzende Doppelsteggrills f\u00fcr BMW 5er Serie F10-F11 (2010-2017) et tous vos accessoires BMW MINI sur Custom-Parts.fr !","robots":{"index":"index","follow":"follow","max-snippet":"max-snippet:-1","max-image-preview":"max-image-preview:large","max-video-preview":"max-video-preview:-1"},"canonical":"https:\/\/custom-parts.fr\/de\/produkt\/grilles-de-calandre-noires-brillantes-doubles-lames-bmw-serie-5-2010-a-2017\/","og_locale":"de_DE","og_type":"article","og_title":"Grilles de calandre Noires brillantes BMW Serie 5 2010 \u00e0 2017","og_description":"Achetez vos Schwarze gl\u00e4nzende Doppelsteggrills f\u00fcr BMW 5er Serie F10-F11 (2010-2017) et tous vos accessoires BMW MINI sur Custom-Parts.fr !","og_url":"https:\/\/custom-parts.fr\/de\/produkt\/grilles-de-calandre-noires-brillantes-doubles-lames-bmw-serie-5-2010-a-2017\/","og_site_name":"Custom-Parts.fr","article_modified_time":"2025-06-14T23:34:29+00:00","og_image":[{"width":500,"height":500,"url":"https:\/\/custom-parts.fr\/wp-content\/uploads\/2023\/08\/New-Project-2023-08-20T212908.207.jpg","type":"image\/jpeg"}],"twitter_card":"summary_large_image","twitter_misc":{"Gesch\u00e4tzte Lesezeit":"7\u00a0Minute"},"schema":{"@context":"https:\/\/schema.org","@graph":[{"@type":"WebPage","@id":"https:\/\/custom-parts.fr\/de\/produkt\/grilles-de-calandre-noires-brillantes-doubles-lames-bmw-serie-5-2010-a-2017\/","url":"https:\/\/custom-parts.fr\/de\/produkt\/grilles-de-calandre-noires-brillantes-doubles-lames-bmw-serie-5-2010-a-2017\/","name":"Grilles de calandre Noires brillantes BMW Serie 5 2010 \u00e0 2017","isPartOf":{"@id":"https:\/\/custom-parts.fr\/de\/#website"},"primaryImageOfPage":{"@id":"https:\/\/custom-parts.fr\/de\/produkt\/grilles-de-calandre-noires-brillantes-doubles-lames-bmw-serie-5-2010-a-2017\/#primaryimage"},"image":{"@id":"https:\/\/custom-parts.fr\/de\/produkt\/grilles-de-calandre-noires-brillantes-doubles-lames-bmw-serie-5-2010-a-2017\/#primaryimage"},"thumbnailUrl":"https:\/\/custom-parts.fr\/wp-content\/uploads\/2023\/08\/New-Project-2023-08-20T212908.207.jpg","datePublished":"2023-08-20T18:53:10+00:00","dateModified":"2025-06-14T23:34:29+00:00","description":"Achetez vos Schwarze gl\u00e4nzende Doppelsteggrills f\u00fcr BMW 5er Serie F10-F11 (2010-2017) et tous vos accessoires BMW MINI sur Custom-Parts.fr !","breadcrumb":{"@id":"https:\/\/custom-parts.fr\/de\/produkt\/grilles-de-calandre-noires-brillantes-doubles-lames-bmw-serie-5-2010-a-2017\/#breadcrumb"},"inLanguage":"de","potentialAction":[{"@type":"ReadAction","target":["https:\/\/custom-parts.fr\/de\/produkt\/grilles-de-calandre-noires-brillantes-doubles-lames-bmw-serie-5-2010-a-2017\/"]}]},{"@type":"ImageObject","inLanguage":"de","@id":"https:\/\/custom-parts.fr\/de\/produkt\/grilles-de-calandre-noires-brillantes-doubles-lames-bmw-serie-5-2010-a-2017\/#primaryimage","url":"https:\/\/custom-parts.fr\/wp-content\/uploads\/2023\/08\/New-Project-2023-08-20T212908.207.jpg","contentUrl":"https:\/\/custom-parts.fr\/wp-content\/uploads\/2023\/08\/New-Project-2023-08-20T212908.207.jpg","width":500,"height":500},{"@type":"BreadcrumbList","@id":"https:\/\/custom-parts.fr\/de\/produkt\/grilles-de-calandre-noires-brillantes-doubles-lames-bmw-serie-5-2010-a-2017\/#breadcrumb","itemListElement":[{"@type":"ListItem","position":1,"name":"Startseite","item":"https:\/\/custom-parts.fr\/de\/kaufen-sie-teile-und-zubehoer-fuer-mini-bmw-custom-parts-de\/"},{"@type":"ListItem","position":2,"name":"Shop","item":"https:\/\/custom-parts.fr\/de\/alle-produkte\/"},{"@type":"ListItem","position":3,"name":"Schwarze gl\u00e4nzende Doppelsteggrills f\u00fcr BMW 5er Serie F10-F11 (2010-2017)"}]},{"@type":"WebSite","@id":"https:\/\/custom-parts.fr\/de\/#website","url":"https:\/\/custom-parts.fr\/de\/","name":"Custom-Parts.fr","description":"Custom BMW MINI Ersatzteile & Zubeh\u00f6r","publisher":{"@id":"https:\/\/custom-parts.fr\/de\/#organization"},"potentialAction":[{"@type":"SearchAction","target":{"@type":"EntryPoint","urlTemplate":"https:\/\/custom-parts.fr\/de\/?s={search_term_string}"},"query-input":{"@type":"PropertyValueSpecification","valueRequired":true,"valueName":"search_term_string"}}],"inLanguage":"de"},{"@type":"Organization","@id":"https:\/\/custom-parts.fr\/de\/#organization","name":"Custom-Parts","url":"https:\/\/custom-parts.fr\/de\/","logo":{"@type":"ImageObject","inLanguage":"de","@id":"https:\/\/custom-parts.fr\/de\/#\/schema\/logo\/image\/","url":"https:\/\/custom-parts.fr\/wp-content\/uploads\/2023\/01\/cropped-cropped-cropped-final-new-police-2-1-1.png","contentUrl":"https:\/\/custom-parts.fr\/wp-content\/uploads\/2023\/01\/cropped-cropped-cropped-final-new-police-2-1-1.png","width":450,"height":125,"caption":"Custom-Parts"},"image":{"@id":"https:\/\/custom-parts.fr\/de\/#\/schema\/logo\/image\/"}}]}},"_links":{"self":[{"href":"https:\/\/custom-parts.fr\/de\/wp-json\/wp\/v2\/product\/24754","targetHints":{"allow":["GET"]}}],"collection":[{"href":"https:\/\/custom-parts.fr\/de\/wp-json\/wp\/v2\/product"}],"about":[{"href":"https:\/\/custom-parts.fr\/de\/wp-json\/wp\/v2\/types\/product"}],"replies":[{"embeddable":true,"href":"https:\/\/custom-parts.fr\/de\/wp-json\/wp\/v2\/comments?post=24754"}],"wp:featuredmedia":[{"embeddable":true,"href":"https:\/\/custom-parts.fr\/de\/wp-json\/wp\/v2\/media\/24371"}],"wp:attachment":[{"href":"https:\/\/custom-parts.fr\/de\/wp-json\/wp\/v2\/media?parent=24754"}],"wp:term":[{"taxonomy":"product_brand","embeddable":true,"href":"https:\/\/custom-parts.fr\/de\/wp-json\/wp\/v2\/product_brand?post=24754"},{"taxonomy":"product_cat","embeddable":true,"href":"https:\/\/custom-parts.fr\/de\/wp-json\/wp\/v2\/product_cat?post=24754"},{"taxonomy":"product_tag","embeddable":true,"href":"https:\/\/custom-parts.fr\/de\/wp-json\/wp\/v2\/product_tag?post=24754"}],"curies":[{"name":"wp","href":"https:\/\/api.w.org\/{rel}","templated":true}]}}