{"id":24760,"date":"2023-08-05T05:23:32","date_gmt":"2023-08-05T03:23:32","guid":{"rendered":"https:\/\/custom-parts.fr\/produit\/coques-de-poignees-de-porte-mini-clubman-f54-2016-a-2022\/"},"modified":"2025-06-15T03:03:30","modified_gmt":"2025-06-15T01:03:30","slug":"coques-de-poignees-de-porte-mini-clubman-f54-2016-a-2022","status":"publish","type":"product","link":"https:\/\/custom-parts.fr\/de\/produkt\/coques-de-poignees-de-porte-mini-clubman-f54-2016-a-2022\/","title":{"rendered":"T\u00fcrgriffabdeckungen f\u00fcr Mini Clubman F54 2016 bis 2022"},"content":{"rendered":"<p><strong>T\u00fcr- und Kofferraumgriffverkleidungen f\u00fcr MINI Clubman von 2016 bis 2022 (F54).<\/strong><\/p>\n<p>&nbsp;<\/p>\n<p>Diese passgenauen Verkleidungen f\u00fcr die originalen T\u00fcrgriffe verleihen Ihrem MINI Clubman der 3. Generation im Handumdrehen ein neues Aussehen! Sie werden direkt auf die originalen T\u00fcr- und Kofferraumgriffe mit einem hochwertigen doppelseitigen Klebeband angebracht. Das ultra d\u00fcnne, ma\u00dfgefertigte Plastik bedeckt den T\u00fcrgriff perfekt, um ein identisches Erscheinungsbild wie das Original zu bewahren.  <\/p>\n<p>&nbsp;<\/p>\n<p><strong>Hinweis: Die Verkleidungen sind mit einer transparenten Schutzfolie versehen, die nach der Montage entfernt werden muss. Die Schutzfolie kann die tats\u00e4chliche Farbe der in den Produktbeschreibungen angezeigten Fotos beeinflussen. Die Verkleidungen haben nach dem Entfernen der Schutzfolien immer eine gl\u00e4nzende Oberfl\u00e4che, es sei denn, es wird etwas anderes angegeben.  <\/strong><\/p>\n<p>&nbsp;<\/p>\n<h2>Eigenschaften:<\/h2>\n<ul>\n<li>Dieses Set umfasst 6 Ersatzteile: 2 Verkleidungen f\u00fcr die vorderen T\u00fcrgriffe + 2 Verkleidungen f\u00fcr die hinteren T\u00fcrgriffe + 2 Verkleidungen f\u00fcr die Kofferraumgriffe<\/li>\n<li>Set sowohl f\u00fcr Griffe mit Komfortsystem (Schl\u00fcsselloses \u00d6ffnen) als auch ohne Komfortsystem erh\u00e4ltlich.<\/li>\n<li>Material: Flexibles und ultra-d\u00fcnnes ABS-Kunststoff zur Abdeckung des Griffs ohne visuelle Ver\u00e4nderungen.<\/li>\n<li>Einfache Montage und Demontage dank des vorinstallierten doppelseitigen Klebebands.<\/li>\n<li>Bei kalten Temperaturen verwenden Sie einen Haartrockner, um den Kleber zu erw\u00e4rmen und die Haftung zu erleichtern.<\/li>\n<\/ul>\n<p>&nbsp;<\/p>\n<h2>Geeignet f\u00fcr :<\/h2>\n<ul>\n<li>MINI Cooper, Cooper S Clubman F54 von 2016 bis 2022<\/li>\n<\/ul>\n<p>&nbsp;<\/p>\n<p><img decoding=\"async\" class=\"alignnone wp-image-21654 size-full lazyload\" data-src=\"https:\/\/custom-parts.fr\/wp-content\/uploads\/2023\/03\/Coques-de-poignees-de-porte-MINI-Clubman-F54-2016-a-2022.jpg\" alt=\"\" width=\"500\" height=\"500\" data-srcset=\"https:\/\/custom-parts.fr\/wp-content\/uploads\/2023\/03\/Coques-de-poignees-de-porte-MINI-Clubman-F54-2016-a-2022.jpg 500w, https:\/\/custom-parts.fr\/wp-content\/uploads\/2023\/03\/Coques-de-poignees-de-porte-MINI-Clubman-F54-2016-a-2022-300x300.jpg 300w, https:\/\/custom-parts.fr\/wp-content\/uploads\/2023\/03\/Coques-de-poignees-de-porte-MINI-Clubman-F54-2016-a-2022-150x150.jpg 150w, https:\/\/custom-parts.fr\/wp-content\/uploads\/2023\/03\/Coques-de-poignees-de-porte-MINI-Clubman-F54-2016-a-2022-100x100.jpg 100w, https:\/\/custom-parts.fr\/wp-content\/uploads\/2023\/03\/Coques-de-poignees-de-porte-MINI-Clubman-F54-2016-a-2022-48x48.jpg 48w\" data-sizes=\"(max-width: 500px) 100vw, 500px\" src=\"data:image\/svg+xml;base64,PHN2ZyB3aWR0aD0iMSIgaGVpZ2h0PSIxIiB4bWxucz0iaHR0cDovL3d3dy53My5vcmcvMjAwMC9zdmciPjwvc3ZnPg==\" style=\"--smush-placeholder-width: 500px; --smush-placeholder-aspect-ratio: 500\/500;\" \/><\/p>\n<p><img decoding=\"async\" class=\"alignnone wp-image-21551 size-full lazyload\" data-src=\"https:\/\/custom-parts.fr\/wp-content\/uploads\/2023\/03\/Coques-de-poignees-de-porte-MINI-5-portes-F55-Countryman-F60-F54.jpg\" alt=\"\" width=\"500\" height=\"500\" data-srcset=\"https:\/\/custom-parts.fr\/wp-content\/uploads\/2023\/03\/Coques-de-poignees-de-porte-MINI-5-portes-F55-Countryman-F60-F54.jpg 500w, https:\/\/custom-parts.fr\/wp-content\/uploads\/2023\/03\/Coques-de-poignees-de-porte-MINI-5-portes-F55-Countryman-F60-F54-300x300.jpg 300w, https:\/\/custom-parts.fr\/wp-content\/uploads\/2023\/03\/Coques-de-poignees-de-porte-MINI-5-portes-F55-Countryman-F60-F54-150x150.jpg 150w, https:\/\/custom-parts.fr\/wp-content\/uploads\/2023\/03\/Coques-de-poignees-de-porte-MINI-5-portes-F55-Countryman-F60-F54-100x100.jpg 100w, https:\/\/custom-parts.fr\/wp-content\/uploads\/2023\/03\/Coques-de-poignees-de-porte-MINI-5-portes-F55-Countryman-F60-F54-48x48.jpg 48w\" data-sizes=\"(max-width: 500px) 100vw, 500px\" src=\"data:image\/svg+xml;base64,PHN2ZyB3aWR0aD0iMSIgaGVpZ2h0PSIxIiB4bWxucz0iaHR0cDovL3d3dy53My5vcmcvMjAwMC9zdmciPjwvc3ZnPg==\" style=\"--smush-placeholder-width: 500px; --smush-placeholder-aspect-ratio: 500\/500;\" \/><\/p>\n<p><img decoding=\"async\" class=\"alignnone wp-image-21552 size-full lazyload\" data-src=\"https:\/\/custom-parts.fr\/wp-content\/uploads\/2023\/03\/Coques-de-poignees-de-porte-MINI-5-portes-F55-Countryman-F60-1.jpg\" alt=\"\" width=\"500\" height=\"500\" data-srcset=\"https:\/\/custom-parts.fr\/wp-content\/uploads\/2023\/03\/Coques-de-poignees-de-porte-MINI-5-portes-F55-Countryman-F60-1.jpg 500w, https:\/\/custom-parts.fr\/wp-content\/uploads\/2023\/03\/Coques-de-poignees-de-porte-MINI-5-portes-F55-Countryman-F60-1-300x300.jpg 300w, https:\/\/custom-parts.fr\/wp-content\/uploads\/2023\/03\/Coques-de-poignees-de-porte-MINI-5-portes-F55-Countryman-F60-1-150x150.jpg 150w, https:\/\/custom-parts.fr\/wp-content\/uploads\/2023\/03\/Coques-de-poignees-de-porte-MINI-5-portes-F55-Countryman-F60-1-100x100.jpg 100w, https:\/\/custom-parts.fr\/wp-content\/uploads\/2023\/03\/Coques-de-poignees-de-porte-MINI-5-portes-F55-Countryman-F60-1-48x48.jpg 48w\" data-sizes=\"(max-width: 500px) 100vw, 500px\" src=\"data:image\/svg+xml;base64,PHN2ZyB3aWR0aD0iMSIgaGVpZ2h0PSIxIiB4bWxucz0iaHR0cDovL3d3dy53My5vcmcvMjAwMC9zdmciPjwvc3ZnPg==\" style=\"--smush-placeholder-width: 500px; --smush-placeholder-aspect-ratio: 500\/500;\" \/><\/p>\n","protected":false},"excerpt":{"rendered":"<p><span style=\"color: #39991a; font-weight: 900;\">\u2713<\/span> Gestalten Sie Ihren Mini ganz nach Ihrem Geschmack!<br \/>\n<span style=\"color: #39991a; font-weight: 900;\">\u2713<\/span> Einfach zu installieren und auszutauschen<br \/>\n<span style=\"color: #39991a; font-weight: 900;\">\u2713<\/span> Perfekte Passform f\u00fcr Ihr Originalteil<\/p>\n","protected":false},"featured_media":24141,"comment_status":"open","ping_status":"closed","template":"","meta":[],"product_brand":[],"product_cat":[191,198,195],"product_tag":[],"class_list":{"0":"post-24760","1":"product","2":"type-product","3":"status-publish","4":"has-post-thumbnail","6":"product_cat-mini-cooper-ersatzteile-zubehoer","7":"product_cat-ersatzteilen-zubehor-mini-3-gen","8":"product_cat-exterieur-zubehor-fur-mini-3-gen","10":"first","11":"instock","12":"taxable","13":"shipping-taxable","14":"purchasable","15":"product-type-variable"},"yoast_head":"<!-- This site is optimized with the Yoast SEO plugin v27.2 - https:\/\/yoast.com\/product\/yoast-seo-wordpress\/ -->\n<title>T\u00fcrgriffabdeckungen f\u00fcr Mini Clubman F54 2016 bis 2022<\/title>\n<meta name=\"description\" content=\"Kaufen Sie Ihren T\u00fcrgriffabdeckungen f\u00fcr Mini Clubman F54 2016 bis 2022 und alle custom BMW MINI-Zubeh\u00f6r auf Custom-Parts.fr!\" \/>\n<meta name=\"robots\" content=\"index, follow, max-snippet:-1, max-image-preview:large, max-video-preview:-1\" \/>\n<link rel=\"canonical\" href=\"https:\/\/custom-parts.fr\/de\/produkt\/coques-de-poignees-de-porte-mini-clubman-f54-2016-a-2022\/\" \/>\n<meta property=\"og:locale\" content=\"de_DE\" \/>\n<meta property=\"og:type\" content=\"article\" \/>\n<meta property=\"og:title\" content=\"T\u00fcrgriffabdeckungen f\u00fcr Mini Clubman F54 2016 bis 2022\" \/>\n<meta property=\"og:description\" content=\"Kaufen Sie Ihren T\u00fcrgriffabdeckungen f\u00fcr Mini Clubman F54 2016 bis 2022 und alle custom BMW MINI-Zubeh\u00f6r auf Custom-Parts.fr!\" \/>\n<meta property=\"og:url\" content=\"https:\/\/custom-parts.fr\/de\/produkt\/coques-de-poignees-de-porte-mini-clubman-f54-2016-a-2022\/\" \/>\n<meta property=\"og:site_name\" content=\"Custom-Parts.fr\" \/>\n<meta property=\"article:modified_time\" content=\"2025-06-15T01:03:30+00:00\" \/>\n<meta property=\"og:image\" content=\"https:\/\/custom-parts.fr\/wp-content\/uploads\/2023\/03\/Coques-de-poignees-de-porte-MINI-Clubman-F54-2016-a-2022-2.jpg\" \/>\n\t<meta property=\"og:image:width\" content=\"500\" \/>\n\t<meta property=\"og:image:height\" content=\"500\" \/>\n\t<meta property=\"og:image:type\" content=\"image\/jpeg\" \/>\n<meta name=\"twitter:card\" content=\"summary_large_image\" \/>\n<meta name=\"twitter:label1\" content=\"Gesch\u00e4tzte Lesezeit\" \/>\n\t<meta name=\"twitter:data1\" content=\"2\u00a0Minute\" \/>\n<script type=\"application\/ld+json\" class=\"yoast-schema-graph\">{\"@context\":\"https:\/\/schema.org\",\"@graph\":[{\"@type\":\"WebPage\",\"@id\":\"https:\/\/custom-parts.fr\/de\/produkt\/coques-de-poignees-de-porte-mini-clubman-f54-2016-a-2022\/\",\"url\":\"https:\/\/custom-parts.fr\/de\/produkt\/coques-de-poignees-de-porte-mini-clubman-f54-2016-a-2022\/\",\"name\":\"T\u00fcrgriffabdeckungen f\u00fcr Mini Clubman F54 2016 bis 2022\",\"isPartOf\":{\"@id\":\"https:\/\/custom-parts.fr\/de\/#website\"},\"primaryImageOfPage\":{\"@id\":\"https:\/\/custom-parts.fr\/de\/produkt\/coques-de-poignees-de-porte-mini-clubman-f54-2016-a-2022\/#primaryimage\"},\"image\":{\"@id\":\"https:\/\/custom-parts.fr\/de\/produkt\/coques-de-poignees-de-porte-mini-clubman-f54-2016-a-2022\/#primaryimage\"},\"thumbnailUrl\":\"https:\/\/custom-parts.fr\/wp-content\/uploads\/2023\/03\/Coques-de-poignees-de-porte-MINI-Clubman-F54-2016-a-2022-2.jpg\",\"datePublished\":\"2023-08-05T03:23:32+00:00\",\"dateModified\":\"2025-06-15T01:03:30+00:00\",\"description\":\"Kaufen Sie Ihren T\u00fcrgriffabdeckungen f\u00fcr Mini Clubman F54 2016 bis 2022 und alle custom BMW MINI-Zubeh\u00f6r auf Custom-Parts.fr!\",\"breadcrumb\":{\"@id\":\"https:\/\/custom-parts.fr\/de\/produkt\/coques-de-poignees-de-porte-mini-clubman-f54-2016-a-2022\/#breadcrumb\"},\"inLanguage\":\"de\",\"potentialAction\":[{\"@type\":\"ReadAction\",\"target\":[\"https:\/\/custom-parts.fr\/de\/produkt\/coques-de-poignees-de-porte-mini-clubman-f54-2016-a-2022\/\"]}]},{\"@type\":\"ImageObject\",\"inLanguage\":\"de\",\"@id\":\"https:\/\/custom-parts.fr\/de\/produkt\/coques-de-poignees-de-porte-mini-clubman-f54-2016-a-2022\/#primaryimage\",\"url\":\"https:\/\/custom-parts.fr\/wp-content\/uploads\/2023\/03\/Coques-de-poignees-de-porte-MINI-Clubman-F54-2016-a-2022-2.jpg\",\"contentUrl\":\"https:\/\/custom-parts.fr\/wp-content\/uploads\/2023\/03\/Coques-de-poignees-de-porte-MINI-Clubman-F54-2016-a-2022-2.jpg\",\"width\":500,\"height\":500},{\"@type\":\"BreadcrumbList\",\"@id\":\"https:\/\/custom-parts.fr\/de\/produkt\/coques-de-poignees-de-porte-mini-clubman-f54-2016-a-2022\/#breadcrumb\",\"itemListElement\":[{\"@type\":\"ListItem\",\"position\":1,\"name\":\"Startseite\",\"item\":\"https:\/\/custom-parts.fr\/de\/kaufen-sie-teile-und-zubehoer-fuer-mini-bmw-custom-parts-de\/\"},{\"@type\":\"ListItem\",\"position\":2,\"name\":\"Shop\",\"item\":\"https:\/\/custom-parts.fr\/de\/alle-produkte\/\"},{\"@type\":\"ListItem\",\"position\":3,\"name\":\"T\u00fcrgriffabdeckungen f\u00fcr Mini Clubman F54 2016 bis 2022\"}]},{\"@type\":\"WebSite\",\"@id\":\"https:\/\/custom-parts.fr\/de\/#website\",\"url\":\"https:\/\/custom-parts.fr\/de\/\",\"name\":\"Custom-Parts.fr\",\"description\":\"Custom BMW MINI Ersatzteile & Zubeh\u00f6r\",\"publisher\":{\"@id\":\"https:\/\/custom-parts.fr\/de\/#organization\"},\"potentialAction\":[{\"@type\":\"SearchAction\",\"target\":{\"@type\":\"EntryPoint\",\"urlTemplate\":\"https:\/\/custom-parts.fr\/de\/?s={search_term_string}\"},\"query-input\":{\"@type\":\"PropertyValueSpecification\",\"valueRequired\":true,\"valueName\":\"search_term_string\"}}],\"inLanguage\":\"de\"},{\"@type\":\"Organization\",\"@id\":\"https:\/\/custom-parts.fr\/de\/#organization\",\"name\":\"Custom-Parts\",\"url\":\"https:\/\/custom-parts.fr\/de\/\",\"logo\":{\"@type\":\"ImageObject\",\"inLanguage\":\"de\",\"@id\":\"https:\/\/custom-parts.fr\/de\/#\/schema\/logo\/image\/\",\"url\":\"https:\/\/custom-parts.fr\/wp-content\/uploads\/2023\/01\/cropped-cropped-cropped-final-new-police-2-1-1.png\",\"contentUrl\":\"https:\/\/custom-parts.fr\/wp-content\/uploads\/2023\/01\/cropped-cropped-cropped-final-new-police-2-1-1.png\",\"width\":450,\"height\":125,\"caption\":\"Custom-Parts\"},\"image\":{\"@id\":\"https:\/\/custom-parts.fr\/de\/#\/schema\/logo\/image\/\"}}]}<\/script>\n<!-- \/ Yoast SEO plugin. -->","yoast_head_json":{"title":"T\u00fcrgriffabdeckungen f\u00fcr Mini Clubman F54 2016 bis 2022","description":"Kaufen Sie Ihren T\u00fcrgriffabdeckungen f\u00fcr Mini Clubman F54 2016 bis 2022 und alle custom BMW MINI-Zubeh\u00f6r auf Custom-Parts.fr!","robots":{"index":"index","follow":"follow","max-snippet":"max-snippet:-1","max-image-preview":"max-image-preview:large","max-video-preview":"max-video-preview:-1"},"canonical":"https:\/\/custom-parts.fr\/de\/produkt\/coques-de-poignees-de-porte-mini-clubman-f54-2016-a-2022\/","og_locale":"de_DE","og_type":"article","og_title":"T\u00fcrgriffabdeckungen f\u00fcr Mini Clubman F54 2016 bis 2022","og_description":"Kaufen Sie Ihren T\u00fcrgriffabdeckungen f\u00fcr Mini Clubman F54 2016 bis 2022 und alle custom BMW MINI-Zubeh\u00f6r auf Custom-Parts.fr!","og_url":"https:\/\/custom-parts.fr\/de\/produkt\/coques-de-poignees-de-porte-mini-clubman-f54-2016-a-2022\/","og_site_name":"Custom-Parts.fr","article_modified_time":"2025-06-15T01:03:30+00:00","og_image":[{"width":500,"height":500,"url":"https:\/\/custom-parts.fr\/wp-content\/uploads\/2023\/03\/Coques-de-poignees-de-porte-MINI-Clubman-F54-2016-a-2022-2.jpg","type":"image\/jpeg"}],"twitter_card":"summary_large_image","twitter_misc":{"Gesch\u00e4tzte Lesezeit":"2\u00a0Minute"},"schema":{"@context":"https:\/\/schema.org","@graph":[{"@type":"WebPage","@id":"https:\/\/custom-parts.fr\/de\/produkt\/coques-de-poignees-de-porte-mini-clubman-f54-2016-a-2022\/","url":"https:\/\/custom-parts.fr\/de\/produkt\/coques-de-poignees-de-porte-mini-clubman-f54-2016-a-2022\/","name":"T\u00fcrgriffabdeckungen f\u00fcr Mini Clubman F54 2016 bis 2022","isPartOf":{"@id":"https:\/\/custom-parts.fr\/de\/#website"},"primaryImageOfPage":{"@id":"https:\/\/custom-parts.fr\/de\/produkt\/coques-de-poignees-de-porte-mini-clubman-f54-2016-a-2022\/#primaryimage"},"image":{"@id":"https:\/\/custom-parts.fr\/de\/produkt\/coques-de-poignees-de-porte-mini-clubman-f54-2016-a-2022\/#primaryimage"},"thumbnailUrl":"https:\/\/custom-parts.fr\/wp-content\/uploads\/2023\/03\/Coques-de-poignees-de-porte-MINI-Clubman-F54-2016-a-2022-2.jpg","datePublished":"2023-08-05T03:23:32+00:00","dateModified":"2025-06-15T01:03:30+00:00","description":"Kaufen Sie Ihren T\u00fcrgriffabdeckungen f\u00fcr Mini Clubman F54 2016 bis 2022 und alle custom BMW MINI-Zubeh\u00f6r auf Custom-Parts.fr!","breadcrumb":{"@id":"https:\/\/custom-parts.fr\/de\/produkt\/coques-de-poignees-de-porte-mini-clubman-f54-2016-a-2022\/#breadcrumb"},"inLanguage":"de","potentialAction":[{"@type":"ReadAction","target":["https:\/\/custom-parts.fr\/de\/produkt\/coques-de-poignees-de-porte-mini-clubman-f54-2016-a-2022\/"]}]},{"@type":"ImageObject","inLanguage":"de","@id":"https:\/\/custom-parts.fr\/de\/produkt\/coques-de-poignees-de-porte-mini-clubman-f54-2016-a-2022\/#primaryimage","url":"https:\/\/custom-parts.fr\/wp-content\/uploads\/2023\/03\/Coques-de-poignees-de-porte-MINI-Clubman-F54-2016-a-2022-2.jpg","contentUrl":"https:\/\/custom-parts.fr\/wp-content\/uploads\/2023\/03\/Coques-de-poignees-de-porte-MINI-Clubman-F54-2016-a-2022-2.jpg","width":500,"height":500},{"@type":"BreadcrumbList","@id":"https:\/\/custom-parts.fr\/de\/produkt\/coques-de-poignees-de-porte-mini-clubman-f54-2016-a-2022\/#breadcrumb","itemListElement":[{"@type":"ListItem","position":1,"name":"Startseite","item":"https:\/\/custom-parts.fr\/de\/kaufen-sie-teile-und-zubehoer-fuer-mini-bmw-custom-parts-de\/"},{"@type":"ListItem","position":2,"name":"Shop","item":"https:\/\/custom-parts.fr\/de\/alle-produkte\/"},{"@type":"ListItem","position":3,"name":"T\u00fcrgriffabdeckungen f\u00fcr Mini Clubman F54 2016 bis 2022"}]},{"@type":"WebSite","@id":"https:\/\/custom-parts.fr\/de\/#website","url":"https:\/\/custom-parts.fr\/de\/","name":"Custom-Parts.fr","description":"Custom BMW MINI Ersatzteile & Zubeh\u00f6r","publisher":{"@id":"https:\/\/custom-parts.fr\/de\/#organization"},"potentialAction":[{"@type":"SearchAction","target":{"@type":"EntryPoint","urlTemplate":"https:\/\/custom-parts.fr\/de\/?s={search_term_string}"},"query-input":{"@type":"PropertyValueSpecification","valueRequired":true,"valueName":"search_term_string"}}],"inLanguage":"de"},{"@type":"Organization","@id":"https:\/\/custom-parts.fr\/de\/#organization","name":"Custom-Parts","url":"https:\/\/custom-parts.fr\/de\/","logo":{"@type":"ImageObject","inLanguage":"de","@id":"https:\/\/custom-parts.fr\/de\/#\/schema\/logo\/image\/","url":"https:\/\/custom-parts.fr\/wp-content\/uploads\/2023\/01\/cropped-cropped-cropped-final-new-police-2-1-1.png","contentUrl":"https:\/\/custom-parts.fr\/wp-content\/uploads\/2023\/01\/cropped-cropped-cropped-final-new-police-2-1-1.png","width":450,"height":125,"caption":"Custom-Parts"},"image":{"@id":"https:\/\/custom-parts.fr\/de\/#\/schema\/logo\/image\/"}}]}},"_links":{"self":[{"href":"https:\/\/custom-parts.fr\/de\/wp-json\/wp\/v2\/product\/24760","targetHints":{"allow":["GET"]}}],"collection":[{"href":"https:\/\/custom-parts.fr\/de\/wp-json\/wp\/v2\/product"}],"about":[{"href":"https:\/\/custom-parts.fr\/de\/wp-json\/wp\/v2\/types\/product"}],"replies":[{"embeddable":true,"href":"https:\/\/custom-parts.fr\/de\/wp-json\/wp\/v2\/comments?post=24760"}],"wp:featuredmedia":[{"embeddable":true,"href":"https:\/\/custom-parts.fr\/de\/wp-json\/wp\/v2\/media\/24141"}],"wp:attachment":[{"href":"https:\/\/custom-parts.fr\/de\/wp-json\/wp\/v2\/media?parent=24760"}],"wp:term":[{"taxonomy":"product_brand","embeddable":true,"href":"https:\/\/custom-parts.fr\/de\/wp-json\/wp\/v2\/product_brand?post=24760"},{"taxonomy":"product_cat","embeddable":true,"href":"https:\/\/custom-parts.fr\/de\/wp-json\/wp\/v2\/product_cat?post=24760"},{"taxonomy":"product_tag","embeddable":true,"href":"https:\/\/custom-parts.fr\/de\/wp-json\/wp\/v2\/product_tag?post=24760"}],"curies":[{"name":"wp","href":"https:\/\/api.w.org\/{rel}","templated":true}]}}