{"id":24766,"date":"2023-08-03T22:36:15","date_gmt":"2023-08-03T20:36:15","guid":{"rendered":"https:\/\/custom-parts.fr\/produit\/cerclages-de-feux-arriere-mini-cooper-s-r56-r57-r55-r58-r59-noir-ou-chrome\/"},"modified":"2026-03-28T18:54:40","modified_gmt":"2026-03-28T17:54:40","slug":"cerclages-de-feux-arriere-mini-cooper-s-r56-r57-r55-r58-r59-noir-ou-chrome","status":"publish","type":"product","link":"https:\/\/custom-parts.fr\/de\/produkt\/cerclages-de-feux-arriere-mini-cooper-s-r56-r57-r55-r58-r59-noir-ou-chrome\/","title":{"rendered":"R\u00fcckleuchtenringe f\u00fcr Mini Cooper R56 R57 R55 R58 R59 Piano Schwarz oder Chrom"},"content":{"rendered":"<p><strong>R\u00fccklicht Blende f\u00fcr Mini Cooper R56 R57 R55 R58 R59 Piano Schwarz oder Chrom<\/strong><\/p>\n<p>&nbsp;<\/p>\n<p>Diese R\u00fcckscheinwerferblenden ersetzen direkt die Originalblenden und werden mit denselben Befestigungslaschen montiert. Damit k\u00f6nnen Sie eine abgenutzte Blende austauschen oder die Chromteile Ihres MINI R56, R57, R55, R58 oder R59 durch schwarze Blenden ersetzen! <\/p>\n<p>&nbsp;<\/p>\n<ul>\n<li>Das Set enth\u00e4lt 2 x R\u00fcckleuchtenringe<\/li>\n<li>Original-Teilenummer: 51132752243 | 51132752244<\/li>\n<li>Farbe: gl\u00e4nzendes Schwarz oder Chrom<\/li>\n<li>Material: ABS-Kunststoff<\/li>\n<\/ul>\n<p>&nbsp;<\/p>\n<p><strong>Geeignet f\u00fcr :<\/strong><\/p>\n<ul>\n<li>MINI Cooper, Cooper S R55 Clubman : 2008 &#8211; 2014<\/li>\n<li>MINI Cooper, Cooper S R56 : 2007 -2013<\/li>\n<li>MINI Cooper, Cooper S R57 Convertible : 2009 &#8211; 2015<\/li>\n<li>MINI Cooper, Cooper S R58 Coup\u00e9 : 2012 &#8211; 2015<\/li>\n<li>MINI Cooper, Cooper S R59 Roadster : 2012 &#8211; 2015<\/li>\n<\/ul>\n","protected":false},"excerpt":{"rendered":"<p>\u2713 Passe deinen Mini nach deinem Geschmack an!<br \/>\n\u2713 Einfach zu installieren und zu ersetzen<br \/>\n\u2713 Perfekte Passform auf Ihrem Originalteil<\/p>\n","protected":false},"featured_media":24101,"comment_status":"open","ping_status":"closed","template":"","meta":[],"product_brand":[],"product_cat":[191,194,193],"product_tag":[],"class_list":{"0":"post-24766","1":"product","2":"type-product","3":"status-publish","4":"has-post-thumbnail","6":"product_cat-mini-cooper-ersatzteile-zubehoer","7":"product_cat-exterieur-zubehor-mini-2-gen","8":"product_cat-zubehoer-mini-cooper-2-gen","10":"first","11":"instock","12":"taxable","13":"shipping-taxable","14":"purchasable","15":"product-type-variable"},"yoast_head":"<!-- This site is optimized with the Yoast SEO plugin v27.2 - https:\/\/yoast.com\/product\/yoast-seo-wordpress\/ -->\n<title>R\u00fcckleuchtenringe f\u00fcr Mini Cooper R56 R57 R55 R58 R59 Piano Schwarz oder Chrom<\/title>\n<meta name=\"description\" content=\"Kaufen Sie Ihren R\u00fcckleuchtenringe f\u00fcr Mini Cooper R56 R57 R55 R58 R59 Piano Schwarz oder Chrom und alle custom BMW MINI-Zubeh\u00f6r auf Custom-Parts.fr!\" \/>\n<meta name=\"robots\" content=\"index, follow, max-snippet:-1, max-image-preview:large, max-video-preview:-1\" \/>\n<link rel=\"canonical\" href=\"https:\/\/custom-parts.fr\/de\/produkt\/cerclages-de-feux-arriere-mini-cooper-s-r56-r57-r55-r58-r59-noir-ou-chrome\/\" \/>\n<meta property=\"og:locale\" content=\"de_DE\" \/>\n<meta property=\"og:type\" content=\"article\" \/>\n<meta property=\"og:title\" content=\"R\u00fcckleuchtenringe f\u00fcr Mini Cooper R56 R57 R55 R58 R59 Piano Schwarz oder Chrom\" \/>\n<meta property=\"og:description\" content=\"Kaufen Sie Ihren R\u00fcckleuchtenringe f\u00fcr Mini Cooper R56 R57 R55 R58 R59 Piano Schwarz oder Chrom und alle custom BMW MINI-Zubeh\u00f6r auf Custom-Parts.fr!\" \/>\n<meta property=\"og:url\" content=\"https:\/\/custom-parts.fr\/de\/produkt\/cerclages-de-feux-arriere-mini-cooper-s-r56-r57-r55-r58-r59-noir-ou-chrome\/\" \/>\n<meta property=\"og:site_name\" content=\"Custom-Parts.fr\" \/>\n<meta property=\"article:modified_time\" content=\"2026-03-28T17:54:40+00:00\" \/>\n<meta property=\"og:image\" content=\"https:\/\/custom-parts.fr\/wp-content\/uploads\/2023\/03\/New-Project-81.jpg\" \/>\n\t<meta property=\"og:image:width\" content=\"500\" \/>\n\t<meta property=\"og:image:height\" content=\"500\" \/>\n\t<meta property=\"og:image:type\" content=\"image\/jpeg\" \/>\n<meta name=\"twitter:card\" content=\"summary_large_image\" \/>\n<meta name=\"twitter:label1\" content=\"Gesch\u00e4tzte Lesezeit\" \/>\n\t<meta name=\"twitter:data1\" content=\"1\u00a0Minute\" \/>\n<script type=\"application\/ld+json\" class=\"yoast-schema-graph\">{\"@context\":\"https:\/\/schema.org\",\"@graph\":[{\"@type\":\"WebPage\",\"@id\":\"https:\/\/custom-parts.fr\/de\/produkt\/cerclages-de-feux-arriere-mini-cooper-s-r56-r57-r55-r58-r59-noir-ou-chrome\/\",\"url\":\"https:\/\/custom-parts.fr\/de\/produkt\/cerclages-de-feux-arriere-mini-cooper-s-r56-r57-r55-r58-r59-noir-ou-chrome\/\",\"name\":\"R\u00fcckleuchtenringe f\u00fcr Mini Cooper R56 R57 R55 R58 R59 Piano Schwarz oder Chrom\",\"isPartOf\":{\"@id\":\"https:\/\/custom-parts.fr\/de\/#website\"},\"primaryImageOfPage\":{\"@id\":\"https:\/\/custom-parts.fr\/de\/produkt\/cerclages-de-feux-arriere-mini-cooper-s-r56-r57-r55-r58-r59-noir-ou-chrome\/#primaryimage\"},\"image\":{\"@id\":\"https:\/\/custom-parts.fr\/de\/produkt\/cerclages-de-feux-arriere-mini-cooper-s-r56-r57-r55-r58-r59-noir-ou-chrome\/#primaryimage\"},\"thumbnailUrl\":\"https:\/\/custom-parts.fr\/wp-content\/uploads\/2023\/03\/New-Project-81.jpg\",\"datePublished\":\"2023-08-03T20:36:15+00:00\",\"dateModified\":\"2026-03-28T17:54:40+00:00\",\"description\":\"Kaufen Sie Ihren R\u00fcckleuchtenringe f\u00fcr Mini Cooper R56 R57 R55 R58 R59 Piano Schwarz oder Chrom und alle custom BMW MINI-Zubeh\u00f6r auf Custom-Parts.fr!\",\"breadcrumb\":{\"@id\":\"https:\/\/custom-parts.fr\/de\/produkt\/cerclages-de-feux-arriere-mini-cooper-s-r56-r57-r55-r58-r59-noir-ou-chrome\/#breadcrumb\"},\"inLanguage\":\"de\",\"potentialAction\":[{\"@type\":\"ReadAction\",\"target\":[\"https:\/\/custom-parts.fr\/de\/produkt\/cerclages-de-feux-arriere-mini-cooper-s-r56-r57-r55-r58-r59-noir-ou-chrome\/\"]}]},{\"@type\":\"ImageObject\",\"inLanguage\":\"de\",\"@id\":\"https:\/\/custom-parts.fr\/de\/produkt\/cerclages-de-feux-arriere-mini-cooper-s-r56-r57-r55-r58-r59-noir-ou-chrome\/#primaryimage\",\"url\":\"https:\/\/custom-parts.fr\/wp-content\/uploads\/2023\/03\/New-Project-81.jpg\",\"contentUrl\":\"https:\/\/custom-parts.fr\/wp-content\/uploads\/2023\/03\/New-Project-81.jpg\",\"width\":500,\"height\":500},{\"@type\":\"BreadcrumbList\",\"@id\":\"https:\/\/custom-parts.fr\/de\/produkt\/cerclages-de-feux-arriere-mini-cooper-s-r56-r57-r55-r58-r59-noir-ou-chrome\/#breadcrumb\",\"itemListElement\":[{\"@type\":\"ListItem\",\"position\":1,\"name\":\"Startseite\",\"item\":\"https:\/\/custom-parts.fr\/de\/kaufen-sie-teile-und-zubehoer-fuer-mini-bmw-custom-parts-de\/\"},{\"@type\":\"ListItem\",\"position\":2,\"name\":\"Shop\",\"item\":\"https:\/\/custom-parts.fr\/de\/alle-produkte\/\"},{\"@type\":\"ListItem\",\"position\":3,\"name\":\"R\u00fcckleuchtenringe f\u00fcr Mini Cooper R56 R57 R55 R58 R59 Piano Schwarz oder Chrom\"}]},{\"@type\":\"WebSite\",\"@id\":\"https:\/\/custom-parts.fr\/de\/#website\",\"url\":\"https:\/\/custom-parts.fr\/de\/\",\"name\":\"Custom-Parts.fr\",\"description\":\"Custom BMW MINI Ersatzteile & Zubeh\u00f6r\",\"publisher\":{\"@id\":\"https:\/\/custom-parts.fr\/de\/#organization\"},\"potentialAction\":[{\"@type\":\"SearchAction\",\"target\":{\"@type\":\"EntryPoint\",\"urlTemplate\":\"https:\/\/custom-parts.fr\/de\/?s={search_term_string}\"},\"query-input\":{\"@type\":\"PropertyValueSpecification\",\"valueRequired\":true,\"valueName\":\"search_term_string\"}}],\"inLanguage\":\"de\"},{\"@type\":\"Organization\",\"@id\":\"https:\/\/custom-parts.fr\/de\/#organization\",\"name\":\"Custom-Parts\",\"url\":\"https:\/\/custom-parts.fr\/de\/\",\"logo\":{\"@type\":\"ImageObject\",\"inLanguage\":\"de\",\"@id\":\"https:\/\/custom-parts.fr\/de\/#\/schema\/logo\/image\/\",\"url\":\"https:\/\/custom-parts.fr\/wp-content\/uploads\/2023\/01\/cropped-cropped-cropped-final-new-police-2-1-1.png\",\"contentUrl\":\"https:\/\/custom-parts.fr\/wp-content\/uploads\/2023\/01\/cropped-cropped-cropped-final-new-police-2-1-1.png\",\"width\":450,\"height\":125,\"caption\":\"Custom-Parts\"},\"image\":{\"@id\":\"https:\/\/custom-parts.fr\/de\/#\/schema\/logo\/image\/\"}}]}<\/script>\n<!-- \/ Yoast SEO plugin. -->","yoast_head_json":{"title":"R\u00fcckleuchtenringe f\u00fcr Mini Cooper R56 R57 R55 R58 R59 Piano Schwarz oder Chrom","description":"Kaufen Sie Ihren R\u00fcckleuchtenringe f\u00fcr Mini Cooper R56 R57 R55 R58 R59 Piano Schwarz oder Chrom und alle custom BMW MINI-Zubeh\u00f6r auf Custom-Parts.fr!","robots":{"index":"index","follow":"follow","max-snippet":"max-snippet:-1","max-image-preview":"max-image-preview:large","max-video-preview":"max-video-preview:-1"},"canonical":"https:\/\/custom-parts.fr\/de\/produkt\/cerclages-de-feux-arriere-mini-cooper-s-r56-r57-r55-r58-r59-noir-ou-chrome\/","og_locale":"de_DE","og_type":"article","og_title":"R\u00fcckleuchtenringe f\u00fcr Mini Cooper R56 R57 R55 R58 R59 Piano Schwarz oder Chrom","og_description":"Kaufen Sie Ihren R\u00fcckleuchtenringe f\u00fcr Mini Cooper R56 R57 R55 R58 R59 Piano Schwarz oder Chrom und alle custom BMW MINI-Zubeh\u00f6r auf Custom-Parts.fr!","og_url":"https:\/\/custom-parts.fr\/de\/produkt\/cerclages-de-feux-arriere-mini-cooper-s-r56-r57-r55-r58-r59-noir-ou-chrome\/","og_site_name":"Custom-Parts.fr","article_modified_time":"2026-03-28T17:54:40+00:00","og_image":[{"width":500,"height":500,"url":"https:\/\/custom-parts.fr\/wp-content\/uploads\/2023\/03\/New-Project-81.jpg","type":"image\/jpeg"}],"twitter_card":"summary_large_image","twitter_misc":{"Gesch\u00e4tzte Lesezeit":"1\u00a0Minute"},"schema":{"@context":"https:\/\/schema.org","@graph":[{"@type":"WebPage","@id":"https:\/\/custom-parts.fr\/de\/produkt\/cerclages-de-feux-arriere-mini-cooper-s-r56-r57-r55-r58-r59-noir-ou-chrome\/","url":"https:\/\/custom-parts.fr\/de\/produkt\/cerclages-de-feux-arriere-mini-cooper-s-r56-r57-r55-r58-r59-noir-ou-chrome\/","name":"R\u00fcckleuchtenringe f\u00fcr Mini Cooper R56 R57 R55 R58 R59 Piano Schwarz oder Chrom","isPartOf":{"@id":"https:\/\/custom-parts.fr\/de\/#website"},"primaryImageOfPage":{"@id":"https:\/\/custom-parts.fr\/de\/produkt\/cerclages-de-feux-arriere-mini-cooper-s-r56-r57-r55-r58-r59-noir-ou-chrome\/#primaryimage"},"image":{"@id":"https:\/\/custom-parts.fr\/de\/produkt\/cerclages-de-feux-arriere-mini-cooper-s-r56-r57-r55-r58-r59-noir-ou-chrome\/#primaryimage"},"thumbnailUrl":"https:\/\/custom-parts.fr\/wp-content\/uploads\/2023\/03\/New-Project-81.jpg","datePublished":"2023-08-03T20:36:15+00:00","dateModified":"2026-03-28T17:54:40+00:00","description":"Kaufen Sie Ihren R\u00fcckleuchtenringe f\u00fcr Mini Cooper R56 R57 R55 R58 R59 Piano Schwarz oder Chrom und alle custom BMW MINI-Zubeh\u00f6r auf Custom-Parts.fr!","breadcrumb":{"@id":"https:\/\/custom-parts.fr\/de\/produkt\/cerclages-de-feux-arriere-mini-cooper-s-r56-r57-r55-r58-r59-noir-ou-chrome\/#breadcrumb"},"inLanguage":"de","potentialAction":[{"@type":"ReadAction","target":["https:\/\/custom-parts.fr\/de\/produkt\/cerclages-de-feux-arriere-mini-cooper-s-r56-r57-r55-r58-r59-noir-ou-chrome\/"]}]},{"@type":"ImageObject","inLanguage":"de","@id":"https:\/\/custom-parts.fr\/de\/produkt\/cerclages-de-feux-arriere-mini-cooper-s-r56-r57-r55-r58-r59-noir-ou-chrome\/#primaryimage","url":"https:\/\/custom-parts.fr\/wp-content\/uploads\/2023\/03\/New-Project-81.jpg","contentUrl":"https:\/\/custom-parts.fr\/wp-content\/uploads\/2023\/03\/New-Project-81.jpg","width":500,"height":500},{"@type":"BreadcrumbList","@id":"https:\/\/custom-parts.fr\/de\/produkt\/cerclages-de-feux-arriere-mini-cooper-s-r56-r57-r55-r58-r59-noir-ou-chrome\/#breadcrumb","itemListElement":[{"@type":"ListItem","position":1,"name":"Startseite","item":"https:\/\/custom-parts.fr\/de\/kaufen-sie-teile-und-zubehoer-fuer-mini-bmw-custom-parts-de\/"},{"@type":"ListItem","position":2,"name":"Shop","item":"https:\/\/custom-parts.fr\/de\/alle-produkte\/"},{"@type":"ListItem","position":3,"name":"R\u00fcckleuchtenringe f\u00fcr Mini Cooper R56 R57 R55 R58 R59 Piano Schwarz oder Chrom"}]},{"@type":"WebSite","@id":"https:\/\/custom-parts.fr\/de\/#website","url":"https:\/\/custom-parts.fr\/de\/","name":"Custom-Parts.fr","description":"Custom BMW MINI Ersatzteile & Zubeh\u00f6r","publisher":{"@id":"https:\/\/custom-parts.fr\/de\/#organization"},"potentialAction":[{"@type":"SearchAction","target":{"@type":"EntryPoint","urlTemplate":"https:\/\/custom-parts.fr\/de\/?s={search_term_string}"},"query-input":{"@type":"PropertyValueSpecification","valueRequired":true,"valueName":"search_term_string"}}],"inLanguage":"de"},{"@type":"Organization","@id":"https:\/\/custom-parts.fr\/de\/#organization","name":"Custom-Parts","url":"https:\/\/custom-parts.fr\/de\/","logo":{"@type":"ImageObject","inLanguage":"de","@id":"https:\/\/custom-parts.fr\/de\/#\/schema\/logo\/image\/","url":"https:\/\/custom-parts.fr\/wp-content\/uploads\/2023\/01\/cropped-cropped-cropped-final-new-police-2-1-1.png","contentUrl":"https:\/\/custom-parts.fr\/wp-content\/uploads\/2023\/01\/cropped-cropped-cropped-final-new-police-2-1-1.png","width":450,"height":125,"caption":"Custom-Parts"},"image":{"@id":"https:\/\/custom-parts.fr\/de\/#\/schema\/logo\/image\/"}}]}},"_links":{"self":[{"href":"https:\/\/custom-parts.fr\/de\/wp-json\/wp\/v2\/product\/24766","targetHints":{"allow":["GET"]}}],"collection":[{"href":"https:\/\/custom-parts.fr\/de\/wp-json\/wp\/v2\/product"}],"about":[{"href":"https:\/\/custom-parts.fr\/de\/wp-json\/wp\/v2\/types\/product"}],"replies":[{"embeddable":true,"href":"https:\/\/custom-parts.fr\/de\/wp-json\/wp\/v2\/comments?post=24766"}],"wp:featuredmedia":[{"embeddable":true,"href":"https:\/\/custom-parts.fr\/de\/wp-json\/wp\/v2\/media\/24101"}],"wp:attachment":[{"href":"https:\/\/custom-parts.fr\/de\/wp-json\/wp\/v2\/media?parent=24766"}],"wp:term":[{"taxonomy":"product_brand","embeddable":true,"href":"https:\/\/custom-parts.fr\/de\/wp-json\/wp\/v2\/product_brand?post=24766"},{"taxonomy":"product_cat","embeddable":true,"href":"https:\/\/custom-parts.fr\/de\/wp-json\/wp\/v2\/product_cat?post=24766"},{"taxonomy":"product_tag","embeddable":true,"href":"https:\/\/custom-parts.fr\/de\/wp-json\/wp\/v2\/product_tag?post=24766"}],"curies":[{"name":"wp","href":"https:\/\/api.w.org\/{rel}","templated":true}]}}