{"id":24770,"date":"2023-08-03T01:18:56","date_gmt":"2023-08-02T23:18:56","guid":{"rendered":"https:\/\/custom-parts.fr\/produit\/cerclages-de-feux-arriere-chromes-pour-mini-cooper-f55-f56-f57\/"},"modified":"2026-03-28T19:35:08","modified_gmt":"2026-03-28T18:35:08","slug":"cerclages-de-feux-arriere-chromes-pour-mini-cooper-f55-f56-f57","status":"publish","type":"product","link":"https:\/\/custom-parts.fr\/de\/produkt\/cerclages-de-feux-arriere-chromes-pour-mini-cooper-f55-f56-f57\/","title":{"rendered":"Chrom-R\u00fccklicht Blende f\u00fcr Mini Cooper F55 F56 F57"},"content":{"rendered":"<p><strong>Ersatzteile: Chromblenden f\u00fcr R\u00fcckleuchten des Mini Cooper F55, F56 und F57.<\/strong><\/p>\n<p>&nbsp;<\/p>\n<p>Diese Einfassungen f\u00fcr die R\u00fcckleuchten lassen sich direkt anstelle der Originalteile montieren und verwenden dieselben Befestigungsklammern.<\/p>\n<p>&nbsp;<\/p>\n<h2>Eigenschaften:<\/h2>\n<ul>\n<li>Das Set enth\u00e4lt 2 x R\u00fcckleuchtenringe<\/li>\n<li>Original-Teilenummer: 51712285495, 51712285496<\/li>\n<li>Farbe: Chrom<\/li>\n<li>Material: ABS-Kunststoff<\/li>\n<\/ul>\n<p>&nbsp;<\/p>\n<p><strong>Geeignet f\u00fcr :<\/strong><\/p>\n<ul>\n<li>Mini Cooper F55, Cooper S F55 \u2013 2015 bis heute<\/li>\n<li>Mini Cooper F56, Cooper S F56 \u2013 2014 bis heute<\/li>\n<li>Mini Cooper Cabrio F57, Cooper S Cabrio F57 \u2013 2016 bis heute<\/li>\n<\/ul>\n","protected":false},"excerpt":{"rendered":"<p>\u2713 Passe deinen Mini nach deinem Geschmack an!<br \/>\n\u2713 Einfach zu installieren und zu ersetzen<br \/>\n\u2713 Perfekte Passform auf Ihrem Originalteil<\/p>\n","protected":false},"featured_media":24169,"comment_status":"open","ping_status":"closed","template":"","meta":[],"product_brand":[],"product_cat":[191,198,195],"product_tag":[],"class_list":{"0":"post-24770","1":"product","2":"type-product","3":"status-publish","4":"has-post-thumbnail","6":"product_cat-mini-cooper-ersatzteile-zubehoer","7":"product_cat-ersatzteilen-zubehor-mini-3-gen","8":"product_cat-exterieur-zubehor-fur-mini-3-gen","10":"first","11":"instock","12":"taxable","13":"shipping-taxable","14":"purchasable","15":"product-type-simple"},"yoast_head":"<!-- This site is optimized with the Yoast SEO plugin v27.2 - https:\/\/yoast.com\/product\/yoast-seo-wordpress\/ -->\n<title>Chrom-R\u00fccklicht Blende f\u00fcr Mini Cooper F55 F56 F57<\/title>\n<meta name=\"description\" content=\"Kaufen Sie Ihren Chrom-R\u00fccklicht Blende f\u00fcr Mini Cooper F55 F56 F57 und alle custom BMW MINI-Zubeh\u00f6r auf Custom-Parts.fr!\" \/>\n<meta name=\"robots\" content=\"index, follow, max-snippet:-1, max-image-preview:large, max-video-preview:-1\" \/>\n<link rel=\"canonical\" href=\"https:\/\/custom-parts.fr\/de\/produkt\/cerclages-de-feux-arriere-chromes-pour-mini-cooper-f55-f56-f57\/\" \/>\n<meta property=\"og:locale\" content=\"de_DE\" \/>\n<meta property=\"og:type\" content=\"article\" \/>\n<meta property=\"og:title\" content=\"Chrom-R\u00fccklicht Blende f\u00fcr Mini Cooper F55 F56 F57\" \/>\n<meta property=\"og:description\" content=\"Kaufen Sie Ihren Chrom-R\u00fccklicht Blende f\u00fcr Mini Cooper F55 F56 F57 und alle custom BMW MINI-Zubeh\u00f6r auf Custom-Parts.fr!\" \/>\n<meta property=\"og:url\" content=\"https:\/\/custom-parts.fr\/de\/produkt\/cerclages-de-feux-arriere-chromes-pour-mini-cooper-f55-f56-f57\/\" \/>\n<meta property=\"og:site_name\" content=\"Custom-Parts.fr\" \/>\n<meta property=\"article:modified_time\" content=\"2026-03-28T18:35:08+00:00\" \/>\n<meta property=\"og:image\" content=\"https:\/\/custom-parts.fr\/wp-content\/uploads\/2023\/03\/Cerclages-de-feux-arriere-chromes-pour-Mini-Cooper-F55-F56-F57-4.jpg\" \/>\n\t<meta property=\"og:image:width\" content=\"500\" \/>\n\t<meta property=\"og:image:height\" content=\"500\" \/>\n\t<meta property=\"og:image:type\" content=\"image\/jpeg\" \/>\n<meta name=\"twitter:card\" content=\"summary_large_image\" \/>\n<meta name=\"twitter:label1\" content=\"Gesch\u00e4tzte Lesezeit\" \/>\n\t<meta name=\"twitter:data1\" content=\"1\u00a0Minute\" \/>\n<script type=\"application\/ld+json\" class=\"yoast-schema-graph\">{\"@context\":\"https:\/\/schema.org\",\"@graph\":[{\"@type\":\"WebPage\",\"@id\":\"https:\/\/custom-parts.fr\/de\/produkt\/cerclages-de-feux-arriere-chromes-pour-mini-cooper-f55-f56-f57\/\",\"url\":\"https:\/\/custom-parts.fr\/de\/produkt\/cerclages-de-feux-arriere-chromes-pour-mini-cooper-f55-f56-f57\/\",\"name\":\"Chrom-R\u00fccklicht Blende f\u00fcr Mini Cooper F55 F56 F57\",\"isPartOf\":{\"@id\":\"https:\/\/custom-parts.fr\/de\/#website\"},\"primaryImageOfPage\":{\"@id\":\"https:\/\/custom-parts.fr\/de\/produkt\/cerclages-de-feux-arriere-chromes-pour-mini-cooper-f55-f56-f57\/#primaryimage\"},\"image\":{\"@id\":\"https:\/\/custom-parts.fr\/de\/produkt\/cerclages-de-feux-arriere-chromes-pour-mini-cooper-f55-f56-f57\/#primaryimage\"},\"thumbnailUrl\":\"https:\/\/custom-parts.fr\/wp-content\/uploads\/2023\/03\/Cerclages-de-feux-arriere-chromes-pour-Mini-Cooper-F55-F56-F57-4.jpg\",\"datePublished\":\"2023-08-02T23:18:56+00:00\",\"dateModified\":\"2026-03-28T18:35:08+00:00\",\"description\":\"Kaufen Sie Ihren Chrom-R\u00fccklicht Blende f\u00fcr Mini Cooper F55 F56 F57 und alle custom BMW MINI-Zubeh\u00f6r auf Custom-Parts.fr!\",\"breadcrumb\":{\"@id\":\"https:\/\/custom-parts.fr\/de\/produkt\/cerclages-de-feux-arriere-chromes-pour-mini-cooper-f55-f56-f57\/#breadcrumb\"},\"inLanguage\":\"de\",\"potentialAction\":[{\"@type\":\"ReadAction\",\"target\":[\"https:\/\/custom-parts.fr\/de\/produkt\/cerclages-de-feux-arriere-chromes-pour-mini-cooper-f55-f56-f57\/\"]}]},{\"@type\":\"ImageObject\",\"inLanguage\":\"de\",\"@id\":\"https:\/\/custom-parts.fr\/de\/produkt\/cerclages-de-feux-arriere-chromes-pour-mini-cooper-f55-f56-f57\/#primaryimage\",\"url\":\"https:\/\/custom-parts.fr\/wp-content\/uploads\/2023\/03\/Cerclages-de-feux-arriere-chromes-pour-Mini-Cooper-F55-F56-F57-4.jpg\",\"contentUrl\":\"https:\/\/custom-parts.fr\/wp-content\/uploads\/2023\/03\/Cerclages-de-feux-arriere-chromes-pour-Mini-Cooper-F55-F56-F57-4.jpg\",\"width\":500,\"height\":500},{\"@type\":\"BreadcrumbList\",\"@id\":\"https:\/\/custom-parts.fr\/de\/produkt\/cerclages-de-feux-arriere-chromes-pour-mini-cooper-f55-f56-f57\/#breadcrumb\",\"itemListElement\":[{\"@type\":\"ListItem\",\"position\":1,\"name\":\"Startseite\",\"item\":\"https:\/\/custom-parts.fr\/de\/kaufen-sie-teile-und-zubehoer-fuer-mini-bmw-custom-parts-de\/\"},{\"@type\":\"ListItem\",\"position\":2,\"name\":\"Shop\",\"item\":\"https:\/\/custom-parts.fr\/de\/alle-produkte\/\"},{\"@type\":\"ListItem\",\"position\":3,\"name\":\"Chrom-R\u00fccklicht Blende f\u00fcr Mini Cooper F55 F56 F57\"}]},{\"@type\":\"WebSite\",\"@id\":\"https:\/\/custom-parts.fr\/de\/#website\",\"url\":\"https:\/\/custom-parts.fr\/de\/\",\"name\":\"Custom-Parts.fr\",\"description\":\"Custom BMW MINI Ersatzteile & Zubeh\u00f6r\",\"publisher\":{\"@id\":\"https:\/\/custom-parts.fr\/de\/#organization\"},\"potentialAction\":[{\"@type\":\"SearchAction\",\"target\":{\"@type\":\"EntryPoint\",\"urlTemplate\":\"https:\/\/custom-parts.fr\/de\/?s={search_term_string}\"},\"query-input\":{\"@type\":\"PropertyValueSpecification\",\"valueRequired\":true,\"valueName\":\"search_term_string\"}}],\"inLanguage\":\"de\"},{\"@type\":\"Organization\",\"@id\":\"https:\/\/custom-parts.fr\/de\/#organization\",\"name\":\"Custom-Parts\",\"url\":\"https:\/\/custom-parts.fr\/de\/\",\"logo\":{\"@type\":\"ImageObject\",\"inLanguage\":\"de\",\"@id\":\"https:\/\/custom-parts.fr\/de\/#\/schema\/logo\/image\/\",\"url\":\"https:\/\/custom-parts.fr\/wp-content\/uploads\/2023\/01\/cropped-cropped-cropped-final-new-police-2-1-1.png\",\"contentUrl\":\"https:\/\/custom-parts.fr\/wp-content\/uploads\/2023\/01\/cropped-cropped-cropped-final-new-police-2-1-1.png\",\"width\":450,\"height\":125,\"caption\":\"Custom-Parts\"},\"image\":{\"@id\":\"https:\/\/custom-parts.fr\/de\/#\/schema\/logo\/image\/\"}}]}<\/script>\n<!-- \/ Yoast SEO plugin. -->","yoast_head_json":{"title":"Chrom-R\u00fccklicht Blende f\u00fcr Mini Cooper F55 F56 F57","description":"Kaufen Sie Ihren Chrom-R\u00fccklicht Blende f\u00fcr Mini Cooper F55 F56 F57 und alle custom BMW MINI-Zubeh\u00f6r auf Custom-Parts.fr!","robots":{"index":"index","follow":"follow","max-snippet":"max-snippet:-1","max-image-preview":"max-image-preview:large","max-video-preview":"max-video-preview:-1"},"canonical":"https:\/\/custom-parts.fr\/de\/produkt\/cerclages-de-feux-arriere-chromes-pour-mini-cooper-f55-f56-f57\/","og_locale":"de_DE","og_type":"article","og_title":"Chrom-R\u00fccklicht Blende f\u00fcr Mini Cooper F55 F56 F57","og_description":"Kaufen Sie Ihren Chrom-R\u00fccklicht Blende f\u00fcr Mini Cooper F55 F56 F57 und alle custom BMW MINI-Zubeh\u00f6r auf Custom-Parts.fr!","og_url":"https:\/\/custom-parts.fr\/de\/produkt\/cerclages-de-feux-arriere-chromes-pour-mini-cooper-f55-f56-f57\/","og_site_name":"Custom-Parts.fr","article_modified_time":"2026-03-28T18:35:08+00:00","og_image":[{"width":500,"height":500,"url":"https:\/\/custom-parts.fr\/wp-content\/uploads\/2023\/03\/Cerclages-de-feux-arriere-chromes-pour-Mini-Cooper-F55-F56-F57-4.jpg","type":"image\/jpeg"}],"twitter_card":"summary_large_image","twitter_misc":{"Gesch\u00e4tzte Lesezeit":"1\u00a0Minute"},"schema":{"@context":"https:\/\/schema.org","@graph":[{"@type":"WebPage","@id":"https:\/\/custom-parts.fr\/de\/produkt\/cerclages-de-feux-arriere-chromes-pour-mini-cooper-f55-f56-f57\/","url":"https:\/\/custom-parts.fr\/de\/produkt\/cerclages-de-feux-arriere-chromes-pour-mini-cooper-f55-f56-f57\/","name":"Chrom-R\u00fccklicht Blende f\u00fcr Mini Cooper F55 F56 F57","isPartOf":{"@id":"https:\/\/custom-parts.fr\/de\/#website"},"primaryImageOfPage":{"@id":"https:\/\/custom-parts.fr\/de\/produkt\/cerclages-de-feux-arriere-chromes-pour-mini-cooper-f55-f56-f57\/#primaryimage"},"image":{"@id":"https:\/\/custom-parts.fr\/de\/produkt\/cerclages-de-feux-arriere-chromes-pour-mini-cooper-f55-f56-f57\/#primaryimage"},"thumbnailUrl":"https:\/\/custom-parts.fr\/wp-content\/uploads\/2023\/03\/Cerclages-de-feux-arriere-chromes-pour-Mini-Cooper-F55-F56-F57-4.jpg","datePublished":"2023-08-02T23:18:56+00:00","dateModified":"2026-03-28T18:35:08+00:00","description":"Kaufen Sie Ihren Chrom-R\u00fccklicht Blende f\u00fcr Mini Cooper F55 F56 F57 und alle custom BMW MINI-Zubeh\u00f6r auf Custom-Parts.fr!","breadcrumb":{"@id":"https:\/\/custom-parts.fr\/de\/produkt\/cerclages-de-feux-arriere-chromes-pour-mini-cooper-f55-f56-f57\/#breadcrumb"},"inLanguage":"de","potentialAction":[{"@type":"ReadAction","target":["https:\/\/custom-parts.fr\/de\/produkt\/cerclages-de-feux-arriere-chromes-pour-mini-cooper-f55-f56-f57\/"]}]},{"@type":"ImageObject","inLanguage":"de","@id":"https:\/\/custom-parts.fr\/de\/produkt\/cerclages-de-feux-arriere-chromes-pour-mini-cooper-f55-f56-f57\/#primaryimage","url":"https:\/\/custom-parts.fr\/wp-content\/uploads\/2023\/03\/Cerclages-de-feux-arriere-chromes-pour-Mini-Cooper-F55-F56-F57-4.jpg","contentUrl":"https:\/\/custom-parts.fr\/wp-content\/uploads\/2023\/03\/Cerclages-de-feux-arriere-chromes-pour-Mini-Cooper-F55-F56-F57-4.jpg","width":500,"height":500},{"@type":"BreadcrumbList","@id":"https:\/\/custom-parts.fr\/de\/produkt\/cerclages-de-feux-arriere-chromes-pour-mini-cooper-f55-f56-f57\/#breadcrumb","itemListElement":[{"@type":"ListItem","position":1,"name":"Startseite","item":"https:\/\/custom-parts.fr\/de\/kaufen-sie-teile-und-zubehoer-fuer-mini-bmw-custom-parts-de\/"},{"@type":"ListItem","position":2,"name":"Shop","item":"https:\/\/custom-parts.fr\/de\/alle-produkte\/"},{"@type":"ListItem","position":3,"name":"Chrom-R\u00fccklicht Blende f\u00fcr Mini Cooper F55 F56 F57"}]},{"@type":"WebSite","@id":"https:\/\/custom-parts.fr\/de\/#website","url":"https:\/\/custom-parts.fr\/de\/","name":"Custom-Parts.fr","description":"Custom BMW MINI Ersatzteile & Zubeh\u00f6r","publisher":{"@id":"https:\/\/custom-parts.fr\/de\/#organization"},"potentialAction":[{"@type":"SearchAction","target":{"@type":"EntryPoint","urlTemplate":"https:\/\/custom-parts.fr\/de\/?s={search_term_string}"},"query-input":{"@type":"PropertyValueSpecification","valueRequired":true,"valueName":"search_term_string"}}],"inLanguage":"de"},{"@type":"Organization","@id":"https:\/\/custom-parts.fr\/de\/#organization","name":"Custom-Parts","url":"https:\/\/custom-parts.fr\/de\/","logo":{"@type":"ImageObject","inLanguage":"de","@id":"https:\/\/custom-parts.fr\/de\/#\/schema\/logo\/image\/","url":"https:\/\/custom-parts.fr\/wp-content\/uploads\/2023\/01\/cropped-cropped-cropped-final-new-police-2-1-1.png","contentUrl":"https:\/\/custom-parts.fr\/wp-content\/uploads\/2023\/01\/cropped-cropped-cropped-final-new-police-2-1-1.png","width":450,"height":125,"caption":"Custom-Parts"},"image":{"@id":"https:\/\/custom-parts.fr\/de\/#\/schema\/logo\/image\/"}}]}},"_links":{"self":[{"href":"https:\/\/custom-parts.fr\/de\/wp-json\/wp\/v2\/product\/24770","targetHints":{"allow":["GET"]}}],"collection":[{"href":"https:\/\/custom-parts.fr\/de\/wp-json\/wp\/v2\/product"}],"about":[{"href":"https:\/\/custom-parts.fr\/de\/wp-json\/wp\/v2\/types\/product"}],"replies":[{"embeddable":true,"href":"https:\/\/custom-parts.fr\/de\/wp-json\/wp\/v2\/comments?post=24770"}],"wp:featuredmedia":[{"embeddable":true,"href":"https:\/\/custom-parts.fr\/de\/wp-json\/wp\/v2\/media\/24169"}],"wp:attachment":[{"href":"https:\/\/custom-parts.fr\/de\/wp-json\/wp\/v2\/media?parent=24770"}],"wp:term":[{"taxonomy":"product_brand","embeddable":true,"href":"https:\/\/custom-parts.fr\/de\/wp-json\/wp\/v2\/product_brand?post=24770"},{"taxonomy":"product_cat","embeddable":true,"href":"https:\/\/custom-parts.fr\/de\/wp-json\/wp\/v2\/product_cat?post=24770"},{"taxonomy":"product_tag","embeddable":true,"href":"https:\/\/custom-parts.fr\/de\/wp-json\/wp\/v2\/product_tag?post=24770"}],"curies":[{"name":"wp","href":"https:\/\/api.w.org\/{rel}","templated":true}]}}