{"id":24771,"date":"2023-08-02T17:36:50","date_gmt":"2023-08-02T15:36:50","guid":{"rendered":"https:\/\/custom-parts.fr\/produit\/coques-poignees-de-porte-mini-r55-clubman\/"},"modified":"2026-03-29T23:07:03","modified_gmt":"2026-03-29T21:07:03","slug":"coques-poignees-de-porte-mini-r55-clubman","status":"publish","type":"product","link":"https:\/\/custom-parts.fr\/de\/produkt\/coques-poignees-de-porte-mini-r55-clubman\/","title":{"rendered":"T\u00fcrgriffabdeckungen f\u00fcr Mini R55 Clubman (4 St\u00fcck)"},"content":{"rendered":"<p><strong>T\u00fcrgriffverkleidungen und Kofferraumverkleidungen f\u00fcr MINI R55 Clubman (4 Teile)<\/strong><\/p>\n<p>&nbsp;<\/p>\n<p>Diese passgenauen Verkleidungen f\u00fcr die originalen T\u00fcrgriffe verleihen Ihrem Mini Clubman R55 im Handumdrehen einen neuen Look! Sie lassen sich direkt auf die originalen T\u00fcrgriffe dank eines hochwertigen doppelseitigen Klebebands anbringen. Das ultra-d\u00fcnne, ma\u00dfgeschneiderte Plastik bedeckt den T\u00fcrgriff perfekt, um ein identisches Aussehen wie das Original zu bewahren. Ein hervorragendes Produkt, um das Chrom Ihrer Mini-T\u00fcrgriffe in wenigen Sekunden zu \u00e4ndern und ein perfektes Ergebnis zu garantieren.<\/p>\n<p>&nbsp;<\/p>\n<p><strong>Hinweis: Die Verkleidungen sind mit einer transparenten Schutzfolie versehen, die nach der Montage entfernt werden muss. Die Schutzfolie kann die tats\u00e4chliche Farbe der auf den Produktseiten angezeigten Fotos beeintr\u00e4chtigen. Die Verkleidungen haben nach dem Entfernen der Schutzfolien immer eine gl\u00e4nzende Oberfl\u00e4che, sofern nicht anders angegeben.<\/strong><\/p>\n<p>&nbsp;<\/p>\n<h2>Eigenschaften:<\/h2>\n<ul>\n<li>Dieses Set enth\u00e4lt 4 Ersatzteile: 2 T\u00fcrgriffverkleidungen vorne + 2 Kofferraumverkleidungen<\/li>\n<li><strong>Geeignet nur f\u00fcr Standard-T\u00fcrgriffe (ohne Komfortsystem \/ schl\u00fcssellosen Zugang)<\/strong><\/li>\n<li>Material: ABS-Kunststoff<\/li>\n<li>Einfach zu montieren und zu demontieren dank des vorinstallierten doppelseitigen Klebebands.<\/li>\n<li>Bei kalten Temperaturen verwenden Sie einen F\u00f6n, um den Kleber zu erw\u00e4rmen und die Haftung zu erleichtern.<\/li>\n<\/ul>\n<p>&nbsp;<\/p>\n<h2>Geeignet f\u00fcr:<\/h2>\n<ul>\n<li>MINI Cooper, Cooper S, JCW R55 Clubman von 2007 bis 2014 (ohne Komfortsystem \/ schl\u00fcssellosen Zugang)<\/li>\n<\/ul>\n<p>&nbsp;<\/p>\n<p><img decoding=\"async\" class=\"alignnone size-full wp-image-18597 lazyload\" data-src=\"https:\/\/custom-parts.fr\/wp-content\/uploads\/2023\/01\/Montage-poignees-porte-mini-r50-r52-r53.jpg\" alt=\"\" width=\"400\" height=\"400\" data-srcset=\"https:\/\/custom-parts.fr\/wp-content\/uploads\/2023\/01\/Montage-poignees-porte-mini-r50-r52-r53.jpg 400w, https:\/\/custom-parts.fr\/wp-content\/uploads\/2023\/01\/Montage-poignees-porte-mini-r50-r52-r53-300x300.jpg 300w, https:\/\/custom-parts.fr\/wp-content\/uploads\/2023\/01\/Montage-poignees-porte-mini-r50-r52-r53-100x100.jpg 100w, https:\/\/custom-parts.fr\/wp-content\/uploads\/2023\/01\/Montage-poignees-porte-mini-r50-r52-r53-150x150.jpg 150w, https:\/\/custom-parts.fr\/wp-content\/uploads\/2023\/01\/Montage-poignees-porte-mini-r50-r52-r53-90x90.jpg 90w\" data-sizes=\"(max-width: 400px) 100vw, 400px\" src=\"data:image\/svg+xml;base64,PHN2ZyB3aWR0aD0iMSIgaGVpZ2h0PSIxIiB4bWxucz0iaHR0cDovL3d3dy53My5vcmcvMjAwMC9zdmciPjwvc3ZnPg==\" style=\"--smush-placeholder-width: 400px; --smush-placeholder-aspect-ratio: 400\/400;\" \/><\/p>\n<p><img decoding=\"async\" class=\"alignnone wp-image-18595 lazyload\" data-src=\"https:\/\/custom-parts.fr\/wp-content\/uploads\/2023\/01\/Coques-Poignees-de-porte-MINI-1ere-et-2eme-Gen-3.jpg\" alt=\"\" width=\"401\" height=\"401\" data-srcset=\"https:\/\/custom-parts.fr\/wp-content\/uploads\/2023\/01\/Coques-Poignees-de-porte-MINI-1ere-et-2eme-Gen-3.jpg 500w, https:\/\/custom-parts.fr\/wp-content\/uploads\/2023\/01\/Coques-Poignees-de-porte-MINI-1ere-et-2eme-Gen-3-300x300.jpg 300w, https:\/\/custom-parts.fr\/wp-content\/uploads\/2023\/01\/Coques-Poignees-de-porte-MINI-1ere-et-2eme-Gen-3-100x100.jpg 100w, https:\/\/custom-parts.fr\/wp-content\/uploads\/2023\/01\/Coques-Poignees-de-porte-MINI-1ere-et-2eme-Gen-3-150x150.jpg 150w, https:\/\/custom-parts.fr\/wp-content\/uploads\/2023\/01\/Coques-Poignees-de-porte-MINI-1ere-et-2eme-Gen-3-90x90.jpg 90w\" data-sizes=\"(max-width: 401px) 100vw, 401px\" src=\"data:image\/svg+xml;base64,PHN2ZyB3aWR0aD0iMSIgaGVpZ2h0PSIxIiB4bWxucz0iaHR0cDovL3d3dy53My5vcmcvMjAwMC9zdmciPjwvc3ZnPg==\" style=\"--smush-placeholder-width: 401px; --smush-placeholder-aspect-ratio: 401\/401;\" \/><\/p>\n","protected":false},"excerpt":{"rendered":"<p><span style=\"color: #39991a; font-weight: 900;\">\u2713<\/span> Gestalten Sie Ihren Mini ganz nach Ihrem Geschmack!<br \/>\n<span style=\"color: #39991a; font-weight: 900;\">\u2713<\/span> Einfach zu installieren und auszutauschen<br \/>\n<span style=\"color: #39991a; font-weight: 900;\">\u2713<\/span> Perfekte Passform f\u00fcr Ihr Originalteil<\/p>\n","protected":false},"featured_media":24132,"comment_status":"open","ping_status":"closed","template":"","meta":[],"product_brand":[],"product_cat":[191,194,193],"product_tag":[],"class_list":{"0":"post-24771","1":"product","2":"type-product","3":"status-publish","4":"has-post-thumbnail","6":"product_cat-mini-cooper-ersatzteile-zubehoer","7":"product_cat-exterieur-zubehor-mini-2-gen","8":"product_cat-zubehoer-mini-cooper-2-gen","10":"first","11":"instock","12":"taxable","13":"shipping-taxable","14":"purchasable","15":"product-type-variable"},"yoast_head":"<!-- This site is optimized with the Yoast SEO plugin v27.2 - https:\/\/yoast.com\/product\/yoast-seo-wordpress\/ -->\n<title>T\u00fcrgriffabdeckungen f\u00fcr Mini R55 Clubman (4 St\u00fcck)<\/title>\n<meta name=\"description\" content=\"Achetez vos T\u00fcrgriffabdeckungen f\u00fcr Mini R55 Clubman (4 St\u00fcck) et tous vos accessoires BMW MINI sur Custom-Parts.fr !\" \/>\n<meta name=\"robots\" content=\"index, follow, max-snippet:-1, max-image-preview:large, max-video-preview:-1\" \/>\n<link rel=\"canonical\" href=\"https:\/\/custom-parts.fr\/de\/produkt\/coques-poignees-de-porte-mini-r55-clubman\/\" \/>\n<meta property=\"og:locale\" content=\"de_DE\" \/>\n<meta property=\"og:type\" content=\"article\" \/>\n<meta property=\"og:title\" content=\"T\u00fcrgriffabdeckungen f\u00fcr Mini R55 Clubman (4 St\u00fcck)\" \/>\n<meta property=\"og:description\" content=\"Achetez vos T\u00fcrgriffabdeckungen f\u00fcr Mini R55 Clubman (4 St\u00fcck) et tous vos accessoires BMW MINI sur Custom-Parts.fr !\" \/>\n<meta property=\"og:url\" content=\"https:\/\/custom-parts.fr\/de\/produkt\/coques-poignees-de-porte-mini-r55-clubman\/\" \/>\n<meta property=\"og:site_name\" content=\"Custom-Parts.fr\" \/>\n<meta property=\"article:modified_time\" content=\"2026-03-29T21:07:03+00:00\" \/>\n<meta property=\"og:image\" content=\"https:\/\/custom-parts.fr\/wp-content\/uploads\/2023\/02\/Coques-Poignees-de-porte-MINI-R55-Clubman-4-pieces-2.jpg\" \/>\n\t<meta property=\"og:image:width\" content=\"500\" \/>\n\t<meta property=\"og:image:height\" content=\"500\" \/>\n\t<meta property=\"og:image:type\" content=\"image\/jpeg\" \/>\n<meta name=\"twitter:card\" content=\"summary_large_image\" \/>\n<meta name=\"twitter:label1\" content=\"Gesch\u00e4tzte Lesezeit\" \/>\n\t<meta name=\"twitter:data1\" content=\"2\u00a0Minute\" \/>\n<script type=\"application\/ld+json\" class=\"yoast-schema-graph\">{\"@context\":\"https:\/\/schema.org\",\"@graph\":[{\"@type\":\"WebPage\",\"@id\":\"https:\/\/custom-parts.fr\/de\/produkt\/coques-poignees-de-porte-mini-r55-clubman\/\",\"url\":\"https:\/\/custom-parts.fr\/de\/produkt\/coques-poignees-de-porte-mini-r55-clubman\/\",\"name\":\"T\u00fcrgriffabdeckungen f\u00fcr Mini R55 Clubman (4 St\u00fcck)\",\"isPartOf\":{\"@id\":\"https:\/\/custom-parts.fr\/de\/#website\"},\"primaryImageOfPage\":{\"@id\":\"https:\/\/custom-parts.fr\/de\/produkt\/coques-poignees-de-porte-mini-r55-clubman\/#primaryimage\"},\"image\":{\"@id\":\"https:\/\/custom-parts.fr\/de\/produkt\/coques-poignees-de-porte-mini-r55-clubman\/#primaryimage\"},\"thumbnailUrl\":\"https:\/\/custom-parts.fr\/wp-content\/uploads\/2023\/02\/Coques-Poignees-de-porte-MINI-R55-Clubman-4-pieces-2.jpg\",\"datePublished\":\"2023-08-02T15:36:50+00:00\",\"dateModified\":\"2026-03-29T21:07:03+00:00\",\"description\":\"Achetez vos T\u00fcrgriffabdeckungen f\u00fcr Mini R55 Clubman (4 St\u00fcck) et tous vos accessoires BMW MINI sur Custom-Parts.fr !\",\"breadcrumb\":{\"@id\":\"https:\/\/custom-parts.fr\/de\/produkt\/coques-poignees-de-porte-mini-r55-clubman\/#breadcrumb\"},\"inLanguage\":\"de\",\"potentialAction\":[{\"@type\":\"ReadAction\",\"target\":[\"https:\/\/custom-parts.fr\/de\/produkt\/coques-poignees-de-porte-mini-r55-clubman\/\"]}]},{\"@type\":\"ImageObject\",\"inLanguage\":\"de\",\"@id\":\"https:\/\/custom-parts.fr\/de\/produkt\/coques-poignees-de-porte-mini-r55-clubman\/#primaryimage\",\"url\":\"https:\/\/custom-parts.fr\/wp-content\/uploads\/2023\/02\/Coques-Poignees-de-porte-MINI-R55-Clubman-4-pieces-2.jpg\",\"contentUrl\":\"https:\/\/custom-parts.fr\/wp-content\/uploads\/2023\/02\/Coques-Poignees-de-porte-MINI-R55-Clubman-4-pieces-2.jpg\",\"width\":500,\"height\":500},{\"@type\":\"BreadcrumbList\",\"@id\":\"https:\/\/custom-parts.fr\/de\/produkt\/coques-poignees-de-porte-mini-r55-clubman\/#breadcrumb\",\"itemListElement\":[{\"@type\":\"ListItem\",\"position\":1,\"name\":\"Startseite\",\"item\":\"https:\/\/custom-parts.fr\/de\/kaufen-sie-teile-und-zubehoer-fuer-mini-bmw-custom-parts-de\/\"},{\"@type\":\"ListItem\",\"position\":2,\"name\":\"Shop\",\"item\":\"https:\/\/custom-parts.fr\/de\/alle-produkte\/\"},{\"@type\":\"ListItem\",\"position\":3,\"name\":\"T\u00fcrgriffabdeckungen f\u00fcr Mini R55 Clubman (4 St\u00fcck)\"}]},{\"@type\":\"WebSite\",\"@id\":\"https:\/\/custom-parts.fr\/de\/#website\",\"url\":\"https:\/\/custom-parts.fr\/de\/\",\"name\":\"Custom-Parts.fr\",\"description\":\"Custom BMW MINI Ersatzteile & Zubeh\u00f6r\",\"publisher\":{\"@id\":\"https:\/\/custom-parts.fr\/de\/#organization\"},\"potentialAction\":[{\"@type\":\"SearchAction\",\"target\":{\"@type\":\"EntryPoint\",\"urlTemplate\":\"https:\/\/custom-parts.fr\/de\/?s={search_term_string}\"},\"query-input\":{\"@type\":\"PropertyValueSpecification\",\"valueRequired\":true,\"valueName\":\"search_term_string\"}}],\"inLanguage\":\"de\"},{\"@type\":\"Organization\",\"@id\":\"https:\/\/custom-parts.fr\/de\/#organization\",\"name\":\"Custom-Parts\",\"url\":\"https:\/\/custom-parts.fr\/de\/\",\"logo\":{\"@type\":\"ImageObject\",\"inLanguage\":\"de\",\"@id\":\"https:\/\/custom-parts.fr\/de\/#\/schema\/logo\/image\/\",\"url\":\"https:\/\/custom-parts.fr\/wp-content\/uploads\/2023\/01\/cropped-cropped-cropped-final-new-police-2-1-1.png\",\"contentUrl\":\"https:\/\/custom-parts.fr\/wp-content\/uploads\/2023\/01\/cropped-cropped-cropped-final-new-police-2-1-1.png\",\"width\":450,\"height\":125,\"caption\":\"Custom-Parts\"},\"image\":{\"@id\":\"https:\/\/custom-parts.fr\/de\/#\/schema\/logo\/image\/\"}}]}<\/script>\n<!-- \/ Yoast SEO plugin. -->","yoast_head_json":{"title":"T\u00fcrgriffabdeckungen f\u00fcr Mini R55 Clubman (4 St\u00fcck)","description":"Achetez vos T\u00fcrgriffabdeckungen f\u00fcr Mini R55 Clubman (4 St\u00fcck) et tous vos accessoires BMW MINI sur Custom-Parts.fr !","robots":{"index":"index","follow":"follow","max-snippet":"max-snippet:-1","max-image-preview":"max-image-preview:large","max-video-preview":"max-video-preview:-1"},"canonical":"https:\/\/custom-parts.fr\/de\/produkt\/coques-poignees-de-porte-mini-r55-clubman\/","og_locale":"de_DE","og_type":"article","og_title":"T\u00fcrgriffabdeckungen f\u00fcr Mini R55 Clubman (4 St\u00fcck)","og_description":"Achetez vos T\u00fcrgriffabdeckungen f\u00fcr Mini R55 Clubman (4 St\u00fcck) et tous vos accessoires BMW MINI sur Custom-Parts.fr !","og_url":"https:\/\/custom-parts.fr\/de\/produkt\/coques-poignees-de-porte-mini-r55-clubman\/","og_site_name":"Custom-Parts.fr","article_modified_time":"2026-03-29T21:07:03+00:00","og_image":[{"width":500,"height":500,"url":"https:\/\/custom-parts.fr\/wp-content\/uploads\/2023\/02\/Coques-Poignees-de-porte-MINI-R55-Clubman-4-pieces-2.jpg","type":"image\/jpeg"}],"twitter_card":"summary_large_image","twitter_misc":{"Gesch\u00e4tzte Lesezeit":"2\u00a0Minute"},"schema":{"@context":"https:\/\/schema.org","@graph":[{"@type":"WebPage","@id":"https:\/\/custom-parts.fr\/de\/produkt\/coques-poignees-de-porte-mini-r55-clubman\/","url":"https:\/\/custom-parts.fr\/de\/produkt\/coques-poignees-de-porte-mini-r55-clubman\/","name":"T\u00fcrgriffabdeckungen f\u00fcr Mini R55 Clubman (4 St\u00fcck)","isPartOf":{"@id":"https:\/\/custom-parts.fr\/de\/#website"},"primaryImageOfPage":{"@id":"https:\/\/custom-parts.fr\/de\/produkt\/coques-poignees-de-porte-mini-r55-clubman\/#primaryimage"},"image":{"@id":"https:\/\/custom-parts.fr\/de\/produkt\/coques-poignees-de-porte-mini-r55-clubman\/#primaryimage"},"thumbnailUrl":"https:\/\/custom-parts.fr\/wp-content\/uploads\/2023\/02\/Coques-Poignees-de-porte-MINI-R55-Clubman-4-pieces-2.jpg","datePublished":"2023-08-02T15:36:50+00:00","dateModified":"2026-03-29T21:07:03+00:00","description":"Achetez vos T\u00fcrgriffabdeckungen f\u00fcr Mini R55 Clubman (4 St\u00fcck) et tous vos accessoires BMW MINI sur Custom-Parts.fr !","breadcrumb":{"@id":"https:\/\/custom-parts.fr\/de\/produkt\/coques-poignees-de-porte-mini-r55-clubman\/#breadcrumb"},"inLanguage":"de","potentialAction":[{"@type":"ReadAction","target":["https:\/\/custom-parts.fr\/de\/produkt\/coques-poignees-de-porte-mini-r55-clubman\/"]}]},{"@type":"ImageObject","inLanguage":"de","@id":"https:\/\/custom-parts.fr\/de\/produkt\/coques-poignees-de-porte-mini-r55-clubman\/#primaryimage","url":"https:\/\/custom-parts.fr\/wp-content\/uploads\/2023\/02\/Coques-Poignees-de-porte-MINI-R55-Clubman-4-pieces-2.jpg","contentUrl":"https:\/\/custom-parts.fr\/wp-content\/uploads\/2023\/02\/Coques-Poignees-de-porte-MINI-R55-Clubman-4-pieces-2.jpg","width":500,"height":500},{"@type":"BreadcrumbList","@id":"https:\/\/custom-parts.fr\/de\/produkt\/coques-poignees-de-porte-mini-r55-clubman\/#breadcrumb","itemListElement":[{"@type":"ListItem","position":1,"name":"Startseite","item":"https:\/\/custom-parts.fr\/de\/kaufen-sie-teile-und-zubehoer-fuer-mini-bmw-custom-parts-de\/"},{"@type":"ListItem","position":2,"name":"Shop","item":"https:\/\/custom-parts.fr\/de\/alle-produkte\/"},{"@type":"ListItem","position":3,"name":"T\u00fcrgriffabdeckungen f\u00fcr Mini R55 Clubman (4 St\u00fcck)"}]},{"@type":"WebSite","@id":"https:\/\/custom-parts.fr\/de\/#website","url":"https:\/\/custom-parts.fr\/de\/","name":"Custom-Parts.fr","description":"Custom BMW MINI Ersatzteile & Zubeh\u00f6r","publisher":{"@id":"https:\/\/custom-parts.fr\/de\/#organization"},"potentialAction":[{"@type":"SearchAction","target":{"@type":"EntryPoint","urlTemplate":"https:\/\/custom-parts.fr\/de\/?s={search_term_string}"},"query-input":{"@type":"PropertyValueSpecification","valueRequired":true,"valueName":"search_term_string"}}],"inLanguage":"de"},{"@type":"Organization","@id":"https:\/\/custom-parts.fr\/de\/#organization","name":"Custom-Parts","url":"https:\/\/custom-parts.fr\/de\/","logo":{"@type":"ImageObject","inLanguage":"de","@id":"https:\/\/custom-parts.fr\/de\/#\/schema\/logo\/image\/","url":"https:\/\/custom-parts.fr\/wp-content\/uploads\/2023\/01\/cropped-cropped-cropped-final-new-police-2-1-1.png","contentUrl":"https:\/\/custom-parts.fr\/wp-content\/uploads\/2023\/01\/cropped-cropped-cropped-final-new-police-2-1-1.png","width":450,"height":125,"caption":"Custom-Parts"},"image":{"@id":"https:\/\/custom-parts.fr\/de\/#\/schema\/logo\/image\/"}}]}},"_links":{"self":[{"href":"https:\/\/custom-parts.fr\/de\/wp-json\/wp\/v2\/product\/24771","targetHints":{"allow":["GET"]}}],"collection":[{"href":"https:\/\/custom-parts.fr\/de\/wp-json\/wp\/v2\/product"}],"about":[{"href":"https:\/\/custom-parts.fr\/de\/wp-json\/wp\/v2\/types\/product"}],"replies":[{"embeddable":true,"href":"https:\/\/custom-parts.fr\/de\/wp-json\/wp\/v2\/comments?post=24771"}],"wp:featuredmedia":[{"embeddable":true,"href":"https:\/\/custom-parts.fr\/de\/wp-json\/wp\/v2\/media\/24132"}],"wp:attachment":[{"href":"https:\/\/custom-parts.fr\/de\/wp-json\/wp\/v2\/media?parent=24771"}],"wp:term":[{"taxonomy":"product_brand","embeddable":true,"href":"https:\/\/custom-parts.fr\/de\/wp-json\/wp\/v2\/product_brand?post=24771"},{"taxonomy":"product_cat","embeddable":true,"href":"https:\/\/custom-parts.fr\/de\/wp-json\/wp\/v2\/product_cat?post=24771"},{"taxonomy":"product_tag","embeddable":true,"href":"https:\/\/custom-parts.fr\/de\/wp-json\/wp\/v2\/product_tag?post=24771"}],"curies":[{"name":"wp","href":"https:\/\/api.w.org\/{rel}","templated":true}]}}