{"id":24777,"date":"2023-08-01T23:15:42","date_gmt":"2023-08-01T21:15:42","guid":{"rendered":"https:\/\/custom-parts.fr\/produit\/coques-poignees-de-porte-mini-r50-r52-r53-r61\/"},"modified":"2025-06-15T04:15:58","modified_gmt":"2025-06-15T02:15:58","slug":"coques-poignees-de-porte-mini-r50-r52-r53-r61","status":"publish","type":"product","link":"https:\/\/custom-parts.fr\/de\/produkt\/coques-poignees-de-porte-mini-r50-r52-r53-r61\/","title":{"rendered":"T\u00fcrgriff Verkleidungen f\u00fcr Mini 1. und 2. Generation"},"content":{"rendered":"<p><strong>Schutzabdeckungen f\u00fcr T\u00fcrgriffe f\u00fcr MINI der 1. und 2. Generation.<\/strong><\/p>\n<p>&nbsp;<\/p>\n<p>Diese passgenauen Verkleidungen f\u00fcr die originalen T\u00fcrgriffe verleihen Ihrer Mini im Handumdrehen einen neuen Look! Sie werden einfach \u00fcber die originalen T\u00fcrgriffe geklebt, dank eines hochwertigen doppelseitigen Klebebands. Das ultra-d\u00fcnne, ma\u00dfgefertigte Kunststoffmaterial deckt den T\u00fcrgriff perfekt ab und sorgt daf\u00fcr, dass das urspr\u00fcngliche Erscheinungsbild erhalten bleibt. Ein hervorragendes Produkt, um in wenigen Sekunden das Chrom der T\u00fcrgriffe Ihres Minis zu \u00e4ndern, mit der Garantie f\u00fcr ein perfektes Ergebnis.   <\/p>\n<p>&nbsp;<\/p>\n<p><strong>Hinweis: Die Verkleidungen sind mit einer transparenten Schutzfolie versehen, die nach der Montage entfernt werden muss. Die Schutzfolie kann die tats\u00e4chliche Farbe der in den Produktbeschreibungen angezeigten Fotos beeinflussen. Die Verkleidungen haben nach dem Entfernen der Schutzfolien immer eine gl\u00e4nzende Oberfl\u00e4che, es sei denn, es wird etwas anderes angegeben.  <\/strong><\/p>\n<p>&nbsp;<\/p>\n<h2>Eigenschaften:<\/h2>\n<ul>\n<li>Verf\u00fcgbare Farben: Hochglanz Schwarz, Carbon-Optik, Hochglanz Wei\u00df, Hochglanz Rosa, Hochglanz Rot<\/li>\n<li>Lieferung im Paar<\/li>\n<li>Material: ABS-Kunststoff<\/li>\n<li>Einfache Montage und Demontage dank des vorinstallierten doppelseitigen Klebebands.<\/li>\n<li>Bei kalten Temperaturen verwenden Sie einen Haartrockner, um den Kleber zu erw\u00e4rmen und die Haftung zu erleichtern.<\/li>\n<\/ul>\n<p>&nbsp;<\/p>\n<h2>Geeignet f\u00fcr :<\/h2>\n<ul>\n<li>MINI One, One D und Cooper R50: 2001 bis 2006<\/li>\n<li>MINI Cabriolet R52: 2004 bis 2008<\/li>\n<li>MINI Cooper S, JCW, GP R53: 2001 bis 2006<\/li>\n<li>MINI Cooper, Cooper S R55 Clubman: 2008 bis 2014<\/li>\n<li>MINI Cooper, Cooper S R56: 2007 bis 2013<\/li>\n<li>MINI Cooper, Cooper S R57 Cabrio: 2009 bis 2015<\/li>\n<li>MINI Cooper, Cooper S R58 Coup\u00e9: 2012 bis 2015<\/li>\n<li>MINI Cooper, Cooper S R59 Roadster: 2012 bis 2015<\/li>\n<li>MINI Cooper, Cooper S R60 Countryman: 2011 bis 2016<\/li>\n<li>MINI Cooper, Cooper S R61 Paceman: 2013 bis 2015<\/li>\n<\/ul>\n<p>&nbsp;<\/p>\n<p><img decoding=\"async\" class=\"alignnone wp-image-18776 lazyload\" data-src=\"https:\/\/custom-parts.fr\/wp-content\/uploads\/2023\/01\/Coques-Poignees-de-porte-MINI-1ere-et-2eme-Gen-7.jpg\" alt=\"\" width=\"400\" height=\"400\" data-srcset=\"https:\/\/custom-parts.fr\/wp-content\/uploads\/2023\/01\/Coques-Poignees-de-porte-MINI-1ere-et-2eme-Gen-7.jpg 500w, https:\/\/custom-parts.fr\/wp-content\/uploads\/2023\/01\/Coques-Poignees-de-porte-MINI-1ere-et-2eme-Gen-7-300x300.jpg 300w, https:\/\/custom-parts.fr\/wp-content\/uploads\/2023\/01\/Coques-Poignees-de-porte-MINI-1ere-et-2eme-Gen-7-100x100.jpg 100w, https:\/\/custom-parts.fr\/wp-content\/uploads\/2023\/01\/Coques-Poignees-de-porte-MINI-1ere-et-2eme-Gen-7-150x150.jpg 150w, https:\/\/custom-parts.fr\/wp-content\/uploads\/2023\/01\/Coques-Poignees-de-porte-MINI-1ere-et-2eme-Gen-7-90x90.jpg 90w\" data-sizes=\"(max-width: 400px) 100vw, 400px\" src=\"data:image\/svg+xml;base64,PHN2ZyB3aWR0aD0iMSIgaGVpZ2h0PSIxIiB4bWxucz0iaHR0cDovL3d3dy53My5vcmcvMjAwMC9zdmciPjwvc3ZnPg==\" style=\"--smush-placeholder-width: 400px; --smush-placeholder-aspect-ratio: 400\/400;\" \/><\/p>\n<p><img decoding=\"async\" class=\"alignnone wp-image-18595 lazyload\" data-src=\"https:\/\/custom-parts.fr\/wp-content\/uploads\/2023\/01\/Coques-Poignees-de-porte-MINI-1ere-et-2eme-Gen-3.jpg\" alt=\"\" width=\"401\" height=\"401\" data-srcset=\"https:\/\/custom-parts.fr\/wp-content\/uploads\/2023\/01\/Coques-Poignees-de-porte-MINI-1ere-et-2eme-Gen-3.jpg 500w, https:\/\/custom-parts.fr\/wp-content\/uploads\/2023\/01\/Coques-Poignees-de-porte-MINI-1ere-et-2eme-Gen-3-300x300.jpg 300w, https:\/\/custom-parts.fr\/wp-content\/uploads\/2023\/01\/Coques-Poignees-de-porte-MINI-1ere-et-2eme-Gen-3-100x100.jpg 100w, https:\/\/custom-parts.fr\/wp-content\/uploads\/2023\/01\/Coques-Poignees-de-porte-MINI-1ere-et-2eme-Gen-3-150x150.jpg 150w, https:\/\/custom-parts.fr\/wp-content\/uploads\/2023\/01\/Coques-Poignees-de-porte-MINI-1ere-et-2eme-Gen-3-90x90.jpg 90w\" data-sizes=\"(max-width: 401px) 100vw, 401px\" src=\"data:image\/svg+xml;base64,PHN2ZyB3aWR0aD0iMSIgaGVpZ2h0PSIxIiB4bWxucz0iaHR0cDovL3d3dy53My5vcmcvMjAwMC9zdmciPjwvc3ZnPg==\" style=\"--smush-placeholder-width: 401px; --smush-placeholder-aspect-ratio: 401\/401;\" \/><\/p>\n<ul>\n<li style=\"list-style-type: none;\">\n<ul>\n<li data-spm-anchor-id=\"a2g0o.detail.1000023.i1.54c42f391Vhw0s\">\n<\/li>\n<\/ul>\n<\/li>\n<\/ul>\n","protected":false},"excerpt":{"rendered":"<p><span style=\"color: #39991a; font-weight: 900;\">\u2713<\/span> Gestalten Sie Ihren Mini ganz nach Ihrem Geschmack!<br \/>\n<span style=\"color: #39991a; font-weight: 900;\">\u2713<\/span> Einfach zu installieren und auszutauschen<br \/>\n<span style=\"color: #39991a; font-weight: 900;\">\u2713<\/span> Perfekte Passform f\u00fcr Ihr Originalteil<\/p>\n","protected":false},"featured_media":23842,"comment_status":"open","ping_status":"closed","template":"","meta":[],"product_brand":[],"product_cat":[191,194,192,193],"product_tag":[],"class_list":{"0":"post-24777","1":"product","2":"type-product","3":"status-publish","4":"has-post-thumbnail","6":"product_cat-mini-cooper-ersatzteile-zubehoer","7":"product_cat-exterieur-zubehor-mini-2-gen","8":"product_cat-zubehoer-mini-cooper-r50-r52-r53","9":"product_cat-zubehoer-mini-cooper-2-gen","11":"first","12":"instock","13":"sale","14":"taxable","15":"shipping-taxable","16":"purchasable","17":"product-type-variable"},"yoast_head":"<!-- This site is optimized with the Yoast SEO plugin v27.2 - https:\/\/yoast.com\/product\/yoast-seo-wordpress\/ -->\n<title>T\u00fcrgriff Verkleidungen f\u00fcr Mini 1. und 2. Generation<\/title>\n<meta name=\"description\" content=\"Kaufen Sie Ihren T\u00fcrgriff Verkleidungen f\u00fcr Mini 1. und 2. Generation und alle custom BMW MINI-Zubeh\u00f6r auf Custom-Parts.fr!\" \/>\n<meta name=\"robots\" content=\"index, follow, max-snippet:-1, max-image-preview:large, max-video-preview:-1\" \/>\n<link rel=\"canonical\" href=\"https:\/\/custom-parts.fr\/de\/produkt\/coques-poignees-de-porte-mini-r50-r52-r53-r61\/\" \/>\n<meta property=\"og:locale\" content=\"de_DE\" \/>\n<meta property=\"og:type\" content=\"article\" \/>\n<meta property=\"og:title\" content=\"T\u00fcrgriff Verkleidungen f\u00fcr Mini 1. und 2. Generation\" \/>\n<meta property=\"og:description\" content=\"Kaufen Sie Ihren T\u00fcrgriff Verkleidungen f\u00fcr Mini 1. und 2. Generation und alle custom BMW MINI-Zubeh\u00f6r auf Custom-Parts.fr!\" \/>\n<meta property=\"og:url\" content=\"https:\/\/custom-parts.fr\/de\/produkt\/coques-poignees-de-porte-mini-r50-r52-r53-r61\/\" \/>\n<meta property=\"og:site_name\" content=\"Custom-Parts.fr\" \/>\n<meta property=\"article:modified_time\" content=\"2025-06-15T02:15:58+00:00\" \/>\n<meta property=\"og:image\" content=\"https:\/\/custom-parts.fr\/wp-content\/uploads\/2023\/02\/Coques-Poignees-de-porte-MINI-1ere-et-2eme-Gen-1.jpg\" \/>\n\t<meta property=\"og:image:width\" content=\"500\" \/>\n\t<meta property=\"og:image:height\" content=\"500\" \/>\n\t<meta property=\"og:image:type\" content=\"image\/jpeg\" \/>\n<meta name=\"twitter:card\" content=\"summary_large_image\" \/>\n<meta name=\"twitter:label1\" content=\"Gesch\u00e4tzte Lesezeit\" \/>\n\t<meta name=\"twitter:data1\" content=\"2\u00a0Minute\" \/>\n<script type=\"application\/ld+json\" class=\"yoast-schema-graph\">{\"@context\":\"https:\/\/schema.org\",\"@graph\":[{\"@type\":\"WebPage\",\"@id\":\"https:\/\/custom-parts.fr\/de\/produkt\/coques-poignees-de-porte-mini-r50-r52-r53-r61\/\",\"url\":\"https:\/\/custom-parts.fr\/de\/produkt\/coques-poignees-de-porte-mini-r50-r52-r53-r61\/\",\"name\":\"T\u00fcrgriff Verkleidungen f\u00fcr Mini 1. und 2. Generation\",\"isPartOf\":{\"@id\":\"https:\/\/custom-parts.fr\/de\/#website\"},\"primaryImageOfPage\":{\"@id\":\"https:\/\/custom-parts.fr\/de\/produkt\/coques-poignees-de-porte-mini-r50-r52-r53-r61\/#primaryimage\"},\"image\":{\"@id\":\"https:\/\/custom-parts.fr\/de\/produkt\/coques-poignees-de-porte-mini-r50-r52-r53-r61\/#primaryimage\"},\"thumbnailUrl\":\"https:\/\/custom-parts.fr\/wp-content\/uploads\/2023\/02\/Coques-Poignees-de-porte-MINI-1ere-et-2eme-Gen-1.jpg\",\"datePublished\":\"2023-08-01T21:15:42+00:00\",\"dateModified\":\"2025-06-15T02:15:58+00:00\",\"description\":\"Kaufen Sie Ihren T\u00fcrgriff Verkleidungen f\u00fcr Mini 1. und 2. Generation und alle custom BMW MINI-Zubeh\u00f6r auf Custom-Parts.fr!\",\"breadcrumb\":{\"@id\":\"https:\/\/custom-parts.fr\/de\/produkt\/coques-poignees-de-porte-mini-r50-r52-r53-r61\/#breadcrumb\"},\"inLanguage\":\"de\",\"potentialAction\":[{\"@type\":\"ReadAction\",\"target\":[\"https:\/\/custom-parts.fr\/de\/produkt\/coques-poignees-de-porte-mini-r50-r52-r53-r61\/\"]}]},{\"@type\":\"ImageObject\",\"inLanguage\":\"de\",\"@id\":\"https:\/\/custom-parts.fr\/de\/produkt\/coques-poignees-de-porte-mini-r50-r52-r53-r61\/#primaryimage\",\"url\":\"https:\/\/custom-parts.fr\/wp-content\/uploads\/2023\/02\/Coques-Poignees-de-porte-MINI-1ere-et-2eme-Gen-1.jpg\",\"contentUrl\":\"https:\/\/custom-parts.fr\/wp-content\/uploads\/2023\/02\/Coques-Poignees-de-porte-MINI-1ere-et-2eme-Gen-1.jpg\",\"width\":500,\"height\":500},{\"@type\":\"BreadcrumbList\",\"@id\":\"https:\/\/custom-parts.fr\/de\/produkt\/coques-poignees-de-porte-mini-r50-r52-r53-r61\/#breadcrumb\",\"itemListElement\":[{\"@type\":\"ListItem\",\"position\":1,\"name\":\"Startseite\",\"item\":\"https:\/\/custom-parts.fr\/de\/kaufen-sie-teile-und-zubehoer-fuer-mini-bmw-custom-parts-de\/\"},{\"@type\":\"ListItem\",\"position\":2,\"name\":\"Shop\",\"item\":\"https:\/\/custom-parts.fr\/de\/alle-produkte\/\"},{\"@type\":\"ListItem\",\"position\":3,\"name\":\"T\u00fcrgriff Verkleidungen f\u00fcr Mini 1. und 2. Generation\"}]},{\"@type\":\"WebSite\",\"@id\":\"https:\/\/custom-parts.fr\/de\/#website\",\"url\":\"https:\/\/custom-parts.fr\/de\/\",\"name\":\"Custom-Parts.fr\",\"description\":\"Custom BMW MINI Ersatzteile & Zubeh\u00f6r\",\"publisher\":{\"@id\":\"https:\/\/custom-parts.fr\/de\/#organization\"},\"potentialAction\":[{\"@type\":\"SearchAction\",\"target\":{\"@type\":\"EntryPoint\",\"urlTemplate\":\"https:\/\/custom-parts.fr\/de\/?s={search_term_string}\"},\"query-input\":{\"@type\":\"PropertyValueSpecification\",\"valueRequired\":true,\"valueName\":\"search_term_string\"}}],\"inLanguage\":\"de\"},{\"@type\":\"Organization\",\"@id\":\"https:\/\/custom-parts.fr\/de\/#organization\",\"name\":\"Custom-Parts\",\"url\":\"https:\/\/custom-parts.fr\/de\/\",\"logo\":{\"@type\":\"ImageObject\",\"inLanguage\":\"de\",\"@id\":\"https:\/\/custom-parts.fr\/de\/#\/schema\/logo\/image\/\",\"url\":\"https:\/\/custom-parts.fr\/wp-content\/uploads\/2023\/01\/cropped-cropped-cropped-final-new-police-2-1-1.png\",\"contentUrl\":\"https:\/\/custom-parts.fr\/wp-content\/uploads\/2023\/01\/cropped-cropped-cropped-final-new-police-2-1-1.png\",\"width\":450,\"height\":125,\"caption\":\"Custom-Parts\"},\"image\":{\"@id\":\"https:\/\/custom-parts.fr\/de\/#\/schema\/logo\/image\/\"}}]}<\/script>\n<!-- \/ Yoast SEO plugin. -->","yoast_head_json":{"title":"T\u00fcrgriff Verkleidungen f\u00fcr Mini 1. und 2. Generation","description":"Kaufen Sie Ihren T\u00fcrgriff Verkleidungen f\u00fcr Mini 1. und 2. Generation und alle custom BMW MINI-Zubeh\u00f6r auf Custom-Parts.fr!","robots":{"index":"index","follow":"follow","max-snippet":"max-snippet:-1","max-image-preview":"max-image-preview:large","max-video-preview":"max-video-preview:-1"},"canonical":"https:\/\/custom-parts.fr\/de\/produkt\/coques-poignees-de-porte-mini-r50-r52-r53-r61\/","og_locale":"de_DE","og_type":"article","og_title":"T\u00fcrgriff Verkleidungen f\u00fcr Mini 1. und 2. Generation","og_description":"Kaufen Sie Ihren T\u00fcrgriff Verkleidungen f\u00fcr Mini 1. und 2. Generation und alle custom BMW MINI-Zubeh\u00f6r auf Custom-Parts.fr!","og_url":"https:\/\/custom-parts.fr\/de\/produkt\/coques-poignees-de-porte-mini-r50-r52-r53-r61\/","og_site_name":"Custom-Parts.fr","article_modified_time":"2025-06-15T02:15:58+00:00","og_image":[{"width":500,"height":500,"url":"https:\/\/custom-parts.fr\/wp-content\/uploads\/2023\/02\/Coques-Poignees-de-porte-MINI-1ere-et-2eme-Gen-1.jpg","type":"image\/jpeg"}],"twitter_card":"summary_large_image","twitter_misc":{"Gesch\u00e4tzte Lesezeit":"2\u00a0Minute"},"schema":{"@context":"https:\/\/schema.org","@graph":[{"@type":"WebPage","@id":"https:\/\/custom-parts.fr\/de\/produkt\/coques-poignees-de-porte-mini-r50-r52-r53-r61\/","url":"https:\/\/custom-parts.fr\/de\/produkt\/coques-poignees-de-porte-mini-r50-r52-r53-r61\/","name":"T\u00fcrgriff Verkleidungen f\u00fcr Mini 1. und 2. Generation","isPartOf":{"@id":"https:\/\/custom-parts.fr\/de\/#website"},"primaryImageOfPage":{"@id":"https:\/\/custom-parts.fr\/de\/produkt\/coques-poignees-de-porte-mini-r50-r52-r53-r61\/#primaryimage"},"image":{"@id":"https:\/\/custom-parts.fr\/de\/produkt\/coques-poignees-de-porte-mini-r50-r52-r53-r61\/#primaryimage"},"thumbnailUrl":"https:\/\/custom-parts.fr\/wp-content\/uploads\/2023\/02\/Coques-Poignees-de-porte-MINI-1ere-et-2eme-Gen-1.jpg","datePublished":"2023-08-01T21:15:42+00:00","dateModified":"2025-06-15T02:15:58+00:00","description":"Kaufen Sie Ihren T\u00fcrgriff Verkleidungen f\u00fcr Mini 1. und 2. Generation und alle custom BMW MINI-Zubeh\u00f6r auf Custom-Parts.fr!","breadcrumb":{"@id":"https:\/\/custom-parts.fr\/de\/produkt\/coques-poignees-de-porte-mini-r50-r52-r53-r61\/#breadcrumb"},"inLanguage":"de","potentialAction":[{"@type":"ReadAction","target":["https:\/\/custom-parts.fr\/de\/produkt\/coques-poignees-de-porte-mini-r50-r52-r53-r61\/"]}]},{"@type":"ImageObject","inLanguage":"de","@id":"https:\/\/custom-parts.fr\/de\/produkt\/coques-poignees-de-porte-mini-r50-r52-r53-r61\/#primaryimage","url":"https:\/\/custom-parts.fr\/wp-content\/uploads\/2023\/02\/Coques-Poignees-de-porte-MINI-1ere-et-2eme-Gen-1.jpg","contentUrl":"https:\/\/custom-parts.fr\/wp-content\/uploads\/2023\/02\/Coques-Poignees-de-porte-MINI-1ere-et-2eme-Gen-1.jpg","width":500,"height":500},{"@type":"BreadcrumbList","@id":"https:\/\/custom-parts.fr\/de\/produkt\/coques-poignees-de-porte-mini-r50-r52-r53-r61\/#breadcrumb","itemListElement":[{"@type":"ListItem","position":1,"name":"Startseite","item":"https:\/\/custom-parts.fr\/de\/kaufen-sie-teile-und-zubehoer-fuer-mini-bmw-custom-parts-de\/"},{"@type":"ListItem","position":2,"name":"Shop","item":"https:\/\/custom-parts.fr\/de\/alle-produkte\/"},{"@type":"ListItem","position":3,"name":"T\u00fcrgriff Verkleidungen f\u00fcr Mini 1. und 2. Generation"}]},{"@type":"WebSite","@id":"https:\/\/custom-parts.fr\/de\/#website","url":"https:\/\/custom-parts.fr\/de\/","name":"Custom-Parts.fr","description":"Custom BMW MINI Ersatzteile & Zubeh\u00f6r","publisher":{"@id":"https:\/\/custom-parts.fr\/de\/#organization"},"potentialAction":[{"@type":"SearchAction","target":{"@type":"EntryPoint","urlTemplate":"https:\/\/custom-parts.fr\/de\/?s={search_term_string}"},"query-input":{"@type":"PropertyValueSpecification","valueRequired":true,"valueName":"search_term_string"}}],"inLanguage":"de"},{"@type":"Organization","@id":"https:\/\/custom-parts.fr\/de\/#organization","name":"Custom-Parts","url":"https:\/\/custom-parts.fr\/de\/","logo":{"@type":"ImageObject","inLanguage":"de","@id":"https:\/\/custom-parts.fr\/de\/#\/schema\/logo\/image\/","url":"https:\/\/custom-parts.fr\/wp-content\/uploads\/2023\/01\/cropped-cropped-cropped-final-new-police-2-1-1.png","contentUrl":"https:\/\/custom-parts.fr\/wp-content\/uploads\/2023\/01\/cropped-cropped-cropped-final-new-police-2-1-1.png","width":450,"height":125,"caption":"Custom-Parts"},"image":{"@id":"https:\/\/custom-parts.fr\/de\/#\/schema\/logo\/image\/"}}]}},"_links":{"self":[{"href":"https:\/\/custom-parts.fr\/de\/wp-json\/wp\/v2\/product\/24777","targetHints":{"allow":["GET"]}}],"collection":[{"href":"https:\/\/custom-parts.fr\/de\/wp-json\/wp\/v2\/product"}],"about":[{"href":"https:\/\/custom-parts.fr\/de\/wp-json\/wp\/v2\/types\/product"}],"replies":[{"embeddable":true,"href":"https:\/\/custom-parts.fr\/de\/wp-json\/wp\/v2\/comments?post=24777"}],"wp:featuredmedia":[{"embeddable":true,"href":"https:\/\/custom-parts.fr\/de\/wp-json\/wp\/v2\/media\/23842"}],"wp:attachment":[{"href":"https:\/\/custom-parts.fr\/de\/wp-json\/wp\/v2\/media?parent=24777"}],"wp:term":[{"taxonomy":"product_brand","embeddable":true,"href":"https:\/\/custom-parts.fr\/de\/wp-json\/wp\/v2\/product_brand?post=24777"},{"taxonomy":"product_cat","embeddable":true,"href":"https:\/\/custom-parts.fr\/de\/wp-json\/wp\/v2\/product_cat?post=24777"},{"taxonomy":"product_tag","embeddable":true,"href":"https:\/\/custom-parts.fr\/de\/wp-json\/wp\/v2\/product_tag?post=24777"}],"curies":[{"name":"wp","href":"https:\/\/api.w.org\/{rel}","templated":true}]}}