{"id":24818,"date":"2023-05-04T15:31:13","date_gmt":"2023-05-04T13:31:13","guid":{"rendered":"https:\/\/custom-parts.fr\/produit\/kit-cerclages-de-phare-contours-de-feux-mini-cooper-clubman-f54\/"},"modified":"2025-06-15T03:06:43","modified_gmt":"2025-06-15T01:06:43","slug":"kit-cerclages-de-phare-contours-de-feux-mini-cooper-clubman-f54","status":"publish","type":"product","link":"https:\/\/custom-parts.fr\/de\/produkt\/kit-cerclages-de-phare-contours-de-feux-mini-cooper-clubman-f54\/","title":{"rendered":"Scheinwerfer Zierring- und R\u00fccklicht Blende Verkleidungen f\u00fcr Mini Cooper Clubman F54"},"content":{"rendered":"<p><strong>Scheinwerfer Zierring- und R\u00fccklicht Blende Verkleidungen f\u00fcr Mini Cooper Clubman F54<\/strong><\/p>\n<p>Geben Sie Ihrer Mini Cooper Clubman F54 mit diesen gl\u00e4nzenden schwarzen Scheinwerfer- und R\u00fccklichtabdeckungen ein neues Aussehen! Die Ersatzteile k\u00f6nnen direkt auf die Original-Scheinwerferringe montiert werden, ohne dass eine Demontage erforderlich ist. <\/p>\n<p><strong>Verf\u00fcgbare Teile: <\/strong><\/p>\n<ul>\n<li>Schutzabdeckungen f\u00fcr Scheinwerfer (x2)<\/li>\n<li>Schutzabdeckungen f\u00fcr R\u00fcckleuchten (x2)<\/li>\n<li>Komplettset: 2 x Scheinwerferabdeckungen + 2 x R\u00fccklichtabdeckungen<\/li>\n<\/ul>\n<h2>Eigenschaften:<\/h2>\n<ul>\n<li>Farben: Piano Schwarz<\/li>\n<li>Material: ABS-Kunststoff<\/li>\n<li>L\u00e4sst sich direkt auf die Original-Scheinwerferringe und R\u00fccklichtabdeckungen dank der vorinstallierten doppelseitigen Klebeb\u00e4nder anbringen. Die Automobilklebeb\u00e4nder garantieren eine hohe Langlebigkeit und Wetterbest\u00e4ndigkeit. <\/li>\n<li>Bei kalten Temperaturen verwenden Sie einen Haartrockner, um den Kleber zu erw\u00e4rmen und die Haftung zu erleichtern.<\/li>\n<li><strong>Hinweis: Die Verkleidungen sind mit einer transparenten Schutzfolie versehen, die w\u00e4hrend der Montage entfernt werden muss.<\/strong><\/li>\n<\/ul>\n<p>&nbsp;<\/p>\n<h2>Geeignet f\u00fcr :<\/h2>\n<ul>\n<li>F54 \u2013 Clubman (ab 2015)<\/li>\n<\/ul>\n","protected":false},"excerpt":{"rendered":"<p><span style=\"color: #39991a; font-weight: 900;\">\u2713<\/span> Gestalten Sie Ihren Mini ganz nach Ihrem Geschmack!<br \/>\n<span style=\"color: #39991a; font-weight: 900;\">\u2713<\/span> Einfach zu installieren und auszutauschen<br \/>\n<span style=\"color: #39991a; font-weight: 900;\">\u2713<\/span> Perfekte Passform f\u00fcr Ihr Originalteil<\/p>\n","protected":false},"featured_media":24016,"comment_status":"open","ping_status":"closed","template":"","meta":[],"product_brand":[],"product_cat":[191,198,195],"product_tag":[],"class_list":{"0":"post-24818","1":"product","2":"type-product","3":"status-publish","4":"has-post-thumbnail","6":"product_cat-mini-cooper-ersatzteile-zubehoer","7":"product_cat-ersatzteilen-zubehor-mini-3-gen","8":"product_cat-exterieur-zubehor-fur-mini-3-gen","10":"first","11":"instock","12":"sale","13":"taxable","14":"shipping-taxable","15":"purchasable","16":"product-type-variable"},"yoast_head":"<!-- This site is optimized with the Yoast SEO plugin v27.2 - https:\/\/yoast.com\/product\/yoast-seo-wordpress\/ -->\n<title>Scheinwerfer Zierring- und R\u00fccklicht Blende Verkleidungen f\u00fcr Mini Cooper Clubman F54<\/title>\n<meta name=\"description\" content=\"Kaufen Sie Ihren Scheinwerfer Zierring- und R\u00fccklicht Blende Verkleidungen f\u00fcr Mini Cooper Clubman F54 und alle custom BMW MINI-Zubeh\u00f6r auf Custom-Parts.fr!\" \/>\n<meta name=\"robots\" content=\"index, follow, max-snippet:-1, max-image-preview:large, max-video-preview:-1\" \/>\n<link rel=\"canonical\" href=\"https:\/\/custom-parts.fr\/de\/produkt\/kit-cerclages-de-phare-contours-de-feux-mini-cooper-clubman-f54\/\" \/>\n<meta property=\"og:locale\" content=\"de_DE\" \/>\n<meta property=\"og:type\" content=\"article\" \/>\n<meta property=\"og:title\" content=\"Scheinwerfer Zierring- und R\u00fccklicht Blende Verkleidungen f\u00fcr Mini Cooper Clubman F54\" \/>\n<meta property=\"og:description\" content=\"Kaufen Sie Ihren Scheinwerfer Zierring- und R\u00fccklicht Blende Verkleidungen f\u00fcr Mini Cooper Clubman F54 und alle custom BMW MINI-Zubeh\u00f6r auf Custom-Parts.fr!\" \/>\n<meta property=\"og:url\" content=\"https:\/\/custom-parts.fr\/de\/produkt\/kit-cerclages-de-phare-contours-de-feux-mini-cooper-clubman-f54\/\" \/>\n<meta property=\"og:site_name\" content=\"Custom-Parts.fr\" \/>\n<meta property=\"article:modified_time\" content=\"2025-06-15T01:06:43+00:00\" \/>\n<meta property=\"og:image\" content=\"https:\/\/custom-parts.fr\/wp-content\/uploads\/2023\/02\/Kit-Cerclages-de-phare-Contours-de-feux-Mini-Cooper-Clubman-F54-3-1.jpg\" \/>\n\t<meta property=\"og:image:width\" content=\"445\" \/>\n\t<meta property=\"og:image:height\" content=\"452\" \/>\n\t<meta property=\"og:image:type\" content=\"image\/jpeg\" \/>\n<meta name=\"twitter:card\" content=\"summary_large_image\" \/>\n<meta name=\"twitter:label1\" content=\"Gesch\u00e4tzte Lesezeit\" \/>\n\t<meta name=\"twitter:data1\" content=\"1\u00a0Minute\" \/>\n<script type=\"application\/ld+json\" class=\"yoast-schema-graph\">{\"@context\":\"https:\/\/schema.org\",\"@graph\":[{\"@type\":\"WebPage\",\"@id\":\"https:\/\/custom-parts.fr\/de\/produkt\/kit-cerclages-de-phare-contours-de-feux-mini-cooper-clubman-f54\/\",\"url\":\"https:\/\/custom-parts.fr\/de\/produkt\/kit-cerclages-de-phare-contours-de-feux-mini-cooper-clubman-f54\/\",\"name\":\"Scheinwerfer Zierring- und R\u00fccklicht Blende Verkleidungen f\u00fcr Mini Cooper Clubman F54\",\"isPartOf\":{\"@id\":\"https:\/\/custom-parts.fr\/de\/#website\"},\"primaryImageOfPage\":{\"@id\":\"https:\/\/custom-parts.fr\/de\/produkt\/kit-cerclages-de-phare-contours-de-feux-mini-cooper-clubman-f54\/#primaryimage\"},\"image\":{\"@id\":\"https:\/\/custom-parts.fr\/de\/produkt\/kit-cerclages-de-phare-contours-de-feux-mini-cooper-clubman-f54\/#primaryimage\"},\"thumbnailUrl\":\"https:\/\/custom-parts.fr\/wp-content\/uploads\/2023\/02\/Kit-Cerclages-de-phare-Contours-de-feux-Mini-Cooper-Clubman-F54-3-1.jpg\",\"datePublished\":\"2023-05-04T13:31:13+00:00\",\"dateModified\":\"2025-06-15T01:06:43+00:00\",\"description\":\"Kaufen Sie Ihren Scheinwerfer Zierring- und R\u00fccklicht Blende Verkleidungen f\u00fcr Mini Cooper Clubman F54 und alle custom BMW MINI-Zubeh\u00f6r auf Custom-Parts.fr!\",\"breadcrumb\":{\"@id\":\"https:\/\/custom-parts.fr\/de\/produkt\/kit-cerclages-de-phare-contours-de-feux-mini-cooper-clubman-f54\/#breadcrumb\"},\"inLanguage\":\"de\",\"potentialAction\":[{\"@type\":\"ReadAction\",\"target\":[\"https:\/\/custom-parts.fr\/de\/produkt\/kit-cerclages-de-phare-contours-de-feux-mini-cooper-clubman-f54\/\"]}]},{\"@type\":\"ImageObject\",\"inLanguage\":\"de\",\"@id\":\"https:\/\/custom-parts.fr\/de\/produkt\/kit-cerclages-de-phare-contours-de-feux-mini-cooper-clubman-f54\/#primaryimage\",\"url\":\"https:\/\/custom-parts.fr\/wp-content\/uploads\/2023\/02\/Kit-Cerclages-de-phare-Contours-de-feux-Mini-Cooper-Clubman-F54-3-1.jpg\",\"contentUrl\":\"https:\/\/custom-parts.fr\/wp-content\/uploads\/2023\/02\/Kit-Cerclages-de-phare-Contours-de-feux-Mini-Cooper-Clubman-F54-3-1.jpg\",\"width\":445,\"height\":452},{\"@type\":\"BreadcrumbList\",\"@id\":\"https:\/\/custom-parts.fr\/de\/produkt\/kit-cerclages-de-phare-contours-de-feux-mini-cooper-clubman-f54\/#breadcrumb\",\"itemListElement\":[{\"@type\":\"ListItem\",\"position\":1,\"name\":\"Startseite\",\"item\":\"https:\/\/custom-parts.fr\/de\/kaufen-sie-teile-und-zubehoer-fuer-mini-bmw-custom-parts-de\/\"},{\"@type\":\"ListItem\",\"position\":2,\"name\":\"Shop\",\"item\":\"https:\/\/custom-parts.fr\/de\/alle-produkte\/\"},{\"@type\":\"ListItem\",\"position\":3,\"name\":\"Scheinwerfer Zierring- und R\u00fccklicht Blende Verkleidungen f\u00fcr Mini Cooper Clubman F54\"}]},{\"@type\":\"WebSite\",\"@id\":\"https:\/\/custom-parts.fr\/de\/#website\",\"url\":\"https:\/\/custom-parts.fr\/de\/\",\"name\":\"Custom-Parts.fr\",\"description\":\"Custom BMW MINI Ersatzteile & Zubeh\u00f6r\",\"publisher\":{\"@id\":\"https:\/\/custom-parts.fr\/de\/#organization\"},\"potentialAction\":[{\"@type\":\"SearchAction\",\"target\":{\"@type\":\"EntryPoint\",\"urlTemplate\":\"https:\/\/custom-parts.fr\/de\/?s={search_term_string}\"},\"query-input\":{\"@type\":\"PropertyValueSpecification\",\"valueRequired\":true,\"valueName\":\"search_term_string\"}}],\"inLanguage\":\"de\"},{\"@type\":\"Organization\",\"@id\":\"https:\/\/custom-parts.fr\/de\/#organization\",\"name\":\"Custom-Parts\",\"url\":\"https:\/\/custom-parts.fr\/de\/\",\"logo\":{\"@type\":\"ImageObject\",\"inLanguage\":\"de\",\"@id\":\"https:\/\/custom-parts.fr\/de\/#\/schema\/logo\/image\/\",\"url\":\"https:\/\/custom-parts.fr\/wp-content\/uploads\/2023\/01\/cropped-cropped-cropped-final-new-police-2-1-1.png\",\"contentUrl\":\"https:\/\/custom-parts.fr\/wp-content\/uploads\/2023\/01\/cropped-cropped-cropped-final-new-police-2-1-1.png\",\"width\":450,\"height\":125,\"caption\":\"Custom-Parts\"},\"image\":{\"@id\":\"https:\/\/custom-parts.fr\/de\/#\/schema\/logo\/image\/\"}}]}<\/script>\n<!-- \/ Yoast SEO plugin. -->","yoast_head_json":{"title":"Scheinwerfer Zierring- und R\u00fccklicht Blende Verkleidungen f\u00fcr Mini Cooper Clubman F54","description":"Kaufen Sie Ihren Scheinwerfer Zierring- und R\u00fccklicht Blende Verkleidungen f\u00fcr Mini Cooper Clubman F54 und alle custom BMW MINI-Zubeh\u00f6r auf Custom-Parts.fr!","robots":{"index":"index","follow":"follow","max-snippet":"max-snippet:-1","max-image-preview":"max-image-preview:large","max-video-preview":"max-video-preview:-1"},"canonical":"https:\/\/custom-parts.fr\/de\/produkt\/kit-cerclages-de-phare-contours-de-feux-mini-cooper-clubman-f54\/","og_locale":"de_DE","og_type":"article","og_title":"Scheinwerfer Zierring- und R\u00fccklicht Blende Verkleidungen f\u00fcr Mini Cooper Clubman F54","og_description":"Kaufen Sie Ihren Scheinwerfer Zierring- und R\u00fccklicht Blende Verkleidungen f\u00fcr Mini Cooper Clubman F54 und alle custom BMW MINI-Zubeh\u00f6r auf Custom-Parts.fr!","og_url":"https:\/\/custom-parts.fr\/de\/produkt\/kit-cerclages-de-phare-contours-de-feux-mini-cooper-clubman-f54\/","og_site_name":"Custom-Parts.fr","article_modified_time":"2025-06-15T01:06:43+00:00","og_image":[{"width":445,"height":452,"url":"https:\/\/custom-parts.fr\/wp-content\/uploads\/2023\/02\/Kit-Cerclages-de-phare-Contours-de-feux-Mini-Cooper-Clubman-F54-3-1.jpg","type":"image\/jpeg"}],"twitter_card":"summary_large_image","twitter_misc":{"Gesch\u00e4tzte Lesezeit":"1\u00a0Minute"},"schema":{"@context":"https:\/\/schema.org","@graph":[{"@type":"WebPage","@id":"https:\/\/custom-parts.fr\/de\/produkt\/kit-cerclages-de-phare-contours-de-feux-mini-cooper-clubman-f54\/","url":"https:\/\/custom-parts.fr\/de\/produkt\/kit-cerclages-de-phare-contours-de-feux-mini-cooper-clubman-f54\/","name":"Scheinwerfer Zierring- und R\u00fccklicht Blende Verkleidungen f\u00fcr Mini Cooper Clubman F54","isPartOf":{"@id":"https:\/\/custom-parts.fr\/de\/#website"},"primaryImageOfPage":{"@id":"https:\/\/custom-parts.fr\/de\/produkt\/kit-cerclages-de-phare-contours-de-feux-mini-cooper-clubman-f54\/#primaryimage"},"image":{"@id":"https:\/\/custom-parts.fr\/de\/produkt\/kit-cerclages-de-phare-contours-de-feux-mini-cooper-clubman-f54\/#primaryimage"},"thumbnailUrl":"https:\/\/custom-parts.fr\/wp-content\/uploads\/2023\/02\/Kit-Cerclages-de-phare-Contours-de-feux-Mini-Cooper-Clubman-F54-3-1.jpg","datePublished":"2023-05-04T13:31:13+00:00","dateModified":"2025-06-15T01:06:43+00:00","description":"Kaufen Sie Ihren Scheinwerfer Zierring- und R\u00fccklicht Blende Verkleidungen f\u00fcr Mini Cooper Clubman F54 und alle custom BMW MINI-Zubeh\u00f6r auf Custom-Parts.fr!","breadcrumb":{"@id":"https:\/\/custom-parts.fr\/de\/produkt\/kit-cerclages-de-phare-contours-de-feux-mini-cooper-clubman-f54\/#breadcrumb"},"inLanguage":"de","potentialAction":[{"@type":"ReadAction","target":["https:\/\/custom-parts.fr\/de\/produkt\/kit-cerclages-de-phare-contours-de-feux-mini-cooper-clubman-f54\/"]}]},{"@type":"ImageObject","inLanguage":"de","@id":"https:\/\/custom-parts.fr\/de\/produkt\/kit-cerclages-de-phare-contours-de-feux-mini-cooper-clubman-f54\/#primaryimage","url":"https:\/\/custom-parts.fr\/wp-content\/uploads\/2023\/02\/Kit-Cerclages-de-phare-Contours-de-feux-Mini-Cooper-Clubman-F54-3-1.jpg","contentUrl":"https:\/\/custom-parts.fr\/wp-content\/uploads\/2023\/02\/Kit-Cerclages-de-phare-Contours-de-feux-Mini-Cooper-Clubman-F54-3-1.jpg","width":445,"height":452},{"@type":"BreadcrumbList","@id":"https:\/\/custom-parts.fr\/de\/produkt\/kit-cerclages-de-phare-contours-de-feux-mini-cooper-clubman-f54\/#breadcrumb","itemListElement":[{"@type":"ListItem","position":1,"name":"Startseite","item":"https:\/\/custom-parts.fr\/de\/kaufen-sie-teile-und-zubehoer-fuer-mini-bmw-custom-parts-de\/"},{"@type":"ListItem","position":2,"name":"Shop","item":"https:\/\/custom-parts.fr\/de\/alle-produkte\/"},{"@type":"ListItem","position":3,"name":"Scheinwerfer Zierring- und R\u00fccklicht Blende Verkleidungen f\u00fcr Mini Cooper Clubman F54"}]},{"@type":"WebSite","@id":"https:\/\/custom-parts.fr\/de\/#website","url":"https:\/\/custom-parts.fr\/de\/","name":"Custom-Parts.fr","description":"Custom BMW MINI Ersatzteile & Zubeh\u00f6r","publisher":{"@id":"https:\/\/custom-parts.fr\/de\/#organization"},"potentialAction":[{"@type":"SearchAction","target":{"@type":"EntryPoint","urlTemplate":"https:\/\/custom-parts.fr\/de\/?s={search_term_string}"},"query-input":{"@type":"PropertyValueSpecification","valueRequired":true,"valueName":"search_term_string"}}],"inLanguage":"de"},{"@type":"Organization","@id":"https:\/\/custom-parts.fr\/de\/#organization","name":"Custom-Parts","url":"https:\/\/custom-parts.fr\/de\/","logo":{"@type":"ImageObject","inLanguage":"de","@id":"https:\/\/custom-parts.fr\/de\/#\/schema\/logo\/image\/","url":"https:\/\/custom-parts.fr\/wp-content\/uploads\/2023\/01\/cropped-cropped-cropped-final-new-police-2-1-1.png","contentUrl":"https:\/\/custom-parts.fr\/wp-content\/uploads\/2023\/01\/cropped-cropped-cropped-final-new-police-2-1-1.png","width":450,"height":125,"caption":"Custom-Parts"},"image":{"@id":"https:\/\/custom-parts.fr\/de\/#\/schema\/logo\/image\/"}}]}},"_links":{"self":[{"href":"https:\/\/custom-parts.fr\/de\/wp-json\/wp\/v2\/product\/24818","targetHints":{"allow":["GET"]}}],"collection":[{"href":"https:\/\/custom-parts.fr\/de\/wp-json\/wp\/v2\/product"}],"about":[{"href":"https:\/\/custom-parts.fr\/de\/wp-json\/wp\/v2\/types\/product"}],"replies":[{"embeddable":true,"href":"https:\/\/custom-parts.fr\/de\/wp-json\/wp\/v2\/comments?post=24818"}],"wp:featuredmedia":[{"embeddable":true,"href":"https:\/\/custom-parts.fr\/de\/wp-json\/wp\/v2\/media\/24016"}],"wp:attachment":[{"href":"https:\/\/custom-parts.fr\/de\/wp-json\/wp\/v2\/media?parent=24818"}],"wp:term":[{"taxonomy":"product_brand","embeddable":true,"href":"https:\/\/custom-parts.fr\/de\/wp-json\/wp\/v2\/product_brand?post=24818"},{"taxonomy":"product_cat","embeddable":true,"href":"https:\/\/custom-parts.fr\/de\/wp-json\/wp\/v2\/product_cat?post=24818"},{"taxonomy":"product_tag","embeddable":true,"href":"https:\/\/custom-parts.fr\/de\/wp-json\/wp\/v2\/product_tag?post=24818"}],"curies":[{"name":"wp","href":"https:\/\/api.w.org\/{rel}","templated":true}]}}