{"id":24822,"date":"2023-04-17T00:53:07","date_gmt":"2023-04-16T22:53:07","guid":{"rendered":"https:\/\/custom-parts.fr\/produit\/kit-decoration-interieur-style-fibre-de-carbon-mini-cooper-r55-r56-r57-r58-r59\/"},"modified":"2025-06-15T01:35:43","modified_gmt":"2025-06-14T23:35:43","slug":"kit-decoration-interieur-style-fibre-de-carbon-mini-cooper-r55-r56-r57-r58-r59","status":"publish","type":"product","link":"https:\/\/custom-parts.fr\/de\/produkt\/kit-decoration-interieur-style-fibre-de-carbon-mini-cooper-r55-r56-r57-r58-r59\/","title":{"rendered":"Innenraum Dekorationskit Carbon-Look &#8211; f\u00fcr Mini Cooper R55 R56 R57 R58 R59"},"content":{"rendered":"<p><strong>Innenraum-Dekorationskit im Carbon-Stil &#8211; MINI Cooper R55 R56 R57 R58 R59<\/strong><\/p>\n<p>Beleben Sie den Innenraum Ihres MINI Cooper R55 R56 R57 R58 R59 mit diesem ma\u00dfgeschneiderten Carbon-Look-Kit. Pr\u00e4zise nach den Abmessungen der Elemente Ihres MINI geformt, passen die Verkleidungen perfekt auf die originalen Ersatzteile und behalten dabei das urspr\u00fcngliche Aussehen. F\u00fcr die Installation ist kein Ausbau erforderlich. Sie m\u00fcssen die Verkleidungen lediglich direkt auf Ihre originalen Ersatzteile aufbringen, dank der vorinstallierten 3M Klebeb\u00e4nder. Dieses h\u00e4ufig in der Automobilindustrie verwendete doppelseitige Klebeband gew\u00e4hrleistet einen festen Halt und eine extreme Langlebigkeit.<\/p>\n<p>&nbsp;<\/p>\n<p><strong>Die Verkleidungen sind mit einer transparenten Schutzfolie versehen, die nach der Montage entfernt werden kann.<\/strong><\/p>\n<p>&nbsp;<\/p>\n<h2>Eigenschaften:<\/h2>\n<ul>\n<li>Material: ABS-Kunststoff, Carbon-Stil<\/li>\n<li>Einfach zu montieren und zu demontieren dank der vorinstallierten doppelseitigen Klebeb\u00e4nder.<\/li>\n<li>Bei kaltem Wetter verwenden Sie einen Haartrockner, um den Kleber zu erw\u00e4rmen und die Haftung zu erleichtern.<\/li>\n<\/ul>\n<p>&nbsp;<\/p>\n<h3>Verf\u00fcgbare Teile und Kompatibilit\u00e4t:<\/h3>\n<ul>\n<li>1 x Verkleidung Drehzahlmesser &#8211; R55 R56 R57 R58 R59 R60 R61<\/li>\n<li>1 x Verkleidung Geschwindigkeitsmesser &#8211; R55 R56 R57 R58 R59<\/li>\n<li>2 x Innenverkleidungen f\u00fcr zentrale Luftausl\u00e4sse &#8211; R55 R56 R57 R58 R59<\/li>\n<li>2 x Au\u00dfenverkleidungen f\u00fcr zentrale Luftausl\u00e4sse &#8211; R55 R56 R57 R58 R59 (die Innen- und Au\u00dfenverkleidungen k\u00f6nnen kombiniert werden)<\/li>\n<li>2 x Innenverkleidungen f\u00fcr seitliche Luftausl\u00e4sse &#8211; R55 R56 R57 R58 R59<\/li>\n<li>2 x Au\u00dfenverkleidungen f\u00fcr seitliche Luftausl\u00e4sse &#8211; R55 R56 R57 R58 R59 (die Innen- und Au\u00dfenverkleidungen k\u00f6nnen kombiniert werden)<\/li>\n<li>2 x Verkleidungen f\u00fcr Scheibenabluft &#8211; R55 R56 R57 R58 R59<\/li>\n<li>1 x Verkleidung Schl\u00fcsselsystem &#8211; R55 R56 R57 R58 R59 R60 R61<\/li>\n<li>1 x Schaltknauf-Ringe &#8211; R55 R56 R57 R58 R59<\/li>\n<li>2 x Verkleidungen f\u00fcr T\u00fcrgriffe &#8211; R55 R56 R57 R58 R59<\/li>\n<li>2 x Verkleidungen f\u00fcr untere Lautsprecher (T\u00fcrunterseite) &#8211; R55 R56 R57 R58 R59<\/li>\n<li>2 x Verkleidungen f\u00fcr obere Lautsprecher (T\u00fcroberseite) &#8211; R55 R56 R57 R58 R59<\/li>\n<li>2 x Verkleidungen f\u00fcr Becherhalter &#8211; R55 R56 R57 R58 R59<\/li>\n<li>1 x Verkleidung Handschuhfachknopf &#8211; R55 R56 R57 R58 R59<\/li>\n<\/ul>\n<p>&nbsp;<\/p>\n<p><img decoding=\"async\" class=\"alignnone wp-image-22280 size-full lazyload\" data-src=\"https:\/\/custom-parts.fr\/wp-content\/uploads\/2023\/04\/Kit-decoration-interieur-Style-Fibre-de-carbon-MINI-Cooper-R55-R56-R57-R58-R59-1-1.jpg\" alt=\"\" width=\"500\" height=\"500\" data-srcset=\"https:\/\/custom-parts.fr\/wp-content\/uploads\/2023\/04\/Kit-decoration-interieur-Style-Fibre-de-carbon-MINI-Cooper-R55-R56-R57-R58-R59-1-1.jpg 500w, https:\/\/custom-parts.fr\/wp-content\/uploads\/2023\/04\/Kit-decoration-interieur-Style-Fibre-de-carbon-MINI-Cooper-R55-R56-R57-R58-R59-1-1-300x300.jpg 300w, https:\/\/custom-parts.fr\/wp-content\/uploads\/2023\/04\/Kit-decoration-interieur-Style-Fibre-de-carbon-MINI-Cooper-R55-R56-R57-R58-R59-1-1-150x150.jpg 150w, https:\/\/custom-parts.fr\/wp-content\/uploads\/2023\/04\/Kit-decoration-interieur-Style-Fibre-de-carbon-MINI-Cooper-R55-R56-R57-R58-R59-1-1-100x100.jpg 100w, https:\/\/custom-parts.fr\/wp-content\/uploads\/2023\/04\/Kit-decoration-interieur-Style-Fibre-de-carbon-MINI-Cooper-R55-R56-R57-R58-R59-1-1-48x48.jpg 48w\" data-sizes=\"(max-width: 500px) 100vw, 500px\" src=\"data:image\/svg+xml;base64,PHN2ZyB3aWR0aD0iMSIgaGVpZ2h0PSIxIiB4bWxucz0iaHR0cDovL3d3dy53My5vcmcvMjAwMC9zdmciPjwvc3ZnPg==\" style=\"--smush-placeholder-width: 500px; --smush-placeholder-aspect-ratio: 500\/500;\" \/><\/p>\n<p><img decoding=\"async\" class=\"alignnone wp-image-22278 size-full lazyload\" data-src=\"https:\/\/custom-parts.fr\/wp-content\/uploads\/2023\/04\/Kit-decoration-interieur-Style-Fibre-de-carbon-MINI-Cooper-R55-R56-R57-R58-R59-14-1.jpg\" alt=\"\" width=\"500\" height=\"500\" data-srcset=\"https:\/\/custom-parts.fr\/wp-content\/uploads\/2023\/04\/Kit-decoration-interieur-Style-Fibre-de-carbon-MINI-Cooper-R55-R56-R57-R58-R59-14-1.jpg 500w, https:\/\/custom-parts.fr\/wp-content\/uploads\/2023\/04\/Kit-decoration-interieur-Style-Fibre-de-carbon-MINI-Cooper-R55-R56-R57-R58-R59-14-1-300x300.jpg 300w, https:\/\/custom-parts.fr\/wp-content\/uploads\/2023\/04\/Kit-decoration-interieur-Style-Fibre-de-carbon-MINI-Cooper-R55-R56-R57-R58-R59-14-1-150x150.jpg 150w, https:\/\/custom-parts.fr\/wp-content\/uploads\/2023\/04\/Kit-decoration-interieur-Style-Fibre-de-carbon-MINI-Cooper-R55-R56-R57-R58-R59-14-1-100x100.jpg 100w, https:\/\/custom-parts.fr\/wp-content\/uploads\/2023\/04\/Kit-decoration-interieur-Style-Fibre-de-carbon-MINI-Cooper-R55-R56-R57-R58-R59-14-1-48x48.jpg 48w\" data-sizes=\"(max-width: 500px) 100vw, 500px\" src=\"data:image\/svg+xml;base64,PHN2ZyB3aWR0aD0iMSIgaGVpZ2h0PSIxIiB4bWxucz0iaHR0cDovL3d3dy53My5vcmcvMjAwMC9zdmciPjwvc3ZnPg==\" style=\"--smush-placeholder-width: 500px; --smush-placeholder-aspect-ratio: 500\/500;\" \/><\/p>\n<p><img decoding=\"async\" class=\"alignnone wp-image-22276 size-full lazyload\" data-src=\"https:\/\/custom-parts.fr\/wp-content\/uploads\/2023\/04\/Kit-decoration-interieur-Style-Fibre-de-carbon-MINI-Cooper-R55-R56-R57-R58-R59-12-1.jpg\" alt=\"\" width=\"500\" height=\"500\" data-srcset=\"https:\/\/custom-parts.fr\/wp-content\/uploads\/2023\/04\/Kit-decoration-interieur-Style-Fibre-de-carbon-MINI-Cooper-R55-R56-R57-R58-R59-12-1.jpg 500w, https:\/\/custom-parts.fr\/wp-content\/uploads\/2023\/04\/Kit-decoration-interieur-Style-Fibre-de-carbon-MINI-Cooper-R55-R56-R57-R58-R59-12-1-300x300.jpg 300w, https:\/\/custom-parts.fr\/wp-content\/uploads\/2023\/04\/Kit-decoration-interieur-Style-Fibre-de-carbon-MINI-Cooper-R55-R56-R57-R58-R59-12-1-150x150.jpg 150w, https:\/\/custom-parts.fr\/wp-content\/uploads\/2023\/04\/Kit-decoration-interieur-Style-Fibre-de-carbon-MINI-Cooper-R55-R56-R57-R58-R59-12-1-100x100.jpg 100w, https:\/\/custom-parts.fr\/wp-content\/uploads\/2023\/04\/Kit-decoration-interieur-Style-Fibre-de-carbon-MINI-Cooper-R55-R56-R57-R58-R59-12-1-48x48.jpg 48w\" data-sizes=\"(max-width: 500px) 100vw, 500px\" src=\"data:image\/svg+xml;base64,PHN2ZyB3aWR0aD0iMSIgaGVpZ2h0PSIxIiB4bWxucz0iaHR0cDovL3d3dy53My5vcmcvMjAwMC9zdmciPjwvc3ZnPg==\" style=\"--smush-placeholder-width: 500px; --smush-placeholder-aspect-ratio: 500\/500;\" \/><\/p>\n<p><img decoding=\"async\" class=\"alignnone wp-image-22267 size-full lazyload\" data-src=\"https:\/\/custom-parts.fr\/wp-content\/uploads\/2023\/04\/Kit-decoration-interieur-Style-Fibre-de-carbon-MINI-Cooper-R55-R56-R57-R58-R59-17.jpg\" alt=\"\" width=\"500\" height=\"500\" data-srcset=\"https:\/\/custom-parts.fr\/wp-content\/uploads\/2023\/04\/Kit-decoration-interieur-Style-Fibre-de-carbon-MINI-Cooper-R55-R56-R57-R58-R59-17.jpg 500w, https:\/\/custom-parts.fr\/wp-content\/uploads\/2023\/04\/Kit-decoration-interieur-Style-Fibre-de-carbon-MINI-Cooper-R55-R56-R57-R58-R59-17-300x300.jpg 300w, https:\/\/custom-parts.fr\/wp-content\/uploads\/2023\/04\/Kit-decoration-interieur-Style-Fibre-de-carbon-MINI-Cooper-R55-R56-R57-R58-R59-17-150x150.jpg 150w, https:\/\/custom-parts.fr\/wp-content\/uploads\/2023\/04\/Kit-decoration-interieur-Style-Fibre-de-carbon-MINI-Cooper-R55-R56-R57-R58-R59-17-100x100.jpg 100w, https:\/\/custom-parts.fr\/wp-content\/uploads\/2023\/04\/Kit-decoration-interieur-Style-Fibre-de-carbon-MINI-Cooper-R55-R56-R57-R58-R59-17-48x48.jpg 48w\" data-sizes=\"(max-width: 500px) 100vw, 500px\" src=\"data:image\/svg+xml;base64,PHN2ZyB3aWR0aD0iMSIgaGVpZ2h0PSIxIiB4bWxucz0iaHR0cDovL3d3dy53My5vcmcvMjAwMC9zdmciPjwvc3ZnPg==\" style=\"--smush-placeholder-width: 500px; --smush-placeholder-aspect-ratio: 500\/500;\" \/><\/p>\n<p>&nbsp;<\/p>\n","protected":false},"excerpt":{"rendered":"<p><span style=\"color: #39991a; font-weight: 900;\">\u2713<\/span> Gestalten Sie Ihren Mini ganz nach Ihrem Geschmack!<br \/>\n<span style=\"color: #39991a; font-weight: 900;\">\u2713<\/span> Einfach zu installieren und auszutauschen<br \/>\n<span style=\"color: #39991a; font-weight: 900;\">\u2713<\/span> Perfekte Passform f\u00fcr Ihr Originalteil<\/p>\n","protected":false},"featured_media":24351,"comment_status":"open","ping_status":"closed","template":"","meta":[],"product_brand":[],"product_cat":[191,196,193],"product_tag":[],"class_list":{"0":"post-24822","1":"product","2":"type-product","3":"status-publish","4":"has-post-thumbnail","6":"product_cat-mini-cooper-ersatzteile-zubehoer","7":"product_cat-interieur-zubehor-fur-mini-2-gen","8":"product_cat-zubehoer-mini-cooper-2-gen","10":"first","11":"instock","12":"taxable","13":"shipping-taxable","14":"purchasable","15":"product-type-variable"},"yoast_head":"<!-- This site is optimized with the Yoast SEO plugin v27.2 - https:\/\/yoast.com\/product\/yoast-seo-wordpress\/ -->\n<title>Innenraum Dekorationskit Carbon-Look - f\u00fcr Mini Cooper R55 R56 R57 R58 R59<\/title>\n<meta name=\"description\" content=\"Kaufen Sie Ihren Innenraum Dekorationskit Carbon-Look - f\u00fcr Mini Cooper R55 R56 R57 R58 R59 und alle custom BMW MINI-Zubeh\u00f6r auf Custom-Parts.fr!\" \/>\n<meta name=\"robots\" content=\"index, follow, max-snippet:-1, max-image-preview:large, max-video-preview:-1\" \/>\n<link rel=\"canonical\" href=\"https:\/\/custom-parts.fr\/de\/produkt\/kit-decoration-interieur-style-fibre-de-carbon-mini-cooper-r55-r56-r57-r58-r59\/\" \/>\n<meta property=\"og:locale\" content=\"de_DE\" \/>\n<meta property=\"og:type\" content=\"article\" \/>\n<meta property=\"og:title\" content=\"Innenraum Dekorationskit Carbon-Look - f\u00fcr Mini Cooper R55 R56 R57 R58 R59\" \/>\n<meta property=\"og:description\" content=\"Kaufen Sie Ihren Innenraum Dekorationskit Carbon-Look - f\u00fcr Mini Cooper R55 R56 R57 R58 R59 und alle custom BMW MINI-Zubeh\u00f6r auf Custom-Parts.fr!\" \/>\n<meta property=\"og:url\" content=\"https:\/\/custom-parts.fr\/de\/produkt\/kit-decoration-interieur-style-fibre-de-carbon-mini-cooper-r55-r56-r57-r58-r59\/\" \/>\n<meta property=\"og:site_name\" content=\"Custom-Parts.fr\" \/>\n<meta property=\"article:modified_time\" content=\"2025-06-14T23:35:43+00:00\" \/>\n<meta property=\"og:image\" content=\"https:\/\/custom-parts.fr\/wp-content\/uploads\/2023\/04\/Decoration-interieure-tableau-bord-levier-vitesse-mini-cooper-r55-r56-r57-r58-r59-r60-r61.jpg\" \/>\n\t<meta property=\"og:image:width\" content=\"500\" \/>\n\t<meta property=\"og:image:height\" content=\"500\" \/>\n\t<meta property=\"og:image:type\" content=\"image\/jpeg\" \/>\n<meta name=\"twitter:card\" content=\"summary_large_image\" \/>\n<meta name=\"twitter:label1\" content=\"Gesch\u00e4tzte Lesezeit\" \/>\n\t<meta name=\"twitter:data1\" content=\"3\u00a0Minute\" \/>\n<script type=\"application\/ld+json\" class=\"yoast-schema-graph\">{\"@context\":\"https:\/\/schema.org\",\"@graph\":[{\"@type\":\"WebPage\",\"@id\":\"https:\/\/custom-parts.fr\/de\/produkt\/kit-decoration-interieur-style-fibre-de-carbon-mini-cooper-r55-r56-r57-r58-r59\/\",\"url\":\"https:\/\/custom-parts.fr\/de\/produkt\/kit-decoration-interieur-style-fibre-de-carbon-mini-cooper-r55-r56-r57-r58-r59\/\",\"name\":\"Innenraum Dekorationskit Carbon-Look - f\u00fcr Mini Cooper R55 R56 R57 R58 R59\",\"isPartOf\":{\"@id\":\"https:\/\/custom-parts.fr\/de\/#website\"},\"primaryImageOfPage\":{\"@id\":\"https:\/\/custom-parts.fr\/de\/produkt\/kit-decoration-interieur-style-fibre-de-carbon-mini-cooper-r55-r56-r57-r58-r59\/#primaryimage\"},\"image\":{\"@id\":\"https:\/\/custom-parts.fr\/de\/produkt\/kit-decoration-interieur-style-fibre-de-carbon-mini-cooper-r55-r56-r57-r58-r59\/#primaryimage\"},\"thumbnailUrl\":\"https:\/\/custom-parts.fr\/wp-content\/uploads\/2023\/04\/Decoration-interieure-tableau-bord-levier-vitesse-mini-cooper-r55-r56-r57-r58-r59-r60-r61.jpg\",\"datePublished\":\"2023-04-16T22:53:07+00:00\",\"dateModified\":\"2025-06-14T23:35:43+00:00\",\"description\":\"Kaufen Sie Ihren Innenraum Dekorationskit Carbon-Look - f\u00fcr Mini Cooper R55 R56 R57 R58 R59 und alle custom BMW MINI-Zubeh\u00f6r auf Custom-Parts.fr!\",\"breadcrumb\":{\"@id\":\"https:\/\/custom-parts.fr\/de\/produkt\/kit-decoration-interieur-style-fibre-de-carbon-mini-cooper-r55-r56-r57-r58-r59\/#breadcrumb\"},\"inLanguage\":\"de\",\"potentialAction\":[{\"@type\":\"ReadAction\",\"target\":[\"https:\/\/custom-parts.fr\/de\/produkt\/kit-decoration-interieur-style-fibre-de-carbon-mini-cooper-r55-r56-r57-r58-r59\/\"]}]},{\"@type\":\"ImageObject\",\"inLanguage\":\"de\",\"@id\":\"https:\/\/custom-parts.fr\/de\/produkt\/kit-decoration-interieur-style-fibre-de-carbon-mini-cooper-r55-r56-r57-r58-r59\/#primaryimage\",\"url\":\"https:\/\/custom-parts.fr\/wp-content\/uploads\/2023\/04\/Decoration-interieure-tableau-bord-levier-vitesse-mini-cooper-r55-r56-r57-r58-r59-r60-r61.jpg\",\"contentUrl\":\"https:\/\/custom-parts.fr\/wp-content\/uploads\/2023\/04\/Decoration-interieure-tableau-bord-levier-vitesse-mini-cooper-r55-r56-r57-r58-r59-r60-r61.jpg\",\"width\":500,\"height\":500},{\"@type\":\"BreadcrumbList\",\"@id\":\"https:\/\/custom-parts.fr\/de\/produkt\/kit-decoration-interieur-style-fibre-de-carbon-mini-cooper-r55-r56-r57-r58-r59\/#breadcrumb\",\"itemListElement\":[{\"@type\":\"ListItem\",\"position\":1,\"name\":\"Startseite\",\"item\":\"https:\/\/custom-parts.fr\/de\/kaufen-sie-teile-und-zubehoer-fuer-mini-bmw-custom-parts-de\/\"},{\"@type\":\"ListItem\",\"position\":2,\"name\":\"Shop\",\"item\":\"https:\/\/custom-parts.fr\/de\/alle-produkte\/\"},{\"@type\":\"ListItem\",\"position\":3,\"name\":\"Innenraum Dekorationskit Carbon-Look &#8211; f\u00fcr Mini Cooper R55 R56 R57 R58 R59\"}]},{\"@type\":\"WebSite\",\"@id\":\"https:\/\/custom-parts.fr\/de\/#website\",\"url\":\"https:\/\/custom-parts.fr\/de\/\",\"name\":\"Custom-Parts.fr\",\"description\":\"Custom BMW MINI Ersatzteile & Zubeh\u00f6r\",\"publisher\":{\"@id\":\"https:\/\/custom-parts.fr\/de\/#organization\"},\"potentialAction\":[{\"@type\":\"SearchAction\",\"target\":{\"@type\":\"EntryPoint\",\"urlTemplate\":\"https:\/\/custom-parts.fr\/de\/?s={search_term_string}\"},\"query-input\":{\"@type\":\"PropertyValueSpecification\",\"valueRequired\":true,\"valueName\":\"search_term_string\"}}],\"inLanguage\":\"de\"},{\"@type\":\"Organization\",\"@id\":\"https:\/\/custom-parts.fr\/de\/#organization\",\"name\":\"Custom-Parts\",\"url\":\"https:\/\/custom-parts.fr\/de\/\",\"logo\":{\"@type\":\"ImageObject\",\"inLanguage\":\"de\",\"@id\":\"https:\/\/custom-parts.fr\/de\/#\/schema\/logo\/image\/\",\"url\":\"https:\/\/custom-parts.fr\/wp-content\/uploads\/2023\/01\/cropped-cropped-cropped-final-new-police-2-1-1.png\",\"contentUrl\":\"https:\/\/custom-parts.fr\/wp-content\/uploads\/2023\/01\/cropped-cropped-cropped-final-new-police-2-1-1.png\",\"width\":450,\"height\":125,\"caption\":\"Custom-Parts\"},\"image\":{\"@id\":\"https:\/\/custom-parts.fr\/de\/#\/schema\/logo\/image\/\"}}]}<\/script>\n<!-- \/ Yoast SEO plugin. -->","yoast_head_json":{"title":"Innenraum Dekorationskit Carbon-Look - f\u00fcr Mini Cooper R55 R56 R57 R58 R59","description":"Kaufen Sie Ihren Innenraum Dekorationskit Carbon-Look - f\u00fcr Mini Cooper R55 R56 R57 R58 R59 und alle custom BMW MINI-Zubeh\u00f6r auf Custom-Parts.fr!","robots":{"index":"index","follow":"follow","max-snippet":"max-snippet:-1","max-image-preview":"max-image-preview:large","max-video-preview":"max-video-preview:-1"},"canonical":"https:\/\/custom-parts.fr\/de\/produkt\/kit-decoration-interieur-style-fibre-de-carbon-mini-cooper-r55-r56-r57-r58-r59\/","og_locale":"de_DE","og_type":"article","og_title":"Innenraum Dekorationskit Carbon-Look - f\u00fcr Mini Cooper R55 R56 R57 R58 R59","og_description":"Kaufen Sie Ihren Innenraum Dekorationskit Carbon-Look - f\u00fcr Mini Cooper R55 R56 R57 R58 R59 und alle custom BMW MINI-Zubeh\u00f6r auf Custom-Parts.fr!","og_url":"https:\/\/custom-parts.fr\/de\/produkt\/kit-decoration-interieur-style-fibre-de-carbon-mini-cooper-r55-r56-r57-r58-r59\/","og_site_name":"Custom-Parts.fr","article_modified_time":"2025-06-14T23:35:43+00:00","og_image":[{"width":500,"height":500,"url":"https:\/\/custom-parts.fr\/wp-content\/uploads\/2023\/04\/Decoration-interieure-tableau-bord-levier-vitesse-mini-cooper-r55-r56-r57-r58-r59-r60-r61.jpg","type":"image\/jpeg"}],"twitter_card":"summary_large_image","twitter_misc":{"Gesch\u00e4tzte Lesezeit":"3\u00a0Minute"},"schema":{"@context":"https:\/\/schema.org","@graph":[{"@type":"WebPage","@id":"https:\/\/custom-parts.fr\/de\/produkt\/kit-decoration-interieur-style-fibre-de-carbon-mini-cooper-r55-r56-r57-r58-r59\/","url":"https:\/\/custom-parts.fr\/de\/produkt\/kit-decoration-interieur-style-fibre-de-carbon-mini-cooper-r55-r56-r57-r58-r59\/","name":"Innenraum Dekorationskit Carbon-Look - f\u00fcr Mini Cooper R55 R56 R57 R58 R59","isPartOf":{"@id":"https:\/\/custom-parts.fr\/de\/#website"},"primaryImageOfPage":{"@id":"https:\/\/custom-parts.fr\/de\/produkt\/kit-decoration-interieur-style-fibre-de-carbon-mini-cooper-r55-r56-r57-r58-r59\/#primaryimage"},"image":{"@id":"https:\/\/custom-parts.fr\/de\/produkt\/kit-decoration-interieur-style-fibre-de-carbon-mini-cooper-r55-r56-r57-r58-r59\/#primaryimage"},"thumbnailUrl":"https:\/\/custom-parts.fr\/wp-content\/uploads\/2023\/04\/Decoration-interieure-tableau-bord-levier-vitesse-mini-cooper-r55-r56-r57-r58-r59-r60-r61.jpg","datePublished":"2023-04-16T22:53:07+00:00","dateModified":"2025-06-14T23:35:43+00:00","description":"Kaufen Sie Ihren Innenraum Dekorationskit Carbon-Look - f\u00fcr Mini Cooper R55 R56 R57 R58 R59 und alle custom BMW MINI-Zubeh\u00f6r auf Custom-Parts.fr!","breadcrumb":{"@id":"https:\/\/custom-parts.fr\/de\/produkt\/kit-decoration-interieur-style-fibre-de-carbon-mini-cooper-r55-r56-r57-r58-r59\/#breadcrumb"},"inLanguage":"de","potentialAction":[{"@type":"ReadAction","target":["https:\/\/custom-parts.fr\/de\/produkt\/kit-decoration-interieur-style-fibre-de-carbon-mini-cooper-r55-r56-r57-r58-r59\/"]}]},{"@type":"ImageObject","inLanguage":"de","@id":"https:\/\/custom-parts.fr\/de\/produkt\/kit-decoration-interieur-style-fibre-de-carbon-mini-cooper-r55-r56-r57-r58-r59\/#primaryimage","url":"https:\/\/custom-parts.fr\/wp-content\/uploads\/2023\/04\/Decoration-interieure-tableau-bord-levier-vitesse-mini-cooper-r55-r56-r57-r58-r59-r60-r61.jpg","contentUrl":"https:\/\/custom-parts.fr\/wp-content\/uploads\/2023\/04\/Decoration-interieure-tableau-bord-levier-vitesse-mini-cooper-r55-r56-r57-r58-r59-r60-r61.jpg","width":500,"height":500},{"@type":"BreadcrumbList","@id":"https:\/\/custom-parts.fr\/de\/produkt\/kit-decoration-interieur-style-fibre-de-carbon-mini-cooper-r55-r56-r57-r58-r59\/#breadcrumb","itemListElement":[{"@type":"ListItem","position":1,"name":"Startseite","item":"https:\/\/custom-parts.fr\/de\/kaufen-sie-teile-und-zubehoer-fuer-mini-bmw-custom-parts-de\/"},{"@type":"ListItem","position":2,"name":"Shop","item":"https:\/\/custom-parts.fr\/de\/alle-produkte\/"},{"@type":"ListItem","position":3,"name":"Innenraum Dekorationskit Carbon-Look &#8211; f\u00fcr Mini Cooper R55 R56 R57 R58 R59"}]},{"@type":"WebSite","@id":"https:\/\/custom-parts.fr\/de\/#website","url":"https:\/\/custom-parts.fr\/de\/","name":"Custom-Parts.fr","description":"Custom BMW MINI Ersatzteile & Zubeh\u00f6r","publisher":{"@id":"https:\/\/custom-parts.fr\/de\/#organization"},"potentialAction":[{"@type":"SearchAction","target":{"@type":"EntryPoint","urlTemplate":"https:\/\/custom-parts.fr\/de\/?s={search_term_string}"},"query-input":{"@type":"PropertyValueSpecification","valueRequired":true,"valueName":"search_term_string"}}],"inLanguage":"de"},{"@type":"Organization","@id":"https:\/\/custom-parts.fr\/de\/#organization","name":"Custom-Parts","url":"https:\/\/custom-parts.fr\/de\/","logo":{"@type":"ImageObject","inLanguage":"de","@id":"https:\/\/custom-parts.fr\/de\/#\/schema\/logo\/image\/","url":"https:\/\/custom-parts.fr\/wp-content\/uploads\/2023\/01\/cropped-cropped-cropped-final-new-police-2-1-1.png","contentUrl":"https:\/\/custom-parts.fr\/wp-content\/uploads\/2023\/01\/cropped-cropped-cropped-final-new-police-2-1-1.png","width":450,"height":125,"caption":"Custom-Parts"},"image":{"@id":"https:\/\/custom-parts.fr\/de\/#\/schema\/logo\/image\/"}}]}},"_links":{"self":[{"href":"https:\/\/custom-parts.fr\/de\/wp-json\/wp\/v2\/product\/24822","targetHints":{"allow":["GET"]}}],"collection":[{"href":"https:\/\/custom-parts.fr\/de\/wp-json\/wp\/v2\/product"}],"about":[{"href":"https:\/\/custom-parts.fr\/de\/wp-json\/wp\/v2\/types\/product"}],"replies":[{"embeddable":true,"href":"https:\/\/custom-parts.fr\/de\/wp-json\/wp\/v2\/comments?post=24822"}],"wp:featuredmedia":[{"embeddable":true,"href":"https:\/\/custom-parts.fr\/de\/wp-json\/wp\/v2\/media\/24351"}],"wp:attachment":[{"href":"https:\/\/custom-parts.fr\/de\/wp-json\/wp\/v2\/media?parent=24822"}],"wp:term":[{"taxonomy":"product_brand","embeddable":true,"href":"https:\/\/custom-parts.fr\/de\/wp-json\/wp\/v2\/product_brand?post=24822"},{"taxonomy":"product_cat","embeddable":true,"href":"https:\/\/custom-parts.fr\/de\/wp-json\/wp\/v2\/product_cat?post=24822"},{"taxonomy":"product_tag","embeddable":true,"href":"https:\/\/custom-parts.fr\/de\/wp-json\/wp\/v2\/product_tag?post=24822"}],"curies":[{"name":"wp","href":"https:\/\/api.w.org\/{rel}","templated":true}]}}