{"id":24850,"date":"2023-04-12T22:29:42","date_gmt":"2023-04-12T20:29:42","guid":{"rendered":"https:\/\/custom-parts.fr\/produit\/grilles-de-calandre-noires-brillantes-doubles-lames-bmw-e53-x5-pre-lci-1999-a-2003\/"},"modified":"2025-06-15T01:34:47","modified_gmt":"2025-06-14T23:34:47","slug":"grilles-de-calandre-noires-brillantes-doubles-lames-bmw-e53-x5-pre-lci-1999-a-2003","status":"publish","type":"product","link":"https:\/\/custom-parts.fr\/de\/produkt\/grilles-de-calandre-noires-brillantes-doubles-lames-bmw-e53-x5-pre-lci-1999-a-2003\/","title":{"rendered":"Schwarze, gl\u00e4nzende Doppelsteg-Nierengrill f\u00fcr BMW E53 X5 Pre-LCI 1999 bis 2003"},"content":{"rendered":"<p><strong>Sportgrills in Piano Black f\u00fcr BMW E53 X5 Pre-LCI von 1999 bis 2003<\/strong><\/p>\n<p>&nbsp;<\/p>\n<p>Direkter Ersatz f\u00fcr BMW X5 E53 Pre-LCI von 1999, 2000, 2001, 2002 und 2003. Die Grills werden anstelle der Originalteile ohne Modifikationen montiert.<\/p>\n<p>&nbsp;<\/p>\n<h2>Eigenschaften:<\/h2>\n<ul>\n<li>Enth\u00e4lt: 2 x BMW X5 K\u00fchlergrills<\/li>\n<li>Farbe: Hochglanz Schwarz und M-Style<\/li>\n<li>Material: Hochwertiger ABS-Kunststoff<\/li>\n<\/ul>\n<p>&nbsp;<\/p>\n<h2>Geeignet f\u00fcr:<\/h2>\n<ul>\n<li>BMW X5 E53 Pre-LCI (1999, 2000, 2001, 2002 und 2003)<\/li>\n<\/ul>\n<p>&nbsp;<\/p>\n<h2>Vollst\u00e4ndige Liste der kompatiblen Fahrzeuge:<\/h2>\n<table class=\"responsive-table\">\n<tbody>\n<tr>\n<td width=\"85\"><strong>Modell<\/strong><\/td>\n<td width=\"90\"><strong>Typ<\/strong><\/td>\n<td width=\"150\"><strong>Baujahr<\/strong><\/td>\n<\/tr>\n<tr>\n<td>X5 E53<\/td>\n<td>X5 3.0d M57<\/td>\n<td>1999, 2000, 2001, 2002, 30.09.2003<\/td>\n<\/tr>\n<tr>\n<td>X5 E53<\/td>\n<td>X5 3.0i<\/td>\n<td>1999, 2000, 2001, 2002, 30.09.2003<\/td>\n<\/tr>\n<tr>\n<td>X5 E53<\/td>\n<td>X5 4.4i M62<\/td>\n<td>1999, 2000, 2001, 2002, 30.09.2003<\/td>\n<\/tr>\n<tr>\n<td>X5 E53<\/td>\n<td>X5 4.4i M62<\/td>\n<td>1999, 2000, 2001, 2002, 30.09.2003<\/td>\n<\/tr>\n<tr>\n<td>X5 E53<\/td>\n<td>X5 4.6is<\/td>\n<td>1999, 2000, 2001, 2002, 30.09.2003<\/td>\n<\/tr>\n<\/tbody>\n<\/table>\n","protected":false},"excerpt":{"rendered":"<p><span style=\"color: #39991a; font-weight: 900;\">\u2713<\/span> 100% kompatibel mit Ihrem BMW<br \/>\n<span style=\"color: #39991a; font-weight: 900;\">\u2713<\/span> Einfache Montage<br \/>\n<span style=\"color: #39991a; font-weight: 900;\">\u2713<\/span> Gro\u00dfe Auswahl an Custom-Teilen und Zubeh\u00f6r<\/p>\n","protected":false},"featured_media":24304,"comment_status":"open","ping_status":"closed","template":"","meta":[],"product_brand":[],"product_cat":[186,190],"product_tag":[],"class_list":{"0":"post-24850","1":"product","2":"type-product","3":"status-publish","4":"has-post-thumbnail","6":"product_cat-bmw-teile-zubehor","7":"product_cat-bmw-x5-ersatzteile-zubehor","9":"first","10":"instock","11":"taxable","12":"shipping-taxable","13":"purchasable","14":"product-type-variable"},"yoast_head":"<!-- This site is optimized with the Yoast SEO plugin v27.2 - https:\/\/yoast.com\/product\/yoast-seo-wordpress\/ -->\n<title>Schwarze, gl\u00e4nzende Doppelsteg-Nierengrill f\u00fcr BMW E53 X5 Pre-LCI 1999 bis 2003<\/title>\n<meta name=\"description\" content=\"Achetez vos Schwarze, gl\u00e4nzende Doppelsteg-Nierengrill f\u00fcr BMW E53 X5 Pre-LCI 1999 bis 2003 et tous vos accessoires BMW MINI sur Custom-Parts.fr !\" \/>\n<meta name=\"robots\" content=\"index, follow, max-snippet:-1, max-image-preview:large, max-video-preview:-1\" \/>\n<link rel=\"canonical\" href=\"https:\/\/custom-parts.fr\/de\/produkt\/grilles-de-calandre-noires-brillantes-doubles-lames-bmw-e53-x5-pre-lci-1999-a-2003\/\" \/>\n<meta property=\"og:locale\" content=\"de_DE\" \/>\n<meta property=\"og:type\" content=\"article\" \/>\n<meta property=\"og:title\" content=\"Schwarze, gl\u00e4nzende Doppelsteg-Nierengrill f\u00fcr BMW E53 X5 Pre-LCI 1999 bis 2003\" \/>\n<meta property=\"og:description\" content=\"Achetez vos Schwarze, gl\u00e4nzende Doppelsteg-Nierengrill f\u00fcr BMW E53 X5 Pre-LCI 1999 bis 2003 et tous vos accessoires BMW MINI sur Custom-Parts.fr !\" \/>\n<meta property=\"og:url\" content=\"https:\/\/custom-parts.fr\/de\/produkt\/grilles-de-calandre-noires-brillantes-doubles-lames-bmw-e53-x5-pre-lci-1999-a-2003\/\" \/>\n<meta property=\"og:site_name\" content=\"Custom-Parts.fr\" \/>\n<meta property=\"article:modified_time\" content=\"2025-06-14T23:34:47+00:00\" \/>\n<meta property=\"og:image\" content=\"https:\/\/custom-parts.fr\/wp-content\/uploads\/2023\/04\/Grilles-de-calandre-Noires-brillantes-doubles-lames-BMW-E53-X5-Pre-LCI-1999-a-2003-2.jpg\" \/>\n\t<meta property=\"og:image:width\" content=\"500\" \/>\n\t<meta property=\"og:image:height\" content=\"500\" \/>\n\t<meta property=\"og:image:type\" content=\"image\/jpeg\" \/>\n<meta name=\"twitter:card\" content=\"summary_large_image\" \/>\n<meta name=\"twitter:label1\" content=\"Gesch\u00e4tzte Lesezeit\" \/>\n\t<meta name=\"twitter:data1\" content=\"1\u00a0Minute\" \/>\n<script type=\"application\/ld+json\" class=\"yoast-schema-graph\">{\"@context\":\"https:\/\/schema.org\",\"@graph\":[{\"@type\":\"WebPage\",\"@id\":\"https:\/\/custom-parts.fr\/de\/produkt\/grilles-de-calandre-noires-brillantes-doubles-lames-bmw-e53-x5-pre-lci-1999-a-2003\/\",\"url\":\"https:\/\/custom-parts.fr\/de\/produkt\/grilles-de-calandre-noires-brillantes-doubles-lames-bmw-e53-x5-pre-lci-1999-a-2003\/\",\"name\":\"Schwarze, gl\u00e4nzende Doppelsteg-Nierengrill f\u00fcr BMW E53 X5 Pre-LCI 1999 bis 2003\",\"isPartOf\":{\"@id\":\"https:\/\/custom-parts.fr\/de\/#website\"},\"primaryImageOfPage\":{\"@id\":\"https:\/\/custom-parts.fr\/de\/produkt\/grilles-de-calandre-noires-brillantes-doubles-lames-bmw-e53-x5-pre-lci-1999-a-2003\/#primaryimage\"},\"image\":{\"@id\":\"https:\/\/custom-parts.fr\/de\/produkt\/grilles-de-calandre-noires-brillantes-doubles-lames-bmw-e53-x5-pre-lci-1999-a-2003\/#primaryimage\"},\"thumbnailUrl\":\"https:\/\/custom-parts.fr\/wp-content\/uploads\/2023\/04\/Grilles-de-calandre-Noires-brillantes-doubles-lames-BMW-E53-X5-Pre-LCI-1999-a-2003-2.jpg\",\"datePublished\":\"2023-04-12T20:29:42+00:00\",\"dateModified\":\"2025-06-14T23:34:47+00:00\",\"description\":\"Achetez vos Schwarze, gl\u00e4nzende Doppelsteg-Nierengrill f\u00fcr BMW E53 X5 Pre-LCI 1999 bis 2003 et tous vos accessoires BMW MINI sur Custom-Parts.fr !\",\"breadcrumb\":{\"@id\":\"https:\/\/custom-parts.fr\/de\/produkt\/grilles-de-calandre-noires-brillantes-doubles-lames-bmw-e53-x5-pre-lci-1999-a-2003\/#breadcrumb\"},\"inLanguage\":\"de\",\"potentialAction\":[{\"@type\":\"ReadAction\",\"target\":[\"https:\/\/custom-parts.fr\/de\/produkt\/grilles-de-calandre-noires-brillantes-doubles-lames-bmw-e53-x5-pre-lci-1999-a-2003\/\"]}]},{\"@type\":\"ImageObject\",\"inLanguage\":\"de\",\"@id\":\"https:\/\/custom-parts.fr\/de\/produkt\/grilles-de-calandre-noires-brillantes-doubles-lames-bmw-e53-x5-pre-lci-1999-a-2003\/#primaryimage\",\"url\":\"https:\/\/custom-parts.fr\/wp-content\/uploads\/2023\/04\/Grilles-de-calandre-Noires-brillantes-doubles-lames-BMW-E53-X5-Pre-LCI-1999-a-2003-2.jpg\",\"contentUrl\":\"https:\/\/custom-parts.fr\/wp-content\/uploads\/2023\/04\/Grilles-de-calandre-Noires-brillantes-doubles-lames-BMW-E53-X5-Pre-LCI-1999-a-2003-2.jpg\",\"width\":500,\"height\":500},{\"@type\":\"BreadcrumbList\",\"@id\":\"https:\/\/custom-parts.fr\/de\/produkt\/grilles-de-calandre-noires-brillantes-doubles-lames-bmw-e53-x5-pre-lci-1999-a-2003\/#breadcrumb\",\"itemListElement\":[{\"@type\":\"ListItem\",\"position\":1,\"name\":\"Startseite\",\"item\":\"https:\/\/custom-parts.fr\/de\/kaufen-sie-teile-und-zubehoer-fuer-mini-bmw-custom-parts-de\/\"},{\"@type\":\"ListItem\",\"position\":2,\"name\":\"Shop\",\"item\":\"https:\/\/custom-parts.fr\/de\/alle-produkte\/\"},{\"@type\":\"ListItem\",\"position\":3,\"name\":\"Schwarze, gl\u00e4nzende Doppelsteg-Nierengrill f\u00fcr BMW E53 X5 Pre-LCI 1999 bis 2003\"}]},{\"@type\":\"WebSite\",\"@id\":\"https:\/\/custom-parts.fr\/de\/#website\",\"url\":\"https:\/\/custom-parts.fr\/de\/\",\"name\":\"Custom-Parts.fr\",\"description\":\"Custom BMW MINI Ersatzteile & Zubeh\u00f6r\",\"publisher\":{\"@id\":\"https:\/\/custom-parts.fr\/de\/#organization\"},\"potentialAction\":[{\"@type\":\"SearchAction\",\"target\":{\"@type\":\"EntryPoint\",\"urlTemplate\":\"https:\/\/custom-parts.fr\/de\/?s={search_term_string}\"},\"query-input\":{\"@type\":\"PropertyValueSpecification\",\"valueRequired\":true,\"valueName\":\"search_term_string\"}}],\"inLanguage\":\"de\"},{\"@type\":\"Organization\",\"@id\":\"https:\/\/custom-parts.fr\/de\/#organization\",\"name\":\"Custom-Parts\",\"url\":\"https:\/\/custom-parts.fr\/de\/\",\"logo\":{\"@type\":\"ImageObject\",\"inLanguage\":\"de\",\"@id\":\"https:\/\/custom-parts.fr\/de\/#\/schema\/logo\/image\/\",\"url\":\"https:\/\/custom-parts.fr\/wp-content\/uploads\/2023\/01\/cropped-cropped-cropped-final-new-police-2-1-1.png\",\"contentUrl\":\"https:\/\/custom-parts.fr\/wp-content\/uploads\/2023\/01\/cropped-cropped-cropped-final-new-police-2-1-1.png\",\"width\":450,\"height\":125,\"caption\":\"Custom-Parts\"},\"image\":{\"@id\":\"https:\/\/custom-parts.fr\/de\/#\/schema\/logo\/image\/\"}}]}<\/script>\n<!-- \/ Yoast SEO plugin. -->","yoast_head_json":{"title":"Schwarze, gl\u00e4nzende Doppelsteg-Nierengrill f\u00fcr BMW E53 X5 Pre-LCI 1999 bis 2003","description":"Achetez vos Schwarze, gl\u00e4nzende Doppelsteg-Nierengrill f\u00fcr BMW E53 X5 Pre-LCI 1999 bis 2003 et tous vos accessoires BMW MINI sur Custom-Parts.fr !","robots":{"index":"index","follow":"follow","max-snippet":"max-snippet:-1","max-image-preview":"max-image-preview:large","max-video-preview":"max-video-preview:-1"},"canonical":"https:\/\/custom-parts.fr\/de\/produkt\/grilles-de-calandre-noires-brillantes-doubles-lames-bmw-e53-x5-pre-lci-1999-a-2003\/","og_locale":"de_DE","og_type":"article","og_title":"Schwarze, gl\u00e4nzende Doppelsteg-Nierengrill f\u00fcr BMW E53 X5 Pre-LCI 1999 bis 2003","og_description":"Achetez vos Schwarze, gl\u00e4nzende Doppelsteg-Nierengrill f\u00fcr BMW E53 X5 Pre-LCI 1999 bis 2003 et tous vos accessoires BMW MINI sur Custom-Parts.fr !","og_url":"https:\/\/custom-parts.fr\/de\/produkt\/grilles-de-calandre-noires-brillantes-doubles-lames-bmw-e53-x5-pre-lci-1999-a-2003\/","og_site_name":"Custom-Parts.fr","article_modified_time":"2025-06-14T23:34:47+00:00","og_image":[{"width":500,"height":500,"url":"https:\/\/custom-parts.fr\/wp-content\/uploads\/2023\/04\/Grilles-de-calandre-Noires-brillantes-doubles-lames-BMW-E53-X5-Pre-LCI-1999-a-2003-2.jpg","type":"image\/jpeg"}],"twitter_card":"summary_large_image","twitter_misc":{"Gesch\u00e4tzte Lesezeit":"1\u00a0Minute"},"schema":{"@context":"https:\/\/schema.org","@graph":[{"@type":"WebPage","@id":"https:\/\/custom-parts.fr\/de\/produkt\/grilles-de-calandre-noires-brillantes-doubles-lames-bmw-e53-x5-pre-lci-1999-a-2003\/","url":"https:\/\/custom-parts.fr\/de\/produkt\/grilles-de-calandre-noires-brillantes-doubles-lames-bmw-e53-x5-pre-lci-1999-a-2003\/","name":"Schwarze, gl\u00e4nzende Doppelsteg-Nierengrill f\u00fcr BMW E53 X5 Pre-LCI 1999 bis 2003","isPartOf":{"@id":"https:\/\/custom-parts.fr\/de\/#website"},"primaryImageOfPage":{"@id":"https:\/\/custom-parts.fr\/de\/produkt\/grilles-de-calandre-noires-brillantes-doubles-lames-bmw-e53-x5-pre-lci-1999-a-2003\/#primaryimage"},"image":{"@id":"https:\/\/custom-parts.fr\/de\/produkt\/grilles-de-calandre-noires-brillantes-doubles-lames-bmw-e53-x5-pre-lci-1999-a-2003\/#primaryimage"},"thumbnailUrl":"https:\/\/custom-parts.fr\/wp-content\/uploads\/2023\/04\/Grilles-de-calandre-Noires-brillantes-doubles-lames-BMW-E53-X5-Pre-LCI-1999-a-2003-2.jpg","datePublished":"2023-04-12T20:29:42+00:00","dateModified":"2025-06-14T23:34:47+00:00","description":"Achetez vos Schwarze, gl\u00e4nzende Doppelsteg-Nierengrill f\u00fcr BMW E53 X5 Pre-LCI 1999 bis 2003 et tous vos accessoires BMW MINI sur Custom-Parts.fr !","breadcrumb":{"@id":"https:\/\/custom-parts.fr\/de\/produkt\/grilles-de-calandre-noires-brillantes-doubles-lames-bmw-e53-x5-pre-lci-1999-a-2003\/#breadcrumb"},"inLanguage":"de","potentialAction":[{"@type":"ReadAction","target":["https:\/\/custom-parts.fr\/de\/produkt\/grilles-de-calandre-noires-brillantes-doubles-lames-bmw-e53-x5-pre-lci-1999-a-2003\/"]}]},{"@type":"ImageObject","inLanguage":"de","@id":"https:\/\/custom-parts.fr\/de\/produkt\/grilles-de-calandre-noires-brillantes-doubles-lames-bmw-e53-x5-pre-lci-1999-a-2003\/#primaryimage","url":"https:\/\/custom-parts.fr\/wp-content\/uploads\/2023\/04\/Grilles-de-calandre-Noires-brillantes-doubles-lames-BMW-E53-X5-Pre-LCI-1999-a-2003-2.jpg","contentUrl":"https:\/\/custom-parts.fr\/wp-content\/uploads\/2023\/04\/Grilles-de-calandre-Noires-brillantes-doubles-lames-BMW-E53-X5-Pre-LCI-1999-a-2003-2.jpg","width":500,"height":500},{"@type":"BreadcrumbList","@id":"https:\/\/custom-parts.fr\/de\/produkt\/grilles-de-calandre-noires-brillantes-doubles-lames-bmw-e53-x5-pre-lci-1999-a-2003\/#breadcrumb","itemListElement":[{"@type":"ListItem","position":1,"name":"Startseite","item":"https:\/\/custom-parts.fr\/de\/kaufen-sie-teile-und-zubehoer-fuer-mini-bmw-custom-parts-de\/"},{"@type":"ListItem","position":2,"name":"Shop","item":"https:\/\/custom-parts.fr\/de\/alle-produkte\/"},{"@type":"ListItem","position":3,"name":"Schwarze, gl\u00e4nzende Doppelsteg-Nierengrill f\u00fcr BMW E53 X5 Pre-LCI 1999 bis 2003"}]},{"@type":"WebSite","@id":"https:\/\/custom-parts.fr\/de\/#website","url":"https:\/\/custom-parts.fr\/de\/","name":"Custom-Parts.fr","description":"Custom BMW MINI Ersatzteile & Zubeh\u00f6r","publisher":{"@id":"https:\/\/custom-parts.fr\/de\/#organization"},"potentialAction":[{"@type":"SearchAction","target":{"@type":"EntryPoint","urlTemplate":"https:\/\/custom-parts.fr\/de\/?s={search_term_string}"},"query-input":{"@type":"PropertyValueSpecification","valueRequired":true,"valueName":"search_term_string"}}],"inLanguage":"de"},{"@type":"Organization","@id":"https:\/\/custom-parts.fr\/de\/#organization","name":"Custom-Parts","url":"https:\/\/custom-parts.fr\/de\/","logo":{"@type":"ImageObject","inLanguage":"de","@id":"https:\/\/custom-parts.fr\/de\/#\/schema\/logo\/image\/","url":"https:\/\/custom-parts.fr\/wp-content\/uploads\/2023\/01\/cropped-cropped-cropped-final-new-police-2-1-1.png","contentUrl":"https:\/\/custom-parts.fr\/wp-content\/uploads\/2023\/01\/cropped-cropped-cropped-final-new-police-2-1-1.png","width":450,"height":125,"caption":"Custom-Parts"},"image":{"@id":"https:\/\/custom-parts.fr\/de\/#\/schema\/logo\/image\/"}}]}},"_links":{"self":[{"href":"https:\/\/custom-parts.fr\/de\/wp-json\/wp\/v2\/product\/24850","targetHints":{"allow":["GET"]}}],"collection":[{"href":"https:\/\/custom-parts.fr\/de\/wp-json\/wp\/v2\/product"}],"about":[{"href":"https:\/\/custom-parts.fr\/de\/wp-json\/wp\/v2\/types\/product"}],"replies":[{"embeddable":true,"href":"https:\/\/custom-parts.fr\/de\/wp-json\/wp\/v2\/comments?post=24850"}],"wp:featuredmedia":[{"embeddable":true,"href":"https:\/\/custom-parts.fr\/de\/wp-json\/wp\/v2\/media\/24304"}],"wp:attachment":[{"href":"https:\/\/custom-parts.fr\/de\/wp-json\/wp\/v2\/media?parent=24850"}],"wp:term":[{"taxonomy":"product_brand","embeddable":true,"href":"https:\/\/custom-parts.fr\/de\/wp-json\/wp\/v2\/product_brand?post=24850"},{"taxonomy":"product_cat","embeddable":true,"href":"https:\/\/custom-parts.fr\/de\/wp-json\/wp\/v2\/product_cat?post=24850"},{"taxonomy":"product_tag","embeddable":true,"href":"https:\/\/custom-parts.fr\/de\/wp-json\/wp\/v2\/product_tag?post=24850"}],"curies":[{"name":"wp","href":"https:\/\/api.w.org\/{rel}","templated":true}]}}