{"id":24856,"date":"2023-04-12T21:25:53","date_gmt":"2023-04-12T19:25:53","guid":{"rendered":"https:\/\/custom-parts.fr\/produit\/grille-de-calandre-double-lame-bmw-serie-5-e60-e61-2003-a-2010-noir-brillant\/"},"modified":"2025-06-15T01:34:44","modified_gmt":"2025-06-14T23:34:44","slug":"grille-de-calandre-double-lame-bmw-serie-5-e60-e61-2003-a-2010-noir-brillant","status":"publish","type":"product","link":"https:\/\/custom-parts.fr\/de\/produkt\/grille-de-calandre-double-lame-bmw-serie-5-e60-e61-2003-a-2010-noir-brillant\/","title":{"rendered":"Doppelstege K\u00fchlergrill BMW SERIE 5 E60 E61 2003 bis 2010 &#8211; Hochglanz Schwarz"},"content":{"rendered":"<p><strong>Doppelsteg-K\u00fchlergrills BMW SERIE 5 E60 E61 2003 bis 2010 &#8211; Piano Schwarz<\/strong><\/p>\n<p>&nbsp;<\/p>\n<p>Direkter Ersatz f\u00fcr alle BMW SERIE 5 E60 und E61 der Phase 1 und Phase 2. Die Ersatzteile passen anstelle der originalen Teile ohne Modifikation.<\/p>\n<p>&nbsp;<\/p>\n<h2>Eigenschaften:<\/h2>\n<ul>\n<li>Lieferumfang: 2 x K\u00fchlergrills<\/li>\n<li>Farbe: Schwarz gl\u00e4nzend<\/li>\n<li>Material: Hochwertiger ABS-Kunststoff<\/li>\n<\/ul>\n<p>&nbsp;<\/p>\n<h2>Geeignet f\u00fcr:<\/h2>\n<ul>\n<li>Alle BMW Serie 5 E60 und E61 von 2003 bis 2010<\/li>\n<\/ul>\n<p>&nbsp;<\/p>\n<h2>Vollst\u00e4ndige Liste der kompatiblen Fahrzeuge:<\/h2>\n<table class=\"responsive-table\">\n<tbody>\n<tr>\n<td width=\"99\"><strong>Modell<\/strong><\/td>\n<td width=\"82\"><strong>Typ<\/strong><\/td>\n<\/tr>\n<tr>\n<td>E60 Limousine<\/td>\n<td>520d<\/td>\n<\/tr>\n<tr>\n<td>E60 Limousine<\/td>\n<td>520i<\/td>\n<\/tr>\n<tr>\n<td>E60 Limousine<\/td>\n<td>523i<\/td>\n<\/tr>\n<tr>\n<td>E60 Limousine<\/td>\n<td>525d<\/td>\n<\/tr>\n<tr>\n<td>E60 Limousine<\/td>\n<td>525i M54<\/td>\n<\/tr>\n<tr>\n<td>E60 Limousine<\/td>\n<td>525i M54<\/td>\n<\/tr>\n<tr>\n<td>E60 Limousine<\/td>\n<td>525i N52<\/td>\n<\/tr>\n<tr>\n<td>E60 Limousine<\/td>\n<td>525xi<\/td>\n<\/tr>\n<tr>\n<td>E60 Limousine<\/td>\n<td>530d M57N<\/td>\n<\/tr>\n<tr>\n<td>E60 Limousine<\/td>\n<td>530d M57N2<\/td>\n<\/tr>\n<tr>\n<td>E60 Limousine<\/td>\n<td>530i M54<\/td>\n<\/tr>\n<tr>\n<td>E60 Limousine<\/td>\n<td>530i M54<\/td>\n<\/tr>\n<tr>\n<td>E60 Limousine<\/td>\n<td>530i N52<\/td>\n<\/tr>\n<tr>\n<td>E60 Limousine<\/td>\n<td>530xd<\/td>\n<\/tr>\n<tr>\n<td>E60 Limousine<\/td>\n<td>530xi<\/td>\n<\/tr>\n<tr>\n<td>E60 Limousine<\/td>\n<td>530xi<\/td>\n<\/tr>\n<tr>\n<td>E60 Limousine<\/td>\n<td>535d<\/td>\n<\/tr>\n<tr>\n<td>E60 Limousine<\/td>\n<td>540i<\/td>\n<\/tr>\n<tr>\n<td>E60 Limousine<\/td>\n<td>545i<\/td>\n<\/tr>\n<tr>\n<td>E60 Limousine<\/td>\n<td>550i<\/td>\n<\/tr>\n<tr>\n<td>E60 Limousine<\/td>\n<td>M5<\/td>\n<\/tr>\n<tr>\n<td>E60 LCI Limousine<\/td>\n<td>520d M47N2<\/td>\n<\/tr>\n<tr>\n<td>E60 LCI Limousine<\/td>\n<td>520d N47<\/td>\n<\/tr>\n<tr>\n<td>E60 LCI Limousine<\/td>\n<td>520i N43<\/td>\n<\/tr>\n<tr>\n<td>E60 LCI Limousine<\/td>\n<td>520i N46N<\/td>\n<\/tr>\n<tr>\n<td>E60 LCI Limousine<\/td>\n<td>523i N52N<\/td>\n<\/tr>\n<tr>\n<td>E60 LCI Limousine<\/td>\n<td>523i N53<\/td>\n<\/tr>\n<tr>\n<td>E60 LCI Limousine<\/td>\n<td>525d<\/td>\n<\/tr>\n<tr>\n<td>E60 LCI Limousine<\/td>\n<td>525i N52N<\/td>\n<\/tr>\n<tr>\n<td>E60 LCI Limousine<\/td>\n<td>525i N53<\/td>\n<\/tr>\n<tr>\n<td>E60 LCI Limousine<\/td>\n<td>525xd<\/td>\n<\/tr>\n<tr>\n<td>E60 LCI Limousine<\/td>\n<td>525xi<\/td>\n<\/tr>\n<tr>\n<td>E60 LCI Limousine<\/td>\n<td>528i<\/td>\n<\/tr>\n<tr>\n<td>E60 LCI Limousine<\/td>\n<td>528xi<\/td>\n<\/tr>\n<tr>\n<td>E60 LCI Limousine<\/td>\n<td>530d<\/td>\n<\/tr>\n<tr>\n<td>E60 LCI Limousine<\/td>\n<td>530i N52N<\/td>\n<\/tr>\n<tr>\n<td>E60 LCI Limousine<\/td>\n<td>530i N53<\/td>\n<\/tr>\n<tr>\n<td>E60 LCI Limousine<\/td>\n<td>530xd<\/td>\n<\/tr>\n<tr>\n<td>E60 LCI Limousine<\/td>\n<td>530xi N52N<\/td>\n<\/tr>\n<tr>\n<td>E60 LCI Limousine<\/td>\n<td>530xi N53<\/td>\n<\/tr>\n<tr>\n<td>E60 LCI Limousine<\/td>\n<td>535d<\/td>\n<\/tr>\n<tr>\n<td>E60 LCI Limousine<\/td>\n<td>535i<\/td>\n<\/tr>\n<tr>\n<td>E60 LCI Limousine<\/td>\n<td>535xi<\/td>\n<\/tr>\n<tr>\n<td>E60 LCI Limousine<\/td>\n<td>540i<\/td>\n<\/tr>\n<tr>\n<td>E60 LCI Touring<\/td>\n<td>550i<\/td>\n<\/tr>\n<tr>\n<td>E61 Touring<\/td>\n<td>520d<\/td>\n<\/tr>\n<tr>\n<td>E61 Touring<\/td>\n<td>523i<\/td>\n<\/tr>\n<tr>\n<td>E61 Touring<\/td>\n<td>525d<\/td>\n<\/tr>\n<tr>\n<td>E61 Touring<\/td>\n<td>525i M54<\/td>\n<\/tr>\n<tr>\n<td>E61 Touring<\/td>\n<td>525i N52<\/td>\n<\/tr>\n<tr>\n<td>E61 Touring<\/td>\n<td>525xi<\/td>\n<\/tr>\n<tr>\n<td>E61 Touring<\/td>\n<td>530d M57N<\/td>\n<\/tr>\n<tr>\n<td>E61 Touring<\/td>\n<td>530d M57N2<\/td>\n<\/tr>\n<tr>\n<td>E61 Touring<\/td>\n<td>530i<\/td>\n<\/tr>\n<tr>\n<td>E61 Touring<\/td>\n<td>530xd<\/td>\n<\/tr>\n<tr>\n<td>E61 Touring<\/td>\n<td>530xi<\/td>\n<\/tr>\n<tr>\n<td>E61 Touring<\/td>\n<td>530xi<\/td>\n<\/tr>\n<tr>\n<td>E61 Touring<\/td>\n<td>535d<\/td>\n<\/tr>\n<tr>\n<td>E61 Touring<\/td>\n<td>545i<\/td>\n<\/tr>\n<tr>\n<td>E61 Touring<\/td>\n<td>550i<\/td>\n<\/tr>\n<tr>\n<td>E61 LCI Touring<\/td>\n<td>520d M47N2<\/td>\n<\/tr>\n<tr>\n<td>E61 LCI Touring<\/td>\n<td>520d N47<\/td>\n<\/tr>\n<tr>\n<td>E61 LCI Touring<\/td>\n<td>520i<\/td>\n<\/tr>\n<tr>\n<td>E61 LCI Touring<\/td>\n<td>523i N52N<\/td>\n<\/tr>\n<tr>\n<td>E61 LCI Touring<\/td>\n<td>523i N53<\/td>\n<\/tr>\n<tr>\n<td>E61 LCI Touring<\/td>\n<td>525d<\/td>\n<\/tr>\n<tr>\n<td>E61 LCI Touring<\/td>\n<td>525i N52N<\/td>\n<\/tr>\n<tr>\n<td>E61 LCI Touring<\/td>\n<td>525i N53<\/td>\n<\/tr>\n<tr>\n<td>E61 LCI Touring<\/td>\n<td>525xd<\/td>\n<\/tr>\n<tr>\n<td>E61 LCI Touring<\/td>\n<td>525xi<\/td>\n<\/tr>\n<tr>\n<td>E61 LCI Touring<\/td>\n<td>530d<\/td>\n<\/tr>\n<tr>\n<td>E61 LCI Touring<\/td>\n<td>530i N52N<\/td>\n<\/tr>\n<tr>\n<td>E61 LCI Touring<\/td>\n<td>530i N53<\/td>\n<\/tr>\n<tr>\n<td>E61 LCI Touring<\/td>\n<td>530xd<\/td>\n<\/tr>\n<tr>\n<td>E61 LCI Touring<\/td>\n<td>530xi N52N<\/td>\n<\/tr>\n<tr>\n<td>E61 LCI Touring<\/td>\n<td>530xi N53<\/td>\n<\/tr>\n<tr>\n<td>E61 LCI Touring<\/td>\n<td>535d<\/td>\n<\/tr>\n<tr>\n<td>E61 LCI Touring<\/td>\n<td>535xi<\/td>\n<\/tr>\n<tr>\n<td>E61 LCI Touring<\/td>\n<td>550i<\/td>\n<\/tr>\n<tr>\n<td>E61 LCI<\/td>\n<td>M5<\/td>\n<\/tr>\n<tr>\n<td><\/td>\n<td><\/td>\n<\/tr>\n<\/tbody>\n<\/table>\n","protected":false},"excerpt":{"rendered":"<p><span style=\"color: #39991a; font-weight: 900;\">\u2713<\/span> 100% kompatibel mit Ihrem BMW<br \/>\n<span style=\"color: #39991a; font-weight: 900;\">\u2713<\/span> Einfache Montage<br \/>\n<span style=\"color: #39991a; font-weight: 900;\">\u2713<\/span> Gro\u00dfe Auswahl an Custom-Teilen und Zubeh\u00f6r<\/p>\n","protected":false},"featured_media":24292,"comment_status":"open","ping_status":"closed","template":"","meta":[],"product_brand":[],"product_cat":[189,186],"product_tag":[],"class_list":{"0":"post-24856","1":"product","2":"type-product","3":"status-publish","4":"has-post-thumbnail","6":"product_cat-bmw-5er-ersatzteile-zubehor","7":"product_cat-bmw-teile-zubehor","9":"first","10":"instock","11":"sale","12":"taxable","13":"shipping-taxable","14":"purchasable","15":"product-type-simple"},"yoast_head":"<!-- This site is optimized with the Yoast SEO plugin v27.2 - https:\/\/yoast.com\/product\/yoast-seo-wordpress\/ -->\n<title>Doppelstege K\u00fchlergrill BMW SERIE 5 E60 E61 2003 bis 2010 - Hochglanz Schwarz<\/title>\n<meta name=\"description\" content=\"Kaufen Sie Ihren Doppelstege K\u00fchlergrill BMW SERIE 5 E60 E61 2003 bis 2010 - Hochglanz Schwarz und alle custom BMW MINI-Zubeh\u00f6r auf Custom-Parts.fr!\" \/>\n<meta name=\"robots\" content=\"index, follow, max-snippet:-1, max-image-preview:large, max-video-preview:-1\" \/>\n<link rel=\"canonical\" href=\"https:\/\/custom-parts.fr\/de\/produkt\/grille-de-calandre-double-lame-bmw-serie-5-e60-e61-2003-a-2010-noir-brillant\/\" \/>\n<meta property=\"og:locale\" content=\"de_DE\" \/>\n<meta property=\"og:type\" content=\"article\" \/>\n<meta property=\"og:title\" content=\"Doppelstege K\u00fchlergrill BMW SERIE 5 E60 E61 2003 bis 2010 - Hochglanz Schwarz\" \/>\n<meta property=\"og:description\" content=\"Kaufen Sie Ihren Doppelstege K\u00fchlergrill BMW SERIE 5 E60 E61 2003 bis 2010 - Hochglanz Schwarz und alle custom BMW MINI-Zubeh\u00f6r auf Custom-Parts.fr!\" \/>\n<meta property=\"og:url\" content=\"https:\/\/custom-parts.fr\/de\/produkt\/grille-de-calandre-double-lame-bmw-serie-5-e60-e61-2003-a-2010-noir-brillant\/\" \/>\n<meta property=\"og:site_name\" content=\"Custom-Parts.fr\" \/>\n<meta property=\"article:modified_time\" content=\"2025-06-14T23:34:44+00:00\" \/>\n<meta property=\"og:image\" content=\"https:\/\/custom-parts.fr\/wp-content\/uploads\/2023\/04\/Grille-de-calandre-double-lame-BMW-SERIE-5-E60-E61-2003-a-2010-Noir-brillant-2-e1681328749816.jpg\" \/>\n\t<meta property=\"og:image:width\" content=\"500\" \/>\n\t<meta property=\"og:image:height\" content=\"497\" \/>\n\t<meta property=\"og:image:type\" content=\"image\/jpeg\" \/>\n<meta name=\"twitter:card\" content=\"summary_large_image\" \/>\n<meta name=\"twitter:label1\" content=\"Gesch\u00e4tzte Lesezeit\" \/>\n\t<meta name=\"twitter:data1\" content=\"3\u00a0Minute\" \/>\n<script type=\"application\/ld+json\" class=\"yoast-schema-graph\">{\"@context\":\"https:\/\/schema.org\",\"@graph\":[{\"@type\":\"WebPage\",\"@id\":\"https:\/\/custom-parts.fr\/de\/produkt\/grille-de-calandre-double-lame-bmw-serie-5-e60-e61-2003-a-2010-noir-brillant\/\",\"url\":\"https:\/\/custom-parts.fr\/de\/produkt\/grille-de-calandre-double-lame-bmw-serie-5-e60-e61-2003-a-2010-noir-brillant\/\",\"name\":\"Doppelstege K\u00fchlergrill BMW SERIE 5 E60 E61 2003 bis 2010 - Hochglanz Schwarz\",\"isPartOf\":{\"@id\":\"https:\/\/custom-parts.fr\/de\/#website\"},\"primaryImageOfPage\":{\"@id\":\"https:\/\/custom-parts.fr\/de\/produkt\/grille-de-calandre-double-lame-bmw-serie-5-e60-e61-2003-a-2010-noir-brillant\/#primaryimage\"},\"image\":{\"@id\":\"https:\/\/custom-parts.fr\/de\/produkt\/grille-de-calandre-double-lame-bmw-serie-5-e60-e61-2003-a-2010-noir-brillant\/#primaryimage\"},\"thumbnailUrl\":\"https:\/\/custom-parts.fr\/wp-content\/uploads\/2023\/04\/Grille-de-calandre-double-lame-BMW-SERIE-5-E60-E61-2003-a-2010-Noir-brillant-2-e1681328749816.jpg\",\"datePublished\":\"2023-04-12T19:25:53+00:00\",\"dateModified\":\"2025-06-14T23:34:44+00:00\",\"description\":\"Kaufen Sie Ihren Doppelstege K\u00fchlergrill BMW SERIE 5 E60 E61 2003 bis 2010 - Hochglanz Schwarz und alle custom BMW MINI-Zubeh\u00f6r auf Custom-Parts.fr!\",\"breadcrumb\":{\"@id\":\"https:\/\/custom-parts.fr\/de\/produkt\/grille-de-calandre-double-lame-bmw-serie-5-e60-e61-2003-a-2010-noir-brillant\/#breadcrumb\"},\"inLanguage\":\"de\",\"potentialAction\":[{\"@type\":\"ReadAction\",\"target\":[\"https:\/\/custom-parts.fr\/de\/produkt\/grille-de-calandre-double-lame-bmw-serie-5-e60-e61-2003-a-2010-noir-brillant\/\"]}]},{\"@type\":\"ImageObject\",\"inLanguage\":\"de\",\"@id\":\"https:\/\/custom-parts.fr\/de\/produkt\/grille-de-calandre-double-lame-bmw-serie-5-e60-e61-2003-a-2010-noir-brillant\/#primaryimage\",\"url\":\"https:\/\/custom-parts.fr\/wp-content\/uploads\/2023\/04\/Grille-de-calandre-double-lame-BMW-SERIE-5-E60-E61-2003-a-2010-Noir-brillant-2-e1681328749816.jpg\",\"contentUrl\":\"https:\/\/custom-parts.fr\/wp-content\/uploads\/2023\/04\/Grille-de-calandre-double-lame-BMW-SERIE-5-E60-E61-2003-a-2010-Noir-brillant-2-e1681328749816.jpg\",\"width\":500,\"height\":497},{\"@type\":\"BreadcrumbList\",\"@id\":\"https:\/\/custom-parts.fr\/de\/produkt\/grille-de-calandre-double-lame-bmw-serie-5-e60-e61-2003-a-2010-noir-brillant\/#breadcrumb\",\"itemListElement\":[{\"@type\":\"ListItem\",\"position\":1,\"name\":\"Startseite\",\"item\":\"https:\/\/custom-parts.fr\/de\/kaufen-sie-teile-und-zubehoer-fuer-mini-bmw-custom-parts-de\/\"},{\"@type\":\"ListItem\",\"position\":2,\"name\":\"Shop\",\"item\":\"https:\/\/custom-parts.fr\/de\/alle-produkte\/\"},{\"@type\":\"ListItem\",\"position\":3,\"name\":\"Doppelstege K\u00fchlergrill BMW SERIE 5 E60 E61 2003 bis 2010 &#8211; Hochglanz Schwarz\"}]},{\"@type\":\"WebSite\",\"@id\":\"https:\/\/custom-parts.fr\/de\/#website\",\"url\":\"https:\/\/custom-parts.fr\/de\/\",\"name\":\"Custom-Parts.fr\",\"description\":\"Custom BMW MINI Ersatzteile & Zubeh\u00f6r\",\"publisher\":{\"@id\":\"https:\/\/custom-parts.fr\/de\/#organization\"},\"potentialAction\":[{\"@type\":\"SearchAction\",\"target\":{\"@type\":\"EntryPoint\",\"urlTemplate\":\"https:\/\/custom-parts.fr\/de\/?s={search_term_string}\"},\"query-input\":{\"@type\":\"PropertyValueSpecification\",\"valueRequired\":true,\"valueName\":\"search_term_string\"}}],\"inLanguage\":\"de\"},{\"@type\":\"Organization\",\"@id\":\"https:\/\/custom-parts.fr\/de\/#organization\",\"name\":\"Custom-Parts\",\"url\":\"https:\/\/custom-parts.fr\/de\/\",\"logo\":{\"@type\":\"ImageObject\",\"inLanguage\":\"de\",\"@id\":\"https:\/\/custom-parts.fr\/de\/#\/schema\/logo\/image\/\",\"url\":\"https:\/\/custom-parts.fr\/wp-content\/uploads\/2023\/01\/cropped-cropped-cropped-final-new-police-2-1-1.png\",\"contentUrl\":\"https:\/\/custom-parts.fr\/wp-content\/uploads\/2023\/01\/cropped-cropped-cropped-final-new-police-2-1-1.png\",\"width\":450,\"height\":125,\"caption\":\"Custom-Parts\"},\"image\":{\"@id\":\"https:\/\/custom-parts.fr\/de\/#\/schema\/logo\/image\/\"}}]}<\/script>\n<!-- \/ Yoast SEO plugin. -->","yoast_head_json":{"title":"Doppelstege K\u00fchlergrill BMW SERIE 5 E60 E61 2003 bis 2010 - Hochglanz Schwarz","description":"Kaufen Sie Ihren Doppelstege K\u00fchlergrill BMW SERIE 5 E60 E61 2003 bis 2010 - Hochglanz Schwarz und alle custom BMW MINI-Zubeh\u00f6r auf Custom-Parts.fr!","robots":{"index":"index","follow":"follow","max-snippet":"max-snippet:-1","max-image-preview":"max-image-preview:large","max-video-preview":"max-video-preview:-1"},"canonical":"https:\/\/custom-parts.fr\/de\/produkt\/grille-de-calandre-double-lame-bmw-serie-5-e60-e61-2003-a-2010-noir-brillant\/","og_locale":"de_DE","og_type":"article","og_title":"Doppelstege K\u00fchlergrill BMW SERIE 5 E60 E61 2003 bis 2010 - Hochglanz Schwarz","og_description":"Kaufen Sie Ihren Doppelstege K\u00fchlergrill BMW SERIE 5 E60 E61 2003 bis 2010 - Hochglanz Schwarz und alle custom BMW MINI-Zubeh\u00f6r auf Custom-Parts.fr!","og_url":"https:\/\/custom-parts.fr\/de\/produkt\/grille-de-calandre-double-lame-bmw-serie-5-e60-e61-2003-a-2010-noir-brillant\/","og_site_name":"Custom-Parts.fr","article_modified_time":"2025-06-14T23:34:44+00:00","og_image":[{"width":500,"height":497,"url":"https:\/\/custom-parts.fr\/wp-content\/uploads\/2023\/04\/Grille-de-calandre-double-lame-BMW-SERIE-5-E60-E61-2003-a-2010-Noir-brillant-2-e1681328749816.jpg","type":"image\/jpeg"}],"twitter_card":"summary_large_image","twitter_misc":{"Gesch\u00e4tzte Lesezeit":"3\u00a0Minute"},"schema":{"@context":"https:\/\/schema.org","@graph":[{"@type":"WebPage","@id":"https:\/\/custom-parts.fr\/de\/produkt\/grille-de-calandre-double-lame-bmw-serie-5-e60-e61-2003-a-2010-noir-brillant\/","url":"https:\/\/custom-parts.fr\/de\/produkt\/grille-de-calandre-double-lame-bmw-serie-5-e60-e61-2003-a-2010-noir-brillant\/","name":"Doppelstege K\u00fchlergrill BMW SERIE 5 E60 E61 2003 bis 2010 - Hochglanz Schwarz","isPartOf":{"@id":"https:\/\/custom-parts.fr\/de\/#website"},"primaryImageOfPage":{"@id":"https:\/\/custom-parts.fr\/de\/produkt\/grille-de-calandre-double-lame-bmw-serie-5-e60-e61-2003-a-2010-noir-brillant\/#primaryimage"},"image":{"@id":"https:\/\/custom-parts.fr\/de\/produkt\/grille-de-calandre-double-lame-bmw-serie-5-e60-e61-2003-a-2010-noir-brillant\/#primaryimage"},"thumbnailUrl":"https:\/\/custom-parts.fr\/wp-content\/uploads\/2023\/04\/Grille-de-calandre-double-lame-BMW-SERIE-5-E60-E61-2003-a-2010-Noir-brillant-2-e1681328749816.jpg","datePublished":"2023-04-12T19:25:53+00:00","dateModified":"2025-06-14T23:34:44+00:00","description":"Kaufen Sie Ihren Doppelstege K\u00fchlergrill BMW SERIE 5 E60 E61 2003 bis 2010 - Hochglanz Schwarz und alle custom BMW MINI-Zubeh\u00f6r auf Custom-Parts.fr!","breadcrumb":{"@id":"https:\/\/custom-parts.fr\/de\/produkt\/grille-de-calandre-double-lame-bmw-serie-5-e60-e61-2003-a-2010-noir-brillant\/#breadcrumb"},"inLanguage":"de","potentialAction":[{"@type":"ReadAction","target":["https:\/\/custom-parts.fr\/de\/produkt\/grille-de-calandre-double-lame-bmw-serie-5-e60-e61-2003-a-2010-noir-brillant\/"]}]},{"@type":"ImageObject","inLanguage":"de","@id":"https:\/\/custom-parts.fr\/de\/produkt\/grille-de-calandre-double-lame-bmw-serie-5-e60-e61-2003-a-2010-noir-brillant\/#primaryimage","url":"https:\/\/custom-parts.fr\/wp-content\/uploads\/2023\/04\/Grille-de-calandre-double-lame-BMW-SERIE-5-E60-E61-2003-a-2010-Noir-brillant-2-e1681328749816.jpg","contentUrl":"https:\/\/custom-parts.fr\/wp-content\/uploads\/2023\/04\/Grille-de-calandre-double-lame-BMW-SERIE-5-E60-E61-2003-a-2010-Noir-brillant-2-e1681328749816.jpg","width":500,"height":497},{"@type":"BreadcrumbList","@id":"https:\/\/custom-parts.fr\/de\/produkt\/grille-de-calandre-double-lame-bmw-serie-5-e60-e61-2003-a-2010-noir-brillant\/#breadcrumb","itemListElement":[{"@type":"ListItem","position":1,"name":"Startseite","item":"https:\/\/custom-parts.fr\/de\/kaufen-sie-teile-und-zubehoer-fuer-mini-bmw-custom-parts-de\/"},{"@type":"ListItem","position":2,"name":"Shop","item":"https:\/\/custom-parts.fr\/de\/alle-produkte\/"},{"@type":"ListItem","position":3,"name":"Doppelstege K\u00fchlergrill BMW SERIE 5 E60 E61 2003 bis 2010 &#8211; Hochglanz Schwarz"}]},{"@type":"WebSite","@id":"https:\/\/custom-parts.fr\/de\/#website","url":"https:\/\/custom-parts.fr\/de\/","name":"Custom-Parts.fr","description":"Custom BMW MINI Ersatzteile & Zubeh\u00f6r","publisher":{"@id":"https:\/\/custom-parts.fr\/de\/#organization"},"potentialAction":[{"@type":"SearchAction","target":{"@type":"EntryPoint","urlTemplate":"https:\/\/custom-parts.fr\/de\/?s={search_term_string}"},"query-input":{"@type":"PropertyValueSpecification","valueRequired":true,"valueName":"search_term_string"}}],"inLanguage":"de"},{"@type":"Organization","@id":"https:\/\/custom-parts.fr\/de\/#organization","name":"Custom-Parts","url":"https:\/\/custom-parts.fr\/de\/","logo":{"@type":"ImageObject","inLanguage":"de","@id":"https:\/\/custom-parts.fr\/de\/#\/schema\/logo\/image\/","url":"https:\/\/custom-parts.fr\/wp-content\/uploads\/2023\/01\/cropped-cropped-cropped-final-new-police-2-1-1.png","contentUrl":"https:\/\/custom-parts.fr\/wp-content\/uploads\/2023\/01\/cropped-cropped-cropped-final-new-police-2-1-1.png","width":450,"height":125,"caption":"Custom-Parts"},"image":{"@id":"https:\/\/custom-parts.fr\/de\/#\/schema\/logo\/image\/"}}]}},"_links":{"self":[{"href":"https:\/\/custom-parts.fr\/de\/wp-json\/wp\/v2\/product\/24856","targetHints":{"allow":["GET"]}}],"collection":[{"href":"https:\/\/custom-parts.fr\/de\/wp-json\/wp\/v2\/product"}],"about":[{"href":"https:\/\/custom-parts.fr\/de\/wp-json\/wp\/v2\/types\/product"}],"replies":[{"embeddable":true,"href":"https:\/\/custom-parts.fr\/de\/wp-json\/wp\/v2\/comments?post=24856"}],"wp:featuredmedia":[{"embeddable":true,"href":"https:\/\/custom-parts.fr\/de\/wp-json\/wp\/v2\/media\/24292"}],"wp:attachment":[{"href":"https:\/\/custom-parts.fr\/de\/wp-json\/wp\/v2\/media?parent=24856"}],"wp:term":[{"taxonomy":"product_brand","embeddable":true,"href":"https:\/\/custom-parts.fr\/de\/wp-json\/wp\/v2\/product_brand?post=24856"},{"taxonomy":"product_cat","embeddable":true,"href":"https:\/\/custom-parts.fr\/de\/wp-json\/wp\/v2\/product_cat?post=24856"},{"taxonomy":"product_tag","embeddable":true,"href":"https:\/\/custom-parts.fr\/de\/wp-json\/wp\/v2\/product_tag?post=24856"}],"curies":[{"name":"wp","href":"https:\/\/api.w.org\/{rel}","templated":true}]}}