{"id":24857,"date":"2023-04-12T18:54:00","date_gmt":"2023-04-12T16:54:00","guid":{"rendered":"https:\/\/custom-parts.fr\/produit\/kit-grille-calandre-areo-mini-cooper-s-jcw-r55-r56-r57-r58-r59\/"},"modified":"2026-04-01T00:18:45","modified_gmt":"2026-03-31T22:18:45","slug":"kit-grille-calandre-areo-mini-cooper-s-jcw-r55-r56-r57-r58-r59","status":"publish","type":"product","link":"https:\/\/custom-parts.fr\/de\/produkt\/kit-grille-calandre-areo-mini-cooper-s-jcw-r55-r56-r57-r58-r59\/","title":{"rendered":"Grille &#038; calandre A\u00e9ro pour MINI Cooper S et JCW R55 R56 R57 R58 R59"},"content":{"rendered":"<p><strong>Kit grille &amp; calandre a\u00e9ro \/ nid d&#8217;abeille pour MINI Cooper S et JCW R55 R56 R57 R58 R59.<\/strong><\/p>\n<p>&nbsp;<\/p>\n<p>Remplacement direct pour MINI Cooper S et JCW R55 R56 R57 R58 R59. Ne convient pas aux MINI Cooper standard.<\/p>\n<p>Le kit comprend 1 x grille et 2 x cerclages de calandre qui se montent en lieu et place des pi\u00e8ces originales sur votre MINI Cooper S ou JCW 2\u00e8me g\u00e9n\u00e9ration.<\/p>\n<p>&nbsp;<\/p>\n<h2>Caract\u00e9ristiques :<\/h2>\n<ul>\n<li>Mod\u00e8les disponibles : kit complet, cerclages de calandre uniquement (inf\u00e9rieur et sup\u00e9rieur), ou grille a\u00e9ro uniquement<\/li>\n<li>Coloris : Cerclages de calandre noir brillant, grille noir mat<\/li>\n<li>Mat\u00e9riel : Plastique ABS haute qualit\u00e9<\/li>\n<\/ul>\n<p>&nbsp;<\/p>\n<h2>Convient \u00e0 :<\/h2>\n<ul>\n<li>MINI Clubman R55 Cooper S et JCW uniquement : de 2007 \u00e0 2014<\/li>\n<li>MINI 3 portes R56 Cooper S et JCW uniquement : 2006 \u00e0 2013<\/li>\n<li>MINI Cabrio R57 Cooper S et JCW uniquement : 2007 \u00e0 2015<\/li>\n<li>MINI R58 Coup\u00e9 Cooper S et JCW uniquement : 2011 \u00e0 2015<\/li>\n<li>MINI R59 Roadster Cooper S et JCW uniquement :\u00a0 2012 \u00e0 2015<\/li>\n<\/ul>\n","protected":false},"excerpt":{"rendered":"<p><span style=\"color: #39991a; font-weight: 900;\">\u2713<\/span> 100% compatible avec votre MINI<br \/>\n<span style=\"color: #39991a; font-weight: 900;\">\u2713<\/span> Facile d&#8217;installation<br \/>\n<span style=\"color: #39991a; font-weight: 900;\">\u2713<\/span> Large choix de pi\u00e8ces et d&#8217;accessoires custom<\/p>\n","protected":false},"featured_media":24291,"comment_status":"open","ping_status":"closed","template":"","meta":[],"product_brand":[],"product_cat":[191,194,193],"product_tag":[],"class_list":{"0":"post-24857","1":"product","2":"type-product","3":"status-publish","4":"has-post-thumbnail","6":"product_cat-mini-cooper-ersatzteile-zubehoer","7":"product_cat-exterieur-zubehor-mini-2-gen","8":"product_cat-zubehoer-mini-cooper-2-gen","10":"first","11":"instock","12":"sale","13":"taxable","14":"shipping-taxable","15":"purchasable","16":"product-type-variable"},"yoast_head":"<!-- This site is optimized with the Yoast SEO plugin v27.2 - https:\/\/yoast.com\/product\/yoast-seo-wordpress\/ -->\n<title>Grille &amp; calandre A\u00e9ro pour MINI Cooper S et JCW R55 R56 R57 R58 R59<\/title>\n<meta name=\"description\" content=\"Kaufen Sie Ihren Grille &amp; calandre A\u00e9ro pour MINI Cooper S et JCW R55 R56 R57 R58 R59 und alle custom BMW MINI-Zubeh\u00f6r auf Custom-Parts.fr!\" \/>\n<meta name=\"robots\" content=\"index, follow, max-snippet:-1, max-image-preview:large, max-video-preview:-1\" \/>\n<link rel=\"canonical\" href=\"https:\/\/custom-parts.fr\/de\/produkt\/kit-grille-calandre-areo-mini-cooper-s-jcw-r55-r56-r57-r58-r59\/\" \/>\n<meta property=\"og:locale\" content=\"de_DE\" \/>\n<meta property=\"og:type\" content=\"article\" \/>\n<meta property=\"og:title\" content=\"Grille &amp; calandre A\u00e9ro pour MINI Cooper S et JCW R55 R56 R57 R58 R59\" \/>\n<meta property=\"og:description\" content=\"Kaufen Sie Ihren Grille &amp; calandre A\u00e9ro pour MINI Cooper S et JCW R55 R56 R57 R58 R59 und alle custom BMW MINI-Zubeh\u00f6r auf Custom-Parts.fr!\" \/>\n<meta property=\"og:url\" content=\"https:\/\/custom-parts.fr\/de\/produkt\/kit-grille-calandre-areo-mini-cooper-s-jcw-r55-r56-r57-r58-r59\/\" \/>\n<meta property=\"og:site_name\" content=\"Custom-Parts.fr\" \/>\n<meta property=\"article:modified_time\" content=\"2026-03-31T22:18:45+00:00\" \/>\n<meta property=\"og:image\" content=\"https:\/\/custom-parts.fr\/wp-content\/uploads\/2023\/04\/Kit-grille-calandre-areo-MINI-Cooper-S-JCW-R55-R56-R57-R58-R59.jpg\" \/>\n\t<meta property=\"og:image:width\" content=\"500\" \/>\n\t<meta property=\"og:image:height\" content=\"500\" \/>\n\t<meta property=\"og:image:type\" content=\"image\/jpeg\" \/>\n<meta name=\"twitter:card\" content=\"summary_large_image\" \/>\n<meta name=\"twitter:label1\" content=\"Gesch\u00e4tzte Lesezeit\" \/>\n\t<meta name=\"twitter:data1\" content=\"1\u00a0Minute\" \/>\n<script type=\"application\/ld+json\" class=\"yoast-schema-graph\">{\"@context\":\"https:\/\/schema.org\",\"@graph\":[{\"@type\":\"WebPage\",\"@id\":\"https:\/\/custom-parts.fr\/de\/produkt\/kit-grille-calandre-areo-mini-cooper-s-jcw-r55-r56-r57-r58-r59\/\",\"url\":\"https:\/\/custom-parts.fr\/de\/produkt\/kit-grille-calandre-areo-mini-cooper-s-jcw-r55-r56-r57-r58-r59\/\",\"name\":\"Grille & calandre A\u00e9ro pour MINI Cooper S et JCW R55 R56 R57 R58 R59\",\"isPartOf\":{\"@id\":\"https:\/\/custom-parts.fr\/de\/#website\"},\"primaryImageOfPage\":{\"@id\":\"https:\/\/custom-parts.fr\/de\/produkt\/kit-grille-calandre-areo-mini-cooper-s-jcw-r55-r56-r57-r58-r59\/#primaryimage\"},\"image\":{\"@id\":\"https:\/\/custom-parts.fr\/de\/produkt\/kit-grille-calandre-areo-mini-cooper-s-jcw-r55-r56-r57-r58-r59\/#primaryimage\"},\"thumbnailUrl\":\"https:\/\/custom-parts.fr\/wp-content\/uploads\/2023\/04\/Kit-grille-calandre-areo-MINI-Cooper-S-JCW-R55-R56-R57-R58-R59.jpg\",\"datePublished\":\"2023-04-12T16:54:00+00:00\",\"dateModified\":\"2026-03-31T22:18:45+00:00\",\"description\":\"Kaufen Sie Ihren Grille & calandre A\u00e9ro pour MINI Cooper S et JCW R55 R56 R57 R58 R59 und alle custom BMW MINI-Zubeh\u00f6r auf Custom-Parts.fr!\",\"breadcrumb\":{\"@id\":\"https:\/\/custom-parts.fr\/de\/produkt\/kit-grille-calandre-areo-mini-cooper-s-jcw-r55-r56-r57-r58-r59\/#breadcrumb\"},\"inLanguage\":\"de\",\"potentialAction\":[{\"@type\":\"ReadAction\",\"target\":[\"https:\/\/custom-parts.fr\/de\/produkt\/kit-grille-calandre-areo-mini-cooper-s-jcw-r55-r56-r57-r58-r59\/\"]}]},{\"@type\":\"ImageObject\",\"inLanguage\":\"de\",\"@id\":\"https:\/\/custom-parts.fr\/de\/produkt\/kit-grille-calandre-areo-mini-cooper-s-jcw-r55-r56-r57-r58-r59\/#primaryimage\",\"url\":\"https:\/\/custom-parts.fr\/wp-content\/uploads\/2023\/04\/Kit-grille-calandre-areo-MINI-Cooper-S-JCW-R55-R56-R57-R58-R59.jpg\",\"contentUrl\":\"https:\/\/custom-parts.fr\/wp-content\/uploads\/2023\/04\/Kit-grille-calandre-areo-MINI-Cooper-S-JCW-R55-R56-R57-R58-R59.jpg\",\"width\":500,\"height\":500},{\"@type\":\"BreadcrumbList\",\"@id\":\"https:\/\/custom-parts.fr\/de\/produkt\/kit-grille-calandre-areo-mini-cooper-s-jcw-r55-r56-r57-r58-r59\/#breadcrumb\",\"itemListElement\":[{\"@type\":\"ListItem\",\"position\":1,\"name\":\"Startseite\",\"item\":\"https:\/\/custom-parts.fr\/de\/kaufen-sie-teile-und-zubehoer-fuer-mini-bmw-custom-parts-de\/\"},{\"@type\":\"ListItem\",\"position\":2,\"name\":\"Shop\",\"item\":\"https:\/\/custom-parts.fr\/de\/alle-produkte\/\"},{\"@type\":\"ListItem\",\"position\":3,\"name\":\"Grille &#038; calandre A\u00e9ro pour MINI Cooper S et JCW R55 R56 R57 R58 R59\"}]},{\"@type\":\"WebSite\",\"@id\":\"https:\/\/custom-parts.fr\/de\/#website\",\"url\":\"https:\/\/custom-parts.fr\/de\/\",\"name\":\"Custom-Parts.fr\",\"description\":\"Custom BMW MINI Ersatzteile & Zubeh\u00f6r\",\"publisher\":{\"@id\":\"https:\/\/custom-parts.fr\/de\/#organization\"},\"potentialAction\":[{\"@type\":\"SearchAction\",\"target\":{\"@type\":\"EntryPoint\",\"urlTemplate\":\"https:\/\/custom-parts.fr\/de\/?s={search_term_string}\"},\"query-input\":{\"@type\":\"PropertyValueSpecification\",\"valueRequired\":true,\"valueName\":\"search_term_string\"}}],\"inLanguage\":\"de\"},{\"@type\":\"Organization\",\"@id\":\"https:\/\/custom-parts.fr\/de\/#organization\",\"name\":\"Custom-Parts\",\"url\":\"https:\/\/custom-parts.fr\/de\/\",\"logo\":{\"@type\":\"ImageObject\",\"inLanguage\":\"de\",\"@id\":\"https:\/\/custom-parts.fr\/de\/#\/schema\/logo\/image\/\",\"url\":\"https:\/\/custom-parts.fr\/wp-content\/uploads\/2023\/01\/cropped-cropped-cropped-final-new-police-2-1-1.png\",\"contentUrl\":\"https:\/\/custom-parts.fr\/wp-content\/uploads\/2023\/01\/cropped-cropped-cropped-final-new-police-2-1-1.png\",\"width\":450,\"height\":125,\"caption\":\"Custom-Parts\"},\"image\":{\"@id\":\"https:\/\/custom-parts.fr\/de\/#\/schema\/logo\/image\/\"}}]}<\/script>\n<!-- \/ Yoast SEO plugin. -->","yoast_head_json":{"title":"Grille & calandre A\u00e9ro pour MINI Cooper S et JCW R55 R56 R57 R58 R59","description":"Kaufen Sie Ihren Grille & calandre A\u00e9ro pour MINI Cooper S et JCW R55 R56 R57 R58 R59 und alle custom BMW MINI-Zubeh\u00f6r auf Custom-Parts.fr!","robots":{"index":"index","follow":"follow","max-snippet":"max-snippet:-1","max-image-preview":"max-image-preview:large","max-video-preview":"max-video-preview:-1"},"canonical":"https:\/\/custom-parts.fr\/de\/produkt\/kit-grille-calandre-areo-mini-cooper-s-jcw-r55-r56-r57-r58-r59\/","og_locale":"de_DE","og_type":"article","og_title":"Grille & calandre A\u00e9ro pour MINI Cooper S et JCW R55 R56 R57 R58 R59","og_description":"Kaufen Sie Ihren Grille & calandre A\u00e9ro pour MINI Cooper S et JCW R55 R56 R57 R58 R59 und alle custom BMW MINI-Zubeh\u00f6r auf Custom-Parts.fr!","og_url":"https:\/\/custom-parts.fr\/de\/produkt\/kit-grille-calandre-areo-mini-cooper-s-jcw-r55-r56-r57-r58-r59\/","og_site_name":"Custom-Parts.fr","article_modified_time":"2026-03-31T22:18:45+00:00","og_image":[{"width":500,"height":500,"url":"https:\/\/custom-parts.fr\/wp-content\/uploads\/2023\/04\/Kit-grille-calandre-areo-MINI-Cooper-S-JCW-R55-R56-R57-R58-R59.jpg","type":"image\/jpeg"}],"twitter_card":"summary_large_image","twitter_misc":{"Gesch\u00e4tzte Lesezeit":"1\u00a0Minute"},"schema":{"@context":"https:\/\/schema.org","@graph":[{"@type":"WebPage","@id":"https:\/\/custom-parts.fr\/de\/produkt\/kit-grille-calandre-areo-mini-cooper-s-jcw-r55-r56-r57-r58-r59\/","url":"https:\/\/custom-parts.fr\/de\/produkt\/kit-grille-calandre-areo-mini-cooper-s-jcw-r55-r56-r57-r58-r59\/","name":"Grille & calandre A\u00e9ro pour MINI Cooper S et JCW R55 R56 R57 R58 R59","isPartOf":{"@id":"https:\/\/custom-parts.fr\/de\/#website"},"primaryImageOfPage":{"@id":"https:\/\/custom-parts.fr\/de\/produkt\/kit-grille-calandre-areo-mini-cooper-s-jcw-r55-r56-r57-r58-r59\/#primaryimage"},"image":{"@id":"https:\/\/custom-parts.fr\/de\/produkt\/kit-grille-calandre-areo-mini-cooper-s-jcw-r55-r56-r57-r58-r59\/#primaryimage"},"thumbnailUrl":"https:\/\/custom-parts.fr\/wp-content\/uploads\/2023\/04\/Kit-grille-calandre-areo-MINI-Cooper-S-JCW-R55-R56-R57-R58-R59.jpg","datePublished":"2023-04-12T16:54:00+00:00","dateModified":"2026-03-31T22:18:45+00:00","description":"Kaufen Sie Ihren Grille & calandre A\u00e9ro pour MINI Cooper S et JCW R55 R56 R57 R58 R59 und alle custom BMW MINI-Zubeh\u00f6r auf Custom-Parts.fr!","breadcrumb":{"@id":"https:\/\/custom-parts.fr\/de\/produkt\/kit-grille-calandre-areo-mini-cooper-s-jcw-r55-r56-r57-r58-r59\/#breadcrumb"},"inLanguage":"de","potentialAction":[{"@type":"ReadAction","target":["https:\/\/custom-parts.fr\/de\/produkt\/kit-grille-calandre-areo-mini-cooper-s-jcw-r55-r56-r57-r58-r59\/"]}]},{"@type":"ImageObject","inLanguage":"de","@id":"https:\/\/custom-parts.fr\/de\/produkt\/kit-grille-calandre-areo-mini-cooper-s-jcw-r55-r56-r57-r58-r59\/#primaryimage","url":"https:\/\/custom-parts.fr\/wp-content\/uploads\/2023\/04\/Kit-grille-calandre-areo-MINI-Cooper-S-JCW-R55-R56-R57-R58-R59.jpg","contentUrl":"https:\/\/custom-parts.fr\/wp-content\/uploads\/2023\/04\/Kit-grille-calandre-areo-MINI-Cooper-S-JCW-R55-R56-R57-R58-R59.jpg","width":500,"height":500},{"@type":"BreadcrumbList","@id":"https:\/\/custom-parts.fr\/de\/produkt\/kit-grille-calandre-areo-mini-cooper-s-jcw-r55-r56-r57-r58-r59\/#breadcrumb","itemListElement":[{"@type":"ListItem","position":1,"name":"Startseite","item":"https:\/\/custom-parts.fr\/de\/kaufen-sie-teile-und-zubehoer-fuer-mini-bmw-custom-parts-de\/"},{"@type":"ListItem","position":2,"name":"Shop","item":"https:\/\/custom-parts.fr\/de\/alle-produkte\/"},{"@type":"ListItem","position":3,"name":"Grille &#038; calandre A\u00e9ro pour MINI Cooper S et JCW R55 R56 R57 R58 R59"}]},{"@type":"WebSite","@id":"https:\/\/custom-parts.fr\/de\/#website","url":"https:\/\/custom-parts.fr\/de\/","name":"Custom-Parts.fr","description":"Custom BMW MINI Ersatzteile & Zubeh\u00f6r","publisher":{"@id":"https:\/\/custom-parts.fr\/de\/#organization"},"potentialAction":[{"@type":"SearchAction","target":{"@type":"EntryPoint","urlTemplate":"https:\/\/custom-parts.fr\/de\/?s={search_term_string}"},"query-input":{"@type":"PropertyValueSpecification","valueRequired":true,"valueName":"search_term_string"}}],"inLanguage":"de"},{"@type":"Organization","@id":"https:\/\/custom-parts.fr\/de\/#organization","name":"Custom-Parts","url":"https:\/\/custom-parts.fr\/de\/","logo":{"@type":"ImageObject","inLanguage":"de","@id":"https:\/\/custom-parts.fr\/de\/#\/schema\/logo\/image\/","url":"https:\/\/custom-parts.fr\/wp-content\/uploads\/2023\/01\/cropped-cropped-cropped-final-new-police-2-1-1.png","contentUrl":"https:\/\/custom-parts.fr\/wp-content\/uploads\/2023\/01\/cropped-cropped-cropped-final-new-police-2-1-1.png","width":450,"height":125,"caption":"Custom-Parts"},"image":{"@id":"https:\/\/custom-parts.fr\/de\/#\/schema\/logo\/image\/"}}]}},"_links":{"self":[{"href":"https:\/\/custom-parts.fr\/de\/wp-json\/wp\/v2\/product\/24857","targetHints":{"allow":["GET"]}}],"collection":[{"href":"https:\/\/custom-parts.fr\/de\/wp-json\/wp\/v2\/product"}],"about":[{"href":"https:\/\/custom-parts.fr\/de\/wp-json\/wp\/v2\/types\/product"}],"replies":[{"embeddable":true,"href":"https:\/\/custom-parts.fr\/de\/wp-json\/wp\/v2\/comments?post=24857"}],"wp:featuredmedia":[{"embeddable":true,"href":"https:\/\/custom-parts.fr\/de\/wp-json\/wp\/v2\/media\/24291"}],"wp:attachment":[{"href":"https:\/\/custom-parts.fr\/de\/wp-json\/wp\/v2\/media?parent=24857"}],"wp:term":[{"taxonomy":"product_brand","embeddable":true,"href":"https:\/\/custom-parts.fr\/de\/wp-json\/wp\/v2\/product_brand?post=24857"},{"taxonomy":"product_cat","embeddable":true,"href":"https:\/\/custom-parts.fr\/de\/wp-json\/wp\/v2\/product_cat?post=24857"},{"taxonomy":"product_tag","embeddable":true,"href":"https:\/\/custom-parts.fr\/de\/wp-json\/wp\/v2\/product_tag?post=24857"}],"curies":[{"name":"wp","href":"https:\/\/api.w.org\/{rel}","templated":true}]}}