{"id":24864,"date":"2023-04-09T22:59:11","date_gmt":"2023-04-09T20:59:11","guid":{"rendered":"https:\/\/custom-parts.fr\/produit\/cerclages-de-compteur-compte-tour-mini-cooper-f54-f55-f56-f57-f60\/"},"modified":"2026-03-29T20:21:01","modified_gmt":"2026-03-29T18:21:01","slug":"cerclages-de-compteur-compte-tour-mini-cooper-f54-f55-f56-f57-f60","status":"publish","type":"product","link":"https:\/\/custom-parts.fr\/de\/produkt\/cerclages-de-compteur-compte-tour-mini-cooper-f54-f55-f56-f57-f60\/","title":{"rendered":"Z\u00e4hlerringe &amp; Drehzahlmesser f\u00fcr Mini Cooper F54 F55 F56 F57 F60"},"content":{"rendered":"<p><strong>Instrumenten- und Drehzahlmesserverkleidung MINI Cooper F54 F55 F56 F57 F60<\/strong><\/p>\n<p>&nbsp;<\/p>\n<p>Diese ma\u00dfgefertigten Verkleidungen passen perfekt auf die Originalgeschwindigkeit und den Drehzahlmesser Ihrer MINI der 3. Generation und verleihen ihm im Handumdrehen einen neuen Look! Sie werden direkt auf die Originalersatzteile mit einem hochwertigen doppelseitigen Klebeband angebracht. Das ultra-d\u00fcnne, ma\u00dfgefertigte Kunststoffmaterial bedeckt die Geh\u00e4use der Instrumente perfekt und sorgt daf\u00fcr, dass das Aussehen dem Original entspricht.  <\/p>\n<p>&nbsp;<\/p>\n<h2>Eigenschaften:<\/h2>\n<ul>\n<li>Material: Hochwertiger flexibler ABS-Kunststoff<\/li>\n<li>Ma\u00dfgeschneidert f\u00fcr eine Optik wie beim Original nach der Montage.<\/li>\n<li>Einfach zu montieren dank des vorinstallierten doppelseitigen Klebebands. Die hohe Klebkraft garantiert jahrelange Haltbarkeit und Widerstandsf\u00e4higkeit gegen alle Wetterbedingungen. <\/li>\n<li>Bei kalten Temperaturen verwenden Sie einen F\u00f6hn, um den Kleber zu erw\u00e4rmen und die Haftung zu verbessern.<\/li>\n<li>Verf\u00fcgbare Farben: Hochgl\u00e4nzend Schwarz, Carbon-Optik, Hochgl\u00e4nzend Rot<\/li>\n<\/ul>\n<p>&nbsp;<\/p>\n<h2>Geeignet f\u00fcr :<\/h2>\n<ul>\n<li>MINI Clubman F54, Cooper S F55 \u2013 2016 bis heute<\/li>\n<li>MINI 5-T\u00fcrer F55, Cooper S F55 \u2013 2015 bis heute<\/li>\n<li>MINI 3-T\u00fcrer F56, Cooper S F56 \u2013 2014 bis heute<\/li>\n<li>MINI Cabrio F57, Cooper S Cabrio F57 \u2013 2016 bis heute<\/li>\n<li>MINI Countryman F60, Cooper S F60 \u2013 2016 bis heute<\/li>\n<\/ul>\n<p>&nbsp;<\/p>\n<p><strong>Hinweis: Die Verkleidungen sind mit einer transparenten Schutzfolie versehen, die nach der Montage entfernt werden muss. Die Schutzfolie kann die tats\u00e4chliche Farbe der in den Produktbeschreibungen angezeigten Fotos beeinflussen. Die Verkleidungen haben nach dem Entfernen der Schutzfolien immer eine gl\u00e4nzende Oberfl\u00e4che, es sei denn, es wird etwas anderes angegeben.  <\/strong><\/p>\n<p>&nbsp;<\/p>\n<p><img decoding=\"async\" class=\"alignnone wp-image-22105 size-full lazyload\" data-src=\"https:\/\/custom-parts.fr\/wp-content\/uploads\/2023\/04\/Cerclages-de-compteur-compte-tour-MINI-Cooper-F54-F55-F56-F57-F60-6.jpg\" alt=\"\" width=\"500\" height=\"500\" data-srcset=\"https:\/\/custom-parts.fr\/wp-content\/uploads\/2023\/04\/Cerclages-de-compteur-compte-tour-MINI-Cooper-F54-F55-F56-F57-F60-6.jpg 500w, https:\/\/custom-parts.fr\/wp-content\/uploads\/2023\/04\/Cerclages-de-compteur-compte-tour-MINI-Cooper-F54-F55-F56-F57-F60-6-300x300.jpg 300w, https:\/\/custom-parts.fr\/wp-content\/uploads\/2023\/04\/Cerclages-de-compteur-compte-tour-MINI-Cooper-F54-F55-F56-F57-F60-6-150x150.jpg 150w, https:\/\/custom-parts.fr\/wp-content\/uploads\/2023\/04\/Cerclages-de-compteur-compte-tour-MINI-Cooper-F54-F55-F56-F57-F60-6-100x100.jpg 100w, https:\/\/custom-parts.fr\/wp-content\/uploads\/2023\/04\/Cerclages-de-compteur-compte-tour-MINI-Cooper-F54-F55-F56-F57-F60-6-48x48.jpg 48w\" data-sizes=\"(max-width: 500px) 100vw, 500px\" src=\"data:image\/svg+xml;base64,PHN2ZyB3aWR0aD0iMSIgaGVpZ2h0PSIxIiB4bWxucz0iaHR0cDovL3d3dy53My5vcmcvMjAwMC9zdmciPjwvc3ZnPg==\" style=\"--smush-placeholder-width: 500px; --smush-placeholder-aspect-ratio: 500\/500;\" \/><\/p>\n<p><img decoding=\"async\" class=\"alignnone wp-image-22102 size-full lazyload\" data-src=\"https:\/\/custom-parts.fr\/wp-content\/uploads\/2023\/04\/Cerclages-de-compteur-compte-tour-MINI-Cooper-F54-F55-F56-F57-F60-3.jpg\" alt=\"\" width=\"500\" height=\"500\" data-srcset=\"https:\/\/custom-parts.fr\/wp-content\/uploads\/2023\/04\/Cerclages-de-compteur-compte-tour-MINI-Cooper-F54-F55-F56-F57-F60-3.jpg 500w, https:\/\/custom-parts.fr\/wp-content\/uploads\/2023\/04\/Cerclages-de-compteur-compte-tour-MINI-Cooper-F54-F55-F56-F57-F60-3-300x300.jpg 300w, https:\/\/custom-parts.fr\/wp-content\/uploads\/2023\/04\/Cerclages-de-compteur-compte-tour-MINI-Cooper-F54-F55-F56-F57-F60-3-150x150.jpg 150w, https:\/\/custom-parts.fr\/wp-content\/uploads\/2023\/04\/Cerclages-de-compteur-compte-tour-MINI-Cooper-F54-F55-F56-F57-F60-3-100x100.jpg 100w, https:\/\/custom-parts.fr\/wp-content\/uploads\/2023\/04\/Cerclages-de-compteur-compte-tour-MINI-Cooper-F54-F55-F56-F57-F60-3-48x48.jpg 48w\" data-sizes=\"(max-width: 500px) 100vw, 500px\" src=\"data:image\/svg+xml;base64,PHN2ZyB3aWR0aD0iMSIgaGVpZ2h0PSIxIiB4bWxucz0iaHR0cDovL3d3dy53My5vcmcvMjAwMC9zdmciPjwvc3ZnPg==\" style=\"--smush-placeholder-width: 500px; --smush-placeholder-aspect-ratio: 500\/500;\" \/><\/p>\n<p>&nbsp;<\/p>\n<p><strong>Vervollst\u00e4ndigen Sie Ihren neuen Look mit unseren Lenkradmittelringen, indem Sie <a href=\"https:\/\/custom-parts.fr\/de\/produit\/cache-bague-centre-de-volant-mini-f54-f55-f56-f57-f60-2\/\">diese Seite besuchen<\/a>.<\/strong><\/p>\n<p><img decoding=\"async\" class=\"alignnone wp-image-22121 size-full lazyload\" data-src=\"https:\/\/custom-parts.fr\/wp-content\/uploads\/2023\/02\/Cerclages-centre-volant-MINI-Cooper-F54-F55-F56-F57-F60.jpg\" alt=\"\" width=\"500\" height=\"500\" data-srcset=\"https:\/\/custom-parts.fr\/wp-content\/uploads\/2023\/02\/Cerclages-centre-volant-MINI-Cooper-F54-F55-F56-F57-F60.jpg 500w, https:\/\/custom-parts.fr\/wp-content\/uploads\/2023\/02\/Cerclages-centre-volant-MINI-Cooper-F54-F55-F56-F57-F60-300x300.jpg 300w, https:\/\/custom-parts.fr\/wp-content\/uploads\/2023\/02\/Cerclages-centre-volant-MINI-Cooper-F54-F55-F56-F57-F60-150x150.jpg 150w, https:\/\/custom-parts.fr\/wp-content\/uploads\/2023\/02\/Cerclages-centre-volant-MINI-Cooper-F54-F55-F56-F57-F60-100x100.jpg 100w, https:\/\/custom-parts.fr\/wp-content\/uploads\/2023\/02\/Cerclages-centre-volant-MINI-Cooper-F54-F55-F56-F57-F60-48x48.jpg 48w\" data-sizes=\"(max-width: 500px) 100vw, 500px\" src=\"data:image\/svg+xml;base64,PHN2ZyB3aWR0aD0iMSIgaGVpZ2h0PSIxIiB4bWxucz0iaHR0cDovL3d3dy53My5vcmcvMjAwMC9zdmciPjwvc3ZnPg==\" style=\"--smush-placeholder-width: 500px; --smush-placeholder-aspect-ratio: 500\/500;\" \/><\/p>\n<p>&nbsp;<\/p>\n","protected":false},"excerpt":{"rendered":"<p><span style=\"color: #39991a; font-weight: 900;\">\u2713<\/span> Gestalten Sie Ihren Mini ganz nach Ihrem Geschmack!<br \/>\n<span style=\"color: #39991a; font-weight: 900;\">\u2713<\/span> Einfach zu installieren und auszutauschen<br \/>\n<span style=\"color: #39991a; font-weight: 900;\">\u2713<\/span> Perfekte Passform f\u00fcr Ihr Originalteil<\/p>\n","protected":false},"featured_media":24261,"comment_status":"open","ping_status":"closed","template":"","meta":[],"product_brand":[],"product_cat":[191,198,197],"product_tag":[],"class_list":{"0":"post-24864","1":"product","2":"type-product","3":"status-publish","4":"has-post-thumbnail","6":"product_cat-mini-cooper-ersatzteile-zubehoer","7":"product_cat-ersatzteilen-zubehor-mini-3-gen","8":"product_cat-interieur-zubehor-fur-mini-3-gen","10":"first","11":"instock","12":"taxable","13":"shipping-taxable","14":"purchasable","15":"product-type-variable"},"yoast_head":"<!-- This site is optimized with the Yoast SEO plugin v27.2 - https:\/\/yoast.com\/product\/yoast-seo-wordpress\/ -->\n<title>Z\u00e4hlerringe &amp; Drehzahlmesser f\u00fcr Mini Cooper F54 F55 F56 F57 F60<\/title>\n<meta name=\"description\" content=\"Kaufen Sie Ihren Z\u00e4hlerringe &amp; Drehzahlmesser f\u00fcr Mini Cooper F54 F55 F56 F57 F60 und all Ihr Custom-Zubeh\u00f6r f\u00fcr BMW MINI online!\" \/>\n<meta name=\"robots\" content=\"index, follow, max-snippet:-1, max-image-preview:large, max-video-preview:-1\" \/>\n<link rel=\"canonical\" href=\"https:\/\/custom-parts.fr\/de\/produkt\/cerclages-de-compteur-compte-tour-mini-cooper-f54-f55-f56-f57-f60\/\" \/>\n<meta property=\"og:locale\" content=\"de_DE\" \/>\n<meta property=\"og:type\" content=\"article\" \/>\n<meta property=\"og:title\" content=\"Z\u00e4hlerringe &amp; Drehzahlmesser f\u00fcr Mini Cooper F54 F55 F56 F57 F60\" \/>\n<meta property=\"og:description\" content=\"Kaufen Sie Ihren Z\u00e4hlerringe &amp; Drehzahlmesser f\u00fcr Mini Cooper F54 F55 F56 F57 F60 und all Ihr Custom-Zubeh\u00f6r f\u00fcr BMW MINI online!\" \/>\n<meta property=\"og:url\" content=\"https:\/\/custom-parts.fr\/de\/produkt\/cerclages-de-compteur-compte-tour-mini-cooper-f54-f55-f56-f57-f60\/\" \/>\n<meta property=\"og:site_name\" content=\"Custom-Parts.fr\" \/>\n<meta property=\"article:modified_time\" content=\"2026-03-29T18:21:01+00:00\" \/>\n<meta property=\"og:image\" content=\"https:\/\/custom-parts.fr\/wp-content\/uploads\/2023\/04\/Cerclages-de-compteur-compte-tour-MINI-Cooper-F54-F55-F56-F57-F60-2.jpg\" \/>\n\t<meta property=\"og:image:width\" content=\"500\" \/>\n\t<meta property=\"og:image:height\" content=\"500\" \/>\n\t<meta property=\"og:image:type\" content=\"image\/jpeg\" \/>\n<meta name=\"twitter:card\" content=\"summary_large_image\" \/>\n<meta name=\"twitter:label1\" content=\"Gesch\u00e4tzte Lesezeit\" \/>\n\t<meta name=\"twitter:data1\" content=\"2\u00a0Minute\" \/>\n<script type=\"application\/ld+json\" class=\"yoast-schema-graph\">{\"@context\":\"https:\/\/schema.org\",\"@graph\":[{\"@type\":\"WebPage\",\"@id\":\"https:\/\/custom-parts.fr\/de\/produkt\/cerclages-de-compteur-compte-tour-mini-cooper-f54-f55-f56-f57-f60\/\",\"url\":\"https:\/\/custom-parts.fr\/de\/produkt\/cerclages-de-compteur-compte-tour-mini-cooper-f54-f55-f56-f57-f60\/\",\"name\":\"Z\u00e4hlerringe &amp; Drehzahlmesser f\u00fcr Mini Cooper F54 F55 F56 F57 F60\",\"isPartOf\":{\"@id\":\"https:\/\/custom-parts.fr\/de\/#website\"},\"primaryImageOfPage\":{\"@id\":\"https:\/\/custom-parts.fr\/de\/produkt\/cerclages-de-compteur-compte-tour-mini-cooper-f54-f55-f56-f57-f60\/#primaryimage\"},\"image\":{\"@id\":\"https:\/\/custom-parts.fr\/de\/produkt\/cerclages-de-compteur-compte-tour-mini-cooper-f54-f55-f56-f57-f60\/#primaryimage\"},\"thumbnailUrl\":\"https:\/\/custom-parts.fr\/wp-content\/uploads\/2023\/04\/Cerclages-de-compteur-compte-tour-MINI-Cooper-F54-F55-F56-F57-F60-2.jpg\",\"datePublished\":\"2023-04-09T20:59:11+00:00\",\"dateModified\":\"2026-03-29T18:21:01+00:00\",\"description\":\"Kaufen Sie Ihren Z\u00e4hlerringe &amp; Drehzahlmesser f\u00fcr Mini Cooper F54 F55 F56 F57 F60 und all Ihr Custom-Zubeh\u00f6r f\u00fcr BMW MINI online!\",\"breadcrumb\":{\"@id\":\"https:\/\/custom-parts.fr\/de\/produkt\/cerclages-de-compteur-compte-tour-mini-cooper-f54-f55-f56-f57-f60\/#breadcrumb\"},\"inLanguage\":\"de\",\"potentialAction\":[{\"@type\":\"ReadAction\",\"target\":[\"https:\/\/custom-parts.fr\/de\/produkt\/cerclages-de-compteur-compte-tour-mini-cooper-f54-f55-f56-f57-f60\/\"]}]},{\"@type\":\"ImageObject\",\"inLanguage\":\"de\",\"@id\":\"https:\/\/custom-parts.fr\/de\/produkt\/cerclages-de-compteur-compte-tour-mini-cooper-f54-f55-f56-f57-f60\/#primaryimage\",\"url\":\"https:\/\/custom-parts.fr\/wp-content\/uploads\/2023\/04\/Cerclages-de-compteur-compte-tour-MINI-Cooper-F54-F55-F56-F57-F60-2.jpg\",\"contentUrl\":\"https:\/\/custom-parts.fr\/wp-content\/uploads\/2023\/04\/Cerclages-de-compteur-compte-tour-MINI-Cooper-F54-F55-F56-F57-F60-2.jpg\",\"width\":500,\"height\":500},{\"@type\":\"BreadcrumbList\",\"@id\":\"https:\/\/custom-parts.fr\/de\/produkt\/cerclages-de-compteur-compte-tour-mini-cooper-f54-f55-f56-f57-f60\/#breadcrumb\",\"itemListElement\":[{\"@type\":\"ListItem\",\"position\":1,\"name\":\"Startseite\",\"item\":\"https:\/\/custom-parts.fr\/de\/kaufen-sie-teile-und-zubehoer-fuer-mini-bmw-custom-parts-de\/\"},{\"@type\":\"ListItem\",\"position\":2,\"name\":\"Shop\",\"item\":\"https:\/\/custom-parts.fr\/de\/alle-produkte\/\"},{\"@type\":\"ListItem\",\"position\":3,\"name\":\"Z\u00e4hlerringe &amp; Drehzahlmesser f\u00fcr Mini Cooper F54 F55 F56 F57 F60\"}]},{\"@type\":\"WebSite\",\"@id\":\"https:\/\/custom-parts.fr\/de\/#website\",\"url\":\"https:\/\/custom-parts.fr\/de\/\",\"name\":\"Custom-Parts.fr\",\"description\":\"Custom BMW MINI Ersatzteile & Zubeh\u00f6r\",\"publisher\":{\"@id\":\"https:\/\/custom-parts.fr\/de\/#organization\"},\"potentialAction\":[{\"@type\":\"SearchAction\",\"target\":{\"@type\":\"EntryPoint\",\"urlTemplate\":\"https:\/\/custom-parts.fr\/de\/?s={search_term_string}\"},\"query-input\":{\"@type\":\"PropertyValueSpecification\",\"valueRequired\":true,\"valueName\":\"search_term_string\"}}],\"inLanguage\":\"de\"},{\"@type\":\"Organization\",\"@id\":\"https:\/\/custom-parts.fr\/de\/#organization\",\"name\":\"Custom-Parts\",\"url\":\"https:\/\/custom-parts.fr\/de\/\",\"logo\":{\"@type\":\"ImageObject\",\"inLanguage\":\"de\",\"@id\":\"https:\/\/custom-parts.fr\/de\/#\/schema\/logo\/image\/\",\"url\":\"https:\/\/custom-parts.fr\/wp-content\/uploads\/2023\/01\/cropped-cropped-cropped-final-new-police-2-1-1.png\",\"contentUrl\":\"https:\/\/custom-parts.fr\/wp-content\/uploads\/2023\/01\/cropped-cropped-cropped-final-new-police-2-1-1.png\",\"width\":450,\"height\":125,\"caption\":\"Custom-Parts\"},\"image\":{\"@id\":\"https:\/\/custom-parts.fr\/de\/#\/schema\/logo\/image\/\"}}]}<\/script>\n<!-- \/ Yoast SEO plugin. -->","yoast_head_json":{"title":"Z\u00e4hlerringe &amp; Drehzahlmesser f\u00fcr Mini Cooper F54 F55 F56 F57 F60","description":"Kaufen Sie Ihren Z\u00e4hlerringe &amp; Drehzahlmesser f\u00fcr Mini Cooper F54 F55 F56 F57 F60 und all Ihr Custom-Zubeh\u00f6r f\u00fcr BMW MINI online!","robots":{"index":"index","follow":"follow","max-snippet":"max-snippet:-1","max-image-preview":"max-image-preview:large","max-video-preview":"max-video-preview:-1"},"canonical":"https:\/\/custom-parts.fr\/de\/produkt\/cerclages-de-compteur-compte-tour-mini-cooper-f54-f55-f56-f57-f60\/","og_locale":"de_DE","og_type":"article","og_title":"Z\u00e4hlerringe &amp; Drehzahlmesser f\u00fcr Mini Cooper F54 F55 F56 F57 F60","og_description":"Kaufen Sie Ihren Z\u00e4hlerringe &amp; Drehzahlmesser f\u00fcr Mini Cooper F54 F55 F56 F57 F60 und all Ihr Custom-Zubeh\u00f6r f\u00fcr BMW MINI online!","og_url":"https:\/\/custom-parts.fr\/de\/produkt\/cerclages-de-compteur-compte-tour-mini-cooper-f54-f55-f56-f57-f60\/","og_site_name":"Custom-Parts.fr","article_modified_time":"2026-03-29T18:21:01+00:00","og_image":[{"width":500,"height":500,"url":"https:\/\/custom-parts.fr\/wp-content\/uploads\/2023\/04\/Cerclages-de-compteur-compte-tour-MINI-Cooper-F54-F55-F56-F57-F60-2.jpg","type":"image\/jpeg"}],"twitter_card":"summary_large_image","twitter_misc":{"Gesch\u00e4tzte Lesezeit":"2\u00a0Minute"},"schema":{"@context":"https:\/\/schema.org","@graph":[{"@type":"WebPage","@id":"https:\/\/custom-parts.fr\/de\/produkt\/cerclages-de-compteur-compte-tour-mini-cooper-f54-f55-f56-f57-f60\/","url":"https:\/\/custom-parts.fr\/de\/produkt\/cerclages-de-compteur-compte-tour-mini-cooper-f54-f55-f56-f57-f60\/","name":"Z\u00e4hlerringe &amp; Drehzahlmesser f\u00fcr Mini Cooper F54 F55 F56 F57 F60","isPartOf":{"@id":"https:\/\/custom-parts.fr\/de\/#website"},"primaryImageOfPage":{"@id":"https:\/\/custom-parts.fr\/de\/produkt\/cerclages-de-compteur-compte-tour-mini-cooper-f54-f55-f56-f57-f60\/#primaryimage"},"image":{"@id":"https:\/\/custom-parts.fr\/de\/produkt\/cerclages-de-compteur-compte-tour-mini-cooper-f54-f55-f56-f57-f60\/#primaryimage"},"thumbnailUrl":"https:\/\/custom-parts.fr\/wp-content\/uploads\/2023\/04\/Cerclages-de-compteur-compte-tour-MINI-Cooper-F54-F55-F56-F57-F60-2.jpg","datePublished":"2023-04-09T20:59:11+00:00","dateModified":"2026-03-29T18:21:01+00:00","description":"Kaufen Sie Ihren Z\u00e4hlerringe &amp; Drehzahlmesser f\u00fcr Mini Cooper F54 F55 F56 F57 F60 und all Ihr Custom-Zubeh\u00f6r f\u00fcr BMW MINI online!","breadcrumb":{"@id":"https:\/\/custom-parts.fr\/de\/produkt\/cerclages-de-compteur-compte-tour-mini-cooper-f54-f55-f56-f57-f60\/#breadcrumb"},"inLanguage":"de","potentialAction":[{"@type":"ReadAction","target":["https:\/\/custom-parts.fr\/de\/produkt\/cerclages-de-compteur-compte-tour-mini-cooper-f54-f55-f56-f57-f60\/"]}]},{"@type":"ImageObject","inLanguage":"de","@id":"https:\/\/custom-parts.fr\/de\/produkt\/cerclages-de-compteur-compte-tour-mini-cooper-f54-f55-f56-f57-f60\/#primaryimage","url":"https:\/\/custom-parts.fr\/wp-content\/uploads\/2023\/04\/Cerclages-de-compteur-compte-tour-MINI-Cooper-F54-F55-F56-F57-F60-2.jpg","contentUrl":"https:\/\/custom-parts.fr\/wp-content\/uploads\/2023\/04\/Cerclages-de-compteur-compte-tour-MINI-Cooper-F54-F55-F56-F57-F60-2.jpg","width":500,"height":500},{"@type":"BreadcrumbList","@id":"https:\/\/custom-parts.fr\/de\/produkt\/cerclages-de-compteur-compte-tour-mini-cooper-f54-f55-f56-f57-f60\/#breadcrumb","itemListElement":[{"@type":"ListItem","position":1,"name":"Startseite","item":"https:\/\/custom-parts.fr\/de\/kaufen-sie-teile-und-zubehoer-fuer-mini-bmw-custom-parts-de\/"},{"@type":"ListItem","position":2,"name":"Shop","item":"https:\/\/custom-parts.fr\/de\/alle-produkte\/"},{"@type":"ListItem","position":3,"name":"Z\u00e4hlerringe &amp; Drehzahlmesser f\u00fcr Mini Cooper F54 F55 F56 F57 F60"}]},{"@type":"WebSite","@id":"https:\/\/custom-parts.fr\/de\/#website","url":"https:\/\/custom-parts.fr\/de\/","name":"Custom-Parts.fr","description":"Custom BMW MINI Ersatzteile & Zubeh\u00f6r","publisher":{"@id":"https:\/\/custom-parts.fr\/de\/#organization"},"potentialAction":[{"@type":"SearchAction","target":{"@type":"EntryPoint","urlTemplate":"https:\/\/custom-parts.fr\/de\/?s={search_term_string}"},"query-input":{"@type":"PropertyValueSpecification","valueRequired":true,"valueName":"search_term_string"}}],"inLanguage":"de"},{"@type":"Organization","@id":"https:\/\/custom-parts.fr\/de\/#organization","name":"Custom-Parts","url":"https:\/\/custom-parts.fr\/de\/","logo":{"@type":"ImageObject","inLanguage":"de","@id":"https:\/\/custom-parts.fr\/de\/#\/schema\/logo\/image\/","url":"https:\/\/custom-parts.fr\/wp-content\/uploads\/2023\/01\/cropped-cropped-cropped-final-new-police-2-1-1.png","contentUrl":"https:\/\/custom-parts.fr\/wp-content\/uploads\/2023\/01\/cropped-cropped-cropped-final-new-police-2-1-1.png","width":450,"height":125,"caption":"Custom-Parts"},"image":{"@id":"https:\/\/custom-parts.fr\/de\/#\/schema\/logo\/image\/"}}]}},"_links":{"self":[{"href":"https:\/\/custom-parts.fr\/de\/wp-json\/wp\/v2\/product\/24864","targetHints":{"allow":["GET"]}}],"collection":[{"href":"https:\/\/custom-parts.fr\/de\/wp-json\/wp\/v2\/product"}],"about":[{"href":"https:\/\/custom-parts.fr\/de\/wp-json\/wp\/v2\/types\/product"}],"replies":[{"embeddable":true,"href":"https:\/\/custom-parts.fr\/de\/wp-json\/wp\/v2\/comments?post=24864"}],"wp:featuredmedia":[{"embeddable":true,"href":"https:\/\/custom-parts.fr\/de\/wp-json\/wp\/v2\/media\/24261"}],"wp:attachment":[{"href":"https:\/\/custom-parts.fr\/de\/wp-json\/wp\/v2\/media?parent=24864"}],"wp:term":[{"taxonomy":"product_brand","embeddable":true,"href":"https:\/\/custom-parts.fr\/de\/wp-json\/wp\/v2\/product_brand?post=24864"},{"taxonomy":"product_cat","embeddable":true,"href":"https:\/\/custom-parts.fr\/de\/wp-json\/wp\/v2\/product_cat?post=24864"},{"taxonomy":"product_tag","embeddable":true,"href":"https:\/\/custom-parts.fr\/de\/wp-json\/wp\/v2\/product_tag?post=24864"}],"curies":[{"name":"wp","href":"https:\/\/api.w.org\/{rel}","templated":true}]}}