{"id":24895,"date":"2023-03-19T20:27:18","date_gmt":"2023-03-19T19:27:18","guid":{"rendered":"https:\/\/custom-parts.fr\/produit\/coque-de-trappe-a-essence-mini-cooper-s-r55-r56\/"},"modified":"2025-06-15T01:34:53","modified_gmt":"2025-06-14T23:34:53","slug":"coque-de-trappe-a-essence-mini-cooper-s-r55-r56","status":"publish","type":"product","link":"https:\/\/custom-parts.fr\/de\/produkt\/coque-de-trappe-a-essence-mini-cooper-s-r55-r56\/","title":{"rendered":"Kraftstoffdeckel f\u00fcr Mini Cooper S R55 R56"},"content":{"rendered":"<p><strong>Verkleidung f\u00fcr den Kraftstoffdeckel f\u00fcr MINI Cooper S R55 und Cooper S R56.<\/strong><\/p>\n<p>Diese passgenaue Verkleidung f\u00fcr den originalen Kraftstoffdeckel verleiht Ihrer MINI Cooper S im Handumdrehen einen frischen Look! Sie wird einfach auf den originalen Kraftstoffdeckel aufgeklebt, dank eines hochwertigen doppelseitigen Klebebands. Das feine, ma\u00dfgeschneiderte Kunststoffmaterial deckt den Kraftstoffdeckel perfekt ab und sorgt f\u00fcr eine identische Optik wie das Original. Ein hervorragendes Produkt, um in wenigen Sekunden vom Chromlook zu wechseln, mit der Garantie f\u00fcr ein perfektes Ergebnis.<\/p>\n<p>Wir bieten auch andere Ersatzteile und passende Dekor-Kits an, mit denen Sie das neue \u00c4u\u00dfere Ihrer MINI komplettieren k\u00f6nnen.<\/p>\n<p><strong>Hinweis: Die Verkleidungen sind mit einer transparenten Schutzfolie versehen, die nach der Montage entfernt werden muss. Die Schutzfolie kann die tats\u00e4chliche Farbe der auf den Produktseiten angezeigten Fotos beeinflussen. Die Verkleidungen haben nach dem Entfernen der Schutzfolien immer eine gl\u00e4nzende Oberfl\u00e4che, sofern nicht anders angegeben.<\/strong><\/p>\n<h2>Eigenschaften:<\/h2>\n<ul>\n<li>Material: Hochwertiger, feiner und robuster ABS-Kunststoff<\/li>\n<li>Passgenau entworfen f\u00fcr eine Optik wie das Original nach der Montage.<\/li>\n<li>Einfache Montage dank des vorinstallierten doppelseitigen Klebebands. Die hohe Klebkraft garantiert jahrelange Stabilit\u00e4t und Widerstandsf\u00e4higkeit unter allen Witterungsbedingungen.<\/li>\n<li>Bei kalten Temperaturen nutzen Sie einen F\u00f6n, um den Kleber zu erw\u00e4rmen und die Haftung zu verbessern.<\/li>\n<li>Verf\u00fcgbare Farben: Hochglanz Schwarz, Carbon-Look, Hochglanz Rot, Hochglanz Rosa.<\/li>\n<\/ul>\n<h2>Geeignet f\u00fcr:<\/h2>\n<ul>\n<li>MINI Cooper S R55 Clubman: 2008 bis 2014<\/li>\n<li>MINI Cooper S R56: 2007 bis 2013<\/li>\n<\/ul>\n","protected":false},"excerpt":{"rendered":"<p><span style=\"color: #39991a; font-weight: 900;\">\u2713<\/span> Gestalten Sie Ihren Mini ganz nach Ihrem Geschmack!<br \/>\n<span style=\"color: #39991a; font-weight: 900;\">\u2713<\/span> Einfach zu installieren und auszutauschen<br \/>\n<span style=\"color: #39991a; font-weight: 900;\">\u2713<\/span> Perfekte Passform f\u00fcr Ihr Originalteil<\/p>\n","protected":false},"featured_media":24233,"comment_status":"open","ping_status":"closed","template":"","meta":[],"product_brand":[],"product_cat":[191,194,193],"product_tag":[],"class_list":{"0":"post-24895","1":"product","2":"type-product","3":"status-publish","4":"has-post-thumbnail","6":"product_cat-mini-cooper-ersatzteile-zubehoer","7":"product_cat-exterieur-zubehor-mini-2-gen","8":"product_cat-zubehoer-mini-cooper-2-gen","10":"first","11":"instock","12":"taxable","13":"shipping-taxable","14":"purchasable","15":"product-type-variable"},"yoast_head":"<!-- This site is optimized with the Yoast SEO plugin v27.2 - https:\/\/yoast.com\/product\/yoast-seo-wordpress\/ -->\n<title>Kraftstoffdeckel f\u00fcr Mini Cooper S R55 R56<\/title>\n<meta name=\"description\" content=\"Kaufen Sie Ihren Kraftstoffdeckel f\u00fcr Mini Cooper S R55 R56 und alle custom BMW MINI-Zubeh\u00f6r auf Custom-Parts.fr!\" \/>\n<meta name=\"robots\" content=\"index, follow, max-snippet:-1, max-image-preview:large, max-video-preview:-1\" \/>\n<link rel=\"canonical\" href=\"https:\/\/custom-parts.fr\/de\/produkt\/coque-de-trappe-a-essence-mini-cooper-s-r55-r56\/\" \/>\n<meta property=\"og:locale\" content=\"de_DE\" \/>\n<meta property=\"og:type\" content=\"article\" \/>\n<meta property=\"og:title\" content=\"Kraftstoffdeckel f\u00fcr Mini Cooper S R55 R56\" \/>\n<meta property=\"og:description\" content=\"Kaufen Sie Ihren Kraftstoffdeckel f\u00fcr Mini Cooper S R55 R56 und alle custom BMW MINI-Zubeh\u00f6r auf Custom-Parts.fr!\" \/>\n<meta property=\"og:url\" content=\"https:\/\/custom-parts.fr\/de\/produkt\/coque-de-trappe-a-essence-mini-cooper-s-r55-r56\/\" \/>\n<meta property=\"og:site_name\" content=\"Custom-Parts.fr\" \/>\n<meta property=\"article:modified_time\" content=\"2025-06-14T23:34:53+00:00\" \/>\n<meta property=\"og:image\" content=\"https:\/\/custom-parts.fr\/wp-content\/uploads\/2023\/03\/Coque-de-Trappe-a-essence-MINI-Cooper-S-R55-R56-2.jpg\" \/>\n\t<meta property=\"og:image:width\" content=\"500\" \/>\n\t<meta property=\"og:image:height\" content=\"500\" \/>\n\t<meta property=\"og:image:type\" content=\"image\/jpeg\" \/>\n<meta name=\"twitter:card\" content=\"summary_large_image\" \/>\n<meta name=\"twitter:label1\" content=\"Gesch\u00e4tzte Lesezeit\" \/>\n\t<meta name=\"twitter:data1\" content=\"2\u00a0Minute\" \/>\n<script type=\"application\/ld+json\" class=\"yoast-schema-graph\">{\"@context\":\"https:\/\/schema.org\",\"@graph\":[{\"@type\":\"WebPage\",\"@id\":\"https:\/\/custom-parts.fr\/de\/produkt\/coque-de-trappe-a-essence-mini-cooper-s-r55-r56\/\",\"url\":\"https:\/\/custom-parts.fr\/de\/produkt\/coque-de-trappe-a-essence-mini-cooper-s-r55-r56\/\",\"name\":\"Kraftstoffdeckel f\u00fcr Mini Cooper S R55 R56\",\"isPartOf\":{\"@id\":\"https:\/\/custom-parts.fr\/de\/#website\"},\"primaryImageOfPage\":{\"@id\":\"https:\/\/custom-parts.fr\/de\/produkt\/coque-de-trappe-a-essence-mini-cooper-s-r55-r56\/#primaryimage\"},\"image\":{\"@id\":\"https:\/\/custom-parts.fr\/de\/produkt\/coque-de-trappe-a-essence-mini-cooper-s-r55-r56\/#primaryimage\"},\"thumbnailUrl\":\"https:\/\/custom-parts.fr\/wp-content\/uploads\/2023\/03\/Coque-de-Trappe-a-essence-MINI-Cooper-S-R55-R56-2.jpg\",\"datePublished\":\"2023-03-19T19:27:18+00:00\",\"dateModified\":\"2025-06-14T23:34:53+00:00\",\"description\":\"Kaufen Sie Ihren Kraftstoffdeckel f\u00fcr Mini Cooper S R55 R56 und alle custom BMW MINI-Zubeh\u00f6r auf Custom-Parts.fr!\",\"breadcrumb\":{\"@id\":\"https:\/\/custom-parts.fr\/de\/produkt\/coque-de-trappe-a-essence-mini-cooper-s-r55-r56\/#breadcrumb\"},\"inLanguage\":\"de\",\"potentialAction\":[{\"@type\":\"ReadAction\",\"target\":[\"https:\/\/custom-parts.fr\/de\/produkt\/coque-de-trappe-a-essence-mini-cooper-s-r55-r56\/\"]}]},{\"@type\":\"ImageObject\",\"inLanguage\":\"de\",\"@id\":\"https:\/\/custom-parts.fr\/de\/produkt\/coque-de-trappe-a-essence-mini-cooper-s-r55-r56\/#primaryimage\",\"url\":\"https:\/\/custom-parts.fr\/wp-content\/uploads\/2023\/03\/Coque-de-Trappe-a-essence-MINI-Cooper-S-R55-R56-2.jpg\",\"contentUrl\":\"https:\/\/custom-parts.fr\/wp-content\/uploads\/2023\/03\/Coque-de-Trappe-a-essence-MINI-Cooper-S-R55-R56-2.jpg\",\"width\":500,\"height\":500},{\"@type\":\"BreadcrumbList\",\"@id\":\"https:\/\/custom-parts.fr\/de\/produkt\/coque-de-trappe-a-essence-mini-cooper-s-r55-r56\/#breadcrumb\",\"itemListElement\":[{\"@type\":\"ListItem\",\"position\":1,\"name\":\"Startseite\",\"item\":\"https:\/\/custom-parts.fr\/de\/kaufen-sie-teile-und-zubehoer-fuer-mini-bmw-custom-parts-de\/\"},{\"@type\":\"ListItem\",\"position\":2,\"name\":\"Shop\",\"item\":\"https:\/\/custom-parts.fr\/de\/alle-produkte\/\"},{\"@type\":\"ListItem\",\"position\":3,\"name\":\"Kraftstoffdeckel f\u00fcr Mini Cooper S R55 R56\"}]},{\"@type\":\"WebSite\",\"@id\":\"https:\/\/custom-parts.fr\/de\/#website\",\"url\":\"https:\/\/custom-parts.fr\/de\/\",\"name\":\"Custom-Parts.fr\",\"description\":\"Custom BMW MINI Ersatzteile & Zubeh\u00f6r\",\"publisher\":{\"@id\":\"https:\/\/custom-parts.fr\/de\/#organization\"},\"potentialAction\":[{\"@type\":\"SearchAction\",\"target\":{\"@type\":\"EntryPoint\",\"urlTemplate\":\"https:\/\/custom-parts.fr\/de\/?s={search_term_string}\"},\"query-input\":{\"@type\":\"PropertyValueSpecification\",\"valueRequired\":true,\"valueName\":\"search_term_string\"}}],\"inLanguage\":\"de\"},{\"@type\":\"Organization\",\"@id\":\"https:\/\/custom-parts.fr\/de\/#organization\",\"name\":\"Custom-Parts\",\"url\":\"https:\/\/custom-parts.fr\/de\/\",\"logo\":{\"@type\":\"ImageObject\",\"inLanguage\":\"de\",\"@id\":\"https:\/\/custom-parts.fr\/de\/#\/schema\/logo\/image\/\",\"url\":\"https:\/\/custom-parts.fr\/wp-content\/uploads\/2023\/01\/cropped-cropped-cropped-final-new-police-2-1-1.png\",\"contentUrl\":\"https:\/\/custom-parts.fr\/wp-content\/uploads\/2023\/01\/cropped-cropped-cropped-final-new-police-2-1-1.png\",\"width\":450,\"height\":125,\"caption\":\"Custom-Parts\"},\"image\":{\"@id\":\"https:\/\/custom-parts.fr\/de\/#\/schema\/logo\/image\/\"}}]}<\/script>\n<!-- \/ Yoast SEO plugin. -->","yoast_head_json":{"title":"Kraftstoffdeckel f\u00fcr Mini Cooper S R55 R56","description":"Kaufen Sie Ihren Kraftstoffdeckel f\u00fcr Mini Cooper S R55 R56 und alle custom BMW MINI-Zubeh\u00f6r auf Custom-Parts.fr!","robots":{"index":"index","follow":"follow","max-snippet":"max-snippet:-1","max-image-preview":"max-image-preview:large","max-video-preview":"max-video-preview:-1"},"canonical":"https:\/\/custom-parts.fr\/de\/produkt\/coque-de-trappe-a-essence-mini-cooper-s-r55-r56\/","og_locale":"de_DE","og_type":"article","og_title":"Kraftstoffdeckel f\u00fcr Mini Cooper S R55 R56","og_description":"Kaufen Sie Ihren Kraftstoffdeckel f\u00fcr Mini Cooper S R55 R56 und alle custom BMW MINI-Zubeh\u00f6r auf Custom-Parts.fr!","og_url":"https:\/\/custom-parts.fr\/de\/produkt\/coque-de-trappe-a-essence-mini-cooper-s-r55-r56\/","og_site_name":"Custom-Parts.fr","article_modified_time":"2025-06-14T23:34:53+00:00","og_image":[{"width":500,"height":500,"url":"https:\/\/custom-parts.fr\/wp-content\/uploads\/2023\/03\/Coque-de-Trappe-a-essence-MINI-Cooper-S-R55-R56-2.jpg","type":"image\/jpeg"}],"twitter_card":"summary_large_image","twitter_misc":{"Gesch\u00e4tzte Lesezeit":"2\u00a0Minute"},"schema":{"@context":"https:\/\/schema.org","@graph":[{"@type":"WebPage","@id":"https:\/\/custom-parts.fr\/de\/produkt\/coque-de-trappe-a-essence-mini-cooper-s-r55-r56\/","url":"https:\/\/custom-parts.fr\/de\/produkt\/coque-de-trappe-a-essence-mini-cooper-s-r55-r56\/","name":"Kraftstoffdeckel f\u00fcr Mini Cooper S R55 R56","isPartOf":{"@id":"https:\/\/custom-parts.fr\/de\/#website"},"primaryImageOfPage":{"@id":"https:\/\/custom-parts.fr\/de\/produkt\/coque-de-trappe-a-essence-mini-cooper-s-r55-r56\/#primaryimage"},"image":{"@id":"https:\/\/custom-parts.fr\/de\/produkt\/coque-de-trappe-a-essence-mini-cooper-s-r55-r56\/#primaryimage"},"thumbnailUrl":"https:\/\/custom-parts.fr\/wp-content\/uploads\/2023\/03\/Coque-de-Trappe-a-essence-MINI-Cooper-S-R55-R56-2.jpg","datePublished":"2023-03-19T19:27:18+00:00","dateModified":"2025-06-14T23:34:53+00:00","description":"Kaufen Sie Ihren Kraftstoffdeckel f\u00fcr Mini Cooper S R55 R56 und alle custom BMW MINI-Zubeh\u00f6r auf Custom-Parts.fr!","breadcrumb":{"@id":"https:\/\/custom-parts.fr\/de\/produkt\/coque-de-trappe-a-essence-mini-cooper-s-r55-r56\/#breadcrumb"},"inLanguage":"de","potentialAction":[{"@type":"ReadAction","target":["https:\/\/custom-parts.fr\/de\/produkt\/coque-de-trappe-a-essence-mini-cooper-s-r55-r56\/"]}]},{"@type":"ImageObject","inLanguage":"de","@id":"https:\/\/custom-parts.fr\/de\/produkt\/coque-de-trappe-a-essence-mini-cooper-s-r55-r56\/#primaryimage","url":"https:\/\/custom-parts.fr\/wp-content\/uploads\/2023\/03\/Coque-de-Trappe-a-essence-MINI-Cooper-S-R55-R56-2.jpg","contentUrl":"https:\/\/custom-parts.fr\/wp-content\/uploads\/2023\/03\/Coque-de-Trappe-a-essence-MINI-Cooper-S-R55-R56-2.jpg","width":500,"height":500},{"@type":"BreadcrumbList","@id":"https:\/\/custom-parts.fr\/de\/produkt\/coque-de-trappe-a-essence-mini-cooper-s-r55-r56\/#breadcrumb","itemListElement":[{"@type":"ListItem","position":1,"name":"Startseite","item":"https:\/\/custom-parts.fr\/de\/kaufen-sie-teile-und-zubehoer-fuer-mini-bmw-custom-parts-de\/"},{"@type":"ListItem","position":2,"name":"Shop","item":"https:\/\/custom-parts.fr\/de\/alle-produkte\/"},{"@type":"ListItem","position":3,"name":"Kraftstoffdeckel f\u00fcr Mini Cooper S R55 R56"}]},{"@type":"WebSite","@id":"https:\/\/custom-parts.fr\/de\/#website","url":"https:\/\/custom-parts.fr\/de\/","name":"Custom-Parts.fr","description":"Custom BMW MINI Ersatzteile & Zubeh\u00f6r","publisher":{"@id":"https:\/\/custom-parts.fr\/de\/#organization"},"potentialAction":[{"@type":"SearchAction","target":{"@type":"EntryPoint","urlTemplate":"https:\/\/custom-parts.fr\/de\/?s={search_term_string}"},"query-input":{"@type":"PropertyValueSpecification","valueRequired":true,"valueName":"search_term_string"}}],"inLanguage":"de"},{"@type":"Organization","@id":"https:\/\/custom-parts.fr\/de\/#organization","name":"Custom-Parts","url":"https:\/\/custom-parts.fr\/de\/","logo":{"@type":"ImageObject","inLanguage":"de","@id":"https:\/\/custom-parts.fr\/de\/#\/schema\/logo\/image\/","url":"https:\/\/custom-parts.fr\/wp-content\/uploads\/2023\/01\/cropped-cropped-cropped-final-new-police-2-1-1.png","contentUrl":"https:\/\/custom-parts.fr\/wp-content\/uploads\/2023\/01\/cropped-cropped-cropped-final-new-police-2-1-1.png","width":450,"height":125,"caption":"Custom-Parts"},"image":{"@id":"https:\/\/custom-parts.fr\/de\/#\/schema\/logo\/image\/"}}]}},"_links":{"self":[{"href":"https:\/\/custom-parts.fr\/de\/wp-json\/wp\/v2\/product\/24895","targetHints":{"allow":["GET"]}}],"collection":[{"href":"https:\/\/custom-parts.fr\/de\/wp-json\/wp\/v2\/product"}],"about":[{"href":"https:\/\/custom-parts.fr\/de\/wp-json\/wp\/v2\/types\/product"}],"replies":[{"embeddable":true,"href":"https:\/\/custom-parts.fr\/de\/wp-json\/wp\/v2\/comments?post=24895"}],"wp:featuredmedia":[{"embeddable":true,"href":"https:\/\/custom-parts.fr\/de\/wp-json\/wp\/v2\/media\/24233"}],"wp:attachment":[{"href":"https:\/\/custom-parts.fr\/de\/wp-json\/wp\/v2\/media?parent=24895"}],"wp:term":[{"taxonomy":"product_brand","embeddable":true,"href":"https:\/\/custom-parts.fr\/de\/wp-json\/wp\/v2\/product_brand?post=24895"},{"taxonomy":"product_cat","embeddable":true,"href":"https:\/\/custom-parts.fr\/de\/wp-json\/wp\/v2\/product_cat?post=24895"},{"taxonomy":"product_tag","embeddable":true,"href":"https:\/\/custom-parts.fr\/de\/wp-json\/wp\/v2\/product_tag?post=24895"}],"curies":[{"name":"wp","href":"https:\/\/api.w.org\/{rel}","templated":true}]}}