{"id":24901,"date":"2023-03-12T19:41:36","date_gmt":"2023-03-12T18:41:36","guid":{"rendered":"https:\/\/custom-parts.fr\/produit\/caches-decoratifs-cerclages-de-phares-et-feux-arriere-mini-r60-countryman\/"},"modified":"2025-06-15T01:34:53","modified_gmt":"2025-06-14T23:34:53","slug":"caches-decoratifs-cerclages-de-phares-et-feux-arriere-mini-r60-countryman","status":"publish","type":"product","link":"https:\/\/custom-parts.fr\/de\/produkt\/caches-decoratifs-cerclages-de-phares-et-feux-arriere-mini-r60-countryman\/","title":{"rendered":"R\u00fccklicht Blende Verkleidungen f\u00fcr Mini R60 Countryman Schwarz Gl\u00e4nzend"},"content":{"rendered":"<p><strong>R\u00fccklicht Blende Verkleidungen MINI Countryman R60 &#8211; Hochglanz Schwarz<\/strong><\/p>\n<p>&nbsp;<\/p>\n<p>Verleihen Sie Ihrem Mini Cooper und Cooper S Countryman R60 mit diesen R\u00fccklichtverkleidungen einen neuen Look! Dank ma\u00dfgeschneiderter Herstellung passen diese Verkleidungen direkt auf die originalen R\u00fccklichtblenden. Die Verwendung des vorinstallierten doppelseitigen Automobilschaums erm\u00f6glicht eine einfache und schnelle Montage und garantiert gleichzeitig Langlebigkeit unter allen Bedingungen. Mit seinem feinen und dennoch robusten ABS-Kunststoff decken die Verkleidungen die originalen Scheinwerfer- und R\u00fccklichtblenden perfekt ab, ohne deren Erscheinungsbild zu ver\u00e4ndern. So bleibt der 100%-ige Originallook erhalten.<\/p>\n<p>&nbsp;<\/p>\n<p><strong>Das Set enth\u00e4lt folgende Verkleidungen:<\/strong><\/p>\n<p>&nbsp;<\/p>\n<ul>\n<li>R\u00fccklichtverkleidungen (x2)<\/li>\n<\/ul>\n<p>&nbsp;<\/p>\n<h2>Eigenschaften:<\/h2>\n<ul>\n<li>Farbe: Hochglanz Schwarz<\/li>\n<li>Material: ABS-Kunststoff<\/li>\n<li>Einfache Anbringung auf dem Originalteil dank hochwertigem, vorinstalliertem doppelseitigem Klebeband.<\/li>\n<li>Bei kalten Temperaturen z\u00f6gern Sie nicht, einen Haartrockner zu verwenden, um den Kleber zu erw\u00e4rmen und die Haftung zu verst\u00e4rken.<\/li>\n<li><strong>Die Verkleidungen sind mit einer transparenten Schutzfolie versehen, die nach der Montage abgezogen werden kann.<\/strong><\/li>\n<\/ul>\n<p>&nbsp;<\/p>\n<h2>Geeignet f\u00fcr:<\/h2>\n<ul>\n<li>MINI Cooper und Cooper S Countryman R60 (2011-2015)<\/li>\n<li>Die R\u00fccklichtverkleidungen (vorne) sind auch f\u00fcr MINI Cooper und Cooper S Paceman R61 von 2013 bis 2015 geeignet.<\/li>\n<\/ul>\n","protected":false},"excerpt":{"rendered":"<p><span style=\"color: #39991a; font-weight: 900;\">\u2713<\/span> Gestalten Sie Ihren Mini ganz nach Ihrem Geschmack!<br \/>\n<span style=\"color: #39991a; font-weight: 900;\">\u2713<\/span> Einfach zu installieren und auszutauschen<br \/>\n<span style=\"color: #39991a; font-weight: 900;\">\u2713<\/span> Perfekte Passform f\u00fcr Ihr Originalteil<\/p>\n","protected":false},"featured_media":24222,"comment_status":"open","ping_status":"closed","template":"","meta":[],"product_brand":[],"product_cat":[191,194,193],"product_tag":[],"class_list":{"0":"post-24901","1":"product","2":"type-product","3":"status-publish","4":"has-post-thumbnail","6":"product_cat-mini-cooper-ersatzteile-zubehoer","7":"product_cat-exterieur-zubehor-mini-2-gen","8":"product_cat-zubehoer-mini-cooper-2-gen","10":"first","11":"instock","12":"taxable","13":"shipping-taxable","14":"purchasable","15":"product-type-simple"},"yoast_head":"<!-- This site is optimized with the Yoast SEO plugin v27.2 - https:\/\/yoast.com\/product\/yoast-seo-wordpress\/ -->\n<title>R\u00fccklicht Blende Verkleidungen f\u00fcr Mini R60 Countryman Schwarz Gl\u00e4nzend<\/title>\n<meta name=\"description\" content=\"Achetez vos R\u00fccklicht Blende Verkleidungen f\u00fcr Mini R60 Countryman Schwarz Gl\u00e4nzend et tous vos accessoires BMW MINI sur Custom-Parts.fr !\" \/>\n<meta name=\"robots\" content=\"index, follow, max-snippet:-1, max-image-preview:large, max-video-preview:-1\" \/>\n<link rel=\"canonical\" href=\"https:\/\/custom-parts.fr\/de\/produkt\/caches-decoratifs-cerclages-de-phares-et-feux-arriere-mini-r60-countryman\/\" \/>\n<meta property=\"og:locale\" content=\"de_DE\" \/>\n<meta property=\"og:type\" content=\"article\" \/>\n<meta property=\"og:title\" content=\"R\u00fccklicht Blende Verkleidungen f\u00fcr Mini R60 Countryman Schwarz Gl\u00e4nzend\" \/>\n<meta property=\"og:description\" content=\"Achetez vos R\u00fccklicht Blende Verkleidungen f\u00fcr Mini R60 Countryman Schwarz Gl\u00e4nzend et tous vos accessoires BMW MINI sur Custom-Parts.fr !\" \/>\n<meta property=\"og:url\" content=\"https:\/\/custom-parts.fr\/de\/produkt\/caches-decoratifs-cerclages-de-phares-et-feux-arriere-mini-r60-countryman\/\" \/>\n<meta property=\"og:site_name\" content=\"Custom-Parts.fr\" \/>\n<meta property=\"article:modified_time\" content=\"2025-06-14T23:34:53+00:00\" \/>\n<meta property=\"og:image\" content=\"https:\/\/custom-parts.fr\/wp-content\/uploads\/2023\/03\/Caches-decoratifs-cerclages-de-phares-et-feux-arriere-MINI-R60-Countryman-3.jpg\" \/>\n\t<meta property=\"og:image:width\" content=\"500\" \/>\n\t<meta property=\"og:image:height\" content=\"500\" \/>\n\t<meta property=\"og:image:type\" content=\"image\/jpeg\" \/>\n<meta name=\"twitter:card\" content=\"summary_large_image\" \/>\n<meta name=\"twitter:label1\" content=\"Gesch\u00e4tzte Lesezeit\" \/>\n\t<meta name=\"twitter:data1\" content=\"2\u00a0Minute\" \/>\n<script type=\"application\/ld+json\" class=\"yoast-schema-graph\">{\"@context\":\"https:\/\/schema.org\",\"@graph\":[{\"@type\":\"WebPage\",\"@id\":\"https:\/\/custom-parts.fr\/de\/produkt\/caches-decoratifs-cerclages-de-phares-et-feux-arriere-mini-r60-countryman\/\",\"url\":\"https:\/\/custom-parts.fr\/de\/produkt\/caches-decoratifs-cerclages-de-phares-et-feux-arriere-mini-r60-countryman\/\",\"name\":\"R\u00fccklicht Blende Verkleidungen f\u00fcr Mini R60 Countryman Schwarz Gl\u00e4nzend\",\"isPartOf\":{\"@id\":\"https:\/\/custom-parts.fr\/de\/#website\"},\"primaryImageOfPage\":{\"@id\":\"https:\/\/custom-parts.fr\/de\/produkt\/caches-decoratifs-cerclages-de-phares-et-feux-arriere-mini-r60-countryman\/#primaryimage\"},\"image\":{\"@id\":\"https:\/\/custom-parts.fr\/de\/produkt\/caches-decoratifs-cerclages-de-phares-et-feux-arriere-mini-r60-countryman\/#primaryimage\"},\"thumbnailUrl\":\"https:\/\/custom-parts.fr\/wp-content\/uploads\/2023\/03\/Caches-decoratifs-cerclages-de-phares-et-feux-arriere-MINI-R60-Countryman-3.jpg\",\"datePublished\":\"2023-03-12T18:41:36+00:00\",\"dateModified\":\"2025-06-14T23:34:53+00:00\",\"description\":\"Achetez vos R\u00fccklicht Blende Verkleidungen f\u00fcr Mini R60 Countryman Schwarz Gl\u00e4nzend et tous vos accessoires BMW MINI sur Custom-Parts.fr !\",\"breadcrumb\":{\"@id\":\"https:\/\/custom-parts.fr\/de\/produkt\/caches-decoratifs-cerclages-de-phares-et-feux-arriere-mini-r60-countryman\/#breadcrumb\"},\"inLanguage\":\"de\",\"potentialAction\":[{\"@type\":\"ReadAction\",\"target\":[\"https:\/\/custom-parts.fr\/de\/produkt\/caches-decoratifs-cerclages-de-phares-et-feux-arriere-mini-r60-countryman\/\"]}]},{\"@type\":\"ImageObject\",\"inLanguage\":\"de\",\"@id\":\"https:\/\/custom-parts.fr\/de\/produkt\/caches-decoratifs-cerclages-de-phares-et-feux-arriere-mini-r60-countryman\/#primaryimage\",\"url\":\"https:\/\/custom-parts.fr\/wp-content\/uploads\/2023\/03\/Caches-decoratifs-cerclages-de-phares-et-feux-arriere-MINI-R60-Countryman-3.jpg\",\"contentUrl\":\"https:\/\/custom-parts.fr\/wp-content\/uploads\/2023\/03\/Caches-decoratifs-cerclages-de-phares-et-feux-arriere-MINI-R60-Countryman-3.jpg\",\"width\":500,\"height\":500},{\"@type\":\"BreadcrumbList\",\"@id\":\"https:\/\/custom-parts.fr\/de\/produkt\/caches-decoratifs-cerclages-de-phares-et-feux-arriere-mini-r60-countryman\/#breadcrumb\",\"itemListElement\":[{\"@type\":\"ListItem\",\"position\":1,\"name\":\"Startseite\",\"item\":\"https:\/\/custom-parts.fr\/de\/kaufen-sie-teile-und-zubehoer-fuer-mini-bmw-custom-parts-de\/\"},{\"@type\":\"ListItem\",\"position\":2,\"name\":\"Shop\",\"item\":\"https:\/\/custom-parts.fr\/de\/alle-produkte\/\"},{\"@type\":\"ListItem\",\"position\":3,\"name\":\"R\u00fccklicht Blende Verkleidungen f\u00fcr Mini R60 Countryman Schwarz Gl\u00e4nzend\"}]},{\"@type\":\"WebSite\",\"@id\":\"https:\/\/custom-parts.fr\/de\/#website\",\"url\":\"https:\/\/custom-parts.fr\/de\/\",\"name\":\"Custom-Parts.fr\",\"description\":\"Custom BMW MINI Ersatzteile & Zubeh\u00f6r\",\"publisher\":{\"@id\":\"https:\/\/custom-parts.fr\/de\/#organization\"},\"potentialAction\":[{\"@type\":\"SearchAction\",\"target\":{\"@type\":\"EntryPoint\",\"urlTemplate\":\"https:\/\/custom-parts.fr\/de\/?s={search_term_string}\"},\"query-input\":{\"@type\":\"PropertyValueSpecification\",\"valueRequired\":true,\"valueName\":\"search_term_string\"}}],\"inLanguage\":\"de\"},{\"@type\":\"Organization\",\"@id\":\"https:\/\/custom-parts.fr\/de\/#organization\",\"name\":\"Custom-Parts\",\"url\":\"https:\/\/custom-parts.fr\/de\/\",\"logo\":{\"@type\":\"ImageObject\",\"inLanguage\":\"de\",\"@id\":\"https:\/\/custom-parts.fr\/de\/#\/schema\/logo\/image\/\",\"url\":\"https:\/\/custom-parts.fr\/wp-content\/uploads\/2023\/01\/cropped-cropped-cropped-final-new-police-2-1-1.png\",\"contentUrl\":\"https:\/\/custom-parts.fr\/wp-content\/uploads\/2023\/01\/cropped-cropped-cropped-final-new-police-2-1-1.png\",\"width\":450,\"height\":125,\"caption\":\"Custom-Parts\"},\"image\":{\"@id\":\"https:\/\/custom-parts.fr\/de\/#\/schema\/logo\/image\/\"}}]}<\/script>\n<!-- \/ Yoast SEO plugin. -->","yoast_head_json":{"title":"R\u00fccklicht Blende Verkleidungen f\u00fcr Mini R60 Countryman Schwarz Gl\u00e4nzend","description":"Achetez vos R\u00fccklicht Blende Verkleidungen f\u00fcr Mini R60 Countryman Schwarz Gl\u00e4nzend et tous vos accessoires BMW MINI sur Custom-Parts.fr !","robots":{"index":"index","follow":"follow","max-snippet":"max-snippet:-1","max-image-preview":"max-image-preview:large","max-video-preview":"max-video-preview:-1"},"canonical":"https:\/\/custom-parts.fr\/de\/produkt\/caches-decoratifs-cerclages-de-phares-et-feux-arriere-mini-r60-countryman\/","og_locale":"de_DE","og_type":"article","og_title":"R\u00fccklicht Blende Verkleidungen f\u00fcr Mini R60 Countryman Schwarz Gl\u00e4nzend","og_description":"Achetez vos R\u00fccklicht Blende Verkleidungen f\u00fcr Mini R60 Countryman Schwarz Gl\u00e4nzend et tous vos accessoires BMW MINI sur Custom-Parts.fr !","og_url":"https:\/\/custom-parts.fr\/de\/produkt\/caches-decoratifs-cerclages-de-phares-et-feux-arriere-mini-r60-countryman\/","og_site_name":"Custom-Parts.fr","article_modified_time":"2025-06-14T23:34:53+00:00","og_image":[{"width":500,"height":500,"url":"https:\/\/custom-parts.fr\/wp-content\/uploads\/2023\/03\/Caches-decoratifs-cerclages-de-phares-et-feux-arriere-MINI-R60-Countryman-3.jpg","type":"image\/jpeg"}],"twitter_card":"summary_large_image","twitter_misc":{"Gesch\u00e4tzte Lesezeit":"2\u00a0Minute"},"schema":{"@context":"https:\/\/schema.org","@graph":[{"@type":"WebPage","@id":"https:\/\/custom-parts.fr\/de\/produkt\/caches-decoratifs-cerclages-de-phares-et-feux-arriere-mini-r60-countryman\/","url":"https:\/\/custom-parts.fr\/de\/produkt\/caches-decoratifs-cerclages-de-phares-et-feux-arriere-mini-r60-countryman\/","name":"R\u00fccklicht Blende Verkleidungen f\u00fcr Mini R60 Countryman Schwarz Gl\u00e4nzend","isPartOf":{"@id":"https:\/\/custom-parts.fr\/de\/#website"},"primaryImageOfPage":{"@id":"https:\/\/custom-parts.fr\/de\/produkt\/caches-decoratifs-cerclages-de-phares-et-feux-arriere-mini-r60-countryman\/#primaryimage"},"image":{"@id":"https:\/\/custom-parts.fr\/de\/produkt\/caches-decoratifs-cerclages-de-phares-et-feux-arriere-mini-r60-countryman\/#primaryimage"},"thumbnailUrl":"https:\/\/custom-parts.fr\/wp-content\/uploads\/2023\/03\/Caches-decoratifs-cerclages-de-phares-et-feux-arriere-MINI-R60-Countryman-3.jpg","datePublished":"2023-03-12T18:41:36+00:00","dateModified":"2025-06-14T23:34:53+00:00","description":"Achetez vos R\u00fccklicht Blende Verkleidungen f\u00fcr Mini R60 Countryman Schwarz Gl\u00e4nzend et tous vos accessoires BMW MINI sur Custom-Parts.fr !","breadcrumb":{"@id":"https:\/\/custom-parts.fr\/de\/produkt\/caches-decoratifs-cerclages-de-phares-et-feux-arriere-mini-r60-countryman\/#breadcrumb"},"inLanguage":"de","potentialAction":[{"@type":"ReadAction","target":["https:\/\/custom-parts.fr\/de\/produkt\/caches-decoratifs-cerclages-de-phares-et-feux-arriere-mini-r60-countryman\/"]}]},{"@type":"ImageObject","inLanguage":"de","@id":"https:\/\/custom-parts.fr\/de\/produkt\/caches-decoratifs-cerclages-de-phares-et-feux-arriere-mini-r60-countryman\/#primaryimage","url":"https:\/\/custom-parts.fr\/wp-content\/uploads\/2023\/03\/Caches-decoratifs-cerclages-de-phares-et-feux-arriere-MINI-R60-Countryman-3.jpg","contentUrl":"https:\/\/custom-parts.fr\/wp-content\/uploads\/2023\/03\/Caches-decoratifs-cerclages-de-phares-et-feux-arriere-MINI-R60-Countryman-3.jpg","width":500,"height":500},{"@type":"BreadcrumbList","@id":"https:\/\/custom-parts.fr\/de\/produkt\/caches-decoratifs-cerclages-de-phares-et-feux-arriere-mini-r60-countryman\/#breadcrumb","itemListElement":[{"@type":"ListItem","position":1,"name":"Startseite","item":"https:\/\/custom-parts.fr\/de\/kaufen-sie-teile-und-zubehoer-fuer-mini-bmw-custom-parts-de\/"},{"@type":"ListItem","position":2,"name":"Shop","item":"https:\/\/custom-parts.fr\/de\/alle-produkte\/"},{"@type":"ListItem","position":3,"name":"R\u00fccklicht Blende Verkleidungen f\u00fcr Mini R60 Countryman Schwarz Gl\u00e4nzend"}]},{"@type":"WebSite","@id":"https:\/\/custom-parts.fr\/de\/#website","url":"https:\/\/custom-parts.fr\/de\/","name":"Custom-Parts.fr","description":"Custom BMW MINI Ersatzteile & Zubeh\u00f6r","publisher":{"@id":"https:\/\/custom-parts.fr\/de\/#organization"},"potentialAction":[{"@type":"SearchAction","target":{"@type":"EntryPoint","urlTemplate":"https:\/\/custom-parts.fr\/de\/?s={search_term_string}"},"query-input":{"@type":"PropertyValueSpecification","valueRequired":true,"valueName":"search_term_string"}}],"inLanguage":"de"},{"@type":"Organization","@id":"https:\/\/custom-parts.fr\/de\/#organization","name":"Custom-Parts","url":"https:\/\/custom-parts.fr\/de\/","logo":{"@type":"ImageObject","inLanguage":"de","@id":"https:\/\/custom-parts.fr\/de\/#\/schema\/logo\/image\/","url":"https:\/\/custom-parts.fr\/wp-content\/uploads\/2023\/01\/cropped-cropped-cropped-final-new-police-2-1-1.png","contentUrl":"https:\/\/custom-parts.fr\/wp-content\/uploads\/2023\/01\/cropped-cropped-cropped-final-new-police-2-1-1.png","width":450,"height":125,"caption":"Custom-Parts"},"image":{"@id":"https:\/\/custom-parts.fr\/de\/#\/schema\/logo\/image\/"}}]}},"_links":{"self":[{"href":"https:\/\/custom-parts.fr\/de\/wp-json\/wp\/v2\/product\/24901","targetHints":{"allow":["GET"]}}],"collection":[{"href":"https:\/\/custom-parts.fr\/de\/wp-json\/wp\/v2\/product"}],"about":[{"href":"https:\/\/custom-parts.fr\/de\/wp-json\/wp\/v2\/types\/product"}],"replies":[{"embeddable":true,"href":"https:\/\/custom-parts.fr\/de\/wp-json\/wp\/v2\/comments?post=24901"}],"wp:featuredmedia":[{"embeddable":true,"href":"https:\/\/custom-parts.fr\/de\/wp-json\/wp\/v2\/media\/24222"}],"wp:attachment":[{"href":"https:\/\/custom-parts.fr\/de\/wp-json\/wp\/v2\/media?parent=24901"}],"wp:term":[{"taxonomy":"product_brand","embeddable":true,"href":"https:\/\/custom-parts.fr\/de\/wp-json\/wp\/v2\/product_brand?post=24901"},{"taxonomy":"product_cat","embeddable":true,"href":"https:\/\/custom-parts.fr\/de\/wp-json\/wp\/v2\/product_cat?post=24901"},{"taxonomy":"product_tag","embeddable":true,"href":"https:\/\/custom-parts.fr\/de\/wp-json\/wp\/v2\/product_tag?post=24901"}],"curies":[{"name":"wp","href":"https:\/\/api.w.org\/{rel}","templated":true}]}}