{"id":24930,"date":"2023-03-08T01:40:53","date_gmt":"2023-03-08T00:40:53","guid":{"rendered":"https:\/\/custom-parts.fr\/produit\/boitier-thermostat-aluminium-mini-cooper-r50-r52-cooper-s-r53\/"},"modified":"2025-06-15T01:34:58","modified_gmt":"2025-06-14T23:34:58","slug":"boitier-thermostat-aluminium-mini-cooper-r50-r52-cooper-s-r53","status":"publish","type":"product","link":"https:\/\/custom-parts.fr\/de\/produkt\/boitier-thermostat-aluminium-mini-cooper-r50-r52-cooper-s-r53\/","title":{"rendered":"Thermostatgeh\u00e4use Aluf\u00fcr Minium f\u00fcr Mini Cooper S R52 R53"},"content":{"rendered":"<p><strong>Ersetzen und verbessern Sie die Haltbarkeit des Originalthermostatgeh\u00e4uses f\u00fcr MINI Cooper S R52 R53 (2002 bis 2008)<\/strong><\/p>\n<p>&nbsp;<\/p>\n<ul>\n<li>Material: Aluminium<\/li>\n<li>MINI Referenzen: 11537512733, 11537596787<\/li>\n<\/ul>\n<p>&nbsp;<\/p>\n<h2>Geeignet f\u00fcr:<\/h2>\n<ul>\n<li>MINI R52 Cabriolet Cooper S 2004 bis 2008<\/li>\n<li>MINI Cooper S R53 2002 bis 2006<\/li>\n<\/ul>\n","protected":false},"excerpt":{"rendered":"<p><span style=\"color: #39991a; font-weight: 900;\">\u2713<\/span> Schnelle Lieferung<br \/>\n<span style=\"color: #39991a; font-weight: 900;\">\u2713<\/span> 100% kompatibel mit Ihrem MINI<br \/>\n<span style=\"color: #39991a; font-weight: 900;\">\u2713<\/span> Gro\u00dfe Auswahl an Custom-Teilen und Zubeh\u00f6r<\/p>\n","protected":false},"featured_media":24174,"comment_status":"open","ping_status":"closed","template":"","meta":[],"product_brand":[],"product_cat":[180,199],"product_tag":[],"class_list":{"0":"post-24930","1":"product","2":"type-product","3":"status-publish","4":"has-post-thumbnail","6":"product_cat-teile-motor-mini-cooper","7":"product_cat-motorenteilen-fur-mini-1-gen","9":"first","10":"instock","11":"taxable","12":"shipping-taxable","13":"purchasable","14":"product-type-simple"},"yoast_head":"<!-- This site is optimized with the Yoast SEO plugin v27.2 - https:\/\/yoast.com\/product\/yoast-seo-wordpress\/ -->\n<title>Thermostatgeh\u00e4use Aluf\u00fcr Minium f\u00fcr Mini Cooper S R52 R53<\/title>\n<meta name=\"description\" content=\"Kaufen Sie Ihren Thermostatgeh\u00e4use Aluf\u00fcr Minium f\u00fcr Mini Cooper S R52 R53 und alle custom BMW MINI-Zubeh\u00f6r auf Custom-Parts.fr!\" \/>\n<meta name=\"robots\" content=\"index, follow, max-snippet:-1, max-image-preview:large, max-video-preview:-1\" \/>\n<link rel=\"canonical\" href=\"https:\/\/custom-parts.fr\/de\/produkt\/boitier-thermostat-aluminium-mini-cooper-r50-r52-cooper-s-r53\/\" \/>\n<meta property=\"og:locale\" content=\"de_DE\" \/>\n<meta property=\"og:type\" content=\"article\" \/>\n<meta property=\"og:title\" content=\"Thermostatgeh\u00e4use Aluf\u00fcr Minium f\u00fcr Mini Cooper S R52 R53\" \/>\n<meta property=\"og:description\" content=\"Kaufen Sie Ihren Thermostatgeh\u00e4use Aluf\u00fcr Minium f\u00fcr Mini Cooper S R52 R53 und alle custom BMW MINI-Zubeh\u00f6r auf Custom-Parts.fr!\" \/>\n<meta property=\"og:url\" content=\"https:\/\/custom-parts.fr\/de\/produkt\/boitier-thermostat-aluminium-mini-cooper-r50-r52-cooper-s-r53\/\" \/>\n<meta property=\"og:site_name\" content=\"Custom-Parts.fr\" \/>\n<meta property=\"article:modified_time\" content=\"2025-06-14T23:34:58+00:00\" \/>\n<meta property=\"og:image\" content=\"https:\/\/custom-parts.fr\/wp-content\/uploads\/2023\/03\/Boitier-thermostat-Aluminium-MINI-Cooper-R50-R52-Cooper-S-R53.jpg\" \/>\n\t<meta property=\"og:image:width\" content=\"500\" \/>\n\t<meta property=\"og:image:height\" content=\"500\" \/>\n\t<meta property=\"og:image:type\" content=\"image\/jpeg\" \/>\n<meta name=\"twitter:card\" content=\"summary_large_image\" \/>\n<meta name=\"twitter:label1\" content=\"Gesch\u00e4tzte Lesezeit\" \/>\n\t<meta name=\"twitter:data1\" content=\"1\u00a0Minute\" \/>\n<script type=\"application\/ld+json\" class=\"yoast-schema-graph\">{\"@context\":\"https:\/\/schema.org\",\"@graph\":[{\"@type\":\"WebPage\",\"@id\":\"https:\/\/custom-parts.fr\/de\/produkt\/boitier-thermostat-aluminium-mini-cooper-r50-r52-cooper-s-r53\/\",\"url\":\"https:\/\/custom-parts.fr\/de\/produkt\/boitier-thermostat-aluminium-mini-cooper-r50-r52-cooper-s-r53\/\",\"name\":\"Thermostatgeh\u00e4use Aluf\u00fcr Minium f\u00fcr Mini Cooper S R52 R53\",\"isPartOf\":{\"@id\":\"https:\/\/custom-parts.fr\/de\/#website\"},\"primaryImageOfPage\":{\"@id\":\"https:\/\/custom-parts.fr\/de\/produkt\/boitier-thermostat-aluminium-mini-cooper-r50-r52-cooper-s-r53\/#primaryimage\"},\"image\":{\"@id\":\"https:\/\/custom-parts.fr\/de\/produkt\/boitier-thermostat-aluminium-mini-cooper-r50-r52-cooper-s-r53\/#primaryimage\"},\"thumbnailUrl\":\"https:\/\/custom-parts.fr\/wp-content\/uploads\/2023\/03\/Boitier-thermostat-Aluminium-MINI-Cooper-R50-R52-Cooper-S-R53.jpg\",\"datePublished\":\"2023-03-08T00:40:53+00:00\",\"dateModified\":\"2025-06-14T23:34:58+00:00\",\"description\":\"Kaufen Sie Ihren Thermostatgeh\u00e4use Aluf\u00fcr Minium f\u00fcr Mini Cooper S R52 R53 und alle custom BMW MINI-Zubeh\u00f6r auf Custom-Parts.fr!\",\"breadcrumb\":{\"@id\":\"https:\/\/custom-parts.fr\/de\/produkt\/boitier-thermostat-aluminium-mini-cooper-r50-r52-cooper-s-r53\/#breadcrumb\"},\"inLanguage\":\"de\",\"potentialAction\":[{\"@type\":\"ReadAction\",\"target\":[\"https:\/\/custom-parts.fr\/de\/produkt\/boitier-thermostat-aluminium-mini-cooper-r50-r52-cooper-s-r53\/\"]}]},{\"@type\":\"ImageObject\",\"inLanguage\":\"de\",\"@id\":\"https:\/\/custom-parts.fr\/de\/produkt\/boitier-thermostat-aluminium-mini-cooper-r50-r52-cooper-s-r53\/#primaryimage\",\"url\":\"https:\/\/custom-parts.fr\/wp-content\/uploads\/2023\/03\/Boitier-thermostat-Aluminium-MINI-Cooper-R50-R52-Cooper-S-R53.jpg\",\"contentUrl\":\"https:\/\/custom-parts.fr\/wp-content\/uploads\/2023\/03\/Boitier-thermostat-Aluminium-MINI-Cooper-R50-R52-Cooper-S-R53.jpg\",\"width\":500,\"height\":500},{\"@type\":\"BreadcrumbList\",\"@id\":\"https:\/\/custom-parts.fr\/de\/produkt\/boitier-thermostat-aluminium-mini-cooper-r50-r52-cooper-s-r53\/#breadcrumb\",\"itemListElement\":[{\"@type\":\"ListItem\",\"position\":1,\"name\":\"Startseite\",\"item\":\"https:\/\/custom-parts.fr\/de\/kaufen-sie-teile-und-zubehoer-fuer-mini-bmw-custom-parts-de\/\"},{\"@type\":\"ListItem\",\"position\":2,\"name\":\"Shop\",\"item\":\"https:\/\/custom-parts.fr\/de\/alle-produkte\/\"},{\"@type\":\"ListItem\",\"position\":3,\"name\":\"Thermostatgeh\u00e4use Aluf\u00fcr Minium f\u00fcr Mini Cooper S R52 R53\"}]},{\"@type\":\"WebSite\",\"@id\":\"https:\/\/custom-parts.fr\/de\/#website\",\"url\":\"https:\/\/custom-parts.fr\/de\/\",\"name\":\"Custom-Parts.fr\",\"description\":\"Custom BMW MINI Ersatzteile & Zubeh\u00f6r\",\"publisher\":{\"@id\":\"https:\/\/custom-parts.fr\/de\/#organization\"},\"potentialAction\":[{\"@type\":\"SearchAction\",\"target\":{\"@type\":\"EntryPoint\",\"urlTemplate\":\"https:\/\/custom-parts.fr\/de\/?s={search_term_string}\"},\"query-input\":{\"@type\":\"PropertyValueSpecification\",\"valueRequired\":true,\"valueName\":\"search_term_string\"}}],\"inLanguage\":\"de\"},{\"@type\":\"Organization\",\"@id\":\"https:\/\/custom-parts.fr\/de\/#organization\",\"name\":\"Custom-Parts\",\"url\":\"https:\/\/custom-parts.fr\/de\/\",\"logo\":{\"@type\":\"ImageObject\",\"inLanguage\":\"de\",\"@id\":\"https:\/\/custom-parts.fr\/de\/#\/schema\/logo\/image\/\",\"url\":\"https:\/\/custom-parts.fr\/wp-content\/uploads\/2023\/01\/cropped-cropped-cropped-final-new-police-2-1-1.png\",\"contentUrl\":\"https:\/\/custom-parts.fr\/wp-content\/uploads\/2023\/01\/cropped-cropped-cropped-final-new-police-2-1-1.png\",\"width\":450,\"height\":125,\"caption\":\"Custom-Parts\"},\"image\":{\"@id\":\"https:\/\/custom-parts.fr\/de\/#\/schema\/logo\/image\/\"}}]}<\/script>\n<!-- \/ Yoast SEO plugin. -->","yoast_head_json":{"title":"Thermostatgeh\u00e4use Aluf\u00fcr Minium f\u00fcr Mini Cooper S R52 R53","description":"Kaufen Sie Ihren Thermostatgeh\u00e4use Aluf\u00fcr Minium f\u00fcr Mini Cooper S R52 R53 und alle custom BMW MINI-Zubeh\u00f6r auf Custom-Parts.fr!","robots":{"index":"index","follow":"follow","max-snippet":"max-snippet:-1","max-image-preview":"max-image-preview:large","max-video-preview":"max-video-preview:-1"},"canonical":"https:\/\/custom-parts.fr\/de\/produkt\/boitier-thermostat-aluminium-mini-cooper-r50-r52-cooper-s-r53\/","og_locale":"de_DE","og_type":"article","og_title":"Thermostatgeh\u00e4use Aluf\u00fcr Minium f\u00fcr Mini Cooper S R52 R53","og_description":"Kaufen Sie Ihren Thermostatgeh\u00e4use Aluf\u00fcr Minium f\u00fcr Mini Cooper S R52 R53 und alle custom BMW MINI-Zubeh\u00f6r auf Custom-Parts.fr!","og_url":"https:\/\/custom-parts.fr\/de\/produkt\/boitier-thermostat-aluminium-mini-cooper-r50-r52-cooper-s-r53\/","og_site_name":"Custom-Parts.fr","article_modified_time":"2025-06-14T23:34:58+00:00","og_image":[{"width":500,"height":500,"url":"https:\/\/custom-parts.fr\/wp-content\/uploads\/2023\/03\/Boitier-thermostat-Aluminium-MINI-Cooper-R50-R52-Cooper-S-R53.jpg","type":"image\/jpeg"}],"twitter_card":"summary_large_image","twitter_misc":{"Gesch\u00e4tzte Lesezeit":"1\u00a0Minute"},"schema":{"@context":"https:\/\/schema.org","@graph":[{"@type":"WebPage","@id":"https:\/\/custom-parts.fr\/de\/produkt\/boitier-thermostat-aluminium-mini-cooper-r50-r52-cooper-s-r53\/","url":"https:\/\/custom-parts.fr\/de\/produkt\/boitier-thermostat-aluminium-mini-cooper-r50-r52-cooper-s-r53\/","name":"Thermostatgeh\u00e4use Aluf\u00fcr Minium f\u00fcr Mini Cooper S R52 R53","isPartOf":{"@id":"https:\/\/custom-parts.fr\/de\/#website"},"primaryImageOfPage":{"@id":"https:\/\/custom-parts.fr\/de\/produkt\/boitier-thermostat-aluminium-mini-cooper-r50-r52-cooper-s-r53\/#primaryimage"},"image":{"@id":"https:\/\/custom-parts.fr\/de\/produkt\/boitier-thermostat-aluminium-mini-cooper-r50-r52-cooper-s-r53\/#primaryimage"},"thumbnailUrl":"https:\/\/custom-parts.fr\/wp-content\/uploads\/2023\/03\/Boitier-thermostat-Aluminium-MINI-Cooper-R50-R52-Cooper-S-R53.jpg","datePublished":"2023-03-08T00:40:53+00:00","dateModified":"2025-06-14T23:34:58+00:00","description":"Kaufen Sie Ihren Thermostatgeh\u00e4use Aluf\u00fcr Minium f\u00fcr Mini Cooper S R52 R53 und alle custom BMW MINI-Zubeh\u00f6r auf Custom-Parts.fr!","breadcrumb":{"@id":"https:\/\/custom-parts.fr\/de\/produkt\/boitier-thermostat-aluminium-mini-cooper-r50-r52-cooper-s-r53\/#breadcrumb"},"inLanguage":"de","potentialAction":[{"@type":"ReadAction","target":["https:\/\/custom-parts.fr\/de\/produkt\/boitier-thermostat-aluminium-mini-cooper-r50-r52-cooper-s-r53\/"]}]},{"@type":"ImageObject","inLanguage":"de","@id":"https:\/\/custom-parts.fr\/de\/produkt\/boitier-thermostat-aluminium-mini-cooper-r50-r52-cooper-s-r53\/#primaryimage","url":"https:\/\/custom-parts.fr\/wp-content\/uploads\/2023\/03\/Boitier-thermostat-Aluminium-MINI-Cooper-R50-R52-Cooper-S-R53.jpg","contentUrl":"https:\/\/custom-parts.fr\/wp-content\/uploads\/2023\/03\/Boitier-thermostat-Aluminium-MINI-Cooper-R50-R52-Cooper-S-R53.jpg","width":500,"height":500},{"@type":"BreadcrumbList","@id":"https:\/\/custom-parts.fr\/de\/produkt\/boitier-thermostat-aluminium-mini-cooper-r50-r52-cooper-s-r53\/#breadcrumb","itemListElement":[{"@type":"ListItem","position":1,"name":"Startseite","item":"https:\/\/custom-parts.fr\/de\/kaufen-sie-teile-und-zubehoer-fuer-mini-bmw-custom-parts-de\/"},{"@type":"ListItem","position":2,"name":"Shop","item":"https:\/\/custom-parts.fr\/de\/alle-produkte\/"},{"@type":"ListItem","position":3,"name":"Thermostatgeh\u00e4use Aluf\u00fcr Minium f\u00fcr Mini Cooper S R52 R53"}]},{"@type":"WebSite","@id":"https:\/\/custom-parts.fr\/de\/#website","url":"https:\/\/custom-parts.fr\/de\/","name":"Custom-Parts.fr","description":"Custom BMW MINI Ersatzteile & Zubeh\u00f6r","publisher":{"@id":"https:\/\/custom-parts.fr\/de\/#organization"},"potentialAction":[{"@type":"SearchAction","target":{"@type":"EntryPoint","urlTemplate":"https:\/\/custom-parts.fr\/de\/?s={search_term_string}"},"query-input":{"@type":"PropertyValueSpecification","valueRequired":true,"valueName":"search_term_string"}}],"inLanguage":"de"},{"@type":"Organization","@id":"https:\/\/custom-parts.fr\/de\/#organization","name":"Custom-Parts","url":"https:\/\/custom-parts.fr\/de\/","logo":{"@type":"ImageObject","inLanguage":"de","@id":"https:\/\/custom-parts.fr\/de\/#\/schema\/logo\/image\/","url":"https:\/\/custom-parts.fr\/wp-content\/uploads\/2023\/01\/cropped-cropped-cropped-final-new-police-2-1-1.png","contentUrl":"https:\/\/custom-parts.fr\/wp-content\/uploads\/2023\/01\/cropped-cropped-cropped-final-new-police-2-1-1.png","width":450,"height":125,"caption":"Custom-Parts"},"image":{"@id":"https:\/\/custom-parts.fr\/de\/#\/schema\/logo\/image\/"}}]}},"_links":{"self":[{"href":"https:\/\/custom-parts.fr\/de\/wp-json\/wp\/v2\/product\/24930","targetHints":{"allow":["GET"]}}],"collection":[{"href":"https:\/\/custom-parts.fr\/de\/wp-json\/wp\/v2\/product"}],"about":[{"href":"https:\/\/custom-parts.fr\/de\/wp-json\/wp\/v2\/types\/product"}],"replies":[{"embeddable":true,"href":"https:\/\/custom-parts.fr\/de\/wp-json\/wp\/v2\/comments?post=24930"}],"wp:featuredmedia":[{"embeddable":true,"href":"https:\/\/custom-parts.fr\/de\/wp-json\/wp\/v2\/media\/24174"}],"wp:attachment":[{"href":"https:\/\/custom-parts.fr\/de\/wp-json\/wp\/v2\/media?parent=24930"}],"wp:term":[{"taxonomy":"product_brand","embeddable":true,"href":"https:\/\/custom-parts.fr\/de\/wp-json\/wp\/v2\/product_brand?post=24930"},{"taxonomy":"product_cat","embeddable":true,"href":"https:\/\/custom-parts.fr\/de\/wp-json\/wp\/v2\/product_cat?post=24930"},{"taxonomy":"product_tag","embeddable":true,"href":"https:\/\/custom-parts.fr\/de\/wp-json\/wp\/v2\/product_tag?post=24930"}],"curies":[{"name":"wp","href":"https:\/\/api.w.org\/{rel}","templated":true}]}}