{"id":24932,"date":"2023-03-07T16:25:59","date_gmt":"2023-03-07T15:25:59","guid":{"rendered":"https:\/\/custom-parts.fr\/produit\/boitier-de-thermostat-mini-cooper-r55-r56-r57-r58-r59-r60-r61\/"},"modified":"2025-06-15T01:34:59","modified_gmt":"2025-06-14T23:34:59","slug":"boitier-de-thermostat-mini-cooper-r55-r56-r57-r58-r59-r60-r61","status":"publish","type":"product","link":"https:\/\/custom-parts.fr\/de\/produkt\/boitier-de-thermostat-mini-cooper-r55-r56-r57-r58-r59-r60-r61\/","title":{"rendered":"Komplettes Thermostatgeh\u00e4use mit Thermostat f\u00fcr Mini R55 R56 R57 R58 R59 R60 R61"},"content":{"rendered":"<p><strong>Thermostatgeh\u00e4use Ersatz f\u00fcr MINI R55 Clubman, 3-T\u00fcrer Cooper und Cooper S R56, Cabrio R57, Coup\u00e9 R58, Roadster R59, Countryman R60 und Paceman R61<\/strong><\/p>\n<p>&nbsp;<\/p>\n<ul>\n<li>Direkter Ersatz f\u00fcr das komplette Thermostatgeh\u00e4use der MINI R55 R56 R57 R58 R59 R60 und R61 sowie einiger Peugeot-Modelle.<\/li>\n<li>MINI Hersteller-Referenzen: 11537534521, 9810916980<\/li>\n<\/ul>\n<p>&nbsp;<\/p>\n<h2>Eigenschaften:<\/h2>\n<ul>\n<li>Enth\u00e4lt: Thermostatgeh\u00e4use, Thermostat, Sensor und Dichtung<\/li>\n<\/ul>\n<p>&nbsp;<\/p>\n<h2>Geeignet f\u00fcr:<\/h2>\n<ul>\n<li>MINI Clubman R55 (One, Cooper, Cooper S, JCW): von 2007 bis 2014<\/li>\n<li>MINI 3-T\u00fcrer R56 (One, Cooper, Cooper S, JCW): 2006 bis 2013<\/li>\n<li>MINI Cabrio R57 (One, Cooper, Cooper S, JCW): von 2007 bis 2015<\/li>\n<li>MINI R58 Coup\u00e9 (One, Cooper, Cooper S, JCW): von 2012 bis 2015<\/li>\n<li>MINI R59 Roadster (One, Cooper, Cooper S, JCW): von 2011 bis 2015<\/li>\n<li data-spm-anchor-id=\"a2g0o.detail.1000023.i1.54c42f391Vhw0s\">MINI R60 Countryman (One, Cooper, Cooper S, JCW): von 2011 bis 2016<\/li>\n<li data-spm-anchor-id=\"a2g0o.detail.1000023.i1.54c42f391Vhw0s\">MINI R61 Paceman (One, Cooper, Cooper S, JCW): von 2012 bis 2016<\/li>\n<\/ul>\n","protected":false},"excerpt":{"rendered":"<p><span style=\"color: #39991a; font-weight: 900;\">\u2713<\/span> Schnelle Lieferung<br \/>\n<span style=\"color: #39991a; font-weight: 900;\">\u2713<\/span> 100% kompatibel mit Ihrem MINI<br \/>\n<span style=\"color: #39991a; font-weight: 900;\">\u2713<\/span> Gro\u00dfe Auswahl an Custom-Teilen und Zubeh\u00f6r<\/p>\n","protected":false},"featured_media":24172,"comment_status":"open","ping_status":"closed","template":"","meta":[],"product_brand":[],"product_cat":[179,180],"product_tag":[],"class_list":{"0":"post-24932","1":"product","2":"type-product","3":"status-publish","4":"has-post-thumbnail","6":"product_cat-teile-motor-mini-2-gen-r55-r56-r57-r58-r59-r60-r61","7":"product_cat-teile-motor-mini-cooper","9":"first","10":"instock","11":"taxable","12":"shipping-taxable","13":"purchasable","14":"product-type-simple"},"yoast_head":"<!-- This site is optimized with the Yoast SEO plugin v27.2 - https:\/\/yoast.com\/product\/yoast-seo-wordpress\/ -->\n<title>Komplettes Thermostatgeh\u00e4use mit Thermostat f\u00fcr Mini R55 R56 R57 R58 R59 R60 R61<\/title>\n<meta name=\"description\" content=\"Kaufen Sie Ihren Komplettes Thermostatgeh\u00e4use mit Thermostat f\u00fcr Mini R55 R56 R57 R58 R59 R60 R61 und alle custom BMW MINI-Zubeh\u00f6r auf Custom-Parts.fr!\" \/>\n<meta name=\"robots\" content=\"index, follow, max-snippet:-1, max-image-preview:large, max-video-preview:-1\" \/>\n<link rel=\"canonical\" href=\"https:\/\/custom-parts.fr\/de\/produkt\/boitier-de-thermostat-mini-cooper-r55-r56-r57-r58-r59-r60-r61\/\" \/>\n<meta property=\"og:locale\" content=\"de_DE\" \/>\n<meta property=\"og:type\" content=\"article\" \/>\n<meta property=\"og:title\" content=\"Komplettes Thermostatgeh\u00e4use mit Thermostat f\u00fcr Mini R55 R56 R57 R58 R59 R60 R61\" \/>\n<meta property=\"og:description\" content=\"Kaufen Sie Ihren Komplettes Thermostatgeh\u00e4use mit Thermostat f\u00fcr Mini R55 R56 R57 R58 R59 R60 R61 und alle custom BMW MINI-Zubeh\u00f6r auf Custom-Parts.fr!\" \/>\n<meta property=\"og:url\" content=\"https:\/\/custom-parts.fr\/de\/produkt\/boitier-de-thermostat-mini-cooper-r55-r56-r57-r58-r59-r60-r61\/\" \/>\n<meta property=\"og:site_name\" content=\"Custom-Parts.fr\" \/>\n<meta property=\"article:modified_time\" content=\"2025-06-14T23:34:59+00:00\" \/>\n<meta property=\"og:image\" content=\"https:\/\/custom-parts.fr\/wp-content\/uploads\/2023\/03\/Boitier-de-thermostat-avec-Thermostat-MINI-R55-R56-R57-R58-R59-R60-R61.jpg\" \/>\n\t<meta property=\"og:image:width\" content=\"500\" \/>\n\t<meta property=\"og:image:height\" content=\"500\" \/>\n\t<meta property=\"og:image:type\" content=\"image\/jpeg\" \/>\n<meta name=\"twitter:card\" content=\"summary_large_image\" \/>\n<meta name=\"twitter:label1\" content=\"Gesch\u00e4tzte Lesezeit\" \/>\n\t<meta name=\"twitter:data1\" content=\"1\u00a0Minute\" \/>\n<script type=\"application\/ld+json\" class=\"yoast-schema-graph\">{\"@context\":\"https:\/\/schema.org\",\"@graph\":[{\"@type\":\"WebPage\",\"@id\":\"https:\/\/custom-parts.fr\/de\/produkt\/boitier-de-thermostat-mini-cooper-r55-r56-r57-r58-r59-r60-r61\/\",\"url\":\"https:\/\/custom-parts.fr\/de\/produkt\/boitier-de-thermostat-mini-cooper-r55-r56-r57-r58-r59-r60-r61\/\",\"name\":\"Komplettes Thermostatgeh\u00e4use mit Thermostat f\u00fcr Mini R55 R56 R57 R58 R59 R60 R61\",\"isPartOf\":{\"@id\":\"https:\/\/custom-parts.fr\/de\/#website\"},\"primaryImageOfPage\":{\"@id\":\"https:\/\/custom-parts.fr\/de\/produkt\/boitier-de-thermostat-mini-cooper-r55-r56-r57-r58-r59-r60-r61\/#primaryimage\"},\"image\":{\"@id\":\"https:\/\/custom-parts.fr\/de\/produkt\/boitier-de-thermostat-mini-cooper-r55-r56-r57-r58-r59-r60-r61\/#primaryimage\"},\"thumbnailUrl\":\"https:\/\/custom-parts.fr\/wp-content\/uploads\/2023\/03\/Boitier-de-thermostat-avec-Thermostat-MINI-R55-R56-R57-R58-R59-R60-R61.jpg\",\"datePublished\":\"2023-03-07T15:25:59+00:00\",\"dateModified\":\"2025-06-14T23:34:59+00:00\",\"description\":\"Kaufen Sie Ihren Komplettes Thermostatgeh\u00e4use mit Thermostat f\u00fcr Mini R55 R56 R57 R58 R59 R60 R61 und alle custom BMW MINI-Zubeh\u00f6r auf Custom-Parts.fr!\",\"breadcrumb\":{\"@id\":\"https:\/\/custom-parts.fr\/de\/produkt\/boitier-de-thermostat-mini-cooper-r55-r56-r57-r58-r59-r60-r61\/#breadcrumb\"},\"inLanguage\":\"de\",\"potentialAction\":[{\"@type\":\"ReadAction\",\"target\":[\"https:\/\/custom-parts.fr\/de\/produkt\/boitier-de-thermostat-mini-cooper-r55-r56-r57-r58-r59-r60-r61\/\"]}]},{\"@type\":\"ImageObject\",\"inLanguage\":\"de\",\"@id\":\"https:\/\/custom-parts.fr\/de\/produkt\/boitier-de-thermostat-mini-cooper-r55-r56-r57-r58-r59-r60-r61\/#primaryimage\",\"url\":\"https:\/\/custom-parts.fr\/wp-content\/uploads\/2023\/03\/Boitier-de-thermostat-avec-Thermostat-MINI-R55-R56-R57-R58-R59-R60-R61.jpg\",\"contentUrl\":\"https:\/\/custom-parts.fr\/wp-content\/uploads\/2023\/03\/Boitier-de-thermostat-avec-Thermostat-MINI-R55-R56-R57-R58-R59-R60-R61.jpg\",\"width\":500,\"height\":500},{\"@type\":\"BreadcrumbList\",\"@id\":\"https:\/\/custom-parts.fr\/de\/produkt\/boitier-de-thermostat-mini-cooper-r55-r56-r57-r58-r59-r60-r61\/#breadcrumb\",\"itemListElement\":[{\"@type\":\"ListItem\",\"position\":1,\"name\":\"Startseite\",\"item\":\"https:\/\/custom-parts.fr\/de\/kaufen-sie-teile-und-zubehoer-fuer-mini-bmw-custom-parts-de\/\"},{\"@type\":\"ListItem\",\"position\":2,\"name\":\"Shop\",\"item\":\"https:\/\/custom-parts.fr\/de\/alle-produkte\/\"},{\"@type\":\"ListItem\",\"position\":3,\"name\":\"Komplettes Thermostatgeh\u00e4use mit Thermostat f\u00fcr Mini R55 R56 R57 R58 R59 R60 R61\"}]},{\"@type\":\"WebSite\",\"@id\":\"https:\/\/custom-parts.fr\/de\/#website\",\"url\":\"https:\/\/custom-parts.fr\/de\/\",\"name\":\"Custom-Parts.fr\",\"description\":\"Custom BMW MINI Ersatzteile & Zubeh\u00f6r\",\"publisher\":{\"@id\":\"https:\/\/custom-parts.fr\/de\/#organization\"},\"potentialAction\":[{\"@type\":\"SearchAction\",\"target\":{\"@type\":\"EntryPoint\",\"urlTemplate\":\"https:\/\/custom-parts.fr\/de\/?s={search_term_string}\"},\"query-input\":{\"@type\":\"PropertyValueSpecification\",\"valueRequired\":true,\"valueName\":\"search_term_string\"}}],\"inLanguage\":\"de\"},{\"@type\":\"Organization\",\"@id\":\"https:\/\/custom-parts.fr\/de\/#organization\",\"name\":\"Custom-Parts\",\"url\":\"https:\/\/custom-parts.fr\/de\/\",\"logo\":{\"@type\":\"ImageObject\",\"inLanguage\":\"de\",\"@id\":\"https:\/\/custom-parts.fr\/de\/#\/schema\/logo\/image\/\",\"url\":\"https:\/\/custom-parts.fr\/wp-content\/uploads\/2023\/01\/cropped-cropped-cropped-final-new-police-2-1-1.png\",\"contentUrl\":\"https:\/\/custom-parts.fr\/wp-content\/uploads\/2023\/01\/cropped-cropped-cropped-final-new-police-2-1-1.png\",\"width\":450,\"height\":125,\"caption\":\"Custom-Parts\"},\"image\":{\"@id\":\"https:\/\/custom-parts.fr\/de\/#\/schema\/logo\/image\/\"}}]}<\/script>\n<!-- \/ Yoast SEO plugin. -->","yoast_head_json":{"title":"Komplettes Thermostatgeh\u00e4use mit Thermostat f\u00fcr Mini R55 R56 R57 R58 R59 R60 R61","description":"Kaufen Sie Ihren Komplettes Thermostatgeh\u00e4use mit Thermostat f\u00fcr Mini R55 R56 R57 R58 R59 R60 R61 und alle custom BMW MINI-Zubeh\u00f6r auf Custom-Parts.fr!","robots":{"index":"index","follow":"follow","max-snippet":"max-snippet:-1","max-image-preview":"max-image-preview:large","max-video-preview":"max-video-preview:-1"},"canonical":"https:\/\/custom-parts.fr\/de\/produkt\/boitier-de-thermostat-mini-cooper-r55-r56-r57-r58-r59-r60-r61\/","og_locale":"de_DE","og_type":"article","og_title":"Komplettes Thermostatgeh\u00e4use mit Thermostat f\u00fcr Mini R55 R56 R57 R58 R59 R60 R61","og_description":"Kaufen Sie Ihren Komplettes Thermostatgeh\u00e4use mit Thermostat f\u00fcr Mini R55 R56 R57 R58 R59 R60 R61 und alle custom BMW MINI-Zubeh\u00f6r auf Custom-Parts.fr!","og_url":"https:\/\/custom-parts.fr\/de\/produkt\/boitier-de-thermostat-mini-cooper-r55-r56-r57-r58-r59-r60-r61\/","og_site_name":"Custom-Parts.fr","article_modified_time":"2025-06-14T23:34:59+00:00","og_image":[{"width":500,"height":500,"url":"https:\/\/custom-parts.fr\/wp-content\/uploads\/2023\/03\/Boitier-de-thermostat-avec-Thermostat-MINI-R55-R56-R57-R58-R59-R60-R61.jpg","type":"image\/jpeg"}],"twitter_card":"summary_large_image","twitter_misc":{"Gesch\u00e4tzte Lesezeit":"1\u00a0Minute"},"schema":{"@context":"https:\/\/schema.org","@graph":[{"@type":"WebPage","@id":"https:\/\/custom-parts.fr\/de\/produkt\/boitier-de-thermostat-mini-cooper-r55-r56-r57-r58-r59-r60-r61\/","url":"https:\/\/custom-parts.fr\/de\/produkt\/boitier-de-thermostat-mini-cooper-r55-r56-r57-r58-r59-r60-r61\/","name":"Komplettes Thermostatgeh\u00e4use mit Thermostat f\u00fcr Mini R55 R56 R57 R58 R59 R60 R61","isPartOf":{"@id":"https:\/\/custom-parts.fr\/de\/#website"},"primaryImageOfPage":{"@id":"https:\/\/custom-parts.fr\/de\/produkt\/boitier-de-thermostat-mini-cooper-r55-r56-r57-r58-r59-r60-r61\/#primaryimage"},"image":{"@id":"https:\/\/custom-parts.fr\/de\/produkt\/boitier-de-thermostat-mini-cooper-r55-r56-r57-r58-r59-r60-r61\/#primaryimage"},"thumbnailUrl":"https:\/\/custom-parts.fr\/wp-content\/uploads\/2023\/03\/Boitier-de-thermostat-avec-Thermostat-MINI-R55-R56-R57-R58-R59-R60-R61.jpg","datePublished":"2023-03-07T15:25:59+00:00","dateModified":"2025-06-14T23:34:59+00:00","description":"Kaufen Sie Ihren Komplettes Thermostatgeh\u00e4use mit Thermostat f\u00fcr Mini R55 R56 R57 R58 R59 R60 R61 und alle custom BMW MINI-Zubeh\u00f6r auf Custom-Parts.fr!","breadcrumb":{"@id":"https:\/\/custom-parts.fr\/de\/produkt\/boitier-de-thermostat-mini-cooper-r55-r56-r57-r58-r59-r60-r61\/#breadcrumb"},"inLanguage":"de","potentialAction":[{"@type":"ReadAction","target":["https:\/\/custom-parts.fr\/de\/produkt\/boitier-de-thermostat-mini-cooper-r55-r56-r57-r58-r59-r60-r61\/"]}]},{"@type":"ImageObject","inLanguage":"de","@id":"https:\/\/custom-parts.fr\/de\/produkt\/boitier-de-thermostat-mini-cooper-r55-r56-r57-r58-r59-r60-r61\/#primaryimage","url":"https:\/\/custom-parts.fr\/wp-content\/uploads\/2023\/03\/Boitier-de-thermostat-avec-Thermostat-MINI-R55-R56-R57-R58-R59-R60-R61.jpg","contentUrl":"https:\/\/custom-parts.fr\/wp-content\/uploads\/2023\/03\/Boitier-de-thermostat-avec-Thermostat-MINI-R55-R56-R57-R58-R59-R60-R61.jpg","width":500,"height":500},{"@type":"BreadcrumbList","@id":"https:\/\/custom-parts.fr\/de\/produkt\/boitier-de-thermostat-mini-cooper-r55-r56-r57-r58-r59-r60-r61\/#breadcrumb","itemListElement":[{"@type":"ListItem","position":1,"name":"Startseite","item":"https:\/\/custom-parts.fr\/de\/kaufen-sie-teile-und-zubehoer-fuer-mini-bmw-custom-parts-de\/"},{"@type":"ListItem","position":2,"name":"Shop","item":"https:\/\/custom-parts.fr\/de\/alle-produkte\/"},{"@type":"ListItem","position":3,"name":"Komplettes Thermostatgeh\u00e4use mit Thermostat f\u00fcr Mini R55 R56 R57 R58 R59 R60 R61"}]},{"@type":"WebSite","@id":"https:\/\/custom-parts.fr\/de\/#website","url":"https:\/\/custom-parts.fr\/de\/","name":"Custom-Parts.fr","description":"Custom BMW MINI Ersatzteile & Zubeh\u00f6r","publisher":{"@id":"https:\/\/custom-parts.fr\/de\/#organization"},"potentialAction":[{"@type":"SearchAction","target":{"@type":"EntryPoint","urlTemplate":"https:\/\/custom-parts.fr\/de\/?s={search_term_string}"},"query-input":{"@type":"PropertyValueSpecification","valueRequired":true,"valueName":"search_term_string"}}],"inLanguage":"de"},{"@type":"Organization","@id":"https:\/\/custom-parts.fr\/de\/#organization","name":"Custom-Parts","url":"https:\/\/custom-parts.fr\/de\/","logo":{"@type":"ImageObject","inLanguage":"de","@id":"https:\/\/custom-parts.fr\/de\/#\/schema\/logo\/image\/","url":"https:\/\/custom-parts.fr\/wp-content\/uploads\/2023\/01\/cropped-cropped-cropped-final-new-police-2-1-1.png","contentUrl":"https:\/\/custom-parts.fr\/wp-content\/uploads\/2023\/01\/cropped-cropped-cropped-final-new-police-2-1-1.png","width":450,"height":125,"caption":"Custom-Parts"},"image":{"@id":"https:\/\/custom-parts.fr\/de\/#\/schema\/logo\/image\/"}}]}},"_links":{"self":[{"href":"https:\/\/custom-parts.fr\/de\/wp-json\/wp\/v2\/product\/24932","targetHints":{"allow":["GET"]}}],"collection":[{"href":"https:\/\/custom-parts.fr\/de\/wp-json\/wp\/v2\/product"}],"about":[{"href":"https:\/\/custom-parts.fr\/de\/wp-json\/wp\/v2\/types\/product"}],"replies":[{"embeddable":true,"href":"https:\/\/custom-parts.fr\/de\/wp-json\/wp\/v2\/comments?post=24932"}],"wp:featuredmedia":[{"embeddable":true,"href":"https:\/\/custom-parts.fr\/de\/wp-json\/wp\/v2\/media\/24172"}],"wp:attachment":[{"href":"https:\/\/custom-parts.fr\/de\/wp-json\/wp\/v2\/media?parent=24932"}],"wp:term":[{"taxonomy":"product_brand","embeddable":true,"href":"https:\/\/custom-parts.fr\/de\/wp-json\/wp\/v2\/product_brand?post=24932"},{"taxonomy":"product_cat","embeddable":true,"href":"https:\/\/custom-parts.fr\/de\/wp-json\/wp\/v2\/product_cat?post=24932"},{"taxonomy":"product_tag","embeddable":true,"href":"https:\/\/custom-parts.fr\/de\/wp-json\/wp\/v2\/product_tag?post=24932"}],"curies":[{"name":"wp","href":"https:\/\/api.w.org\/{rel}","templated":true}]}}