{"id":24934,"date":"2023-03-04T03:17:44","date_gmt":"2023-03-04T02:17:44","guid":{"rendered":"https:\/\/custom-parts.fr\/produit\/extensions-de-palettes-au-volant-mini-cooper-r56-r57-r55-r58-r59-r60-r61-aluminium\/"},"modified":"2025-06-15T01:35:05","modified_gmt":"2025-06-14T23:35:05","slug":"extensions-de-palettes-au-volant-mini-cooper-r56-r57-r55-r58-r59-r60-r61-aluminium","status":"publish","type":"product","link":"https:\/\/custom-parts.fr\/de\/produkt\/extensions-de-palettes-au-volant-mini-cooper-r56-r57-r55-r58-r59-r60-r61-aluminium\/","title":{"rendered":"Lenkerverl\u00e4ngerungen f\u00fcr Mini Cooper R56 R57 R55 R58 R59 R60 R61 &#8211; Aluf\u00fcr Minium"},"content":{"rendered":"<p><strong>Lenkrad-Paddles f\u00fcr MINI Cooper R56 R57 R55 R58 R59 R60 und R61 aus Aluminium<\/strong><\/p>\n<p>&nbsp;<\/p>\n<p>Diese Lenkrad-Paddles verleihen Ihrem MINI R56 R57 R55 R58 R59 der 2. Generation sowohl Stil als auch Komfort. Sie sind aus Aluminium gefertigt und haben eine matte Oberfl\u00e4che, die das hochwertige Aussehen der Paddles unterstreicht und Ihr Interieur aufwertet. F\u00fcr die Installation dieser Paddles ist kein Demontieren oder Werkzeug erforderlich. Sie sind passgenau auf die Original-Paddles geformt und lassen sich einfach mit dem bereits vorinstallierten doppelseitigen Klebeband montieren. Der im Automobilbereich bew\u00e4hrte 3M doppelseitige Kleber sorgt f\u00fcr einen sicheren Halt und eine stabile Befestigung unter allen Wetterbedingungen.<\/p>\n<p>&nbsp;<\/p>\n<p><strong>Es gibt 2 Modelle von Lenkrad-Paddles in der MINI 2. Generation. Bitte \u00fcberpr\u00fcfen Sie, ob die auf den Bildern angezeigten Paddles mit denen an Ihrem Lenkrad \u00fcbereinstimmen.<\/strong><\/p>\n<p>&nbsp;<\/p>\n<h2>Merkmale:<\/h2>\n<ul>\n<li>Enth\u00e4lt 2 x Lenkrad-Paddles<\/li>\n<li>Material: Aluminium<\/li>\n<li>Matte, rutschfeste Oberfl\u00e4che<\/li>\n<li>Verf\u00fcgbare Farben: schwarz, rot, aluminium<\/li>\n<\/ul>\n<p>&nbsp;<\/p>\n<h2>Geeignet f\u00fcr:<\/h2>\n<ul>\n<li>MINI Cooper, Cooper S R55 Clubman: 2008 bis 2014<\/li>\n<li>MINI Cooper, Cooper S R56: 2007 bis 2013<\/li>\n<li>MINI Cooper, Cooper S R57 Cabrio: 2009 bis 2015<\/li>\n<li>MINI Cooper, Cooper S R58 Coup\u00e9: 2012 bis 2015<\/li>\n<li>MINI Cooper, Cooper S R59 Roadster: 2012 bis 2015<\/li>\n<li data-spm-anchor-id=\"a2g0o.detail.1000023.i1.54c42f391Vhw0s\">MINI Cooper, Cooper S R60 Countryman: 2011 bis 2016<\/li>\n<li data-spm-anchor-id=\"a2g0o.detail.1000023.i1.54c42f391Vhw0s\">MINI Cooper, Cooper S R61 Paceman: 2013 bis 2015<\/li>\n<li data-spm-anchor-id=\"a2g0o.detail.1000023.i1.54c42f391Vhw0s\"><strong>Nur f\u00fcr Modelle mit den auf den Bildern angezeigten Lenkrad-Paddles geeignet.<\/strong><\/li>\n<\/ul>\n","protected":false},"excerpt":{"rendered":"<p><span style=\"color: #39991a; font-weight: 900;\">\u2713<\/span> Gestalten Sie Ihren Mini ganz nach Ihrem Geschmack!<br \/>\n<span style=\"color: #39991a; font-weight: 900;\">\u2713<\/span> Einfach zu installieren und auszutauschen<br \/>\n<span style=\"color: #39991a; font-weight: 900;\">\u2713<\/span> Perfekte Passform f\u00fcr Ihr Originalteil<\/p>\n","protected":false},"featured_media":24116,"comment_status":"open","ping_status":"closed","template":"","meta":[],"product_brand":[],"product_cat":[191,194,193],"product_tag":[],"class_list":{"0":"post-24934","1":"product","2":"type-product","3":"status-publish","4":"has-post-thumbnail","6":"product_cat-mini-cooper-ersatzteile-zubehoer","7":"product_cat-exterieur-zubehor-mini-2-gen","8":"product_cat-zubehoer-mini-cooper-2-gen","10":"first","11":"instock","12":"taxable","13":"shipping-taxable","14":"purchasable","15":"product-type-variable"},"yoast_head":"<!-- This site is optimized with the Yoast SEO plugin v27.2 - https:\/\/yoast.com\/product\/yoast-seo-wordpress\/ -->\n<title>Lenkerverl\u00e4ngerungen f\u00fcr Mini Cooper R56 R57 R55 R58 R59 R60 R61 - Aluf\u00fcr Minium<\/title>\n<meta name=\"description\" content=\"Achetez vos Lenkerverl\u00e4ngerungen f\u00fcr Mini Cooper R56 R57 R55 R58 R59 R60 R61 - Aluf\u00fcr Minium et tous vos accessoires BMW MINI sur Custom-Parts.fr !\" \/>\n<meta name=\"robots\" content=\"index, follow, max-snippet:-1, max-image-preview:large, max-video-preview:-1\" \/>\n<link rel=\"canonical\" href=\"https:\/\/custom-parts.fr\/de\/produkt\/extensions-de-palettes-au-volant-mini-cooper-r56-r57-r55-r58-r59-r60-r61-aluminium\/\" \/>\n<meta property=\"og:locale\" content=\"de_DE\" \/>\n<meta property=\"og:type\" content=\"article\" \/>\n<meta property=\"og:title\" content=\"Lenkerverl\u00e4ngerungen f\u00fcr Mini Cooper R56 R57 R55 R58 R59 R60 R61 - Aluf\u00fcr Minium\" \/>\n<meta property=\"og:description\" content=\"Achetez vos Lenkerverl\u00e4ngerungen f\u00fcr Mini Cooper R56 R57 R55 R58 R59 R60 R61 - Aluf\u00fcr Minium et tous vos accessoires BMW MINI sur Custom-Parts.fr !\" \/>\n<meta property=\"og:url\" content=\"https:\/\/custom-parts.fr\/de\/produkt\/extensions-de-palettes-au-volant-mini-cooper-r56-r57-r55-r58-r59-r60-r61-aluminium\/\" \/>\n<meta property=\"og:site_name\" content=\"Custom-Parts.fr\" \/>\n<meta property=\"article:modified_time\" content=\"2025-06-14T23:35:05+00:00\" \/>\n<meta property=\"og:image\" content=\"https:\/\/custom-parts.fr\/wp-content\/uploads\/2023\/03\/New-Project-2023-03-05T010228.588.jpg\" \/>\n\t<meta property=\"og:image:width\" content=\"500\" \/>\n\t<meta property=\"og:image:height\" content=\"500\" \/>\n\t<meta property=\"og:image:type\" content=\"image\/jpeg\" \/>\n<meta name=\"twitter:card\" content=\"summary_large_image\" \/>\n<meta name=\"twitter:label1\" content=\"Gesch\u00e4tzte Lesezeit\" \/>\n\t<meta name=\"twitter:data1\" content=\"2\u00a0Minute\" \/>\n<script type=\"application\/ld+json\" class=\"yoast-schema-graph\">{\"@context\":\"https:\/\/schema.org\",\"@graph\":[{\"@type\":\"WebPage\",\"@id\":\"https:\/\/custom-parts.fr\/de\/produkt\/extensions-de-palettes-au-volant-mini-cooper-r56-r57-r55-r58-r59-r60-r61-aluminium\/\",\"url\":\"https:\/\/custom-parts.fr\/de\/produkt\/extensions-de-palettes-au-volant-mini-cooper-r56-r57-r55-r58-r59-r60-r61-aluminium\/\",\"name\":\"Lenkerverl\u00e4ngerungen f\u00fcr Mini Cooper R56 R57 R55 R58 R59 R60 R61 - Aluf\u00fcr Minium\",\"isPartOf\":{\"@id\":\"https:\/\/custom-parts.fr\/de\/#website\"},\"primaryImageOfPage\":{\"@id\":\"https:\/\/custom-parts.fr\/de\/produkt\/extensions-de-palettes-au-volant-mini-cooper-r56-r57-r55-r58-r59-r60-r61-aluminium\/#primaryimage\"},\"image\":{\"@id\":\"https:\/\/custom-parts.fr\/de\/produkt\/extensions-de-palettes-au-volant-mini-cooper-r56-r57-r55-r58-r59-r60-r61-aluminium\/#primaryimage\"},\"thumbnailUrl\":\"https:\/\/custom-parts.fr\/wp-content\/uploads\/2023\/03\/New-Project-2023-03-05T010228.588.jpg\",\"datePublished\":\"2023-03-04T02:17:44+00:00\",\"dateModified\":\"2025-06-14T23:35:05+00:00\",\"description\":\"Achetez vos Lenkerverl\u00e4ngerungen f\u00fcr Mini Cooper R56 R57 R55 R58 R59 R60 R61 - Aluf\u00fcr Minium et tous vos accessoires BMW MINI sur Custom-Parts.fr !\",\"breadcrumb\":{\"@id\":\"https:\/\/custom-parts.fr\/de\/produkt\/extensions-de-palettes-au-volant-mini-cooper-r56-r57-r55-r58-r59-r60-r61-aluminium\/#breadcrumb\"},\"inLanguage\":\"de\",\"potentialAction\":[{\"@type\":\"ReadAction\",\"target\":[\"https:\/\/custom-parts.fr\/de\/produkt\/extensions-de-palettes-au-volant-mini-cooper-r56-r57-r55-r58-r59-r60-r61-aluminium\/\"]}]},{\"@type\":\"ImageObject\",\"inLanguage\":\"de\",\"@id\":\"https:\/\/custom-parts.fr\/de\/produkt\/extensions-de-palettes-au-volant-mini-cooper-r56-r57-r55-r58-r59-r60-r61-aluminium\/#primaryimage\",\"url\":\"https:\/\/custom-parts.fr\/wp-content\/uploads\/2023\/03\/New-Project-2023-03-05T010228.588.jpg\",\"contentUrl\":\"https:\/\/custom-parts.fr\/wp-content\/uploads\/2023\/03\/New-Project-2023-03-05T010228.588.jpg\",\"width\":500,\"height\":500},{\"@type\":\"BreadcrumbList\",\"@id\":\"https:\/\/custom-parts.fr\/de\/produkt\/extensions-de-palettes-au-volant-mini-cooper-r56-r57-r55-r58-r59-r60-r61-aluminium\/#breadcrumb\",\"itemListElement\":[{\"@type\":\"ListItem\",\"position\":1,\"name\":\"Startseite\",\"item\":\"https:\/\/custom-parts.fr\/de\/kaufen-sie-teile-und-zubehoer-fuer-mini-bmw-custom-parts-de\/\"},{\"@type\":\"ListItem\",\"position\":2,\"name\":\"Shop\",\"item\":\"https:\/\/custom-parts.fr\/de\/alle-produkte\/\"},{\"@type\":\"ListItem\",\"position\":3,\"name\":\"Lenkerverl\u00e4ngerungen f\u00fcr Mini Cooper R56 R57 R55 R58 R59 R60 R61 &#8211; Aluf\u00fcr Minium\"}]},{\"@type\":\"WebSite\",\"@id\":\"https:\/\/custom-parts.fr\/de\/#website\",\"url\":\"https:\/\/custom-parts.fr\/de\/\",\"name\":\"Custom-Parts.fr\",\"description\":\"Custom BMW MINI Ersatzteile & Zubeh\u00f6r\",\"publisher\":{\"@id\":\"https:\/\/custom-parts.fr\/de\/#organization\"},\"potentialAction\":[{\"@type\":\"SearchAction\",\"target\":{\"@type\":\"EntryPoint\",\"urlTemplate\":\"https:\/\/custom-parts.fr\/de\/?s={search_term_string}\"},\"query-input\":{\"@type\":\"PropertyValueSpecification\",\"valueRequired\":true,\"valueName\":\"search_term_string\"}}],\"inLanguage\":\"de\"},{\"@type\":\"Organization\",\"@id\":\"https:\/\/custom-parts.fr\/de\/#organization\",\"name\":\"Custom-Parts\",\"url\":\"https:\/\/custom-parts.fr\/de\/\",\"logo\":{\"@type\":\"ImageObject\",\"inLanguage\":\"de\",\"@id\":\"https:\/\/custom-parts.fr\/de\/#\/schema\/logo\/image\/\",\"url\":\"https:\/\/custom-parts.fr\/wp-content\/uploads\/2023\/01\/cropped-cropped-cropped-final-new-police-2-1-1.png\",\"contentUrl\":\"https:\/\/custom-parts.fr\/wp-content\/uploads\/2023\/01\/cropped-cropped-cropped-final-new-police-2-1-1.png\",\"width\":450,\"height\":125,\"caption\":\"Custom-Parts\"},\"image\":{\"@id\":\"https:\/\/custom-parts.fr\/de\/#\/schema\/logo\/image\/\"}}]}<\/script>\n<!-- \/ Yoast SEO plugin. -->","yoast_head_json":{"title":"Lenkerverl\u00e4ngerungen f\u00fcr Mini Cooper R56 R57 R55 R58 R59 R60 R61 - Aluf\u00fcr Minium","description":"Achetez vos Lenkerverl\u00e4ngerungen f\u00fcr Mini Cooper R56 R57 R55 R58 R59 R60 R61 - Aluf\u00fcr Minium et tous vos accessoires BMW MINI sur Custom-Parts.fr !","robots":{"index":"index","follow":"follow","max-snippet":"max-snippet:-1","max-image-preview":"max-image-preview:large","max-video-preview":"max-video-preview:-1"},"canonical":"https:\/\/custom-parts.fr\/de\/produkt\/extensions-de-palettes-au-volant-mini-cooper-r56-r57-r55-r58-r59-r60-r61-aluminium\/","og_locale":"de_DE","og_type":"article","og_title":"Lenkerverl\u00e4ngerungen f\u00fcr Mini Cooper R56 R57 R55 R58 R59 R60 R61 - Aluf\u00fcr Minium","og_description":"Achetez vos Lenkerverl\u00e4ngerungen f\u00fcr Mini Cooper R56 R57 R55 R58 R59 R60 R61 - Aluf\u00fcr Minium et tous vos accessoires BMW MINI sur Custom-Parts.fr !","og_url":"https:\/\/custom-parts.fr\/de\/produkt\/extensions-de-palettes-au-volant-mini-cooper-r56-r57-r55-r58-r59-r60-r61-aluminium\/","og_site_name":"Custom-Parts.fr","article_modified_time":"2025-06-14T23:35:05+00:00","og_image":[{"width":500,"height":500,"url":"https:\/\/custom-parts.fr\/wp-content\/uploads\/2023\/03\/New-Project-2023-03-05T010228.588.jpg","type":"image\/jpeg"}],"twitter_card":"summary_large_image","twitter_misc":{"Gesch\u00e4tzte Lesezeit":"2\u00a0Minute"},"schema":{"@context":"https:\/\/schema.org","@graph":[{"@type":"WebPage","@id":"https:\/\/custom-parts.fr\/de\/produkt\/extensions-de-palettes-au-volant-mini-cooper-r56-r57-r55-r58-r59-r60-r61-aluminium\/","url":"https:\/\/custom-parts.fr\/de\/produkt\/extensions-de-palettes-au-volant-mini-cooper-r56-r57-r55-r58-r59-r60-r61-aluminium\/","name":"Lenkerverl\u00e4ngerungen f\u00fcr Mini Cooper R56 R57 R55 R58 R59 R60 R61 - Aluf\u00fcr Minium","isPartOf":{"@id":"https:\/\/custom-parts.fr\/de\/#website"},"primaryImageOfPage":{"@id":"https:\/\/custom-parts.fr\/de\/produkt\/extensions-de-palettes-au-volant-mini-cooper-r56-r57-r55-r58-r59-r60-r61-aluminium\/#primaryimage"},"image":{"@id":"https:\/\/custom-parts.fr\/de\/produkt\/extensions-de-palettes-au-volant-mini-cooper-r56-r57-r55-r58-r59-r60-r61-aluminium\/#primaryimage"},"thumbnailUrl":"https:\/\/custom-parts.fr\/wp-content\/uploads\/2023\/03\/New-Project-2023-03-05T010228.588.jpg","datePublished":"2023-03-04T02:17:44+00:00","dateModified":"2025-06-14T23:35:05+00:00","description":"Achetez vos Lenkerverl\u00e4ngerungen f\u00fcr Mini Cooper R56 R57 R55 R58 R59 R60 R61 - Aluf\u00fcr Minium et tous vos accessoires BMW MINI sur Custom-Parts.fr !","breadcrumb":{"@id":"https:\/\/custom-parts.fr\/de\/produkt\/extensions-de-palettes-au-volant-mini-cooper-r56-r57-r55-r58-r59-r60-r61-aluminium\/#breadcrumb"},"inLanguage":"de","potentialAction":[{"@type":"ReadAction","target":["https:\/\/custom-parts.fr\/de\/produkt\/extensions-de-palettes-au-volant-mini-cooper-r56-r57-r55-r58-r59-r60-r61-aluminium\/"]}]},{"@type":"ImageObject","inLanguage":"de","@id":"https:\/\/custom-parts.fr\/de\/produkt\/extensions-de-palettes-au-volant-mini-cooper-r56-r57-r55-r58-r59-r60-r61-aluminium\/#primaryimage","url":"https:\/\/custom-parts.fr\/wp-content\/uploads\/2023\/03\/New-Project-2023-03-05T010228.588.jpg","contentUrl":"https:\/\/custom-parts.fr\/wp-content\/uploads\/2023\/03\/New-Project-2023-03-05T010228.588.jpg","width":500,"height":500},{"@type":"BreadcrumbList","@id":"https:\/\/custom-parts.fr\/de\/produkt\/extensions-de-palettes-au-volant-mini-cooper-r56-r57-r55-r58-r59-r60-r61-aluminium\/#breadcrumb","itemListElement":[{"@type":"ListItem","position":1,"name":"Startseite","item":"https:\/\/custom-parts.fr\/de\/kaufen-sie-teile-und-zubehoer-fuer-mini-bmw-custom-parts-de\/"},{"@type":"ListItem","position":2,"name":"Shop","item":"https:\/\/custom-parts.fr\/de\/alle-produkte\/"},{"@type":"ListItem","position":3,"name":"Lenkerverl\u00e4ngerungen f\u00fcr Mini Cooper R56 R57 R55 R58 R59 R60 R61 &#8211; Aluf\u00fcr Minium"}]},{"@type":"WebSite","@id":"https:\/\/custom-parts.fr\/de\/#website","url":"https:\/\/custom-parts.fr\/de\/","name":"Custom-Parts.fr","description":"Custom BMW MINI Ersatzteile & Zubeh\u00f6r","publisher":{"@id":"https:\/\/custom-parts.fr\/de\/#organization"},"potentialAction":[{"@type":"SearchAction","target":{"@type":"EntryPoint","urlTemplate":"https:\/\/custom-parts.fr\/de\/?s={search_term_string}"},"query-input":{"@type":"PropertyValueSpecification","valueRequired":true,"valueName":"search_term_string"}}],"inLanguage":"de"},{"@type":"Organization","@id":"https:\/\/custom-parts.fr\/de\/#organization","name":"Custom-Parts","url":"https:\/\/custom-parts.fr\/de\/","logo":{"@type":"ImageObject","inLanguage":"de","@id":"https:\/\/custom-parts.fr\/de\/#\/schema\/logo\/image\/","url":"https:\/\/custom-parts.fr\/wp-content\/uploads\/2023\/01\/cropped-cropped-cropped-final-new-police-2-1-1.png","contentUrl":"https:\/\/custom-parts.fr\/wp-content\/uploads\/2023\/01\/cropped-cropped-cropped-final-new-police-2-1-1.png","width":450,"height":125,"caption":"Custom-Parts"},"image":{"@id":"https:\/\/custom-parts.fr\/de\/#\/schema\/logo\/image\/"}}]}},"_links":{"self":[{"href":"https:\/\/custom-parts.fr\/de\/wp-json\/wp\/v2\/product\/24934","targetHints":{"allow":["GET"]}}],"collection":[{"href":"https:\/\/custom-parts.fr\/de\/wp-json\/wp\/v2\/product"}],"about":[{"href":"https:\/\/custom-parts.fr\/de\/wp-json\/wp\/v2\/types\/product"}],"replies":[{"embeddable":true,"href":"https:\/\/custom-parts.fr\/de\/wp-json\/wp\/v2\/comments?post=24934"}],"wp:featuredmedia":[{"embeddable":true,"href":"https:\/\/custom-parts.fr\/de\/wp-json\/wp\/v2\/media\/24116"}],"wp:attachment":[{"href":"https:\/\/custom-parts.fr\/de\/wp-json\/wp\/v2\/media?parent=24934"}],"wp:term":[{"taxonomy":"product_brand","embeddable":true,"href":"https:\/\/custom-parts.fr\/de\/wp-json\/wp\/v2\/product_brand?post=24934"},{"taxonomy":"product_cat","embeddable":true,"href":"https:\/\/custom-parts.fr\/de\/wp-json\/wp\/v2\/product_cat?post=24934"},{"taxonomy":"product_tag","embeddable":true,"href":"https:\/\/custom-parts.fr\/de\/wp-json\/wp\/v2\/product_tag?post=24934"}],"curies":[{"name":"wp","href":"https:\/\/api.w.org\/{rel}","templated":true}]}}