{"id":24939,"date":"2023-03-04T02:30:56","date_gmt":"2023-03-04T01:30:56","guid":{"rendered":"https:\/\/custom-parts.fr\/produit\/coques-de-retroviseurs-mini-cooper-r56-r57-r55-r58-r59-r60-r61-style-carbon\/"},"modified":"2026-03-30T21:23:45","modified_gmt":"2026-03-30T19:23:45","slug":"coques-de-retroviseurs-mini-cooper-r56-r57-r55-r58-r59-r60-r61-style-carbon","status":"publish","type":"product","link":"https:\/\/custom-parts.fr\/de\/produkt\/coques-de-retroviseurs-mini-cooper-r56-r57-r55-r58-r59-r60-r61-style-carbon\/","title":{"rendered":"Spiegelkappen f\u00fcr Mini Cooper R56 R57 R55 R58 R59 R60 R61 Carbon-Style"},"content":{"rendered":"<p><strong>Spiegelabdeckungen im Carbon-Look f\u00fcr Mini Cooper R56 R57 R55 R58 R59 R60 und R61.<\/strong><\/p>\n<p>&nbsp;<\/p>\n<p>Brauchen Sie ein Upgrade f\u00fcr das Design Ihrer Au\u00dfenspiegel oder m\u00f6chten Sie einfach die Farbe wechseln? Diese Spiegelabdeckungen ersetzen direkt die Originalteile Ihrer MINI der 2. Generation und sind mit den gleichen Befestigungsarmen ausgestattet.<\/p>\n<p>&nbsp;<\/p>\n<p>Der hochwertige Carbon-Look sorgt f\u00fcr ein perfektes Ergebnis f\u00fcr Ihren MINI.<\/p>\n<p>&nbsp;<\/p>\n<p><strong>Diese Spiegelabdeckungen sind ausschlie\u00dflich f\u00fcr MINI der 2. Generation mit manuellen Au\u00dfenspiegeln geeignet.<\/strong><\/p>\n<p>&nbsp;<\/p>\n<h2>Eigenschaften:<\/h2>\n<ul>\n<li>Enth\u00e4lt 2 x Spiegelabdeckungen<\/li>\n<li>Material: Hochwertiger flexibler ABS-Kunststoff<\/li>\n<li>Typ: Ersatzteil f\u00fcr Originalteile<\/li>\n<li>Verf\u00fcgbare Farben: Carbon-Look<\/li>\n<li>Herstellerteilenummer: 51162754914<\/li>\n<\/ul>\n<p>&nbsp;<\/p>\n<h2>Geeignet f\u00fcr:<\/h2>\n<ul>\n<li><strong>Nur geeignet f\u00fcr Modelle mit manuellen Au\u00dfenspiegeln<\/strong><\/li>\n<li>MINI Cooper, Cooper S R55 Clubman: 2008 bis 2014<\/li>\n<li>MINI Cooper, Cooper S R56: 2007 bis 2013<\/li>\n<li>MINI Cooper, Cooper S R57 Cabriolet: 2009 bis 2015<\/li>\n<li>MINI Cooper, Cooper S R58 Coup\u00e9: 2012 bis 2015<\/li>\n<li>MINI Cooper, Cooper S R59 Roadster: 2012 bis 2015<\/li>\n<li data-spm-anchor-id=\"a2g0o.detail.1000023.i1.54c42f391Vhw0s\">MINI Cooper, Cooper S R60 Countryman: 2011 bis 2016<\/li>\n<li data-spm-anchor-id=\"a2g0o.detail.1000023.i1.54c42f391Vhw0s\">MINI Cooper, Cooper S R61 Paceman: 2013 bis 2015<\/li>\n<\/ul>\n<p>&nbsp;<\/p>\n<p><img decoding=\"async\" class=\"alignnone wp-image-21492 size-full lazyload\" data-src=\"https:\/\/custom-parts.fr\/wp-content\/uploads\/2023\/03\/Coques-de-Retroviseurs-look-carbon-Mini-Cooper-R56-R57-R55-R58-R59-2.jpg\" alt=\"\" width=\"500\" height=\"500\" data-srcset=\"https:\/\/custom-parts.fr\/wp-content\/uploads\/2023\/03\/Coques-de-Retroviseurs-look-carbon-Mini-Cooper-R56-R57-R55-R58-R59-2.jpg 500w, https:\/\/custom-parts.fr\/wp-content\/uploads\/2023\/03\/Coques-de-Retroviseurs-look-carbon-Mini-Cooper-R56-R57-R55-R58-R59-2-300x300.jpg 300w, https:\/\/custom-parts.fr\/wp-content\/uploads\/2023\/03\/Coques-de-Retroviseurs-look-carbon-Mini-Cooper-R56-R57-R55-R58-R59-2-150x150.jpg 150w, https:\/\/custom-parts.fr\/wp-content\/uploads\/2023\/03\/Coques-de-Retroviseurs-look-carbon-Mini-Cooper-R56-R57-R55-R58-R59-2-100x100.jpg 100w, https:\/\/custom-parts.fr\/wp-content\/uploads\/2023\/03\/Coques-de-Retroviseurs-look-carbon-Mini-Cooper-R56-R57-R55-R58-R59-2-48x48.jpg 48w\" data-sizes=\"(max-width: 500px) 100vw, 500px\" src=\"data:image\/svg+xml;base64,PHN2ZyB3aWR0aD0iMSIgaGVpZ2h0PSIxIiB4bWxucz0iaHR0cDovL3d3dy53My5vcmcvMjAwMC9zdmciPjwvc3ZnPg==\" style=\"--smush-placeholder-width: 500px; --smush-placeholder-aspect-ratio: 500\/500;\" \/><\/p>\n<p><img decoding=\"async\" class=\"alignnone wp-image-21491 size-full lazyload\" data-src=\"https:\/\/custom-parts.fr\/wp-content\/uploads\/2023\/03\/Coques-de-Retroviseurs-look-carbon-Mini-Cooper-R56-R57-R55-R58-R59-1.jpg\" alt=\"\" width=\"500\" height=\"500\" data-srcset=\"https:\/\/custom-parts.fr\/wp-content\/uploads\/2023\/03\/Coques-de-Retroviseurs-look-carbon-Mini-Cooper-R56-R57-R55-R58-R59-1.jpg 500w, https:\/\/custom-parts.fr\/wp-content\/uploads\/2023\/03\/Coques-de-Retroviseurs-look-carbon-Mini-Cooper-R56-R57-R55-R58-R59-1-300x300.jpg 300w, https:\/\/custom-parts.fr\/wp-content\/uploads\/2023\/03\/Coques-de-Retroviseurs-look-carbon-Mini-Cooper-R56-R57-R55-R58-R59-1-150x150.jpg 150w, https:\/\/custom-parts.fr\/wp-content\/uploads\/2023\/03\/Coques-de-Retroviseurs-look-carbon-Mini-Cooper-R56-R57-R55-R58-R59-1-100x100.jpg 100w, https:\/\/custom-parts.fr\/wp-content\/uploads\/2023\/03\/Coques-de-Retroviseurs-look-carbon-Mini-Cooper-R56-R57-R55-R58-R59-1-48x48.jpg 48w\" data-sizes=\"(max-width: 500px) 100vw, 500px\" src=\"data:image\/svg+xml;base64,PHN2ZyB3aWR0aD0iMSIgaGVpZ2h0PSIxIiB4bWxucz0iaHR0cDovL3d3dy53My5vcmcvMjAwMC9zdmciPjwvc3ZnPg==\" style=\"--smush-placeholder-width: 500px; --smush-placeholder-aspect-ratio: 500\/500;\" \/><\/p>\n","protected":false},"excerpt":{"rendered":"<p><span style=\"color: #39991a; font-weight: 900;\">\u2713<\/span> Gestalten Sie Ihren Mini ganz nach Ihrem Geschmack!<br \/>\n<span style=\"color: #39991a; font-weight: 900;\">\u2713<\/span> Einfach zu installieren und auszutauschen<br \/>\n<span style=\"color: #39991a; font-weight: 900;\">\u2713<\/span> Perfekte Passform f\u00fcr Ihr Originalteil<\/p>\n","protected":false},"featured_media":24112,"comment_status":"open","ping_status":"closed","template":"","meta":[],"product_brand":[],"product_cat":[191,194,193],"product_tag":[],"class_list":{"0":"post-24939","1":"product","2":"type-product","3":"status-publish","4":"has-post-thumbnail","6":"product_cat-mini-cooper-ersatzteile-zubehoer","7":"product_cat-exterieur-zubehor-mini-2-gen","8":"product_cat-zubehoer-mini-cooper-2-gen","10":"first","11":"instock","12":"taxable","13":"shipping-taxable","14":"purchasable","15":"product-type-simple"},"yoast_head":"<!-- This site is optimized with the Yoast SEO plugin v27.2 - https:\/\/yoast.com\/product\/yoast-seo-wordpress\/ -->\n<title>Spiegelkappen f\u00fcr Mini Cooper R56 R57 R55 R58 R59 R60 R61 Carbon-Style<\/title>\n<meta name=\"description\" content=\"Achetez vos Spiegelkappen f\u00fcr Mini Cooper R56 R57 R55 R58 R59 R60 R61 Carbon-Style et tous vos accessoires BMW MINI sur Custom-Parts.fr !\" \/>\n<meta name=\"robots\" content=\"index, follow, max-snippet:-1, max-image-preview:large, max-video-preview:-1\" \/>\n<link rel=\"canonical\" href=\"https:\/\/custom-parts.fr\/de\/produkt\/coques-de-retroviseurs-mini-cooper-r56-r57-r55-r58-r59-r60-r61-style-carbon\/\" \/>\n<meta property=\"og:locale\" content=\"de_DE\" \/>\n<meta property=\"og:type\" content=\"article\" \/>\n<meta property=\"og:title\" content=\"Spiegelkappen f\u00fcr Mini Cooper R56 R57 R55 R58 R59 R60 R61 Carbon-Style\" \/>\n<meta property=\"og:description\" content=\"Achetez vos Spiegelkappen f\u00fcr Mini Cooper R56 R57 R55 R58 R59 R60 R61 Carbon-Style et tous vos accessoires BMW MINI sur Custom-Parts.fr !\" \/>\n<meta property=\"og:url\" content=\"https:\/\/custom-parts.fr\/de\/produkt\/coques-de-retroviseurs-mini-cooper-r56-r57-r55-r58-r59-r60-r61-style-carbon\/\" \/>\n<meta property=\"og:site_name\" content=\"Custom-Parts.fr\" \/>\n<meta property=\"article:modified_time\" content=\"2026-03-30T19:23:45+00:00\" \/>\n<meta property=\"og:image\" content=\"https:\/\/custom-parts.fr\/wp-content\/uploads\/2023\/03\/Coques-de-Retroviseurs-look-carbon-Mini-Cooper-R56-R57-R55-R58-R59-3.jpg\" \/>\n\t<meta property=\"og:image:width\" content=\"500\" \/>\n\t<meta property=\"og:image:height\" content=\"500\" \/>\n\t<meta property=\"og:image:type\" content=\"image\/jpeg\" \/>\n<meta name=\"twitter:card\" content=\"summary_large_image\" \/>\n<meta name=\"twitter:label1\" content=\"Gesch\u00e4tzte Lesezeit\" \/>\n\t<meta name=\"twitter:data1\" content=\"2\u00a0Minute\" \/>\n<script type=\"application\/ld+json\" class=\"yoast-schema-graph\">{\"@context\":\"https:\/\/schema.org\",\"@graph\":[{\"@type\":\"WebPage\",\"@id\":\"https:\/\/custom-parts.fr\/de\/produkt\/coques-de-retroviseurs-mini-cooper-r56-r57-r55-r58-r59-r60-r61-style-carbon\/\",\"url\":\"https:\/\/custom-parts.fr\/de\/produkt\/coques-de-retroviseurs-mini-cooper-r56-r57-r55-r58-r59-r60-r61-style-carbon\/\",\"name\":\"Spiegelkappen f\u00fcr Mini Cooper R56 R57 R55 R58 R59 R60 R61 Carbon-Style\",\"isPartOf\":{\"@id\":\"https:\/\/custom-parts.fr\/de\/#website\"},\"primaryImageOfPage\":{\"@id\":\"https:\/\/custom-parts.fr\/de\/produkt\/coques-de-retroviseurs-mini-cooper-r56-r57-r55-r58-r59-r60-r61-style-carbon\/#primaryimage\"},\"image\":{\"@id\":\"https:\/\/custom-parts.fr\/de\/produkt\/coques-de-retroviseurs-mini-cooper-r56-r57-r55-r58-r59-r60-r61-style-carbon\/#primaryimage\"},\"thumbnailUrl\":\"https:\/\/custom-parts.fr\/wp-content\/uploads\/2023\/03\/Coques-de-Retroviseurs-look-carbon-Mini-Cooper-R56-R57-R55-R58-R59-3.jpg\",\"datePublished\":\"2023-03-04T01:30:56+00:00\",\"dateModified\":\"2026-03-30T19:23:45+00:00\",\"description\":\"Achetez vos Spiegelkappen f\u00fcr Mini Cooper R56 R57 R55 R58 R59 R60 R61 Carbon-Style et tous vos accessoires BMW MINI sur Custom-Parts.fr !\",\"breadcrumb\":{\"@id\":\"https:\/\/custom-parts.fr\/de\/produkt\/coques-de-retroviseurs-mini-cooper-r56-r57-r55-r58-r59-r60-r61-style-carbon\/#breadcrumb\"},\"inLanguage\":\"de\",\"potentialAction\":[{\"@type\":\"ReadAction\",\"target\":[\"https:\/\/custom-parts.fr\/de\/produkt\/coques-de-retroviseurs-mini-cooper-r56-r57-r55-r58-r59-r60-r61-style-carbon\/\"]}]},{\"@type\":\"ImageObject\",\"inLanguage\":\"de\",\"@id\":\"https:\/\/custom-parts.fr\/de\/produkt\/coques-de-retroviseurs-mini-cooper-r56-r57-r55-r58-r59-r60-r61-style-carbon\/#primaryimage\",\"url\":\"https:\/\/custom-parts.fr\/wp-content\/uploads\/2023\/03\/Coques-de-Retroviseurs-look-carbon-Mini-Cooper-R56-R57-R55-R58-R59-3.jpg\",\"contentUrl\":\"https:\/\/custom-parts.fr\/wp-content\/uploads\/2023\/03\/Coques-de-Retroviseurs-look-carbon-Mini-Cooper-R56-R57-R55-R58-R59-3.jpg\",\"width\":500,\"height\":500},{\"@type\":\"BreadcrumbList\",\"@id\":\"https:\/\/custom-parts.fr\/de\/produkt\/coques-de-retroviseurs-mini-cooper-r56-r57-r55-r58-r59-r60-r61-style-carbon\/#breadcrumb\",\"itemListElement\":[{\"@type\":\"ListItem\",\"position\":1,\"name\":\"Startseite\",\"item\":\"https:\/\/custom-parts.fr\/de\/kaufen-sie-teile-und-zubehoer-fuer-mini-bmw-custom-parts-de\/\"},{\"@type\":\"ListItem\",\"position\":2,\"name\":\"Shop\",\"item\":\"https:\/\/custom-parts.fr\/de\/alle-produkte\/\"},{\"@type\":\"ListItem\",\"position\":3,\"name\":\"Spiegelkappen f\u00fcr Mini Cooper R56 R57 R55 R58 R59 R60 R61 Carbon-Style\"}]},{\"@type\":\"WebSite\",\"@id\":\"https:\/\/custom-parts.fr\/de\/#website\",\"url\":\"https:\/\/custom-parts.fr\/de\/\",\"name\":\"Custom-Parts.fr\",\"description\":\"Custom BMW MINI Ersatzteile & Zubeh\u00f6r\",\"publisher\":{\"@id\":\"https:\/\/custom-parts.fr\/de\/#organization\"},\"potentialAction\":[{\"@type\":\"SearchAction\",\"target\":{\"@type\":\"EntryPoint\",\"urlTemplate\":\"https:\/\/custom-parts.fr\/de\/?s={search_term_string}\"},\"query-input\":{\"@type\":\"PropertyValueSpecification\",\"valueRequired\":true,\"valueName\":\"search_term_string\"}}],\"inLanguage\":\"de\"},{\"@type\":\"Organization\",\"@id\":\"https:\/\/custom-parts.fr\/de\/#organization\",\"name\":\"Custom-Parts\",\"url\":\"https:\/\/custom-parts.fr\/de\/\",\"logo\":{\"@type\":\"ImageObject\",\"inLanguage\":\"de\",\"@id\":\"https:\/\/custom-parts.fr\/de\/#\/schema\/logo\/image\/\",\"url\":\"https:\/\/custom-parts.fr\/wp-content\/uploads\/2023\/01\/cropped-cropped-cropped-final-new-police-2-1-1.png\",\"contentUrl\":\"https:\/\/custom-parts.fr\/wp-content\/uploads\/2023\/01\/cropped-cropped-cropped-final-new-police-2-1-1.png\",\"width\":450,\"height\":125,\"caption\":\"Custom-Parts\"},\"image\":{\"@id\":\"https:\/\/custom-parts.fr\/de\/#\/schema\/logo\/image\/\"}}]}<\/script>\n<!-- \/ Yoast SEO plugin. -->","yoast_head_json":{"title":"Spiegelkappen f\u00fcr Mini Cooper R56 R57 R55 R58 R59 R60 R61 Carbon-Style","description":"Achetez vos Spiegelkappen f\u00fcr Mini Cooper R56 R57 R55 R58 R59 R60 R61 Carbon-Style et tous vos accessoires BMW MINI sur Custom-Parts.fr !","robots":{"index":"index","follow":"follow","max-snippet":"max-snippet:-1","max-image-preview":"max-image-preview:large","max-video-preview":"max-video-preview:-1"},"canonical":"https:\/\/custom-parts.fr\/de\/produkt\/coques-de-retroviseurs-mini-cooper-r56-r57-r55-r58-r59-r60-r61-style-carbon\/","og_locale":"de_DE","og_type":"article","og_title":"Spiegelkappen f\u00fcr Mini Cooper R56 R57 R55 R58 R59 R60 R61 Carbon-Style","og_description":"Achetez vos Spiegelkappen f\u00fcr Mini Cooper R56 R57 R55 R58 R59 R60 R61 Carbon-Style et tous vos accessoires BMW MINI sur Custom-Parts.fr !","og_url":"https:\/\/custom-parts.fr\/de\/produkt\/coques-de-retroviseurs-mini-cooper-r56-r57-r55-r58-r59-r60-r61-style-carbon\/","og_site_name":"Custom-Parts.fr","article_modified_time":"2026-03-30T19:23:45+00:00","og_image":[{"width":500,"height":500,"url":"https:\/\/custom-parts.fr\/wp-content\/uploads\/2023\/03\/Coques-de-Retroviseurs-look-carbon-Mini-Cooper-R56-R57-R55-R58-R59-3.jpg","type":"image\/jpeg"}],"twitter_card":"summary_large_image","twitter_misc":{"Gesch\u00e4tzte Lesezeit":"2\u00a0Minute"},"schema":{"@context":"https:\/\/schema.org","@graph":[{"@type":"WebPage","@id":"https:\/\/custom-parts.fr\/de\/produkt\/coques-de-retroviseurs-mini-cooper-r56-r57-r55-r58-r59-r60-r61-style-carbon\/","url":"https:\/\/custom-parts.fr\/de\/produkt\/coques-de-retroviseurs-mini-cooper-r56-r57-r55-r58-r59-r60-r61-style-carbon\/","name":"Spiegelkappen f\u00fcr Mini Cooper R56 R57 R55 R58 R59 R60 R61 Carbon-Style","isPartOf":{"@id":"https:\/\/custom-parts.fr\/de\/#website"},"primaryImageOfPage":{"@id":"https:\/\/custom-parts.fr\/de\/produkt\/coques-de-retroviseurs-mini-cooper-r56-r57-r55-r58-r59-r60-r61-style-carbon\/#primaryimage"},"image":{"@id":"https:\/\/custom-parts.fr\/de\/produkt\/coques-de-retroviseurs-mini-cooper-r56-r57-r55-r58-r59-r60-r61-style-carbon\/#primaryimage"},"thumbnailUrl":"https:\/\/custom-parts.fr\/wp-content\/uploads\/2023\/03\/Coques-de-Retroviseurs-look-carbon-Mini-Cooper-R56-R57-R55-R58-R59-3.jpg","datePublished":"2023-03-04T01:30:56+00:00","dateModified":"2026-03-30T19:23:45+00:00","description":"Achetez vos Spiegelkappen f\u00fcr Mini Cooper R56 R57 R55 R58 R59 R60 R61 Carbon-Style et tous vos accessoires BMW MINI sur Custom-Parts.fr !","breadcrumb":{"@id":"https:\/\/custom-parts.fr\/de\/produkt\/coques-de-retroviseurs-mini-cooper-r56-r57-r55-r58-r59-r60-r61-style-carbon\/#breadcrumb"},"inLanguage":"de","potentialAction":[{"@type":"ReadAction","target":["https:\/\/custom-parts.fr\/de\/produkt\/coques-de-retroviseurs-mini-cooper-r56-r57-r55-r58-r59-r60-r61-style-carbon\/"]}]},{"@type":"ImageObject","inLanguage":"de","@id":"https:\/\/custom-parts.fr\/de\/produkt\/coques-de-retroviseurs-mini-cooper-r56-r57-r55-r58-r59-r60-r61-style-carbon\/#primaryimage","url":"https:\/\/custom-parts.fr\/wp-content\/uploads\/2023\/03\/Coques-de-Retroviseurs-look-carbon-Mini-Cooper-R56-R57-R55-R58-R59-3.jpg","contentUrl":"https:\/\/custom-parts.fr\/wp-content\/uploads\/2023\/03\/Coques-de-Retroviseurs-look-carbon-Mini-Cooper-R56-R57-R55-R58-R59-3.jpg","width":500,"height":500},{"@type":"BreadcrumbList","@id":"https:\/\/custom-parts.fr\/de\/produkt\/coques-de-retroviseurs-mini-cooper-r56-r57-r55-r58-r59-r60-r61-style-carbon\/#breadcrumb","itemListElement":[{"@type":"ListItem","position":1,"name":"Startseite","item":"https:\/\/custom-parts.fr\/de\/kaufen-sie-teile-und-zubehoer-fuer-mini-bmw-custom-parts-de\/"},{"@type":"ListItem","position":2,"name":"Shop","item":"https:\/\/custom-parts.fr\/de\/alle-produkte\/"},{"@type":"ListItem","position":3,"name":"Spiegelkappen f\u00fcr Mini Cooper R56 R57 R55 R58 R59 R60 R61 Carbon-Style"}]},{"@type":"WebSite","@id":"https:\/\/custom-parts.fr\/de\/#website","url":"https:\/\/custom-parts.fr\/de\/","name":"Custom-Parts.fr","description":"Custom BMW MINI Ersatzteile & Zubeh\u00f6r","publisher":{"@id":"https:\/\/custom-parts.fr\/de\/#organization"},"potentialAction":[{"@type":"SearchAction","target":{"@type":"EntryPoint","urlTemplate":"https:\/\/custom-parts.fr\/de\/?s={search_term_string}"},"query-input":{"@type":"PropertyValueSpecification","valueRequired":true,"valueName":"search_term_string"}}],"inLanguage":"de"},{"@type":"Organization","@id":"https:\/\/custom-parts.fr\/de\/#organization","name":"Custom-Parts","url":"https:\/\/custom-parts.fr\/de\/","logo":{"@type":"ImageObject","inLanguage":"de","@id":"https:\/\/custom-parts.fr\/de\/#\/schema\/logo\/image\/","url":"https:\/\/custom-parts.fr\/wp-content\/uploads\/2023\/01\/cropped-cropped-cropped-final-new-police-2-1-1.png","contentUrl":"https:\/\/custom-parts.fr\/wp-content\/uploads\/2023\/01\/cropped-cropped-cropped-final-new-police-2-1-1.png","width":450,"height":125,"caption":"Custom-Parts"},"image":{"@id":"https:\/\/custom-parts.fr\/de\/#\/schema\/logo\/image\/"}}]}},"_links":{"self":[{"href":"https:\/\/custom-parts.fr\/de\/wp-json\/wp\/v2\/product\/24939","targetHints":{"allow":["GET"]}}],"collection":[{"href":"https:\/\/custom-parts.fr\/de\/wp-json\/wp\/v2\/product"}],"about":[{"href":"https:\/\/custom-parts.fr\/de\/wp-json\/wp\/v2\/types\/product"}],"replies":[{"embeddable":true,"href":"https:\/\/custom-parts.fr\/de\/wp-json\/wp\/v2\/comments?post=24939"}],"wp:featuredmedia":[{"embeddable":true,"href":"https:\/\/custom-parts.fr\/de\/wp-json\/wp\/v2\/media\/24112"}],"wp:attachment":[{"href":"https:\/\/custom-parts.fr\/de\/wp-json\/wp\/v2\/media?parent=24939"}],"wp:term":[{"taxonomy":"product_brand","embeddable":true,"href":"https:\/\/custom-parts.fr\/de\/wp-json\/wp\/v2\/product_brand?post=24939"},{"taxonomy":"product_cat","embeddable":true,"href":"https:\/\/custom-parts.fr\/de\/wp-json\/wp\/v2\/product_cat?post=24939"},{"taxonomy":"product_tag","embeddable":true,"href":"https:\/\/custom-parts.fr\/de\/wp-json\/wp\/v2\/product_tag?post=24939"}],"curies":[{"name":"wp","href":"https:\/\/api.w.org\/{rel}","templated":true}]}}