{"id":24941,"date":"2023-03-01T16:04:44","date_gmt":"2023-03-01T15:04:44","guid":{"rendered":"https:\/\/custom-parts.fr\/produit\/pommeau-de-vitesse-mini-cooper-r50-r52-cooper-s-r53-2001-a-2008-noir-chrome\/"},"modified":"2025-06-15T01:35:05","modified_gmt":"2025-06-14T23:35:05","slug":"pommeau-de-vitesse-mini-cooper-r50-r52-cooper-s-r53-2001-a-2008-noir-chrome","status":"publish","type":"product","link":"https:\/\/custom-parts.fr\/de\/produkt\/pommeau-de-vitesse-mini-cooper-r50-r52-cooper-s-r53-2001-a-2008-noir-chrome\/","title":{"rendered":"Schaltknauf f\u00fcr Mini Cooper R50, R52 Cooper S R53 &#8211; 2001 bis 2008 Schwarz-Chrom"},"content":{"rendered":"<p>Der Schaltknauf Ihres MINI der ersten Generation ist im Laufe der Zeit verblasst? Oder m\u00f6chten Sie das Innere Ihres MINI R50, R52 oder Cooper S 53 mit alterndem Leder auffrischen? Dann sind diese ma\u00dfgeschneiderten Schaltkn\u00e4ufe f\u00fcr den MINI der ersten Generation genau das Richtige f\u00fcr Sie! Sie sind f\u00fcr 5- und 6-Gang-Schaltgetriebe erh\u00e4ltlich. <\/p>\n<p>Sie m\u00fcssen lediglich den originalen Schaltknauf kr\u00e4ftig nach oben ziehen, um ihn zu entfernen, und dann den neuen Schaltknauf in die passende Position schieben. Dieser Schaltknauf ist speziell f\u00fcr den MINI Cooper One, Cabrio und Cooper S von 2001 bis 2008 entworfen und verwendet dasselbe System wie das Original. <\/p>\n<p><strong>Hinweis:<\/strong> Es ist normal, beim Versuch, den Schaltknauf einzuschieben, auf starken Widerstand zu sto\u00dfen. Dieser ist notwendig, um den perfekten Halt des Schaltknaufs w\u00e4hrend der Benutzung zu gew\u00e4hrleisten. Sollten Sie jedoch den Schaltknauf nicht vollst\u00e4ndig in die Endposition einsetzen k\u00f6nnen, <u>schleifen Sie bitte nicht die Stange des originalen Schaltknaufs ab<\/u>. Verwenden Sie einfach ein grobk\u00f6rniges Schleifpapier, um Material im Inneren des neuen Ersatzknaufs zu entfernen. Es ist nicht erforderlich, die Stange des originalen Schaltknaufs zu modifizieren. <\/p>\n<h2>Merkmale:<\/h2>\n<ul>\n<li>Verf\u00fcgbare Varianten: Hochglanz Schwarz &#8211; 5 G\u00e4nge, Grau &#8211; 5 G\u00e4nge, Hochglanz Schwarz &#8211; 6 G\u00e4nge, Grau &#8211; 6 G\u00e4nge.<\/li>\n<\/ul>\n<h2>Geeignet f\u00fcr:<\/h2>\n<ul>\n<li>MINI Cooper S R53 2001 bis 2008<\/li>\n<li>MINI R50 &#8211; One, One D und Cooper 2001 bis 2008<\/li>\n<li>MINI R52 Cabrio &#8211; One, Cooper und Cooper S 2001 bis 2008<\/li>\n<\/ul>\n","protected":false},"excerpt":{"rendered":"<p><span style=\"color: #39991a; font-weight: 900;\">\u2713<\/span> Gestalten Sie Ihren Mini ganz nach Ihrem Geschmack!<br \/>\n<span style=\"color: #39991a; font-weight: 900;\">\u2713<\/span> Einfach zu installieren und auszutauschen<br \/>\n<span style=\"color: #39991a; font-weight: 900;\">\u2713<\/span> Perfekte Passform f\u00fcr Ihr Originalteil<\/p>\n","protected":false},"featured_media":24050,"comment_status":"open","ping_status":"closed","template":"","meta":[],"product_brand":[],"product_cat":[191,192],"product_tag":[],"class_list":{"0":"post-24941","1":"product","2":"type-product","3":"status-publish","4":"has-post-thumbnail","6":"product_cat-mini-cooper-ersatzteile-zubehoer","7":"product_cat-zubehoer-mini-cooper-r50-r52-r53","9":"first","10":"instock","11":"taxable","12":"shipping-taxable","13":"purchasable","14":"product-type-variable"},"yoast_head":"<!-- This site is optimized with the Yoast SEO plugin v27.2 - https:\/\/yoast.com\/product\/yoast-seo-wordpress\/ -->\n<title>Schaltknauf f\u00fcr Mini Cooper R50, R52 Cooper S R53 - 2001 bis 2008 Schwarz-Chrom<\/title>\n<meta name=\"description\" content=\"Kaufen Sie Ihren Schaltknauf f\u00fcr Mini Cooper R50, R52 Cooper S R53 - 2001 bis 2008 Schwarz-Chrom und alle custom BMW MINI-Zubeh\u00f6r auf Custom-Parts.fr!\" \/>\n<meta name=\"robots\" content=\"index, follow, max-snippet:-1, max-image-preview:large, max-video-preview:-1\" \/>\n<link rel=\"canonical\" href=\"https:\/\/custom-parts.fr\/de\/produkt\/pommeau-de-vitesse-mini-cooper-r50-r52-cooper-s-r53-2001-a-2008-noir-chrome\/\" \/>\n<meta property=\"og:locale\" content=\"de_DE\" \/>\n<meta property=\"og:type\" content=\"article\" \/>\n<meta property=\"og:title\" content=\"Schaltknauf f\u00fcr Mini Cooper R50, R52 Cooper S R53 - 2001 bis 2008 Schwarz-Chrom\" \/>\n<meta property=\"og:description\" content=\"Kaufen Sie Ihren Schaltknauf f\u00fcr Mini Cooper R50, R52 Cooper S R53 - 2001 bis 2008 Schwarz-Chrom und alle custom BMW MINI-Zubeh\u00f6r auf Custom-Parts.fr!\" \/>\n<meta property=\"og:url\" content=\"https:\/\/custom-parts.fr\/de\/produkt\/pommeau-de-vitesse-mini-cooper-r50-r52-cooper-s-r53-2001-a-2008-noir-chrome\/\" \/>\n<meta property=\"og:site_name\" content=\"Custom-Parts.fr\" \/>\n<meta property=\"article:modified_time\" content=\"2025-06-14T23:35:05+00:00\" \/>\n<meta property=\"og:image\" content=\"https:\/\/custom-parts.fr\/wp-content\/uploads\/2023\/03\/Pommeau-de-vitesse-MINI-Cooper-R50-R52-Cooper-S-R53-2001-a-2008-Noir-Chrome-5.jpg\" \/>\n\t<meta property=\"og:image:width\" content=\"500\" \/>\n\t<meta property=\"og:image:height\" content=\"500\" \/>\n\t<meta property=\"og:image:type\" content=\"image\/jpeg\" \/>\n<meta name=\"twitter:card\" content=\"summary_large_image\" \/>\n<meta name=\"twitter:label1\" content=\"Gesch\u00e4tzte Lesezeit\" \/>\n\t<meta name=\"twitter:data1\" content=\"2\u00a0Minute\" \/>\n<script type=\"application\/ld+json\" class=\"yoast-schema-graph\">{\"@context\":\"https:\/\/schema.org\",\"@graph\":[{\"@type\":\"WebPage\",\"@id\":\"https:\/\/custom-parts.fr\/de\/produkt\/pommeau-de-vitesse-mini-cooper-r50-r52-cooper-s-r53-2001-a-2008-noir-chrome\/\",\"url\":\"https:\/\/custom-parts.fr\/de\/produkt\/pommeau-de-vitesse-mini-cooper-r50-r52-cooper-s-r53-2001-a-2008-noir-chrome\/\",\"name\":\"Schaltknauf f\u00fcr Mini Cooper R50, R52 Cooper S R53 - 2001 bis 2008 Schwarz-Chrom\",\"isPartOf\":{\"@id\":\"https:\/\/custom-parts.fr\/de\/#website\"},\"primaryImageOfPage\":{\"@id\":\"https:\/\/custom-parts.fr\/de\/produkt\/pommeau-de-vitesse-mini-cooper-r50-r52-cooper-s-r53-2001-a-2008-noir-chrome\/#primaryimage\"},\"image\":{\"@id\":\"https:\/\/custom-parts.fr\/de\/produkt\/pommeau-de-vitesse-mini-cooper-r50-r52-cooper-s-r53-2001-a-2008-noir-chrome\/#primaryimage\"},\"thumbnailUrl\":\"https:\/\/custom-parts.fr\/wp-content\/uploads\/2023\/03\/Pommeau-de-vitesse-MINI-Cooper-R50-R52-Cooper-S-R53-2001-a-2008-Noir-Chrome-5.jpg\",\"datePublished\":\"2023-03-01T15:04:44+00:00\",\"dateModified\":\"2025-06-14T23:35:05+00:00\",\"description\":\"Kaufen Sie Ihren Schaltknauf f\u00fcr Mini Cooper R50, R52 Cooper S R53 - 2001 bis 2008 Schwarz-Chrom und alle custom BMW MINI-Zubeh\u00f6r auf Custom-Parts.fr!\",\"breadcrumb\":{\"@id\":\"https:\/\/custom-parts.fr\/de\/produkt\/pommeau-de-vitesse-mini-cooper-r50-r52-cooper-s-r53-2001-a-2008-noir-chrome\/#breadcrumb\"},\"inLanguage\":\"de\",\"potentialAction\":[{\"@type\":\"ReadAction\",\"target\":[\"https:\/\/custom-parts.fr\/de\/produkt\/pommeau-de-vitesse-mini-cooper-r50-r52-cooper-s-r53-2001-a-2008-noir-chrome\/\"]}]},{\"@type\":\"ImageObject\",\"inLanguage\":\"de\",\"@id\":\"https:\/\/custom-parts.fr\/de\/produkt\/pommeau-de-vitesse-mini-cooper-r50-r52-cooper-s-r53-2001-a-2008-noir-chrome\/#primaryimage\",\"url\":\"https:\/\/custom-parts.fr\/wp-content\/uploads\/2023\/03\/Pommeau-de-vitesse-MINI-Cooper-R50-R52-Cooper-S-R53-2001-a-2008-Noir-Chrome-5.jpg\",\"contentUrl\":\"https:\/\/custom-parts.fr\/wp-content\/uploads\/2023\/03\/Pommeau-de-vitesse-MINI-Cooper-R50-R52-Cooper-S-R53-2001-a-2008-Noir-Chrome-5.jpg\",\"width\":500,\"height\":500},{\"@type\":\"BreadcrumbList\",\"@id\":\"https:\/\/custom-parts.fr\/de\/produkt\/pommeau-de-vitesse-mini-cooper-r50-r52-cooper-s-r53-2001-a-2008-noir-chrome\/#breadcrumb\",\"itemListElement\":[{\"@type\":\"ListItem\",\"position\":1,\"name\":\"Startseite\",\"item\":\"https:\/\/custom-parts.fr\/de\/kaufen-sie-teile-und-zubehoer-fuer-mini-bmw-custom-parts-de\/\"},{\"@type\":\"ListItem\",\"position\":2,\"name\":\"Shop\",\"item\":\"https:\/\/custom-parts.fr\/de\/alle-produkte\/\"},{\"@type\":\"ListItem\",\"position\":3,\"name\":\"Schaltknauf f\u00fcr Mini Cooper R50, R52 Cooper S R53 &#8211; 2001 bis 2008 Schwarz-Chrom\"}]},{\"@type\":\"WebSite\",\"@id\":\"https:\/\/custom-parts.fr\/de\/#website\",\"url\":\"https:\/\/custom-parts.fr\/de\/\",\"name\":\"Custom-Parts.fr\",\"description\":\"Custom BMW MINI Ersatzteile & Zubeh\u00f6r\",\"publisher\":{\"@id\":\"https:\/\/custom-parts.fr\/de\/#organization\"},\"potentialAction\":[{\"@type\":\"SearchAction\",\"target\":{\"@type\":\"EntryPoint\",\"urlTemplate\":\"https:\/\/custom-parts.fr\/de\/?s={search_term_string}\"},\"query-input\":{\"@type\":\"PropertyValueSpecification\",\"valueRequired\":true,\"valueName\":\"search_term_string\"}}],\"inLanguage\":\"de\"},{\"@type\":\"Organization\",\"@id\":\"https:\/\/custom-parts.fr\/de\/#organization\",\"name\":\"Custom-Parts\",\"url\":\"https:\/\/custom-parts.fr\/de\/\",\"logo\":{\"@type\":\"ImageObject\",\"inLanguage\":\"de\",\"@id\":\"https:\/\/custom-parts.fr\/de\/#\/schema\/logo\/image\/\",\"url\":\"https:\/\/custom-parts.fr\/wp-content\/uploads\/2023\/01\/cropped-cropped-cropped-final-new-police-2-1-1.png\",\"contentUrl\":\"https:\/\/custom-parts.fr\/wp-content\/uploads\/2023\/01\/cropped-cropped-cropped-final-new-police-2-1-1.png\",\"width\":450,\"height\":125,\"caption\":\"Custom-Parts\"},\"image\":{\"@id\":\"https:\/\/custom-parts.fr\/de\/#\/schema\/logo\/image\/\"}}]}<\/script>\n<!-- \/ Yoast SEO plugin. -->","yoast_head_json":{"title":"Schaltknauf f\u00fcr Mini Cooper R50, R52 Cooper S R53 - 2001 bis 2008 Schwarz-Chrom","description":"Kaufen Sie Ihren Schaltknauf f\u00fcr Mini Cooper R50, R52 Cooper S R53 - 2001 bis 2008 Schwarz-Chrom und alle custom BMW MINI-Zubeh\u00f6r auf Custom-Parts.fr!","robots":{"index":"index","follow":"follow","max-snippet":"max-snippet:-1","max-image-preview":"max-image-preview:large","max-video-preview":"max-video-preview:-1"},"canonical":"https:\/\/custom-parts.fr\/de\/produkt\/pommeau-de-vitesse-mini-cooper-r50-r52-cooper-s-r53-2001-a-2008-noir-chrome\/","og_locale":"de_DE","og_type":"article","og_title":"Schaltknauf f\u00fcr Mini Cooper R50, R52 Cooper S R53 - 2001 bis 2008 Schwarz-Chrom","og_description":"Kaufen Sie Ihren Schaltknauf f\u00fcr Mini Cooper R50, R52 Cooper S R53 - 2001 bis 2008 Schwarz-Chrom und alle custom BMW MINI-Zubeh\u00f6r auf Custom-Parts.fr!","og_url":"https:\/\/custom-parts.fr\/de\/produkt\/pommeau-de-vitesse-mini-cooper-r50-r52-cooper-s-r53-2001-a-2008-noir-chrome\/","og_site_name":"Custom-Parts.fr","article_modified_time":"2025-06-14T23:35:05+00:00","og_image":[{"width":500,"height":500,"url":"https:\/\/custom-parts.fr\/wp-content\/uploads\/2023\/03\/Pommeau-de-vitesse-MINI-Cooper-R50-R52-Cooper-S-R53-2001-a-2008-Noir-Chrome-5.jpg","type":"image\/jpeg"}],"twitter_card":"summary_large_image","twitter_misc":{"Gesch\u00e4tzte Lesezeit":"2\u00a0Minute"},"schema":{"@context":"https:\/\/schema.org","@graph":[{"@type":"WebPage","@id":"https:\/\/custom-parts.fr\/de\/produkt\/pommeau-de-vitesse-mini-cooper-r50-r52-cooper-s-r53-2001-a-2008-noir-chrome\/","url":"https:\/\/custom-parts.fr\/de\/produkt\/pommeau-de-vitesse-mini-cooper-r50-r52-cooper-s-r53-2001-a-2008-noir-chrome\/","name":"Schaltknauf f\u00fcr Mini Cooper R50, R52 Cooper S R53 - 2001 bis 2008 Schwarz-Chrom","isPartOf":{"@id":"https:\/\/custom-parts.fr\/de\/#website"},"primaryImageOfPage":{"@id":"https:\/\/custom-parts.fr\/de\/produkt\/pommeau-de-vitesse-mini-cooper-r50-r52-cooper-s-r53-2001-a-2008-noir-chrome\/#primaryimage"},"image":{"@id":"https:\/\/custom-parts.fr\/de\/produkt\/pommeau-de-vitesse-mini-cooper-r50-r52-cooper-s-r53-2001-a-2008-noir-chrome\/#primaryimage"},"thumbnailUrl":"https:\/\/custom-parts.fr\/wp-content\/uploads\/2023\/03\/Pommeau-de-vitesse-MINI-Cooper-R50-R52-Cooper-S-R53-2001-a-2008-Noir-Chrome-5.jpg","datePublished":"2023-03-01T15:04:44+00:00","dateModified":"2025-06-14T23:35:05+00:00","description":"Kaufen Sie Ihren Schaltknauf f\u00fcr Mini Cooper R50, R52 Cooper S R53 - 2001 bis 2008 Schwarz-Chrom und alle custom BMW MINI-Zubeh\u00f6r auf Custom-Parts.fr!","breadcrumb":{"@id":"https:\/\/custom-parts.fr\/de\/produkt\/pommeau-de-vitesse-mini-cooper-r50-r52-cooper-s-r53-2001-a-2008-noir-chrome\/#breadcrumb"},"inLanguage":"de","potentialAction":[{"@type":"ReadAction","target":["https:\/\/custom-parts.fr\/de\/produkt\/pommeau-de-vitesse-mini-cooper-r50-r52-cooper-s-r53-2001-a-2008-noir-chrome\/"]}]},{"@type":"ImageObject","inLanguage":"de","@id":"https:\/\/custom-parts.fr\/de\/produkt\/pommeau-de-vitesse-mini-cooper-r50-r52-cooper-s-r53-2001-a-2008-noir-chrome\/#primaryimage","url":"https:\/\/custom-parts.fr\/wp-content\/uploads\/2023\/03\/Pommeau-de-vitesse-MINI-Cooper-R50-R52-Cooper-S-R53-2001-a-2008-Noir-Chrome-5.jpg","contentUrl":"https:\/\/custom-parts.fr\/wp-content\/uploads\/2023\/03\/Pommeau-de-vitesse-MINI-Cooper-R50-R52-Cooper-S-R53-2001-a-2008-Noir-Chrome-5.jpg","width":500,"height":500},{"@type":"BreadcrumbList","@id":"https:\/\/custom-parts.fr\/de\/produkt\/pommeau-de-vitesse-mini-cooper-r50-r52-cooper-s-r53-2001-a-2008-noir-chrome\/#breadcrumb","itemListElement":[{"@type":"ListItem","position":1,"name":"Startseite","item":"https:\/\/custom-parts.fr\/de\/kaufen-sie-teile-und-zubehoer-fuer-mini-bmw-custom-parts-de\/"},{"@type":"ListItem","position":2,"name":"Shop","item":"https:\/\/custom-parts.fr\/de\/alle-produkte\/"},{"@type":"ListItem","position":3,"name":"Schaltknauf f\u00fcr Mini Cooper R50, R52 Cooper S R53 &#8211; 2001 bis 2008 Schwarz-Chrom"}]},{"@type":"WebSite","@id":"https:\/\/custom-parts.fr\/de\/#website","url":"https:\/\/custom-parts.fr\/de\/","name":"Custom-Parts.fr","description":"Custom BMW MINI Ersatzteile & Zubeh\u00f6r","publisher":{"@id":"https:\/\/custom-parts.fr\/de\/#organization"},"potentialAction":[{"@type":"SearchAction","target":{"@type":"EntryPoint","urlTemplate":"https:\/\/custom-parts.fr\/de\/?s={search_term_string}"},"query-input":{"@type":"PropertyValueSpecification","valueRequired":true,"valueName":"search_term_string"}}],"inLanguage":"de"},{"@type":"Organization","@id":"https:\/\/custom-parts.fr\/de\/#organization","name":"Custom-Parts","url":"https:\/\/custom-parts.fr\/de\/","logo":{"@type":"ImageObject","inLanguage":"de","@id":"https:\/\/custom-parts.fr\/de\/#\/schema\/logo\/image\/","url":"https:\/\/custom-parts.fr\/wp-content\/uploads\/2023\/01\/cropped-cropped-cropped-final-new-police-2-1-1.png","contentUrl":"https:\/\/custom-parts.fr\/wp-content\/uploads\/2023\/01\/cropped-cropped-cropped-final-new-police-2-1-1.png","width":450,"height":125,"caption":"Custom-Parts"},"image":{"@id":"https:\/\/custom-parts.fr\/de\/#\/schema\/logo\/image\/"}}]}},"_links":{"self":[{"href":"https:\/\/custom-parts.fr\/de\/wp-json\/wp\/v2\/product\/24941","targetHints":{"allow":["GET"]}}],"collection":[{"href":"https:\/\/custom-parts.fr\/de\/wp-json\/wp\/v2\/product"}],"about":[{"href":"https:\/\/custom-parts.fr\/de\/wp-json\/wp\/v2\/types\/product"}],"replies":[{"embeddable":true,"href":"https:\/\/custom-parts.fr\/de\/wp-json\/wp\/v2\/comments?post=24941"}],"wp:featuredmedia":[{"embeddable":true,"href":"https:\/\/custom-parts.fr\/de\/wp-json\/wp\/v2\/media\/24050"}],"wp:attachment":[{"href":"https:\/\/custom-parts.fr\/de\/wp-json\/wp\/v2\/media?parent=24941"}],"wp:term":[{"taxonomy":"product_brand","embeddable":true,"href":"https:\/\/custom-parts.fr\/de\/wp-json\/wp\/v2\/product_brand?post=24941"},{"taxonomy":"product_cat","embeddable":true,"href":"https:\/\/custom-parts.fr\/de\/wp-json\/wp\/v2\/product_cat?post=24941"},{"taxonomy":"product_tag","embeddable":true,"href":"https:\/\/custom-parts.fr\/de\/wp-json\/wp\/v2\/product_tag?post=24941"}],"curies":[{"name":"wp","href":"https:\/\/api.w.org\/{rel}","templated":true}]}}