{"id":24947,"date":"2023-02-27T23:32:32","date_gmt":"2023-02-27T22:32:32","guid":{"rendered":"https:\/\/custom-parts.fr\/produit\/cache-bague-centre-de-volant-mini-f54-f55-f56-f57-f60-2\/"},"modified":"2025-06-15T03:24:24","modified_gmt":"2025-06-15T01:24:24","slug":"cache-bague-centre-de-volant-mini-f54-f55-f56-f57-f60-2","status":"publish","type":"product","link":"https:\/\/custom-parts.fr\/de\/produkt\/cache-bague-centre-de-volant-mini-f54-f55-f56-f57-f60-2\/","title":{"rendered":"Lenkrad Mittelring Abdeckung f\u00fcr MINI F54 F55 F56 F57 F60"},"content":{"rendered":"<p><strong>Lenkrad Mittelring Abdeckung MINI F54 F55 F56 F57 F60<\/strong><\/p>\n<p>&nbsp;<\/p>\n<p>Geben Sie dem Lenkrad Ihrer Mini F54 F55 F56 F57 und F60 mit dieser Lenkradringverkleidung ein neues Aussehen! Die Verkleidung ist pr\u00e4zise auf die Ma\u00dfe abgestimmt, um den Mittelring Ihres MINI Lenkrads der 3. Generation perfekt zu bedecken und einen look wie das Original zu bewahren. Sie m\u00fcssen es einfach direkt auf Ihr Lenkrad aufbringen, dank der hochwertigen 3M Doppelkleber. Der 3M Automobil-Doppelklebeband garantiert eine hervorragende Festigkeit und Langlebigkeit.   <\/p>\n<p>&nbsp;<\/p>\n<h2>Eigenschaften:<\/h2>\n<ul>\n<li>Verf\u00fcgbare Stile: Carbon-Style, gl\u00e4nzend schwarz, gl\u00e4nzend rosa, gl\u00e4nzend rot, gl\u00e4nzend wei\u00df, Schachbrettflagge.<\/li>\n<li>Einfach zu montieren und zu demontieren dank der vorinstallierten Doppelklebeb\u00e4nder.<\/li>\n<li>Bei kalten Temperaturen verwenden Sie einen Haartrockner, um den Kleber zu erw\u00e4rmen und die Haftung zu erleichtern.<\/li>\n<\/ul>\n<p>&nbsp;<\/p>\n<h2>Geeignet f\u00fcr :<\/h2>\n<ul>\n<li>MINI Clubman F54, Cooper S F55 \u2013 2016 bis heute<\/li>\n<li>MINI 5-T\u00fcrer F55, Cooper S F55 \u2013 2015 bis heute<\/li>\n<li>MINI 3-T\u00fcrer F56, Cooper S F56 \u2013 2014 bis heute<\/li>\n<li>MINI Cabrio F57, Cooper S Cabrio F57 \u2013 2016 bis heute<\/li>\n<li>MINI Countryman F60, Cooper S F60 \u2013 2016 bis heute<\/li>\n<\/ul>\n<p>&nbsp;<\/p>\n<p>Sie k\u00f6nnen Ihr neues Aussehen mit unseren Tachos und Drehzahlmessern vervollst\u00e4ndigen, indem Sie <a href=\"https:\/\/custom-parts.fr\/de\/produit\/cerclages-de-compteur-compte-tour-mini-cooper-f54-f55-f56-f57-f60\/\">diese Seite besuchen.<\/a><\/p>\n<p>&nbsp;<\/p>\n<p><img decoding=\"async\" class=\"alignnone wp-image-22121 lazyload\" data-src=\"https:\/\/custom-parts.fr\/wp-content\/uploads\/2023\/02\/Cerclages-centre-volant-MINI-Cooper-F54-F55-F56-F57-F60.jpg\" alt=\"\" width=\"400\" height=\"400\" data-srcset=\"https:\/\/custom-parts.fr\/wp-content\/uploads\/2023\/02\/Cerclages-centre-volant-MINI-Cooper-F54-F55-F56-F57-F60.jpg 500w, https:\/\/custom-parts.fr\/wp-content\/uploads\/2023\/02\/Cerclages-centre-volant-MINI-Cooper-F54-F55-F56-F57-F60-300x300.jpg 300w, https:\/\/custom-parts.fr\/wp-content\/uploads\/2023\/02\/Cerclages-centre-volant-MINI-Cooper-F54-F55-F56-F57-F60-150x150.jpg 150w, https:\/\/custom-parts.fr\/wp-content\/uploads\/2023\/02\/Cerclages-centre-volant-MINI-Cooper-F54-F55-F56-F57-F60-100x100.jpg 100w, https:\/\/custom-parts.fr\/wp-content\/uploads\/2023\/02\/Cerclages-centre-volant-MINI-Cooper-F54-F55-F56-F57-F60-48x48.jpg 48w\" data-sizes=\"(max-width: 400px) 100vw, 400px\" src=\"data:image\/svg+xml;base64,PHN2ZyB3aWR0aD0iMSIgaGVpZ2h0PSIxIiB4bWxucz0iaHR0cDovL3d3dy53My5vcmcvMjAwMC9zdmciPjwvc3ZnPg==\" style=\"--smush-placeholder-width: 400px; --smush-placeholder-aspect-ratio: 400\/400;\" \/><\/p>\n","protected":false},"excerpt":{"rendered":"<p><span style=\"color: #39991a; font-weight: 900;\">\u2713<\/span> Gestalten Sie Ihren Mini ganz nach Ihrem Geschmack!<br \/>\n<span style=\"color: #39991a; font-weight: 900;\">\u2713<\/span> Einfach zu installieren und auszutauschen<br \/>\n<span style=\"color: #39991a; font-weight: 900;\">\u2713<\/span> Perfekte Passform f\u00fcr Ihr Originalteil<\/p>\n","protected":false},"featured_media":24278,"comment_status":"open","ping_status":"closed","template":"","meta":[],"product_brand":[],"product_cat":[191,198,197],"product_tag":[],"class_list":{"0":"post-24947","1":"product","2":"type-product","3":"status-publish","4":"has-post-thumbnail","6":"product_cat-mini-cooper-ersatzteile-zubehoer","7":"product_cat-ersatzteilen-zubehor-mini-3-gen","8":"product_cat-interieur-zubehor-fur-mini-3-gen","10":"first","11":"instock","12":"taxable","13":"shipping-taxable","14":"purchasable","15":"product-type-variable"},"yoast_head":"<!-- This site is optimized with the Yoast SEO plugin v27.2 - https:\/\/yoast.com\/product\/yoast-seo-wordpress\/ -->\n<title>Lenkrad Mittelring Abdeckung f\u00fcr MINI F54 F55 F56 F57 F60<\/title>\n<meta name=\"description\" content=\"Kaufen Sie Ihren Lenkrad Mittelring Abdeckung f\u00fcr MINI F54 F55 F56 F57 F60 und alle custom BMW MINI-Zubeh\u00f6r auf Custom-Parts.fr!\" \/>\n<meta name=\"robots\" content=\"index, follow, max-snippet:-1, max-image-preview:large, max-video-preview:-1\" \/>\n<link rel=\"canonical\" href=\"https:\/\/custom-parts.fr\/de\/produkt\/cache-bague-centre-de-volant-mini-f54-f55-f56-f57-f60-2\/\" \/>\n<meta property=\"og:locale\" content=\"de_DE\" \/>\n<meta property=\"og:type\" content=\"article\" \/>\n<meta property=\"og:title\" content=\"Lenkrad Mittelring Abdeckung f\u00fcr MINI F54 F55 F56 F57 F60\" \/>\n<meta property=\"og:description\" content=\"Kaufen Sie Ihren Lenkrad Mittelring Abdeckung f\u00fcr MINI F54 F55 F56 F57 F60 und alle custom BMW MINI-Zubeh\u00f6r auf Custom-Parts.fr!\" \/>\n<meta property=\"og:url\" content=\"https:\/\/custom-parts.fr\/de\/produkt\/cache-bague-centre-de-volant-mini-f54-f55-f56-f57-f60-2\/\" \/>\n<meta property=\"og:site_name\" content=\"Custom-Parts.fr\" \/>\n<meta property=\"article:modified_time\" content=\"2025-06-15T01:24:24+00:00\" \/>\n<meta property=\"og:image\" content=\"https:\/\/custom-parts.fr\/wp-content\/uploads\/2023\/02\/Centre-volant-Mini-cooper-F54-F55-F56-F57-F60.jpg\" \/>\n\t<meta property=\"og:image:width\" content=\"500\" \/>\n\t<meta property=\"og:image:height\" content=\"500\" \/>\n\t<meta property=\"og:image:type\" content=\"image\/jpeg\" \/>\n<meta name=\"twitter:card\" content=\"summary_large_image\" \/>\n<meta name=\"twitter:label1\" content=\"Gesch\u00e4tzte Lesezeit\" \/>\n\t<meta name=\"twitter:data1\" content=\"2\u00a0Minute\" \/>\n<script type=\"application\/ld+json\" class=\"yoast-schema-graph\">{\"@context\":\"https:\/\/schema.org\",\"@graph\":[{\"@type\":\"WebPage\",\"@id\":\"https:\/\/custom-parts.fr\/de\/produkt\/cache-bague-centre-de-volant-mini-f54-f55-f56-f57-f60-2\/\",\"url\":\"https:\/\/custom-parts.fr\/de\/produkt\/cache-bague-centre-de-volant-mini-f54-f55-f56-f57-f60-2\/\",\"name\":\"Lenkrad Mittelring Abdeckung f\u00fcr MINI F54 F55 F56 F57 F60\",\"isPartOf\":{\"@id\":\"https:\/\/custom-parts.fr\/de\/#website\"},\"primaryImageOfPage\":{\"@id\":\"https:\/\/custom-parts.fr\/de\/produkt\/cache-bague-centre-de-volant-mini-f54-f55-f56-f57-f60-2\/#primaryimage\"},\"image\":{\"@id\":\"https:\/\/custom-parts.fr\/de\/produkt\/cache-bague-centre-de-volant-mini-f54-f55-f56-f57-f60-2\/#primaryimage\"},\"thumbnailUrl\":\"https:\/\/custom-parts.fr\/wp-content\/uploads\/2023\/02\/Centre-volant-Mini-cooper-F54-F55-F56-F57-F60.jpg\",\"datePublished\":\"2023-02-27T22:32:32+00:00\",\"dateModified\":\"2025-06-15T01:24:24+00:00\",\"description\":\"Kaufen Sie Ihren Lenkrad Mittelring Abdeckung f\u00fcr MINI F54 F55 F56 F57 F60 und alle custom BMW MINI-Zubeh\u00f6r auf Custom-Parts.fr!\",\"breadcrumb\":{\"@id\":\"https:\/\/custom-parts.fr\/de\/produkt\/cache-bague-centre-de-volant-mini-f54-f55-f56-f57-f60-2\/#breadcrumb\"},\"inLanguage\":\"de\",\"potentialAction\":[{\"@type\":\"ReadAction\",\"target\":[\"https:\/\/custom-parts.fr\/de\/produkt\/cache-bague-centre-de-volant-mini-f54-f55-f56-f57-f60-2\/\"]}]},{\"@type\":\"ImageObject\",\"inLanguage\":\"de\",\"@id\":\"https:\/\/custom-parts.fr\/de\/produkt\/cache-bague-centre-de-volant-mini-f54-f55-f56-f57-f60-2\/#primaryimage\",\"url\":\"https:\/\/custom-parts.fr\/wp-content\/uploads\/2023\/02\/Centre-volant-Mini-cooper-F54-F55-F56-F57-F60.jpg\",\"contentUrl\":\"https:\/\/custom-parts.fr\/wp-content\/uploads\/2023\/02\/Centre-volant-Mini-cooper-F54-F55-F56-F57-F60.jpg\",\"width\":500,\"height\":500},{\"@type\":\"BreadcrumbList\",\"@id\":\"https:\/\/custom-parts.fr\/de\/produkt\/cache-bague-centre-de-volant-mini-f54-f55-f56-f57-f60-2\/#breadcrumb\",\"itemListElement\":[{\"@type\":\"ListItem\",\"position\":1,\"name\":\"Startseite\",\"item\":\"https:\/\/custom-parts.fr\/de\/kaufen-sie-teile-und-zubehoer-fuer-mini-bmw-custom-parts-de\/\"},{\"@type\":\"ListItem\",\"position\":2,\"name\":\"Shop\",\"item\":\"https:\/\/custom-parts.fr\/de\/alle-produkte\/\"},{\"@type\":\"ListItem\",\"position\":3,\"name\":\"Lenkrad Mittelring Abdeckung f\u00fcr MINI F54 F55 F56 F57 F60\"}]},{\"@type\":\"WebSite\",\"@id\":\"https:\/\/custom-parts.fr\/de\/#website\",\"url\":\"https:\/\/custom-parts.fr\/de\/\",\"name\":\"Custom-Parts.fr\",\"description\":\"Custom BMW MINI Ersatzteile & Zubeh\u00f6r\",\"publisher\":{\"@id\":\"https:\/\/custom-parts.fr\/de\/#organization\"},\"potentialAction\":[{\"@type\":\"SearchAction\",\"target\":{\"@type\":\"EntryPoint\",\"urlTemplate\":\"https:\/\/custom-parts.fr\/de\/?s={search_term_string}\"},\"query-input\":{\"@type\":\"PropertyValueSpecification\",\"valueRequired\":true,\"valueName\":\"search_term_string\"}}],\"inLanguage\":\"de\"},{\"@type\":\"Organization\",\"@id\":\"https:\/\/custom-parts.fr\/de\/#organization\",\"name\":\"Custom-Parts\",\"url\":\"https:\/\/custom-parts.fr\/de\/\",\"logo\":{\"@type\":\"ImageObject\",\"inLanguage\":\"de\",\"@id\":\"https:\/\/custom-parts.fr\/de\/#\/schema\/logo\/image\/\",\"url\":\"https:\/\/custom-parts.fr\/wp-content\/uploads\/2023\/01\/cropped-cropped-cropped-final-new-police-2-1-1.png\",\"contentUrl\":\"https:\/\/custom-parts.fr\/wp-content\/uploads\/2023\/01\/cropped-cropped-cropped-final-new-police-2-1-1.png\",\"width\":450,\"height\":125,\"caption\":\"Custom-Parts\"},\"image\":{\"@id\":\"https:\/\/custom-parts.fr\/de\/#\/schema\/logo\/image\/\"}}]}<\/script>\n<!-- \/ Yoast SEO plugin. -->","yoast_head_json":{"title":"Lenkrad Mittelring Abdeckung f\u00fcr MINI F54 F55 F56 F57 F60","description":"Kaufen Sie Ihren Lenkrad Mittelring Abdeckung f\u00fcr MINI F54 F55 F56 F57 F60 und alle custom BMW MINI-Zubeh\u00f6r auf Custom-Parts.fr!","robots":{"index":"index","follow":"follow","max-snippet":"max-snippet:-1","max-image-preview":"max-image-preview:large","max-video-preview":"max-video-preview:-1"},"canonical":"https:\/\/custom-parts.fr\/de\/produkt\/cache-bague-centre-de-volant-mini-f54-f55-f56-f57-f60-2\/","og_locale":"de_DE","og_type":"article","og_title":"Lenkrad Mittelring Abdeckung f\u00fcr MINI F54 F55 F56 F57 F60","og_description":"Kaufen Sie Ihren Lenkrad Mittelring Abdeckung f\u00fcr MINI F54 F55 F56 F57 F60 und alle custom BMW MINI-Zubeh\u00f6r auf Custom-Parts.fr!","og_url":"https:\/\/custom-parts.fr\/de\/produkt\/cache-bague-centre-de-volant-mini-f54-f55-f56-f57-f60-2\/","og_site_name":"Custom-Parts.fr","article_modified_time":"2025-06-15T01:24:24+00:00","og_image":[{"width":500,"height":500,"url":"https:\/\/custom-parts.fr\/wp-content\/uploads\/2023\/02\/Centre-volant-Mini-cooper-F54-F55-F56-F57-F60.jpg","type":"image\/jpeg"}],"twitter_card":"summary_large_image","twitter_misc":{"Gesch\u00e4tzte Lesezeit":"2\u00a0Minute"},"schema":{"@context":"https:\/\/schema.org","@graph":[{"@type":"WebPage","@id":"https:\/\/custom-parts.fr\/de\/produkt\/cache-bague-centre-de-volant-mini-f54-f55-f56-f57-f60-2\/","url":"https:\/\/custom-parts.fr\/de\/produkt\/cache-bague-centre-de-volant-mini-f54-f55-f56-f57-f60-2\/","name":"Lenkrad Mittelring Abdeckung f\u00fcr MINI F54 F55 F56 F57 F60","isPartOf":{"@id":"https:\/\/custom-parts.fr\/de\/#website"},"primaryImageOfPage":{"@id":"https:\/\/custom-parts.fr\/de\/produkt\/cache-bague-centre-de-volant-mini-f54-f55-f56-f57-f60-2\/#primaryimage"},"image":{"@id":"https:\/\/custom-parts.fr\/de\/produkt\/cache-bague-centre-de-volant-mini-f54-f55-f56-f57-f60-2\/#primaryimage"},"thumbnailUrl":"https:\/\/custom-parts.fr\/wp-content\/uploads\/2023\/02\/Centre-volant-Mini-cooper-F54-F55-F56-F57-F60.jpg","datePublished":"2023-02-27T22:32:32+00:00","dateModified":"2025-06-15T01:24:24+00:00","description":"Kaufen Sie Ihren Lenkrad Mittelring Abdeckung f\u00fcr MINI F54 F55 F56 F57 F60 und alle custom BMW MINI-Zubeh\u00f6r auf Custom-Parts.fr!","breadcrumb":{"@id":"https:\/\/custom-parts.fr\/de\/produkt\/cache-bague-centre-de-volant-mini-f54-f55-f56-f57-f60-2\/#breadcrumb"},"inLanguage":"de","potentialAction":[{"@type":"ReadAction","target":["https:\/\/custom-parts.fr\/de\/produkt\/cache-bague-centre-de-volant-mini-f54-f55-f56-f57-f60-2\/"]}]},{"@type":"ImageObject","inLanguage":"de","@id":"https:\/\/custom-parts.fr\/de\/produkt\/cache-bague-centre-de-volant-mini-f54-f55-f56-f57-f60-2\/#primaryimage","url":"https:\/\/custom-parts.fr\/wp-content\/uploads\/2023\/02\/Centre-volant-Mini-cooper-F54-F55-F56-F57-F60.jpg","contentUrl":"https:\/\/custom-parts.fr\/wp-content\/uploads\/2023\/02\/Centre-volant-Mini-cooper-F54-F55-F56-F57-F60.jpg","width":500,"height":500},{"@type":"BreadcrumbList","@id":"https:\/\/custom-parts.fr\/de\/produkt\/cache-bague-centre-de-volant-mini-f54-f55-f56-f57-f60-2\/#breadcrumb","itemListElement":[{"@type":"ListItem","position":1,"name":"Startseite","item":"https:\/\/custom-parts.fr\/de\/kaufen-sie-teile-und-zubehoer-fuer-mini-bmw-custom-parts-de\/"},{"@type":"ListItem","position":2,"name":"Shop","item":"https:\/\/custom-parts.fr\/de\/alle-produkte\/"},{"@type":"ListItem","position":3,"name":"Lenkrad Mittelring Abdeckung f\u00fcr MINI F54 F55 F56 F57 F60"}]},{"@type":"WebSite","@id":"https:\/\/custom-parts.fr\/de\/#website","url":"https:\/\/custom-parts.fr\/de\/","name":"Custom-Parts.fr","description":"Custom BMW MINI Ersatzteile & Zubeh\u00f6r","publisher":{"@id":"https:\/\/custom-parts.fr\/de\/#organization"},"potentialAction":[{"@type":"SearchAction","target":{"@type":"EntryPoint","urlTemplate":"https:\/\/custom-parts.fr\/de\/?s={search_term_string}"},"query-input":{"@type":"PropertyValueSpecification","valueRequired":true,"valueName":"search_term_string"}}],"inLanguage":"de"},{"@type":"Organization","@id":"https:\/\/custom-parts.fr\/de\/#organization","name":"Custom-Parts","url":"https:\/\/custom-parts.fr\/de\/","logo":{"@type":"ImageObject","inLanguage":"de","@id":"https:\/\/custom-parts.fr\/de\/#\/schema\/logo\/image\/","url":"https:\/\/custom-parts.fr\/wp-content\/uploads\/2023\/01\/cropped-cropped-cropped-final-new-police-2-1-1.png","contentUrl":"https:\/\/custom-parts.fr\/wp-content\/uploads\/2023\/01\/cropped-cropped-cropped-final-new-police-2-1-1.png","width":450,"height":125,"caption":"Custom-Parts"},"image":{"@id":"https:\/\/custom-parts.fr\/de\/#\/schema\/logo\/image\/"}}]}},"_links":{"self":[{"href":"https:\/\/custom-parts.fr\/de\/wp-json\/wp\/v2\/product\/24947","targetHints":{"allow":["GET"]}}],"collection":[{"href":"https:\/\/custom-parts.fr\/de\/wp-json\/wp\/v2\/product"}],"about":[{"href":"https:\/\/custom-parts.fr\/de\/wp-json\/wp\/v2\/types\/product"}],"replies":[{"embeddable":true,"href":"https:\/\/custom-parts.fr\/de\/wp-json\/wp\/v2\/comments?post=24947"}],"wp:featuredmedia":[{"embeddable":true,"href":"https:\/\/custom-parts.fr\/de\/wp-json\/wp\/v2\/media\/24278"}],"wp:attachment":[{"href":"https:\/\/custom-parts.fr\/de\/wp-json\/wp\/v2\/media?parent=24947"}],"wp:term":[{"taxonomy":"product_brand","embeddable":true,"href":"https:\/\/custom-parts.fr\/de\/wp-json\/wp\/v2\/product_brand?post=24947"},{"taxonomy":"product_cat","embeddable":true,"href":"https:\/\/custom-parts.fr\/de\/wp-json\/wp\/v2\/product_cat?post=24947"},{"taxonomy":"product_tag","embeddable":true,"href":"https:\/\/custom-parts.fr\/de\/wp-json\/wp\/v2\/product_tag?post=24947"}],"curies":[{"name":"wp","href":"https:\/\/api.w.org\/{rel}","templated":true}]}}