{"id":24954,"date":"2023-02-27T23:16:12","date_gmt":"2023-02-27T22:16:12","guid":{"rendered":"https:\/\/custom-parts.fr\/produit\/garnitures-de-pare-chocs-avant-mini-cooper-jcw-f55-f56-f57-2014-2021\/"},"modified":"2025-06-15T03:35:33","modified_gmt":"2025-06-15T01:35:33","slug":"garnitures-de-pare-chocs-avant-mini-cooper-jcw-f55-f56-f57-2014-2021","status":"publish","type":"product","link":"https:\/\/custom-parts.fr\/de\/produkt\/garnitures-de-pare-chocs-avant-mini-cooper-jcw-f55-f56-f57-2014-2021\/","title":{"rendered":"Vordersto\u00dfstangenverkleidungen f\u00fcr Mini Cooper JCW F55 F56 F57 2014-2021"},"content":{"rendered":"<p>Verleihen Sie der \u00c4sthetik Ihres MINI Cooper JCW mit diesen vorderen Sto\u00dfstangeneinfassungen eine neue Note. Speziell f\u00fcr die vorderen Sto\u00dfstangen des JCW-Modells von 2014 bis 2021 entwickelt, lassen sich die Einfassungen problemlos mit doppelseitigem 3M-Kleber montieren. F\u00fcgen Sie einen Hauch von Stil hinzu und heben Sie sich mit diesem dezenten sportlichen Akzent von der Masse ab \u2013 es macht den Unterschied!  <\/p>\n<p>&nbsp;<\/p>\n<h2><strong>Eigenschaften:<\/strong><\/h2>\n<ul>\n<li>Farbe: gl\u00e4nzend schwarz oder gl\u00e4nzend rot<\/li>\n<li>Material: ABS-Kunststoff<\/li>\n<li>Ma\u00dfgefertigtes Teil f\u00fcr JCW-Sto\u00dfstangen (2014 bis 2021)<\/li>\n<li>Einfach zu montieren und zu demontieren dank der vorinstallierten doppelseitigen Klebeband.<\/li>\n<li>Bei kalten Temperaturen verwenden Sie einen Haartrockner, um den Kleber zu erw\u00e4rmen und die Haftung zu erleichtern.<\/li>\n<li><u>Verkaufseinheit: Paar<\/u><\/li>\n<\/ul>\n<h2><strong>Geeignet f\u00fcr :<\/strong><\/h2>\n<ul>\n<li>Nur f\u00fcr JCW-Sto\u00dfstangen von 2014, 2015, 2016, 2017, 2018, 2019, 2020 und 2021<\/li>\n<\/ul>\n<p>&nbsp;<\/p>\n<p><img decoding=\"async\" class=\"alignnone wp-image-24627 lazyload\" data-src=\"https:\/\/custom-parts.fr\/wp-content\/uploads\/2025\/06\/Garnitures-de-pare-chocs-avant-MINI-Cooper-JCW-F55-F56-F57-2014-2021-9.jpg\" alt=\"\" width=\"420\" height=\"420\" data-srcset=\"https:\/\/custom-parts.fr\/wp-content\/uploads\/2025\/06\/Garnitures-de-pare-chocs-avant-MINI-Cooper-JCW-F55-F56-F57-2014-2021-9.jpg 500w, https:\/\/custom-parts.fr\/wp-content\/uploads\/2025\/06\/Garnitures-de-pare-chocs-avant-MINI-Cooper-JCW-F55-F56-F57-2014-2021-9-300x300.jpg 300w, https:\/\/custom-parts.fr\/wp-content\/uploads\/2025\/06\/Garnitures-de-pare-chocs-avant-MINI-Cooper-JCW-F55-F56-F57-2014-2021-9-150x150.jpg 150w, https:\/\/custom-parts.fr\/wp-content\/uploads\/2025\/06\/Garnitures-de-pare-chocs-avant-MINI-Cooper-JCW-F55-F56-F57-2014-2021-9-100x100.jpg 100w, https:\/\/custom-parts.fr\/wp-content\/uploads\/2025\/06\/Garnitures-de-pare-chocs-avant-MINI-Cooper-JCW-F55-F56-F57-2014-2021-9-48x48.jpg 48w\" data-sizes=\"(max-width: 420px) 100vw, 420px\" src=\"data:image\/svg+xml;base64,PHN2ZyB3aWR0aD0iMSIgaGVpZ2h0PSIxIiB4bWxucz0iaHR0cDovL3d3dy53My5vcmcvMjAwMC9zdmciPjwvc3ZnPg==\" style=\"--smush-placeholder-width: 420px; --smush-placeholder-aspect-ratio: 420\/420;\" \/><\/p>\n<p><img decoding=\"async\" class=\"alignnone wp-image-24623 lazyload\" data-src=\"https:\/\/custom-parts.fr\/wp-content\/uploads\/2025\/06\/Garnitures-de-pare-chocs-avant-MINI-Cooper-JCW-F55-F56-F57-2014-2021-7.jpg\" alt=\"\" width=\"422\" height=\"422\" data-srcset=\"https:\/\/custom-parts.fr\/wp-content\/uploads\/2025\/06\/Garnitures-de-pare-chocs-avant-MINI-Cooper-JCW-F55-F56-F57-2014-2021-7.jpg 500w, https:\/\/custom-parts.fr\/wp-content\/uploads\/2025\/06\/Garnitures-de-pare-chocs-avant-MINI-Cooper-JCW-F55-F56-F57-2014-2021-7-300x300.jpg 300w, https:\/\/custom-parts.fr\/wp-content\/uploads\/2025\/06\/Garnitures-de-pare-chocs-avant-MINI-Cooper-JCW-F55-F56-F57-2014-2021-7-150x150.jpg 150w, https:\/\/custom-parts.fr\/wp-content\/uploads\/2025\/06\/Garnitures-de-pare-chocs-avant-MINI-Cooper-JCW-F55-F56-F57-2014-2021-7-100x100.jpg 100w, https:\/\/custom-parts.fr\/wp-content\/uploads\/2025\/06\/Garnitures-de-pare-chocs-avant-MINI-Cooper-JCW-F55-F56-F57-2014-2021-7-48x48.jpg 48w\" data-sizes=\"(max-width: 422px) 100vw, 422px\" src=\"data:image\/svg+xml;base64,PHN2ZyB3aWR0aD0iMSIgaGVpZ2h0PSIxIiB4bWxucz0iaHR0cDovL3d3dy53My5vcmcvMjAwMC9zdmciPjwvc3ZnPg==\" style=\"--smush-placeholder-width: 422px; --smush-placeholder-aspect-ratio: 422\/422;\" \/><\/p>\n<p><img decoding=\"async\" class=\"alignnone wp-image-24625 lazyload\" data-src=\"https:\/\/custom-parts.fr\/wp-content\/uploads\/2025\/06\/Garnitures-de-pare-chocs-avant-MINI-Cooper-JCW-F55-F56-F57-2014-2021-8.jpg\" alt=\"\" width=\"425\" height=\"425\" data-srcset=\"https:\/\/custom-parts.fr\/wp-content\/uploads\/2025\/06\/Garnitures-de-pare-chocs-avant-MINI-Cooper-JCW-F55-F56-F57-2014-2021-8.jpg 500w, https:\/\/custom-parts.fr\/wp-content\/uploads\/2025\/06\/Garnitures-de-pare-chocs-avant-MINI-Cooper-JCW-F55-F56-F57-2014-2021-8-300x300.jpg 300w, https:\/\/custom-parts.fr\/wp-content\/uploads\/2025\/06\/Garnitures-de-pare-chocs-avant-MINI-Cooper-JCW-F55-F56-F57-2014-2021-8-150x150.jpg 150w, https:\/\/custom-parts.fr\/wp-content\/uploads\/2025\/06\/Garnitures-de-pare-chocs-avant-MINI-Cooper-JCW-F55-F56-F57-2014-2021-8-100x100.jpg 100w, https:\/\/custom-parts.fr\/wp-content\/uploads\/2025\/06\/Garnitures-de-pare-chocs-avant-MINI-Cooper-JCW-F55-F56-F57-2014-2021-8-48x48.jpg 48w\" data-sizes=\"(max-width: 425px) 100vw, 425px\" src=\"data:image\/svg+xml;base64,PHN2ZyB3aWR0aD0iMSIgaGVpZ2h0PSIxIiB4bWxucz0iaHR0cDovL3d3dy53My5vcmcvMjAwMC9zdmciPjwvc3ZnPg==\" style=\"--smush-placeholder-width: 425px; --smush-placeholder-aspect-ratio: 425\/425;\" \/><\/p>\n<p><img decoding=\"async\" class=\"alignnone size-full wp-image-24635 lazyload\" data-src=\"https:\/\/custom-parts.fr\/wp-content\/uploads\/2025\/06\/Nouveau-projet-30-e1749250415413.jpg\" alt=\"\" width=\"427\" height=\"500\" data-srcset=\"https:\/\/custom-parts.fr\/wp-content\/uploads\/2025\/06\/Nouveau-projet-30-e1749250415413.jpg 427w, https:\/\/custom-parts.fr\/wp-content\/uploads\/2025\/06\/Nouveau-projet-30-e1749250415413-256x300.jpg 256w, https:\/\/custom-parts.fr\/wp-content\/uploads\/2025\/06\/Nouveau-projet-30-e1749250415413-48x56.jpg 48w\" data-sizes=\"(max-width: 427px) 100vw, 427px\" src=\"data:image\/svg+xml;base64,PHN2ZyB3aWR0aD0iMSIgaGVpZ2h0PSIxIiB4bWxucz0iaHR0cDovL3d3dy53My5vcmcvMjAwMC9zdmciPjwvc3ZnPg==\" style=\"--smush-placeholder-width: 427px; --smush-placeholder-aspect-ratio: 427\/500;\" \/><\/p>\n","protected":false},"excerpt":{"rendered":"<p><span style=\"color: #39991a; font-weight: 900;\">\u2713<\/span> Gestalten Sie Ihren JCW ganz nach Ihrem Geschmack!<br \/>\n<span style=\"color: #39991a; font-weight: 900;\">\u2713<\/span> Einfach zu installieren und auszutauschen<br \/>\n<span style=\"color: #39991a; font-weight: 900;\">\u2713<\/span> Perfekte Passform f\u00fcr Ihr Originalteil<\/p>\n","protected":false},"featured_media":24614,"comment_status":"open","ping_status":"closed","template":"","meta":[],"product_brand":[],"product_cat":[191,198,195],"product_tag":[],"class_list":{"0":"post-24954","1":"product","2":"type-product","3":"status-publish","4":"has-post-thumbnail","6":"product_cat-mini-cooper-ersatzteile-zubehoer","7":"product_cat-ersatzteilen-zubehor-mini-3-gen","8":"product_cat-exterieur-zubehor-fur-mini-3-gen","10":"first","11":"instock","12":"taxable","13":"shipping-taxable","14":"purchasable","15":"product-type-variable"},"yoast_head":"<!-- This site is optimized with the Yoast SEO plugin v27.2 - https:\/\/yoast.com\/product\/yoast-seo-wordpress\/ -->\n<title>Vordersto\u00dfstangenverkleidungen f\u00fcr Mini Cooper JCW F55 F56 F57 2014-2021<\/title>\n<meta name=\"description\" content=\"Kaufen Sie Ihre Vordersto\u00dfstangenverkleidungen f\u00fcr Mini Cooper JCW F55 F56 F57 2014-2021 und alle Ihre Accessoires auf Custom-Parts.de!\" \/>\n<meta name=\"robots\" content=\"index, follow, max-snippet:-1, max-image-preview:large, max-video-preview:-1\" \/>\n<link rel=\"canonical\" href=\"https:\/\/custom-parts.fr\/de\/produkt\/garnitures-de-pare-chocs-avant-mini-cooper-jcw-f55-f56-f57-2014-2021\/\" \/>\n<meta property=\"og:locale\" content=\"de_DE\" \/>\n<meta property=\"og:type\" content=\"article\" \/>\n<meta property=\"og:title\" content=\"Vordersto\u00dfstangenverkleidungen f\u00fcr Mini Cooper JCW F55 F56 F57 2014-2021\" \/>\n<meta property=\"og:description\" content=\"Kaufen Sie Ihre Vordersto\u00dfstangenverkleidungen f\u00fcr Mini Cooper JCW F55 F56 F57 2014-2021 und alle Ihre Accessoires auf Custom-Parts.de!\" \/>\n<meta property=\"og:url\" content=\"https:\/\/custom-parts.fr\/de\/produkt\/garnitures-de-pare-chocs-avant-mini-cooper-jcw-f55-f56-f57-2014-2021\/\" \/>\n<meta property=\"og:site_name\" content=\"Custom-Parts.fr\" \/>\n<meta property=\"article:modified_time\" content=\"2025-06-15T01:35:33+00:00\" \/>\n<meta property=\"og:image\" content=\"https:\/\/custom-parts.fr\/wp-content\/uploads\/2025\/06\/Garnitures-de-pare-chocs-avant-MINI-Cooper-JCW-F55-F56-F57-2014-2021-2.jpg\" \/>\n\t<meta property=\"og:image:width\" content=\"500\" \/>\n\t<meta property=\"og:image:height\" content=\"500\" \/>\n\t<meta property=\"og:image:type\" content=\"image\/jpeg\" \/>\n<meta name=\"twitter:card\" content=\"summary_large_image\" \/>\n<meta name=\"twitter:label1\" content=\"Gesch\u00e4tzte Lesezeit\" \/>\n\t<meta name=\"twitter:data1\" content=\"2\u00a0Minute\" \/>\n<script type=\"application\/ld+json\" class=\"yoast-schema-graph\">{\"@context\":\"https:\/\/schema.org\",\"@graph\":[{\"@type\":\"WebPage\",\"@id\":\"https:\/\/custom-parts.fr\/de\/produkt\/garnitures-de-pare-chocs-avant-mini-cooper-jcw-f55-f56-f57-2014-2021\/\",\"url\":\"https:\/\/custom-parts.fr\/de\/produkt\/garnitures-de-pare-chocs-avant-mini-cooper-jcw-f55-f56-f57-2014-2021\/\",\"name\":\"Vordersto\u00dfstangenverkleidungen f\u00fcr Mini Cooper JCW F55 F56 F57 2014-2021\",\"isPartOf\":{\"@id\":\"https:\/\/custom-parts.fr\/de\/#website\"},\"primaryImageOfPage\":{\"@id\":\"https:\/\/custom-parts.fr\/de\/produkt\/garnitures-de-pare-chocs-avant-mini-cooper-jcw-f55-f56-f57-2014-2021\/#primaryimage\"},\"image\":{\"@id\":\"https:\/\/custom-parts.fr\/de\/produkt\/garnitures-de-pare-chocs-avant-mini-cooper-jcw-f55-f56-f57-2014-2021\/#primaryimage\"},\"thumbnailUrl\":\"https:\/\/custom-parts.fr\/wp-content\/uploads\/2025\/06\/Garnitures-de-pare-chocs-avant-MINI-Cooper-JCW-F55-F56-F57-2014-2021-2.jpg\",\"datePublished\":\"2023-02-27T22:16:12+00:00\",\"dateModified\":\"2025-06-15T01:35:33+00:00\",\"description\":\"Kaufen Sie Ihre Vordersto\u00dfstangenverkleidungen f\u00fcr Mini Cooper JCW F55 F56 F57 2014-2021 und alle Ihre Accessoires auf Custom-Parts.de!\",\"breadcrumb\":{\"@id\":\"https:\/\/custom-parts.fr\/de\/produkt\/garnitures-de-pare-chocs-avant-mini-cooper-jcw-f55-f56-f57-2014-2021\/#breadcrumb\"},\"inLanguage\":\"de\",\"potentialAction\":[{\"@type\":\"ReadAction\",\"target\":[\"https:\/\/custom-parts.fr\/de\/produkt\/garnitures-de-pare-chocs-avant-mini-cooper-jcw-f55-f56-f57-2014-2021\/\"]}]},{\"@type\":\"ImageObject\",\"inLanguage\":\"de\",\"@id\":\"https:\/\/custom-parts.fr\/de\/produkt\/garnitures-de-pare-chocs-avant-mini-cooper-jcw-f55-f56-f57-2014-2021\/#primaryimage\",\"url\":\"https:\/\/custom-parts.fr\/wp-content\/uploads\/2025\/06\/Garnitures-de-pare-chocs-avant-MINI-Cooper-JCW-F55-F56-F57-2014-2021-2.jpg\",\"contentUrl\":\"https:\/\/custom-parts.fr\/wp-content\/uploads\/2025\/06\/Garnitures-de-pare-chocs-avant-MINI-Cooper-JCW-F55-F56-F57-2014-2021-2.jpg\",\"width\":500,\"height\":500},{\"@type\":\"BreadcrumbList\",\"@id\":\"https:\/\/custom-parts.fr\/de\/produkt\/garnitures-de-pare-chocs-avant-mini-cooper-jcw-f55-f56-f57-2014-2021\/#breadcrumb\",\"itemListElement\":[{\"@type\":\"ListItem\",\"position\":1,\"name\":\"Startseite\",\"item\":\"https:\/\/custom-parts.fr\/de\/kaufen-sie-teile-und-zubehoer-fuer-mini-bmw-custom-parts-de\/\"},{\"@type\":\"ListItem\",\"position\":2,\"name\":\"Shop\",\"item\":\"https:\/\/custom-parts.fr\/de\/alle-produkte\/\"},{\"@type\":\"ListItem\",\"position\":3,\"name\":\"Vordersto\u00dfstangenverkleidungen f\u00fcr Mini Cooper JCW F55 F56 F57 2014-2021\"}]},{\"@type\":\"WebSite\",\"@id\":\"https:\/\/custom-parts.fr\/de\/#website\",\"url\":\"https:\/\/custom-parts.fr\/de\/\",\"name\":\"Custom-Parts.fr\",\"description\":\"Custom BMW MINI Ersatzteile & Zubeh\u00f6r\",\"publisher\":{\"@id\":\"https:\/\/custom-parts.fr\/de\/#organization\"},\"potentialAction\":[{\"@type\":\"SearchAction\",\"target\":{\"@type\":\"EntryPoint\",\"urlTemplate\":\"https:\/\/custom-parts.fr\/de\/?s={search_term_string}\"},\"query-input\":{\"@type\":\"PropertyValueSpecification\",\"valueRequired\":true,\"valueName\":\"search_term_string\"}}],\"inLanguage\":\"de\"},{\"@type\":\"Organization\",\"@id\":\"https:\/\/custom-parts.fr\/de\/#organization\",\"name\":\"Custom-Parts\",\"url\":\"https:\/\/custom-parts.fr\/de\/\",\"logo\":{\"@type\":\"ImageObject\",\"inLanguage\":\"de\",\"@id\":\"https:\/\/custom-parts.fr\/de\/#\/schema\/logo\/image\/\",\"url\":\"https:\/\/custom-parts.fr\/wp-content\/uploads\/2023\/01\/cropped-cropped-cropped-final-new-police-2-1-1.png\",\"contentUrl\":\"https:\/\/custom-parts.fr\/wp-content\/uploads\/2023\/01\/cropped-cropped-cropped-final-new-police-2-1-1.png\",\"width\":450,\"height\":125,\"caption\":\"Custom-Parts\"},\"image\":{\"@id\":\"https:\/\/custom-parts.fr\/de\/#\/schema\/logo\/image\/\"}}]}<\/script>\n<!-- \/ Yoast SEO plugin. -->","yoast_head_json":{"title":"Vordersto\u00dfstangenverkleidungen f\u00fcr Mini Cooper JCW F55 F56 F57 2014-2021","description":"Kaufen Sie Ihre Vordersto\u00dfstangenverkleidungen f\u00fcr Mini Cooper JCW F55 F56 F57 2014-2021 und alle Ihre Accessoires auf Custom-Parts.de!","robots":{"index":"index","follow":"follow","max-snippet":"max-snippet:-1","max-image-preview":"max-image-preview:large","max-video-preview":"max-video-preview:-1"},"canonical":"https:\/\/custom-parts.fr\/de\/produkt\/garnitures-de-pare-chocs-avant-mini-cooper-jcw-f55-f56-f57-2014-2021\/","og_locale":"de_DE","og_type":"article","og_title":"Vordersto\u00dfstangenverkleidungen f\u00fcr Mini Cooper JCW F55 F56 F57 2014-2021","og_description":"Kaufen Sie Ihre Vordersto\u00dfstangenverkleidungen f\u00fcr Mini Cooper JCW F55 F56 F57 2014-2021 und alle Ihre Accessoires auf Custom-Parts.de!","og_url":"https:\/\/custom-parts.fr\/de\/produkt\/garnitures-de-pare-chocs-avant-mini-cooper-jcw-f55-f56-f57-2014-2021\/","og_site_name":"Custom-Parts.fr","article_modified_time":"2025-06-15T01:35:33+00:00","og_image":[{"width":500,"height":500,"url":"https:\/\/custom-parts.fr\/wp-content\/uploads\/2025\/06\/Garnitures-de-pare-chocs-avant-MINI-Cooper-JCW-F55-F56-F57-2014-2021-2.jpg","type":"image\/jpeg"}],"twitter_card":"summary_large_image","twitter_misc":{"Gesch\u00e4tzte Lesezeit":"2\u00a0Minute"},"schema":{"@context":"https:\/\/schema.org","@graph":[{"@type":"WebPage","@id":"https:\/\/custom-parts.fr\/de\/produkt\/garnitures-de-pare-chocs-avant-mini-cooper-jcw-f55-f56-f57-2014-2021\/","url":"https:\/\/custom-parts.fr\/de\/produkt\/garnitures-de-pare-chocs-avant-mini-cooper-jcw-f55-f56-f57-2014-2021\/","name":"Vordersto\u00dfstangenverkleidungen f\u00fcr Mini Cooper JCW F55 F56 F57 2014-2021","isPartOf":{"@id":"https:\/\/custom-parts.fr\/de\/#website"},"primaryImageOfPage":{"@id":"https:\/\/custom-parts.fr\/de\/produkt\/garnitures-de-pare-chocs-avant-mini-cooper-jcw-f55-f56-f57-2014-2021\/#primaryimage"},"image":{"@id":"https:\/\/custom-parts.fr\/de\/produkt\/garnitures-de-pare-chocs-avant-mini-cooper-jcw-f55-f56-f57-2014-2021\/#primaryimage"},"thumbnailUrl":"https:\/\/custom-parts.fr\/wp-content\/uploads\/2025\/06\/Garnitures-de-pare-chocs-avant-MINI-Cooper-JCW-F55-F56-F57-2014-2021-2.jpg","datePublished":"2023-02-27T22:16:12+00:00","dateModified":"2025-06-15T01:35:33+00:00","description":"Kaufen Sie Ihre Vordersto\u00dfstangenverkleidungen f\u00fcr Mini Cooper JCW F55 F56 F57 2014-2021 und alle Ihre Accessoires auf Custom-Parts.de!","breadcrumb":{"@id":"https:\/\/custom-parts.fr\/de\/produkt\/garnitures-de-pare-chocs-avant-mini-cooper-jcw-f55-f56-f57-2014-2021\/#breadcrumb"},"inLanguage":"de","potentialAction":[{"@type":"ReadAction","target":["https:\/\/custom-parts.fr\/de\/produkt\/garnitures-de-pare-chocs-avant-mini-cooper-jcw-f55-f56-f57-2014-2021\/"]}]},{"@type":"ImageObject","inLanguage":"de","@id":"https:\/\/custom-parts.fr\/de\/produkt\/garnitures-de-pare-chocs-avant-mini-cooper-jcw-f55-f56-f57-2014-2021\/#primaryimage","url":"https:\/\/custom-parts.fr\/wp-content\/uploads\/2025\/06\/Garnitures-de-pare-chocs-avant-MINI-Cooper-JCW-F55-F56-F57-2014-2021-2.jpg","contentUrl":"https:\/\/custom-parts.fr\/wp-content\/uploads\/2025\/06\/Garnitures-de-pare-chocs-avant-MINI-Cooper-JCW-F55-F56-F57-2014-2021-2.jpg","width":500,"height":500},{"@type":"BreadcrumbList","@id":"https:\/\/custom-parts.fr\/de\/produkt\/garnitures-de-pare-chocs-avant-mini-cooper-jcw-f55-f56-f57-2014-2021\/#breadcrumb","itemListElement":[{"@type":"ListItem","position":1,"name":"Startseite","item":"https:\/\/custom-parts.fr\/de\/kaufen-sie-teile-und-zubehoer-fuer-mini-bmw-custom-parts-de\/"},{"@type":"ListItem","position":2,"name":"Shop","item":"https:\/\/custom-parts.fr\/de\/alle-produkte\/"},{"@type":"ListItem","position":3,"name":"Vordersto\u00dfstangenverkleidungen f\u00fcr Mini Cooper JCW F55 F56 F57 2014-2021"}]},{"@type":"WebSite","@id":"https:\/\/custom-parts.fr\/de\/#website","url":"https:\/\/custom-parts.fr\/de\/","name":"Custom-Parts.fr","description":"Custom BMW MINI Ersatzteile & Zubeh\u00f6r","publisher":{"@id":"https:\/\/custom-parts.fr\/de\/#organization"},"potentialAction":[{"@type":"SearchAction","target":{"@type":"EntryPoint","urlTemplate":"https:\/\/custom-parts.fr\/de\/?s={search_term_string}"},"query-input":{"@type":"PropertyValueSpecification","valueRequired":true,"valueName":"search_term_string"}}],"inLanguage":"de"},{"@type":"Organization","@id":"https:\/\/custom-parts.fr\/de\/#organization","name":"Custom-Parts","url":"https:\/\/custom-parts.fr\/de\/","logo":{"@type":"ImageObject","inLanguage":"de","@id":"https:\/\/custom-parts.fr\/de\/#\/schema\/logo\/image\/","url":"https:\/\/custom-parts.fr\/wp-content\/uploads\/2023\/01\/cropped-cropped-cropped-final-new-police-2-1-1.png","contentUrl":"https:\/\/custom-parts.fr\/wp-content\/uploads\/2023\/01\/cropped-cropped-cropped-final-new-police-2-1-1.png","width":450,"height":125,"caption":"Custom-Parts"},"image":{"@id":"https:\/\/custom-parts.fr\/de\/#\/schema\/logo\/image\/"}}]}},"_links":{"self":[{"href":"https:\/\/custom-parts.fr\/de\/wp-json\/wp\/v2\/product\/24954","targetHints":{"allow":["GET"]}}],"collection":[{"href":"https:\/\/custom-parts.fr\/de\/wp-json\/wp\/v2\/product"}],"about":[{"href":"https:\/\/custom-parts.fr\/de\/wp-json\/wp\/v2\/types\/product"}],"replies":[{"embeddable":true,"href":"https:\/\/custom-parts.fr\/de\/wp-json\/wp\/v2\/comments?post=24954"}],"wp:featuredmedia":[{"embeddable":true,"href":"https:\/\/custom-parts.fr\/de\/wp-json\/wp\/v2\/media\/24614"}],"wp:attachment":[{"href":"https:\/\/custom-parts.fr\/de\/wp-json\/wp\/v2\/media?parent=24954"}],"wp:term":[{"taxonomy":"product_brand","embeddable":true,"href":"https:\/\/custom-parts.fr\/de\/wp-json\/wp\/v2\/product_brand?post=24954"},{"taxonomy":"product_cat","embeddable":true,"href":"https:\/\/custom-parts.fr\/de\/wp-json\/wp\/v2\/product_cat?post=24954"},{"taxonomy":"product_tag","embeddable":true,"href":"https:\/\/custom-parts.fr\/de\/wp-json\/wp\/v2\/product_tag?post=24954"}],"curies":[{"name":"wp","href":"https:\/\/api.w.org\/{rel}","templated":true}]}}