{"id":24957,"date":"2023-02-27T04:20:41","date_gmt":"2023-02-27T03:20:41","guid":{"rendered":"https:\/\/custom-parts.fr\/produit\/anneau-crochetage-circuit-remorquage-mini-cooper-r50-r52-r53-r55-r56-2\/"},"modified":"2025-06-15T03:41:47","modified_gmt":"2025-06-15T01:41:47","slug":"anneau-crochetage-circuit-remorquage-mini-cooper-r50-r52-r53-r55-r56-2","status":"publish","type":"product","link":"https:\/\/custom-parts.fr\/de\/produkt\/anneau-crochetage-circuit-remorquage-mini-cooper-r50-r52-r53-r55-r56-2\/","title":{"rendered":"Abschlepphaken Universell f\u00fcr BMW f\u00fcr Mini Cooper"},"content":{"rendered":"<p>Universeller Abschlepphaken in verschiedenen Farben erh\u00e4ltlich.<\/p>\n","protected":false},"excerpt":{"rendered":"<p>Universeller Abschlepphaken in verschiedenen Farben erh\u00e4ltlich.<\/p>\n","protected":false},"featured_media":23643,"comment_status":"open","ping_status":"closed","template":"","meta":[],"product_brand":[],"product_cat":[189,186,187,188,190,191,198,195,194,192,193],"product_tag":[],"class_list":{"0":"post-24957","1":"product","2":"type-product","3":"status-publish","4":"has-post-thumbnail","6":"product_cat-bmw-5er-ersatzteile-zubehor","7":"product_cat-bmw-teile-zubehor","8":"product_cat-bmw-3er-teile-zubehor","9":"product_cat-bmw-4er-ersatzteile-zubehor","10":"product_cat-bmw-x5-ersatzteile-zubehor","11":"product_cat-mini-cooper-ersatzteile-zubehoer","12":"product_cat-ersatzteilen-zubehor-mini-3-gen","13":"product_cat-exterieur-zubehor-fur-mini-3-gen","14":"product_cat-exterieur-zubehor-mini-2-gen","15":"product_cat-zubehoer-mini-cooper-r50-r52-r53","16":"product_cat-zubehoer-mini-cooper-2-gen","18":"first","19":"instock","20":"taxable","21":"shipping-taxable","22":"purchasable","23":"product-type-variable"},"yoast_head":"<!-- This site is optimized with the Yoast SEO plugin v27.2 - https:\/\/yoast.com\/product\/yoast-seo-wordpress\/ -->\n<title>Abschlepphaken Universell f\u00fcr BMW f\u00fcr Mini Cooper<\/title>\n<meta name=\"description\" content=\"Kaufen Sie Ihren Abschlepphaken Universell f\u00fcr BMW f\u00fcr Mini Cooper und alle custom BMW MINI-Zubeh\u00f6r auf Custom-Parts.fr!\" \/>\n<meta name=\"robots\" content=\"index, follow, max-snippet:-1, max-image-preview:large, max-video-preview:-1\" \/>\n<link rel=\"canonical\" href=\"https:\/\/custom-parts.fr\/de\/produkt\/anneau-crochetage-circuit-remorquage-mini-cooper-r50-r52-r53-r55-r56-2\/\" \/>\n<meta property=\"og:locale\" content=\"de_DE\" \/>\n<meta property=\"og:type\" content=\"article\" \/>\n<meta property=\"og:title\" content=\"Abschlepphaken Universell f\u00fcr BMW f\u00fcr Mini Cooper\" \/>\n<meta property=\"og:description\" content=\"Kaufen Sie Ihren Abschlepphaken Universell f\u00fcr BMW f\u00fcr Mini Cooper und alle custom BMW MINI-Zubeh\u00f6r auf Custom-Parts.fr!\" \/>\n<meta property=\"og:url\" content=\"https:\/\/custom-parts.fr\/de\/produkt\/anneau-crochetage-circuit-remorquage-mini-cooper-r50-r52-r53-r55-r56-2\/\" \/>\n<meta property=\"og:site_name\" content=\"Custom-Parts.fr\" \/>\n<meta property=\"article:modified_time\" content=\"2025-06-15T01:41:47+00:00\" \/>\n<meta property=\"og:image\" content=\"https:\/\/custom-parts.fr\/wp-content\/uploads\/2023\/02\/Anneau-crochetage-circuit-remorquage-MINI-Cooper-R50-R52-R53-R55-R56-2-1.jpg\" \/>\n\t<meta property=\"og:image:width\" content=\"500\" \/>\n\t<meta property=\"og:image:height\" content=\"500\" \/>\n\t<meta property=\"og:image:type\" content=\"image\/jpeg\" \/>\n<meta name=\"twitter:card\" content=\"summary_large_image\" \/>\n<meta name=\"twitter:label1\" content=\"Gesch\u00e4tzte Lesezeit\" \/>\n\t<meta name=\"twitter:data1\" content=\"1\u00a0Minute\" \/>\n<script type=\"application\/ld+json\" class=\"yoast-schema-graph\">{\"@context\":\"https:\/\/schema.org\",\"@graph\":[{\"@type\":\"WebPage\",\"@id\":\"https:\/\/custom-parts.fr\/de\/produkt\/anneau-crochetage-circuit-remorquage-mini-cooper-r50-r52-r53-r55-r56-2\/\",\"url\":\"https:\/\/custom-parts.fr\/de\/produkt\/anneau-crochetage-circuit-remorquage-mini-cooper-r50-r52-r53-r55-r56-2\/\",\"name\":\"Abschlepphaken Universell f\u00fcr BMW f\u00fcr Mini Cooper\",\"isPartOf\":{\"@id\":\"https:\/\/custom-parts.fr\/de\/#website\"},\"primaryImageOfPage\":{\"@id\":\"https:\/\/custom-parts.fr\/de\/produkt\/anneau-crochetage-circuit-remorquage-mini-cooper-r50-r52-r53-r55-r56-2\/#primaryimage\"},\"image\":{\"@id\":\"https:\/\/custom-parts.fr\/de\/produkt\/anneau-crochetage-circuit-remorquage-mini-cooper-r50-r52-r53-r55-r56-2\/#primaryimage\"},\"thumbnailUrl\":\"https:\/\/custom-parts.fr\/wp-content\/uploads\/2023\/02\/Anneau-crochetage-circuit-remorquage-MINI-Cooper-R50-R52-R53-R55-R56-2-1.jpg\",\"datePublished\":\"2023-02-27T03:20:41+00:00\",\"dateModified\":\"2025-06-15T01:41:47+00:00\",\"description\":\"Kaufen Sie Ihren Abschlepphaken Universell f\u00fcr BMW f\u00fcr Mini Cooper und alle custom BMW MINI-Zubeh\u00f6r auf Custom-Parts.fr!\",\"breadcrumb\":{\"@id\":\"https:\/\/custom-parts.fr\/de\/produkt\/anneau-crochetage-circuit-remorquage-mini-cooper-r50-r52-r53-r55-r56-2\/#breadcrumb\"},\"inLanguage\":\"de\",\"potentialAction\":[{\"@type\":\"ReadAction\",\"target\":[\"https:\/\/custom-parts.fr\/de\/produkt\/anneau-crochetage-circuit-remorquage-mini-cooper-r50-r52-r53-r55-r56-2\/\"]}]},{\"@type\":\"ImageObject\",\"inLanguage\":\"de\",\"@id\":\"https:\/\/custom-parts.fr\/de\/produkt\/anneau-crochetage-circuit-remorquage-mini-cooper-r50-r52-r53-r55-r56-2\/#primaryimage\",\"url\":\"https:\/\/custom-parts.fr\/wp-content\/uploads\/2023\/02\/Anneau-crochetage-circuit-remorquage-MINI-Cooper-R50-R52-R53-R55-R56-2-1.jpg\",\"contentUrl\":\"https:\/\/custom-parts.fr\/wp-content\/uploads\/2023\/02\/Anneau-crochetage-circuit-remorquage-MINI-Cooper-R50-R52-R53-R55-R56-2-1.jpg\",\"width\":500,\"height\":500},{\"@type\":\"BreadcrumbList\",\"@id\":\"https:\/\/custom-parts.fr\/de\/produkt\/anneau-crochetage-circuit-remorquage-mini-cooper-r50-r52-r53-r55-r56-2\/#breadcrumb\",\"itemListElement\":[{\"@type\":\"ListItem\",\"position\":1,\"name\":\"Startseite\",\"item\":\"https:\/\/custom-parts.fr\/de\/kaufen-sie-teile-und-zubehoer-fuer-mini-bmw-custom-parts-de\/\"},{\"@type\":\"ListItem\",\"position\":2,\"name\":\"Shop\",\"item\":\"https:\/\/custom-parts.fr\/de\/alle-produkte\/\"},{\"@type\":\"ListItem\",\"position\":3,\"name\":\"Abschlepphaken Universell f\u00fcr BMW f\u00fcr Mini Cooper\"}]},{\"@type\":\"WebSite\",\"@id\":\"https:\/\/custom-parts.fr\/de\/#website\",\"url\":\"https:\/\/custom-parts.fr\/de\/\",\"name\":\"Custom-Parts.fr\",\"description\":\"Custom BMW MINI Ersatzteile & Zubeh\u00f6r\",\"publisher\":{\"@id\":\"https:\/\/custom-parts.fr\/de\/#organization\"},\"potentialAction\":[{\"@type\":\"SearchAction\",\"target\":{\"@type\":\"EntryPoint\",\"urlTemplate\":\"https:\/\/custom-parts.fr\/de\/?s={search_term_string}\"},\"query-input\":{\"@type\":\"PropertyValueSpecification\",\"valueRequired\":true,\"valueName\":\"search_term_string\"}}],\"inLanguage\":\"de\"},{\"@type\":\"Organization\",\"@id\":\"https:\/\/custom-parts.fr\/de\/#organization\",\"name\":\"Custom-Parts\",\"url\":\"https:\/\/custom-parts.fr\/de\/\",\"logo\":{\"@type\":\"ImageObject\",\"inLanguage\":\"de\",\"@id\":\"https:\/\/custom-parts.fr\/de\/#\/schema\/logo\/image\/\",\"url\":\"https:\/\/custom-parts.fr\/wp-content\/uploads\/2023\/01\/cropped-cropped-cropped-final-new-police-2-1-1.png\",\"contentUrl\":\"https:\/\/custom-parts.fr\/wp-content\/uploads\/2023\/01\/cropped-cropped-cropped-final-new-police-2-1-1.png\",\"width\":450,\"height\":125,\"caption\":\"Custom-Parts\"},\"image\":{\"@id\":\"https:\/\/custom-parts.fr\/de\/#\/schema\/logo\/image\/\"}}]}<\/script>\n<!-- \/ Yoast SEO plugin. -->","yoast_head_json":{"title":"Abschlepphaken Universell f\u00fcr BMW f\u00fcr Mini Cooper","description":"Kaufen Sie Ihren Abschlepphaken Universell f\u00fcr BMW f\u00fcr Mini Cooper und alle custom BMW MINI-Zubeh\u00f6r auf Custom-Parts.fr!","robots":{"index":"index","follow":"follow","max-snippet":"max-snippet:-1","max-image-preview":"max-image-preview:large","max-video-preview":"max-video-preview:-1"},"canonical":"https:\/\/custom-parts.fr\/de\/produkt\/anneau-crochetage-circuit-remorquage-mini-cooper-r50-r52-r53-r55-r56-2\/","og_locale":"de_DE","og_type":"article","og_title":"Abschlepphaken Universell f\u00fcr BMW f\u00fcr Mini Cooper","og_description":"Kaufen Sie Ihren Abschlepphaken Universell f\u00fcr BMW f\u00fcr Mini Cooper und alle custom BMW MINI-Zubeh\u00f6r auf Custom-Parts.fr!","og_url":"https:\/\/custom-parts.fr\/de\/produkt\/anneau-crochetage-circuit-remorquage-mini-cooper-r50-r52-r53-r55-r56-2\/","og_site_name":"Custom-Parts.fr","article_modified_time":"2025-06-15T01:41:47+00:00","og_image":[{"width":500,"height":500,"url":"https:\/\/custom-parts.fr\/wp-content\/uploads\/2023\/02\/Anneau-crochetage-circuit-remorquage-MINI-Cooper-R50-R52-R53-R55-R56-2-1.jpg","type":"image\/jpeg"}],"twitter_card":"summary_large_image","twitter_misc":{"Gesch\u00e4tzte Lesezeit":"1\u00a0Minute"},"schema":{"@context":"https:\/\/schema.org","@graph":[{"@type":"WebPage","@id":"https:\/\/custom-parts.fr\/de\/produkt\/anneau-crochetage-circuit-remorquage-mini-cooper-r50-r52-r53-r55-r56-2\/","url":"https:\/\/custom-parts.fr\/de\/produkt\/anneau-crochetage-circuit-remorquage-mini-cooper-r50-r52-r53-r55-r56-2\/","name":"Abschlepphaken Universell f\u00fcr BMW f\u00fcr Mini Cooper","isPartOf":{"@id":"https:\/\/custom-parts.fr\/de\/#website"},"primaryImageOfPage":{"@id":"https:\/\/custom-parts.fr\/de\/produkt\/anneau-crochetage-circuit-remorquage-mini-cooper-r50-r52-r53-r55-r56-2\/#primaryimage"},"image":{"@id":"https:\/\/custom-parts.fr\/de\/produkt\/anneau-crochetage-circuit-remorquage-mini-cooper-r50-r52-r53-r55-r56-2\/#primaryimage"},"thumbnailUrl":"https:\/\/custom-parts.fr\/wp-content\/uploads\/2023\/02\/Anneau-crochetage-circuit-remorquage-MINI-Cooper-R50-R52-R53-R55-R56-2-1.jpg","datePublished":"2023-02-27T03:20:41+00:00","dateModified":"2025-06-15T01:41:47+00:00","description":"Kaufen Sie Ihren Abschlepphaken Universell f\u00fcr BMW f\u00fcr Mini Cooper und alle custom BMW MINI-Zubeh\u00f6r auf Custom-Parts.fr!","breadcrumb":{"@id":"https:\/\/custom-parts.fr\/de\/produkt\/anneau-crochetage-circuit-remorquage-mini-cooper-r50-r52-r53-r55-r56-2\/#breadcrumb"},"inLanguage":"de","potentialAction":[{"@type":"ReadAction","target":["https:\/\/custom-parts.fr\/de\/produkt\/anneau-crochetage-circuit-remorquage-mini-cooper-r50-r52-r53-r55-r56-2\/"]}]},{"@type":"ImageObject","inLanguage":"de","@id":"https:\/\/custom-parts.fr\/de\/produkt\/anneau-crochetage-circuit-remorquage-mini-cooper-r50-r52-r53-r55-r56-2\/#primaryimage","url":"https:\/\/custom-parts.fr\/wp-content\/uploads\/2023\/02\/Anneau-crochetage-circuit-remorquage-MINI-Cooper-R50-R52-R53-R55-R56-2-1.jpg","contentUrl":"https:\/\/custom-parts.fr\/wp-content\/uploads\/2023\/02\/Anneau-crochetage-circuit-remorquage-MINI-Cooper-R50-R52-R53-R55-R56-2-1.jpg","width":500,"height":500},{"@type":"BreadcrumbList","@id":"https:\/\/custom-parts.fr\/de\/produkt\/anneau-crochetage-circuit-remorquage-mini-cooper-r50-r52-r53-r55-r56-2\/#breadcrumb","itemListElement":[{"@type":"ListItem","position":1,"name":"Startseite","item":"https:\/\/custom-parts.fr\/de\/kaufen-sie-teile-und-zubehoer-fuer-mini-bmw-custom-parts-de\/"},{"@type":"ListItem","position":2,"name":"Shop","item":"https:\/\/custom-parts.fr\/de\/alle-produkte\/"},{"@type":"ListItem","position":3,"name":"Abschlepphaken Universell f\u00fcr BMW f\u00fcr Mini Cooper"}]},{"@type":"WebSite","@id":"https:\/\/custom-parts.fr\/de\/#website","url":"https:\/\/custom-parts.fr\/de\/","name":"Custom-Parts.fr","description":"Custom BMW MINI Ersatzteile & Zubeh\u00f6r","publisher":{"@id":"https:\/\/custom-parts.fr\/de\/#organization"},"potentialAction":[{"@type":"SearchAction","target":{"@type":"EntryPoint","urlTemplate":"https:\/\/custom-parts.fr\/de\/?s={search_term_string}"},"query-input":{"@type":"PropertyValueSpecification","valueRequired":true,"valueName":"search_term_string"}}],"inLanguage":"de"},{"@type":"Organization","@id":"https:\/\/custom-parts.fr\/de\/#organization","name":"Custom-Parts","url":"https:\/\/custom-parts.fr\/de\/","logo":{"@type":"ImageObject","inLanguage":"de","@id":"https:\/\/custom-parts.fr\/de\/#\/schema\/logo\/image\/","url":"https:\/\/custom-parts.fr\/wp-content\/uploads\/2023\/01\/cropped-cropped-cropped-final-new-police-2-1-1.png","contentUrl":"https:\/\/custom-parts.fr\/wp-content\/uploads\/2023\/01\/cropped-cropped-cropped-final-new-police-2-1-1.png","width":450,"height":125,"caption":"Custom-Parts"},"image":{"@id":"https:\/\/custom-parts.fr\/de\/#\/schema\/logo\/image\/"}}]}},"_links":{"self":[{"href":"https:\/\/custom-parts.fr\/de\/wp-json\/wp\/v2\/product\/24957","targetHints":{"allow":["GET"]}}],"collection":[{"href":"https:\/\/custom-parts.fr\/de\/wp-json\/wp\/v2\/product"}],"about":[{"href":"https:\/\/custom-parts.fr\/de\/wp-json\/wp\/v2\/types\/product"}],"replies":[{"embeddable":true,"href":"https:\/\/custom-parts.fr\/de\/wp-json\/wp\/v2\/comments?post=24957"}],"wp:featuredmedia":[{"embeddable":true,"href":"https:\/\/custom-parts.fr\/de\/wp-json\/wp\/v2\/media\/23643"}],"wp:attachment":[{"href":"https:\/\/custom-parts.fr\/de\/wp-json\/wp\/v2\/media?parent=24957"}],"wp:term":[{"taxonomy":"product_brand","embeddable":true,"href":"https:\/\/custom-parts.fr\/de\/wp-json\/wp\/v2\/product_brand?post=24957"},{"taxonomy":"product_cat","embeddable":true,"href":"https:\/\/custom-parts.fr\/de\/wp-json\/wp\/v2\/product_cat?post=24957"},{"taxonomy":"product_tag","embeddable":true,"href":"https:\/\/custom-parts.fr\/de\/wp-json\/wp\/v2\/product_tag?post=24957"}],"curies":[{"name":"wp","href":"https:\/\/api.w.org\/{rel}","templated":true}]}}