{"id":24966,"date":"2023-02-26T19:03:01","date_gmt":"2023-02-26T18:03:01","guid":{"rendered":"https:\/\/custom-parts.fr\/produit\/cache-coque-de-retroviseur-interieur-mini-cooper-r55-r56-r57-r60-r61\/"},"modified":"2025-06-15T01:35:11","modified_gmt":"2025-06-14T23:35:11","slug":"cache-coque-de-retroviseur-interieur-mini-cooper-r55-r56-r57-r60-r61","status":"publish","type":"product","link":"https:\/\/custom-parts.fr\/de\/produkt\/cache-coque-de-retroviseur-interieur-mini-cooper-r55-r56-r57-r60-r61\/","title":{"rendered":"Spiegelkappen verkleidung f\u00fcr Mini Cooper R55 R56 R57 R60 R61"},"content":{"rendered":"<p>Diese passgenauen Verkleidungen f\u00fcr den Innenr\u00fcckspiegel der MINI R55, R56, R57, R60 und R61 verleihen Ihrer Mini im Handumdrehen einen neuen Look! Die Abdeckung wird direkt auf den Innenr\u00fcckspiegel aufgebracht, ohne dass Sie ihn demontieren m\u00fcssen, dank eines hochwertigen doppelseitigen Klebebands. Das ultra-d\u00fcnne, ma\u00dfgeschneiderte Kunststoffmaterial passt perfekt \u00fcber die R\u00fcckspiegelabdeckung und sorgt f\u00fcr ein unver\u00e4ndertes Erscheinungsbild wie im Original.<\/p>\n<h2>Eigenschaften:<\/h2>\n<ul>\n<li>Material: Hochwertiger, flexibler ABS-Kunststoff<\/li>\n<li>Ma\u00dfgeschneidert f\u00fcr eine Verarbeitung, die nach der Montage wie das Original aussieht.<\/li>\n<li>Einfach zu montieren dank des vorinstallierten doppelseitigen Klebebands. Die hohe Klebekraft garantiert jahrelange Stabilit\u00e4t und Widerstandsf\u00e4higkeit gegen alle Wetterbedingungen.<\/li>\n<li>Bei kalten Temperaturen empfehlen wir, einen F\u00f6n zu verwenden, um den Kleber zu erw\u00e4rmen und die Haftung zu verbessern.<\/li>\n<li>Verf\u00fcgbare Farben: Hochglanz Schwarz, Carbon-Look, Hochglanz Rot, Hochglanz Pink.<\/li>\n<\/ul>\n<h2>Geeignet f\u00fcr:<\/h2>\n<ul>\n<li>MINI Cooper, Cooper S R55 Clubman: 2008 bis 2014<\/li>\n<li>MINI Cooper, Cooper S R56: 2007 bis 2013<\/li>\n<li>MINI Cooper, Cooper S R57 Cabrio: 2009 bis 2015<\/li>\n<li data-spm-anchor-id=\"a2g0o.detail.1000023.i1.54c42f391Vhw0s\">MINI Cooper, Cooper S R60 Countryman: 2011 bis 2016<\/li>\n<li data-spm-anchor-id=\"a2g0o.detail.1000023.i1.54c42f391Vhw0s\">MINI Cooper, Cooper S R61 Paceman: 2013 bis 2015<\/li>\n<li data-spm-anchor-id=\"a2g0o.detail.1000023.i1.54c42f391Vhw0s\"><strong>Nicht geeignet f\u00fcr Innenr\u00fcckspiegel mit Garagentor\u00f6ffnungsmechanismus.<\/strong><\/li>\n<\/ul>\n<p><strong>Hinweis: Die Verkleidungen sind mit einer transparenten Schutzfolie versehen, die nach der Montage entfernt werden sollte. Die Schutzfolie kann die tats\u00e4chliche Farbe der auf den Produktseiten angezeigten Fotos beeinflussen. Die Abdeckungen haben nach dem Entfernen der Schutzfolien immer eine gl\u00e4nzende Oberfl\u00e4che, es sei denn, es wird etwas anderes angegeben.<\/strong><\/p>\n","protected":false},"excerpt":{"rendered":"<p><span style=\"color: #39991a; font-weight: 900;\">\u2713<\/span> Gestalten Sie Ihren Mini ganz nach Ihrem Geschmack!<br \/>\n<span style=\"color: #39991a; font-weight: 900;\">\u2713<\/span> Einfach zu installieren und auszutauschen<br \/>\n<span style=\"color: #39991a; font-weight: 900;\">\u2713<\/span> Perfekte Passform f\u00fcr Ihr Originalteil<\/p>\n","protected":false},"featured_media":24227,"comment_status":"open","ping_status":"closed","template":"","meta":[],"product_brand":[],"product_cat":[191,196,193],"product_tag":[],"class_list":{"0":"post-24966","1":"product","2":"type-product","3":"status-publish","4":"has-post-thumbnail","6":"product_cat-mini-cooper-ersatzteile-zubehoer","7":"product_cat-interieur-zubehor-fur-mini-2-gen","8":"product_cat-zubehoer-mini-cooper-2-gen","10":"first","11":"instock","12":"taxable","13":"shipping-taxable","14":"purchasable","15":"product-type-variable"},"yoast_head":"<!-- This site is optimized with the Yoast SEO plugin v27.2 - https:\/\/yoast.com\/product\/yoast-seo-wordpress\/ -->\n<title>Spiegelkappen verkleidung f\u00fcr Mini Cooper R55 R56 R57 R60 R61<\/title>\n<meta name=\"description\" content=\"Kaufen Sie Ihren Spiegelkappen verkleidung f\u00fcr Mini Cooper R55 R56 R57 R60 R61 und alle custom BMW MINI-Zubeh\u00f6r auf Custom-Parts.fr!\" \/>\n<meta name=\"robots\" content=\"index, follow, max-snippet:-1, max-image-preview:large, max-video-preview:-1\" \/>\n<link rel=\"canonical\" href=\"https:\/\/custom-parts.fr\/de\/produkt\/cache-coque-de-retroviseur-interieur-mini-cooper-r55-r56-r57-r60-r61\/\" \/>\n<meta property=\"og:locale\" content=\"de_DE\" \/>\n<meta property=\"og:type\" content=\"article\" \/>\n<meta property=\"og:title\" content=\"Spiegelkappen verkleidung f\u00fcr Mini Cooper R55 R56 R57 R60 R61\" \/>\n<meta property=\"og:description\" content=\"Kaufen Sie Ihren Spiegelkappen verkleidung f\u00fcr Mini Cooper R55 R56 R57 R60 R61 und alle custom BMW MINI-Zubeh\u00f6r auf Custom-Parts.fr!\" \/>\n<meta property=\"og:url\" content=\"https:\/\/custom-parts.fr\/de\/produkt\/cache-coque-de-retroviseur-interieur-mini-cooper-r55-r56-r57-r60-r61\/\" \/>\n<meta property=\"og:site_name\" content=\"Custom-Parts.fr\" \/>\n<meta property=\"article:modified_time\" content=\"2025-06-14T23:35:11+00:00\" \/>\n<meta property=\"og:image\" content=\"https:\/\/custom-parts.fr\/wp-content\/uploads\/2023\/02\/Cache-coque-de-retroviseur-interieur-MINI-Cooper-R55-R56-R57-R60-R61-2.jpg\" \/>\n\t<meta property=\"og:image:width\" content=\"400\" \/>\n\t<meta property=\"og:image:height\" content=\"400\" \/>\n\t<meta property=\"og:image:type\" content=\"image\/jpeg\" \/>\n<meta name=\"twitter:card\" content=\"summary_large_image\" \/>\n<meta name=\"twitter:label1\" content=\"Gesch\u00e4tzte Lesezeit\" \/>\n\t<meta name=\"twitter:data1\" content=\"2\u00a0Minute\" \/>\n<script type=\"application\/ld+json\" class=\"yoast-schema-graph\">{\"@context\":\"https:\/\/schema.org\",\"@graph\":[{\"@type\":\"WebPage\",\"@id\":\"https:\/\/custom-parts.fr\/de\/produkt\/cache-coque-de-retroviseur-interieur-mini-cooper-r55-r56-r57-r60-r61\/\",\"url\":\"https:\/\/custom-parts.fr\/de\/produkt\/cache-coque-de-retroviseur-interieur-mini-cooper-r55-r56-r57-r60-r61\/\",\"name\":\"Spiegelkappen verkleidung f\u00fcr Mini Cooper R55 R56 R57 R60 R61\",\"isPartOf\":{\"@id\":\"https:\/\/custom-parts.fr\/de\/#website\"},\"primaryImageOfPage\":{\"@id\":\"https:\/\/custom-parts.fr\/de\/produkt\/cache-coque-de-retroviseur-interieur-mini-cooper-r55-r56-r57-r60-r61\/#primaryimage\"},\"image\":{\"@id\":\"https:\/\/custom-parts.fr\/de\/produkt\/cache-coque-de-retroviseur-interieur-mini-cooper-r55-r56-r57-r60-r61\/#primaryimage\"},\"thumbnailUrl\":\"https:\/\/custom-parts.fr\/wp-content\/uploads\/2023\/02\/Cache-coque-de-retroviseur-interieur-MINI-Cooper-R55-R56-R57-R60-R61-2.jpg\",\"datePublished\":\"2023-02-26T18:03:01+00:00\",\"dateModified\":\"2025-06-14T23:35:11+00:00\",\"description\":\"Kaufen Sie Ihren Spiegelkappen verkleidung f\u00fcr Mini Cooper R55 R56 R57 R60 R61 und alle custom BMW MINI-Zubeh\u00f6r auf Custom-Parts.fr!\",\"breadcrumb\":{\"@id\":\"https:\/\/custom-parts.fr\/de\/produkt\/cache-coque-de-retroviseur-interieur-mini-cooper-r55-r56-r57-r60-r61\/#breadcrumb\"},\"inLanguage\":\"de\",\"potentialAction\":[{\"@type\":\"ReadAction\",\"target\":[\"https:\/\/custom-parts.fr\/de\/produkt\/cache-coque-de-retroviseur-interieur-mini-cooper-r55-r56-r57-r60-r61\/\"]}]},{\"@type\":\"ImageObject\",\"inLanguage\":\"de\",\"@id\":\"https:\/\/custom-parts.fr\/de\/produkt\/cache-coque-de-retroviseur-interieur-mini-cooper-r55-r56-r57-r60-r61\/#primaryimage\",\"url\":\"https:\/\/custom-parts.fr\/wp-content\/uploads\/2023\/02\/Cache-coque-de-retroviseur-interieur-MINI-Cooper-R55-R56-R57-R60-R61-2.jpg\",\"contentUrl\":\"https:\/\/custom-parts.fr\/wp-content\/uploads\/2023\/02\/Cache-coque-de-retroviseur-interieur-MINI-Cooper-R55-R56-R57-R60-R61-2.jpg\",\"width\":400,\"height\":400},{\"@type\":\"BreadcrumbList\",\"@id\":\"https:\/\/custom-parts.fr\/de\/produkt\/cache-coque-de-retroviseur-interieur-mini-cooper-r55-r56-r57-r60-r61\/#breadcrumb\",\"itemListElement\":[{\"@type\":\"ListItem\",\"position\":1,\"name\":\"Startseite\",\"item\":\"https:\/\/custom-parts.fr\/de\/kaufen-sie-teile-und-zubehoer-fuer-mini-bmw-custom-parts-de\/\"},{\"@type\":\"ListItem\",\"position\":2,\"name\":\"Shop\",\"item\":\"https:\/\/custom-parts.fr\/de\/alle-produkte\/\"},{\"@type\":\"ListItem\",\"position\":3,\"name\":\"Spiegelkappen verkleidung f\u00fcr Mini Cooper R55 R56 R57 R60 R61\"}]},{\"@type\":\"WebSite\",\"@id\":\"https:\/\/custom-parts.fr\/de\/#website\",\"url\":\"https:\/\/custom-parts.fr\/de\/\",\"name\":\"Custom-Parts.fr\",\"description\":\"Custom BMW MINI Ersatzteile & Zubeh\u00f6r\",\"publisher\":{\"@id\":\"https:\/\/custom-parts.fr\/de\/#organization\"},\"potentialAction\":[{\"@type\":\"SearchAction\",\"target\":{\"@type\":\"EntryPoint\",\"urlTemplate\":\"https:\/\/custom-parts.fr\/de\/?s={search_term_string}\"},\"query-input\":{\"@type\":\"PropertyValueSpecification\",\"valueRequired\":true,\"valueName\":\"search_term_string\"}}],\"inLanguage\":\"de\"},{\"@type\":\"Organization\",\"@id\":\"https:\/\/custom-parts.fr\/de\/#organization\",\"name\":\"Custom-Parts\",\"url\":\"https:\/\/custom-parts.fr\/de\/\",\"logo\":{\"@type\":\"ImageObject\",\"inLanguage\":\"de\",\"@id\":\"https:\/\/custom-parts.fr\/de\/#\/schema\/logo\/image\/\",\"url\":\"https:\/\/custom-parts.fr\/wp-content\/uploads\/2023\/01\/cropped-cropped-cropped-final-new-police-2-1-1.png\",\"contentUrl\":\"https:\/\/custom-parts.fr\/wp-content\/uploads\/2023\/01\/cropped-cropped-cropped-final-new-police-2-1-1.png\",\"width\":450,\"height\":125,\"caption\":\"Custom-Parts\"},\"image\":{\"@id\":\"https:\/\/custom-parts.fr\/de\/#\/schema\/logo\/image\/\"}}]}<\/script>\n<!-- \/ Yoast SEO plugin. -->","yoast_head_json":{"title":"Spiegelkappen verkleidung f\u00fcr Mini Cooper R55 R56 R57 R60 R61","description":"Kaufen Sie Ihren Spiegelkappen verkleidung f\u00fcr Mini Cooper R55 R56 R57 R60 R61 und alle custom BMW MINI-Zubeh\u00f6r auf Custom-Parts.fr!","robots":{"index":"index","follow":"follow","max-snippet":"max-snippet:-1","max-image-preview":"max-image-preview:large","max-video-preview":"max-video-preview:-1"},"canonical":"https:\/\/custom-parts.fr\/de\/produkt\/cache-coque-de-retroviseur-interieur-mini-cooper-r55-r56-r57-r60-r61\/","og_locale":"de_DE","og_type":"article","og_title":"Spiegelkappen verkleidung f\u00fcr Mini Cooper R55 R56 R57 R60 R61","og_description":"Kaufen Sie Ihren Spiegelkappen verkleidung f\u00fcr Mini Cooper R55 R56 R57 R60 R61 und alle custom BMW MINI-Zubeh\u00f6r auf Custom-Parts.fr!","og_url":"https:\/\/custom-parts.fr\/de\/produkt\/cache-coque-de-retroviseur-interieur-mini-cooper-r55-r56-r57-r60-r61\/","og_site_name":"Custom-Parts.fr","article_modified_time":"2025-06-14T23:35:11+00:00","og_image":[{"width":400,"height":400,"url":"https:\/\/custom-parts.fr\/wp-content\/uploads\/2023\/02\/Cache-coque-de-retroviseur-interieur-MINI-Cooper-R55-R56-R57-R60-R61-2.jpg","type":"image\/jpeg"}],"twitter_card":"summary_large_image","twitter_misc":{"Gesch\u00e4tzte Lesezeit":"2\u00a0Minute"},"schema":{"@context":"https:\/\/schema.org","@graph":[{"@type":"WebPage","@id":"https:\/\/custom-parts.fr\/de\/produkt\/cache-coque-de-retroviseur-interieur-mini-cooper-r55-r56-r57-r60-r61\/","url":"https:\/\/custom-parts.fr\/de\/produkt\/cache-coque-de-retroviseur-interieur-mini-cooper-r55-r56-r57-r60-r61\/","name":"Spiegelkappen verkleidung f\u00fcr Mini Cooper R55 R56 R57 R60 R61","isPartOf":{"@id":"https:\/\/custom-parts.fr\/de\/#website"},"primaryImageOfPage":{"@id":"https:\/\/custom-parts.fr\/de\/produkt\/cache-coque-de-retroviseur-interieur-mini-cooper-r55-r56-r57-r60-r61\/#primaryimage"},"image":{"@id":"https:\/\/custom-parts.fr\/de\/produkt\/cache-coque-de-retroviseur-interieur-mini-cooper-r55-r56-r57-r60-r61\/#primaryimage"},"thumbnailUrl":"https:\/\/custom-parts.fr\/wp-content\/uploads\/2023\/02\/Cache-coque-de-retroviseur-interieur-MINI-Cooper-R55-R56-R57-R60-R61-2.jpg","datePublished":"2023-02-26T18:03:01+00:00","dateModified":"2025-06-14T23:35:11+00:00","description":"Kaufen Sie Ihren Spiegelkappen verkleidung f\u00fcr Mini Cooper R55 R56 R57 R60 R61 und alle custom BMW MINI-Zubeh\u00f6r auf Custom-Parts.fr!","breadcrumb":{"@id":"https:\/\/custom-parts.fr\/de\/produkt\/cache-coque-de-retroviseur-interieur-mini-cooper-r55-r56-r57-r60-r61\/#breadcrumb"},"inLanguage":"de","potentialAction":[{"@type":"ReadAction","target":["https:\/\/custom-parts.fr\/de\/produkt\/cache-coque-de-retroviseur-interieur-mini-cooper-r55-r56-r57-r60-r61\/"]}]},{"@type":"ImageObject","inLanguage":"de","@id":"https:\/\/custom-parts.fr\/de\/produkt\/cache-coque-de-retroviseur-interieur-mini-cooper-r55-r56-r57-r60-r61\/#primaryimage","url":"https:\/\/custom-parts.fr\/wp-content\/uploads\/2023\/02\/Cache-coque-de-retroviseur-interieur-MINI-Cooper-R55-R56-R57-R60-R61-2.jpg","contentUrl":"https:\/\/custom-parts.fr\/wp-content\/uploads\/2023\/02\/Cache-coque-de-retroviseur-interieur-MINI-Cooper-R55-R56-R57-R60-R61-2.jpg","width":400,"height":400},{"@type":"BreadcrumbList","@id":"https:\/\/custom-parts.fr\/de\/produkt\/cache-coque-de-retroviseur-interieur-mini-cooper-r55-r56-r57-r60-r61\/#breadcrumb","itemListElement":[{"@type":"ListItem","position":1,"name":"Startseite","item":"https:\/\/custom-parts.fr\/de\/kaufen-sie-teile-und-zubehoer-fuer-mini-bmw-custom-parts-de\/"},{"@type":"ListItem","position":2,"name":"Shop","item":"https:\/\/custom-parts.fr\/de\/alle-produkte\/"},{"@type":"ListItem","position":3,"name":"Spiegelkappen verkleidung f\u00fcr Mini Cooper R55 R56 R57 R60 R61"}]},{"@type":"WebSite","@id":"https:\/\/custom-parts.fr\/de\/#website","url":"https:\/\/custom-parts.fr\/de\/","name":"Custom-Parts.fr","description":"Custom BMW MINI Ersatzteile & Zubeh\u00f6r","publisher":{"@id":"https:\/\/custom-parts.fr\/de\/#organization"},"potentialAction":[{"@type":"SearchAction","target":{"@type":"EntryPoint","urlTemplate":"https:\/\/custom-parts.fr\/de\/?s={search_term_string}"},"query-input":{"@type":"PropertyValueSpecification","valueRequired":true,"valueName":"search_term_string"}}],"inLanguage":"de"},{"@type":"Organization","@id":"https:\/\/custom-parts.fr\/de\/#organization","name":"Custom-Parts","url":"https:\/\/custom-parts.fr\/de\/","logo":{"@type":"ImageObject","inLanguage":"de","@id":"https:\/\/custom-parts.fr\/de\/#\/schema\/logo\/image\/","url":"https:\/\/custom-parts.fr\/wp-content\/uploads\/2023\/01\/cropped-cropped-cropped-final-new-police-2-1-1.png","contentUrl":"https:\/\/custom-parts.fr\/wp-content\/uploads\/2023\/01\/cropped-cropped-cropped-final-new-police-2-1-1.png","width":450,"height":125,"caption":"Custom-Parts"},"image":{"@id":"https:\/\/custom-parts.fr\/de\/#\/schema\/logo\/image\/"}}]}},"_links":{"self":[{"href":"https:\/\/custom-parts.fr\/de\/wp-json\/wp\/v2\/product\/24966","targetHints":{"allow":["GET"]}}],"collection":[{"href":"https:\/\/custom-parts.fr\/de\/wp-json\/wp\/v2\/product"}],"about":[{"href":"https:\/\/custom-parts.fr\/de\/wp-json\/wp\/v2\/types\/product"}],"replies":[{"embeddable":true,"href":"https:\/\/custom-parts.fr\/de\/wp-json\/wp\/v2\/comments?post=24966"}],"wp:featuredmedia":[{"embeddable":true,"href":"https:\/\/custom-parts.fr\/de\/wp-json\/wp\/v2\/media\/24227"}],"wp:attachment":[{"href":"https:\/\/custom-parts.fr\/de\/wp-json\/wp\/v2\/media?parent=24966"}],"wp:term":[{"taxonomy":"product_brand","embeddable":true,"href":"https:\/\/custom-parts.fr\/de\/wp-json\/wp\/v2\/product_brand?post=24966"},{"taxonomy":"product_cat","embeddable":true,"href":"https:\/\/custom-parts.fr\/de\/wp-json\/wp\/v2\/product_cat?post=24966"},{"taxonomy":"product_tag","embeddable":true,"href":"https:\/\/custom-parts.fr\/de\/wp-json\/wp\/v2\/product_tag?post=24966"}],"curies":[{"name":"wp","href":"https:\/\/api.w.org\/{rel}","templated":true}]}}