{"id":24971,"date":"2023-02-26T01:43:46","date_gmt":"2023-02-26T00:43:46","guid":{"rendered":"https:\/\/custom-parts.fr\/produit\/caches-commandes-volant-mini-cooper-r50-r52-r53-1ere-generation\/"},"modified":"2025-06-15T01:35:11","modified_gmt":"2025-06-14T23:35:11","slug":"caches-commandes-volant-mini-cooper-r50-r52-r53-1ere-generation","status":"publish","type":"product","link":"https:\/\/custom-parts.fr\/de\/produkt\/caches-commandes-volant-mini-cooper-r50-r52-r53-1ere-generation\/","title":{"rendered":"Verkleidungen f\u00fcr das Lenkrad f\u00fcr Mini Cooper R50, R52, R53 1. Generation"},"content":{"rendered":"<p><strong>Personalisierte Lenkradverkleidungen f\u00fcr Mini Cooper und Cooper S der 1. Generation (R50, R52, R53)<\/strong><\/p>\n<p>&nbsp;<\/p>\n<p>Wenn die graue Farbe des Plastiks an Ihren Lenkradbedienelementen Ihres Mini der 1. Generation vergilbt ist oder wenn Sie einfach Ihrem Lenkrad und Innenraum einen neuen Look verleihen m\u00f6chten, sind diese Verkleidungen perfekt f\u00fcr Sie! Sie k\u00f6nnen das Lenkrad Ihres Mini Cooper R50, R52 oder Cooper S R53 im Handumdrehen mit diesem ma\u00dfgeschneiderten Set aufpeppen. Die Verkleidungen sind exakt auf die Formen und Abmessungen der 2 Varianten von Lenkr\u00e4dern der Mini Cooper 1. Generation Phase 1 (vor dem Facelift) geformt und passen perfekt an die Stelle Ihrer Lenkradbedienelemente, sodass sie ein 100% originales Erscheinungsbild bieten.<\/p>\n<p>&nbsp;<\/p>\n<p>Wir verf\u00fcgen auch \u00fcber weitere Ersatzteile und passende Dekosets, mit denen Sie Ihr neues Interieur komplettieren k\u00f6nnen.<\/p>\n<p>&nbsp;<\/p>\n<p><strong>Die Verkleidungen sind mit einer transparenten Schutzfolie ausgestattet, die nach der Montage entfernt werden kann. Bevor Sie die Verkleidung endg\u00fcltig anbringen, sollten Sie eine Ecke der Schutzfolie abziehen, um deren sp\u00e4tere Entfernung zu erleichtern. Die Folie k\u00f6nnte schwer erreichbar sein, sobald die Verkleidung an ihrer endg\u00fcltigen Position sitzt.<\/strong><\/p>\n<p>&nbsp;<\/p>\n<h2>Eigenschaften:<\/h2>\n<ul>\n<li>Farben: Hochgl\u00e4nzend Schwarz, Carbon-Effekt<\/li>\n<li>Ma\u00dfgeschneidert, computergeschnitten f\u00fcr eine Verarbeitung wie im Original nach der Montage.<\/li>\n<li>Einfach zu montieren dank der vorinstallierten doppelseitigen Klebeband. Die hohe Klebkraft garantiert jahrelange Stabilit\u00e4t und Widerstandsf\u00e4higkeit unter allen Wetterbedingungen.<\/li>\n<li>Bei kalten Temperaturen verwenden Sie einen Haartrockner, um den Kleber zu erw\u00e4rmen und die Haftung zu verbessern.<\/li>\n<\/ul>\n<p>&nbsp;<\/p>\n<p><img decoding=\"async\" class=\"alignnone wp-image-21036 lazyload\" data-src=\"https:\/\/custom-parts.fr\/wp-content\/uploads\/2023\/03\/commandes-volant-banner-FINAL-1.jpg\" alt=\"\" width=\"450\" height=\"450\" data-srcset=\"https:\/\/custom-parts.fr\/wp-content\/uploads\/2023\/03\/commandes-volant-banner-FINAL-1.jpg 500w, https:\/\/custom-parts.fr\/wp-content\/uploads\/2023\/03\/commandes-volant-banner-FINAL-1-300x300.jpg 300w, https:\/\/custom-parts.fr\/wp-content\/uploads\/2023\/03\/commandes-volant-banner-FINAL-1-150x150.jpg 150w, https:\/\/custom-parts.fr\/wp-content\/uploads\/2023\/03\/commandes-volant-banner-FINAL-1-90x90.jpg 90w, https:\/\/custom-parts.fr\/wp-content\/uploads\/2023\/03\/commandes-volant-banner-FINAL-1-100x100.jpg 100w, https:\/\/custom-parts.fr\/wp-content\/uploads\/2023\/03\/commandes-volant-banner-FINAL-1-48x48.jpg 48w\" data-sizes=\"(max-width: 450px) 100vw, 450px\" src=\"data:image\/svg+xml;base64,PHN2ZyB3aWR0aD0iMSIgaGVpZ2h0PSIxIiB4bWxucz0iaHR0cDovL3d3dy53My5vcmcvMjAwMC9zdmciPjwvc3ZnPg==\" style=\"--smush-placeholder-width: 450px; --smush-placeholder-aspect-ratio: 450\/450;\" \/><\/p>\n<p>&nbsp;<\/p>\n<h2>Geeignet f\u00fcr:<\/h2>\n<ul>\n<li>MINI R50 &#8211; One, One D und Cooper<\/li>\n<li>MINI R52 Cabriolet &#8211; One, Cooper und Cooper S<\/li>\n<li>MINI Cooper S R53 und Cooper S JCW GP<\/li>\n<li><strong>Nicht geeignet f\u00fcr Lenkr\u00e4der der Phase 2 und Lenkr\u00e4der mit Schaltwippen.<\/strong><\/li>\n<\/ul>\n","protected":false},"excerpt":{"rendered":"<p><span style=\"color: #39991a; font-weight: 900;\">\u2713<\/span> Gestalten Sie Ihren Mini ganz nach Ihrem Geschmack!<br \/>\n<span style=\"color: #39991a; font-weight: 900;\">\u2713<\/span> Einfach zu installieren und auszutauschen<br \/>\n<span style=\"color: #39991a; font-weight: 900;\">\u2713<\/span> Perfekte Passform f\u00fcr Ihr Originalteil<\/p>\n","protected":false},"featured_media":24042,"comment_status":"open","ping_status":"closed","template":"","meta":[],"product_brand":[],"product_cat":[191,192],"product_tag":[],"class_list":{"0":"post-24971","1":"product","2":"type-product","3":"status-publish","4":"has-post-thumbnail","6":"product_cat-mini-cooper-ersatzteile-zubehoer","7":"product_cat-zubehoer-mini-cooper-r50-r52-r53","9":"first","10":"instock","11":"taxable","12":"shipping-taxable","13":"purchasable","14":"product-type-variable"},"yoast_head":"<!-- This site is optimized with the Yoast SEO plugin v27.2 - https:\/\/yoast.com\/product\/yoast-seo-wordpress\/ -->\n<title>Verkleidungen f\u00fcr das Lenkrad f\u00fcr Mini Cooper R50, R52, R53 1. Generation<\/title>\n<meta name=\"description\" content=\"Verkleidungen f\u00fcr das Lenkrad f\u00fcr Mini Cooper R50, R52, R53 1. Generation Tous vos accessoires personnalis\u00e9s pour BMW MINI sont sur Custom-Parts.fr !\" \/>\n<meta name=\"robots\" content=\"index, follow, max-snippet:-1, max-image-preview:large, max-video-preview:-1\" \/>\n<link rel=\"canonical\" href=\"https:\/\/custom-parts.fr\/de\/produkt\/caches-commandes-volant-mini-cooper-r50-r52-r53-1ere-generation\/\" \/>\n<meta property=\"og:locale\" content=\"de_DE\" \/>\n<meta property=\"og:type\" content=\"article\" \/>\n<meta property=\"og:title\" content=\"Verkleidungen f\u00fcr das Lenkrad f\u00fcr Mini Cooper R50, R52, R53 1. Generation\" \/>\n<meta property=\"og:description\" content=\"Verkleidungen f\u00fcr das Lenkrad f\u00fcr Mini Cooper R50, R52, R53 1. Generation Tous vos accessoires personnalis\u00e9s pour BMW MINI sont sur Custom-Parts.fr !\" \/>\n<meta property=\"og:url\" content=\"https:\/\/custom-parts.fr\/de\/produkt\/caches-commandes-volant-mini-cooper-r50-r52-r53-1ere-generation\/\" \/>\n<meta property=\"og:site_name\" content=\"Custom-Parts.fr\" \/>\n<meta property=\"article:modified_time\" content=\"2025-06-14T23:35:11+00:00\" \/>\n<meta property=\"og:image\" content=\"https:\/\/custom-parts.fr\/wp-content\/uploads\/2023\/03\/commandes-volant-9.jpg\" \/>\n\t<meta property=\"og:image:width\" content=\"500\" \/>\n\t<meta property=\"og:image:height\" content=\"500\" \/>\n\t<meta property=\"og:image:type\" content=\"image\/jpeg\" \/>\n<meta name=\"twitter:card\" content=\"summary_large_image\" \/>\n<meta name=\"twitter:label1\" content=\"Gesch\u00e4tzte Lesezeit\" \/>\n\t<meta name=\"twitter:data1\" content=\"2\u00a0Minute\" \/>\n<script type=\"application\/ld+json\" class=\"yoast-schema-graph\">{\"@context\":\"https:\/\/schema.org\",\"@graph\":[{\"@type\":\"WebPage\",\"@id\":\"https:\/\/custom-parts.fr\/de\/produkt\/caches-commandes-volant-mini-cooper-r50-r52-r53-1ere-generation\/\",\"url\":\"https:\/\/custom-parts.fr\/de\/produkt\/caches-commandes-volant-mini-cooper-r50-r52-r53-1ere-generation\/\",\"name\":\"Verkleidungen f\u00fcr das Lenkrad f\u00fcr Mini Cooper R50, R52, R53 1. Generation\",\"isPartOf\":{\"@id\":\"https:\/\/custom-parts.fr\/de\/#website\"},\"primaryImageOfPage\":{\"@id\":\"https:\/\/custom-parts.fr\/de\/produkt\/caches-commandes-volant-mini-cooper-r50-r52-r53-1ere-generation\/#primaryimage\"},\"image\":{\"@id\":\"https:\/\/custom-parts.fr\/de\/produkt\/caches-commandes-volant-mini-cooper-r50-r52-r53-1ere-generation\/#primaryimage\"},\"thumbnailUrl\":\"https:\/\/custom-parts.fr\/wp-content\/uploads\/2023\/03\/commandes-volant-9.jpg\",\"datePublished\":\"2023-02-26T00:43:46+00:00\",\"dateModified\":\"2025-06-14T23:35:11+00:00\",\"description\":\"Verkleidungen f\u00fcr das Lenkrad f\u00fcr Mini Cooper R50, R52, R53 1. Generation Tous vos accessoires personnalis\u00e9s pour BMW MINI sont sur Custom-Parts.fr !\",\"breadcrumb\":{\"@id\":\"https:\/\/custom-parts.fr\/de\/produkt\/caches-commandes-volant-mini-cooper-r50-r52-r53-1ere-generation\/#breadcrumb\"},\"inLanguage\":\"de\",\"potentialAction\":[{\"@type\":\"ReadAction\",\"target\":[\"https:\/\/custom-parts.fr\/de\/produkt\/caches-commandes-volant-mini-cooper-r50-r52-r53-1ere-generation\/\"]}]},{\"@type\":\"ImageObject\",\"inLanguage\":\"de\",\"@id\":\"https:\/\/custom-parts.fr\/de\/produkt\/caches-commandes-volant-mini-cooper-r50-r52-r53-1ere-generation\/#primaryimage\",\"url\":\"https:\/\/custom-parts.fr\/wp-content\/uploads\/2023\/03\/commandes-volant-9.jpg\",\"contentUrl\":\"https:\/\/custom-parts.fr\/wp-content\/uploads\/2023\/03\/commandes-volant-9.jpg\",\"width\":500,\"height\":500},{\"@type\":\"BreadcrumbList\",\"@id\":\"https:\/\/custom-parts.fr\/de\/produkt\/caches-commandes-volant-mini-cooper-r50-r52-r53-1ere-generation\/#breadcrumb\",\"itemListElement\":[{\"@type\":\"ListItem\",\"position\":1,\"name\":\"Startseite\",\"item\":\"https:\/\/custom-parts.fr\/de\/kaufen-sie-teile-und-zubehoer-fuer-mini-bmw-custom-parts-de\/\"},{\"@type\":\"ListItem\",\"position\":2,\"name\":\"Shop\",\"item\":\"https:\/\/custom-parts.fr\/de\/alle-produkte\/\"},{\"@type\":\"ListItem\",\"position\":3,\"name\":\"Verkleidungen f\u00fcr das Lenkrad f\u00fcr Mini Cooper R50, R52, R53 1. Generation\"}]},{\"@type\":\"WebSite\",\"@id\":\"https:\/\/custom-parts.fr\/de\/#website\",\"url\":\"https:\/\/custom-parts.fr\/de\/\",\"name\":\"Custom-Parts.fr\",\"description\":\"Custom BMW MINI Ersatzteile & Zubeh\u00f6r\",\"publisher\":{\"@id\":\"https:\/\/custom-parts.fr\/de\/#organization\"},\"potentialAction\":[{\"@type\":\"SearchAction\",\"target\":{\"@type\":\"EntryPoint\",\"urlTemplate\":\"https:\/\/custom-parts.fr\/de\/?s={search_term_string}\"},\"query-input\":{\"@type\":\"PropertyValueSpecification\",\"valueRequired\":true,\"valueName\":\"search_term_string\"}}],\"inLanguage\":\"de\"},{\"@type\":\"Organization\",\"@id\":\"https:\/\/custom-parts.fr\/de\/#organization\",\"name\":\"Custom-Parts\",\"url\":\"https:\/\/custom-parts.fr\/de\/\",\"logo\":{\"@type\":\"ImageObject\",\"inLanguage\":\"de\",\"@id\":\"https:\/\/custom-parts.fr\/de\/#\/schema\/logo\/image\/\",\"url\":\"https:\/\/custom-parts.fr\/wp-content\/uploads\/2023\/01\/cropped-cropped-cropped-final-new-police-2-1-1.png\",\"contentUrl\":\"https:\/\/custom-parts.fr\/wp-content\/uploads\/2023\/01\/cropped-cropped-cropped-final-new-police-2-1-1.png\",\"width\":450,\"height\":125,\"caption\":\"Custom-Parts\"},\"image\":{\"@id\":\"https:\/\/custom-parts.fr\/de\/#\/schema\/logo\/image\/\"}}]}<\/script>\n<!-- \/ Yoast SEO plugin. -->","yoast_head_json":{"title":"Verkleidungen f\u00fcr das Lenkrad f\u00fcr Mini Cooper R50, R52, R53 1. Generation","description":"Verkleidungen f\u00fcr das Lenkrad f\u00fcr Mini Cooper R50, R52, R53 1. Generation Tous vos accessoires personnalis\u00e9s pour BMW MINI sont sur Custom-Parts.fr !","robots":{"index":"index","follow":"follow","max-snippet":"max-snippet:-1","max-image-preview":"max-image-preview:large","max-video-preview":"max-video-preview:-1"},"canonical":"https:\/\/custom-parts.fr\/de\/produkt\/caches-commandes-volant-mini-cooper-r50-r52-r53-1ere-generation\/","og_locale":"de_DE","og_type":"article","og_title":"Verkleidungen f\u00fcr das Lenkrad f\u00fcr Mini Cooper R50, R52, R53 1. Generation","og_description":"Verkleidungen f\u00fcr das Lenkrad f\u00fcr Mini Cooper R50, R52, R53 1. Generation Tous vos accessoires personnalis\u00e9s pour BMW MINI sont sur Custom-Parts.fr !","og_url":"https:\/\/custom-parts.fr\/de\/produkt\/caches-commandes-volant-mini-cooper-r50-r52-r53-1ere-generation\/","og_site_name":"Custom-Parts.fr","article_modified_time":"2025-06-14T23:35:11+00:00","og_image":[{"width":500,"height":500,"url":"https:\/\/custom-parts.fr\/wp-content\/uploads\/2023\/03\/commandes-volant-9.jpg","type":"image\/jpeg"}],"twitter_card":"summary_large_image","twitter_misc":{"Gesch\u00e4tzte Lesezeit":"2\u00a0Minute"},"schema":{"@context":"https:\/\/schema.org","@graph":[{"@type":"WebPage","@id":"https:\/\/custom-parts.fr\/de\/produkt\/caches-commandes-volant-mini-cooper-r50-r52-r53-1ere-generation\/","url":"https:\/\/custom-parts.fr\/de\/produkt\/caches-commandes-volant-mini-cooper-r50-r52-r53-1ere-generation\/","name":"Verkleidungen f\u00fcr das Lenkrad f\u00fcr Mini Cooper R50, R52, R53 1. Generation","isPartOf":{"@id":"https:\/\/custom-parts.fr\/de\/#website"},"primaryImageOfPage":{"@id":"https:\/\/custom-parts.fr\/de\/produkt\/caches-commandes-volant-mini-cooper-r50-r52-r53-1ere-generation\/#primaryimage"},"image":{"@id":"https:\/\/custom-parts.fr\/de\/produkt\/caches-commandes-volant-mini-cooper-r50-r52-r53-1ere-generation\/#primaryimage"},"thumbnailUrl":"https:\/\/custom-parts.fr\/wp-content\/uploads\/2023\/03\/commandes-volant-9.jpg","datePublished":"2023-02-26T00:43:46+00:00","dateModified":"2025-06-14T23:35:11+00:00","description":"Verkleidungen f\u00fcr das Lenkrad f\u00fcr Mini Cooper R50, R52, R53 1. Generation Tous vos accessoires personnalis\u00e9s pour BMW MINI sont sur Custom-Parts.fr !","breadcrumb":{"@id":"https:\/\/custom-parts.fr\/de\/produkt\/caches-commandes-volant-mini-cooper-r50-r52-r53-1ere-generation\/#breadcrumb"},"inLanguage":"de","potentialAction":[{"@type":"ReadAction","target":["https:\/\/custom-parts.fr\/de\/produkt\/caches-commandes-volant-mini-cooper-r50-r52-r53-1ere-generation\/"]}]},{"@type":"ImageObject","inLanguage":"de","@id":"https:\/\/custom-parts.fr\/de\/produkt\/caches-commandes-volant-mini-cooper-r50-r52-r53-1ere-generation\/#primaryimage","url":"https:\/\/custom-parts.fr\/wp-content\/uploads\/2023\/03\/commandes-volant-9.jpg","contentUrl":"https:\/\/custom-parts.fr\/wp-content\/uploads\/2023\/03\/commandes-volant-9.jpg","width":500,"height":500},{"@type":"BreadcrumbList","@id":"https:\/\/custom-parts.fr\/de\/produkt\/caches-commandes-volant-mini-cooper-r50-r52-r53-1ere-generation\/#breadcrumb","itemListElement":[{"@type":"ListItem","position":1,"name":"Startseite","item":"https:\/\/custom-parts.fr\/de\/kaufen-sie-teile-und-zubehoer-fuer-mini-bmw-custom-parts-de\/"},{"@type":"ListItem","position":2,"name":"Shop","item":"https:\/\/custom-parts.fr\/de\/alle-produkte\/"},{"@type":"ListItem","position":3,"name":"Verkleidungen f\u00fcr das Lenkrad f\u00fcr Mini Cooper R50, R52, R53 1. Generation"}]},{"@type":"WebSite","@id":"https:\/\/custom-parts.fr\/de\/#website","url":"https:\/\/custom-parts.fr\/de\/","name":"Custom-Parts.fr","description":"Custom BMW MINI Ersatzteile & Zubeh\u00f6r","publisher":{"@id":"https:\/\/custom-parts.fr\/de\/#organization"},"potentialAction":[{"@type":"SearchAction","target":{"@type":"EntryPoint","urlTemplate":"https:\/\/custom-parts.fr\/de\/?s={search_term_string}"},"query-input":{"@type":"PropertyValueSpecification","valueRequired":true,"valueName":"search_term_string"}}],"inLanguage":"de"},{"@type":"Organization","@id":"https:\/\/custom-parts.fr\/de\/#organization","name":"Custom-Parts","url":"https:\/\/custom-parts.fr\/de\/","logo":{"@type":"ImageObject","inLanguage":"de","@id":"https:\/\/custom-parts.fr\/de\/#\/schema\/logo\/image\/","url":"https:\/\/custom-parts.fr\/wp-content\/uploads\/2023\/01\/cropped-cropped-cropped-final-new-police-2-1-1.png","contentUrl":"https:\/\/custom-parts.fr\/wp-content\/uploads\/2023\/01\/cropped-cropped-cropped-final-new-police-2-1-1.png","width":450,"height":125,"caption":"Custom-Parts"},"image":{"@id":"https:\/\/custom-parts.fr\/de\/#\/schema\/logo\/image\/"}}]}},"_links":{"self":[{"href":"https:\/\/custom-parts.fr\/de\/wp-json\/wp\/v2\/product\/24971","targetHints":{"allow":["GET"]}}],"collection":[{"href":"https:\/\/custom-parts.fr\/de\/wp-json\/wp\/v2\/product"}],"about":[{"href":"https:\/\/custom-parts.fr\/de\/wp-json\/wp\/v2\/types\/product"}],"replies":[{"embeddable":true,"href":"https:\/\/custom-parts.fr\/de\/wp-json\/wp\/v2\/comments?post=24971"}],"wp:featuredmedia":[{"embeddable":true,"href":"https:\/\/custom-parts.fr\/de\/wp-json\/wp\/v2\/media\/24042"}],"wp:attachment":[{"href":"https:\/\/custom-parts.fr\/de\/wp-json\/wp\/v2\/media?parent=24971"}],"wp:term":[{"taxonomy":"product_brand","embeddable":true,"href":"https:\/\/custom-parts.fr\/de\/wp-json\/wp\/v2\/product_brand?post=24971"},{"taxonomy":"product_cat","embeddable":true,"href":"https:\/\/custom-parts.fr\/de\/wp-json\/wp\/v2\/product_cat?post=24971"},{"taxonomy":"product_tag","embeddable":true,"href":"https:\/\/custom-parts.fr\/de\/wp-json\/wp\/v2\/product_tag?post=24971"}],"curies":[{"name":"wp","href":"https:\/\/api.w.org\/{rel}","templated":true}]}}