{"id":24976,"date":"2023-02-20T01:44:06","date_gmt":"2023-02-20T00:44:06","guid":{"rendered":"https:\/\/custom-parts.fr\/produit\/coques-retroviseurs-mini-cooper-r50-r52-cooper-s-r53-1ere-gen\/"},"modified":"2025-06-15T01:35:11","modified_gmt":"2025-06-14T23:35:11","slug":"coques-retroviseurs-mini-cooper-r50-r52-cooper-s-r53-1ere-gen","status":"publish","type":"product","link":"https:\/\/custom-parts.fr\/de\/produkt\/coques-retroviseurs-mini-cooper-r50-r52-cooper-s-r53-1ere-gen\/","title":{"rendered":"Spiegelkappen verkleidung f\u00fcr Mini Cooper R50 R52 Cooper S R53 1. Generation"},"content":{"rendered":"<p><strong>Spiegelkappen verkleidung f\u00fcr MINI Cooper R50 R52 Cooper S R53 1. Generation<\/strong><\/p>\n<p>&nbsp;<\/p>\n<p>Diese ma\u00dfgefertigten Verkleidungen f\u00fcr die Originalspiegel verleihen Ihrer Mini im Handumdrehen einen neuen Look! Sie werden direkt auf die Originalspiegel aufgebracht, dank eines hochwertigen doppelseitigen Klebebands. Das ultra-d\u00fcnne, ma\u00dfgeschneiderte Plastik \u00fcberzieht die Spiegelverkleidung perfekt, um das originale Erscheinungsbild zu bewahren. Ein hervorragendes Produkt also, um in wenigen Sekunden von Chrom zu wechseln, mit der Garantie eines perfekten Ergebnisses.<\/p>\n<p>&nbsp;<\/p>\n<h2>Eigenschaften:<\/h2>\n<ul>\n<li>Material: Hochwertiger flexibler ABS-Kunststoff<\/li>\n<li>Lieferung im Paar<\/li>\n<li>Ma\u00dfgefertigt f\u00fcr eine Optik wie im Original nach der Montage.<\/li>\n<li>Einfach zu montieren dank des vorinstallierten doppelseitigen Klebebands. Die hohe Klebkraft garantiert jahrelange Stabilit\u00e4t und Widerstandsf\u00e4higkeit gegen\u00fcber allen Wetterbedingungen.<\/li>\n<li>Bei kalten Temperaturen verwenden Sie einen Haartrockner, um den Kleber zu erw\u00e4rmen und die Haftung zu verbessern.<\/li>\n<li>Verf\u00fcgbare Farben: Gl\u00e4nzend Schwarz, Carbon-Optik, Gl\u00e4nzend Wei\u00df, Gl\u00e4nzend Rosa, Gl\u00e4nzend Rot<\/li>\n<\/ul>\n<p>&nbsp;<\/p>\n<h2>Geeignet f\u00fcr:<\/h2>\n<ul>\n<li>MINI R50 &#8211; One, One D und Cooper<\/li>\n<li>MINI R52 Cabriolet &#8211; One, Cooper und Cooper S<\/li>\n<li>MINI Cooper S R53 und Cooper S JCW GP<\/li>\n<\/ul>\n<p>&nbsp;<\/p>\n<p>&nbsp;<\/p>\n<p><strong>Hinweis: Die Verkleidungen sind mit einer transparenten Schutzfolie versehen, die nach der Montage entfernt werden muss. Die Schutzfolie kann die tats\u00e4chliche Farbe der auf den Produktseiten angezeigten Fotos beeinflussen. Die Verkleidungen haben nach Entfernen der Schutzfolien immer eine gl\u00e4nzende Oberfl\u00e4che, es sei denn, es wird etwas anderes angegeben.<\/strong><\/p>\n<p>&nbsp;<\/p>\n<p>&nbsp;<\/p>\n","protected":false},"excerpt":{"rendered":"<p><span style=\"color: #39991a; font-weight: 900;\">\u2713<\/span> Gestalten Sie Ihren Mini ganz nach Ihrem Geschmack!<br \/>\n<span style=\"color: #39991a; font-weight: 900;\">\u2713<\/span> Einfach zu installieren und auszutauschen<br \/>\n<span style=\"color: #39991a; font-weight: 900;\">\u2713<\/span> Perfekte Passform f\u00fcr Ihr Originalteil<\/p>\n","protected":false},"featured_media":23864,"comment_status":"open","ping_status":"closed","template":"","meta":[],"product_brand":[],"product_cat":[191,192],"product_tag":[],"class_list":{"0":"post-24976","1":"product","2":"type-product","3":"status-publish","4":"has-post-thumbnail","6":"product_cat-mini-cooper-ersatzteile-zubehoer","7":"product_cat-zubehoer-mini-cooper-r50-r52-r53","9":"first","10":"instock","11":"taxable","12":"shipping-taxable","13":"purchasable","14":"product-type-variable"},"yoast_head":"<!-- This site is optimized with the Yoast SEO plugin v27.2 - https:\/\/yoast.com\/product\/yoast-seo-wordpress\/ -->\n<title>Spiegelkappen verkleidung f\u00fcr Mini Cooper R50 R52 Cooper S R53 1. Generation<\/title>\n<meta name=\"description\" content=\"Kaufen Sie Ihren Spiegelkappen verkleidung f\u00fcr Mini Cooper R50 R52 Cooper S R53 1. Generation und alle custom BMW MINI-Zubeh\u00f6r auf Custom-Parts.fr!\" \/>\n<meta name=\"robots\" content=\"index, follow, max-snippet:-1, max-image-preview:large, max-video-preview:-1\" \/>\n<link rel=\"canonical\" href=\"https:\/\/custom-parts.fr\/de\/produkt\/coques-retroviseurs-mini-cooper-r50-r52-cooper-s-r53-1ere-gen\/\" \/>\n<meta property=\"og:locale\" content=\"de_DE\" \/>\n<meta property=\"og:type\" content=\"article\" \/>\n<meta property=\"og:title\" content=\"Spiegelkappen verkleidung f\u00fcr Mini Cooper R50 R52 Cooper S R53 1. Generation\" \/>\n<meta property=\"og:description\" content=\"Kaufen Sie Ihren Spiegelkappen verkleidung f\u00fcr Mini Cooper R50 R52 Cooper S R53 1. Generation und alle custom BMW MINI-Zubeh\u00f6r auf Custom-Parts.fr!\" \/>\n<meta property=\"og:url\" content=\"https:\/\/custom-parts.fr\/de\/produkt\/coques-retroviseurs-mini-cooper-r50-r52-cooper-s-r53-1ere-gen\/\" \/>\n<meta property=\"og:site_name\" content=\"Custom-Parts.fr\" \/>\n<meta property=\"article:modified_time\" content=\"2025-06-14T23:35:11+00:00\" \/>\n<meta property=\"og:image\" content=\"https:\/\/custom-parts.fr\/wp-content\/uploads\/2023\/02\/Coques-Retroviseurs-MINI-Cooper-R50-R52-Cooper-S-R53-1ere-Gen-7.jpg\" \/>\n\t<meta property=\"og:image:width\" content=\"500\" \/>\n\t<meta property=\"og:image:height\" content=\"500\" \/>\n\t<meta property=\"og:image:type\" content=\"image\/jpeg\" \/>\n<meta name=\"twitter:card\" content=\"summary_large_image\" \/>\n<meta name=\"twitter:label1\" content=\"Gesch\u00e4tzte Lesezeit\" \/>\n\t<meta name=\"twitter:data1\" content=\"2\u00a0Minute\" \/>\n<script type=\"application\/ld+json\" class=\"yoast-schema-graph\">{\"@context\":\"https:\/\/schema.org\",\"@graph\":[{\"@type\":\"WebPage\",\"@id\":\"https:\/\/custom-parts.fr\/de\/produkt\/coques-retroviseurs-mini-cooper-r50-r52-cooper-s-r53-1ere-gen\/\",\"url\":\"https:\/\/custom-parts.fr\/de\/produkt\/coques-retroviseurs-mini-cooper-r50-r52-cooper-s-r53-1ere-gen\/\",\"name\":\"Spiegelkappen verkleidung f\u00fcr Mini Cooper R50 R52 Cooper S R53 1. Generation\",\"isPartOf\":{\"@id\":\"https:\/\/custom-parts.fr\/de\/#website\"},\"primaryImageOfPage\":{\"@id\":\"https:\/\/custom-parts.fr\/de\/produkt\/coques-retroviseurs-mini-cooper-r50-r52-cooper-s-r53-1ere-gen\/#primaryimage\"},\"image\":{\"@id\":\"https:\/\/custom-parts.fr\/de\/produkt\/coques-retroviseurs-mini-cooper-r50-r52-cooper-s-r53-1ere-gen\/#primaryimage\"},\"thumbnailUrl\":\"https:\/\/custom-parts.fr\/wp-content\/uploads\/2023\/02\/Coques-Retroviseurs-MINI-Cooper-R50-R52-Cooper-S-R53-1ere-Gen-7.jpg\",\"datePublished\":\"2023-02-20T00:44:06+00:00\",\"dateModified\":\"2025-06-14T23:35:11+00:00\",\"description\":\"Kaufen Sie Ihren Spiegelkappen verkleidung f\u00fcr Mini Cooper R50 R52 Cooper S R53 1. Generation und alle custom BMW MINI-Zubeh\u00f6r auf Custom-Parts.fr!\",\"breadcrumb\":{\"@id\":\"https:\/\/custom-parts.fr\/de\/produkt\/coques-retroviseurs-mini-cooper-r50-r52-cooper-s-r53-1ere-gen\/#breadcrumb\"},\"inLanguage\":\"de\",\"potentialAction\":[{\"@type\":\"ReadAction\",\"target\":[\"https:\/\/custom-parts.fr\/de\/produkt\/coques-retroviseurs-mini-cooper-r50-r52-cooper-s-r53-1ere-gen\/\"]}]},{\"@type\":\"ImageObject\",\"inLanguage\":\"de\",\"@id\":\"https:\/\/custom-parts.fr\/de\/produkt\/coques-retroviseurs-mini-cooper-r50-r52-cooper-s-r53-1ere-gen\/#primaryimage\",\"url\":\"https:\/\/custom-parts.fr\/wp-content\/uploads\/2023\/02\/Coques-Retroviseurs-MINI-Cooper-R50-R52-Cooper-S-R53-1ere-Gen-7.jpg\",\"contentUrl\":\"https:\/\/custom-parts.fr\/wp-content\/uploads\/2023\/02\/Coques-Retroviseurs-MINI-Cooper-R50-R52-Cooper-S-R53-1ere-Gen-7.jpg\",\"width\":500,\"height\":500},{\"@type\":\"BreadcrumbList\",\"@id\":\"https:\/\/custom-parts.fr\/de\/produkt\/coques-retroviseurs-mini-cooper-r50-r52-cooper-s-r53-1ere-gen\/#breadcrumb\",\"itemListElement\":[{\"@type\":\"ListItem\",\"position\":1,\"name\":\"Startseite\",\"item\":\"https:\/\/custom-parts.fr\/de\/kaufen-sie-teile-und-zubehoer-fuer-mini-bmw-custom-parts-de\/\"},{\"@type\":\"ListItem\",\"position\":2,\"name\":\"Shop\",\"item\":\"https:\/\/custom-parts.fr\/de\/alle-produkte\/\"},{\"@type\":\"ListItem\",\"position\":3,\"name\":\"Spiegelkappen verkleidung f\u00fcr Mini Cooper R50 R52 Cooper S R53 1. Generation\"}]},{\"@type\":\"WebSite\",\"@id\":\"https:\/\/custom-parts.fr\/de\/#website\",\"url\":\"https:\/\/custom-parts.fr\/de\/\",\"name\":\"Custom-Parts.fr\",\"description\":\"Custom BMW MINI Ersatzteile & Zubeh\u00f6r\",\"publisher\":{\"@id\":\"https:\/\/custom-parts.fr\/de\/#organization\"},\"potentialAction\":[{\"@type\":\"SearchAction\",\"target\":{\"@type\":\"EntryPoint\",\"urlTemplate\":\"https:\/\/custom-parts.fr\/de\/?s={search_term_string}\"},\"query-input\":{\"@type\":\"PropertyValueSpecification\",\"valueRequired\":true,\"valueName\":\"search_term_string\"}}],\"inLanguage\":\"de\"},{\"@type\":\"Organization\",\"@id\":\"https:\/\/custom-parts.fr\/de\/#organization\",\"name\":\"Custom-Parts\",\"url\":\"https:\/\/custom-parts.fr\/de\/\",\"logo\":{\"@type\":\"ImageObject\",\"inLanguage\":\"de\",\"@id\":\"https:\/\/custom-parts.fr\/de\/#\/schema\/logo\/image\/\",\"url\":\"https:\/\/custom-parts.fr\/wp-content\/uploads\/2023\/01\/cropped-cropped-cropped-final-new-police-2-1-1.png\",\"contentUrl\":\"https:\/\/custom-parts.fr\/wp-content\/uploads\/2023\/01\/cropped-cropped-cropped-final-new-police-2-1-1.png\",\"width\":450,\"height\":125,\"caption\":\"Custom-Parts\"},\"image\":{\"@id\":\"https:\/\/custom-parts.fr\/de\/#\/schema\/logo\/image\/\"}}]}<\/script>\n<!-- \/ Yoast SEO plugin. -->","yoast_head_json":{"title":"Spiegelkappen verkleidung f\u00fcr Mini Cooper R50 R52 Cooper S R53 1. Generation","description":"Kaufen Sie Ihren Spiegelkappen verkleidung f\u00fcr Mini Cooper R50 R52 Cooper S R53 1. Generation und alle custom BMW MINI-Zubeh\u00f6r auf Custom-Parts.fr!","robots":{"index":"index","follow":"follow","max-snippet":"max-snippet:-1","max-image-preview":"max-image-preview:large","max-video-preview":"max-video-preview:-1"},"canonical":"https:\/\/custom-parts.fr\/de\/produkt\/coques-retroviseurs-mini-cooper-r50-r52-cooper-s-r53-1ere-gen\/","og_locale":"de_DE","og_type":"article","og_title":"Spiegelkappen verkleidung f\u00fcr Mini Cooper R50 R52 Cooper S R53 1. Generation","og_description":"Kaufen Sie Ihren Spiegelkappen verkleidung f\u00fcr Mini Cooper R50 R52 Cooper S R53 1. Generation und alle custom BMW MINI-Zubeh\u00f6r auf Custom-Parts.fr!","og_url":"https:\/\/custom-parts.fr\/de\/produkt\/coques-retroviseurs-mini-cooper-r50-r52-cooper-s-r53-1ere-gen\/","og_site_name":"Custom-Parts.fr","article_modified_time":"2025-06-14T23:35:11+00:00","og_image":[{"width":500,"height":500,"url":"https:\/\/custom-parts.fr\/wp-content\/uploads\/2023\/02\/Coques-Retroviseurs-MINI-Cooper-R50-R52-Cooper-S-R53-1ere-Gen-7.jpg","type":"image\/jpeg"}],"twitter_card":"summary_large_image","twitter_misc":{"Gesch\u00e4tzte Lesezeit":"2\u00a0Minute"},"schema":{"@context":"https:\/\/schema.org","@graph":[{"@type":"WebPage","@id":"https:\/\/custom-parts.fr\/de\/produkt\/coques-retroviseurs-mini-cooper-r50-r52-cooper-s-r53-1ere-gen\/","url":"https:\/\/custom-parts.fr\/de\/produkt\/coques-retroviseurs-mini-cooper-r50-r52-cooper-s-r53-1ere-gen\/","name":"Spiegelkappen verkleidung f\u00fcr Mini Cooper R50 R52 Cooper S R53 1. Generation","isPartOf":{"@id":"https:\/\/custom-parts.fr\/de\/#website"},"primaryImageOfPage":{"@id":"https:\/\/custom-parts.fr\/de\/produkt\/coques-retroviseurs-mini-cooper-r50-r52-cooper-s-r53-1ere-gen\/#primaryimage"},"image":{"@id":"https:\/\/custom-parts.fr\/de\/produkt\/coques-retroviseurs-mini-cooper-r50-r52-cooper-s-r53-1ere-gen\/#primaryimage"},"thumbnailUrl":"https:\/\/custom-parts.fr\/wp-content\/uploads\/2023\/02\/Coques-Retroviseurs-MINI-Cooper-R50-R52-Cooper-S-R53-1ere-Gen-7.jpg","datePublished":"2023-02-20T00:44:06+00:00","dateModified":"2025-06-14T23:35:11+00:00","description":"Kaufen Sie Ihren Spiegelkappen verkleidung f\u00fcr Mini Cooper R50 R52 Cooper S R53 1. Generation und alle custom BMW MINI-Zubeh\u00f6r auf Custom-Parts.fr!","breadcrumb":{"@id":"https:\/\/custom-parts.fr\/de\/produkt\/coques-retroviseurs-mini-cooper-r50-r52-cooper-s-r53-1ere-gen\/#breadcrumb"},"inLanguage":"de","potentialAction":[{"@type":"ReadAction","target":["https:\/\/custom-parts.fr\/de\/produkt\/coques-retroviseurs-mini-cooper-r50-r52-cooper-s-r53-1ere-gen\/"]}]},{"@type":"ImageObject","inLanguage":"de","@id":"https:\/\/custom-parts.fr\/de\/produkt\/coques-retroviseurs-mini-cooper-r50-r52-cooper-s-r53-1ere-gen\/#primaryimage","url":"https:\/\/custom-parts.fr\/wp-content\/uploads\/2023\/02\/Coques-Retroviseurs-MINI-Cooper-R50-R52-Cooper-S-R53-1ere-Gen-7.jpg","contentUrl":"https:\/\/custom-parts.fr\/wp-content\/uploads\/2023\/02\/Coques-Retroviseurs-MINI-Cooper-R50-R52-Cooper-S-R53-1ere-Gen-7.jpg","width":500,"height":500},{"@type":"BreadcrumbList","@id":"https:\/\/custom-parts.fr\/de\/produkt\/coques-retroviseurs-mini-cooper-r50-r52-cooper-s-r53-1ere-gen\/#breadcrumb","itemListElement":[{"@type":"ListItem","position":1,"name":"Startseite","item":"https:\/\/custom-parts.fr\/de\/kaufen-sie-teile-und-zubehoer-fuer-mini-bmw-custom-parts-de\/"},{"@type":"ListItem","position":2,"name":"Shop","item":"https:\/\/custom-parts.fr\/de\/alle-produkte\/"},{"@type":"ListItem","position":3,"name":"Spiegelkappen verkleidung f\u00fcr Mini Cooper R50 R52 Cooper S R53 1. Generation"}]},{"@type":"WebSite","@id":"https:\/\/custom-parts.fr\/de\/#website","url":"https:\/\/custom-parts.fr\/de\/","name":"Custom-Parts.fr","description":"Custom BMW MINI Ersatzteile & Zubeh\u00f6r","publisher":{"@id":"https:\/\/custom-parts.fr\/de\/#organization"},"potentialAction":[{"@type":"SearchAction","target":{"@type":"EntryPoint","urlTemplate":"https:\/\/custom-parts.fr\/de\/?s={search_term_string}"},"query-input":{"@type":"PropertyValueSpecification","valueRequired":true,"valueName":"search_term_string"}}],"inLanguage":"de"},{"@type":"Organization","@id":"https:\/\/custom-parts.fr\/de\/#organization","name":"Custom-Parts","url":"https:\/\/custom-parts.fr\/de\/","logo":{"@type":"ImageObject","inLanguage":"de","@id":"https:\/\/custom-parts.fr\/de\/#\/schema\/logo\/image\/","url":"https:\/\/custom-parts.fr\/wp-content\/uploads\/2023\/01\/cropped-cropped-cropped-final-new-police-2-1-1.png","contentUrl":"https:\/\/custom-parts.fr\/wp-content\/uploads\/2023\/01\/cropped-cropped-cropped-final-new-police-2-1-1.png","width":450,"height":125,"caption":"Custom-Parts"},"image":{"@id":"https:\/\/custom-parts.fr\/de\/#\/schema\/logo\/image\/"}}]}},"_links":{"self":[{"href":"https:\/\/custom-parts.fr\/de\/wp-json\/wp\/v2\/product\/24976","targetHints":{"allow":["GET"]}}],"collection":[{"href":"https:\/\/custom-parts.fr\/de\/wp-json\/wp\/v2\/product"}],"about":[{"href":"https:\/\/custom-parts.fr\/de\/wp-json\/wp\/v2\/types\/product"}],"replies":[{"embeddable":true,"href":"https:\/\/custom-parts.fr\/de\/wp-json\/wp\/v2\/comments?post=24976"}],"wp:featuredmedia":[{"embeddable":true,"href":"https:\/\/custom-parts.fr\/de\/wp-json\/wp\/v2\/media\/23864"}],"wp:attachment":[{"href":"https:\/\/custom-parts.fr\/de\/wp-json\/wp\/v2\/media?parent=24976"}],"wp:term":[{"taxonomy":"product_brand","embeddable":true,"href":"https:\/\/custom-parts.fr\/de\/wp-json\/wp\/v2\/product_brand?post=24976"},{"taxonomy":"product_cat","embeddable":true,"href":"https:\/\/custom-parts.fr\/de\/wp-json\/wp\/v2\/product_cat?post=24976"},{"taxonomy":"product_tag","embeddable":true,"href":"https:\/\/custom-parts.fr\/de\/wp-json\/wp\/v2\/product_tag?post=24976"}],"curies":[{"name":"wp","href":"https:\/\/api.w.org\/{rel}","templated":true}]}}