{"id":24982,"date":"2023-02-19T17:03:31","date_gmt":"2023-02-19T16:03:31","guid":{"rendered":"https:\/\/custom-parts.fr\/produit\/coques-poignees-de-porte-noir-brillant-mini-r60-countryman\/"},"modified":"2025-06-15T01:35:09","modified_gmt":"2025-06-14T23:35:09","slug":"coques-poignees-de-porte-noir-brillant-mini-r60-countryman","status":"publish","type":"product","link":"https:\/\/custom-parts.fr\/de\/produkt\/coques-poignees-de-porte-noir-brillant-mini-r60-countryman\/","title":{"rendered":"T\u00fcrgriff Verkleidungen &#8211; Schwarz Hochglanz f\u00fcr Mini R60 Countryman 2011-2016"},"content":{"rendered":"<p><strong>T\u00fcrgriffabdeckungen Schwarz gl\u00e4nzend f\u00fcr MINI R60 Countryman 2011-2016 (4 Teile)<\/strong><\/p>\n<p>&nbsp;<\/p>\n<p>Diese Abdeckungen sind pr\u00e4zise auf die Ma\u00dfe der T\u00fcrgriffe des MINI Countryman R60 gefertigt. Durch die direkte Anbringung auf die originalen T\u00fcrgriffe mittels hochwertigem doppelseitigem Klebeband k\u00f6nnen Sie das \u00e4u\u00dfere Erscheinungsbild Ihres Countryman R60 ohne Demontage und Werkzeuge ver\u00e4ndern. Das ultra-d\u00fcnne und ma\u00dfgefertigte Plastik umschlie\u00dft den T\u00fcrgriff perfekt und sorgt f\u00fcr ein identisches Aussehen wie das Original. Ein hervorragendes Produkt, um die Chromoberfl\u00e4che Ihrer T\u00fcrgriffe in wenigen Sekunden zu \u00e4ndern, mit der Garantie f\u00fcr ein perfektes Ergebnis.<\/p>\n<p>&nbsp;<\/p>\n<p><strong>Hinweis: Die Abdeckungen sind mit einer transparenten Schutzfolie versehen, die nach der Montage entfernt werden muss. Die Schutzfolie kann die tats\u00e4chliche Farbe der auf den Produktseiten angezeigten Fotos beeintr\u00e4chtigen. Die Abdeckungen haben nach dem Entfernen der Schutzfolien immer eine gl\u00e4nzende Oberfl\u00e4che, es sei denn, es wird anders angegeben.<\/strong><\/p>\n<p>&nbsp;<\/p>\n<h2>Eigenschaften:<\/h2>\n<ul>\n<li><strong>Nur f\u00fcr Standard-T\u00fcrgriffe ohne Schl\u00fcsselsystem (keyless)<\/strong><\/li>\n<li>Lieferumfang: 2 Abdeckungen f\u00fcr die vorderen T\u00fcrgriffe + 2 Abdeckungen f\u00fcr die hinteren T\u00fcrgriffe<\/li>\n<li>Farbe: Schwarz gl\u00e4nzend<\/li>\n<li>Material: ABS Kunststoff<\/li>\n<li>Einfache Montage und Demontage dank des vorinstallierten doppelseitigen Klebebands.<\/li>\n<li>Bei kalten Temperaturen verwenden Sie einen Haartrockner, um den Kleber zu erw\u00e4rmen und die Haftung zu erleichtern.<\/li>\n<\/ul>\n<p>&nbsp;<\/p>\n<h2>Geeignet f\u00fcr:<\/h2>\n<ul>\n<li>MINI Cooper, Cooper S, JCW R60 Countryman von 2011 bis 2016<\/li>\n<li><strong>Nur geeignet f\u00fcr Standard-T\u00fcrgriffe (ohne Komfortsystem \/ keyless)<\/strong><\/li>\n<\/ul>\n<p><img decoding=\"async\" class=\"alignnone size-full wp-image-18597 lazyload\" data-src=\"https:\/\/custom-parts.fr\/wp-content\/uploads\/2023\/01\/Montage-poignees-porte-mini-r50-r52-r53.jpg\" alt=\"\" width=\"400\" height=\"400\" data-srcset=\"https:\/\/custom-parts.fr\/wp-content\/uploads\/2023\/01\/Montage-poignees-porte-mini-r50-r52-r53.jpg 400w, https:\/\/custom-parts.fr\/wp-content\/uploads\/2023\/01\/Montage-poignees-porte-mini-r50-r52-r53-300x300.jpg 300w, https:\/\/custom-parts.fr\/wp-content\/uploads\/2023\/01\/Montage-poignees-porte-mini-r50-r52-r53-100x100.jpg 100w, https:\/\/custom-parts.fr\/wp-content\/uploads\/2023\/01\/Montage-poignees-porte-mini-r50-r52-r53-150x150.jpg 150w, https:\/\/custom-parts.fr\/wp-content\/uploads\/2023\/01\/Montage-poignees-porte-mini-r50-r52-r53-90x90.jpg 90w\" data-sizes=\"(max-width: 400px) 100vw, 400px\" src=\"data:image\/svg+xml;base64,PHN2ZyB3aWR0aD0iMSIgaGVpZ2h0PSIxIiB4bWxucz0iaHR0cDovL3d3dy53My5vcmcvMjAwMC9zdmciPjwvc3ZnPg==\" style=\"--smush-placeholder-width: 400px; --smush-placeholder-aspect-ratio: 400\/400;\" \/><\/p>\n<p><img decoding=\"async\" class=\"alignnone wp-image-18595 lazyload\" data-src=\"https:\/\/custom-parts.fr\/wp-content\/uploads\/2023\/01\/Coques-Poignees-de-porte-MINI-1ere-et-2eme-Gen-3.jpg\" alt=\"\" width=\"401\" height=\"401\" data-srcset=\"https:\/\/custom-parts.fr\/wp-content\/uploads\/2023\/01\/Coques-Poignees-de-porte-MINI-1ere-et-2eme-Gen-3.jpg 500w, https:\/\/custom-parts.fr\/wp-content\/uploads\/2023\/01\/Coques-Poignees-de-porte-MINI-1ere-et-2eme-Gen-3-300x300.jpg 300w, https:\/\/custom-parts.fr\/wp-content\/uploads\/2023\/01\/Coques-Poignees-de-porte-MINI-1ere-et-2eme-Gen-3-100x100.jpg 100w, https:\/\/custom-parts.fr\/wp-content\/uploads\/2023\/01\/Coques-Poignees-de-porte-MINI-1ere-et-2eme-Gen-3-150x150.jpg 150w, https:\/\/custom-parts.fr\/wp-content\/uploads\/2023\/01\/Coques-Poignees-de-porte-MINI-1ere-et-2eme-Gen-3-90x90.jpg 90w\" data-sizes=\"(max-width: 401px) 100vw, 401px\" src=\"data:image\/svg+xml;base64,PHN2ZyB3aWR0aD0iMSIgaGVpZ2h0PSIxIiB4bWxucz0iaHR0cDovL3d3dy53My5vcmcvMjAwMC9zdmciPjwvc3ZnPg==\" style=\"--smush-placeholder-width: 401px; --smush-placeholder-aspect-ratio: 401\/401;\" \/><\/p>\n","protected":false},"excerpt":{"rendered":"<p><span style=\"color: #39991a; font-weight: 900;\">\u2713<\/span> Gestalten Sie Ihren Mini ganz nach Ihrem Geschmack!<br \/>\n<span style=\"color: #39991a; font-weight: 900;\">\u2713<\/span> Einfach zu installieren und auszutauschen<br \/>\n<span style=\"color: #39991a; font-weight: 900;\">\u2713<\/span> Perfekte Passform f\u00fcr Ihr Originalteil<\/p>\n","protected":false},"featured_media":24087,"comment_status":"open","ping_status":"closed","template":"","meta":[],"product_brand":[],"product_cat":[191,196,193],"product_tag":[],"class_list":{"0":"post-24982","1":"product","2":"type-product","3":"status-publish","4":"has-post-thumbnail","6":"product_cat-mini-cooper-ersatzteile-zubehoer","7":"product_cat-interieur-zubehor-fur-mini-2-gen","8":"product_cat-zubehoer-mini-cooper-2-gen","10":"first","11":"instock","12":"taxable","13":"shipping-taxable","14":"purchasable","15":"product-type-simple"},"yoast_head":"<!-- This site is optimized with the Yoast SEO plugin v27.2 - https:\/\/yoast.com\/product\/yoast-seo-wordpress\/ -->\n<title>T\u00fcrgriff Verkleidungen - Schwarz Hochglanz f\u00fcr Mini R60 Countryman 2011-2016<\/title>\n<meta name=\"description\" content=\"Achetez vos T\u00fcrgriff Verkleidungen - Schwarz Hochglanz f\u00fcr Mini R60 Countryman 2011-2016 et tous vos accessoires BMW MINI sur Custom-Parts.fr !s\" \/>\n<meta name=\"robots\" content=\"index, follow, max-snippet:-1, max-image-preview:large, max-video-preview:-1\" \/>\n<link rel=\"canonical\" href=\"https:\/\/custom-parts.fr\/de\/produkt\/coques-poignees-de-porte-noir-brillant-mini-r60-countryman\/\" \/>\n<meta property=\"og:locale\" content=\"de_DE\" \/>\n<meta property=\"og:type\" content=\"article\" \/>\n<meta property=\"og:title\" content=\"T\u00fcrgriff Verkleidungen - Schwarz Hochglanz f\u00fcr Mini R60 Countryman 2011-2016\" \/>\n<meta property=\"og:description\" content=\"Achetez vos T\u00fcrgriff Verkleidungen - Schwarz Hochglanz f\u00fcr Mini R60 Countryman 2011-2016 et tous vos accessoires BMW MINI sur Custom-Parts.fr !s\" \/>\n<meta property=\"og:url\" content=\"https:\/\/custom-parts.fr\/de\/produkt\/coques-poignees-de-porte-noir-brillant-mini-r60-countryman\/\" \/>\n<meta property=\"og:site_name\" content=\"Custom-Parts.fr\" \/>\n<meta property=\"article:modified_time\" content=\"2025-06-14T23:35:09+00:00\" \/>\n<meta property=\"og:image\" content=\"https:\/\/custom-parts.fr\/wp-content\/uploads\/2023\/02\/Coques-Poignees-de-porte-Noir-brillant-MINI-R60-Countryman-2011-2016.jpg\" \/>\n\t<meta property=\"og:image:width\" content=\"500\" \/>\n\t<meta property=\"og:image:height\" content=\"500\" \/>\n\t<meta property=\"og:image:type\" content=\"image\/jpeg\" \/>\n<meta name=\"twitter:card\" content=\"summary_large_image\" \/>\n<meta name=\"twitter:label1\" content=\"Gesch\u00e4tzte Lesezeit\" \/>\n\t<meta name=\"twitter:data1\" content=\"2\u00a0Minute\" \/>\n<script type=\"application\/ld+json\" class=\"yoast-schema-graph\">{\"@context\":\"https:\/\/schema.org\",\"@graph\":[{\"@type\":\"WebPage\",\"@id\":\"https:\/\/custom-parts.fr\/de\/produkt\/coques-poignees-de-porte-noir-brillant-mini-r60-countryman\/\",\"url\":\"https:\/\/custom-parts.fr\/de\/produkt\/coques-poignees-de-porte-noir-brillant-mini-r60-countryman\/\",\"name\":\"T\u00fcrgriff Verkleidungen - Schwarz Hochglanz f\u00fcr Mini R60 Countryman 2011-2016\",\"isPartOf\":{\"@id\":\"https:\/\/custom-parts.fr\/de\/#website\"},\"primaryImageOfPage\":{\"@id\":\"https:\/\/custom-parts.fr\/de\/produkt\/coques-poignees-de-porte-noir-brillant-mini-r60-countryman\/#primaryimage\"},\"image\":{\"@id\":\"https:\/\/custom-parts.fr\/de\/produkt\/coques-poignees-de-porte-noir-brillant-mini-r60-countryman\/#primaryimage\"},\"thumbnailUrl\":\"https:\/\/custom-parts.fr\/wp-content\/uploads\/2023\/02\/Coques-Poignees-de-porte-Noir-brillant-MINI-R60-Countryman-2011-2016.jpg\",\"datePublished\":\"2023-02-19T16:03:31+00:00\",\"dateModified\":\"2025-06-14T23:35:09+00:00\",\"description\":\"Achetez vos T\u00fcrgriff Verkleidungen - Schwarz Hochglanz f\u00fcr Mini R60 Countryman 2011-2016 et tous vos accessoires BMW MINI sur Custom-Parts.fr !s\",\"breadcrumb\":{\"@id\":\"https:\/\/custom-parts.fr\/de\/produkt\/coques-poignees-de-porte-noir-brillant-mini-r60-countryman\/#breadcrumb\"},\"inLanguage\":\"de\",\"potentialAction\":[{\"@type\":\"ReadAction\",\"target\":[\"https:\/\/custom-parts.fr\/de\/produkt\/coques-poignees-de-porte-noir-brillant-mini-r60-countryman\/\"]}]},{\"@type\":\"ImageObject\",\"inLanguage\":\"de\",\"@id\":\"https:\/\/custom-parts.fr\/de\/produkt\/coques-poignees-de-porte-noir-brillant-mini-r60-countryman\/#primaryimage\",\"url\":\"https:\/\/custom-parts.fr\/wp-content\/uploads\/2023\/02\/Coques-Poignees-de-porte-Noir-brillant-MINI-R60-Countryman-2011-2016.jpg\",\"contentUrl\":\"https:\/\/custom-parts.fr\/wp-content\/uploads\/2023\/02\/Coques-Poignees-de-porte-Noir-brillant-MINI-R60-Countryman-2011-2016.jpg\",\"width\":500,\"height\":500},{\"@type\":\"BreadcrumbList\",\"@id\":\"https:\/\/custom-parts.fr\/de\/produkt\/coques-poignees-de-porte-noir-brillant-mini-r60-countryman\/#breadcrumb\",\"itemListElement\":[{\"@type\":\"ListItem\",\"position\":1,\"name\":\"Startseite\",\"item\":\"https:\/\/custom-parts.fr\/de\/kaufen-sie-teile-und-zubehoer-fuer-mini-bmw-custom-parts-de\/\"},{\"@type\":\"ListItem\",\"position\":2,\"name\":\"Shop\",\"item\":\"https:\/\/custom-parts.fr\/de\/alle-produkte\/\"},{\"@type\":\"ListItem\",\"position\":3,\"name\":\"T\u00fcrgriff Verkleidungen &#8211; Schwarz Hochglanz f\u00fcr Mini R60 Countryman 2011-2016\"}]},{\"@type\":\"WebSite\",\"@id\":\"https:\/\/custom-parts.fr\/de\/#website\",\"url\":\"https:\/\/custom-parts.fr\/de\/\",\"name\":\"Custom-Parts.fr\",\"description\":\"Custom BMW MINI Ersatzteile & Zubeh\u00f6r\",\"publisher\":{\"@id\":\"https:\/\/custom-parts.fr\/de\/#organization\"},\"potentialAction\":[{\"@type\":\"SearchAction\",\"target\":{\"@type\":\"EntryPoint\",\"urlTemplate\":\"https:\/\/custom-parts.fr\/de\/?s={search_term_string}\"},\"query-input\":{\"@type\":\"PropertyValueSpecification\",\"valueRequired\":true,\"valueName\":\"search_term_string\"}}],\"inLanguage\":\"de\"},{\"@type\":\"Organization\",\"@id\":\"https:\/\/custom-parts.fr\/de\/#organization\",\"name\":\"Custom-Parts\",\"url\":\"https:\/\/custom-parts.fr\/de\/\",\"logo\":{\"@type\":\"ImageObject\",\"inLanguage\":\"de\",\"@id\":\"https:\/\/custom-parts.fr\/de\/#\/schema\/logo\/image\/\",\"url\":\"https:\/\/custom-parts.fr\/wp-content\/uploads\/2023\/01\/cropped-cropped-cropped-final-new-police-2-1-1.png\",\"contentUrl\":\"https:\/\/custom-parts.fr\/wp-content\/uploads\/2023\/01\/cropped-cropped-cropped-final-new-police-2-1-1.png\",\"width\":450,\"height\":125,\"caption\":\"Custom-Parts\"},\"image\":{\"@id\":\"https:\/\/custom-parts.fr\/de\/#\/schema\/logo\/image\/\"}}]}<\/script>\n<!-- \/ Yoast SEO plugin. -->","yoast_head_json":{"title":"T\u00fcrgriff Verkleidungen - Schwarz Hochglanz f\u00fcr Mini R60 Countryman 2011-2016","description":"Achetez vos T\u00fcrgriff Verkleidungen - Schwarz Hochglanz f\u00fcr Mini R60 Countryman 2011-2016 et tous vos accessoires BMW MINI sur Custom-Parts.fr !s","robots":{"index":"index","follow":"follow","max-snippet":"max-snippet:-1","max-image-preview":"max-image-preview:large","max-video-preview":"max-video-preview:-1"},"canonical":"https:\/\/custom-parts.fr\/de\/produkt\/coques-poignees-de-porte-noir-brillant-mini-r60-countryman\/","og_locale":"de_DE","og_type":"article","og_title":"T\u00fcrgriff Verkleidungen - Schwarz Hochglanz f\u00fcr Mini R60 Countryman 2011-2016","og_description":"Achetez vos T\u00fcrgriff Verkleidungen - Schwarz Hochglanz f\u00fcr Mini R60 Countryman 2011-2016 et tous vos accessoires BMW MINI sur Custom-Parts.fr !s","og_url":"https:\/\/custom-parts.fr\/de\/produkt\/coques-poignees-de-porte-noir-brillant-mini-r60-countryman\/","og_site_name":"Custom-Parts.fr","article_modified_time":"2025-06-14T23:35:09+00:00","og_image":[{"width":500,"height":500,"url":"https:\/\/custom-parts.fr\/wp-content\/uploads\/2023\/02\/Coques-Poignees-de-porte-Noir-brillant-MINI-R60-Countryman-2011-2016.jpg","type":"image\/jpeg"}],"twitter_card":"summary_large_image","twitter_misc":{"Gesch\u00e4tzte Lesezeit":"2\u00a0Minute"},"schema":{"@context":"https:\/\/schema.org","@graph":[{"@type":"WebPage","@id":"https:\/\/custom-parts.fr\/de\/produkt\/coques-poignees-de-porte-noir-brillant-mini-r60-countryman\/","url":"https:\/\/custom-parts.fr\/de\/produkt\/coques-poignees-de-porte-noir-brillant-mini-r60-countryman\/","name":"T\u00fcrgriff Verkleidungen - Schwarz Hochglanz f\u00fcr Mini R60 Countryman 2011-2016","isPartOf":{"@id":"https:\/\/custom-parts.fr\/de\/#website"},"primaryImageOfPage":{"@id":"https:\/\/custom-parts.fr\/de\/produkt\/coques-poignees-de-porte-noir-brillant-mini-r60-countryman\/#primaryimage"},"image":{"@id":"https:\/\/custom-parts.fr\/de\/produkt\/coques-poignees-de-porte-noir-brillant-mini-r60-countryman\/#primaryimage"},"thumbnailUrl":"https:\/\/custom-parts.fr\/wp-content\/uploads\/2023\/02\/Coques-Poignees-de-porte-Noir-brillant-MINI-R60-Countryman-2011-2016.jpg","datePublished":"2023-02-19T16:03:31+00:00","dateModified":"2025-06-14T23:35:09+00:00","description":"Achetez vos T\u00fcrgriff Verkleidungen - Schwarz Hochglanz f\u00fcr Mini R60 Countryman 2011-2016 et tous vos accessoires BMW MINI sur Custom-Parts.fr !s","breadcrumb":{"@id":"https:\/\/custom-parts.fr\/de\/produkt\/coques-poignees-de-porte-noir-brillant-mini-r60-countryman\/#breadcrumb"},"inLanguage":"de","potentialAction":[{"@type":"ReadAction","target":["https:\/\/custom-parts.fr\/de\/produkt\/coques-poignees-de-porte-noir-brillant-mini-r60-countryman\/"]}]},{"@type":"ImageObject","inLanguage":"de","@id":"https:\/\/custom-parts.fr\/de\/produkt\/coques-poignees-de-porte-noir-brillant-mini-r60-countryman\/#primaryimage","url":"https:\/\/custom-parts.fr\/wp-content\/uploads\/2023\/02\/Coques-Poignees-de-porte-Noir-brillant-MINI-R60-Countryman-2011-2016.jpg","contentUrl":"https:\/\/custom-parts.fr\/wp-content\/uploads\/2023\/02\/Coques-Poignees-de-porte-Noir-brillant-MINI-R60-Countryman-2011-2016.jpg","width":500,"height":500},{"@type":"BreadcrumbList","@id":"https:\/\/custom-parts.fr\/de\/produkt\/coques-poignees-de-porte-noir-brillant-mini-r60-countryman\/#breadcrumb","itemListElement":[{"@type":"ListItem","position":1,"name":"Startseite","item":"https:\/\/custom-parts.fr\/de\/kaufen-sie-teile-und-zubehoer-fuer-mini-bmw-custom-parts-de\/"},{"@type":"ListItem","position":2,"name":"Shop","item":"https:\/\/custom-parts.fr\/de\/alle-produkte\/"},{"@type":"ListItem","position":3,"name":"T\u00fcrgriff Verkleidungen &#8211; Schwarz Hochglanz f\u00fcr Mini R60 Countryman 2011-2016"}]},{"@type":"WebSite","@id":"https:\/\/custom-parts.fr\/de\/#website","url":"https:\/\/custom-parts.fr\/de\/","name":"Custom-Parts.fr","description":"Custom BMW MINI Ersatzteile & Zubeh\u00f6r","publisher":{"@id":"https:\/\/custom-parts.fr\/de\/#organization"},"potentialAction":[{"@type":"SearchAction","target":{"@type":"EntryPoint","urlTemplate":"https:\/\/custom-parts.fr\/de\/?s={search_term_string}"},"query-input":{"@type":"PropertyValueSpecification","valueRequired":true,"valueName":"search_term_string"}}],"inLanguage":"de"},{"@type":"Organization","@id":"https:\/\/custom-parts.fr\/de\/#organization","name":"Custom-Parts","url":"https:\/\/custom-parts.fr\/de\/","logo":{"@type":"ImageObject","inLanguage":"de","@id":"https:\/\/custom-parts.fr\/de\/#\/schema\/logo\/image\/","url":"https:\/\/custom-parts.fr\/wp-content\/uploads\/2023\/01\/cropped-cropped-cropped-final-new-police-2-1-1.png","contentUrl":"https:\/\/custom-parts.fr\/wp-content\/uploads\/2023\/01\/cropped-cropped-cropped-final-new-police-2-1-1.png","width":450,"height":125,"caption":"Custom-Parts"},"image":{"@id":"https:\/\/custom-parts.fr\/de\/#\/schema\/logo\/image\/"}}]}},"_links":{"self":[{"href":"https:\/\/custom-parts.fr\/de\/wp-json\/wp\/v2\/product\/24982","targetHints":{"allow":["GET"]}}],"collection":[{"href":"https:\/\/custom-parts.fr\/de\/wp-json\/wp\/v2\/product"}],"about":[{"href":"https:\/\/custom-parts.fr\/de\/wp-json\/wp\/v2\/types\/product"}],"replies":[{"embeddable":true,"href":"https:\/\/custom-parts.fr\/de\/wp-json\/wp\/v2\/comments?post=24982"}],"wp:featuredmedia":[{"embeddable":true,"href":"https:\/\/custom-parts.fr\/de\/wp-json\/wp\/v2\/media\/24087"}],"wp:attachment":[{"href":"https:\/\/custom-parts.fr\/de\/wp-json\/wp\/v2\/media?parent=24982"}],"wp:term":[{"taxonomy":"product_brand","embeddable":true,"href":"https:\/\/custom-parts.fr\/de\/wp-json\/wp\/v2\/product_brand?post=24982"},{"taxonomy":"product_cat","embeddable":true,"href":"https:\/\/custom-parts.fr\/de\/wp-json\/wp\/v2\/product_cat?post=24982"},{"taxonomy":"product_tag","embeddable":true,"href":"https:\/\/custom-parts.fr\/de\/wp-json\/wp\/v2\/product_tag?post=24982"}],"curies":[{"name":"wp","href":"https:\/\/api.w.org\/{rel}","templated":true}]}}