{"id":24987,"date":"2023-02-04T18:55:00","date_gmt":"2023-02-04T17:55:00","guid":{"rendered":"https:\/\/custom-parts.fr\/produit\/decoration-poignees-de-portes-interieures-carbon-mini-r55-r56-r60-r61\/"},"modified":"2025-06-15T01:35:09","modified_gmt":"2025-06-14T23:35:09","slug":"decoration-poignees-de-portes-interieures-carbon-mini-r55-r56-r60-r61","status":"publish","type":"product","link":"https:\/\/custom-parts.fr\/de\/produkt\/decoration-poignees-de-portes-interieures-carbon-mini-r55-r56-r60-r61\/","title":{"rendered":"Dekoration T\u00fcrgriff-Innenverkleidungen Carbon &#8211; f\u00fcr Mini R55 R56 R60 R61"},"content":{"rendered":"<p><strong>Dieses Kit umfasst:<\/strong><\/p>\n<ul>\n<li>2 selbstklebende T\u00fcrgriffabdeckungen aus Carbon f\u00fcr den Innenbereich<\/li>\n<li>Wird direkt auf den originalen T\u00fcrgriff mit einem starken und einfach anzubringenden 3M Doppelklebeband angebracht.<\/li>\n<li>Bitte reinigen Sie die Oberfl\u00e4che gr\u00fcndlich, bevor Sie das Kit anbringen.<\/li>\n<li>Bei kalten Temperaturen empfehlen wir, einen Haartrockner zu verwenden, um den Kleber zu erw\u00e4rmen und die Haftung zu erh\u00f6hen.<\/li>\n<\/ul>\n<h2>Geeignet f\u00fcr:<\/h2>\n<ul>\n<li>MINI Cooper, Cooper S R55 Clubman: 2008 bis 2014<\/li>\n<li>MINI Cooper, Cooper S R56: 2007 bis 2013<\/li>\n<li>MINI Cooper, Cooper S R57 Cabrio: 2009 bis 2015<\/li>\n<li>MINI Cooper, Cooper S R58 Coup\u00e9: 2012 bis 2015<\/li>\n<li>MINI Cooper, Cooper S R59 Roadster: 2012 bis 2015<\/li>\n<li>MINI Cooper, Cooper S R60 Countryman: 2011 bis 2016<\/li>\n<li>MINI Cooper, Cooper S R61 Paceman: 2013 bis 2015<\/li>\n<li>Auch geeignet f\u00fcr die T\u00fcrgriffe der hinteren T\u00fcren der MINI F54 Clubman, Cooper und Cooper S F55 sowie Countryman F60.<\/li>\n<\/ul>\n<p><img decoding=\"async\" class=\"alignnone wp-image-18507 lazyload\" data-src=\"https:\/\/custom-parts.fr\/wp-content\/uploads\/2023\/02\/Decoration-poignees-de-portes-interieures-Carbon-Mini-Cooper-Clubman-Countryman-1-1.jpg\" alt=\"\" width=\"500\" height=\"500\" data-srcset=\"https:\/\/custom-parts.fr\/wp-content\/uploads\/2023\/02\/Decoration-poignees-de-portes-interieures-Carbon-Mini-Cooper-Clubman-Countryman-1-1.jpg 1001w, https:\/\/custom-parts.fr\/wp-content\/uploads\/2023\/02\/Decoration-poignees-de-portes-interieures-Carbon-Mini-Cooper-Clubman-Countryman-1-1-300x300.jpg 300w, https:\/\/custom-parts.fr\/wp-content\/uploads\/2023\/02\/Decoration-poignees-de-portes-interieures-Carbon-Mini-Cooper-Clubman-Countryman-1-1-100x100.jpg 100w, https:\/\/custom-parts.fr\/wp-content\/uploads\/2023\/02\/Decoration-poignees-de-portes-interieures-Carbon-Mini-Cooper-Clubman-Countryman-1-1-600x600.jpg 600w, https:\/\/custom-parts.fr\/wp-content\/uploads\/2023\/02\/Decoration-poignees-de-portes-interieures-Carbon-Mini-Cooper-Clubman-Countryman-1-1-150x150.jpg 150w, https:\/\/custom-parts.fr\/wp-content\/uploads\/2023\/02\/Decoration-poignees-de-portes-interieures-Carbon-Mini-Cooper-Clubman-Countryman-1-1-768x768.jpg 768w, https:\/\/custom-parts.fr\/wp-content\/uploads\/2023\/02\/Decoration-poignees-de-portes-interieures-Carbon-Mini-Cooper-Clubman-Countryman-1-1-90x90.jpg 90w\" data-sizes=\"(max-width: 500px) 100vw, 500px\" src=\"data:image\/svg+xml;base64,PHN2ZyB3aWR0aD0iMSIgaGVpZ2h0PSIxIiB4bWxucz0iaHR0cDovL3d3dy53My5vcmcvMjAwMC9zdmciPjwvc3ZnPg==\" style=\"--smush-placeholder-width: 500px; --smush-placeholder-aspect-ratio: 500\/500;\" \/><\/p>\n","protected":false},"excerpt":{"rendered":"<p><span style=\"color: #39991a; font-weight: 900;\">\u2713<\/span> Gestalten Sie Ihren Mini ganz nach Ihrem Geschmack!<br \/>\n<span style=\"color: #39991a; font-weight: 900;\">\u2713<\/span> Einfach zu installieren und auszutauschen<br \/>\n<span style=\"color: #39991a; font-weight: 900;\">\u2713<\/span> Perfekte Passform f\u00fcr Ihr Originalteil<\/p>\n","protected":false},"featured_media":23496,"comment_status":"open","ping_status":"closed","template":"","meta":[],"product_brand":[],"product_cat":[191,196,193],"product_tag":[],"class_list":{"0":"post-24987","1":"product","2":"type-product","3":"status-publish","4":"has-post-thumbnail","6":"product_cat-mini-cooper-ersatzteile-zubehoer","7":"product_cat-interieur-zubehor-fur-mini-2-gen","8":"product_cat-zubehoer-mini-cooper-2-gen","10":"first","11":"instock","12":"taxable","13":"shipping-taxable","14":"purchasable","15":"product-type-simple"},"yoast_head":"<!-- This site is optimized with the Yoast SEO plugin v27.2 - https:\/\/yoast.com\/product\/yoast-seo-wordpress\/ -->\n<title>Dekoration T\u00fcrgriff-Innenverkleidungen Carbon - f\u00fcr Mini R55 R56 R60 R61<\/title>\n<meta name=\"description\" content=\"Kaufen Sie Ihren Dekoration T\u00fcrgriff-Innenverkleidungen Carbon - f\u00fcr Mini R55 R56 R60 R61 und alle custom BMW MINI-Zubeh\u00f6r auf Custom-Parts.fr!\" \/>\n<meta name=\"robots\" content=\"index, follow, max-snippet:-1, max-image-preview:large, max-video-preview:-1\" \/>\n<link rel=\"canonical\" href=\"https:\/\/custom-parts.fr\/de\/produkt\/decoration-poignees-de-portes-interieures-carbon-mini-r55-r56-r60-r61\/\" \/>\n<meta property=\"og:locale\" content=\"de_DE\" \/>\n<meta property=\"og:type\" content=\"article\" \/>\n<meta property=\"og:title\" content=\"Dekoration T\u00fcrgriff-Innenverkleidungen Carbon - f\u00fcr Mini R55 R56 R60 R61\" \/>\n<meta property=\"og:description\" content=\"Kaufen Sie Ihren Dekoration T\u00fcrgriff-Innenverkleidungen Carbon - f\u00fcr Mini R55 R56 R60 R61 und alle custom BMW MINI-Zubeh\u00f6r auf Custom-Parts.fr!\" \/>\n<meta property=\"og:url\" content=\"https:\/\/custom-parts.fr\/de\/produkt\/decoration-poignees-de-portes-interieures-carbon-mini-r55-r56-r60-r61\/\" \/>\n<meta property=\"og:site_name\" content=\"Custom-Parts.fr\" \/>\n<meta property=\"article:modified_time\" content=\"2025-06-14T23:35:09+00:00\" \/>\n<meta property=\"og:image\" content=\"https:\/\/custom-parts.fr\/wp-content\/uploads\/2023\/02\/Decoration-poignees-de-portes-interieures-Carbon-Mini-Cooper-Clubman-Countryman-2-1.jpg\" \/>\n\t<meta property=\"og:image:width\" content=\"1001\" \/>\n\t<meta property=\"og:image:height\" content=\"1001\" \/>\n\t<meta property=\"og:image:type\" content=\"image\/jpeg\" \/>\n<meta name=\"twitter:card\" content=\"summary_large_image\" \/>\n<meta name=\"twitter:label1\" content=\"Gesch\u00e4tzte Lesezeit\" \/>\n\t<meta name=\"twitter:data1\" content=\"1\u00a0Minute\" \/>\n<script type=\"application\/ld+json\" class=\"yoast-schema-graph\">{\"@context\":\"https:\/\/schema.org\",\"@graph\":[{\"@type\":\"WebPage\",\"@id\":\"https:\/\/custom-parts.fr\/de\/produkt\/decoration-poignees-de-portes-interieures-carbon-mini-r55-r56-r60-r61\/\",\"url\":\"https:\/\/custom-parts.fr\/de\/produkt\/decoration-poignees-de-portes-interieures-carbon-mini-r55-r56-r60-r61\/\",\"name\":\"Dekoration T\u00fcrgriff-Innenverkleidungen Carbon - f\u00fcr Mini R55 R56 R60 R61\",\"isPartOf\":{\"@id\":\"https:\/\/custom-parts.fr\/de\/#website\"},\"primaryImageOfPage\":{\"@id\":\"https:\/\/custom-parts.fr\/de\/produkt\/decoration-poignees-de-portes-interieures-carbon-mini-r55-r56-r60-r61\/#primaryimage\"},\"image\":{\"@id\":\"https:\/\/custom-parts.fr\/de\/produkt\/decoration-poignees-de-portes-interieures-carbon-mini-r55-r56-r60-r61\/#primaryimage\"},\"thumbnailUrl\":\"https:\/\/custom-parts.fr\/wp-content\/uploads\/2023\/02\/Decoration-poignees-de-portes-interieures-Carbon-Mini-Cooper-Clubman-Countryman-2-1.jpg\",\"datePublished\":\"2023-02-04T17:55:00+00:00\",\"dateModified\":\"2025-06-14T23:35:09+00:00\",\"description\":\"Kaufen Sie Ihren Dekoration T\u00fcrgriff-Innenverkleidungen Carbon - f\u00fcr Mini R55 R56 R60 R61 und alle custom BMW MINI-Zubeh\u00f6r auf Custom-Parts.fr!\",\"breadcrumb\":{\"@id\":\"https:\/\/custom-parts.fr\/de\/produkt\/decoration-poignees-de-portes-interieures-carbon-mini-r55-r56-r60-r61\/#breadcrumb\"},\"inLanguage\":\"de\",\"potentialAction\":[{\"@type\":\"ReadAction\",\"target\":[\"https:\/\/custom-parts.fr\/de\/produkt\/decoration-poignees-de-portes-interieures-carbon-mini-r55-r56-r60-r61\/\"]}]},{\"@type\":\"ImageObject\",\"inLanguage\":\"de\",\"@id\":\"https:\/\/custom-parts.fr\/de\/produkt\/decoration-poignees-de-portes-interieures-carbon-mini-r55-r56-r60-r61\/#primaryimage\",\"url\":\"https:\/\/custom-parts.fr\/wp-content\/uploads\/2023\/02\/Decoration-poignees-de-portes-interieures-Carbon-Mini-Cooper-Clubman-Countryman-2-1.jpg\",\"contentUrl\":\"https:\/\/custom-parts.fr\/wp-content\/uploads\/2023\/02\/Decoration-poignees-de-portes-interieures-Carbon-Mini-Cooper-Clubman-Countryman-2-1.jpg\",\"width\":1001,\"height\":1001},{\"@type\":\"BreadcrumbList\",\"@id\":\"https:\/\/custom-parts.fr\/de\/produkt\/decoration-poignees-de-portes-interieures-carbon-mini-r55-r56-r60-r61\/#breadcrumb\",\"itemListElement\":[{\"@type\":\"ListItem\",\"position\":1,\"name\":\"Startseite\",\"item\":\"https:\/\/custom-parts.fr\/de\/kaufen-sie-teile-und-zubehoer-fuer-mini-bmw-custom-parts-de\/\"},{\"@type\":\"ListItem\",\"position\":2,\"name\":\"Shop\",\"item\":\"https:\/\/custom-parts.fr\/de\/alle-produkte\/\"},{\"@type\":\"ListItem\",\"position\":3,\"name\":\"Dekoration T\u00fcrgriff-Innenverkleidungen Carbon &#8211; f\u00fcr Mini R55 R56 R60 R61\"}]},{\"@type\":\"WebSite\",\"@id\":\"https:\/\/custom-parts.fr\/de\/#website\",\"url\":\"https:\/\/custom-parts.fr\/de\/\",\"name\":\"Custom-Parts.fr\",\"description\":\"Custom BMW MINI Ersatzteile & Zubeh\u00f6r\",\"publisher\":{\"@id\":\"https:\/\/custom-parts.fr\/de\/#organization\"},\"potentialAction\":[{\"@type\":\"SearchAction\",\"target\":{\"@type\":\"EntryPoint\",\"urlTemplate\":\"https:\/\/custom-parts.fr\/de\/?s={search_term_string}\"},\"query-input\":{\"@type\":\"PropertyValueSpecification\",\"valueRequired\":true,\"valueName\":\"search_term_string\"}}],\"inLanguage\":\"de\"},{\"@type\":\"Organization\",\"@id\":\"https:\/\/custom-parts.fr\/de\/#organization\",\"name\":\"Custom-Parts\",\"url\":\"https:\/\/custom-parts.fr\/de\/\",\"logo\":{\"@type\":\"ImageObject\",\"inLanguage\":\"de\",\"@id\":\"https:\/\/custom-parts.fr\/de\/#\/schema\/logo\/image\/\",\"url\":\"https:\/\/custom-parts.fr\/wp-content\/uploads\/2023\/01\/cropped-cropped-cropped-final-new-police-2-1-1.png\",\"contentUrl\":\"https:\/\/custom-parts.fr\/wp-content\/uploads\/2023\/01\/cropped-cropped-cropped-final-new-police-2-1-1.png\",\"width\":450,\"height\":125,\"caption\":\"Custom-Parts\"},\"image\":{\"@id\":\"https:\/\/custom-parts.fr\/de\/#\/schema\/logo\/image\/\"}}]}<\/script>\n<!-- \/ Yoast SEO plugin. -->","yoast_head_json":{"title":"Dekoration T\u00fcrgriff-Innenverkleidungen Carbon - f\u00fcr Mini R55 R56 R60 R61","description":"Kaufen Sie Ihren Dekoration T\u00fcrgriff-Innenverkleidungen Carbon - f\u00fcr Mini R55 R56 R60 R61 und alle custom BMW MINI-Zubeh\u00f6r auf Custom-Parts.fr!","robots":{"index":"index","follow":"follow","max-snippet":"max-snippet:-1","max-image-preview":"max-image-preview:large","max-video-preview":"max-video-preview:-1"},"canonical":"https:\/\/custom-parts.fr\/de\/produkt\/decoration-poignees-de-portes-interieures-carbon-mini-r55-r56-r60-r61\/","og_locale":"de_DE","og_type":"article","og_title":"Dekoration T\u00fcrgriff-Innenverkleidungen Carbon - f\u00fcr Mini R55 R56 R60 R61","og_description":"Kaufen Sie Ihren Dekoration T\u00fcrgriff-Innenverkleidungen Carbon - f\u00fcr Mini R55 R56 R60 R61 und alle custom BMW MINI-Zubeh\u00f6r auf Custom-Parts.fr!","og_url":"https:\/\/custom-parts.fr\/de\/produkt\/decoration-poignees-de-portes-interieures-carbon-mini-r55-r56-r60-r61\/","og_site_name":"Custom-Parts.fr","article_modified_time":"2025-06-14T23:35:09+00:00","og_image":[{"width":1001,"height":1001,"url":"https:\/\/custom-parts.fr\/wp-content\/uploads\/2023\/02\/Decoration-poignees-de-portes-interieures-Carbon-Mini-Cooper-Clubman-Countryman-2-1.jpg","type":"image\/jpeg"}],"twitter_card":"summary_large_image","twitter_misc":{"Gesch\u00e4tzte Lesezeit":"1\u00a0Minute"},"schema":{"@context":"https:\/\/schema.org","@graph":[{"@type":"WebPage","@id":"https:\/\/custom-parts.fr\/de\/produkt\/decoration-poignees-de-portes-interieures-carbon-mini-r55-r56-r60-r61\/","url":"https:\/\/custom-parts.fr\/de\/produkt\/decoration-poignees-de-portes-interieures-carbon-mini-r55-r56-r60-r61\/","name":"Dekoration T\u00fcrgriff-Innenverkleidungen Carbon - f\u00fcr Mini R55 R56 R60 R61","isPartOf":{"@id":"https:\/\/custom-parts.fr\/de\/#website"},"primaryImageOfPage":{"@id":"https:\/\/custom-parts.fr\/de\/produkt\/decoration-poignees-de-portes-interieures-carbon-mini-r55-r56-r60-r61\/#primaryimage"},"image":{"@id":"https:\/\/custom-parts.fr\/de\/produkt\/decoration-poignees-de-portes-interieures-carbon-mini-r55-r56-r60-r61\/#primaryimage"},"thumbnailUrl":"https:\/\/custom-parts.fr\/wp-content\/uploads\/2023\/02\/Decoration-poignees-de-portes-interieures-Carbon-Mini-Cooper-Clubman-Countryman-2-1.jpg","datePublished":"2023-02-04T17:55:00+00:00","dateModified":"2025-06-14T23:35:09+00:00","description":"Kaufen Sie Ihren Dekoration T\u00fcrgriff-Innenverkleidungen Carbon - f\u00fcr Mini R55 R56 R60 R61 und alle custom BMW MINI-Zubeh\u00f6r auf Custom-Parts.fr!","breadcrumb":{"@id":"https:\/\/custom-parts.fr\/de\/produkt\/decoration-poignees-de-portes-interieures-carbon-mini-r55-r56-r60-r61\/#breadcrumb"},"inLanguage":"de","potentialAction":[{"@type":"ReadAction","target":["https:\/\/custom-parts.fr\/de\/produkt\/decoration-poignees-de-portes-interieures-carbon-mini-r55-r56-r60-r61\/"]}]},{"@type":"ImageObject","inLanguage":"de","@id":"https:\/\/custom-parts.fr\/de\/produkt\/decoration-poignees-de-portes-interieures-carbon-mini-r55-r56-r60-r61\/#primaryimage","url":"https:\/\/custom-parts.fr\/wp-content\/uploads\/2023\/02\/Decoration-poignees-de-portes-interieures-Carbon-Mini-Cooper-Clubman-Countryman-2-1.jpg","contentUrl":"https:\/\/custom-parts.fr\/wp-content\/uploads\/2023\/02\/Decoration-poignees-de-portes-interieures-Carbon-Mini-Cooper-Clubman-Countryman-2-1.jpg","width":1001,"height":1001},{"@type":"BreadcrumbList","@id":"https:\/\/custom-parts.fr\/de\/produkt\/decoration-poignees-de-portes-interieures-carbon-mini-r55-r56-r60-r61\/#breadcrumb","itemListElement":[{"@type":"ListItem","position":1,"name":"Startseite","item":"https:\/\/custom-parts.fr\/de\/kaufen-sie-teile-und-zubehoer-fuer-mini-bmw-custom-parts-de\/"},{"@type":"ListItem","position":2,"name":"Shop","item":"https:\/\/custom-parts.fr\/de\/alle-produkte\/"},{"@type":"ListItem","position":3,"name":"Dekoration T\u00fcrgriff-Innenverkleidungen Carbon &#8211; f\u00fcr Mini R55 R56 R60 R61"}]},{"@type":"WebSite","@id":"https:\/\/custom-parts.fr\/de\/#website","url":"https:\/\/custom-parts.fr\/de\/","name":"Custom-Parts.fr","description":"Custom BMW MINI Ersatzteile & Zubeh\u00f6r","publisher":{"@id":"https:\/\/custom-parts.fr\/de\/#organization"},"potentialAction":[{"@type":"SearchAction","target":{"@type":"EntryPoint","urlTemplate":"https:\/\/custom-parts.fr\/de\/?s={search_term_string}"},"query-input":{"@type":"PropertyValueSpecification","valueRequired":true,"valueName":"search_term_string"}}],"inLanguage":"de"},{"@type":"Organization","@id":"https:\/\/custom-parts.fr\/de\/#organization","name":"Custom-Parts","url":"https:\/\/custom-parts.fr\/de\/","logo":{"@type":"ImageObject","inLanguage":"de","@id":"https:\/\/custom-parts.fr\/de\/#\/schema\/logo\/image\/","url":"https:\/\/custom-parts.fr\/wp-content\/uploads\/2023\/01\/cropped-cropped-cropped-final-new-police-2-1-1.png","contentUrl":"https:\/\/custom-parts.fr\/wp-content\/uploads\/2023\/01\/cropped-cropped-cropped-final-new-police-2-1-1.png","width":450,"height":125,"caption":"Custom-Parts"},"image":{"@id":"https:\/\/custom-parts.fr\/de\/#\/schema\/logo\/image\/"}}]}},"_links":{"self":[{"href":"https:\/\/custom-parts.fr\/de\/wp-json\/wp\/v2\/product\/24987","targetHints":{"allow":["GET"]}}],"collection":[{"href":"https:\/\/custom-parts.fr\/de\/wp-json\/wp\/v2\/product"}],"about":[{"href":"https:\/\/custom-parts.fr\/de\/wp-json\/wp\/v2\/types\/product"}],"replies":[{"embeddable":true,"href":"https:\/\/custom-parts.fr\/de\/wp-json\/wp\/v2\/comments?post=24987"}],"wp:featuredmedia":[{"embeddable":true,"href":"https:\/\/custom-parts.fr\/de\/wp-json\/wp\/v2\/media\/23496"}],"wp:attachment":[{"href":"https:\/\/custom-parts.fr\/de\/wp-json\/wp\/v2\/media?parent=24987"}],"wp:term":[{"taxonomy":"product_brand","embeddable":true,"href":"https:\/\/custom-parts.fr\/de\/wp-json\/wp\/v2\/product_brand?post=24987"},{"taxonomy":"product_cat","embeddable":true,"href":"https:\/\/custom-parts.fr\/de\/wp-json\/wp\/v2\/product_cat?post=24987"},{"taxonomy":"product_tag","embeddable":true,"href":"https:\/\/custom-parts.fr\/de\/wp-json\/wp\/v2\/product_tag?post=24987"}],"curies":[{"name":"wp","href":"https:\/\/api.w.org\/{rel}","templated":true}]}}