{"id":24988,"date":"2023-01-31T00:39:52","date_gmt":"2023-01-30T23:39:52","guid":{"rendered":"https:\/\/custom-parts.fr\/produit\/kit-cerclage-de-phare-contour-de-feux-arriere-noir-mini-r50-r52-r53\/"},"modified":"2025-06-15T01:35:11","modified_gmt":"2025-06-14T23:35:11","slug":"kit-cerclage-de-phare-contour-de-feux-arriere-noir-mini-r50-r52-r53","status":"publish","type":"product","link":"https:\/\/custom-parts.fr\/de\/produkt\/kit-cerclage-de-phare-contour-de-feux-arriere-noir-mini-r50-r52-r53\/","title":{"rendered":"Scheinwerfer Zierring- und R\u00fccklicht Blende Verkleidungen f\u00fcr Mini R50, R52, R53 in gl\u00e4nzendem Schwarz"},"content":{"rendered":"<p><strong>Scheinwerfer Zierring- und R\u00fccklicht Blende Verkleidungen Kit f\u00fcr MINI Cooper S R53, R52, R50 (nicht-xenon Scheinwerfer)<\/strong> &nbsp; Verleihen Sie Ihrem Mini Cooper R50, R52 oder R53 mit diesen gl\u00e4nzenden schwarzen Verkleidungen einen neuen Look! Die Verkleidungen sind ausschlie\u00dflich f\u00fcr Mini R50 R52 R53 <u>nicht ausgestattet<\/u> mit Xenon-Scheinwerfern erh\u00e4ltlich. Ma\u00dfgeschneidert, lassen sich diese Verkleidungen direkt auf die Scheinwerfer- oder R\u00fccklicht Blende montieren, ohne dass \u00c4nderungen erforderlich sind. Sie bedecken die originalen Ersatzteile, ohne deren Aussehen zu ver\u00e4ndern, um einen 100% originalen Look zu bewahren. Das hochwertige, vorinstallierte doppelseitige Klebeband sorgt f\u00fcr Langlebigkeit und Stabilit\u00e4t unter allen Bedingungen. &nbsp; <strong>Das Kit umfasst folgende Verkleidungen:<\/strong> &nbsp; <\/p>\n<ul>\n<li>Scheinwerfer-Rahmenverkleidungen (x2)<\/li>\n<li>R\u00fccklicht-Rahmenverkleidungen (x2)<\/li>\n<\/ul>\n<p> &nbsp; <\/p>\n<h2>Eigenschaften:<\/h2>\n<ul>\n<li>Farbe: gl\u00e4nzend schwarz<\/li>\n<li>Material: ABS-Kunststoff<\/li>\n<li>Einfach zu montieren dank des hochwertigen, vorinstallierten doppelseitigen Klebebands.<\/li>\n<li>Bei kalten Temperaturen empfehlen wir, einen Haartrockner zu verwenden, um den Kleber zu erw\u00e4rmen und die Haftung zu verst\u00e4rken.<\/li>\n<li><strong>Die Verkleidungen sind mit einer sch\u00fctzenden transparenten Folie versehen, die nach der Montage entfernt werden kann.<\/strong><\/li>\n<\/ul>\n<p> &nbsp; <\/p>\n<h2>Geeignet f\u00fcr:<\/h2>\n<ul>\n<li>MINI R50 Hatchback \u2013 2001-2006 \u2013 MINI One, One D und Cooper<\/li>\n<li> MINI R52 Cabriolet \u2013 2004-2008 \u2013 MINI One, Cooper und Cooper S<\/li>\n<li> MINI R53 Hatchback \u2013 2001-2006 \u2013 MINI Cooper S und Cooper S JCW GP<\/li>\n<li><strong>Nicht geeignet f\u00fcr MINI mit Xenon-Scheinwerfern<\/strong><\/li>\n<\/ul>\n","protected":false},"excerpt":{"rendered":"<p><span style=\"color: #39991a; font-weight: 900;\">\u2713<\/span> Gestalten Sie Ihren Mini ganz nach Ihrem Geschmack!<br \/>\n<span style=\"color: #39991a; font-weight: 900;\">\u2713<\/span> Einfach zu installieren und auszutauschen<br \/>\n<span style=\"color: #39991a; font-weight: 900;\">\u2713<\/span> Perfekte Passform f\u00fcr Ihr Originalteil<\/p>\n","protected":false},"featured_media":23584,"comment_status":"open","ping_status":"closed","template":"","meta":[],"product_brand":[],"product_cat":[191,192],"product_tag":[],"class_list":{"0":"post-24988","1":"product","2":"type-product","3":"status-publish","4":"has-post-thumbnail","6":"product_cat-mini-cooper-ersatzteile-zubehoer","7":"product_cat-zubehoer-mini-cooper-r50-r52-r53","9":"first","10":"instock","11":"sale","12":"taxable","13":"shipping-taxable","14":"purchasable","15":"product-type-variable"},"yoast_head":"<!-- This site is optimized with the Yoast SEO plugin v27.2 - https:\/\/yoast.com\/product\/yoast-seo-wordpress\/ -->\n<title>Scheinwerfer Zierring- und R\u00fccklicht Blende Verkleidungen f\u00fcr Mini R50, R52, R53 in gl\u00e4nzendem Schwarz<\/title>\n<meta name=\"description\" content=\"Kaufen Sie Ihren Scheinwerfer Zierring- und R\u00fccklicht Blende Verkleidungen f\u00fcr Mini R50, R52, R53 in gl\u00e4nzendem Schwarz und alle custom BMW MINI-Zubeh\u00f6r auf Custom-Parts.fr!\" \/>\n<meta name=\"robots\" content=\"index, follow, max-snippet:-1, max-image-preview:large, max-video-preview:-1\" \/>\n<link rel=\"canonical\" href=\"https:\/\/custom-parts.fr\/de\/produkt\/kit-cerclage-de-phare-contour-de-feux-arriere-noir-mini-r50-r52-r53\/\" \/>\n<meta property=\"og:locale\" content=\"de_DE\" \/>\n<meta property=\"og:type\" content=\"article\" \/>\n<meta property=\"og:title\" content=\"Scheinwerfer Zierring- und R\u00fccklicht Blende Verkleidungen f\u00fcr Mini R50, R52, R53 in gl\u00e4nzendem Schwarz\" \/>\n<meta property=\"og:description\" content=\"Kaufen Sie Ihren Scheinwerfer Zierring- und R\u00fccklicht Blende Verkleidungen f\u00fcr Mini R50, R52, R53 in gl\u00e4nzendem Schwarz und alle custom BMW MINI-Zubeh\u00f6r auf Custom-Parts.fr!\" \/>\n<meta property=\"og:url\" content=\"https:\/\/custom-parts.fr\/de\/produkt\/kit-cerclage-de-phare-contour-de-feux-arriere-noir-mini-r50-r52-r53\/\" \/>\n<meta property=\"og:site_name\" content=\"Custom-Parts.fr\" \/>\n<meta property=\"article:modified_time\" content=\"2025-06-14T23:35:11+00:00\" \/>\n<meta property=\"og:image\" content=\"https:\/\/custom-parts.fr\/wp-content\/uploads\/2023\/01\/Coques-Retroviseurs-MINI-Cooper-Cooper-S-R53-1ere-Gen.jpg\" \/>\n\t<meta property=\"og:image:width\" content=\"450\" \/>\n\t<meta property=\"og:image:height\" content=\"450\" \/>\n\t<meta property=\"og:image:type\" content=\"image\/jpeg\" \/>\n<meta name=\"twitter:card\" content=\"summary_large_image\" \/>\n<meta name=\"twitter:label1\" content=\"Gesch\u00e4tzte Lesezeit\" \/>\n\t<meta name=\"twitter:data1\" content=\"2\u00a0Minute\" \/>\n<script type=\"application\/ld+json\" class=\"yoast-schema-graph\">{\"@context\":\"https:\/\/schema.org\",\"@graph\":[{\"@type\":\"WebPage\",\"@id\":\"https:\/\/custom-parts.fr\/de\/produkt\/kit-cerclage-de-phare-contour-de-feux-arriere-noir-mini-r50-r52-r53\/\",\"url\":\"https:\/\/custom-parts.fr\/de\/produkt\/kit-cerclage-de-phare-contour-de-feux-arriere-noir-mini-r50-r52-r53\/\",\"name\":\"Scheinwerfer Zierring- und R\u00fccklicht Blende Verkleidungen f\u00fcr Mini R50, R52, R53 in gl\u00e4nzendem Schwarz\",\"isPartOf\":{\"@id\":\"https:\/\/custom-parts.fr\/de\/#website\"},\"primaryImageOfPage\":{\"@id\":\"https:\/\/custom-parts.fr\/de\/produkt\/kit-cerclage-de-phare-contour-de-feux-arriere-noir-mini-r50-r52-r53\/#primaryimage\"},\"image\":{\"@id\":\"https:\/\/custom-parts.fr\/de\/produkt\/kit-cerclage-de-phare-contour-de-feux-arriere-noir-mini-r50-r52-r53\/#primaryimage\"},\"thumbnailUrl\":\"https:\/\/custom-parts.fr\/wp-content\/uploads\/2023\/01\/Coques-Retroviseurs-MINI-Cooper-Cooper-S-R53-1ere-Gen.jpg\",\"datePublished\":\"2023-01-30T23:39:52+00:00\",\"dateModified\":\"2025-06-14T23:35:11+00:00\",\"description\":\"Kaufen Sie Ihren Scheinwerfer Zierring- und R\u00fccklicht Blende Verkleidungen f\u00fcr Mini R50, R52, R53 in gl\u00e4nzendem Schwarz und alle custom BMW MINI-Zubeh\u00f6r auf Custom-Parts.fr!\",\"breadcrumb\":{\"@id\":\"https:\/\/custom-parts.fr\/de\/produkt\/kit-cerclage-de-phare-contour-de-feux-arriere-noir-mini-r50-r52-r53\/#breadcrumb\"},\"inLanguage\":\"de\",\"potentialAction\":[{\"@type\":\"ReadAction\",\"target\":[\"https:\/\/custom-parts.fr\/de\/produkt\/kit-cerclage-de-phare-contour-de-feux-arriere-noir-mini-r50-r52-r53\/\"]}]},{\"@type\":\"ImageObject\",\"inLanguage\":\"de\",\"@id\":\"https:\/\/custom-parts.fr\/de\/produkt\/kit-cerclage-de-phare-contour-de-feux-arriere-noir-mini-r50-r52-r53\/#primaryimage\",\"url\":\"https:\/\/custom-parts.fr\/wp-content\/uploads\/2023\/01\/Coques-Retroviseurs-MINI-Cooper-Cooper-S-R53-1ere-Gen.jpg\",\"contentUrl\":\"https:\/\/custom-parts.fr\/wp-content\/uploads\/2023\/01\/Coques-Retroviseurs-MINI-Cooper-Cooper-S-R53-1ere-Gen.jpg\",\"width\":450,\"height\":450},{\"@type\":\"BreadcrumbList\",\"@id\":\"https:\/\/custom-parts.fr\/de\/produkt\/kit-cerclage-de-phare-contour-de-feux-arriere-noir-mini-r50-r52-r53\/#breadcrumb\",\"itemListElement\":[{\"@type\":\"ListItem\",\"position\":1,\"name\":\"Startseite\",\"item\":\"https:\/\/custom-parts.fr\/de\/kaufen-sie-teile-und-zubehoer-fuer-mini-bmw-custom-parts-de\/\"},{\"@type\":\"ListItem\",\"position\":2,\"name\":\"Shop\",\"item\":\"https:\/\/custom-parts.fr\/de\/alle-produkte\/\"},{\"@type\":\"ListItem\",\"position\":3,\"name\":\"Scheinwerfer Zierring- und R\u00fccklicht Blende Verkleidungen f\u00fcr Mini R50, R52, R53 in gl\u00e4nzendem Schwarz\"}]},{\"@type\":\"WebSite\",\"@id\":\"https:\/\/custom-parts.fr\/de\/#website\",\"url\":\"https:\/\/custom-parts.fr\/de\/\",\"name\":\"Custom-Parts.fr\",\"description\":\"Custom BMW MINI Ersatzteile & Zubeh\u00f6r\",\"publisher\":{\"@id\":\"https:\/\/custom-parts.fr\/de\/#organization\"},\"potentialAction\":[{\"@type\":\"SearchAction\",\"target\":{\"@type\":\"EntryPoint\",\"urlTemplate\":\"https:\/\/custom-parts.fr\/de\/?s={search_term_string}\"},\"query-input\":{\"@type\":\"PropertyValueSpecification\",\"valueRequired\":true,\"valueName\":\"search_term_string\"}}],\"inLanguage\":\"de\"},{\"@type\":\"Organization\",\"@id\":\"https:\/\/custom-parts.fr\/de\/#organization\",\"name\":\"Custom-Parts\",\"url\":\"https:\/\/custom-parts.fr\/de\/\",\"logo\":{\"@type\":\"ImageObject\",\"inLanguage\":\"de\",\"@id\":\"https:\/\/custom-parts.fr\/de\/#\/schema\/logo\/image\/\",\"url\":\"https:\/\/custom-parts.fr\/wp-content\/uploads\/2023\/01\/cropped-cropped-cropped-final-new-police-2-1-1.png\",\"contentUrl\":\"https:\/\/custom-parts.fr\/wp-content\/uploads\/2023\/01\/cropped-cropped-cropped-final-new-police-2-1-1.png\",\"width\":450,\"height\":125,\"caption\":\"Custom-Parts\"},\"image\":{\"@id\":\"https:\/\/custom-parts.fr\/de\/#\/schema\/logo\/image\/\"}}]}<\/script>\n<!-- \/ Yoast SEO plugin. -->","yoast_head_json":{"title":"Scheinwerfer Zierring- und R\u00fccklicht Blende Verkleidungen f\u00fcr Mini R50, R52, R53 in gl\u00e4nzendem Schwarz","description":"Kaufen Sie Ihren Scheinwerfer Zierring- und R\u00fccklicht Blende Verkleidungen f\u00fcr Mini R50, R52, R53 in gl\u00e4nzendem Schwarz und alle custom BMW MINI-Zubeh\u00f6r auf Custom-Parts.fr!","robots":{"index":"index","follow":"follow","max-snippet":"max-snippet:-1","max-image-preview":"max-image-preview:large","max-video-preview":"max-video-preview:-1"},"canonical":"https:\/\/custom-parts.fr\/de\/produkt\/kit-cerclage-de-phare-contour-de-feux-arriere-noir-mini-r50-r52-r53\/","og_locale":"de_DE","og_type":"article","og_title":"Scheinwerfer Zierring- und R\u00fccklicht Blende Verkleidungen f\u00fcr Mini R50, R52, R53 in gl\u00e4nzendem Schwarz","og_description":"Kaufen Sie Ihren Scheinwerfer Zierring- und R\u00fccklicht Blende Verkleidungen f\u00fcr Mini R50, R52, R53 in gl\u00e4nzendem Schwarz und alle custom BMW MINI-Zubeh\u00f6r auf Custom-Parts.fr!","og_url":"https:\/\/custom-parts.fr\/de\/produkt\/kit-cerclage-de-phare-contour-de-feux-arriere-noir-mini-r50-r52-r53\/","og_site_name":"Custom-Parts.fr","article_modified_time":"2025-06-14T23:35:11+00:00","og_image":[{"width":450,"height":450,"url":"https:\/\/custom-parts.fr\/wp-content\/uploads\/2023\/01\/Coques-Retroviseurs-MINI-Cooper-Cooper-S-R53-1ere-Gen.jpg","type":"image\/jpeg"}],"twitter_card":"summary_large_image","twitter_misc":{"Gesch\u00e4tzte Lesezeit":"2\u00a0Minute"},"schema":{"@context":"https:\/\/schema.org","@graph":[{"@type":"WebPage","@id":"https:\/\/custom-parts.fr\/de\/produkt\/kit-cerclage-de-phare-contour-de-feux-arriere-noir-mini-r50-r52-r53\/","url":"https:\/\/custom-parts.fr\/de\/produkt\/kit-cerclage-de-phare-contour-de-feux-arriere-noir-mini-r50-r52-r53\/","name":"Scheinwerfer Zierring- und R\u00fccklicht Blende Verkleidungen f\u00fcr Mini R50, R52, R53 in gl\u00e4nzendem Schwarz","isPartOf":{"@id":"https:\/\/custom-parts.fr\/de\/#website"},"primaryImageOfPage":{"@id":"https:\/\/custom-parts.fr\/de\/produkt\/kit-cerclage-de-phare-contour-de-feux-arriere-noir-mini-r50-r52-r53\/#primaryimage"},"image":{"@id":"https:\/\/custom-parts.fr\/de\/produkt\/kit-cerclage-de-phare-contour-de-feux-arriere-noir-mini-r50-r52-r53\/#primaryimage"},"thumbnailUrl":"https:\/\/custom-parts.fr\/wp-content\/uploads\/2023\/01\/Coques-Retroviseurs-MINI-Cooper-Cooper-S-R53-1ere-Gen.jpg","datePublished":"2023-01-30T23:39:52+00:00","dateModified":"2025-06-14T23:35:11+00:00","description":"Kaufen Sie Ihren Scheinwerfer Zierring- und R\u00fccklicht Blende Verkleidungen f\u00fcr Mini R50, R52, R53 in gl\u00e4nzendem Schwarz und alle custom BMW MINI-Zubeh\u00f6r auf Custom-Parts.fr!","breadcrumb":{"@id":"https:\/\/custom-parts.fr\/de\/produkt\/kit-cerclage-de-phare-contour-de-feux-arriere-noir-mini-r50-r52-r53\/#breadcrumb"},"inLanguage":"de","potentialAction":[{"@type":"ReadAction","target":["https:\/\/custom-parts.fr\/de\/produkt\/kit-cerclage-de-phare-contour-de-feux-arriere-noir-mini-r50-r52-r53\/"]}]},{"@type":"ImageObject","inLanguage":"de","@id":"https:\/\/custom-parts.fr\/de\/produkt\/kit-cerclage-de-phare-contour-de-feux-arriere-noir-mini-r50-r52-r53\/#primaryimage","url":"https:\/\/custom-parts.fr\/wp-content\/uploads\/2023\/01\/Coques-Retroviseurs-MINI-Cooper-Cooper-S-R53-1ere-Gen.jpg","contentUrl":"https:\/\/custom-parts.fr\/wp-content\/uploads\/2023\/01\/Coques-Retroviseurs-MINI-Cooper-Cooper-S-R53-1ere-Gen.jpg","width":450,"height":450},{"@type":"BreadcrumbList","@id":"https:\/\/custom-parts.fr\/de\/produkt\/kit-cerclage-de-phare-contour-de-feux-arriere-noir-mini-r50-r52-r53\/#breadcrumb","itemListElement":[{"@type":"ListItem","position":1,"name":"Startseite","item":"https:\/\/custom-parts.fr\/de\/kaufen-sie-teile-und-zubehoer-fuer-mini-bmw-custom-parts-de\/"},{"@type":"ListItem","position":2,"name":"Shop","item":"https:\/\/custom-parts.fr\/de\/alle-produkte\/"},{"@type":"ListItem","position":3,"name":"Scheinwerfer Zierring- und R\u00fccklicht Blende Verkleidungen f\u00fcr Mini R50, R52, R53 in gl\u00e4nzendem Schwarz"}]},{"@type":"WebSite","@id":"https:\/\/custom-parts.fr\/de\/#website","url":"https:\/\/custom-parts.fr\/de\/","name":"Custom-Parts.fr","description":"Custom BMW MINI Ersatzteile & Zubeh\u00f6r","publisher":{"@id":"https:\/\/custom-parts.fr\/de\/#organization"},"potentialAction":[{"@type":"SearchAction","target":{"@type":"EntryPoint","urlTemplate":"https:\/\/custom-parts.fr\/de\/?s={search_term_string}"},"query-input":{"@type":"PropertyValueSpecification","valueRequired":true,"valueName":"search_term_string"}}],"inLanguage":"de"},{"@type":"Organization","@id":"https:\/\/custom-parts.fr\/de\/#organization","name":"Custom-Parts","url":"https:\/\/custom-parts.fr\/de\/","logo":{"@type":"ImageObject","inLanguage":"de","@id":"https:\/\/custom-parts.fr\/de\/#\/schema\/logo\/image\/","url":"https:\/\/custom-parts.fr\/wp-content\/uploads\/2023\/01\/cropped-cropped-cropped-final-new-police-2-1-1.png","contentUrl":"https:\/\/custom-parts.fr\/wp-content\/uploads\/2023\/01\/cropped-cropped-cropped-final-new-police-2-1-1.png","width":450,"height":125,"caption":"Custom-Parts"},"image":{"@id":"https:\/\/custom-parts.fr\/de\/#\/schema\/logo\/image\/"}}]}},"_links":{"self":[{"href":"https:\/\/custom-parts.fr\/de\/wp-json\/wp\/v2\/product\/24988","targetHints":{"allow":["GET"]}}],"collection":[{"href":"https:\/\/custom-parts.fr\/de\/wp-json\/wp\/v2\/product"}],"about":[{"href":"https:\/\/custom-parts.fr\/de\/wp-json\/wp\/v2\/types\/product"}],"replies":[{"embeddable":true,"href":"https:\/\/custom-parts.fr\/de\/wp-json\/wp\/v2\/comments?post=24988"}],"wp:featuredmedia":[{"embeddable":true,"href":"https:\/\/custom-parts.fr\/de\/wp-json\/wp\/v2\/media\/23584"}],"wp:attachment":[{"href":"https:\/\/custom-parts.fr\/de\/wp-json\/wp\/v2\/media?parent=24988"}],"wp:term":[{"taxonomy":"product_brand","embeddable":true,"href":"https:\/\/custom-parts.fr\/de\/wp-json\/wp\/v2\/product_brand?post=24988"},{"taxonomy":"product_cat","embeddable":true,"href":"https:\/\/custom-parts.fr\/de\/wp-json\/wp\/v2\/product_cat?post=24988"},{"taxonomy":"product_tag","embeddable":true,"href":"https:\/\/custom-parts.fr\/de\/wp-json\/wp\/v2\/product_tag?post=24988"}],"curies":[{"name":"wp","href":"https:\/\/api.w.org\/{rel}","templated":true}]}}