{"id":24992,"date":"2023-01-31T00:06:52","date_gmt":"2023-01-30T23:06:52","guid":{"rendered":"https:\/\/custom-parts.fr\/produit\/coque-de-trappe-a-essence-mini-cooper-s-r53\/"},"modified":"2025-06-15T01:35:11","modified_gmt":"2025-06-14T23:35:11","slug":"coque-de-trappe-a-essence-mini-cooper-s-r53","status":"publish","type":"product","link":"https:\/\/custom-parts.fr\/de\/produkt\/coque-de-trappe-a-essence-mini-cooper-s-r53\/","title":{"rendered":"Kraftstoffdeckel f\u00fcr Mini Cooper S R53"},"content":{"rendered":"<p><strong>Kraftstoffdeckelverkleidung f\u00fcr MINI Cooper S R53<\/strong><\/p>\n<p>Diese exakt angefertigte Verkleidung f\u00fcr den originalen Kraftstoffdeckel verleiht Ihrer Mini im Handumdrehen einen neuen Look! Sie wird direkt auf den originalen Kraftstoffdeckel mit einem hochwertigen doppelseitigen Klebeband angebracht. Ihr ultrad\u00fcnnes, ma\u00dfgeschneidertes Kunststoffmaterial bedeckt den Kraftstoffdeckel perfekt, um ein identisches Erscheinungsbild wie beim Original zu gew\u00e4hrleisten. Ein hervorragendes Produkt, um in nur wenigen Sekunden vom Chromlook zu wechseln, mit der Garantie f\u00fcr ein perfektes Ergebnis.<\/p>\n<p>Wir bieten auch weitere Ersatzteile und passende Dekorationskits an, die Ihnen helfen, Ihr neues \u00c4u\u00dferes zu vervollst\u00e4ndigen.<\/p>\n<p><strong>Hinweis: Die Verkleidungen sind mit einer transparenten Schutzfolie versehen, die nach der Montage entfernt werden muss. Die Schutzfolie kann die tats\u00e4chliche Farbe der in den Produktbeschreibungen angezeigten Fotos beeinflussen. Die Verkleidungen haben nach dem Entfernen der Schutzfolien immer eine gl\u00e4nzende Oberfl\u00e4che, sofern nicht anders angegeben.<\/strong><\/p>\n<p>&nbsp;<\/p>\n<h2>Eigenschaften:<\/h2>\n<ul>\n<li><strong>Passt nur f\u00fcr Mini Cooper S R53 (2001 &#8211; 2006)<\/strong><\/li>\n<li>Farben: Hochglanz Schwarz<\/li>\n<li>Material: ABS-Kunststoff<\/li>\n<li>Einfach zu montieren und demontieren dank des vorinstallierten doppelseitigen Klebebands.<\/li>\n<li>Bei kalten Temperaturen helfen Sie mit einem Haartrockner, um den Kleber zu erhitzen und die Haftung zu erleichtern. Sie k\u00f6nnen auch das Teil vor der Demontage erhitzen, um es ohne R\u00fcckst\u00e4nde zu entfernen.<\/li>\n<\/ul>\n<p>&nbsp;<\/p>\n<p><img decoding=\"async\" class=\"alignnone wp-image-20126 size-full lazyload\" data-src=\"https:\/\/custom-parts.fr\/wp-content\/uploads\/2023\/02\/Coque-de-Trappe-a-essence-MINI-Cooper-S-R53-13.jpg\" alt=\"\" width=\"450\" height=\"450\" data-srcset=\"https:\/\/custom-parts.fr\/wp-content\/uploads\/2023\/02\/Coque-de-Trappe-a-essence-MINI-Cooper-S-R53-13.jpg 450w, https:\/\/custom-parts.fr\/wp-content\/uploads\/2023\/02\/Coque-de-Trappe-a-essence-MINI-Cooper-S-R53-13-300x300.jpg 300w, https:\/\/custom-parts.fr\/wp-content\/uploads\/2023\/02\/Coque-de-Trappe-a-essence-MINI-Cooper-S-R53-13-100x100.jpg 100w, https:\/\/custom-parts.fr\/wp-content\/uploads\/2023\/02\/Coque-de-Trappe-a-essence-MINI-Cooper-S-R53-13-150x150.jpg 150w, https:\/\/custom-parts.fr\/wp-content\/uploads\/2023\/02\/Coque-de-Trappe-a-essence-MINI-Cooper-S-R53-13-90x90.jpg 90w\" data-sizes=\"(max-width: 450px) 100vw, 450px\" src=\"data:image\/svg+xml;base64,PHN2ZyB3aWR0aD0iMSIgaGVpZ2h0PSIxIiB4bWxucz0iaHR0cDovL3d3dy53My5vcmcvMjAwMC9zdmciPjwvc3ZnPg==\" style=\"--smush-placeholder-width: 450px; --smush-placeholder-aspect-ratio: 450\/450;\" \/><\/p>\n<p><img decoding=\"async\" class=\"alignnone wp-image-20235 size-full lazyload\" data-src=\"https:\/\/custom-parts.fr\/wp-content\/uploads\/2023\/02\/Coque-de-Trappe-a-essence-MINI-Cooper-S-R53-1.jpg\" alt=\"\" width=\"450\" height=\"450\" data-srcset=\"https:\/\/custom-parts.fr\/wp-content\/uploads\/2023\/02\/Coque-de-Trappe-a-essence-MINI-Cooper-S-R53-1.jpg 450w, https:\/\/custom-parts.fr\/wp-content\/uploads\/2023\/02\/Coque-de-Trappe-a-essence-MINI-Cooper-S-R53-1-300x300.jpg 300w, https:\/\/custom-parts.fr\/wp-content\/uploads\/2023\/02\/Coque-de-Trappe-a-essence-MINI-Cooper-S-R53-1-100x100.jpg 100w, https:\/\/custom-parts.fr\/wp-content\/uploads\/2023\/02\/Coque-de-Trappe-a-essence-MINI-Cooper-S-R53-1-150x150.jpg 150w, https:\/\/custom-parts.fr\/wp-content\/uploads\/2023\/02\/Coque-de-Trappe-a-essence-MINI-Cooper-S-R53-1-90x90.jpg 90w\" data-sizes=\"(max-width: 450px) 100vw, 450px\" src=\"data:image\/svg+xml;base64,PHN2ZyB3aWR0aD0iMSIgaGVpZ2h0PSIxIiB4bWxucz0iaHR0cDovL3d3dy53My5vcmcvMjAwMC9zdmciPjwvc3ZnPg==\" style=\"--smush-placeholder-width: 450px; --smush-placeholder-aspect-ratio: 450\/450;\" \/><\/p>\n","protected":false},"excerpt":{"rendered":"<p><span style=\"color: #39991a; font-weight: 900;\">\u2713<\/span> Gestalten Sie Ihren Mini ganz nach Ihrem Geschmack!<br \/>\n<span style=\"color: #39991a; font-weight: 900;\">\u2713<\/span> Einfach zu installieren und auszutauschen<br \/>\n<span style=\"color: #39991a; font-weight: 900;\">\u2713<\/span> Perfekte Passform f\u00fcr Ihr Originalteil<\/p>\n","protected":false},"featured_media":23729,"comment_status":"open","ping_status":"closed","template":"","meta":[],"product_brand":[],"product_cat":[191,192],"product_tag":[],"class_list":{"0":"post-24992","1":"product","2":"type-product","3":"status-publish","4":"has-post-thumbnail","6":"product_cat-mini-cooper-ersatzteile-zubehoer","7":"product_cat-zubehoer-mini-cooper-r50-r52-r53","9":"first","10":"instock","11":"taxable","12":"shipping-taxable","13":"purchasable","14":"product-type-variable"},"yoast_head":"<!-- This site is optimized with the Yoast SEO plugin v27.2 - https:\/\/yoast.com\/product\/yoast-seo-wordpress\/ -->\n<title>Kraftstoffdeckel f\u00fcr Mini Cooper S R53<\/title>\n<meta name=\"description\" content=\"Kaufen Sie Ihren Kraftstoffdeckel f\u00fcr Mini Cooper S R53 und alle custom BMW MINI-Zubeh\u00f6r auf Custom-Parts.fr!\" \/>\n<meta name=\"robots\" content=\"index, follow, max-snippet:-1, max-image-preview:large, max-video-preview:-1\" \/>\n<link rel=\"canonical\" href=\"https:\/\/custom-parts.fr\/de\/produkt\/coque-de-trappe-a-essence-mini-cooper-s-r53\/\" \/>\n<meta property=\"og:locale\" content=\"de_DE\" \/>\n<meta property=\"og:type\" content=\"article\" \/>\n<meta property=\"og:title\" content=\"Kraftstoffdeckel f\u00fcr Mini Cooper S R53\" \/>\n<meta property=\"og:description\" content=\"Kaufen Sie Ihren Kraftstoffdeckel f\u00fcr Mini Cooper S R53 und alle custom BMW MINI-Zubeh\u00f6r auf Custom-Parts.fr!\" \/>\n<meta property=\"og:url\" content=\"https:\/\/custom-parts.fr\/de\/produkt\/coque-de-trappe-a-essence-mini-cooper-s-r53\/\" \/>\n<meta property=\"og:site_name\" content=\"Custom-Parts.fr\" \/>\n<meta property=\"article:modified_time\" content=\"2025-06-14T23:35:11+00:00\" \/>\n<meta property=\"og:image\" content=\"https:\/\/custom-parts.fr\/wp-content\/uploads\/2023\/02\/Coque-de-Trappe-a-essence-MINI-Cooper-S-R53-14.jpg\" \/>\n\t<meta property=\"og:image:width\" content=\"450\" \/>\n\t<meta property=\"og:image:height\" content=\"450\" \/>\n\t<meta property=\"og:image:type\" content=\"image\/jpeg\" \/>\n<meta name=\"twitter:card\" content=\"summary_large_image\" \/>\n<meta name=\"twitter:label1\" content=\"Gesch\u00e4tzte Lesezeit\" \/>\n\t<meta name=\"twitter:data1\" content=\"2\u00a0Minute\" \/>\n<script type=\"application\/ld+json\" class=\"yoast-schema-graph\">{\"@context\":\"https:\/\/schema.org\",\"@graph\":[{\"@type\":\"WebPage\",\"@id\":\"https:\/\/custom-parts.fr\/de\/produkt\/coque-de-trappe-a-essence-mini-cooper-s-r53\/\",\"url\":\"https:\/\/custom-parts.fr\/de\/produkt\/coque-de-trappe-a-essence-mini-cooper-s-r53\/\",\"name\":\"Kraftstoffdeckel f\u00fcr Mini Cooper S R53\",\"isPartOf\":{\"@id\":\"https:\/\/custom-parts.fr\/de\/#website\"},\"primaryImageOfPage\":{\"@id\":\"https:\/\/custom-parts.fr\/de\/produkt\/coque-de-trappe-a-essence-mini-cooper-s-r53\/#primaryimage\"},\"image\":{\"@id\":\"https:\/\/custom-parts.fr\/de\/produkt\/coque-de-trappe-a-essence-mini-cooper-s-r53\/#primaryimage\"},\"thumbnailUrl\":\"https:\/\/custom-parts.fr\/wp-content\/uploads\/2023\/02\/Coque-de-Trappe-a-essence-MINI-Cooper-S-R53-14.jpg\",\"datePublished\":\"2023-01-30T23:06:52+00:00\",\"dateModified\":\"2025-06-14T23:35:11+00:00\",\"description\":\"Kaufen Sie Ihren Kraftstoffdeckel f\u00fcr Mini Cooper S R53 und alle custom BMW MINI-Zubeh\u00f6r auf Custom-Parts.fr!\",\"breadcrumb\":{\"@id\":\"https:\/\/custom-parts.fr\/de\/produkt\/coque-de-trappe-a-essence-mini-cooper-s-r53\/#breadcrumb\"},\"inLanguage\":\"de\",\"potentialAction\":[{\"@type\":\"ReadAction\",\"target\":[\"https:\/\/custom-parts.fr\/de\/produkt\/coque-de-trappe-a-essence-mini-cooper-s-r53\/\"]}]},{\"@type\":\"ImageObject\",\"inLanguage\":\"de\",\"@id\":\"https:\/\/custom-parts.fr\/de\/produkt\/coque-de-trappe-a-essence-mini-cooper-s-r53\/#primaryimage\",\"url\":\"https:\/\/custom-parts.fr\/wp-content\/uploads\/2023\/02\/Coque-de-Trappe-a-essence-MINI-Cooper-S-R53-14.jpg\",\"contentUrl\":\"https:\/\/custom-parts.fr\/wp-content\/uploads\/2023\/02\/Coque-de-Trappe-a-essence-MINI-Cooper-S-R53-14.jpg\",\"width\":450,\"height\":450},{\"@type\":\"BreadcrumbList\",\"@id\":\"https:\/\/custom-parts.fr\/de\/produkt\/coque-de-trappe-a-essence-mini-cooper-s-r53\/#breadcrumb\",\"itemListElement\":[{\"@type\":\"ListItem\",\"position\":1,\"name\":\"Startseite\",\"item\":\"https:\/\/custom-parts.fr\/de\/kaufen-sie-teile-und-zubehoer-fuer-mini-bmw-custom-parts-de\/\"},{\"@type\":\"ListItem\",\"position\":2,\"name\":\"Shop\",\"item\":\"https:\/\/custom-parts.fr\/de\/alle-produkte\/\"},{\"@type\":\"ListItem\",\"position\":3,\"name\":\"Kraftstoffdeckel f\u00fcr Mini Cooper S R53\"}]},{\"@type\":\"WebSite\",\"@id\":\"https:\/\/custom-parts.fr\/de\/#website\",\"url\":\"https:\/\/custom-parts.fr\/de\/\",\"name\":\"Custom-Parts.fr\",\"description\":\"Custom BMW MINI Ersatzteile & Zubeh\u00f6r\",\"publisher\":{\"@id\":\"https:\/\/custom-parts.fr\/de\/#organization\"},\"potentialAction\":[{\"@type\":\"SearchAction\",\"target\":{\"@type\":\"EntryPoint\",\"urlTemplate\":\"https:\/\/custom-parts.fr\/de\/?s={search_term_string}\"},\"query-input\":{\"@type\":\"PropertyValueSpecification\",\"valueRequired\":true,\"valueName\":\"search_term_string\"}}],\"inLanguage\":\"de\"},{\"@type\":\"Organization\",\"@id\":\"https:\/\/custom-parts.fr\/de\/#organization\",\"name\":\"Custom-Parts\",\"url\":\"https:\/\/custom-parts.fr\/de\/\",\"logo\":{\"@type\":\"ImageObject\",\"inLanguage\":\"de\",\"@id\":\"https:\/\/custom-parts.fr\/de\/#\/schema\/logo\/image\/\",\"url\":\"https:\/\/custom-parts.fr\/wp-content\/uploads\/2023\/01\/cropped-cropped-cropped-final-new-police-2-1-1.png\",\"contentUrl\":\"https:\/\/custom-parts.fr\/wp-content\/uploads\/2023\/01\/cropped-cropped-cropped-final-new-police-2-1-1.png\",\"width\":450,\"height\":125,\"caption\":\"Custom-Parts\"},\"image\":{\"@id\":\"https:\/\/custom-parts.fr\/de\/#\/schema\/logo\/image\/\"}}]}<\/script>\n<!-- \/ Yoast SEO plugin. -->","yoast_head_json":{"title":"Kraftstoffdeckel f\u00fcr Mini Cooper S R53","description":"Kaufen Sie Ihren Kraftstoffdeckel f\u00fcr Mini Cooper S R53 und alle custom BMW MINI-Zubeh\u00f6r auf Custom-Parts.fr!","robots":{"index":"index","follow":"follow","max-snippet":"max-snippet:-1","max-image-preview":"max-image-preview:large","max-video-preview":"max-video-preview:-1"},"canonical":"https:\/\/custom-parts.fr\/de\/produkt\/coque-de-trappe-a-essence-mini-cooper-s-r53\/","og_locale":"de_DE","og_type":"article","og_title":"Kraftstoffdeckel f\u00fcr Mini Cooper S R53","og_description":"Kaufen Sie Ihren Kraftstoffdeckel f\u00fcr Mini Cooper S R53 und alle custom BMW MINI-Zubeh\u00f6r auf Custom-Parts.fr!","og_url":"https:\/\/custom-parts.fr\/de\/produkt\/coque-de-trappe-a-essence-mini-cooper-s-r53\/","og_site_name":"Custom-Parts.fr","article_modified_time":"2025-06-14T23:35:11+00:00","og_image":[{"width":450,"height":450,"url":"https:\/\/custom-parts.fr\/wp-content\/uploads\/2023\/02\/Coque-de-Trappe-a-essence-MINI-Cooper-S-R53-14.jpg","type":"image\/jpeg"}],"twitter_card":"summary_large_image","twitter_misc":{"Gesch\u00e4tzte Lesezeit":"2\u00a0Minute"},"schema":{"@context":"https:\/\/schema.org","@graph":[{"@type":"WebPage","@id":"https:\/\/custom-parts.fr\/de\/produkt\/coque-de-trappe-a-essence-mini-cooper-s-r53\/","url":"https:\/\/custom-parts.fr\/de\/produkt\/coque-de-trappe-a-essence-mini-cooper-s-r53\/","name":"Kraftstoffdeckel f\u00fcr Mini Cooper S R53","isPartOf":{"@id":"https:\/\/custom-parts.fr\/de\/#website"},"primaryImageOfPage":{"@id":"https:\/\/custom-parts.fr\/de\/produkt\/coque-de-trappe-a-essence-mini-cooper-s-r53\/#primaryimage"},"image":{"@id":"https:\/\/custom-parts.fr\/de\/produkt\/coque-de-trappe-a-essence-mini-cooper-s-r53\/#primaryimage"},"thumbnailUrl":"https:\/\/custom-parts.fr\/wp-content\/uploads\/2023\/02\/Coque-de-Trappe-a-essence-MINI-Cooper-S-R53-14.jpg","datePublished":"2023-01-30T23:06:52+00:00","dateModified":"2025-06-14T23:35:11+00:00","description":"Kaufen Sie Ihren Kraftstoffdeckel f\u00fcr Mini Cooper S R53 und alle custom BMW MINI-Zubeh\u00f6r auf Custom-Parts.fr!","breadcrumb":{"@id":"https:\/\/custom-parts.fr\/de\/produkt\/coque-de-trappe-a-essence-mini-cooper-s-r53\/#breadcrumb"},"inLanguage":"de","potentialAction":[{"@type":"ReadAction","target":["https:\/\/custom-parts.fr\/de\/produkt\/coque-de-trappe-a-essence-mini-cooper-s-r53\/"]}]},{"@type":"ImageObject","inLanguage":"de","@id":"https:\/\/custom-parts.fr\/de\/produkt\/coque-de-trappe-a-essence-mini-cooper-s-r53\/#primaryimage","url":"https:\/\/custom-parts.fr\/wp-content\/uploads\/2023\/02\/Coque-de-Trappe-a-essence-MINI-Cooper-S-R53-14.jpg","contentUrl":"https:\/\/custom-parts.fr\/wp-content\/uploads\/2023\/02\/Coque-de-Trappe-a-essence-MINI-Cooper-S-R53-14.jpg","width":450,"height":450},{"@type":"BreadcrumbList","@id":"https:\/\/custom-parts.fr\/de\/produkt\/coque-de-trappe-a-essence-mini-cooper-s-r53\/#breadcrumb","itemListElement":[{"@type":"ListItem","position":1,"name":"Startseite","item":"https:\/\/custom-parts.fr\/de\/kaufen-sie-teile-und-zubehoer-fuer-mini-bmw-custom-parts-de\/"},{"@type":"ListItem","position":2,"name":"Shop","item":"https:\/\/custom-parts.fr\/de\/alle-produkte\/"},{"@type":"ListItem","position":3,"name":"Kraftstoffdeckel f\u00fcr Mini Cooper S R53"}]},{"@type":"WebSite","@id":"https:\/\/custom-parts.fr\/de\/#website","url":"https:\/\/custom-parts.fr\/de\/","name":"Custom-Parts.fr","description":"Custom BMW MINI Ersatzteile & Zubeh\u00f6r","publisher":{"@id":"https:\/\/custom-parts.fr\/de\/#organization"},"potentialAction":[{"@type":"SearchAction","target":{"@type":"EntryPoint","urlTemplate":"https:\/\/custom-parts.fr\/de\/?s={search_term_string}"},"query-input":{"@type":"PropertyValueSpecification","valueRequired":true,"valueName":"search_term_string"}}],"inLanguage":"de"},{"@type":"Organization","@id":"https:\/\/custom-parts.fr\/de\/#organization","name":"Custom-Parts","url":"https:\/\/custom-parts.fr\/de\/","logo":{"@type":"ImageObject","inLanguage":"de","@id":"https:\/\/custom-parts.fr\/de\/#\/schema\/logo\/image\/","url":"https:\/\/custom-parts.fr\/wp-content\/uploads\/2023\/01\/cropped-cropped-cropped-final-new-police-2-1-1.png","contentUrl":"https:\/\/custom-parts.fr\/wp-content\/uploads\/2023\/01\/cropped-cropped-cropped-final-new-police-2-1-1.png","width":450,"height":125,"caption":"Custom-Parts"},"image":{"@id":"https:\/\/custom-parts.fr\/de\/#\/schema\/logo\/image\/"}}]}},"_links":{"self":[{"href":"https:\/\/custom-parts.fr\/de\/wp-json\/wp\/v2\/product\/24992","targetHints":{"allow":["GET"]}}],"collection":[{"href":"https:\/\/custom-parts.fr\/de\/wp-json\/wp\/v2\/product"}],"about":[{"href":"https:\/\/custom-parts.fr\/de\/wp-json\/wp\/v2\/types\/product"}],"replies":[{"embeddable":true,"href":"https:\/\/custom-parts.fr\/de\/wp-json\/wp\/v2\/comments?post=24992"}],"wp:featuredmedia":[{"embeddable":true,"href":"https:\/\/custom-parts.fr\/de\/wp-json\/wp\/v2\/media\/23729"}],"wp:attachment":[{"href":"https:\/\/custom-parts.fr\/de\/wp-json\/wp\/v2\/media?parent=24992"}],"wp:term":[{"taxonomy":"product_brand","embeddable":true,"href":"https:\/\/custom-parts.fr\/de\/wp-json\/wp\/v2\/product_brand?post=24992"},{"taxonomy":"product_cat","embeddable":true,"href":"https:\/\/custom-parts.fr\/de\/wp-json\/wp\/v2\/product_cat?post=24992"},{"taxonomy":"product_tag","embeddable":true,"href":"https:\/\/custom-parts.fr\/de\/wp-json\/wp\/v2\/product_tag?post=24992"}],"curies":[{"name":"wp","href":"https:\/\/api.w.org\/{rel}","templated":true}]}}