{"id":24995,"date":"2023-01-30T23:26:56","date_gmt":"2023-01-30T22:26:56","guid":{"rendered":"https:\/\/custom-parts.fr\/produit\/coque-compte-tour-mini-r50-r52-r53-one-one-d-cooper-cooper-s-jcw-gp-1ere-generation\/"},"modified":"2025-06-15T01:35:19","modified_gmt":"2025-06-14T23:35:19","slug":"coque-compte-tour-mini-r50-r52-r53-one-one-d-cooper-cooper-s-jcw-gp-1ere-generation","status":"publish","type":"product","link":"https:\/\/custom-parts.fr\/de\/produkt\/coque-compte-tour-mini-r50-r52-r53-one-one-d-cooper-cooper-s-jcw-gp-1ere-generation\/","title":{"rendered":"Drehzahlmesser Verkleidung f\u00fcr Mini Cooper R50, R52, R53 1. Generation"},"content":{"rendered":"<p><strong>Verkleidung \/ Ring f\u00fcr Drehzahlmesser MINI R50, R52, R53 (One, One D, Cooper, Cooper S, JCW GP) 1. Generation<\/strong><\/p>\n<p>&nbsp;<\/p>\n<p>Wenn Sie das klassische Grau des Drehzahlmessers und des Innenraums Ihres MINI der 1. Generation \u00e4ndern m\u00f6chten, k\u00f6nnen Sie im Handumdrehen einen frischen Look verleihen mit diesen passgenauen Verkleidungen. Dank des feinen Kunststoffs und der perfekt passenden Ma\u00dfe k\u00f6nnen Sie die dekorative Verkleidung direkt auf die Originalverkleidung anbringen, ohne diese demontieren zu m\u00fcssen.<\/p>\n<p>&nbsp;<\/p>\n<p><strong>Die Verkleidungen sind mit einer transparenten Schutzfolie versehen, die nach der Montage entfernt werden kann.<\/strong><\/p>\n<p>&nbsp;<\/p>\n<p>Wir f\u00fchren au\u00dferdem weitere Ersatzteile und passende Dekorationskits, mit denen Sie Ihr neues Interieur vervollst\u00e4ndigen k\u00f6nnen.<\/p>\n<p>&nbsp;<\/p>\n<h2>Eigenschaften:<\/h2>\n<ul>\n<li>Farben: Hochgl\u00e4nzend Schwarz<\/li>\n<li>Material: ABS-Kunststoff<\/li>\n<li>Einfache Montage und Demontage dank des bereits installierten doppelseitigen Klebebands.<\/li>\n<li>Bei kalten Temperaturen verwenden Sie einen Haartrockner, um den Kleber zu erw\u00e4rmen und die Haftung zu erleichtern. Sie k\u00f6nnen auch das Teil vor der Demontage erw\u00e4rmen, um es r\u00fcckstandslos zu entfernen.<\/li>\n<\/ul>\n<h2><\/h2>\n<h2>Geeignet f\u00fcr:<\/h2>\n<ul>\n<li>R50 \u2013 MINI Hatchback \u2013 2001-2006 \u2013 MINI One, One D und Cooper<\/li>\n<li>R52 \u2013 MINI Cabriolet \u2013 2004-2008 \u2013 MINI One, Cooper und Cooper S<\/li>\n<li>R53 \u2013 MINI Hatchback \u2013 2001-2006 \u2013 MINI Cooper S und Cooper S JCW GP<\/li>\n<\/ul>\n<p>&nbsp;<\/p>\n<p><img decoding=\"async\" class=\"alignnone wp-image-21913 size-full lazyload\" data-src=\"https:\/\/custom-parts.fr\/wp-content\/uploads\/2023\/01\/New-Project-2023-03-10T145120.057.jpg\" alt=\"\" width=\"500\" height=\"500\" data-srcset=\"https:\/\/custom-parts.fr\/wp-content\/uploads\/2023\/01\/New-Project-2023-03-10T145120.057.jpg 500w, https:\/\/custom-parts.fr\/wp-content\/uploads\/2023\/01\/New-Project-2023-03-10T145120.057-300x300.jpg 300w, https:\/\/custom-parts.fr\/wp-content\/uploads\/2023\/01\/New-Project-2023-03-10T145120.057-150x150.jpg 150w, https:\/\/custom-parts.fr\/wp-content\/uploads\/2023\/01\/New-Project-2023-03-10T145120.057-100x100.jpg 100w, https:\/\/custom-parts.fr\/wp-content\/uploads\/2023\/01\/New-Project-2023-03-10T145120.057-48x48.jpg 48w\" data-sizes=\"(max-width: 500px) 100vw, 500px\" src=\"data:image\/svg+xml;base64,PHN2ZyB3aWR0aD0iMSIgaGVpZ2h0PSIxIiB4bWxucz0iaHR0cDovL3d3dy53My5vcmcvMjAwMC9zdmciPjwvc3ZnPg==\" style=\"--smush-placeholder-width: 500px; --smush-placeholder-aspect-ratio: 500\/500;\" \/><\/p>\n<p><img decoding=\"async\" class=\"alignnone wp-image-21912 size-full lazyload\" data-src=\"https:\/\/custom-parts.fr\/wp-content\/uploads\/2023\/01\/New-Project-2023-03-10T145237.160.jpg\" alt=\"\" width=\"500\" height=\"500\" data-srcset=\"https:\/\/custom-parts.fr\/wp-content\/uploads\/2023\/01\/New-Project-2023-03-10T145237.160.jpg 500w, https:\/\/custom-parts.fr\/wp-content\/uploads\/2023\/01\/New-Project-2023-03-10T145237.160-300x300.jpg 300w, https:\/\/custom-parts.fr\/wp-content\/uploads\/2023\/01\/New-Project-2023-03-10T145237.160-150x150.jpg 150w, https:\/\/custom-parts.fr\/wp-content\/uploads\/2023\/01\/New-Project-2023-03-10T145237.160-100x100.jpg 100w, https:\/\/custom-parts.fr\/wp-content\/uploads\/2023\/01\/New-Project-2023-03-10T145237.160-48x48.jpg 48w\" data-sizes=\"(max-width: 500px) 100vw, 500px\" src=\"data:image\/svg+xml;base64,PHN2ZyB3aWR0aD0iMSIgaGVpZ2h0PSIxIiB4bWxucz0iaHR0cDovL3d3dy53My5vcmcvMjAwMC9zdmciPjwvc3ZnPg==\" style=\"--smush-placeholder-width: 500px; --smush-placeholder-aspect-ratio: 500\/500;\" \/><\/p>\n","protected":false},"excerpt":{"rendered":"<p><span style=\"color: #39991a; font-weight: 900;\">\u2713<\/span> Gestalten Sie Ihren Mini ganz nach Ihrem Geschmack!<br \/>\n<span style=\"color: #39991a; font-weight: 900;\">\u2713<\/span> Einfach zu installieren und auszutauschen<br \/>\n<span style=\"color: #39991a; font-weight: 900;\">\u2713<\/span> Perfekte Passform f\u00fcr Ihr Originalteil<\/p>\n","protected":false},"featured_media":24210,"comment_status":"open","ping_status":"closed","template":"","meta":[],"product_brand":[],"product_cat":[191,192],"product_tag":[],"class_list":{"0":"post-24995","1":"product","2":"type-product","3":"status-publish","4":"has-post-thumbnail","6":"product_cat-mini-cooper-ersatzteile-zubehoer","7":"product_cat-zubehoer-mini-cooper-r50-r52-r53","9":"first","10":"instock","11":"taxable","12":"shipping-taxable","13":"purchasable","14":"product-type-variable"},"yoast_head":"<!-- This site is optimized with the Yoast SEO plugin v27.2 - https:\/\/yoast.com\/product\/yoast-seo-wordpress\/ -->\n<title>Drehzahlmesser Verkleidung f\u00fcr Mini Cooper R50, R52, R53 1. Generation<\/title>\n<meta name=\"description\" content=\"Kaufen Sie Ihren Drehzahlmesser Verkleidung f\u00fcr Mini Cooper R50, R52, R53 1. Generation und alle custom BMW MINI-Zubeh\u00f6r auf Custom-Parts.fr!\" \/>\n<meta name=\"robots\" content=\"index, follow, max-snippet:-1, max-image-preview:large, max-video-preview:-1\" \/>\n<link rel=\"canonical\" href=\"https:\/\/custom-parts.fr\/de\/produkt\/coque-compte-tour-mini-r50-r52-r53-one-one-d-cooper-cooper-s-jcw-gp-1ere-generation\/\" \/>\n<meta property=\"og:locale\" content=\"de_DE\" \/>\n<meta property=\"og:type\" content=\"article\" \/>\n<meta property=\"og:title\" content=\"Drehzahlmesser Verkleidung f\u00fcr Mini Cooper R50, R52, R53 1. Generation\" \/>\n<meta property=\"og:description\" content=\"Kaufen Sie Ihren Drehzahlmesser Verkleidung f\u00fcr Mini Cooper R50, R52, R53 1. Generation und alle custom BMW MINI-Zubeh\u00f6r auf Custom-Parts.fr!\" \/>\n<meta property=\"og:url\" content=\"https:\/\/custom-parts.fr\/de\/produkt\/coque-compte-tour-mini-r50-r52-r53-one-one-d-cooper-cooper-s-jcw-gp-1ere-generation\/\" \/>\n<meta property=\"og:site_name\" content=\"Custom-Parts.fr\" \/>\n<meta property=\"article:modified_time\" content=\"2025-06-14T23:35:19+00:00\" \/>\n<meta property=\"og:image\" content=\"https:\/\/custom-parts.fr\/wp-content\/uploads\/2023\/01\/Coque-Cerclage-Compte-tour-MINI-Cooper-R50-R52-R53-1ere-generation.jpg\" \/>\n\t<meta property=\"og:image:width\" content=\"500\" \/>\n\t<meta property=\"og:image:height\" content=\"500\" \/>\n\t<meta property=\"og:image:type\" content=\"image\/jpeg\" \/>\n<meta name=\"twitter:card\" content=\"summary_large_image\" \/>\n<meta name=\"twitter:label1\" content=\"Gesch\u00e4tzte Lesezeit\" \/>\n\t<meta name=\"twitter:data1\" content=\"2\u00a0Minute\" \/>\n<script type=\"application\/ld+json\" class=\"yoast-schema-graph\">{\"@context\":\"https:\/\/schema.org\",\"@graph\":[{\"@type\":\"WebPage\",\"@id\":\"https:\/\/custom-parts.fr\/de\/produkt\/coque-compte-tour-mini-r50-r52-r53-one-one-d-cooper-cooper-s-jcw-gp-1ere-generation\/\",\"url\":\"https:\/\/custom-parts.fr\/de\/produkt\/coque-compte-tour-mini-r50-r52-r53-one-one-d-cooper-cooper-s-jcw-gp-1ere-generation\/\",\"name\":\"Drehzahlmesser Verkleidung f\u00fcr Mini Cooper R50, R52, R53 1. Generation\",\"isPartOf\":{\"@id\":\"https:\/\/custom-parts.fr\/de\/#website\"},\"primaryImageOfPage\":{\"@id\":\"https:\/\/custom-parts.fr\/de\/produkt\/coque-compte-tour-mini-r50-r52-r53-one-one-d-cooper-cooper-s-jcw-gp-1ere-generation\/#primaryimage\"},\"image\":{\"@id\":\"https:\/\/custom-parts.fr\/de\/produkt\/coque-compte-tour-mini-r50-r52-r53-one-one-d-cooper-cooper-s-jcw-gp-1ere-generation\/#primaryimage\"},\"thumbnailUrl\":\"https:\/\/custom-parts.fr\/wp-content\/uploads\/2023\/01\/Coque-Cerclage-Compte-tour-MINI-Cooper-R50-R52-R53-1ere-generation.jpg\",\"datePublished\":\"2023-01-30T22:26:56+00:00\",\"dateModified\":\"2025-06-14T23:35:19+00:00\",\"description\":\"Kaufen Sie Ihren Drehzahlmesser Verkleidung f\u00fcr Mini Cooper R50, R52, R53 1. Generation und alle custom BMW MINI-Zubeh\u00f6r auf Custom-Parts.fr!\",\"breadcrumb\":{\"@id\":\"https:\/\/custom-parts.fr\/de\/produkt\/coque-compte-tour-mini-r50-r52-r53-one-one-d-cooper-cooper-s-jcw-gp-1ere-generation\/#breadcrumb\"},\"inLanguage\":\"de\",\"potentialAction\":[{\"@type\":\"ReadAction\",\"target\":[\"https:\/\/custom-parts.fr\/de\/produkt\/coque-compte-tour-mini-r50-r52-r53-one-one-d-cooper-cooper-s-jcw-gp-1ere-generation\/\"]}]},{\"@type\":\"ImageObject\",\"inLanguage\":\"de\",\"@id\":\"https:\/\/custom-parts.fr\/de\/produkt\/coque-compte-tour-mini-r50-r52-r53-one-one-d-cooper-cooper-s-jcw-gp-1ere-generation\/#primaryimage\",\"url\":\"https:\/\/custom-parts.fr\/wp-content\/uploads\/2023\/01\/Coque-Cerclage-Compte-tour-MINI-Cooper-R50-R52-R53-1ere-generation.jpg\",\"contentUrl\":\"https:\/\/custom-parts.fr\/wp-content\/uploads\/2023\/01\/Coque-Cerclage-Compte-tour-MINI-Cooper-R50-R52-R53-1ere-generation.jpg\",\"width\":500,\"height\":500},{\"@type\":\"BreadcrumbList\",\"@id\":\"https:\/\/custom-parts.fr\/de\/produkt\/coque-compte-tour-mini-r50-r52-r53-one-one-d-cooper-cooper-s-jcw-gp-1ere-generation\/#breadcrumb\",\"itemListElement\":[{\"@type\":\"ListItem\",\"position\":1,\"name\":\"Startseite\",\"item\":\"https:\/\/custom-parts.fr\/de\/kaufen-sie-teile-und-zubehoer-fuer-mini-bmw-custom-parts-de\/\"},{\"@type\":\"ListItem\",\"position\":2,\"name\":\"Shop\",\"item\":\"https:\/\/custom-parts.fr\/de\/alle-produkte\/\"},{\"@type\":\"ListItem\",\"position\":3,\"name\":\"Drehzahlmesser Verkleidung f\u00fcr Mini Cooper R50, R52, R53 1. Generation\"}]},{\"@type\":\"WebSite\",\"@id\":\"https:\/\/custom-parts.fr\/de\/#website\",\"url\":\"https:\/\/custom-parts.fr\/de\/\",\"name\":\"Custom-Parts.fr\",\"description\":\"Custom BMW MINI Ersatzteile & Zubeh\u00f6r\",\"publisher\":{\"@id\":\"https:\/\/custom-parts.fr\/de\/#organization\"},\"potentialAction\":[{\"@type\":\"SearchAction\",\"target\":{\"@type\":\"EntryPoint\",\"urlTemplate\":\"https:\/\/custom-parts.fr\/de\/?s={search_term_string}\"},\"query-input\":{\"@type\":\"PropertyValueSpecification\",\"valueRequired\":true,\"valueName\":\"search_term_string\"}}],\"inLanguage\":\"de\"},{\"@type\":\"Organization\",\"@id\":\"https:\/\/custom-parts.fr\/de\/#organization\",\"name\":\"Custom-Parts\",\"url\":\"https:\/\/custom-parts.fr\/de\/\",\"logo\":{\"@type\":\"ImageObject\",\"inLanguage\":\"de\",\"@id\":\"https:\/\/custom-parts.fr\/de\/#\/schema\/logo\/image\/\",\"url\":\"https:\/\/custom-parts.fr\/wp-content\/uploads\/2023\/01\/cropped-cropped-cropped-final-new-police-2-1-1.png\",\"contentUrl\":\"https:\/\/custom-parts.fr\/wp-content\/uploads\/2023\/01\/cropped-cropped-cropped-final-new-police-2-1-1.png\",\"width\":450,\"height\":125,\"caption\":\"Custom-Parts\"},\"image\":{\"@id\":\"https:\/\/custom-parts.fr\/de\/#\/schema\/logo\/image\/\"}}]}<\/script>\n<!-- \/ Yoast SEO plugin. -->","yoast_head_json":{"title":"Drehzahlmesser Verkleidung f\u00fcr Mini Cooper R50, R52, R53 1. Generation","description":"Kaufen Sie Ihren Drehzahlmesser Verkleidung f\u00fcr Mini Cooper R50, R52, R53 1. Generation und alle custom BMW MINI-Zubeh\u00f6r auf Custom-Parts.fr!","robots":{"index":"index","follow":"follow","max-snippet":"max-snippet:-1","max-image-preview":"max-image-preview:large","max-video-preview":"max-video-preview:-1"},"canonical":"https:\/\/custom-parts.fr\/de\/produkt\/coque-compte-tour-mini-r50-r52-r53-one-one-d-cooper-cooper-s-jcw-gp-1ere-generation\/","og_locale":"de_DE","og_type":"article","og_title":"Drehzahlmesser Verkleidung f\u00fcr Mini Cooper R50, R52, R53 1. Generation","og_description":"Kaufen Sie Ihren Drehzahlmesser Verkleidung f\u00fcr Mini Cooper R50, R52, R53 1. Generation und alle custom BMW MINI-Zubeh\u00f6r auf Custom-Parts.fr!","og_url":"https:\/\/custom-parts.fr\/de\/produkt\/coque-compte-tour-mini-r50-r52-r53-one-one-d-cooper-cooper-s-jcw-gp-1ere-generation\/","og_site_name":"Custom-Parts.fr","article_modified_time":"2025-06-14T23:35:19+00:00","og_image":[{"width":500,"height":500,"url":"https:\/\/custom-parts.fr\/wp-content\/uploads\/2023\/01\/Coque-Cerclage-Compte-tour-MINI-Cooper-R50-R52-R53-1ere-generation.jpg","type":"image\/jpeg"}],"twitter_card":"summary_large_image","twitter_misc":{"Gesch\u00e4tzte Lesezeit":"2\u00a0Minute"},"schema":{"@context":"https:\/\/schema.org","@graph":[{"@type":"WebPage","@id":"https:\/\/custom-parts.fr\/de\/produkt\/coque-compte-tour-mini-r50-r52-r53-one-one-d-cooper-cooper-s-jcw-gp-1ere-generation\/","url":"https:\/\/custom-parts.fr\/de\/produkt\/coque-compte-tour-mini-r50-r52-r53-one-one-d-cooper-cooper-s-jcw-gp-1ere-generation\/","name":"Drehzahlmesser Verkleidung f\u00fcr Mini Cooper R50, R52, R53 1. Generation","isPartOf":{"@id":"https:\/\/custom-parts.fr\/de\/#website"},"primaryImageOfPage":{"@id":"https:\/\/custom-parts.fr\/de\/produkt\/coque-compte-tour-mini-r50-r52-r53-one-one-d-cooper-cooper-s-jcw-gp-1ere-generation\/#primaryimage"},"image":{"@id":"https:\/\/custom-parts.fr\/de\/produkt\/coque-compte-tour-mini-r50-r52-r53-one-one-d-cooper-cooper-s-jcw-gp-1ere-generation\/#primaryimage"},"thumbnailUrl":"https:\/\/custom-parts.fr\/wp-content\/uploads\/2023\/01\/Coque-Cerclage-Compte-tour-MINI-Cooper-R50-R52-R53-1ere-generation.jpg","datePublished":"2023-01-30T22:26:56+00:00","dateModified":"2025-06-14T23:35:19+00:00","description":"Kaufen Sie Ihren Drehzahlmesser Verkleidung f\u00fcr Mini Cooper R50, R52, R53 1. Generation und alle custom BMW MINI-Zubeh\u00f6r auf Custom-Parts.fr!","breadcrumb":{"@id":"https:\/\/custom-parts.fr\/de\/produkt\/coque-compte-tour-mini-r50-r52-r53-one-one-d-cooper-cooper-s-jcw-gp-1ere-generation\/#breadcrumb"},"inLanguage":"de","potentialAction":[{"@type":"ReadAction","target":["https:\/\/custom-parts.fr\/de\/produkt\/coque-compte-tour-mini-r50-r52-r53-one-one-d-cooper-cooper-s-jcw-gp-1ere-generation\/"]}]},{"@type":"ImageObject","inLanguage":"de","@id":"https:\/\/custom-parts.fr\/de\/produkt\/coque-compte-tour-mini-r50-r52-r53-one-one-d-cooper-cooper-s-jcw-gp-1ere-generation\/#primaryimage","url":"https:\/\/custom-parts.fr\/wp-content\/uploads\/2023\/01\/Coque-Cerclage-Compte-tour-MINI-Cooper-R50-R52-R53-1ere-generation.jpg","contentUrl":"https:\/\/custom-parts.fr\/wp-content\/uploads\/2023\/01\/Coque-Cerclage-Compte-tour-MINI-Cooper-R50-R52-R53-1ere-generation.jpg","width":500,"height":500},{"@type":"BreadcrumbList","@id":"https:\/\/custom-parts.fr\/de\/produkt\/coque-compte-tour-mini-r50-r52-r53-one-one-d-cooper-cooper-s-jcw-gp-1ere-generation\/#breadcrumb","itemListElement":[{"@type":"ListItem","position":1,"name":"Startseite","item":"https:\/\/custom-parts.fr\/de\/kaufen-sie-teile-und-zubehoer-fuer-mini-bmw-custom-parts-de\/"},{"@type":"ListItem","position":2,"name":"Shop","item":"https:\/\/custom-parts.fr\/de\/alle-produkte\/"},{"@type":"ListItem","position":3,"name":"Drehzahlmesser Verkleidung f\u00fcr Mini Cooper R50, R52, R53 1. Generation"}]},{"@type":"WebSite","@id":"https:\/\/custom-parts.fr\/de\/#website","url":"https:\/\/custom-parts.fr\/de\/","name":"Custom-Parts.fr","description":"Custom BMW MINI Ersatzteile & Zubeh\u00f6r","publisher":{"@id":"https:\/\/custom-parts.fr\/de\/#organization"},"potentialAction":[{"@type":"SearchAction","target":{"@type":"EntryPoint","urlTemplate":"https:\/\/custom-parts.fr\/de\/?s={search_term_string}"},"query-input":{"@type":"PropertyValueSpecification","valueRequired":true,"valueName":"search_term_string"}}],"inLanguage":"de"},{"@type":"Organization","@id":"https:\/\/custom-parts.fr\/de\/#organization","name":"Custom-Parts","url":"https:\/\/custom-parts.fr\/de\/","logo":{"@type":"ImageObject","inLanguage":"de","@id":"https:\/\/custom-parts.fr\/de\/#\/schema\/logo\/image\/","url":"https:\/\/custom-parts.fr\/wp-content\/uploads\/2023\/01\/cropped-cropped-cropped-final-new-police-2-1-1.png","contentUrl":"https:\/\/custom-parts.fr\/wp-content\/uploads\/2023\/01\/cropped-cropped-cropped-final-new-police-2-1-1.png","width":450,"height":125,"caption":"Custom-Parts"},"image":{"@id":"https:\/\/custom-parts.fr\/de\/#\/schema\/logo\/image\/"}}]}},"_links":{"self":[{"href":"https:\/\/custom-parts.fr\/de\/wp-json\/wp\/v2\/product\/24995","targetHints":{"allow":["GET"]}}],"collection":[{"href":"https:\/\/custom-parts.fr\/de\/wp-json\/wp\/v2\/product"}],"about":[{"href":"https:\/\/custom-parts.fr\/de\/wp-json\/wp\/v2\/types\/product"}],"replies":[{"embeddable":true,"href":"https:\/\/custom-parts.fr\/de\/wp-json\/wp\/v2\/comments?post=24995"}],"wp:featuredmedia":[{"embeddable":true,"href":"https:\/\/custom-parts.fr\/de\/wp-json\/wp\/v2\/media\/24210"}],"wp:attachment":[{"href":"https:\/\/custom-parts.fr\/de\/wp-json\/wp\/v2\/media?parent=24995"}],"wp:term":[{"taxonomy":"product_brand","embeddable":true,"href":"https:\/\/custom-parts.fr\/de\/wp-json\/wp\/v2\/product_brand?post=24995"},{"taxonomy":"product_cat","embeddable":true,"href":"https:\/\/custom-parts.fr\/de\/wp-json\/wp\/v2\/product_cat?post=24995"},{"taxonomy":"product_tag","embeddable":true,"href":"https:\/\/custom-parts.fr\/de\/wp-json\/wp\/v2\/product_tag?post=24995"}],"curies":[{"name":"wp","href":"https:\/\/api.w.org\/{rel}","templated":true}]}}