{"id":24998,"date":"2023-01-29T23:33:01","date_gmt":"2023-01-29T22:33:01","guid":{"rendered":"https:\/\/custom-parts.fr\/produit\/cache-anneau-central-volant-mini-r50-r52-r53-1ere-gen\/"},"modified":"2025-06-15T01:35:19","modified_gmt":"2025-06-14T23:35:19","slug":"cache-anneau-central-volant-mini-r50-r52-r53-1ere-gen","status":"publish","type":"product","link":"https:\/\/custom-parts.fr\/de\/produkt\/cache-anneau-central-volant-mini-r50-r52-r53-1ere-gen\/","title":{"rendered":"Lenkrad-Dekoration f\u00fcr Mini R50, R52, R53 &#8211; Schwarz Gl\u00e4nzend oder Carbon"},"content":{"rendered":"<p><strong>Lenkrad-Dekoration f\u00fcr MINI der 1. Generation R50, R52, R53 (One, One D, Cooper, Cooper S, JCW GP).<\/strong><\/p>\n<p>&nbsp;<\/p>\n<p>Wenn Sie das klassische Grau \u00e4ndern m\u00f6chten oder die Originalfarbe Ihres MINI R50, R52 oder R53 ihren Glanz verloren hat, k\u00f6nnen Sie ihm mit dieser dekorativen Verkleidung in gl\u00e4nzendem Schwarz oder im Carbon-Look neuen Schwung verleihen! Ma\u00dfgeschneidert passen die Abmessungen der Verkleidung perfekt zu dem Ring Ihres MINI Lenkrads der 1. Generation, um ein 100% originales Aussehen zu erzielen. Sie wird einfach auf dem zentralen Ring des Originallenkrads mit einem bereits vorinstallierten doppelseitigen Klebeband angebracht. Das hochwertige doppelseitige Klebeband gew\u00e4hrleistet Festigkeit und Langlebigkeit unter allen Wetterbedingungen.<\/p>\n<p>&nbsp;<\/p>\n<p>Wir bieten auch weitere Ersatzteile und passende Dekorationskits an, mit denen Sie Ihr neues Interieur komplettieren k\u00f6nnen.<\/p>\n<p>&nbsp;<\/p>\n<h2>Eigenschaften:<\/h2>\n<ul>\n<li>Farben: Gl\u00e4nzend Schwarz, Carbon-Effekt<\/li>\n<li>Material: ABS-Kunststoff<\/li>\n<li>Einfache Montage dank des hochwertigen, vorinstallierten doppelseitigen Klebebands.<\/li>\n<li>Bei kalten Temperaturen verwenden Sie einen Haartrockner, um den Kleber zu erw\u00e4rmen und die Haftung zu erh\u00f6hen.<\/li>\n<li><strong>Die Verkleidungen sind mit einer transparenten Schutzfolie versehen, die nach der Montage entfernt werden kann.<\/strong><\/li>\n<\/ul>\n<p>&nbsp;<\/p>\n<h2>Nur geeignet f\u00fcr MINI der 1. Generation mit &#8222;bombiertem&#8220; Lenkrad im Bereich des Airbags:<\/h2>\n<ul>\n<li>R50 \u2013 MINI Hatchback \u2013 2001-2006 \u2013 MINI One, One D und Cooper<\/li>\n<li>R52 \u2013 MINI Cabriolet \u2013 2004-2008 \u2013 MINI One, Cooper und Cooper S<\/li>\n<li>R53 \u2013 MINI Hatchback \u2013 2001-2006 \u2013 MINI Cooper S und Cooper S JCW GP<\/li>\n<\/ul>\n<p>&nbsp;<\/p>\n<p><img decoding=\"async\" class=\"alignnone wp-image-21911 lazyload\" data-src=\"https:\/\/custom-parts.fr\/wp-content\/uploads\/2023\/01\/Cache-bague-anneau-volant-MINI-R50-R52-R53-Noir-Brillant-ou-Carbon.jpg\" alt=\"\" width=\"500\" height=\"500\" data-srcset=\"https:\/\/custom-parts.fr\/wp-content\/uploads\/2023\/01\/Cache-bague-anneau-volant-MINI-R50-R52-R53-Noir-Brillant-ou-Carbon.jpg 500w, https:\/\/custom-parts.fr\/wp-content\/uploads\/2023\/01\/Cache-bague-anneau-volant-MINI-R50-R52-R53-Noir-Brillant-ou-Carbon-300x300.jpg 300w, https:\/\/custom-parts.fr\/wp-content\/uploads\/2023\/01\/Cache-bague-anneau-volant-MINI-R50-R52-R53-Noir-Brillant-ou-Carbon-150x150.jpg 150w, https:\/\/custom-parts.fr\/wp-content\/uploads\/2023\/01\/Cache-bague-anneau-volant-MINI-R50-R52-R53-Noir-Brillant-ou-Carbon-100x100.jpg 100w, https:\/\/custom-parts.fr\/wp-content\/uploads\/2023\/01\/Cache-bague-anneau-volant-MINI-R50-R52-R53-Noir-Brillant-ou-Carbon-48x48.jpg 48w\" data-sizes=\"(max-width: 500px) 100vw, 500px\" src=\"data:image\/svg+xml;base64,PHN2ZyB3aWR0aD0iMSIgaGVpZ2h0PSIxIiB4bWxucz0iaHR0cDovL3d3dy53My5vcmcvMjAwMC9zdmciPjwvc3ZnPg==\" style=\"--smush-placeholder-width: 500px; --smush-placeholder-aspect-ratio: 500\/500;\" \/><\/p>\n","protected":false},"excerpt":{"rendered":"<p><span style=\"color: #39991a; font-weight: 900;\">\u2713<\/span> Gestalten Sie Ihren Mini ganz nach Ihrem Geschmack!<br \/>\n<span style=\"color: #39991a; font-weight: 900;\">\u2713<\/span> Einfach zu installieren und auszutauschen<br \/>\n<span style=\"color: #39991a; font-weight: 900;\">\u2713<\/span> Perfekte Passform f\u00fcr Ihr Originalteil<\/p>\n","protected":false},"featured_media":24211,"comment_status":"open","ping_status":"closed","template":"","meta":[],"product_brand":[],"product_cat":[191,192],"product_tag":[],"class_list":{"0":"post-24998","1":"product","2":"type-product","3":"status-publish","4":"has-post-thumbnail","6":"product_cat-mini-cooper-ersatzteile-zubehoer","7":"product_cat-zubehoer-mini-cooper-r50-r52-r53","9":"first","10":"instock","11":"taxable","12":"shipping-taxable","13":"purchasable","14":"product-type-variable"},"yoast_head":"<!-- This site is optimized with the Yoast SEO plugin v27.2 - https:\/\/yoast.com\/product\/yoast-seo-wordpress\/ -->\n<title>Lenkrad-Dekoration f\u00fcr Mini R50, R52, R53 - Schwarz Gl\u00e4nzend oder Carbon<\/title>\n<meta name=\"description\" content=\"Kaufen Sie Ihren Lenkrad-Dekoration f\u00fcr Mini R50, R52, R53 - Schwarz Gl\u00e4nzend oder Carbon und alle custom BMW MINI-Zubeh\u00f6r auf Custom-Parts.fr!\" \/>\n<meta name=\"robots\" content=\"index, follow, max-snippet:-1, max-image-preview:large, max-video-preview:-1\" \/>\n<link rel=\"canonical\" href=\"https:\/\/custom-parts.fr\/de\/produkt\/cache-anneau-central-volant-mini-r50-r52-r53-1ere-gen\/\" \/>\n<meta property=\"og:locale\" content=\"de_DE\" \/>\n<meta property=\"og:type\" content=\"article\" \/>\n<meta property=\"og:title\" content=\"Lenkrad-Dekoration f\u00fcr Mini R50, R52, R53 - Schwarz Gl\u00e4nzend oder Carbon\" \/>\n<meta property=\"og:description\" content=\"Kaufen Sie Ihren Lenkrad-Dekoration f\u00fcr Mini R50, R52, R53 - Schwarz Gl\u00e4nzend oder Carbon und alle custom BMW MINI-Zubeh\u00f6r auf Custom-Parts.fr!\" \/>\n<meta property=\"og:url\" content=\"https:\/\/custom-parts.fr\/de\/produkt\/cache-anneau-central-volant-mini-r50-r52-r53-1ere-gen\/\" \/>\n<meta property=\"og:site_name\" content=\"Custom-Parts.fr\" \/>\n<meta property=\"article:modified_time\" content=\"2025-06-14T23:35:19+00:00\" \/>\n<meta property=\"og:image\" content=\"https:\/\/custom-parts.fr\/wp-content\/uploads\/2023\/01\/Cache-bague-anneau-volant-MINI-R50-R52-R53-Noir-Brillant-ou-Carbon-2.jpg\" \/>\n\t<meta property=\"og:image:width\" content=\"500\" \/>\n\t<meta property=\"og:image:height\" content=\"500\" \/>\n\t<meta property=\"og:image:type\" content=\"image\/jpeg\" \/>\n<meta name=\"twitter:card\" content=\"summary_large_image\" \/>\n<meta name=\"twitter:label1\" content=\"Gesch\u00e4tzte Lesezeit\" \/>\n\t<meta name=\"twitter:data1\" content=\"2\u00a0Minute\" \/>\n<script type=\"application\/ld+json\" class=\"yoast-schema-graph\">{\"@context\":\"https:\/\/schema.org\",\"@graph\":[{\"@type\":\"WebPage\",\"@id\":\"https:\/\/custom-parts.fr\/de\/produkt\/cache-anneau-central-volant-mini-r50-r52-r53-1ere-gen\/\",\"url\":\"https:\/\/custom-parts.fr\/de\/produkt\/cache-anneau-central-volant-mini-r50-r52-r53-1ere-gen\/\",\"name\":\"Lenkrad-Dekoration f\u00fcr Mini R50, R52, R53 - Schwarz Gl\u00e4nzend oder Carbon\",\"isPartOf\":{\"@id\":\"https:\/\/custom-parts.fr\/de\/#website\"},\"primaryImageOfPage\":{\"@id\":\"https:\/\/custom-parts.fr\/de\/produkt\/cache-anneau-central-volant-mini-r50-r52-r53-1ere-gen\/#primaryimage\"},\"image\":{\"@id\":\"https:\/\/custom-parts.fr\/de\/produkt\/cache-anneau-central-volant-mini-r50-r52-r53-1ere-gen\/#primaryimage\"},\"thumbnailUrl\":\"https:\/\/custom-parts.fr\/wp-content\/uploads\/2023\/01\/Cache-bague-anneau-volant-MINI-R50-R52-R53-Noir-Brillant-ou-Carbon-2.jpg\",\"datePublished\":\"2023-01-29T22:33:01+00:00\",\"dateModified\":\"2025-06-14T23:35:19+00:00\",\"description\":\"Kaufen Sie Ihren Lenkrad-Dekoration f\u00fcr Mini R50, R52, R53 - Schwarz Gl\u00e4nzend oder Carbon und alle custom BMW MINI-Zubeh\u00f6r auf Custom-Parts.fr!\",\"breadcrumb\":{\"@id\":\"https:\/\/custom-parts.fr\/de\/produkt\/cache-anneau-central-volant-mini-r50-r52-r53-1ere-gen\/#breadcrumb\"},\"inLanguage\":\"de\",\"potentialAction\":[{\"@type\":\"ReadAction\",\"target\":[\"https:\/\/custom-parts.fr\/de\/produkt\/cache-anneau-central-volant-mini-r50-r52-r53-1ere-gen\/\"]}]},{\"@type\":\"ImageObject\",\"inLanguage\":\"de\",\"@id\":\"https:\/\/custom-parts.fr\/de\/produkt\/cache-anneau-central-volant-mini-r50-r52-r53-1ere-gen\/#primaryimage\",\"url\":\"https:\/\/custom-parts.fr\/wp-content\/uploads\/2023\/01\/Cache-bague-anneau-volant-MINI-R50-R52-R53-Noir-Brillant-ou-Carbon-2.jpg\",\"contentUrl\":\"https:\/\/custom-parts.fr\/wp-content\/uploads\/2023\/01\/Cache-bague-anneau-volant-MINI-R50-R52-R53-Noir-Brillant-ou-Carbon-2.jpg\",\"width\":500,\"height\":500},{\"@type\":\"BreadcrumbList\",\"@id\":\"https:\/\/custom-parts.fr\/de\/produkt\/cache-anneau-central-volant-mini-r50-r52-r53-1ere-gen\/#breadcrumb\",\"itemListElement\":[{\"@type\":\"ListItem\",\"position\":1,\"name\":\"Startseite\",\"item\":\"https:\/\/custom-parts.fr\/de\/kaufen-sie-teile-und-zubehoer-fuer-mini-bmw-custom-parts-de\/\"},{\"@type\":\"ListItem\",\"position\":2,\"name\":\"Shop\",\"item\":\"https:\/\/custom-parts.fr\/de\/alle-produkte\/\"},{\"@type\":\"ListItem\",\"position\":3,\"name\":\"Lenkrad-Dekoration f\u00fcr Mini R50, R52, R53 &#8211; Schwarz Gl\u00e4nzend oder Carbon\"}]},{\"@type\":\"WebSite\",\"@id\":\"https:\/\/custom-parts.fr\/de\/#website\",\"url\":\"https:\/\/custom-parts.fr\/de\/\",\"name\":\"Custom-Parts.fr\",\"description\":\"Custom BMW MINI Ersatzteile & Zubeh\u00f6r\",\"publisher\":{\"@id\":\"https:\/\/custom-parts.fr\/de\/#organization\"},\"potentialAction\":[{\"@type\":\"SearchAction\",\"target\":{\"@type\":\"EntryPoint\",\"urlTemplate\":\"https:\/\/custom-parts.fr\/de\/?s={search_term_string}\"},\"query-input\":{\"@type\":\"PropertyValueSpecification\",\"valueRequired\":true,\"valueName\":\"search_term_string\"}}],\"inLanguage\":\"de\"},{\"@type\":\"Organization\",\"@id\":\"https:\/\/custom-parts.fr\/de\/#organization\",\"name\":\"Custom-Parts\",\"url\":\"https:\/\/custom-parts.fr\/de\/\",\"logo\":{\"@type\":\"ImageObject\",\"inLanguage\":\"de\",\"@id\":\"https:\/\/custom-parts.fr\/de\/#\/schema\/logo\/image\/\",\"url\":\"https:\/\/custom-parts.fr\/wp-content\/uploads\/2023\/01\/cropped-cropped-cropped-final-new-police-2-1-1.png\",\"contentUrl\":\"https:\/\/custom-parts.fr\/wp-content\/uploads\/2023\/01\/cropped-cropped-cropped-final-new-police-2-1-1.png\",\"width\":450,\"height\":125,\"caption\":\"Custom-Parts\"},\"image\":{\"@id\":\"https:\/\/custom-parts.fr\/de\/#\/schema\/logo\/image\/\"}}]}<\/script>\n<!-- \/ Yoast SEO plugin. -->","yoast_head_json":{"title":"Lenkrad-Dekoration f\u00fcr Mini R50, R52, R53 - Schwarz Gl\u00e4nzend oder Carbon","description":"Kaufen Sie Ihren Lenkrad-Dekoration f\u00fcr Mini R50, R52, R53 - Schwarz Gl\u00e4nzend oder Carbon und alle custom BMW MINI-Zubeh\u00f6r auf Custom-Parts.fr!","robots":{"index":"index","follow":"follow","max-snippet":"max-snippet:-1","max-image-preview":"max-image-preview:large","max-video-preview":"max-video-preview:-1"},"canonical":"https:\/\/custom-parts.fr\/de\/produkt\/cache-anneau-central-volant-mini-r50-r52-r53-1ere-gen\/","og_locale":"de_DE","og_type":"article","og_title":"Lenkrad-Dekoration f\u00fcr Mini R50, R52, R53 - Schwarz Gl\u00e4nzend oder Carbon","og_description":"Kaufen Sie Ihren Lenkrad-Dekoration f\u00fcr Mini R50, R52, R53 - Schwarz Gl\u00e4nzend oder Carbon und alle custom BMW MINI-Zubeh\u00f6r auf Custom-Parts.fr!","og_url":"https:\/\/custom-parts.fr\/de\/produkt\/cache-anneau-central-volant-mini-r50-r52-r53-1ere-gen\/","og_site_name":"Custom-Parts.fr","article_modified_time":"2025-06-14T23:35:19+00:00","og_image":[{"width":500,"height":500,"url":"https:\/\/custom-parts.fr\/wp-content\/uploads\/2023\/01\/Cache-bague-anneau-volant-MINI-R50-R52-R53-Noir-Brillant-ou-Carbon-2.jpg","type":"image\/jpeg"}],"twitter_card":"summary_large_image","twitter_misc":{"Gesch\u00e4tzte Lesezeit":"2\u00a0Minute"},"schema":{"@context":"https:\/\/schema.org","@graph":[{"@type":"WebPage","@id":"https:\/\/custom-parts.fr\/de\/produkt\/cache-anneau-central-volant-mini-r50-r52-r53-1ere-gen\/","url":"https:\/\/custom-parts.fr\/de\/produkt\/cache-anneau-central-volant-mini-r50-r52-r53-1ere-gen\/","name":"Lenkrad-Dekoration f\u00fcr Mini R50, R52, R53 - Schwarz Gl\u00e4nzend oder Carbon","isPartOf":{"@id":"https:\/\/custom-parts.fr\/de\/#website"},"primaryImageOfPage":{"@id":"https:\/\/custom-parts.fr\/de\/produkt\/cache-anneau-central-volant-mini-r50-r52-r53-1ere-gen\/#primaryimage"},"image":{"@id":"https:\/\/custom-parts.fr\/de\/produkt\/cache-anneau-central-volant-mini-r50-r52-r53-1ere-gen\/#primaryimage"},"thumbnailUrl":"https:\/\/custom-parts.fr\/wp-content\/uploads\/2023\/01\/Cache-bague-anneau-volant-MINI-R50-R52-R53-Noir-Brillant-ou-Carbon-2.jpg","datePublished":"2023-01-29T22:33:01+00:00","dateModified":"2025-06-14T23:35:19+00:00","description":"Kaufen Sie Ihren Lenkrad-Dekoration f\u00fcr Mini R50, R52, R53 - Schwarz Gl\u00e4nzend oder Carbon und alle custom BMW MINI-Zubeh\u00f6r auf Custom-Parts.fr!","breadcrumb":{"@id":"https:\/\/custom-parts.fr\/de\/produkt\/cache-anneau-central-volant-mini-r50-r52-r53-1ere-gen\/#breadcrumb"},"inLanguage":"de","potentialAction":[{"@type":"ReadAction","target":["https:\/\/custom-parts.fr\/de\/produkt\/cache-anneau-central-volant-mini-r50-r52-r53-1ere-gen\/"]}]},{"@type":"ImageObject","inLanguage":"de","@id":"https:\/\/custom-parts.fr\/de\/produkt\/cache-anneau-central-volant-mini-r50-r52-r53-1ere-gen\/#primaryimage","url":"https:\/\/custom-parts.fr\/wp-content\/uploads\/2023\/01\/Cache-bague-anneau-volant-MINI-R50-R52-R53-Noir-Brillant-ou-Carbon-2.jpg","contentUrl":"https:\/\/custom-parts.fr\/wp-content\/uploads\/2023\/01\/Cache-bague-anneau-volant-MINI-R50-R52-R53-Noir-Brillant-ou-Carbon-2.jpg","width":500,"height":500},{"@type":"BreadcrumbList","@id":"https:\/\/custom-parts.fr\/de\/produkt\/cache-anneau-central-volant-mini-r50-r52-r53-1ere-gen\/#breadcrumb","itemListElement":[{"@type":"ListItem","position":1,"name":"Startseite","item":"https:\/\/custom-parts.fr\/de\/kaufen-sie-teile-und-zubehoer-fuer-mini-bmw-custom-parts-de\/"},{"@type":"ListItem","position":2,"name":"Shop","item":"https:\/\/custom-parts.fr\/de\/alle-produkte\/"},{"@type":"ListItem","position":3,"name":"Lenkrad-Dekoration f\u00fcr Mini R50, R52, R53 &#8211; Schwarz Gl\u00e4nzend oder Carbon"}]},{"@type":"WebSite","@id":"https:\/\/custom-parts.fr\/de\/#website","url":"https:\/\/custom-parts.fr\/de\/","name":"Custom-Parts.fr","description":"Custom BMW MINI Ersatzteile & Zubeh\u00f6r","publisher":{"@id":"https:\/\/custom-parts.fr\/de\/#organization"},"potentialAction":[{"@type":"SearchAction","target":{"@type":"EntryPoint","urlTemplate":"https:\/\/custom-parts.fr\/de\/?s={search_term_string}"},"query-input":{"@type":"PropertyValueSpecification","valueRequired":true,"valueName":"search_term_string"}}],"inLanguage":"de"},{"@type":"Organization","@id":"https:\/\/custom-parts.fr\/de\/#organization","name":"Custom-Parts","url":"https:\/\/custom-parts.fr\/de\/","logo":{"@type":"ImageObject","inLanguage":"de","@id":"https:\/\/custom-parts.fr\/de\/#\/schema\/logo\/image\/","url":"https:\/\/custom-parts.fr\/wp-content\/uploads\/2023\/01\/cropped-cropped-cropped-final-new-police-2-1-1.png","contentUrl":"https:\/\/custom-parts.fr\/wp-content\/uploads\/2023\/01\/cropped-cropped-cropped-final-new-police-2-1-1.png","width":450,"height":125,"caption":"Custom-Parts"},"image":{"@id":"https:\/\/custom-parts.fr\/de\/#\/schema\/logo\/image\/"}}]}},"_links":{"self":[{"href":"https:\/\/custom-parts.fr\/de\/wp-json\/wp\/v2\/product\/24998","targetHints":{"allow":["GET"]}}],"collection":[{"href":"https:\/\/custom-parts.fr\/de\/wp-json\/wp\/v2\/product"}],"about":[{"href":"https:\/\/custom-parts.fr\/de\/wp-json\/wp\/v2\/types\/product"}],"replies":[{"embeddable":true,"href":"https:\/\/custom-parts.fr\/de\/wp-json\/wp\/v2\/comments?post=24998"}],"wp:featuredmedia":[{"embeddable":true,"href":"https:\/\/custom-parts.fr\/de\/wp-json\/wp\/v2\/media\/24211"}],"wp:attachment":[{"href":"https:\/\/custom-parts.fr\/de\/wp-json\/wp\/v2\/media?parent=24998"}],"wp:term":[{"taxonomy":"product_brand","embeddable":true,"href":"https:\/\/custom-parts.fr\/de\/wp-json\/wp\/v2\/product_brand?post=24998"},{"taxonomy":"product_cat","embeddable":true,"href":"https:\/\/custom-parts.fr\/de\/wp-json\/wp\/v2\/product_cat?post=24998"},{"taxonomy":"product_tag","embeddable":true,"href":"https:\/\/custom-parts.fr\/de\/wp-json\/wp\/v2\/product_tag?post=24998"}],"curies":[{"name":"wp","href":"https:\/\/api.w.org\/{rel}","templated":true}]}}