{"id":25001,"date":"2022-04-09T23:55:46","date_gmt":"2022-04-09T21:55:46","guid":{"rendered":"https:\/\/custom-parts.fr\/produit\/cerclages-decoratifs-enceintes-mini-cooper-f55-f56-f57\/"},"modified":"2025-06-15T03:47:19","modified_gmt":"2025-06-15T01:47:19","slug":"cerclages-decoratifs-enceintes-mini-cooper-f55-f56-f57","status":"publish","type":"product","link":"https:\/\/custom-parts.fr\/de\/produkt\/cerclages-decoratifs-enceintes-mini-cooper-f55-f56-f57\/","title":{"rendered":"Lautsprecher-Ringe f\u00fcr Mini Cooper F55 F56 F57"},"content":{"rendered":"<p><strong>Dekorative Verkleidungen f\u00fcr Lautsprecher MINI Cooper F55 F56 F57<\/strong><\/p>\n<p>&nbsp;<\/p>\n<p>Diese ma\u00dfgefertigten Verkleidungen, die perfekt auf die Originallautsprecher Ihrer MINI der 3. Generation abgestimmt sind, verleihen Ihrem Fahrzeug im Handumdrehen einen neuen Look! Sie werden direkt auf den Rand der Originallautsprecher mit einem hochwertigen doppelseitigen Klebeband aufgebracht. Das ultrad\u00fcnne, ma\u00dfgeschneiderte Kunststoffmaterial passt perfekt um die Lautsprecher und sorgt daf\u00fcr, dass das Erscheinungsbild dem Original entspricht.  <\/p>\n<p>&nbsp;<\/p>\n<h2>Eigenschaften:<\/h2>\n<ul>\n<li>Material: Hochwertiger flexibler ABS-Kunststoff<\/li>\n<li>Ma\u00dfgeschneidert f\u00fcr eine Optik wie beim Original nach der Montage.<\/li>\n<li>Einfach zu montieren dank des vorinstallierten doppelseitigen Klebebands. Die hohe Klebkraft garantiert jahrelange Haltbarkeit und Widerstandsf\u00e4higkeit gegen alle Wetterbedingungen. <\/li>\n<li>Bei kalten Temperaturen verwenden Sie einen F\u00f6hn, um den Kleber zu erw\u00e4rmen und die Haftung zu verbessern.<\/li>\n<li>Verf\u00fcgbare Farben: Hochgl\u00e4nzend Schwarz, Carbon-Optik, Hochgl\u00e4nzend Rot<\/li>\n<\/ul>\n<p>&nbsp;<\/p>\n<h2>Geeignet f\u00fcr :<\/h2>\n<ul>\n<li>MINI 5-T\u00fcrer F55, Cooper S F55 \u2013 2015 bis heute<\/li>\n<li>MINI 3-T\u00fcrer F56, Cooper S F56 \u2013 2014 bis heute<\/li>\n<li>MINI Cabrio F57, Cooper S Cabrio F57 \u2013 2016 bis heute<\/li>\n<\/ul>\n<p>&nbsp;<\/p>\n<p><strong>Hinweis: Die Verkleidungen sind mit einer transparenten Schutzfolie versehen, die nach der Montage entfernt werden muss. Die Schutzfolie kann die tats\u00e4chliche Farbe der in den Produktbeschreibungen angezeigten Fotos beeinflussen. Die Verkleidungen haben nach dem Entfernen der Schutzfolien immer eine gl\u00e4nzende Oberfl\u00e4che, es sei denn, es wird etwas anderes angegeben.  <\/strong><\/p>\n<p>&nbsp;<\/p>\n<p><img decoding=\"async\" class=\"alignnone wp-image-22116 size-full lazyload\" data-src=\"https:\/\/custom-parts.fr\/wp-content\/uploads\/2023\/04\/Cerclages-decoratifs-Enceintes-MINI-Cooper-F55-F56-F57-4.jpg\" alt=\"\" width=\"500\" height=\"500\" data-srcset=\"https:\/\/custom-parts.fr\/wp-content\/uploads\/2023\/04\/Cerclages-decoratifs-Enceintes-MINI-Cooper-F55-F56-F57-4.jpg 500w, https:\/\/custom-parts.fr\/wp-content\/uploads\/2023\/04\/Cerclages-decoratifs-Enceintes-MINI-Cooper-F55-F56-F57-4-300x300.jpg 300w, https:\/\/custom-parts.fr\/wp-content\/uploads\/2023\/04\/Cerclages-decoratifs-Enceintes-MINI-Cooper-F55-F56-F57-4-150x150.jpg 150w, https:\/\/custom-parts.fr\/wp-content\/uploads\/2023\/04\/Cerclages-decoratifs-Enceintes-MINI-Cooper-F55-F56-F57-4-100x100.jpg 100w, https:\/\/custom-parts.fr\/wp-content\/uploads\/2023\/04\/Cerclages-decoratifs-Enceintes-MINI-Cooper-F55-F56-F57-4-48x48.jpg 48w\" data-sizes=\"(max-width: 500px) 100vw, 500px\" src=\"data:image\/svg+xml;base64,PHN2ZyB3aWR0aD0iMSIgaGVpZ2h0PSIxIiB4bWxucz0iaHR0cDovL3d3dy53My5vcmcvMjAwMC9zdmciPjwvc3ZnPg==\" style=\"--smush-placeholder-width: 500px; --smush-placeholder-aspect-ratio: 500\/500;\" \/><\/p>\n<p><img decoding=\"async\" class=\"alignnone wp-image-22119 size-full lazyload\" data-src=\"https:\/\/custom-parts.fr\/wp-content\/uploads\/2023\/04\/Cerclages-denceintes-MINI-Cooper-F55-F56-F57.jpg\" alt=\"\" width=\"500\" height=\"500\" data-srcset=\"https:\/\/custom-parts.fr\/wp-content\/uploads\/2023\/04\/Cerclages-denceintes-MINI-Cooper-F55-F56-F57.jpg 500w, https:\/\/custom-parts.fr\/wp-content\/uploads\/2023\/04\/Cerclages-denceintes-MINI-Cooper-F55-F56-F57-300x300.jpg 300w, https:\/\/custom-parts.fr\/wp-content\/uploads\/2023\/04\/Cerclages-denceintes-MINI-Cooper-F55-F56-F57-150x150.jpg 150w, https:\/\/custom-parts.fr\/wp-content\/uploads\/2023\/04\/Cerclages-denceintes-MINI-Cooper-F55-F56-F57-100x100.jpg 100w, https:\/\/custom-parts.fr\/wp-content\/uploads\/2023\/04\/Cerclages-denceintes-MINI-Cooper-F55-F56-F57-48x48.jpg 48w\" data-sizes=\"(max-width: 500px) 100vw, 500px\" src=\"data:image\/svg+xml;base64,PHN2ZyB3aWR0aD0iMSIgaGVpZ2h0PSIxIiB4bWxucz0iaHR0cDovL3d3dy53My5vcmcvMjAwMC9zdmciPjwvc3ZnPg==\" style=\"--smush-placeholder-width: 500px; --smush-placeholder-aspect-ratio: 500\/500;\" \/><\/p>\n<p>&nbsp;<\/p>\n<p>&nbsp;<\/p>\n","protected":false},"excerpt":{"rendered":"<p><span style=\"color: #39991a; font-weight: 900;\">\u2713<\/span> Gestalten Sie Ihren Mini ganz nach Ihrem Geschmack!<br \/>\n<span style=\"color: #39991a; font-weight: 900;\">\u2713<\/span> Einfach zu installieren und auszutauschen<br \/>\n<span style=\"color: #39991a; font-weight: 900;\">\u2713<\/span> Perfekte Passform f\u00fcr Ihr Originalteil<\/p>\n","protected":false},"featured_media":24271,"comment_status":"open","ping_status":"closed","template":"","meta":[],"product_brand":[],"product_cat":[191,198,197],"product_tag":[],"class_list":{"0":"post-25001","1":"product","2":"type-product","3":"status-publish","4":"has-post-thumbnail","6":"product_cat-mini-cooper-ersatzteile-zubehoer","7":"product_cat-ersatzteilen-zubehor-mini-3-gen","8":"product_cat-interieur-zubehor-fur-mini-3-gen","10":"first","11":"instock","12":"taxable","13":"shipping-taxable","14":"purchasable","15":"product-type-variable"},"yoast_head":"<!-- This site is optimized with the Yoast SEO plugin v27.2 - https:\/\/yoast.com\/product\/yoast-seo-wordpress\/ -->\n<title>Lautsprecher-Ringe f\u00fcr Mini Cooper F55 F56 F57<\/title>\n<meta name=\"description\" content=\"Kaufen Sie Ihren Lautsprecher-Ringe f\u00fcr Mini Cooper F55 F56 F57 und all Ihr Custom-Zubeh\u00f6r f\u00fcr BMW MINI online!\" \/>\n<meta name=\"robots\" content=\"index, follow, max-snippet:-1, max-image-preview:large, max-video-preview:-1\" \/>\n<link rel=\"canonical\" href=\"https:\/\/custom-parts.fr\/de\/produkt\/cerclages-decoratifs-enceintes-mini-cooper-f55-f56-f57\/\" \/>\n<meta property=\"og:locale\" content=\"de_DE\" \/>\n<meta property=\"og:type\" content=\"article\" \/>\n<meta property=\"og:title\" content=\"Lautsprecher-Ringe f\u00fcr Mini Cooper F55 F56 F57\" \/>\n<meta property=\"og:description\" content=\"Kaufen Sie Ihren Lautsprecher-Ringe f\u00fcr Mini Cooper F55 F56 F57 und all Ihr Custom-Zubeh\u00f6r f\u00fcr BMW MINI online!\" \/>\n<meta property=\"og:url\" content=\"https:\/\/custom-parts.fr\/de\/produkt\/cerclages-decoratifs-enceintes-mini-cooper-f55-f56-f57\/\" \/>\n<meta property=\"og:site_name\" content=\"Custom-Parts.fr\" \/>\n<meta property=\"article:modified_time\" content=\"2025-06-15T01:47:19+00:00\" \/>\n<meta property=\"og:image\" content=\"https:\/\/custom-parts.fr\/wp-content\/uploads\/2023\/04\/Cerclages-decoratifs-Enceintes-MINI-Cooper-F55-F56-F57-3.jpg\" \/>\n\t<meta property=\"og:image:width\" content=\"500\" \/>\n\t<meta property=\"og:image:height\" content=\"500\" \/>\n\t<meta property=\"og:image:type\" content=\"image\/jpeg\" \/>\n<meta name=\"twitter:card\" content=\"summary_large_image\" \/>\n<meta name=\"twitter:label1\" content=\"Gesch\u00e4tzte Lesezeit\" \/>\n\t<meta name=\"twitter:data1\" content=\"2\u00a0Minute\" \/>\n<script type=\"application\/ld+json\" class=\"yoast-schema-graph\">{\"@context\":\"https:\/\/schema.org\",\"@graph\":[{\"@type\":\"WebPage\",\"@id\":\"https:\/\/custom-parts.fr\/de\/produkt\/cerclages-decoratifs-enceintes-mini-cooper-f55-f56-f57\/\",\"url\":\"https:\/\/custom-parts.fr\/de\/produkt\/cerclages-decoratifs-enceintes-mini-cooper-f55-f56-f57\/\",\"name\":\"Lautsprecher-Ringe f\u00fcr Mini Cooper F55 F56 F57\",\"isPartOf\":{\"@id\":\"https:\/\/custom-parts.fr\/de\/#website\"},\"primaryImageOfPage\":{\"@id\":\"https:\/\/custom-parts.fr\/de\/produkt\/cerclages-decoratifs-enceintes-mini-cooper-f55-f56-f57\/#primaryimage\"},\"image\":{\"@id\":\"https:\/\/custom-parts.fr\/de\/produkt\/cerclages-decoratifs-enceintes-mini-cooper-f55-f56-f57\/#primaryimage\"},\"thumbnailUrl\":\"https:\/\/custom-parts.fr\/wp-content\/uploads\/2023\/04\/Cerclages-decoratifs-Enceintes-MINI-Cooper-F55-F56-F57-3.jpg\",\"datePublished\":\"2022-04-09T21:55:46+00:00\",\"dateModified\":\"2025-06-15T01:47:19+00:00\",\"description\":\"Kaufen Sie Ihren Lautsprecher-Ringe f\u00fcr Mini Cooper F55 F56 F57 und all Ihr Custom-Zubeh\u00f6r f\u00fcr BMW MINI online!\",\"breadcrumb\":{\"@id\":\"https:\/\/custom-parts.fr\/de\/produkt\/cerclages-decoratifs-enceintes-mini-cooper-f55-f56-f57\/#breadcrumb\"},\"inLanguage\":\"de\",\"potentialAction\":[{\"@type\":\"ReadAction\",\"target\":[\"https:\/\/custom-parts.fr\/de\/produkt\/cerclages-decoratifs-enceintes-mini-cooper-f55-f56-f57\/\"]}]},{\"@type\":\"ImageObject\",\"inLanguage\":\"de\",\"@id\":\"https:\/\/custom-parts.fr\/de\/produkt\/cerclages-decoratifs-enceintes-mini-cooper-f55-f56-f57\/#primaryimage\",\"url\":\"https:\/\/custom-parts.fr\/wp-content\/uploads\/2023\/04\/Cerclages-decoratifs-Enceintes-MINI-Cooper-F55-F56-F57-3.jpg\",\"contentUrl\":\"https:\/\/custom-parts.fr\/wp-content\/uploads\/2023\/04\/Cerclages-decoratifs-Enceintes-MINI-Cooper-F55-F56-F57-3.jpg\",\"width\":500,\"height\":500},{\"@type\":\"BreadcrumbList\",\"@id\":\"https:\/\/custom-parts.fr\/de\/produkt\/cerclages-decoratifs-enceintes-mini-cooper-f55-f56-f57\/#breadcrumb\",\"itemListElement\":[{\"@type\":\"ListItem\",\"position\":1,\"name\":\"Startseite\",\"item\":\"https:\/\/custom-parts.fr\/de\/kaufen-sie-teile-und-zubehoer-fuer-mini-bmw-custom-parts-de\/\"},{\"@type\":\"ListItem\",\"position\":2,\"name\":\"Shop\",\"item\":\"https:\/\/custom-parts.fr\/de\/alle-produkte\/\"},{\"@type\":\"ListItem\",\"position\":3,\"name\":\"Lautsprecher-Ringe f\u00fcr Mini Cooper F55 F56 F57\"}]},{\"@type\":\"WebSite\",\"@id\":\"https:\/\/custom-parts.fr\/de\/#website\",\"url\":\"https:\/\/custom-parts.fr\/de\/\",\"name\":\"Custom-Parts.fr\",\"description\":\"Custom BMW MINI Ersatzteile & Zubeh\u00f6r\",\"publisher\":{\"@id\":\"https:\/\/custom-parts.fr\/de\/#organization\"},\"potentialAction\":[{\"@type\":\"SearchAction\",\"target\":{\"@type\":\"EntryPoint\",\"urlTemplate\":\"https:\/\/custom-parts.fr\/de\/?s={search_term_string}\"},\"query-input\":{\"@type\":\"PropertyValueSpecification\",\"valueRequired\":true,\"valueName\":\"search_term_string\"}}],\"inLanguage\":\"de\"},{\"@type\":\"Organization\",\"@id\":\"https:\/\/custom-parts.fr\/de\/#organization\",\"name\":\"Custom-Parts\",\"url\":\"https:\/\/custom-parts.fr\/de\/\",\"logo\":{\"@type\":\"ImageObject\",\"inLanguage\":\"de\",\"@id\":\"https:\/\/custom-parts.fr\/de\/#\/schema\/logo\/image\/\",\"url\":\"https:\/\/custom-parts.fr\/wp-content\/uploads\/2023\/01\/cropped-cropped-cropped-final-new-police-2-1-1.png\",\"contentUrl\":\"https:\/\/custom-parts.fr\/wp-content\/uploads\/2023\/01\/cropped-cropped-cropped-final-new-police-2-1-1.png\",\"width\":450,\"height\":125,\"caption\":\"Custom-Parts\"},\"image\":{\"@id\":\"https:\/\/custom-parts.fr\/de\/#\/schema\/logo\/image\/\"}}]}<\/script>\n<!-- \/ Yoast SEO plugin. -->","yoast_head_json":{"title":"Lautsprecher-Ringe f\u00fcr Mini Cooper F55 F56 F57","description":"Kaufen Sie Ihren Lautsprecher-Ringe f\u00fcr Mini Cooper F55 F56 F57 und all Ihr Custom-Zubeh\u00f6r f\u00fcr BMW MINI online!","robots":{"index":"index","follow":"follow","max-snippet":"max-snippet:-1","max-image-preview":"max-image-preview:large","max-video-preview":"max-video-preview:-1"},"canonical":"https:\/\/custom-parts.fr\/de\/produkt\/cerclages-decoratifs-enceintes-mini-cooper-f55-f56-f57\/","og_locale":"de_DE","og_type":"article","og_title":"Lautsprecher-Ringe f\u00fcr Mini Cooper F55 F56 F57","og_description":"Kaufen Sie Ihren Lautsprecher-Ringe f\u00fcr Mini Cooper F55 F56 F57 und all Ihr Custom-Zubeh\u00f6r f\u00fcr BMW MINI online!","og_url":"https:\/\/custom-parts.fr\/de\/produkt\/cerclages-decoratifs-enceintes-mini-cooper-f55-f56-f57\/","og_site_name":"Custom-Parts.fr","article_modified_time":"2025-06-15T01:47:19+00:00","og_image":[{"width":500,"height":500,"url":"https:\/\/custom-parts.fr\/wp-content\/uploads\/2023\/04\/Cerclages-decoratifs-Enceintes-MINI-Cooper-F55-F56-F57-3.jpg","type":"image\/jpeg"}],"twitter_card":"summary_large_image","twitter_misc":{"Gesch\u00e4tzte Lesezeit":"2\u00a0Minute"},"schema":{"@context":"https:\/\/schema.org","@graph":[{"@type":"WebPage","@id":"https:\/\/custom-parts.fr\/de\/produkt\/cerclages-decoratifs-enceintes-mini-cooper-f55-f56-f57\/","url":"https:\/\/custom-parts.fr\/de\/produkt\/cerclages-decoratifs-enceintes-mini-cooper-f55-f56-f57\/","name":"Lautsprecher-Ringe f\u00fcr Mini Cooper F55 F56 F57","isPartOf":{"@id":"https:\/\/custom-parts.fr\/de\/#website"},"primaryImageOfPage":{"@id":"https:\/\/custom-parts.fr\/de\/produkt\/cerclages-decoratifs-enceintes-mini-cooper-f55-f56-f57\/#primaryimage"},"image":{"@id":"https:\/\/custom-parts.fr\/de\/produkt\/cerclages-decoratifs-enceintes-mini-cooper-f55-f56-f57\/#primaryimage"},"thumbnailUrl":"https:\/\/custom-parts.fr\/wp-content\/uploads\/2023\/04\/Cerclages-decoratifs-Enceintes-MINI-Cooper-F55-F56-F57-3.jpg","datePublished":"2022-04-09T21:55:46+00:00","dateModified":"2025-06-15T01:47:19+00:00","description":"Kaufen Sie Ihren Lautsprecher-Ringe f\u00fcr Mini Cooper F55 F56 F57 und all Ihr Custom-Zubeh\u00f6r f\u00fcr BMW MINI online!","breadcrumb":{"@id":"https:\/\/custom-parts.fr\/de\/produkt\/cerclages-decoratifs-enceintes-mini-cooper-f55-f56-f57\/#breadcrumb"},"inLanguage":"de","potentialAction":[{"@type":"ReadAction","target":["https:\/\/custom-parts.fr\/de\/produkt\/cerclages-decoratifs-enceintes-mini-cooper-f55-f56-f57\/"]}]},{"@type":"ImageObject","inLanguage":"de","@id":"https:\/\/custom-parts.fr\/de\/produkt\/cerclages-decoratifs-enceintes-mini-cooper-f55-f56-f57\/#primaryimage","url":"https:\/\/custom-parts.fr\/wp-content\/uploads\/2023\/04\/Cerclages-decoratifs-Enceintes-MINI-Cooper-F55-F56-F57-3.jpg","contentUrl":"https:\/\/custom-parts.fr\/wp-content\/uploads\/2023\/04\/Cerclages-decoratifs-Enceintes-MINI-Cooper-F55-F56-F57-3.jpg","width":500,"height":500},{"@type":"BreadcrumbList","@id":"https:\/\/custom-parts.fr\/de\/produkt\/cerclages-decoratifs-enceintes-mini-cooper-f55-f56-f57\/#breadcrumb","itemListElement":[{"@type":"ListItem","position":1,"name":"Startseite","item":"https:\/\/custom-parts.fr\/de\/kaufen-sie-teile-und-zubehoer-fuer-mini-bmw-custom-parts-de\/"},{"@type":"ListItem","position":2,"name":"Shop","item":"https:\/\/custom-parts.fr\/de\/alle-produkte\/"},{"@type":"ListItem","position":3,"name":"Lautsprecher-Ringe f\u00fcr Mini Cooper F55 F56 F57"}]},{"@type":"WebSite","@id":"https:\/\/custom-parts.fr\/de\/#website","url":"https:\/\/custom-parts.fr\/de\/","name":"Custom-Parts.fr","description":"Custom BMW MINI Ersatzteile & Zubeh\u00f6r","publisher":{"@id":"https:\/\/custom-parts.fr\/de\/#organization"},"potentialAction":[{"@type":"SearchAction","target":{"@type":"EntryPoint","urlTemplate":"https:\/\/custom-parts.fr\/de\/?s={search_term_string}"},"query-input":{"@type":"PropertyValueSpecification","valueRequired":true,"valueName":"search_term_string"}}],"inLanguage":"de"},{"@type":"Organization","@id":"https:\/\/custom-parts.fr\/de\/#organization","name":"Custom-Parts","url":"https:\/\/custom-parts.fr\/de\/","logo":{"@type":"ImageObject","inLanguage":"de","@id":"https:\/\/custom-parts.fr\/de\/#\/schema\/logo\/image\/","url":"https:\/\/custom-parts.fr\/wp-content\/uploads\/2023\/01\/cropped-cropped-cropped-final-new-police-2-1-1.png","contentUrl":"https:\/\/custom-parts.fr\/wp-content\/uploads\/2023\/01\/cropped-cropped-cropped-final-new-police-2-1-1.png","width":450,"height":125,"caption":"Custom-Parts"},"image":{"@id":"https:\/\/custom-parts.fr\/de\/#\/schema\/logo\/image\/"}}]}},"_links":{"self":[{"href":"https:\/\/custom-parts.fr\/de\/wp-json\/wp\/v2\/product\/25001","targetHints":{"allow":["GET"]}}],"collection":[{"href":"https:\/\/custom-parts.fr\/de\/wp-json\/wp\/v2\/product"}],"about":[{"href":"https:\/\/custom-parts.fr\/de\/wp-json\/wp\/v2\/types\/product"}],"replies":[{"embeddable":true,"href":"https:\/\/custom-parts.fr\/de\/wp-json\/wp\/v2\/comments?post=25001"}],"wp:featuredmedia":[{"embeddable":true,"href":"https:\/\/custom-parts.fr\/de\/wp-json\/wp\/v2\/media\/24271"}],"wp:attachment":[{"href":"https:\/\/custom-parts.fr\/de\/wp-json\/wp\/v2\/media?parent=25001"}],"wp:term":[{"taxonomy":"product_brand","embeddable":true,"href":"https:\/\/custom-parts.fr\/de\/wp-json\/wp\/v2\/product_brand?post=25001"},{"taxonomy":"product_cat","embeddable":true,"href":"https:\/\/custom-parts.fr\/de\/wp-json\/wp\/v2\/product_cat?post=25001"},{"taxonomy":"product_tag","embeddable":true,"href":"https:\/\/custom-parts.fr\/de\/wp-json\/wp\/v2\/product_tag?post=25001"}],"curies":[{"name":"wp","href":"https:\/\/api.w.org\/{rel}","templated":true}]}}